

{"id":10990,"date":"2019-10-28T17:43:27","date_gmt":"2019-10-28T16:43:27","guid":{"rendered":"https:\/\/www.mon-cintre.com\/masgeschneidert\/"},"modified":"2026-02-16T15:48:18","modified_gmt":"2026-02-16T14:48:18","slug":"masgeschneidert","status":"publish","type":"page","link":"https:\/\/www.mon-cintre.com\/de\/masgeschneidert\/","title":{"rendered":"Ma\u00dfgeschneiderte Kleiderb\u00fcgel"},"content":{"rendered":"<div class=\"wpb-content-wrapper\"><p>[vc_row css=&#8221;.vc_custom_1573574361109{margin-top: 150px !important;margin-bottom: 0px !important;}&#8221;][vc_column width=&#8221;1\/6&#8243;][\/vc_column][vc_column width=&#8221;2\/3&#8243;][vc_column_text css=&#8221;&#8221;]<\/p>\n<h1 class=\"brick_cust_title\">IHRE MA\u00dfGESCHNEIDERTE KLEIDERB\u00dcGEL<\/h1>\n<div class=\"brick_cust_subtitle\">Sind Sie ein Profi auf der Suche nach individuell gestalteten Kleiderb\u00fcgeln f\u00fcr Ihre Marke, Hotels oder andere Projekte? Kontaktieren Sie uns f\u00fcr weitere Informationen zu Preisen, Mindestbestellmengen und unseren Gesch\u00e4ftsbedingungen, kontaktieren Sie uns unter dieser Adresse: <a href=\"mailto:sur-mesure@mon-cintre. com \"><span style=\"color: #993366;\">sur-mesure@mon-cintre.com<\/span><\/a><\/div>\n<div>*Ab 250 Kleiderb\u00fcgeln<\/div>\n<p>[\/vc_column_text][\/vc_column][vc_column width=&#8221;1\/6&#8243;][\/vc_column][\/vc_row][vc_row css=&#8221;.vc_custom_1576679332905{padding-right: 10% !important;padding-left: 10% !important;background-color: #ffffff !important;}&#8221;][vc_column][vc_row_inner css=&#8221;.vc_custom_1581415162046{padding-right: 0px !important;background-color: #ffffff !important;}&#8221;][vc_column_inner width=&#8221;2\/3&#8243; css=&#8221;.vc_custom_1576680502973{padding-right: 5% !important;padding-left: 0px !important;background-color: #ffffff !important;}&#8221;][vc_column_text css=&#8221;.vc_custom_1771253296054{padding-left: 5% !important;}&#8221;]<\/p>\n<div class=\"brick_cust_subtitle\">W\u00c4HLEN SIE IHREN STIL<\/div>\n<h3 class=\"brick_cust_title\"><span class=\"vibrant_color\">Materialien &amp; Farben<br \/>\nHolz, Gebeiztes Holz, Acryl usw.<\/span><\/h3>\n<div class=\"brick_cust_desc\">\n<p>Gestalten Sie Ihre Kleiderb\u00fcgel ganz nach Ihrem Markenimage: W\u00e4hlen Sie Design, Material und Farben. Wir setzen Ihre Vision um.<\/p>\n<p>Unsere 30-j\u00e4hrige Erfahrung als Kleiderb\u00fcgelhersteller und -experten ist ein wertvoller Vorteil bei der Auswahl der optimalen Kleiderb\u00fcgel f\u00fcr Ihre Bed\u00fcrfnisse.<\/p>\n<\/div>\n<p>[\/vc_column_text][vc_single_image image=&#8221;17651&#8243; img_size=&#8221;full&#8221;][\/vc_column_inner][vc_column_inner width=&#8221;1\/3&#8243; css=&#8221;.vc_custom_1576679489633{padding-right: 0px !important;padding-left: 0px !important;}&#8221;][vc_single_image image=&#8221;14778&#8243; img_size=&#8221;full&#8221;][vc_column_text]<\/p>\n<div class=\"brick_cust_subtitle\">Wir raten Ihnen<\/div>\n<h3 class=\"brick_cust_title\"><span class=\"vibrant_color\">Gestalten &amp;<br \/>\n\u00c4sthetisch<\/span><\/h3>\n<div class=\"brick_cust_desc\">Die Form des Kleiderb\u00fcgels ist f\u00fcr die Art der Kleidung, f\u00fcr die er bestimmt ist, ebenso wichtig wie f\u00fcr die \u00c4sthetik des Verbandes oder der BOUTIQUE, wo er stattfinden wird. Wir k\u00f6nnen Sie \u00fcber die Wahl der Form, Abmessungen und Optionen gem\u00e4\u00df Ihren Anforderungen beraten.<\/div>\n<p>[\/vc_column_text][\/vc_column_inner][\/vc_row_inner][vc_row_inner][vc_column_inner width=&#8221;1\/3&#8243;][vc_column_text css=&#8221;&#8221;]<\/p>\n<div class=\"brick_cust_subtitle\">Perfektion steckt im Detail<\/div>\n<h3 class=\"brick_cust_title\">Anpassen<br \/>\ndeine Kleiderb\u00fcgel<\/h3>\n<div class=\"brick_cust_desc\">DIE INITIALS ODER DAS LOGO SIND DIE ENDG\u00dcLTIGE BER\u00dcHRUNG DES CUSTOM HANGER. DIE M\u00d6GLICHKEITEN SIND VIELE, VOM EINFACHEN PADDRUCK, DURCH EINE GEZEICHNETE KENNZEICHNUNG AUF LEDER, UND AUCH BIS ZU DEN IM HOLZ ENTHALTENEN METALLBUCHSTABEN FINDEN SIE IHREN STIL.<\/div>\n<div class=\"brick_cust_desc\">W\u00c4HLEN SIE AUCH DIE FORM UND FARBE DES HAKENS, UM ES IHREM GESCHMACK ZU PASSEN.<\/div>\n<p>[\/vc_column_text][\/vc_column_inner][vc_column_inner width=&#8221;1\/3&#8243;][vc_single_image image=&#8221;14796&#8243; img_size=&#8221;full&#8221;][\/vc_column_inner][vc_column_inner width=&#8221;1\/3&#8243;][vc_single_image image=&#8221;14023&#8243; img_size=&#8221;full&#8221;][\/vc_column_inner][\/vc_row_inner][\/vc_column][\/vc_row][vc_row css=&#8221;.vc_custom_1575454190655{margin-top: 40px !important;margin-bottom: 0px !important;}&#8221;][vc_column width=&#8221;1\/6&#8243;][\/vc_column][vc_column width=&#8221;2\/3&#8243;][vc_column_text]<\/p>\n<div class=\"brick_cust_subtitle\">F\u00fcr einen ma\u00dfgeschneiderten Service und um weitere Informationen zu unseren Preisen, Mindestmengen und Konditionen zu erhalten, kontaktieren Sie uns unter folgender Adresse: <a href=\"mailto:sur-mesure@mon-cintre.com\"><span style=\"color: #993366;\">sur-mesure@mon-cintre.com<\/span><\/a><\/div>\n<p>[\/vc_column_text][\/vc_column][vc_column width=&#8221;1\/6&#8243;][\/vc_column][\/vc_row]<\/p>\n<\/div>","protected":false},"excerpt":{"rendered":"<p>[vc_row css=&#8221;.vc_custom_1573574361109{margin-top: 150px !important;margin-bottom: 0px !important;}&#8221;][vc_column width=&#8221;1\/6&#8243;][\/vc_column][vc_column width=&#8221;2\/3&#8243;][vc_column_text css=&#8221;&#8221;] IHRE MA\u00dfGESCHNEIDERTE KLEIDERB\u00dcGEL Sind Sie ein Profi auf der Suche nach individuell gestalteten Kleiderb\u00fcgeln f\u00fcr Ihre Marke, Hotels oder andere Projekte? Kontaktieren Sie uns f\u00fcr weitere Informationen zu Preisen, Mindestbestellmengen und&#8230;<\/p>\n","protected":false},"author":1,"featured_media":0,"parent":0,"menu_order":0,"comment_status":"closed","ping_status":"closed","template":"template-visual-composer.php","meta":{"inline_featured_image":false,"footnotes":""},"class_list":["post-10990","page","type-page","status-publish","hentry"],"yoast_head":"<!-- This site is optimized with the Yoast SEO plugin v27.4 - https:\/\/yoast.com\/product\/yoast-seo-wordpress\/ -->\n<title>Ma\u00dfgeschneiderte Kleiderb\u00fcgel - Mon Cintre<\/title>\n<meta name=\"description\" content=\"Ma\u00dfgefertigte Kleiderb\u00fcgel f\u00fcr luxuri\u00f6se begehbare Kleiderschr\u00e4nke f\u00fcr Privatpersonen oder Profis\" \/>\n<meta name=\"robots\" content=\"index, follow, max-snippet:-1, max-image-preview:large, max-video-preview:-1\" \/>\n<link rel=\"canonical\" href=\"https:\/\/www.mon-cintre.com\/de\/masgeschneidert\/\" \/>\n<meta property=\"og:locale\" content=\"de_DE\" \/>\n<meta property=\"og:type\" content=\"article\" \/>\n<meta property=\"og:title\" content=\"Ma\u00dfgeschneiderte Kleiderb\u00fcgel - Mon Cintre\" \/>\n<meta property=\"og:description\" content=\"Ma\u00dfgefertigte Kleiderb\u00fcgel f\u00fcr luxuri\u00f6se begehbare Kleiderschr\u00e4nke f\u00fcr Privatpersonen oder Profis\" \/>\n<meta property=\"og:url\" content=\"https:\/\/www.mon-cintre.com\/de\/masgeschneidert\/\" \/>\n<meta property=\"og:site_name\" content=\"Mon Cintre\" \/>\n<meta property=\"article:modified_time\" content=\"2026-02-16T14:48:18+00:00\" \/>\n<meta name=\"twitter:card\" content=\"summary_large_image\" \/>\n<meta name=\"twitter:label1\" content=\"Gesch\u00e4tzte Lesezeit\" \/>\n\t<meta name=\"twitter:data1\" content=\"3\u00a0Minuten\" \/>\n<script type=\"application\/ld+json\" class=\"yoast-schema-graph\">{\"@context\":\"https:\\\/\\\/schema.org\",\"@graph\":[{\"@type\":\"WebPage\",\"@id\":\"https:\\\/\\\/www.mon-cintre.com\\\/de\\\/masgeschneidert\\\/\",\"url\":\"https:\\\/\\\/www.mon-cintre.com\\\/de\\\/masgeschneidert\\\/\",\"name\":\"Ma\u00dfgeschneiderte Kleiderb\u00fcgel - Mon Cintre\",\"isPartOf\":{\"@id\":\"https:\\\/\\\/www.mon-cintre.com\\\/de\\\/#website\"},\"datePublished\":\"2019-10-28T16:43:27+00:00\",\"dateModified\":\"2026-02-16T14:48:18+00:00\",\"description\":\"Ma\u00dfgefertigte Kleiderb\u00fcgel f\u00fcr luxuri\u00f6se begehbare Kleiderschr\u00e4nke f\u00fcr Privatpersonen oder Profis\",\"breadcrumb\":{\"@id\":\"https:\\\/\\\/www.mon-cintre.com\\\/de\\\/masgeschneidert\\\/#breadcrumb\"},\"inLanguage\":\"de\",\"potentialAction\":[{\"@type\":\"ReadAction\",\"target\":[\"https:\\\/\\\/www.mon-cintre.com\\\/de\\\/masgeschneidert\\\/\"]}]},{\"@type\":\"BreadcrumbList\",\"@id\":\"https:\\\/\\\/www.mon-cintre.com\\\/de\\\/masgeschneidert\\\/#breadcrumb\",\"itemListElement\":[{\"@type\":\"ListItem\",\"position\":1,\"name\":\"Accueil\",\"item\":\"https:\\\/\\\/www.mon-cintre.com\\\/de\\\/\"},{\"@type\":\"ListItem\",\"position\":2,\"name\":\"Ma\u00dfgeschneiderte Kleiderb\u00fcgel\"}]},{\"@type\":\"WebSite\",\"@id\":\"https:\\\/\\\/www.mon-cintre.com\\\/de\\\/#website\",\"url\":\"https:\\\/\\\/www.mon-cintre.com\\\/de\\\/\",\"name\":\"Mon Cintre\",\"description\":\"Cintres et accessoires de dressing\",\"publisher\":{\"@id\":\"https:\\\/\\\/www.mon-cintre.com\\\/de\\\/#organization\"},\"potentialAction\":[{\"@type\":\"SearchAction\",\"target\":{\"@type\":\"EntryPoint\",\"urlTemplate\":\"https:\\\/\\\/www.mon-cintre.com\\\/de\\\/?s={search_term_string}\"},\"query-input\":{\"@type\":\"PropertyValueSpecification\",\"valueRequired\":true,\"valueName\":\"search_term_string\"}}],\"inLanguage\":\"de\"},{\"@type\":\"Organization\",\"@id\":\"https:\\\/\\\/www.mon-cintre.com\\\/de\\\/#organization\",\"name\":\"Mon Cintre\",\"url\":\"https:\\\/\\\/www.mon-cintre.com\\\/de\\\/\",\"logo\":{\"@type\":\"ImageObject\",\"inLanguage\":\"de\",\"@id\":\"https:\\\/\\\/www.mon-cintre.com\\\/de\\\/#\\\/schema\\\/logo\\\/image\\\/\",\"url\":\"https:\\\/\\\/www.mon-cintre.com\\\/wp-content\\\/uploads\\\/2022\\\/12\\\/logo-blanc.png\",\"contentUrl\":\"https:\\\/\\\/www.mon-cintre.com\\\/wp-content\\\/uploads\\\/2022\\\/12\\\/logo-blanc.png\",\"width\":345,\"height\":205,\"caption\":\"Mon Cintre\"},\"image\":{\"@id\":\"https:\\\/\\\/www.mon-cintre.com\\\/de\\\/#\\\/schema\\\/logo\\\/image\\\/\"}}]}<\/script>\n<!-- \/ Yoast SEO plugin. -->","yoast_head_json":{"title":"Ma\u00dfgeschneiderte Kleiderb\u00fcgel - Mon Cintre","description":"Ma\u00dfgefertigte Kleiderb\u00fcgel f\u00fcr luxuri\u00f6se begehbare Kleiderschr\u00e4nke f\u00fcr Privatpersonen oder Profis","robots":{"index":"index","follow":"follow","max-snippet":"max-snippet:-1","max-image-preview":"max-image-preview:large","max-video-preview":"max-video-preview:-1"},"canonical":"https:\/\/www.mon-cintre.com\/de\/masgeschneidert\/","og_locale":"de_DE","og_type":"article","og_title":"Ma\u00dfgeschneiderte Kleiderb\u00fcgel - Mon Cintre","og_description":"Ma\u00dfgefertigte Kleiderb\u00fcgel f\u00fcr luxuri\u00f6se begehbare Kleiderschr\u00e4nke f\u00fcr Privatpersonen oder Profis","og_url":"https:\/\/www.mon-cintre.com\/de\/masgeschneidert\/","og_site_name":"Mon Cintre","article_modified_time":"2026-02-16T14:48:18+00:00","twitter_card":"summary_large_image","twitter_misc":{"Gesch\u00e4tzte Lesezeit":"3\u00a0Minuten"},"schema":{"@context":"https:\/\/schema.org","@graph":[{"@type":"WebPage","@id":"https:\/\/www.mon-cintre.com\/de\/masgeschneidert\/","url":"https:\/\/www.mon-cintre.com\/de\/masgeschneidert\/","name":"Ma\u00dfgeschneiderte Kleiderb\u00fcgel - Mon Cintre","isPartOf":{"@id":"https:\/\/www.mon-cintre.com\/de\/#website"},"datePublished":"2019-10-28T16:43:27+00:00","dateModified":"2026-02-16T14:48:18+00:00","description":"Ma\u00dfgefertigte Kleiderb\u00fcgel f\u00fcr luxuri\u00f6se begehbare Kleiderschr\u00e4nke f\u00fcr Privatpersonen oder Profis","breadcrumb":{"@id":"https:\/\/www.mon-cintre.com\/de\/masgeschneidert\/#breadcrumb"},"inLanguage":"de","potentialAction":[{"@type":"ReadAction","target":["https:\/\/www.mon-cintre.com\/de\/masgeschneidert\/"]}]},{"@type":"BreadcrumbList","@id":"https:\/\/www.mon-cintre.com\/de\/masgeschneidert\/#breadcrumb","itemListElement":[{"@type":"ListItem","position":1,"name":"Accueil","item":"https:\/\/www.mon-cintre.com\/de\/"},{"@type":"ListItem","position":2,"name":"Ma\u00dfgeschneiderte Kleiderb\u00fcgel"}]},{"@type":"WebSite","@id":"https:\/\/www.mon-cintre.com\/de\/#website","url":"https:\/\/www.mon-cintre.com\/de\/","name":"Mon Cintre","description":"Cintres et accessoires de dressing","publisher":{"@id":"https:\/\/www.mon-cintre.com\/de\/#organization"},"potentialAction":[{"@type":"SearchAction","target":{"@type":"EntryPoint","urlTemplate":"https:\/\/www.mon-cintre.com\/de\/?s={search_term_string}"},"query-input":{"@type":"PropertyValueSpecification","valueRequired":true,"valueName":"search_term_string"}}],"inLanguage":"de"},{"@type":"Organization","@id":"https:\/\/www.mon-cintre.com\/de\/#organization","name":"Mon Cintre","url":"https:\/\/www.mon-cintre.com\/de\/","logo":{"@type":"ImageObject","inLanguage":"de","@id":"https:\/\/www.mon-cintre.com\/de\/#\/schema\/logo\/image\/","url":"https:\/\/www.mon-cintre.com\/wp-content\/uploads\/2022\/12\/logo-blanc.png","contentUrl":"https:\/\/www.mon-cintre.com\/wp-content\/uploads\/2022\/12\/logo-blanc.png","width":345,"height":205,"caption":"Mon Cintre"},"image":{"@id":"https:\/\/www.mon-cintre.com\/de\/#\/schema\/logo\/image\/"}}]}},"_links":{"self":[{"href":"https:\/\/www.mon-cintre.com\/de\/wp-json\/wp\/v2\/pages\/10990","targetHints":{"allow":["GET"]}}],"collection":[{"href":"https:\/\/www.mon-cintre.com\/de\/wp-json\/wp\/v2\/pages"}],"about":[{"href":"https:\/\/www.mon-cintre.com\/de\/wp-json\/wp\/v2\/types\/page"}],"author":[{"embeddable":true,"href":"https:\/\/www.mon-cintre.com\/de\/wp-json\/wp\/v2\/users\/1"}],"replies":[{"embeddable":true,"href":"https:\/\/www.mon-cintre.com\/de\/wp-json\/wp\/v2\/comments?post=10990"}],"version-history":[{"count":26,"href":"https:\/\/www.mon-cintre.com\/de\/wp-json\/wp\/v2\/pages\/10990\/revisions"}],"predecessor-version":[{"id":33912,"href":"https:\/\/www.mon-cintre.com\/de\/wp-json\/wp\/v2\/pages\/10990\/revisions\/33912"}],"wp:attachment":[{"href":"https:\/\/www.mon-cintre.com\/de\/wp-json\/wp\/v2\/media?parent=10990"}],"curies":[{"name":"wp","href":"https:\/\/api.w.org\/{rel}","templated":true}]}}