

{"id":11042,"date":"2019-10-29T10:09:17","date_gmt":"2019-10-29T09:09:17","guid":{"rendered":"https:\/\/www.mon-cintre.com\/uber-mon-cintre-com\/"},"modified":"2023-02-21T11:05:51","modified_gmt":"2023-02-21T10:05:51","slug":"uber-mon-cintre-com","status":"publish","type":"page","link":"https:\/\/www.mon-cintre.com\/de\/uber-mon-cintre-com\/","title":{"rendered":"\u00dcBER MON CINTRE"},"content":{"rendered":"<div class=\"wpb-content-wrapper\"><p>[vc_row css=&#8221;.vc_custom_1536077642415{padding-right: 10% !important;padding-left: 10% !important;}&#8221;][vc_column width=&#8221;1\/3&#8243;][vc_single_image image=&#8221;11044&#8243; img_size=&#8221;full&#8221; css_animation=&#8221;fadeIn&#8221;][vc_column_text]Karine und St\u00e9phane Goh\u00e9<br \/>\nGr\u00fcnder von Mon Cintre[\/vc_column_text][\/vc_column][vc_column width=&#8221;2\/3&#8243; css=&#8221;.vc_custom_1676973947141{padding-bottom: 5% !important;}&#8221;][vc_column_text]<\/p>\n<div class=\"wpb_column vc_column_container vc_col-sm-8\">\n<div class=\"vc_column-inner vc_custom_1536077745208\">\n<div class=\"wpb_wrapper\">\n<div class=\"wpb_text_column wpb_content_element \">\n<div class=\"wpb_wrapper\">Karine und St\u00e9phane GOH\u00c9 sind die Sch\u00f6pfer der eingetragenen Marke Mon Cintre, ein Familienabenteuer, das einige Jahre nach ihrer Begegnung begann.<\/div>\n<div class=\"wpb_wrapper\">&#8220;Wir sind zu Hause Ehemann und Ehefrau und seit 25 Jahren im B\u00fcro Kleiderb\u00fcgelprofis in Modeboutiquen.Und vor kurzem hat sich unser Sohn Alexandre uns angeschlossen, um an diesem gro\u00dfen Abenteuer teilzunehmen.&#8221;<\/div>\n<div class=\"wpb_wrapper\">Bevor sie mit ihrer neuen Marke Mon Cintre Kleiderb\u00fcgel f\u00fcr das Zuhause anboten, arbeiteten und arbeiten sie noch immer Hand in Hand mit den gro\u00dfen High-End- und Luxus-Pr\u00eat-a-Porter-Marken und Luxushotels und statteten Tausende von Boutiquen und prestigetr\u00e4chtigen Pal\u00e4sten in der ganzen Welt aus Welt seit den 90er Jahren mit immer sch\u00f6neren, innovativeren und originelleren Kleiderb\u00fcgeln.<\/div>\n<div class=\"wpb_wrapper\">Heute teilen sie ihr Know-how f\u00fcr die Gestaltung des Hauses und insbesondere der Umkleidekabinen.<\/div>\n<div class=\"wpb_wrapper\">Ein Traum, der seit mehreren Jahren in ihren K\u00f6pfen gereift ist, mit dem Wunsch, jedem Kleiderb\u00fcgel und Accessoires in professioneller Qualit\u00e4t mit perfekter \u00c4sthetik und speziell f\u00fcr die Pflege von Kleidung anzubieten.<\/div>\n<div class=\"wpb_wrapper\">Der E-Shop bietet eine Auswahl einzigartiger Modelle, die sorgf\u00e4ltig entwickelt wurden, um Qualit\u00e4t und \u00c4sthetik zu vereinen.<\/div>\n<div class=\"wpb_wrapper\">5 Kollektionen von <span style=\"text-decoration: underline;\"><a href=\"https:\/\/www.mon-cintre.com\/de\/categorie-produit\/kleiderbuegel\/holzbugel\/\">Kleiderb\u00fcgeln<\/a><\/span> aus Eschenholz, einer Holzart, die wegen ihrer sch\u00f6nen Maserung ausgew\u00e4hlt wurde, die in 4 Ausf\u00fchrungen und Farben erh\u00e4ltlich ist, um sie hervorzuheben.<br \/>\nIn jedem von ihnen finden Sie eine Reihe von Kleiderb\u00fcgeln mit Formen, die an jedes Element der Garderobe angepasst sind und die das \u00fcber viele Jahre mit Luxusmarken erworbene Know-how widerspiegeln. Bringen Sie Ihre pers\u00f6nliche Note, indem Sie sich f\u00fcr die Gravur Ihrer Initialen oder eines Logos entscheiden und machen Sie Ihr Ankleidezimmer einzigartig.<\/div>\n<div class=\"wpb_wrapper\">Eine exklusive Kollektion <span style=\"text-decoration: underline;\"><a href=\"https:\/\/www.mon-cintre.com\/de\/categorie-produit\/fuer-den-ausflug-lederwaren\/\">hochwertiger Reise- und Schuhartikel<\/a><\/span>, hervorragende Produkte, die von Lederhandwerkern hergestellt und nur von der Marke Mon Cintre angeboten werden.<\/div>\n<div class=\"wpb_wrapper\">Schlie\u00dflich verschiebt Mon Cintre f\u00fcr au\u00dfergew\u00f6hnliche Projekte f\u00fcr private Umkleidekabinen, Yachten, Jets oder Palasthotels die Grenzen, indem es <span style=\"text-decoration: underline;\"><a href=\"https:\/\/www.mon-cintre.com\/de\/kleiderbuegel-mit-leder-oder-gewebe\/\">luxuri\u00f6se ma\u00dfgeschneiderte Kleiderb\u00fcgel anbietet, die mit Leder oder Stoff bezogen<\/a><\/span> und vollst\u00e4ndig von Hand von Handwerkern mit Erfahrung in dieser anspruchsvollen Arbeit wie Sattler\/ Polsterer und Lederverarbeiter, die sich auf Luxusprodukte spezialisiert haben, um eine hervorragende Verarbeitung zu gew\u00e4hrleisten.<\/div>\n<\/div>\n<\/div>\n<\/div>\n<\/div>\n<p>[\/vc_column_text][\/vc_column][\/vc_row]<\/p>\n<\/div>","protected":false},"excerpt":{"rendered":"<p>[vc_row css=&#8221;.vc_custom_1536077642415{padding-right: 10% !important;padding-left: 10% !important;}&#8221;][vc_column width=&#8221;1\/3&#8243;][vc_single_image image=&#8221;11044&#8243; img_size=&#8221;full&#8221; css_animation=&#8221;fadeIn&#8221;][vc_column_text]Karine und St\u00e9phane Goh\u00e9 Gr\u00fcnder von Mon Cintre[\/vc_column_text][\/vc_column][vc_column width=&#8221;2\/3&#8243; css=&#8221;.vc_custom_1676973947141{padding-bottom: 5% !important;}&#8221;][vc_column_text] Karine und St\u00e9phane GOH\u00c9 sind die Sch\u00f6pfer der eingetragenen Marke Mon Cintre, ein Familienabenteuer, das einige Jahre nach ihrer&#8230;<\/p>\n","protected":false},"author":1,"featured_media":0,"parent":0,"menu_order":0,"comment_status":"closed","ping_status":"closed","template":"template-visual-composer-header.php","meta":{"inline_featured_image":false,"footnotes":""},"class_list":["post-11042","page","type-page","status-publish","hentry"],"yoast_head":"<!-- This site is optimized with the Yoast SEO plugin v27.5 - https:\/\/yoast.com\/product\/yoast-seo-wordpress\/ -->\n<title>Geschichte von Mon Cintre<\/title>\n<meta name=\"description\" content=\"Mon Cintre ist eine Marke, die in ihrem Online-Shop hochwertige Holzb\u00fcgel f\u00fcr die Garderobe und ma\u00dfgefertigte Kleiderb\u00fcgel anbietet.\" \/>\n<meta name=\"robots\" content=\"index, follow, max-snippet:-1, max-image-preview:large, max-video-preview:-1\" \/>\n<link rel=\"canonical\" href=\"https:\/\/www.mon-cintre.com\/de\/uber-mon-cintre-com\/\" \/>\n<meta property=\"og:locale\" content=\"de_DE\" \/>\n<meta property=\"og:type\" content=\"article\" \/>\n<meta property=\"og:title\" content=\"Geschichte von Mon Cintre\" \/>\n<meta property=\"og:description\" content=\"Mon Cintre ist eine Marke, die in ihrem Online-Shop hochwertige Holzb\u00fcgel f\u00fcr die Garderobe und ma\u00dfgefertigte Kleiderb\u00fcgel anbietet.\" \/>\n<meta property=\"og:url\" content=\"https:\/\/www.mon-cintre.com\/de\/uber-mon-cintre-com\/\" \/>\n<meta property=\"og:site_name\" content=\"Mon Cintre\" \/>\n<meta property=\"article:modified_time\" content=\"2023-02-21T10:05:51+00:00\" \/>\n<meta name=\"twitter:card\" content=\"summary_large_image\" \/>\n<meta name=\"twitter:label1\" content=\"Gesch\u00e4tzte Lesezeit\" \/>\n\t<meta name=\"twitter:data1\" content=\"2\u00a0Minuten\" \/>\n<script type=\"application\/ld+json\" class=\"yoast-schema-graph\">{\"@context\":\"https:\\\/\\\/schema.org\",\"@graph\":[{\"@type\":\"WebPage\",\"@id\":\"https:\\\/\\\/www.mon-cintre.com\\\/de\\\/uber-mon-cintre-com\\\/\",\"url\":\"https:\\\/\\\/www.mon-cintre.com\\\/de\\\/uber-mon-cintre-com\\\/\",\"name\":\"Geschichte von Mon Cintre\",\"isPartOf\":{\"@id\":\"https:\\\/\\\/www.mon-cintre.com\\\/de\\\/#website\"},\"datePublished\":\"2019-10-29T09:09:17+00:00\",\"dateModified\":\"2023-02-21T10:05:51+00:00\",\"description\":\"Mon Cintre ist eine Marke, die in ihrem Online-Shop hochwertige Holzb\u00fcgel f\u00fcr die Garderobe und ma\u00dfgefertigte Kleiderb\u00fcgel anbietet.\",\"breadcrumb\":{\"@id\":\"https:\\\/\\\/www.mon-cintre.com\\\/de\\\/uber-mon-cintre-com\\\/#breadcrumb\"},\"inLanguage\":\"de\",\"potentialAction\":[{\"@type\":\"ReadAction\",\"target\":[\"https:\\\/\\\/www.mon-cintre.com\\\/de\\\/uber-mon-cintre-com\\\/\"]}]},{\"@type\":\"BreadcrumbList\",\"@id\":\"https:\\\/\\\/www.mon-cintre.com\\\/de\\\/uber-mon-cintre-com\\\/#breadcrumb\",\"itemListElement\":[{\"@type\":\"ListItem\",\"position\":1,\"name\":\"Accueil\",\"item\":\"https:\\\/\\\/www.mon-cintre.com\\\/de\\\/\"},{\"@type\":\"ListItem\",\"position\":2,\"name\":\"\u00dcBER MON CINTRE\"}]},{\"@type\":\"WebSite\",\"@id\":\"https:\\\/\\\/www.mon-cintre.com\\\/de\\\/#website\",\"url\":\"https:\\\/\\\/www.mon-cintre.com\\\/de\\\/\",\"name\":\"Mon Cintre\",\"description\":\"Cintres et accessoires de dressing\",\"publisher\":{\"@id\":\"https:\\\/\\\/www.mon-cintre.com\\\/de\\\/#organization\"},\"potentialAction\":[{\"@type\":\"SearchAction\",\"target\":{\"@type\":\"EntryPoint\",\"urlTemplate\":\"https:\\\/\\\/www.mon-cintre.com\\\/de\\\/?s={search_term_string}\"},\"query-input\":{\"@type\":\"PropertyValueSpecification\",\"valueRequired\":true,\"valueName\":\"search_term_string\"}}],\"inLanguage\":\"de\"},{\"@type\":\"Organization\",\"@id\":\"https:\\\/\\\/www.mon-cintre.com\\\/de\\\/#organization\",\"name\":\"Mon Cintre\",\"url\":\"https:\\\/\\\/www.mon-cintre.com\\\/de\\\/\",\"logo\":{\"@type\":\"ImageObject\",\"inLanguage\":\"de\",\"@id\":\"https:\\\/\\\/www.mon-cintre.com\\\/de\\\/#\\\/schema\\\/logo\\\/image\\\/\",\"url\":\"https:\\\/\\\/www.mon-cintre.com\\\/wp-content\\\/uploads\\\/2022\\\/12\\\/logo-blanc.png\",\"contentUrl\":\"https:\\\/\\\/www.mon-cintre.com\\\/wp-content\\\/uploads\\\/2022\\\/12\\\/logo-blanc.png\",\"width\":345,\"height\":205,\"caption\":\"Mon Cintre\"},\"image\":{\"@id\":\"https:\\\/\\\/www.mon-cintre.com\\\/de\\\/#\\\/schema\\\/logo\\\/image\\\/\"}}]}<\/script>\n<!-- \/ Yoast SEO plugin. -->","yoast_head_json":{"title":"Geschichte von Mon Cintre","description":"Mon Cintre ist eine Marke, die in ihrem Online-Shop hochwertige Holzb\u00fcgel f\u00fcr die Garderobe und ma\u00dfgefertigte Kleiderb\u00fcgel anbietet.","robots":{"index":"index","follow":"follow","max-snippet":"max-snippet:-1","max-image-preview":"max-image-preview:large","max-video-preview":"max-video-preview:-1"},"canonical":"https:\/\/www.mon-cintre.com\/de\/uber-mon-cintre-com\/","og_locale":"de_DE","og_type":"article","og_title":"Geschichte von Mon Cintre","og_description":"Mon Cintre ist eine Marke, die in ihrem Online-Shop hochwertige Holzb\u00fcgel f\u00fcr die Garderobe und ma\u00dfgefertigte Kleiderb\u00fcgel anbietet.","og_url":"https:\/\/www.mon-cintre.com\/de\/uber-mon-cintre-com\/","og_site_name":"Mon Cintre","article_modified_time":"2023-02-21T10:05:51+00:00","twitter_card":"summary_large_image","twitter_misc":{"Gesch\u00e4tzte Lesezeit":"2\u00a0Minuten"},"schema":{"@context":"https:\/\/schema.org","@graph":[{"@type":"WebPage","@id":"https:\/\/www.mon-cintre.com\/de\/uber-mon-cintre-com\/","url":"https:\/\/www.mon-cintre.com\/de\/uber-mon-cintre-com\/","name":"Geschichte von Mon Cintre","isPartOf":{"@id":"https:\/\/www.mon-cintre.com\/de\/#website"},"datePublished":"2019-10-29T09:09:17+00:00","dateModified":"2023-02-21T10:05:51+00:00","description":"Mon Cintre ist eine Marke, die in ihrem Online-Shop hochwertige Holzb\u00fcgel f\u00fcr die Garderobe und ma\u00dfgefertigte Kleiderb\u00fcgel anbietet.","breadcrumb":{"@id":"https:\/\/www.mon-cintre.com\/de\/uber-mon-cintre-com\/#breadcrumb"},"inLanguage":"de","potentialAction":[{"@type":"ReadAction","target":["https:\/\/www.mon-cintre.com\/de\/uber-mon-cintre-com\/"]}]},{"@type":"BreadcrumbList","@id":"https:\/\/www.mon-cintre.com\/de\/uber-mon-cintre-com\/#breadcrumb","itemListElement":[{"@type":"ListItem","position":1,"name":"Accueil","item":"https:\/\/www.mon-cintre.com\/de\/"},{"@type":"ListItem","position":2,"name":"\u00dcBER MON CINTRE"}]},{"@type":"WebSite","@id":"https:\/\/www.mon-cintre.com\/de\/#website","url":"https:\/\/www.mon-cintre.com\/de\/","name":"Mon Cintre","description":"Cintres et accessoires de dressing","publisher":{"@id":"https:\/\/www.mon-cintre.com\/de\/#organization"},"potentialAction":[{"@type":"SearchAction","target":{"@type":"EntryPoint","urlTemplate":"https:\/\/www.mon-cintre.com\/de\/?s={search_term_string}"},"query-input":{"@type":"PropertyValueSpecification","valueRequired":true,"valueName":"search_term_string"}}],"inLanguage":"de"},{"@type":"Organization","@id":"https:\/\/www.mon-cintre.com\/de\/#organization","name":"Mon Cintre","url":"https:\/\/www.mon-cintre.com\/de\/","logo":{"@type":"ImageObject","inLanguage":"de","@id":"https:\/\/www.mon-cintre.com\/de\/#\/schema\/logo\/image\/","url":"https:\/\/www.mon-cintre.com\/wp-content\/uploads\/2022\/12\/logo-blanc.png","contentUrl":"https:\/\/www.mon-cintre.com\/wp-content\/uploads\/2022\/12\/logo-blanc.png","width":345,"height":205,"caption":"Mon Cintre"},"image":{"@id":"https:\/\/www.mon-cintre.com\/de\/#\/schema\/logo\/image\/"}}]}},"_links":{"self":[{"href":"https:\/\/www.mon-cintre.com\/de\/wp-json\/wp\/v2\/pages\/11042","targetHints":{"allow":["GET"]}}],"collection":[{"href":"https:\/\/www.mon-cintre.com\/de\/wp-json\/wp\/v2\/pages"}],"about":[{"href":"https:\/\/www.mon-cintre.com\/de\/wp-json\/wp\/v2\/types\/page"}],"author":[{"embeddable":true,"href":"https:\/\/www.mon-cintre.com\/de\/wp-json\/wp\/v2\/users\/1"}],"replies":[{"embeddable":true,"href":"https:\/\/www.mon-cintre.com\/de\/wp-json\/wp\/v2\/comments?post=11042"}],"version-history":[{"count":9,"href":"https:\/\/www.mon-cintre.com\/de\/wp-json\/wp\/v2\/pages\/11042\/revisions"}],"predecessor-version":[{"id":28520,"href":"https:\/\/www.mon-cintre.com\/de\/wp-json\/wp\/v2\/pages\/11042\/revisions\/28520"}],"wp:attachment":[{"href":"https:\/\/www.mon-cintre.com\/de\/wp-json\/wp\/v2\/media?parent=11042"}],"curies":[{"name":"wp","href":"https:\/\/api.w.org\/{rel}","templated":true}]}}