

{"id":21874,"date":"2021-03-26T09:59:48","date_gmt":"2021-03-26T08:59:48","guid":{"rendered":"https:\/\/www.mon-cintre.com\/kleiderbuegel-mit-leder-oder-gewebe\/"},"modified":"2026-02-12T14:44:00","modified_gmt":"2026-02-12T13:44:00","slug":"kleiderbuegel-mit-leder-oder-gewebe","status":"publish","type":"page","link":"https:\/\/www.mon-cintre.com\/de\/kleiderbuegel-mit-leder-oder-gewebe\/","title":{"rendered":"KLEIDERB\u00dcGEL MIT LEDER ODER GEWEBE"},"content":{"rendered":"<div class=\"wpb-content-wrapper\"><p>[vc_row css=&#8221;.vc_custom_1616663124040{margin-top: 80px !important;}&#8221;][vc_column][vc_single_image image=&#8221;31547&#8243; img_size=&#8221;full&#8221;][\/vc_column][\/vc_row][vc_row equal_height=&#8221;yes&#8221; content_placement=&#8221;middle&#8221; css=&#8221;.vc_custom_1616668919643{margin-top: 0px !important;margin-bottom: 0px !important;padding-top: 0px !important;padding-right: 10% !important;padding-bottom: 0px !important;padding-left: 10% !important;}&#8221;][vc_column width=&#8221;1\/2&#8243; css=&#8221;.vc_custom_1616665698322{margin-top: 0px !important;margin-bottom: 0px !important;padding-top: 0px !important;padding-bottom: 0px !important;}&#8221;][vc_single_image image=&#8221;26683&#8243; img_size=&#8221;full&#8221; css_animation=&#8221;fadeIn&#8221;][\/vc_column][vc_column width=&#8221;1\/4&#8243; css=&#8221;.vc_custom_1616665938117{margin-top: 0px !important;margin-bottom: 0px !important;padding-top: 0px !important;padding-bottom: 0px !important;}&#8221;][vc_column_text css=&#8221;.vc_custom_1661175529699{margin-right: 10% !important;margin-left: 10% !important;}&#8221;]<\/p>\n<h3>Unsere ummantelten Holzb\u00fcgel sind in verschiedenen Materialien und Ausf\u00fchrungen erh\u00e4ltlich:<\/h3>\n<p>&#8211; echtes Vollnarbenleder<br \/>\n&#8211; Mikrofaser (\u00e4hnlich Alcantara)<br \/>\n&#8211; Kunstleder<br \/>\n&#8211; Leinen<br \/>\n&#8211; Satinsamt<br \/>\n&#8211; Denim<\/p>\n<p>Wir bieten 2 Ausf\u00fchrungen an:<\/p>\n<p>&#8211; Cruise-Kollektion (Eco-Kollektion f\u00fcr Leinen): 1 oder 2 Farben Leder oder Stoff mit 2. Farbm\u00f6glichkeit auf dem Mittelteil und unter dem Kleiderb\u00fcgel<\/p>\n<p>&#8211; Elegance-Kollektion: 1 Farbe aus Leder oder Stoff mit N\u00e4hten an den Armen des Kleiderb\u00fcgels[\/vc_column_text][\/vc_column][vc_column width=&#8221;1\/4&#8243;][vc_single_image image=&#8221;32846&#8243; img_size=&#8221;full&#8221; alignment=&#8221;center&#8221; css_animation=&#8221;fadeIn&#8221; css=&#8221;&#8221;][\/vc_column][\/vc_row][vc_row equal_height=&#8221;yes&#8221; content_placement=&#8221;middle&#8221; css=&#8221;.vc_custom_1616668927449{margin-top: 0px !important;margin-bottom: 0px !important;padding-top: 0px !important;padding-right: 10% !important;padding-bottom: 0px !important;padding-left: 10% !important;}&#8221;][vc_column width=&#8221;1\/2&#8243; css=&#8221;.vc_custom_1616665652842{margin-top: 0px !important;margin-bottom: 0px !important;padding-top: 0px !important;padding-bottom: 0px !important;}&#8221;][vc_column_text css=&#8221;.vc_custom_1770903837705{margin-right: 10% !important;margin-left: 10% !important;}&#8221;]<\/p>\n<h3>Unsere ummantelten Kleiderb\u00fcgel sind in verschiedenen Formen und Gr\u00f6\u00dfen erh\u00e4ltlich:<\/h3>\n<p>&#8211; Kleiderb\u00fcgel mit oder ohne mit Mikrofaser \u00fcberzogene Stange oder mit Clips<br \/>\n(Breite 45 cm, Schulterbreite 5,5 cm)<br \/>\n&#8211; Kleiderb\u00fcgel f\u00fcr Mantel, Jacke und Anzug mit oder ohne Clips<br \/>\n(Breite 38 oder 45 cm, Schulterbreite 4,5 oder 5,5 cm)<br \/>\n&#8211; Aufh\u00e4nger f\u00fcr Oberteil und Hemd mit oder ohne Clips<br \/>\n(Breite 38 oder 43 cm, Schulterbreite 2,5 oder 1,5 cm)<br \/>\n&#8211; Aufh\u00e4nger f\u00fcr Rock und Hose mit Clips<br \/>\n(Breite 39 cm, Dicke 1,5 cm)<br \/>\n&#8211; Aufh\u00e4nger f\u00fcr Hose und Schal<br \/>\n(Breite 38 cm, Dicke 1,5 cm)[\/vc_column_text][\/vc_column][vc_column width=&#8221;1\/2&#8243; css=&#8221;.vc_custom_1616665589807{margin-top: 0px !important;padding-top: 0px !important;padding-bottom: 5% !important;}&#8221;][vc_single_image image=&#8221;21767&#8243; img_size=&#8221;full&#8221; css_animation=&#8221;fadeIn&#8221;][\/vc_column][\/vc_row][vc_row css=&#8221;.vc_custom_1632488217138{margin-right: 0px !important;margin-left: 0px !important;padding-right: 0px !important;padding-left: 0px !important;}&#8221;][vc_column width=&#8221;1\/3&#8243; css=&#8221;.vc_custom_1632488232170{margin-right: 0px !important;margin-left: 0px !important;padding-right: 0px !important;padding-left: 0px !important;}&#8221;][vc_single_image image=&#8221;31788&#8243; img_size=&#8221;full&#8221; css=&#8221;&#8221;][\/vc_column][vc_column width=&#8221;1\/3&#8243; css=&#8221;.vc_custom_1632488224914{margin-right: 0px !important;margin-left: 0px !important;padding-right: 0px !important;padding-left: 0px !important;}&#8221;][vc_single_image image=&#8221;23233&#8243; img_size=&#8221;full&#8221;][\/vc_column][vc_column width=&#8221;1\/3&#8243; css=&#8221;.vc_custom_1632488240880{margin-right: 0px !important;margin-left: 0px !important;padding-right: 0px !important;padding-left: 0px !important;}&#8221;][vc_single_image image=&#8221;30610&#8243; img_size=&#8221;full&#8221;][\/vc_column][\/vc_row][vc_row css=&#8221;.vc_custom_1616668418802{margin-right: 10% !important;margin-left: 10% !important;}&#8221;][vc_column][vc_row_inner][vc_column_inner width=&#8221;1\/6&#8243;][\/vc_column_inner][vc_column_inner width=&#8221;2\/3&#8243;][vc_column_text]<\/p>\n<h3>Die Kleiderb\u00fcgel k\u00f6nnen mit Ihrem Logo oder Ihren Initialen personalisiert werden*:<\/h3>\n<p>* Nicht alle Optionen sind f\u00fcr alle Ummantelungstypen verf\u00fcgbar[\/vc_column_text][\/vc_column_inner][vc_column_inner width=&#8221;1\/6&#8243;][\/vc_column_inner][\/vc_row_inner][vc_row_inner][vc_column_inner width=&#8221;1\/6&#8243;][\/vc_column_inner][vc_column_inner width=&#8221;1\/6&#8243;][vc_single_image image=&#8221;21805&#8243; img_size=&#8221;200&#215;166&#8243; alignment=&#8221;center&#8221;][vc_column_text]<\/p>\n<p style=\"text-align: center;\">1 Farbe Hei\u00dfpr\u00e4gung<\/p>\n<p>[\/vc_column_text][\/vc_column_inner][vc_column_inner width=&#8221;1\/6&#8243;][vc_single_image image=&#8221;21795&#8243; img_size=&#8221;200&#215;166&#8243; alignment=&#8221;center&#8221;][vc_column_text]<\/p>\n<p style=\"text-align: center;\">Gepr\u00e4gtes Logo<\/p>\n<p>[\/vc_column_text][\/vc_column_inner][vc_column_inner width=&#8221;1\/6&#8243;][vc_single_image image=&#8221;26483&#8243; img_size=&#8221;200&#215;166&#8243; alignment=&#8221;center&#8221;][vc_column_text]<\/p>\n<p style=\"text-align: center;\">Buchstaben aus Metall<\/p>\n<p>[\/vc_column_text][\/vc_column_inner][vc_column_inner width=&#8221;1\/6&#8243;][vc_single_image image=&#8221;21790&#8243; img_size=&#8221;200&#215;166&#8243; alignment=&#8221;center&#8221;][vc_column_text]<\/p>\n<p style=\"text-align: center;\">Stickerei<\/p>\n<p>[\/vc_column_text][\/vc_column_inner][vc_column_inner width=&#8221;1\/6&#8243;][\/vc_column_inner][\/vc_row_inner][\/vc_column][\/vc_row][vc_row][vc_column][vc_separator color=&#8221;chino&#8221; style=&#8221;double&#8221; el_width=&#8221;40&#8243;][vc_column_text]<\/p>\n<h3 style=\"text-align: center;\">KONTAKTIEREN SIE UNS F\u00dcR EIN PERSONALISIERTES ANGEBOT<\/h3>\n<h3 style=\"text-align: center;\"><a href=\"mailto:sur-mesure@mon-cintre.com\">sur-mesure@mon-cintre.com<\/a><\/h3>\n<h5 style=\"text-align: center;\"><span style=\"text-decoration: underline;\">Ab 10 Kleiderb\u00fcgel pro Referenz (50 mit Logo)<br \/>\n<\/span><\/h5>\n<p>[\/vc_column_text][vc_separator color=&#8221;chino&#8221; style=&#8221;double&#8221; el_width=&#8221;40&#8243;][\/vc_column][\/vc_row]<\/p>\n<\/div>","protected":false},"excerpt":{"rendered":"<p>[vc_row css=&#8221;.vc_custom_1616663124040{margin-top: 80px !important;}&#8221;][vc_column][vc_single_image image=&#8221;31547&#8243; img_size=&#8221;full&#8221;][\/vc_column][\/vc_row][vc_row equal_height=&#8221;yes&#8221; content_placement=&#8221;middle&#8221; css=&#8221;.vc_custom_1616668919643{margin-top: 0px !important;margin-bottom: 0px !important;padding-top: 0px !important;padding-right: 10% !important;padding-bottom: 0px !important;padding-left: 10% !important;}&#8221;][vc_column width=&#8221;1\/2&#8243; css=&#8221;.vc_custom_1616665698322{margin-top: 0px !important;margin-bottom: 0px !important;padding-top: 0px !important;padding-bottom: 0px !important;}&#8221;][vc_single_image image=&#8221;26683&#8243; img_size=&#8221;full&#8221; css_animation=&#8221;fadeIn&#8221;][\/vc_column][vc_column width=&#8221;1\/4&#8243; css=&#8221;.vc_custom_1616665938117{margin-top: 0px !important;margin-bottom: 0px !important;padding-top:&#8230;<\/p>\n","protected":false},"author":1,"featured_media":0,"parent":0,"menu_order":0,"comment_status":"closed","ping_status":"closed","template":"template-visual-composer.php","meta":{"inline_featured_image":false,"footnotes":""},"class_list":["post-21874","page","type-page","status-publish","hentry"],"yoast_head":"<!-- This site is optimized with the Yoast SEO plugin v27.5 - https:\/\/yoast.com\/product\/yoast-seo-wordpress\/ -->\n<title>Kleiderb\u00fcgel mit leder oder gewebe<\/title>\n<meta name=\"description\" content=\"Luxus-Kleiderb\u00fcgel von Hand in Leder, Kunstleder, Alcantara oder Stoff wie Leinen oder Jeans eingewickelt.\" \/>\n<meta name=\"robots\" content=\"index, follow, max-snippet:-1, max-image-preview:large, max-video-preview:-1\" \/>\n<link rel=\"canonical\" href=\"https:\/\/www.mon-cintre.com\/de\/kleiderbuegel-mit-leder-oder-gewebe\/\" \/>\n<meta property=\"og:locale\" content=\"de_DE\" \/>\n<meta property=\"og:type\" content=\"article\" \/>\n<meta property=\"og:title\" content=\"Kleiderb\u00fcgel mit leder oder gewebe\" \/>\n<meta property=\"og:description\" content=\"Luxus-Kleiderb\u00fcgel von Hand in Leder, Kunstleder, Alcantara oder Stoff wie Leinen oder Jeans eingewickelt.\" \/>\n<meta property=\"og:url\" content=\"https:\/\/www.mon-cintre.com\/de\/kleiderbuegel-mit-leder-oder-gewebe\/\" \/>\n<meta property=\"og:site_name\" content=\"Mon Cintre\" \/>\n<meta property=\"article:modified_time\" content=\"2026-02-12T13:44:00+00:00\" \/>\n<meta name=\"twitter:card\" content=\"summary_large_image\" \/>\n<meta name=\"twitter:label1\" content=\"Gesch\u00e4tzte Lesezeit\" \/>\n\t<meta name=\"twitter:data1\" content=\"2\u00a0Minuten\" \/>\n<script type=\"application\/ld+json\" class=\"yoast-schema-graph\">{\"@context\":\"https:\\\/\\\/schema.org\",\"@graph\":[{\"@type\":\"WebPage\",\"@id\":\"https:\\\/\\\/www.mon-cintre.com\\\/de\\\/kleiderbuegel-mit-leder-oder-gewebe\\\/\",\"url\":\"https:\\\/\\\/www.mon-cintre.com\\\/de\\\/kleiderbuegel-mit-leder-oder-gewebe\\\/\",\"name\":\"Kleiderb\u00fcgel mit leder oder gewebe\",\"isPartOf\":{\"@id\":\"https:\\\/\\\/www.mon-cintre.com\\\/de\\\/#website\"},\"datePublished\":\"2021-03-26T08:59:48+00:00\",\"dateModified\":\"2026-02-12T13:44:00+00:00\",\"description\":\"Luxus-Kleiderb\u00fcgel von Hand in Leder, Kunstleder, Alcantara oder Stoff wie Leinen oder Jeans eingewickelt.\",\"breadcrumb\":{\"@id\":\"https:\\\/\\\/www.mon-cintre.com\\\/de\\\/kleiderbuegel-mit-leder-oder-gewebe\\\/#breadcrumb\"},\"inLanguage\":\"de\",\"potentialAction\":[{\"@type\":\"ReadAction\",\"target\":[\"https:\\\/\\\/www.mon-cintre.com\\\/de\\\/kleiderbuegel-mit-leder-oder-gewebe\\\/\"]}]},{\"@type\":\"BreadcrumbList\",\"@id\":\"https:\\\/\\\/www.mon-cintre.com\\\/de\\\/kleiderbuegel-mit-leder-oder-gewebe\\\/#breadcrumb\",\"itemListElement\":[{\"@type\":\"ListItem\",\"position\":1,\"name\":\"Accueil\",\"item\":\"https:\\\/\\\/www.mon-cintre.com\\\/de\\\/\"},{\"@type\":\"ListItem\",\"position\":2,\"name\":\"KLEIDERB\u00dcGEL MIT LEDER ODER GEWEBE\"}]},{\"@type\":\"WebSite\",\"@id\":\"https:\\\/\\\/www.mon-cintre.com\\\/de\\\/#website\",\"url\":\"https:\\\/\\\/www.mon-cintre.com\\\/de\\\/\",\"name\":\"Mon Cintre\",\"description\":\"Cintres et accessoires de dressing\",\"publisher\":{\"@id\":\"https:\\\/\\\/www.mon-cintre.com\\\/de\\\/#organization\"},\"potentialAction\":[{\"@type\":\"SearchAction\",\"target\":{\"@type\":\"EntryPoint\",\"urlTemplate\":\"https:\\\/\\\/www.mon-cintre.com\\\/de\\\/?s={search_term_string}\"},\"query-input\":{\"@type\":\"PropertyValueSpecification\",\"valueRequired\":true,\"valueName\":\"search_term_string\"}}],\"inLanguage\":\"de\"},{\"@type\":\"Organization\",\"@id\":\"https:\\\/\\\/www.mon-cintre.com\\\/de\\\/#organization\",\"name\":\"Mon Cintre\",\"url\":\"https:\\\/\\\/www.mon-cintre.com\\\/de\\\/\",\"logo\":{\"@type\":\"ImageObject\",\"inLanguage\":\"de\",\"@id\":\"https:\\\/\\\/www.mon-cintre.com\\\/de\\\/#\\\/schema\\\/logo\\\/image\\\/\",\"url\":\"https:\\\/\\\/www.mon-cintre.com\\\/wp-content\\\/uploads\\\/2022\\\/12\\\/logo-blanc.png\",\"contentUrl\":\"https:\\\/\\\/www.mon-cintre.com\\\/wp-content\\\/uploads\\\/2022\\\/12\\\/logo-blanc.png\",\"width\":345,\"height\":205,\"caption\":\"Mon Cintre\"},\"image\":{\"@id\":\"https:\\\/\\\/www.mon-cintre.com\\\/de\\\/#\\\/schema\\\/logo\\\/image\\\/\"}}]}<\/script>\n<!-- \/ Yoast SEO plugin. -->","yoast_head_json":{"title":"Kleiderb\u00fcgel mit leder oder gewebe","description":"Luxus-Kleiderb\u00fcgel von Hand in Leder, Kunstleder, Alcantara oder Stoff wie Leinen oder Jeans eingewickelt.","robots":{"index":"index","follow":"follow","max-snippet":"max-snippet:-1","max-image-preview":"max-image-preview:large","max-video-preview":"max-video-preview:-1"},"canonical":"https:\/\/www.mon-cintre.com\/de\/kleiderbuegel-mit-leder-oder-gewebe\/","og_locale":"de_DE","og_type":"article","og_title":"Kleiderb\u00fcgel mit leder oder gewebe","og_description":"Luxus-Kleiderb\u00fcgel von Hand in Leder, Kunstleder, Alcantara oder Stoff wie Leinen oder Jeans eingewickelt.","og_url":"https:\/\/www.mon-cintre.com\/de\/kleiderbuegel-mit-leder-oder-gewebe\/","og_site_name":"Mon Cintre","article_modified_time":"2026-02-12T13:44:00+00:00","twitter_card":"summary_large_image","twitter_misc":{"Gesch\u00e4tzte Lesezeit":"2\u00a0Minuten"},"schema":{"@context":"https:\/\/schema.org","@graph":[{"@type":"WebPage","@id":"https:\/\/www.mon-cintre.com\/de\/kleiderbuegel-mit-leder-oder-gewebe\/","url":"https:\/\/www.mon-cintre.com\/de\/kleiderbuegel-mit-leder-oder-gewebe\/","name":"Kleiderb\u00fcgel mit leder oder gewebe","isPartOf":{"@id":"https:\/\/www.mon-cintre.com\/de\/#website"},"datePublished":"2021-03-26T08:59:48+00:00","dateModified":"2026-02-12T13:44:00+00:00","description":"Luxus-Kleiderb\u00fcgel von Hand in Leder, Kunstleder, Alcantara oder Stoff wie Leinen oder Jeans eingewickelt.","breadcrumb":{"@id":"https:\/\/www.mon-cintre.com\/de\/kleiderbuegel-mit-leder-oder-gewebe\/#breadcrumb"},"inLanguage":"de","potentialAction":[{"@type":"ReadAction","target":["https:\/\/www.mon-cintre.com\/de\/kleiderbuegel-mit-leder-oder-gewebe\/"]}]},{"@type":"BreadcrumbList","@id":"https:\/\/www.mon-cintre.com\/de\/kleiderbuegel-mit-leder-oder-gewebe\/#breadcrumb","itemListElement":[{"@type":"ListItem","position":1,"name":"Accueil","item":"https:\/\/www.mon-cintre.com\/de\/"},{"@type":"ListItem","position":2,"name":"KLEIDERB\u00dcGEL MIT LEDER ODER GEWEBE"}]},{"@type":"WebSite","@id":"https:\/\/www.mon-cintre.com\/de\/#website","url":"https:\/\/www.mon-cintre.com\/de\/","name":"Mon Cintre","description":"Cintres et accessoires de dressing","publisher":{"@id":"https:\/\/www.mon-cintre.com\/de\/#organization"},"potentialAction":[{"@type":"SearchAction","target":{"@type":"EntryPoint","urlTemplate":"https:\/\/www.mon-cintre.com\/de\/?s={search_term_string}"},"query-input":{"@type":"PropertyValueSpecification","valueRequired":true,"valueName":"search_term_string"}}],"inLanguage":"de"},{"@type":"Organization","@id":"https:\/\/www.mon-cintre.com\/de\/#organization","name":"Mon Cintre","url":"https:\/\/www.mon-cintre.com\/de\/","logo":{"@type":"ImageObject","inLanguage":"de","@id":"https:\/\/www.mon-cintre.com\/de\/#\/schema\/logo\/image\/","url":"https:\/\/www.mon-cintre.com\/wp-content\/uploads\/2022\/12\/logo-blanc.png","contentUrl":"https:\/\/www.mon-cintre.com\/wp-content\/uploads\/2022\/12\/logo-blanc.png","width":345,"height":205,"caption":"Mon Cintre"},"image":{"@id":"https:\/\/www.mon-cintre.com\/de\/#\/schema\/logo\/image\/"}}]}},"_links":{"self":[{"href":"https:\/\/www.mon-cintre.com\/de\/wp-json\/wp\/v2\/pages\/21874","targetHints":{"allow":["GET"]}}],"collection":[{"href":"https:\/\/www.mon-cintre.com\/de\/wp-json\/wp\/v2\/pages"}],"about":[{"href":"https:\/\/www.mon-cintre.com\/de\/wp-json\/wp\/v2\/types\/page"}],"author":[{"embeddable":true,"href":"https:\/\/www.mon-cintre.com\/de\/wp-json\/wp\/v2\/users\/1"}],"replies":[{"embeddable":true,"href":"https:\/\/www.mon-cintre.com\/de\/wp-json\/wp\/v2\/comments?post=21874"}],"version-history":[{"count":34,"href":"https:\/\/www.mon-cintre.com\/de\/wp-json\/wp\/v2\/pages\/21874\/revisions"}],"predecessor-version":[{"id":33895,"href":"https:\/\/www.mon-cintre.com\/de\/wp-json\/wp\/v2\/pages\/21874\/revisions\/33895"}],"wp:attachment":[{"href":"https:\/\/www.mon-cintre.com\/de\/wp-json\/wp\/v2\/media?parent=21874"}],"curies":[{"name":"wp","href":"https:\/\/api.w.org\/{rel}","templated":true}]}}