

{"id":33018,"date":"2025-03-13T17:30:02","date_gmt":"2025-03-13T16:30:02","guid":{"rendered":"https:\/\/www.mon-cintre.com\/kollektion-fuer-zuhause-und-gastgewerbe\/"},"modified":"2025-03-18T11:29:26","modified_gmt":"2025-03-18T10:29:26","slug":"kollektion-fuer-zuhause-und-gastgewerbe","status":"publish","type":"page","link":"https:\/\/www.mon-cintre.com\/de\/kollektion-fuer-zuhause-und-gastgewerbe\/","title":{"rendered":"Kollektion f\u00fcr Zuhause und Gastgewerbe"},"content":{"rendered":"<div class=\"wpb-content-wrapper\"><p>[vc_row el_class=&#8221;heading_content_container clearfix lc_swp_full&#8221;][vc_column][vc_column_text css=&#8221;&#8221; el_class=&#8221;heading_area_title&#8221;]<\/p>\n<h1 class=\"heading_area_title \">KOLLEKTION F\u00dcR ZUHAUSE UND GASTGEWERBE<\/h1>\n<p>[\/vc_column_text][vc_column_text css=&#8221;.vc_custom_1741785039374{margin-top: -20px !important;}&#8221;]<\/p>\n<h5 style=\"text-align: center;\">Produkte nur auf Bestellung und nach Ma\u00df erh\u00e4ltlich<br \/>\nMindestbestellmenge ab 40 St\u00fcck oder mehr je nach Produkt<\/h5>\n<p>[\/vc_column_text][\/vc_column][\/vc_row][vc_row][vc_column]\t<div class=\"lookbook_single_container\">\r\n\t\t<div class=\"lookbook_single text_aside clearfix at_swp_js_css\" data-bgimage=\"https:\/\/www.mon-cintre.com\/wp-content\/uploads\/2025\/03\/porte-facture-cuir-clapet.jpg\" data-height=\"100vh\" data-layoutstyle=\"text_aside\">\r\n\t\t\t\r\n\r\n\t\t\t\t\t\t\t\t\t\t<div class=\"look_content_aside show_on_left no_overlap\">\r\n\t\t\t\t<div class=\"look_content_aside_inner\">\r\n\t\t\t\t\t\t\t\t\t\t\t<h2> Rechnungsmappe Leder <\/h2>\r\n\t\t\t\t\t\t\t\t\t\t\t\t\t\t\t\t<div class=\"look_desc\">\r\n\t\t\t\t\t\t\tRechnungsmappe Leder mit Magnetklappe und Aufbewahrungseinsatz, italienisches Litschi-Leder oder glattes italienisches Leder, gro\u00dfe Farbauswahl, personalisierbar mit Ihrem Logo<\/p>\n<p>Sonderma\u00dfe<strong> auf Anfrage<br \/>\n<\/strong>Mindestbestellmengen : <strong>100 St\u00fcck<\/strong><strong><br \/>\n<\/strong>\t\t\t\t\t\t<\/div>\r\n\t\t\t\t\t\t\t\t\t\t\t\t\t\t\t\t<a href=\"mailto:info@mon-cintre.com\" class=\"look_link text_aside at_link_line_before\">\r\n\t\t\t\t\t\t\tWeitere Informationen\t\t\t\t\t\t<\/a>\r\n\t\t\t\t\t\t\t\t\t<\/div>\r\n\t\t\t<\/div>\r\n\t\t\t<div class=\"look_image_aside wpb_lookbook_elt lc_swp_background_image  no_overlap\" data-bgimage=\"https:\/\/www.mon-cintre.com\/wp-content\/uploads\/2025\/03\/porte-facture-cuir-clapet.jpg\">\t<\/div>\t\r\n\t\t\t\r\n\r\n\t\t\t\t\t<\/div>\r\n\t<\/div>\r\n[\/vc_column][\/vc_row][vc_row at_swp_row_boxed_width=&#8221;force_full&#8221; css=&#8221;.vc_custom_1490905096509{margin-top: 60px !important;}&#8221;][vc_column width=&#8221;1\/2&#8243; offset=&#8221;vc_col-md-offset-0 vc_col-sm-offset-0&#8243;]\t<div class=\"lookbook_single_container\">\r\n\t\t<div class=\"lookbook_single text_aside clearfix at_swp_js_css\" data-bgimage=\"https:\/\/www.mon-cintre.com\/wp-content\/uploads\/2025\/03\/sous-verre-cuir2.jpg\" data-height=\"500px\" data-layoutstyle=\"text_aside\">\r\n\t\t\t\r\n\r\n\t\t\t\t\t\t\t\t\t\t<div class=\"look_content_aside over_image show_on_right\">\r\n\t\t\t\t<div class=\"look_content_aside_inner over_image\">\r\n\t\t\t\t\t\t\t\t\t\t\t<h2> Lederuntersetzern <\/h2>\r\n\t\t\t\t\t\t\t\t\t\t\t\t\t\t\t\t<div class=\"look_desc\">\r\n\t\t\t\t\t\t\t6 Lederuntersetzer mit Aufbewahrungshalter, italienisches Litschi-Leder, gro\u00dfe Farbauswahl, Innenseite aus Alcantara-Mikrofaser, Mindestbestellmenge: 50 St\u00fcck, individuell mit Ihrem Logo bedruckbar.\t\t\t\t\t\t<\/div>\r\n\t\t\t\t\t\t\t\t\t\t\t\t\t\t\t\t<a href=\"mailto:info@mon-cintre.com\" class=\"look_link text_aside at_link_line_before\">\r\n\t\t\t\t\t\t\tWeitere Informationen\t\t\t\t\t\t<\/a>\r\n\t\t\t\t\t\t\t\t\t<\/div>\r\n\t\t\t<\/div>\r\n\t\t\t<div class=\"look_image_aside wpb_lookbook_elt lc_swp_background_image \" data-bgimage=\"https:\/\/www.mon-cintre.com\/wp-content\/uploads\/2025\/03\/sous-verre-cuir2.jpg\">\t<\/div>\t\r\n\t\t\t\r\n\r\n\t\t\t\t\t<\/div>\r\n\t<\/div>\r\n[\/vc_column][vc_column width=&#8221;1\/2&#8243;]\t<div class=\"lookbook_single_container\">\r\n\t\t<div class=\"lookbook_single text_aside clearfix at_swp_js_css\" data-bgimage=\"https:\/\/www.mon-cintre.com\/wp-content\/uploads\/2025\/03\/boite-mouchoir-cuir.jpg\" data-height=\"500px\" data-layoutstyle=\"text_aside\">\r\n\t\t\t\r\n\r\n\t\t\t\t\t\t\t\t\t\t<div class=\"look_content_aside over_image show_on_right\">\r\n\t\t\t\t<div class=\"look_content_aside_inner over_image\">\r\n\t\t\t\t\t\t\t\t\t\t\t<h2> Taschentuchbox aus Leder <\/h2>\r\n\t\t\t\t\t\t\t\t\t\t\t\t\t\t\t\t<div class=\"look_desc\">\r\n\t\t\t\t\t\t\tRechteckige Taschentuchboxen aus Leder, Ma\u00dfe: 25 x 13,5 x 8 cm, andere Gr\u00f6\u00dfen auf Anfrage, italienisches Litschi-Leder, gro\u00dfe Farbauswahl, Innenseite Mikrofaser\/Alcantara, Wildlederoptik, Mindestbestellmenge: 50 St\u00fcck, individualisierbar mit Ihrem Logo.\t\t\t\t\t\t<\/div>\r\n\t\t\t\t\t\t\t\t\t\t\t\t\t\t\t\t<a href=\"mailto:info@mon-cintre.com\" class=\"look_link text_aside at_link_line_before\">\r\n\t\t\t\t\t\t\tWeitere Informationen\t\t\t\t\t\t<\/a>\r\n\t\t\t\t\t\t\t\t\t<\/div>\r\n\t\t\t<\/div>\r\n\t\t\t<div class=\"look_image_aside wpb_lookbook_elt lc_swp_background_image \" data-bgimage=\"https:\/\/www.mon-cintre.com\/wp-content\/uploads\/2025\/03\/boite-mouchoir-cuir.jpg\">\t<\/div>\t\r\n\t\t\t\r\n\r\n\t\t\t\t\t<\/div>\r\n\t<\/div>\r\n[\/vc_column][\/vc_row][vc_row][vc_column css=&#8221;.vc_custom_1741786772763{margin-top: 40px !important;}&#8221;]\t<div class=\"reverse_letter_with_text\">\r\n\t\t<div class=\"rev_rotate_letter\">\r\n\t\t\tA\t\t<\/div>\r\n\t\t<div class=\"reverse_letter_with_text_content\">\r\n\t\t\t<h4> ACCESSOIRES<strong> DE LUXE<\/strong> <\/h4>\r\n\t\t\tNos artisans travaillent avec soin \u00e0 la confection de nos accessoires en cuir pour la maison et l'h\u00f4tellerie.\t\t<\/div>\r\n\t<\/div>\r\n[\/vc_column][\/vc_row][vc_row at_swp_row_boxed_width=&#8221;force_full&#8221; css=&#8221;.vc_custom_1490905096509{margin-top: 60px !important;}&#8221;][vc_column width=&#8221;1\/2&#8243; offset=&#8221;vc_col-md-offset-0 vc_col-sm-offset-0&#8243;]\t<div class=\"lookbook_single_container\">\r\n\t\t<div class=\"lookbook_single text_aside clearfix at_swp_js_css\" data-bgimage=\"https:\/\/www.mon-cintre.com\/wp-content\/uploads\/2025\/03\/pochette-fourre-tout-cuir.jpg\" data-height=\"500px\" data-layoutstyle=\"text_aside\">\r\n\t\t\t\r\n\r\n\t\t\t\t\t\t\t\t\t\t<div class=\"look_content_aside over_image show_on_right\">\r\n\t\t\t\t<div class=\"look_content_aside_inner over_image\">\r\n\t\t\t\t\t\t\t\t\t\t\t<h2> Kleine Ledertasche <\/h2>\r\n\t\t\t\t\t\t\t\t\t\t\t\t\t\t\t\t<div class=\"look_desc\">\r\n\t\t\t\t\t\t\tKleines Ledert\u00e4schchen, gef\u00fcttert mit Polyestergewebe, Ma\u00dfe: 23 x 15 cm, italienisches Litschileder oder italienisches Glattleder, gro\u00dfe Farbauswahl, Mindestbestellmenge: 50 St\u00fcck, individualisierbar mit Ihrem Logo\t\t\t\t\t\t<\/div>\r\n\t\t\t\t\t\t\t\t\t\t\t\t\t\t\t\t<a href=\"mailto:info@mon-cintre.com\" class=\"look_link text_aside at_link_line_before\">\r\n\t\t\t\t\t\t\tWeitere Informationen\t\t\t\t\t\t<\/a>\r\n\t\t\t\t\t\t\t\t\t<\/div>\r\n\t\t\t<\/div>\r\n\t\t\t<div class=\"look_image_aside wpb_lookbook_elt lc_swp_background_image \" data-bgimage=\"https:\/\/www.mon-cintre.com\/wp-content\/uploads\/2025\/03\/pochette-fourre-tout-cuir.jpg\">\t<\/div>\t\r\n\t\t\t\r\n\r\n\t\t\t\t\t<\/div>\r\n\t<\/div>\r\n[\/vc_column][vc_column width=&#8221;1\/2&#8243;]\t<div class=\"lookbook_single_container\">\r\n\t\t<div class=\"lookbook_single text_aside clearfix at_swp_js_css\" data-bgimage=\"https:\/\/www.mon-cintre.com\/wp-content\/uploads\/2025\/03\/poubelle-papier-cuir.jpg\" data-height=\"500px\" data-layoutstyle=\"text_aside\">\r\n\t\t\t\r\n\r\n\t\t\t\t\t\t\t\t\t\t<div class=\"look_content_aside over_image show_on_right\">\r\n\t\t\t\t<div class=\"look_content_aside_inner over_image\">\r\n\t\t\t\t\t\t\t\t\t\t\t<h2> Papierkorb aus Leder <\/h2>\r\n\t\t\t\t\t\t\t\t\t\t\t\t\t\t\t\t<div class=\"look_desc\">\r\n\t\t\t\t\t\t\tPapierkorb aus Leder, Durchmesser 25 cm, H\u00f6he 30 cm, italienisches Litschi-Leder oder glattes italienisches Leder, gro\u00dfe Farbauswahl, Innenseite aus Mikrofaser\/Alcantara, Wildlederoptik, Mindestbestellmenge: 40 St\u00fcck, personalisierbar mit Ihrem Logo.\t\t\t\t\t\t<\/div>\r\n\t\t\t\t\t\t\t\t\t\t\t\t\t\t\t\t<a href=\"mailto:info@mon-cintre.com\" class=\"look_link text_aside at_link_line_before\">\r\n\t\t\t\t\t\t\tWeitere Informationen\t\t\t\t\t\t<\/a>\r\n\t\t\t\t\t\t\t\t\t<\/div>\r\n\t\t\t<\/div>\r\n\t\t\t<div class=\"look_image_aside wpb_lookbook_elt lc_swp_background_image \" data-bgimage=\"https:\/\/www.mon-cintre.com\/wp-content\/uploads\/2025\/03\/poubelle-papier-cuir.jpg\">\t<\/div>\t\r\n\t\t\t\r\n\r\n\t\t\t\t\t<\/div>\r\n\t<\/div>\r\n[\/vc_column][\/vc_row][vc_row][vc_column css=&#8221;.vc_custom_1741786772763{margin-top: 40px !important;}&#8221;]\t<div class=\"reverse_letter_with_text\">\r\n\t\t<div class=\"rev_rotate_letter\">\r\n\t\t\tS\t\t<\/div>\r\n\t\t<div class=\"reverse_letter_with_text_content\">\r\n\t\t\t<h4> SUR <strong> MESURE<\/strong> <\/h4>\r\n\t\t\tChoisissez votre coloris et finition de cuir et apposez votre marque.\t\t<\/div>\r\n\t<\/div>\r\n[\/vc_column][\/vc_row][vc_row at_swp_row_boxed_width=&#8221;force_full&#8221; css=&#8221;.vc_custom_1490905096509{margin-top: 60px !important;}&#8221;][vc_column width=&#8221;1\/2&#8243; offset=&#8221;vc_col-md-offset-0 vc_col-sm-offset-0&#8243;]\t<div class=\"lookbook_single_container\">\r\n\t\t<div class=\"lookbook_single text_aside clearfix at_swp_js_css\" data-bgimage=\"https:\/\/www.mon-cintre.com\/wp-content\/uploads\/2025\/03\/vide-poche-en-cuir.jpg\" data-height=\"500px\" data-layoutstyle=\"text_aside\">\r\n\t\t\t\r\n\r\n\t\t\t\t\t\t\t\t\t\t<div class=\"look_content_aside over_image show_on_right\">\r\n\t\t\t\t<div class=\"look_content_aside_inner over_image\">\r\n\t\t\t\t\t\t\t\t\t\t\t<h2> Taschenleerer aus Leder <\/h2>\r\n\t\t\t\t\t\t\t\t\t\t\t\t\t\t\t\t<div class=\"look_desc\">\r\n\t\t\t\t\t\t\tQuadratischer Taschenleerer aus Leder mit Druckkn\u00f6pfen, Ma\u00dfe: 21 x 21 cm, italienisches Litschi-Leder, gro\u00dfe Farbauswahl, verschiedene Formen und Gr\u00f6\u00dfen erh\u00e4ltlich, Mindestbestellmenge: 50 St\u00fcck, personalisierbar mit Ihrem Logo.\t\t\t\t\t\t<\/div>\r\n\t\t\t\t\t\t\t\t\t\t\t\t\t\t\t\t<a href=\"mailto:info@mon-cintre.com\" class=\"look_link text_aside at_link_line_before\">\r\n\t\t\t\t\t\t\tWeitere Informationen\t\t\t\t\t\t<\/a>\r\n\t\t\t\t\t\t\t\t\t<\/div>\r\n\t\t\t<\/div>\r\n\t\t\t<div class=\"look_image_aside wpb_lookbook_elt lc_swp_background_image \" data-bgimage=\"https:\/\/www.mon-cintre.com\/wp-content\/uploads\/2025\/03\/vide-poche-en-cuir.jpg\">\t<\/div>\t\r\n\t\t\t\r\n\r\n\t\t\t\t\t<\/div>\r\n\t<\/div>\r\n[\/vc_column][vc_column width=&#8221;1\/2&#8243;]\t<div class=\"lookbook_single_container\">\r\n\t\t<div class=\"lookbook_single text_aside clearfix at_swp_js_css\" data-bgimage=\"https:\/\/www.mon-cintre.com\/wp-content\/uploads\/2025\/03\/plateau-service-cuir.jpg\" data-height=\"500px\" data-layoutstyle=\"text_aside\">\r\n\t\t\t\r\n\r\n\t\t\t\t\t\t\t\t\t\t<div class=\"look_content_aside over_image show_on_right\">\r\n\t\t\t\t<div class=\"look_content_aside_inner over_image\">\r\n\t\t\t\t\t\t\t\t\t\t\t<h2> Serviertablett aus Leder <\/h2>\r\n\t\t\t\t\t\t\t\t\t\t\t\t\t\t\t\t<div class=\"look_desc\">\r\n\t\t\t\t\t\t\tServiertablett aus Leder, Unterseite mit Mikrofaser\/Alcantara beschichtet, Wildlederoptik, Ma\u00dfe: 50 x 35 cm, italienisches Litschileder oder italienisches Glattleder, gro\u00dfe Farbauswahl, Mindestbestellmenge: 50 St\u00fcck, personalisiert mit Ihrem Logo.\t\t\t\t\t\t<\/div>\r\n\t\t\t\t\t\t\t\t\t\t\t\t\t\t\t\t<a href=\"mailto:info@mon-cintre.com\" class=\"look_link text_aside at_link_line_before\">\r\n\t\t\t\t\t\t\tWeitere Informationen\t\t\t\t\t\t<\/a>\r\n\t\t\t\t\t\t\t\t\t<\/div>\r\n\t\t\t<\/div>\r\n\t\t\t<div class=\"look_image_aside wpb_lookbook_elt lc_swp_background_image \" data-bgimage=\"https:\/\/www.mon-cintre.com\/wp-content\/uploads\/2025\/03\/plateau-service-cuir.jpg\">\t<\/div>\t\r\n\t\t\t\r\n\r\n\t\t\t\t\t<\/div>\r\n\t<\/div>\r\n[\/vc_column][\/vc_row][vc_row][vc_column width=&#8221;1\/4&#8243; css=&#8221;.vc_custom_1741790839786{background-color: #FFFFFF4A !important;background-position: center !important;background-repeat: no-repeat !important;background-size: cover !important;border-color: #FFFFFF99 !important;}&#8221;][\/vc_column][vc_column width=&#8221;1\/2&#8243; css=&#8221;.vc_custom_1741793118181{margin-top: 20px !important;margin-bottom: 20px !important;border-top-width: 1px !important;border-right-width: 1px !important;border-bottom-width: 1px !important;border-left-width: 1px !important;padding-top: -10px !important;padding-bottom: -10px !important;background-color: #1C325466 !important;border-left-style: solid !important;border-right-style: solid !important;border-top-style: solid !important;border-bottom-style: solid !important;border-radius: 1px !important;border-color: #000000 !important;}&#8221;][vc_column_text css=&#8221;.vc_custom_1742293420583{border-radius: 1px !important;border-color: #FFFFFF !important;}&#8221;]<\/p>\n<h2 style=\"text-align: center;\">Weitere Produkte auf Anfrage<br \/>Kontaktieren Sie uns f\u00fcr eine individuelle Studie oder ein anderes ma\u00dfgeschneidertes Projekt<\/h2>\n<p style=\"text-align: center;\"><a href=\"mailto:sur-mesure@mon-cintre.com\">sur-mesure@mon-cintre.com<\/a><\/p>\n<p>[\/vc_column_text][\/vc_column][vc_column width=&#8221;1\/4&#8243;][\/vc_column][\/vc_row]<\/p>\n<\/div>","protected":false},"excerpt":{"rendered":"<p>[vc_row el_class=&#8221;heading_content_container clearfix lc_swp_full&#8221;][vc_column][vc_column_text css=&#8221;&#8221; el_class=&#8221;heading_area_title&#8221;] KOLLEKTION F\u00dcR ZUHAUSE UND GASTGEWERBE [\/vc_column_text][vc_column_text css=&#8221;.vc_custom_1741785039374{margin-top: -20px !important;}&#8221;] Produkte nur auf Bestellung und nach Ma\u00df erh\u00e4ltlich Mindestbestellmenge ab 40 St\u00fcck oder mehr je nach Produkt [\/vc_column_text][\/vc_column][\/vc_row][vc_row][vc_column][\/vc_column][\/vc_row][vc_row at_swp_row_boxed_width=&#8221;force_full&#8221; css=&#8221;.vc_custom_1490905096509{margin-top: 60px !important;}&#8221;][vc_column width=&#8221;1\/2&#8243; offset=&#8221;vc_col-md-offset-0 vc_col-sm-offset-0&#8243;][\/vc_column][vc_column&#8230;<\/p>\n","protected":false},"author":1,"featured_media":0,"parent":0,"menu_order":0,"comment_status":"closed","ping_status":"closed","template":"template-visual-composer.php","meta":{"inline_featured_image":false,"footnotes":""},"class_list":["post-33018","page","type-page","status-publish","hentry"],"yoast_head":"<!-- This site is optimized with the Yoast SEO plugin v27.4 - https:\/\/yoast.com\/product\/yoast-seo-wordpress\/ -->\n<title>Luxuri\u00f6se Lederwaren f\u00fcr Zuhause und Hotels<\/title>\n<meta name=\"description\" content=\"Ma\u00dfgeschneiderte Kollektion luxuri\u00f6ser Lederprodukte f\u00fcr das Zuhause und die Gastronomie. Nur auf Bestellung erh\u00e4ltlich.\" \/>\n<meta name=\"robots\" content=\"index, follow, max-snippet:-1, max-image-preview:large, max-video-preview:-1\" \/>\n<link rel=\"canonical\" href=\"https:\/\/www.mon-cintre.com\/de\/kollektion-fuer-zuhause-und-gastgewerbe\/\" \/>\n<meta property=\"og:locale\" content=\"de_DE\" \/>\n<meta property=\"og:type\" content=\"article\" \/>\n<meta property=\"og:title\" content=\"Luxuri\u00f6se Lederwaren f\u00fcr Zuhause und Hotels\" \/>\n<meta property=\"og:description\" content=\"Ma\u00dfgeschneiderte Kollektion luxuri\u00f6ser Lederprodukte f\u00fcr das Zuhause und die Gastronomie. Nur auf Bestellung erh\u00e4ltlich.\" \/>\n<meta property=\"og:url\" content=\"https:\/\/www.mon-cintre.com\/de\/kollektion-fuer-zuhause-und-gastgewerbe\/\" \/>\n<meta property=\"og:site_name\" content=\"Mon Cintre\" \/>\n<meta property=\"article:modified_time\" content=\"2025-03-18T10:29:26+00:00\" \/>\n<meta name=\"twitter:card\" content=\"summary_large_image\" \/>\n<meta name=\"twitter:label1\" content=\"Gesch\u00e4tzte Lesezeit\" \/>\n\t<meta name=\"twitter:data1\" content=\"2\u00a0Minuten\" \/>\n<script type=\"application\/ld+json\" class=\"yoast-schema-graph\">{\"@context\":\"https:\\\/\\\/schema.org\",\"@graph\":[{\"@type\":\"WebPage\",\"@id\":\"https:\\\/\\\/www.mon-cintre.com\\\/de\\\/kollektion-fuer-zuhause-und-gastgewerbe\\\/\",\"url\":\"https:\\\/\\\/www.mon-cintre.com\\\/de\\\/kollektion-fuer-zuhause-und-gastgewerbe\\\/\",\"name\":\"Luxuri\u00f6se Lederwaren f\u00fcr Zuhause und Hotels\",\"isPartOf\":{\"@id\":\"https:\\\/\\\/www.mon-cintre.com\\\/de\\\/#website\"},\"datePublished\":\"2025-03-13T16:30:02+00:00\",\"dateModified\":\"2025-03-18T10:29:26+00:00\",\"description\":\"Ma\u00dfgeschneiderte Kollektion luxuri\u00f6ser Lederprodukte f\u00fcr das Zuhause und die Gastronomie. Nur auf Bestellung erh\u00e4ltlich.\",\"breadcrumb\":{\"@id\":\"https:\\\/\\\/www.mon-cintre.com\\\/de\\\/kollektion-fuer-zuhause-und-gastgewerbe\\\/#breadcrumb\"},\"inLanguage\":\"de\",\"potentialAction\":[{\"@type\":\"ReadAction\",\"target\":[\"https:\\\/\\\/www.mon-cintre.com\\\/de\\\/kollektion-fuer-zuhause-und-gastgewerbe\\\/\"]}]},{\"@type\":\"BreadcrumbList\",\"@id\":\"https:\\\/\\\/www.mon-cintre.com\\\/de\\\/kollektion-fuer-zuhause-und-gastgewerbe\\\/#breadcrumb\",\"itemListElement\":[{\"@type\":\"ListItem\",\"position\":1,\"name\":\"Accueil\",\"item\":\"https:\\\/\\\/www.mon-cintre.com\\\/de\\\/\"},{\"@type\":\"ListItem\",\"position\":2,\"name\":\"Kollektion f\u00fcr Zuhause und Gastgewerbe\"}]},{\"@type\":\"WebSite\",\"@id\":\"https:\\\/\\\/www.mon-cintre.com\\\/de\\\/#website\",\"url\":\"https:\\\/\\\/www.mon-cintre.com\\\/de\\\/\",\"name\":\"Mon Cintre\",\"description\":\"Cintres et accessoires de dressing\",\"publisher\":{\"@id\":\"https:\\\/\\\/www.mon-cintre.com\\\/de\\\/#organization\"},\"potentialAction\":[{\"@type\":\"SearchAction\",\"target\":{\"@type\":\"EntryPoint\",\"urlTemplate\":\"https:\\\/\\\/www.mon-cintre.com\\\/de\\\/?s={search_term_string}\"},\"query-input\":{\"@type\":\"PropertyValueSpecification\",\"valueRequired\":true,\"valueName\":\"search_term_string\"}}],\"inLanguage\":\"de\"},{\"@type\":\"Organization\",\"@id\":\"https:\\\/\\\/www.mon-cintre.com\\\/de\\\/#organization\",\"name\":\"Mon Cintre\",\"url\":\"https:\\\/\\\/www.mon-cintre.com\\\/de\\\/\",\"logo\":{\"@type\":\"ImageObject\",\"inLanguage\":\"de\",\"@id\":\"https:\\\/\\\/www.mon-cintre.com\\\/de\\\/#\\\/schema\\\/logo\\\/image\\\/\",\"url\":\"https:\\\/\\\/www.mon-cintre.com\\\/wp-content\\\/uploads\\\/2022\\\/12\\\/logo-blanc.png\",\"contentUrl\":\"https:\\\/\\\/www.mon-cintre.com\\\/wp-content\\\/uploads\\\/2022\\\/12\\\/logo-blanc.png\",\"width\":345,\"height\":205,\"caption\":\"Mon Cintre\"},\"image\":{\"@id\":\"https:\\\/\\\/www.mon-cintre.com\\\/de\\\/#\\\/schema\\\/logo\\\/image\\\/\"}}]}<\/script>\n<!-- \/ Yoast SEO plugin. -->","yoast_head_json":{"title":"Luxuri\u00f6se Lederwaren f\u00fcr Zuhause und Hotels","description":"Ma\u00dfgeschneiderte Kollektion luxuri\u00f6ser Lederprodukte f\u00fcr das Zuhause und die Gastronomie. Nur auf Bestellung erh\u00e4ltlich.","robots":{"index":"index","follow":"follow","max-snippet":"max-snippet:-1","max-image-preview":"max-image-preview:large","max-video-preview":"max-video-preview:-1"},"canonical":"https:\/\/www.mon-cintre.com\/de\/kollektion-fuer-zuhause-und-gastgewerbe\/","og_locale":"de_DE","og_type":"article","og_title":"Luxuri\u00f6se Lederwaren f\u00fcr Zuhause und Hotels","og_description":"Ma\u00dfgeschneiderte Kollektion luxuri\u00f6ser Lederprodukte f\u00fcr das Zuhause und die Gastronomie. Nur auf Bestellung erh\u00e4ltlich.","og_url":"https:\/\/www.mon-cintre.com\/de\/kollektion-fuer-zuhause-und-gastgewerbe\/","og_site_name":"Mon Cintre","article_modified_time":"2025-03-18T10:29:26+00:00","twitter_card":"summary_large_image","twitter_misc":{"Gesch\u00e4tzte Lesezeit":"2\u00a0Minuten"},"schema":{"@context":"https:\/\/schema.org","@graph":[{"@type":"WebPage","@id":"https:\/\/www.mon-cintre.com\/de\/kollektion-fuer-zuhause-und-gastgewerbe\/","url":"https:\/\/www.mon-cintre.com\/de\/kollektion-fuer-zuhause-und-gastgewerbe\/","name":"Luxuri\u00f6se Lederwaren f\u00fcr Zuhause und Hotels","isPartOf":{"@id":"https:\/\/www.mon-cintre.com\/de\/#website"},"datePublished":"2025-03-13T16:30:02+00:00","dateModified":"2025-03-18T10:29:26+00:00","description":"Ma\u00dfgeschneiderte Kollektion luxuri\u00f6ser Lederprodukte f\u00fcr das Zuhause und die Gastronomie. Nur auf Bestellung erh\u00e4ltlich.","breadcrumb":{"@id":"https:\/\/www.mon-cintre.com\/de\/kollektion-fuer-zuhause-und-gastgewerbe\/#breadcrumb"},"inLanguage":"de","potentialAction":[{"@type":"ReadAction","target":["https:\/\/www.mon-cintre.com\/de\/kollektion-fuer-zuhause-und-gastgewerbe\/"]}]},{"@type":"BreadcrumbList","@id":"https:\/\/www.mon-cintre.com\/de\/kollektion-fuer-zuhause-und-gastgewerbe\/#breadcrumb","itemListElement":[{"@type":"ListItem","position":1,"name":"Accueil","item":"https:\/\/www.mon-cintre.com\/de\/"},{"@type":"ListItem","position":2,"name":"Kollektion f\u00fcr Zuhause und Gastgewerbe"}]},{"@type":"WebSite","@id":"https:\/\/www.mon-cintre.com\/de\/#website","url":"https:\/\/www.mon-cintre.com\/de\/","name":"Mon Cintre","description":"Cintres et accessoires de dressing","publisher":{"@id":"https:\/\/www.mon-cintre.com\/de\/#organization"},"potentialAction":[{"@type":"SearchAction","target":{"@type":"EntryPoint","urlTemplate":"https:\/\/www.mon-cintre.com\/de\/?s={search_term_string}"},"query-input":{"@type":"PropertyValueSpecification","valueRequired":true,"valueName":"search_term_string"}}],"inLanguage":"de"},{"@type":"Organization","@id":"https:\/\/www.mon-cintre.com\/de\/#organization","name":"Mon Cintre","url":"https:\/\/www.mon-cintre.com\/de\/","logo":{"@type":"ImageObject","inLanguage":"de","@id":"https:\/\/www.mon-cintre.com\/de\/#\/schema\/logo\/image\/","url":"https:\/\/www.mon-cintre.com\/wp-content\/uploads\/2022\/12\/logo-blanc.png","contentUrl":"https:\/\/www.mon-cintre.com\/wp-content\/uploads\/2022\/12\/logo-blanc.png","width":345,"height":205,"caption":"Mon Cintre"},"image":{"@id":"https:\/\/www.mon-cintre.com\/de\/#\/schema\/logo\/image\/"}}]}},"_links":{"self":[{"href":"https:\/\/www.mon-cintre.com\/de\/wp-json\/wp\/v2\/pages\/33018","targetHints":{"allow":["GET"]}}],"collection":[{"href":"https:\/\/www.mon-cintre.com\/de\/wp-json\/wp\/v2\/pages"}],"about":[{"href":"https:\/\/www.mon-cintre.com\/de\/wp-json\/wp\/v2\/types\/page"}],"author":[{"embeddable":true,"href":"https:\/\/www.mon-cintre.com\/de\/wp-json\/wp\/v2\/users\/1"}],"replies":[{"embeddable":true,"href":"https:\/\/www.mon-cintre.com\/de\/wp-json\/wp\/v2\/comments?post=33018"}],"version-history":[{"count":6,"href":"https:\/\/www.mon-cintre.com\/de\/wp-json\/wp\/v2\/pages\/33018\/revisions"}],"predecessor-version":[{"id":33031,"href":"https:\/\/www.mon-cintre.com\/de\/wp-json\/wp\/v2\/pages\/33018\/revisions\/33031"}],"wp:attachment":[{"href":"https:\/\/www.mon-cintre.com\/de\/wp-json\/wp\/v2\/media?parent=33018"}],"curies":[{"name":"wp","href":"https:\/\/api.w.org\/{rel}","templated":true}]}}