

{"id":33439,"date":"2025-06-25T14:54:33","date_gmt":"2025-06-25T12:54:33","guid":{"rendered":"https:\/\/www.mon-cintre.com\/datenschutzrichtlinie\/"},"modified":"2025-06-25T14:54:33","modified_gmt":"2025-06-25T12:54:33","slug":"datenschutzrichtlinie","status":"publish","type":"page","link":"https:\/\/www.mon-cintre.com\/de\/datenschutzrichtlinie\/","title":{"rendered":"Datenschutzrichtlinie"},"content":{"rendered":"<p>Diese Datenschutzrichtlinie regelt die Nutzung der Website mon-cintre.com, die Eigentum von MI TIENDA DE PERCHAS S.L. ist. Mi tienda de perchas SL ist eine Gesellschaft mit beschr\u00e4nkter Haftung mit Sitz in der Avenida Mila Real 137, Betera (Valencia, 46117), mit der Steuernummer B98981368. Eingetragen im Handelsregister von Valencia, Band 10464, Blatt 70, Eintrag 1 &#8211; V-180791, E-Mail: info@mon-cintre.com<\/p>\n<p>ARTIKEL 1 \u2013 ERHOBENE PERSONENBEZOGENE DATEN<\/p>\n<p>Wenn Sie in unserem Shop einkaufen, erheben wir im Rahmen des Kauf- und Verkaufsprozesses die von Ihnen angegebenen personenbezogenen Daten wie Ihren Namen, Ihre Adresse und Ihre E-Mail-Adresse.<\/p>\n<p>Wenn Sie in unserem Shop st\u00f6bern, erhalten wir automatisch die IP-Adresse Ihres Computers, um Informationen \u00fcber Ihren Browser und Ihr Betriebssystem zu erhalten.<\/p>\n<p>E-Mail-Marketing (falls zutreffend): Mit Ihrer Einwilligung senden wir Ihnen m\u00f6glicherweise E-Mails \u00fcber unseren Shop, neue Produkte und andere Neuigkeiten.<\/p>\n<p>ABSCHNITT 2 \u2013 ZUSTIMMUNG<\/p>\n<p>Wie erhalten Sie meine Einwilligung?<\/p>\n<p>Wenn Sie uns personenbezogene Daten zur Verf\u00fcgung stellen, um eine Transaktion abzuschlie\u00dfen, Ihre Kreditkarte zu verifizieren, eine Bestellung aufzugeben, eine Lieferung zu vereinbaren oder einen Kauf zur\u00fcckzugeben, erkl\u00e4ren Sie sich damit einverstanden, dass wir diese Daten ausschlie\u00dflich f\u00fcr diesen Zweck erfassen und verwenden.<\/p>\n<p>Wenn wir Ihre personenbezogenen Daten aus einem sekund\u00e4ren Grund, z. B. f\u00fcr Marketingzwecke, anfordern, bitten wir Sie entweder direkt um Ihre ausdr\u00fcckliche Einwilligung oder bieten Ihnen die M\u00f6glichkeit, der Nutzung zu widersprechen.<\/p>\n<p>Wie kann ich meine Einwilligung widerrufen?<\/p>\n<p>Sollten Sie nach Ihrer Einwilligung Ihre Meinung \u00e4ndern und nicht mehr damit einverstanden sein, dass wir Sie kontaktieren, Ihre Daten erheben, verwenden oder weitergeben, k\u00f6nnen Sie uns dies unter <a href=\"mailto:info@mon-cintre.com\">info@mon-cintre.com<\/a> mitteilen.<\/p>\n<p>Oder per Post an:<\/p>\n<p>Mi tienda de perchas SL<\/p>\n<p>Avenida Mila Real, 137 (Puerta 36)<\/p>\n<p>46117 B\u00e9tera (Valencia)<\/p>\n<p>Spanien<\/p>\n<p>ABSCHNITT 3 \u2013 OFFENLEGUNG<\/p>\n<p>Wir k\u00f6nnen Ihre personenbezogenen Daten weitergeben, wenn wir gesetzlich dazu verpflichtet sind oder wenn Sie gegen unsere Nutzungsbedingungen versto\u00dfen.<\/p>\n<p>ABSCHNITT 4 \u2013 DATENSPEICHERUNG<\/p>\n<p>Unser Shop wird auf Gandi.net gehostet und mit WooCommerce entwickelt.<\/p>\n<p>Ihre Daten werden im Datenspeichersystem und in den Datenbanken von Gandi sowie in der allgemeinen WooCommerce-Anwendung gespeichert. Ihre Daten werden auf einem sicheren Server hinter einer Firewall gespeichert.<\/p>\n<p>Zahlung:<\/p>\n<p>Wenn Sie \u00fcber eines unserer Zahlungsportale (Redsys oder PayPal) einkaufen, werden Ihre Kreditkartendaten gespeichert. Diese Daten werden gem\u00e4\u00df dem Payment Card Industry Data Security Standard (PCI-DSS) verschl\u00fcsselt. Ihre Transaktionsdaten werden nur so lange gespeichert, wie es f\u00fcr die Abwicklung Ihrer Bestellung erforderlich ist. Nach Abschluss Ihrer Bestellung werden sie gel\u00f6scht.<\/p>\n<p>ABSCHNITT 5 \u2013 DIENSTLEISTUNGEN DRITTER<\/p>\n<p>Die von uns genutzten Drittanbieter erheben, verwenden und geben Ihre Daten grunds\u00e4tzlich nur in dem Umfang weiter, der f\u00fcr die Erbringung ihrer Dienstleistungen erforderlich ist.<\/p>\n<p>Bestimmte Drittanbieter, wie z. B. Zahlungsportale und andere Zahlungsabwickler, haben jedoch eigene Datenschutzrichtlinien in Bezug auf die Informationen, die wir ihnen im Rahmen Ihrer Kauftransaktionen zur Verf\u00fcgung stellen m\u00fcssen.<\/p>\n<p>Wir empfehlen Ihnen, die Datenschutzrichtlinien dieser Anbieter zu lesen, um zu verstehen, wie Ihre personenbezogenen Daten von diesen Anbietern verarbeitet werden.<\/p>\n<p>Bitte beachten Sie, dass bestimmte Anbieter ihren Sitz oder ihre Niederlassungen in einer anderen Gerichtsbarkeit haben k\u00f6nnen als Sie oder wir. Wenn Sie eine Transaktion durchf\u00fchren, die die Dienste eines Drittanbieters in Anspruch nimmt, unterliegen Ihre Daten m\u00f6glicherweise den Gesetzen der Gerichtsbarkeit(en), in der sich dieser Dienstleister oder seine Niederlassungen befinden.<\/p>\n<p>Sobald Sie die Website unseres Shops verlassen oder auf eine Website oder Anwendung eines Drittanbieters weitergeleitet werden, unterliegen Sie nicht mehr dieser Datenschutzrichtlinie oder den Nutzungsbedingungen unserer Website.<\/p>\n<p>Links:<\/p>\n<p>Durch Anklicken bestimmter Links auf unserer Website k\u00f6nnen Sie unsere Website verlassen. Wir sind nicht f\u00fcr die Datenschutzpraktiken dieser Links verantwortlich.<\/p>\n<p>ABSCHNITT 6 \u2013 SICHERHEIT<\/p>\n<p>Zum Schutz Ihrer personenbezogenen Daten ergreifen wir angemessene Vorkehrungen und befolgen branchen\u00fcbliche Best Practices, um sicherzustellen, dass diese nicht unberechtigt verloren gehen, missbraucht, abgerufen, weitergegeben, ver\u00e4ndert oder zerst\u00f6rt werden.<\/p>\n<p>Wenn Sie uns Ihre Kreditkartendaten \u00fcbermitteln, werden diese mit Secure Socket Layer (SSL) verschl\u00fcsselt und mit einer AES-256-Verschl\u00fcsselung gespeichert. Obwohl keine Methode der Internet\u00fcbertragung oder elektronischen Speicherung 100 % sicher ist, erf\u00fcllen wir alle PCI-DSS-Anforderungen und implementieren weitere allgemein anerkannte Industriestandards.<\/p>\n<p>ABSCHNITT 7 \u2013 VOLLJ\u00c4HRIGKEIT<\/p>\n<p>Durch die Nutzung dieser Website erkl\u00e4ren Sie, dass Sie in Ihrem Wohnsitzstaat oder -provinz mindestens vollj\u00e4hrig sind oder dass Sie in Ihrem Wohnsitzstaat oder -provinz vollj\u00e4hrig sind und uns Ihr Einverst\u00e4ndnis erteilt haben, dass Ihre minderj\u00e4hrigen Angeh\u00f6rigen diese Website nutzen d\u00fcrfen.<\/p>\n<p>ABSCHNITT 8 \u2013 \u00c4NDERUNGEN DIESER DATENSCHUTZERKL\u00c4RUNG<\/p>\n<p>Wir behalten uns das Recht vor, diese Datenschutzrichtlinie jederzeit zu \u00e4ndern. Bitte \u00fcberpr\u00fcfen Sie sie daher regelm\u00e4\u00dfig. \u00c4nderungen und Klarstellungen treten unmittelbar nach ihrer Ver\u00f6ffentlichung auf der Website in Kraft. Sollten wir wesentliche \u00c4nderungen an dieser Richtlinie vornehmen, informieren wir Sie hier \u00fcber die Aktualisierung, damit Sie wissen, welche Daten wir erheben, wie wir sie verwenden und unter welchen Umst\u00e4nden wir sie gegebenenfalls verwenden und\/oder weitergeben.<\/p>\n<p>Sollte unser Shop \u00fcbernommen oder mit einem anderen Unternehmen fusioniert werden, k\u00f6nnen Ihre Daten an die neuen Eigent\u00fcmer \u00fcbertragen werden, damit wir Ihnen weiterhin Produkte verkaufen k\u00f6nnen.<\/p>\n<p>FRAGEN UND KONTAKTINFORMATIONEN<\/p>\n<p>Wenn Sie Ihre personenbezogenen Daten einsehen, korrigieren, erg\u00e4nzen oder l\u00f6schen m\u00f6chten, eine Beschwerde einreichen oder einfach weitere Informationen w\u00fcnschen, wenden Sie sich bitte an unseren Datenschutzbeauftragten unter info@mon-cintre.com oder per Post an Mi tienda de perchas SL \u2013 Avenida Mila Real, 137, Puerta 36 \u2013 46117 B\u00e9tera (Valencia), Spanien.<\/p>\n","protected":false},"excerpt":{"rendered":"<p>Diese Datenschutzrichtlinie regelt die Nutzung der Website mon-cintre.com, die Eigentum von MI TIENDA DE PERCHAS S.L. ist. Mi tienda de perchas SL ist eine Gesellschaft mit beschr\u00e4nkter Haftung mit Sitz in der Avenida Mila Real 137, Betera (Valencia, 46117), mit&#8230;<\/p>\n","protected":false},"author":1,"featured_media":0,"parent":0,"menu_order":0,"comment_status":"closed","ping_status":"open","template":"","meta":{"inline_featured_image":false,"footnotes":""},"class_list":["post-33439","page","type-page","status-publish","hentry"],"yoast_head":"<!-- This site is optimized with the Yoast SEO plugin v27.6 - https:\/\/yoast.com\/product\/yoast-seo-wordpress\/ -->\n<title>Datenschutzrichtlinie - Mon Cintre<\/title>\n<meta name=\"robots\" content=\"index, follow, max-snippet:-1, max-image-preview:large, max-video-preview:-1\" \/>\n<link rel=\"canonical\" href=\"https:\/\/www.mon-cintre.com\/de\/datenschutzrichtlinie\/\" \/>\n<meta property=\"og:locale\" content=\"de_DE\" \/>\n<meta property=\"og:type\" content=\"article\" \/>\n<meta property=\"og:title\" content=\"Datenschutzrichtlinie - Mon Cintre\" \/>\n<meta property=\"og:description\" content=\"Diese Datenschutzrichtlinie regelt die Nutzung der Website mon-cintre.com, die Eigentum von MI TIENDA DE PERCHAS S.L. ist. Mi tienda de perchas SL ist eine Gesellschaft mit beschr\u00e4nkter Haftung mit Sitz in der Avenida Mila Real 137, Betera (Valencia, 46117), mit...\" \/>\n<meta property=\"og:url\" content=\"https:\/\/www.mon-cintre.com\/de\/datenschutzrichtlinie\/\" \/>\n<meta property=\"og:site_name\" content=\"Mon Cintre\" \/>\n<meta name=\"twitter:card\" content=\"summary_large_image\" \/>\n<meta name=\"twitter:label1\" content=\"Gesch\u00e4tzte Lesezeit\" \/>\n\t<meta name=\"twitter:data1\" content=\"4\u00a0Minuten\" \/>\n<script type=\"application\/ld+json\" class=\"yoast-schema-graph\">{\"@context\":\"https:\\\/\\\/schema.org\",\"@graph\":[{\"@type\":\"WebPage\",\"@id\":\"https:\\\/\\\/www.mon-cintre.com\\\/de\\\/datenschutzrichtlinie\\\/\",\"url\":\"https:\\\/\\\/www.mon-cintre.com\\\/de\\\/datenschutzrichtlinie\\\/\",\"name\":\"Datenschutzrichtlinie - Mon Cintre\",\"isPartOf\":{\"@id\":\"https:\\\/\\\/www.mon-cintre.com\\\/de\\\/#website\"},\"datePublished\":\"2025-06-25T12:54:33+00:00\",\"breadcrumb\":{\"@id\":\"https:\\\/\\\/www.mon-cintre.com\\\/de\\\/datenschutzrichtlinie\\\/#breadcrumb\"},\"inLanguage\":\"de\",\"potentialAction\":[{\"@type\":\"ReadAction\",\"target\":[\"https:\\\/\\\/www.mon-cintre.com\\\/de\\\/datenschutzrichtlinie\\\/\"]}]},{\"@type\":\"BreadcrumbList\",\"@id\":\"https:\\\/\\\/www.mon-cintre.com\\\/de\\\/datenschutzrichtlinie\\\/#breadcrumb\",\"itemListElement\":[{\"@type\":\"ListItem\",\"position\":1,\"name\":\"Accueil\",\"item\":\"https:\\\/\\\/www.mon-cintre.com\\\/de\\\/\"},{\"@type\":\"ListItem\",\"position\":2,\"name\":\"Datenschutzrichtlinie\"}]},{\"@type\":\"WebSite\",\"@id\":\"https:\\\/\\\/www.mon-cintre.com\\\/de\\\/#website\",\"url\":\"https:\\\/\\\/www.mon-cintre.com\\\/de\\\/\",\"name\":\"Mon Cintre\",\"description\":\"Cintres et accessoires de dressing\",\"publisher\":{\"@id\":\"https:\\\/\\\/www.mon-cintre.com\\\/de\\\/#organization\"},\"potentialAction\":[{\"@type\":\"SearchAction\",\"target\":{\"@type\":\"EntryPoint\",\"urlTemplate\":\"https:\\\/\\\/www.mon-cintre.com\\\/de\\\/?s={search_term_string}\"},\"query-input\":{\"@type\":\"PropertyValueSpecification\",\"valueRequired\":true,\"valueName\":\"search_term_string\"}}],\"inLanguage\":\"de\"},{\"@type\":\"Organization\",\"@id\":\"https:\\\/\\\/www.mon-cintre.com\\\/de\\\/#organization\",\"name\":\"Mon Cintre\",\"url\":\"https:\\\/\\\/www.mon-cintre.com\\\/de\\\/\",\"logo\":{\"@type\":\"ImageObject\",\"inLanguage\":\"de\",\"@id\":\"https:\\\/\\\/www.mon-cintre.com\\\/de\\\/#\\\/schema\\\/logo\\\/image\\\/\",\"url\":\"https:\\\/\\\/www.mon-cintre.com\\\/wp-content\\\/uploads\\\/2022\\\/12\\\/logo-blanc.png\",\"contentUrl\":\"https:\\\/\\\/www.mon-cintre.com\\\/wp-content\\\/uploads\\\/2022\\\/12\\\/logo-blanc.png\",\"width\":345,\"height\":205,\"caption\":\"Mon Cintre\"},\"image\":{\"@id\":\"https:\\\/\\\/www.mon-cintre.com\\\/de\\\/#\\\/schema\\\/logo\\\/image\\\/\"}}]}<\/script>\n<!-- \/ Yoast SEO plugin. -->","yoast_head_json":{"title":"Datenschutzrichtlinie - Mon Cintre","robots":{"index":"index","follow":"follow","max-snippet":"max-snippet:-1","max-image-preview":"max-image-preview:large","max-video-preview":"max-video-preview:-1"},"canonical":"https:\/\/www.mon-cintre.com\/de\/datenschutzrichtlinie\/","og_locale":"de_DE","og_type":"article","og_title":"Datenschutzrichtlinie - Mon Cintre","og_description":"Diese Datenschutzrichtlinie regelt die Nutzung der Website mon-cintre.com, die Eigentum von MI TIENDA DE PERCHAS S.L. ist. Mi tienda de perchas SL ist eine Gesellschaft mit beschr\u00e4nkter Haftung mit Sitz in der Avenida Mila Real 137, Betera (Valencia, 46117), mit...","og_url":"https:\/\/www.mon-cintre.com\/de\/datenschutzrichtlinie\/","og_site_name":"Mon Cintre","twitter_card":"summary_large_image","twitter_misc":{"Gesch\u00e4tzte Lesezeit":"4\u00a0Minuten"},"schema":{"@context":"https:\/\/schema.org","@graph":[{"@type":"WebPage","@id":"https:\/\/www.mon-cintre.com\/de\/datenschutzrichtlinie\/","url":"https:\/\/www.mon-cintre.com\/de\/datenschutzrichtlinie\/","name":"Datenschutzrichtlinie - Mon Cintre","isPartOf":{"@id":"https:\/\/www.mon-cintre.com\/de\/#website"},"datePublished":"2025-06-25T12:54:33+00:00","breadcrumb":{"@id":"https:\/\/www.mon-cintre.com\/de\/datenschutzrichtlinie\/#breadcrumb"},"inLanguage":"de","potentialAction":[{"@type":"ReadAction","target":["https:\/\/www.mon-cintre.com\/de\/datenschutzrichtlinie\/"]}]},{"@type":"BreadcrumbList","@id":"https:\/\/www.mon-cintre.com\/de\/datenschutzrichtlinie\/#breadcrumb","itemListElement":[{"@type":"ListItem","position":1,"name":"Accueil","item":"https:\/\/www.mon-cintre.com\/de\/"},{"@type":"ListItem","position":2,"name":"Datenschutzrichtlinie"}]},{"@type":"WebSite","@id":"https:\/\/www.mon-cintre.com\/de\/#website","url":"https:\/\/www.mon-cintre.com\/de\/","name":"Mon Cintre","description":"Cintres et accessoires de dressing","publisher":{"@id":"https:\/\/www.mon-cintre.com\/de\/#organization"},"potentialAction":[{"@type":"SearchAction","target":{"@type":"EntryPoint","urlTemplate":"https:\/\/www.mon-cintre.com\/de\/?s={search_term_string}"},"query-input":{"@type":"PropertyValueSpecification","valueRequired":true,"valueName":"search_term_string"}}],"inLanguage":"de"},{"@type":"Organization","@id":"https:\/\/www.mon-cintre.com\/de\/#organization","name":"Mon Cintre","url":"https:\/\/www.mon-cintre.com\/de\/","logo":{"@type":"ImageObject","inLanguage":"de","@id":"https:\/\/www.mon-cintre.com\/de\/#\/schema\/logo\/image\/","url":"https:\/\/www.mon-cintre.com\/wp-content\/uploads\/2022\/12\/logo-blanc.png","contentUrl":"https:\/\/www.mon-cintre.com\/wp-content\/uploads\/2022\/12\/logo-blanc.png","width":345,"height":205,"caption":"Mon Cintre"},"image":{"@id":"https:\/\/www.mon-cintre.com\/de\/#\/schema\/logo\/image\/"}}]}},"_links":{"self":[{"href":"https:\/\/www.mon-cintre.com\/de\/wp-json\/wp\/v2\/pages\/33439","targetHints":{"allow":["GET"]}}],"collection":[{"href":"https:\/\/www.mon-cintre.com\/de\/wp-json\/wp\/v2\/pages"}],"about":[{"href":"https:\/\/www.mon-cintre.com\/de\/wp-json\/wp\/v2\/types\/page"}],"author":[{"embeddable":true,"href":"https:\/\/www.mon-cintre.com\/de\/wp-json\/wp\/v2\/users\/1"}],"replies":[{"embeddable":true,"href":"https:\/\/www.mon-cintre.com\/de\/wp-json\/wp\/v2\/comments?post=33439"}],"version-history":[{"count":0,"href":"https:\/\/www.mon-cintre.com\/de\/wp-json\/wp\/v2\/pages\/33439\/revisions"}],"wp:attachment":[{"href":"https:\/\/www.mon-cintre.com\/de\/wp-json\/wp\/v2\/media?parent=33439"}],"curies":[{"name":"wp","href":"https:\/\/api.w.org\/{rel}","templated":true}]}}