

{"id":10854,"date":"2019-02-26T12:24:08","date_gmt":"2019-02-26T11:24:08","guid":{"rendered":"https:\/\/www.mon-cintre.com\/produit\/set-ankleideraum-frau-36-holzbugel-schwarz\/"},"modified":"2026-02-02T09:58:58","modified_gmt":"2026-02-02T08:58:58","slug":"set-ankleideraum-frau-36-holzbugel-schwarz","status":"publish","type":"product","link":"https:\/\/www.mon-cintre.com\/de\/produit\/set-ankleideraum-frau-36-holzbugel-schwarz\/","title":{"rendered":"Set Ankleideraum fur frau mit 36 Holzb\u00fcgel schwarz geb\u00fcrstetes Holz"},"content":{"rendered":"<div  class=\"lgc-column lgc-grid-parent lgc-grid-50 lgc-tablet-grid-50 lgc-mobile-grid-100 lgc-equal-heights \"><div  class=\"inside-grid-column\">\n<p>Das Paket beinhaltet:<\/p>\n<ul>\n<li>6 Kleiderb\u00fcgel f\u00fcr M\u00e4ntel und Jacken<\/li>\n<li>15 Kleiderb\u00fcgel f\u00fcr f\u00fcr Blusen und Kleider<\/li>\n<li>15 Kleiderb\u00fcgel f\u00fcr R\u00f6cke und Hosen<\/li>\n<li>Essenz aus Eschenholz<\/li>\n<li>schwarz geb\u00fcrstetes Holz<\/li>\n<li>Haken und Klammern f\u00e4rben anthrazit matt<\/li>\n<\/ul>\n<p><\/p><\/div><\/div>\n<div  class=\"lgc-column lgc-grid-parent lgc-grid-50 lgc-tablet-grid-50 lgc-mobile-grid-100 lgc-equal-heights \"><div  class=\"inside-grid-column\">\n<ul>\n<li>360\u00ba drehbarer Haken<\/li>\n<li>Bewegen der Pinzette \u00fcber die gesamte L\u00e4nge der Stange<\/li>\n<li>Rutschfester Samt an den Schultern<\/li>\n<li>Breite 38 cm<\/li>\n<li>Schulterbreite: 4,5 cm f\u00fcr Kleiderb\u00fcgel &#8211; 1,5 cm f\u00fcr Kleiderb\u00fcgel f\u00fcr f\u00fcr Blusen<\/li>\n<li>Hakendurchmesser 5 mm, H\u00f6he 8,5 cm<\/li>\n<li>Professionelle Zangen, die keine Spuren hinterlassen und f\u00fcr eine perfekte Passform sorgen<\/li>\n<li>Pflege: Mit einem weichen, trockenen Tuch abstauben<\/li>\n<\/ul>\n<p><\/p><\/div><\/div><div class=\"lgc-clear\"><\/div>\n<p>Dieses Set von Kleiderb\u00fcgeln aus der Intense-Kollektion wird Sie mit seiner Modernit\u00e4t \u00fcberraschen. Das sch\u00f6ne mattschwarze Holz wurde von Hand geb\u00fcrstet, um die Maserung des Holzes hervorzuheben. Dieses Set aus 3 Kleiderb\u00fcgelmodellen f\u00fcr alle Kleidungsst\u00fccke Ihrer Garderobe ist eine Erleichterung. Der Haken und die Laufgewehrlauffarben erg\u00e4nzen das High-End-Design dieser Kollektion.<\/p>\n<p>Ihre Jacken bleiben gut geschultert, Ihre Kleider und kleinen Oberteile mit Hosentr\u00e4gern rutschen dank der geschickt in das Holz geschnitzten Kerben nicht mehr, und Ihre R\u00f6cke und andere Teile werden von starken Zangen gepflegt und hinterlassen keine Spuren.<\/p>\n<p>Lieferung in 3 wei\u00dfen Geschenkboxen mit Logo. Jeder Kleiderb\u00fcgel ist einzeln in eine Schutzh\u00fclle eingewickelt.<\/p>\n<p><img loading=\"lazy\" decoding=\"async\" class=\"alignnone wp-image-10820 size-medium\" src=\"https:\/\/www.mon-cintre.com\/wp-content\/uploads\/2019\/02\/boite-cadeau-300x300.jpg\" alt=\"Boite cadeau Mon cintre\" width=\"300\" height=\"300\" srcset=\"https:\/\/www.mon-cintre.com\/wp-content\/uploads\/2019\/02\/boite-cadeau-300x300.jpg 300w, https:\/\/www.mon-cintre.com\/wp-content\/uploads\/2019\/02\/boite-cadeau-150x150.jpg 150w, https:\/\/www.mon-cintre.com\/wp-content\/uploads\/2019\/02\/boite-cadeau-100x100.jpg 100w, https:\/\/www.mon-cintre.com\/wp-content\/uploads\/2019\/02\/boite-cadeau.jpg 500w\" sizes=\"auto, (max-width: 300px) 100vw, 300px\" \/><\/p>\n<p>* Unverbindliche Fotos.<br \/>\nBeachten Sie, dass sich die Farben von Bildschirm zu Bildschirm \u00e4ndern, sodass es trotz der Sorgfalt bei der Qualit\u00e4t unserer Fotos zu Abweichungen zwischen Bildschirm und Realit\u00e4t kommen kann.<\/p>\n","protected":false},"excerpt":{"rendered":"<p><strong>WIEDER VERF\u00dcGBAR AB FEBRUAR 2026<\/strong><\/p>\n<ul>\n<li>36 Kleiderb\u00fcgel aus Eschenholz f\u00fcr alle Outfits (Detail unten auf der Seite)<\/li>\n<li>geb\u00fcrstetes Holz Farbe schwarz<\/li>\n<li>Abmessungen: 38 x 4,5 cm und 38 x 1,5 cm<\/li>\n<li>Professionelle mobile Zangen, die keine breiten Kerben markieren<\/li>\n<li>Set mit 36 Kleiderb\u00fcgeln<\/li>\n<li>Handgemacht (<a href=\"https:\/\/www.mon-cintre.com\/de\/handgemacht\/\">Erfahren Sie mehr<\/a>)<\/li>\n<\/ul>\n","protected":false},"featured_media":33201,"comment_status":"open","ping_status":"closed","template":"","meta":{"inline_featured_image":false},"product_brand":[],"product_cat":[314,298,308,311,313,310,569,309,299,549],"product_tag":[],"class_list":{"0":"post-10854","1":"product","2":"type-product","3":"status-publish","4":"has-post-thumbnail","6":"product_cat-bluse-kleiderbugel","7":"product_cat-holzbugel","8":"product_cat-kleiderbugel-fur-frauen","9":"product_cat-kleiderbugel-fur-damenjacken","10":"product_cat-kleiderbugel-fur-kleid","11":"product_cat-kleiderbugel-fur-rocke-und-hosen","12":"product_cat-kleiderbuegelfarben","13":"product_cat-intensive-kollektion","14":"product_cat-set-ankleideraum","15":"product_cat-kleiderbuegel","17":"first","18":"instock","19":"sale","20":"taxable","21":"shipping-taxable","22":"purchasable","23":"product-type-simple"},"yoast_head":"<!-- This site is optimized with the Yoast SEO plugin v27.6 - https:\/\/yoast.com\/product\/yoast-seo-wordpress\/ -->\n<title>Set fur frau mit 36 Holzb\u00fcgel schwarz geb\u00fcrstetes Holz - Mon Cintre<\/title>\n<meta name=\"description\" content=\"F\u00fcr Madames Garderobe ist dieses Set edler Holzb\u00fcgel die perfekte L\u00f6sung. 3 Formen von mattschwarzen Kleiderb\u00fcgeln f\u00fcr alle Damenoutfits.\" \/>\n<meta name=\"robots\" content=\"index, follow, max-snippet:-1, max-image-preview:large, max-video-preview:-1\" \/>\n<link rel=\"canonical\" href=\"https:\/\/www.mon-cintre.com\/de\/produit\/set-ankleideraum-frau-36-holzbugel-schwarz\/\" \/>\n<meta property=\"og:locale\" content=\"de_DE\" \/>\n<meta property=\"og:type\" content=\"article\" \/>\n<meta property=\"og:title\" content=\"Set fur frau mit 36 Holzb\u00fcgel schwarz geb\u00fcrstetes Holz - Mon Cintre\" \/>\n<meta property=\"og:description\" content=\"F\u00fcr Madames Garderobe ist dieses Set edler Holzb\u00fcgel die perfekte L\u00f6sung. 3 Formen von mattschwarzen Kleiderb\u00fcgeln f\u00fcr alle Damenoutfits.\" \/>\n<meta property=\"og:url\" content=\"https:\/\/www.mon-cintre.com\/de\/produit\/set-ankleideraum-frau-36-holzbugel-schwarz\/\" \/>\n<meta property=\"og:site_name\" content=\"Mon Cintre\" \/>\n<meta property=\"article:modified_time\" content=\"2026-02-02T08:58:58+00:00\" \/>\n<meta property=\"og:image\" content=\"https:\/\/www.mon-cintre.com\/wp-content\/uploads\/2019\/03\/ensemble-cintres-bois-femme.jpg\" \/>\n\t<meta property=\"og:image:width\" content=\"1800\" \/>\n\t<meta property=\"og:image:height\" content=\"1800\" \/>\n\t<meta property=\"og:image:type\" content=\"image\/jpeg\" \/>\n<meta name=\"twitter:card\" content=\"summary_large_image\" \/>\n<meta name=\"twitter:label1\" content=\"Gesch\u00e4tzte Lesezeit\" \/>\n\t<meta name=\"twitter:data1\" content=\"2\u00a0Minuten\" \/>\n<script type=\"application\/ld+json\" class=\"yoast-schema-graph\">{\"@context\":\"https:\\\/\\\/schema.org\",\"@graph\":[{\"@type\":\"WebPage\",\"@id\":\"https:\\\/\\\/www.mon-cintre.com\\\/de\\\/produit\\\/set-ankleideraum-frau-36-holzbugel-schwarz\\\/\",\"url\":\"https:\\\/\\\/www.mon-cintre.com\\\/de\\\/produit\\\/set-ankleideraum-frau-36-holzbugel-schwarz\\\/\",\"name\":\"Set fur frau mit 36 Holzb\u00fcgel schwarz geb\u00fcrstetes Holz - Mon Cintre\",\"isPartOf\":{\"@id\":\"https:\\\/\\\/www.mon-cintre.com\\\/de\\\/#website\"},\"primaryImageOfPage\":{\"@id\":\"https:\\\/\\\/www.mon-cintre.com\\\/de\\\/produit\\\/set-ankleideraum-frau-36-holzbugel-schwarz\\\/#primaryimage\"},\"image\":{\"@id\":\"https:\\\/\\\/www.mon-cintre.com\\\/de\\\/produit\\\/set-ankleideraum-frau-36-holzbugel-schwarz\\\/#primaryimage\"},\"thumbnailUrl\":\"https:\\\/\\\/www.mon-cintre.com\\\/wp-content\\\/uploads\\\/2019\\\/03\\\/ensemble-cintres-bois-femme.jpg\",\"datePublished\":\"2019-02-26T11:24:08+00:00\",\"dateModified\":\"2026-02-02T08:58:58+00:00\",\"description\":\"F\u00fcr Madames Garderobe ist dieses Set edler Holzb\u00fcgel die perfekte L\u00f6sung. 3 Formen von mattschwarzen Kleiderb\u00fcgeln f\u00fcr alle Damenoutfits.\",\"breadcrumb\":{\"@id\":\"https:\\\/\\\/www.mon-cintre.com\\\/de\\\/produit\\\/set-ankleideraum-frau-36-holzbugel-schwarz\\\/#breadcrumb\"},\"inLanguage\":\"de\",\"potentialAction\":[{\"@type\":\"ReadAction\",\"target\":[\"https:\\\/\\\/www.mon-cintre.com\\\/de\\\/produit\\\/set-ankleideraum-frau-36-holzbugel-schwarz\\\/\"]}]},{\"@type\":\"ImageObject\",\"inLanguage\":\"de\",\"@id\":\"https:\\\/\\\/www.mon-cintre.com\\\/de\\\/produit\\\/set-ankleideraum-frau-36-holzbugel-schwarz\\\/#primaryimage\",\"url\":\"https:\\\/\\\/www.mon-cintre.com\\\/wp-content\\\/uploads\\\/2019\\\/03\\\/ensemble-cintres-bois-femme.jpg\",\"contentUrl\":\"https:\\\/\\\/www.mon-cintre.com\\\/wp-content\\\/uploads\\\/2019\\\/03\\\/ensemble-cintres-bois-femme.jpg\",\"width\":1800,\"height\":1800,\"caption\":\"Satz Holzb\u00fcgel f\u00fcr die Damenumkleidekabine\"},{\"@type\":\"BreadcrumbList\",\"@id\":\"https:\\\/\\\/www.mon-cintre.com\\\/de\\\/produit\\\/set-ankleideraum-frau-36-holzbugel-schwarz\\\/#breadcrumb\",\"itemListElement\":[{\"@type\":\"ListItem\",\"position\":1,\"name\":\"Accueil\",\"item\":\"https:\\\/\\\/www.mon-cintre.com\\\/de\\\/\"},{\"@type\":\"ListItem\",\"position\":2,\"name\":\"Shop\",\"item\":\"https:\\\/\\\/www.mon-cintre.com\\\/de\\\/shop\\\/\"},{\"@type\":\"ListItem\",\"position\":3,\"name\":\"Set Ankleideraum fur frau mit 36 Holzb\u00fcgel schwarz geb\u00fcrstetes Holz\"}]},{\"@type\":\"WebSite\",\"@id\":\"https:\\\/\\\/www.mon-cintre.com\\\/de\\\/#website\",\"url\":\"https:\\\/\\\/www.mon-cintre.com\\\/de\\\/\",\"name\":\"Mon Cintre\",\"description\":\"Cintres et accessoires de dressing\",\"publisher\":{\"@id\":\"https:\\\/\\\/www.mon-cintre.com\\\/de\\\/#organization\"},\"potentialAction\":[{\"@type\":\"SearchAction\",\"target\":{\"@type\":\"EntryPoint\",\"urlTemplate\":\"https:\\\/\\\/www.mon-cintre.com\\\/de\\\/?s={search_term_string}\"},\"query-input\":{\"@type\":\"PropertyValueSpecification\",\"valueRequired\":true,\"valueName\":\"search_term_string\"}}],\"inLanguage\":\"de\"},{\"@type\":\"Organization\",\"@id\":\"https:\\\/\\\/www.mon-cintre.com\\\/de\\\/#organization\",\"name\":\"Mon Cintre\",\"url\":\"https:\\\/\\\/www.mon-cintre.com\\\/de\\\/\",\"logo\":{\"@type\":\"ImageObject\",\"inLanguage\":\"de\",\"@id\":\"https:\\\/\\\/www.mon-cintre.com\\\/de\\\/#\\\/schema\\\/logo\\\/image\\\/\",\"url\":\"https:\\\/\\\/www.mon-cintre.com\\\/wp-content\\\/uploads\\\/2022\\\/12\\\/logo-blanc.png\",\"contentUrl\":\"https:\\\/\\\/www.mon-cintre.com\\\/wp-content\\\/uploads\\\/2022\\\/12\\\/logo-blanc.png\",\"width\":345,\"height\":205,\"caption\":\"Mon Cintre\"},\"image\":{\"@id\":\"https:\\\/\\\/www.mon-cintre.com\\\/de\\\/#\\\/schema\\\/logo\\\/image\\\/\"}}]}<\/script>\n<!-- \/ Yoast SEO plugin. -->","yoast_head_json":{"title":"Set fur frau mit 36 Holzb\u00fcgel schwarz geb\u00fcrstetes Holz - Mon Cintre","description":"F\u00fcr Madames Garderobe ist dieses Set edler Holzb\u00fcgel die perfekte L\u00f6sung. 3 Formen von mattschwarzen Kleiderb\u00fcgeln f\u00fcr alle Damenoutfits.","robots":{"index":"index","follow":"follow","max-snippet":"max-snippet:-1","max-image-preview":"max-image-preview:large","max-video-preview":"max-video-preview:-1"},"canonical":"https:\/\/www.mon-cintre.com\/de\/produit\/set-ankleideraum-frau-36-holzbugel-schwarz\/","og_locale":"de_DE","og_type":"article","og_title":"Set fur frau mit 36 Holzb\u00fcgel schwarz geb\u00fcrstetes Holz - Mon Cintre","og_description":"F\u00fcr Madames Garderobe ist dieses Set edler Holzb\u00fcgel die perfekte L\u00f6sung. 3 Formen von mattschwarzen Kleiderb\u00fcgeln f\u00fcr alle Damenoutfits.","og_url":"https:\/\/www.mon-cintre.com\/de\/produit\/set-ankleideraum-frau-36-holzbugel-schwarz\/","og_site_name":"Mon Cintre","article_modified_time":"2026-02-02T08:58:58+00:00","og_image":[{"width":1800,"height":1800,"url":"https:\/\/www.mon-cintre.com\/wp-content\/uploads\/2019\/03\/ensemble-cintres-bois-femme.jpg","type":"image\/jpeg"}],"twitter_card":"summary_large_image","twitter_misc":{"Gesch\u00e4tzte Lesezeit":"2\u00a0Minuten"},"schema":{"@context":"https:\/\/schema.org","@graph":[{"@type":"WebPage","@id":"https:\/\/www.mon-cintre.com\/de\/produit\/set-ankleideraum-frau-36-holzbugel-schwarz\/","url":"https:\/\/www.mon-cintre.com\/de\/produit\/set-ankleideraum-frau-36-holzbugel-schwarz\/","name":"Set fur frau mit 36 Holzb\u00fcgel schwarz geb\u00fcrstetes Holz - Mon Cintre","isPartOf":{"@id":"https:\/\/www.mon-cintre.com\/de\/#website"},"primaryImageOfPage":{"@id":"https:\/\/www.mon-cintre.com\/de\/produit\/set-ankleideraum-frau-36-holzbugel-schwarz\/#primaryimage"},"image":{"@id":"https:\/\/www.mon-cintre.com\/de\/produit\/set-ankleideraum-frau-36-holzbugel-schwarz\/#primaryimage"},"thumbnailUrl":"https:\/\/www.mon-cintre.com\/wp-content\/uploads\/2019\/03\/ensemble-cintres-bois-femme.jpg","datePublished":"2019-02-26T11:24:08+00:00","dateModified":"2026-02-02T08:58:58+00:00","description":"F\u00fcr Madames Garderobe ist dieses Set edler Holzb\u00fcgel die perfekte L\u00f6sung. 3 Formen von mattschwarzen Kleiderb\u00fcgeln f\u00fcr alle Damenoutfits.","breadcrumb":{"@id":"https:\/\/www.mon-cintre.com\/de\/produit\/set-ankleideraum-frau-36-holzbugel-schwarz\/#breadcrumb"},"inLanguage":"de","potentialAction":[{"@type":"ReadAction","target":["https:\/\/www.mon-cintre.com\/de\/produit\/set-ankleideraum-frau-36-holzbugel-schwarz\/"]}]},{"@type":"ImageObject","inLanguage":"de","@id":"https:\/\/www.mon-cintre.com\/de\/produit\/set-ankleideraum-frau-36-holzbugel-schwarz\/#primaryimage","url":"https:\/\/www.mon-cintre.com\/wp-content\/uploads\/2019\/03\/ensemble-cintres-bois-femme.jpg","contentUrl":"https:\/\/www.mon-cintre.com\/wp-content\/uploads\/2019\/03\/ensemble-cintres-bois-femme.jpg","width":1800,"height":1800,"caption":"Satz Holzb\u00fcgel f\u00fcr die Damenumkleidekabine"},{"@type":"BreadcrumbList","@id":"https:\/\/www.mon-cintre.com\/de\/produit\/set-ankleideraum-frau-36-holzbugel-schwarz\/#breadcrumb","itemListElement":[{"@type":"ListItem","position":1,"name":"Accueil","item":"https:\/\/www.mon-cintre.com\/de\/"},{"@type":"ListItem","position":2,"name":"Shop","item":"https:\/\/www.mon-cintre.com\/de\/shop\/"},{"@type":"ListItem","position":3,"name":"Set Ankleideraum fur frau mit 36 Holzb\u00fcgel schwarz geb\u00fcrstetes Holz"}]},{"@type":"WebSite","@id":"https:\/\/www.mon-cintre.com\/de\/#website","url":"https:\/\/www.mon-cintre.com\/de\/","name":"Mon Cintre","description":"Cintres et accessoires de dressing","publisher":{"@id":"https:\/\/www.mon-cintre.com\/de\/#organization"},"potentialAction":[{"@type":"SearchAction","target":{"@type":"EntryPoint","urlTemplate":"https:\/\/www.mon-cintre.com\/de\/?s={search_term_string}"},"query-input":{"@type":"PropertyValueSpecification","valueRequired":true,"valueName":"search_term_string"}}],"inLanguage":"de"},{"@type":"Organization","@id":"https:\/\/www.mon-cintre.com\/de\/#organization","name":"Mon Cintre","url":"https:\/\/www.mon-cintre.com\/de\/","logo":{"@type":"ImageObject","inLanguage":"de","@id":"https:\/\/www.mon-cintre.com\/de\/#\/schema\/logo\/image\/","url":"https:\/\/www.mon-cintre.com\/wp-content\/uploads\/2022\/12\/logo-blanc.png","contentUrl":"https:\/\/www.mon-cintre.com\/wp-content\/uploads\/2022\/12\/logo-blanc.png","width":345,"height":205,"caption":"Mon Cintre"},"image":{"@id":"https:\/\/www.mon-cintre.com\/de\/#\/schema\/logo\/image\/"}}]}},"_links":{"self":[{"href":"https:\/\/www.mon-cintre.com\/de\/wp-json\/wp\/v2\/product\/10854","targetHints":{"allow":["GET"]}}],"collection":[{"href":"https:\/\/www.mon-cintre.com\/de\/wp-json\/wp\/v2\/product"}],"about":[{"href":"https:\/\/www.mon-cintre.com\/de\/wp-json\/wp\/v2\/types\/product"}],"replies":[{"embeddable":true,"href":"https:\/\/www.mon-cintre.com\/de\/wp-json\/wp\/v2\/comments?post=10854"}],"wp:featuredmedia":[{"embeddable":true,"href":"https:\/\/www.mon-cintre.com\/de\/wp-json\/wp\/v2\/media\/33201"}],"wp:attachment":[{"href":"https:\/\/www.mon-cintre.com\/de\/wp-json\/wp\/v2\/media?parent=10854"}],"wp:term":[{"taxonomy":"product_brand","embeddable":true,"href":"https:\/\/www.mon-cintre.com\/de\/wp-json\/wp\/v2\/product_brand?post=10854"},{"taxonomy":"product_cat","embeddable":true,"href":"https:\/\/www.mon-cintre.com\/de\/wp-json\/wp\/v2\/product_cat?post=10854"},{"taxonomy":"product_tag","embeddable":true,"href":"https:\/\/www.mon-cintre.com\/de\/wp-json\/wp\/v2\/product_tag?post=10854"}],"curies":[{"name":"wp","href":"https:\/\/api.w.org\/{rel}","templated":true}]}}