

{"id":10858,"date":"2018-10-26T11:36:12","date_gmt":"2018-10-26T09:36:12","guid":{"rendered":"https:\/\/www.mon-cintre.com\/produit\/6-kleiderbugel-jacke-anzug-weis-gebeizt-breite-42\/"},"modified":"2026-02-11T12:48:32","modified_gmt":"2026-02-11T11:48:32","slug":"6-kleiderbugel-jacke-anzug-weis-gebeizt-breite-42","status":"publish","type":"product","link":"https:\/\/www.mon-cintre.com\/de\/produit\/6-kleiderbugel-jacke-anzug-weis-gebeizt-breite-42\/","title":{"rendered":"6 Kleiderb\u00fcgel f\u00fcr Jacke und Anzug &#8211; Farbe wei\u00df gebeizt (Breite 42 cm-Schulter 5 cm)"},"content":{"rendered":"<ul>\n<li>6 luxuri\u00f6se Kleiderb\u00fcgel f\u00fcr M\u00e4ntel, Jacken und Anz\u00fcge<\/li>\n<li>Essenz aus gebeizter, wei\u00df gebeizter Asche<\/li>\n<li>Haken und Zange nickel matt<\/li>\n<li>360\u00ba drehbarer Haken<\/li>\n<li>Professionelle Zangen, die keine Spuren hinterlassen und f\u00fcr eine perfekte Passform sorgen<\/li>\n<li>Mobile Greifer \u00fcber die gesamte L\u00e4nge der Stange mit Schutz gegen Kratzer<\/li>\n<li>Breite 42 cm<\/li>\n<li>Schulterbreite 5 cm<\/li>\n<li>Hakendurchmesser 5 mm, H\u00f6he 8,5 cm<\/li>\n<li>Clips 6 x 2 cm<\/li>\n<li>Box mit 6 Kleiderb\u00fcgeln<\/li>\n<li>Ideal f\u00fcr Jacken, M\u00e4ntel, R\u00f6cke, Hosen und Anz\u00fcge<\/li>\n<li>Pflege: Mit einem weichen, trockenen Tuch abstauben<\/li>\n<li>Wichtige Informationen zu unseren Kleiderb\u00fcgeln aus Holz: Holz ist ein Naturmaterial und unsere Bretter stammen direkt von B\u00e4umen. Jedes St\u00fcck Holz kann Variationen in Farbe, Maserung und Knoten aufweisen, die f\u00fcr den urspr\u00fcnglichen Baum und den verwendeten Teil des Baumes spezifisch sind. Diese Eigenschaften verleihen dem Holz Charme, ohne die Qualit\u00e4t oder Haltbarkeit unserer Kleiderb\u00fcgel zu beeintr\u00e4chtigen. Holz ist lebendig und kann auf Ver\u00e4nderungen der Luftfeuchtigkeit reagieren. Unsere Kleiderb\u00fcgel werden teilweise auch von Hand geformt. Diese handwerkliche Herstellung macht jeden Kleiderb\u00fcgel einzigartig und es k\u00f6nnen sehr leichte Unterschiede zwischen ihnen auftreten.<\/li>\n<\/ul>\n<p>Aus der Mademoiselle-Kollektion wird die Rivage-Kollektion, die weiterhin sanfte Farben aufweist und nun in 9 Modellen f\u00fcr alle Outfits im Kleiderschrank von Damen und Herren erh\u00e4ltlich ist.<\/p>\n<p>Lieferung in wei\u00dfer Geschenkbox mit Logo. Jeder Kleiderb\u00fcgel ist einzeln in eine Schutzh\u00fclle eingewickelt.<\/p>\n<p><img loading=\"lazy\" decoding=\"async\" class=\"alignnone wp-image-10820 size-medium\" src=\"https:\/\/www.mon-cintre.com\/wp-content\/uploads\/2019\/02\/boite-cadeau-300x300.jpg\" alt=\"Boite cadeau Mon cintre\" width=\"300\" height=\"300\" srcset=\"https:\/\/www.mon-cintre.com\/wp-content\/uploads\/2019\/02\/boite-cadeau-300x300.jpg 300w, https:\/\/www.mon-cintre.com\/wp-content\/uploads\/2019\/02\/boite-cadeau-150x150.jpg 150w, https:\/\/www.mon-cintre.com\/wp-content\/uploads\/2019\/02\/boite-cadeau-100x100.jpg 100w, https:\/\/www.mon-cintre.com\/wp-content\/uploads\/2019\/02\/boite-cadeau.jpg 500w\" sizes=\"auto, (max-width: 300px) 100vw, 300px\" \/><\/p>\n<p>&nbsp;<\/p>\n<p>1 Meter Kleiderschrank = 14 Kleiderb\u00fcgel<br \/>\n<img loading=\"lazy\" decoding=\"async\" class=\"alignnone size-full wp-image-147\" src=\"https:\/\/www.mon-cintre.com\/DEV\/wp-content\/uploads\/2018\/08\/17cintres.png\" alt=\"\" width=\"190\" height=\"19\" \/><\/p>\n<p>* Unverbindliche Fotos.<br \/>\nBeachten Sie, dass sich die Farben von Bildschirm zu Bildschirm \u00e4ndern, sodass es trotz der Sorgfalt bei der Qualit\u00e4t unserer Fotos zu Abweichungen zwischen Bildschirm und Realit\u00e4t kommen kann.<\/p>\n","protected":false},"excerpt":{"rendered":"<ul>\n<li>6 Kleiderb\u00fcgel f\u00fcr Mantel, Jacke und Anzug<\/li>\n<li>Wei\u00dfe Farbe gebeizt<\/li>\n<li>Breite 42 cm<\/li>\n<li>Schulterbreite 5 cm<\/li>\n<li>Professionelle mobile Pinzetten, die nicht markieren<\/li>\n<li>Box mit 6 Kleiderb\u00fcgeln<\/li>\n<li>Handgemacht (<span style=\"text-decoration: underline;\"><a href=\"https:\/\/www.mon-cintre.com\/de\/handgemacht\/\">Erfahren Sie mehr<\/a><\/span>)<\/li>\n<\/ul>\n<p>Bestellen Sie diese 6er-Packung Holzkleiderb\u00fcgel online. Sie verf\u00fcgen \u00fcber breite Schultern und professionelle Clips zum Aufh\u00e4ngen Ihrer Jacken, M\u00e4ntel, Anz\u00fcge, R\u00f6cke und Hosen, ohne diese zu besch\u00e4digen oder abzuzeichnen. Ab einer Bestellmenge von 24 Kleiderb\u00fcgeln k\u00f6nnen Sie die B\u00fcgel mit Ihren Initialen oder Ihrem Logo personalisieren.<\/p>\n","protected":false},"featured_media":27578,"comment_status":"open","ping_status":"closed","template":"","meta":{"inline_featured_image":false},"product_brand":[],"product_cat":[575,635,298,615,308,311,310,593,602,630,569,549,312],"product_tag":[],"class_list":{"0":"post-10858","1":"product","2":"type-product","3":"status-publish","4":"has-post-thumbnail","6":"product_cat-arten-kleiderbuegeln-de","7":"product_cat-gebogene-kleiderbuegel","8":"product_cat-holzbugel","9":"product_cat-kleiderbuegel-grosse-42","10":"product_cat-kleiderbugel-fur-frauen","11":"product_cat-kleiderbugel-fur-damenjacken","12":"product_cat-kleiderbugel-fur-rocke-und-hosen","13":"product_cat-kleiderbuegel-breiten-schultern","14":"product_cat-kleiderbugel-clips","15":"product_cat-kleiderbuegel-groesse","16":"product_cat-kleiderbuegelfarben","17":"product_cat-kleiderbuegel","18":"product_cat-mademoiselle-kollektion","20":"first","21":"instock","22":"taxable","23":"shipping-taxable","24":"purchasable","25":"product-type-simple"},"yoast_head":"<!-- This site is optimized with the Yoast SEO plugin v27.5 - https:\/\/yoast.com\/product\/yoast-seo-wordpress\/ -->\n<title>6 Kleiderb\u00fcgel f\u00fcr Jacke und Anzug - Farbe wei\u00df gebeizt (Breite 42 cm)<\/title>\n<meta name=\"description\" content=\"W\u00e4hlen Sie aus dieser Kollektion von Luxus-Kleiderb\u00fcgeln f\u00fcr den Damenkleiderschrank in sanften Wei\u00dft\u00f6nen diese Kleiderb\u00fcgel f\u00fcr Jacke und Anzug mit Zange\" \/>\n<meta name=\"robots\" content=\"index, follow, max-snippet:-1, max-image-preview:large, max-video-preview:-1\" \/>\n<link rel=\"canonical\" href=\"https:\/\/www.mon-cintre.com\/de\/produit\/6-kleiderbugel-jacke-anzug-weis-gebeizt-breite-42\/\" \/>\n<meta property=\"og:locale\" content=\"de_DE\" \/>\n<meta property=\"og:type\" content=\"article\" \/>\n<meta property=\"og:title\" content=\"6 Kleiderb\u00fcgel f\u00fcr Jacke und Anzug - Farbe wei\u00df gebeizt (Breite 42 cm)\" \/>\n<meta property=\"og:description\" content=\"W\u00e4hlen Sie aus dieser Kollektion von Luxus-Kleiderb\u00fcgeln f\u00fcr den Damenkleiderschrank in sanften Wei\u00dft\u00f6nen diese Kleiderb\u00fcgel f\u00fcr Jacke und Anzug mit Zange\" \/>\n<meta property=\"og:url\" content=\"https:\/\/www.mon-cintre.com\/de\/produit\/6-kleiderbugel-jacke-anzug-weis-gebeizt-breite-42\/\" \/>\n<meta property=\"og:site_name\" content=\"Mon Cintre\" \/>\n<meta property=\"article:modified_time\" content=\"2026-02-11T11:48:32+00:00\" \/>\n<meta property=\"og:image\" content=\"https:\/\/www.mon-cintre.com\/wp-content\/uploads\/2018\/10\/kleiderbugel-holz-jacke-zange-CLA4250PIN-WW.jpg\" \/>\n\t<meta property=\"og:image:width\" content=\"1800\" \/>\n\t<meta property=\"og:image:height\" content=\"1800\" \/>\n\t<meta property=\"og:image:type\" content=\"image\/jpeg\" \/>\n<meta name=\"twitter:card\" content=\"summary_large_image\" \/>\n<meta name=\"twitter:label1\" content=\"Gesch\u00e4tzte Lesezeit\" \/>\n\t<meta name=\"twitter:data1\" content=\"3\u00a0Minuten\" \/>\n<script type=\"application\/ld+json\" class=\"yoast-schema-graph\">{\"@context\":\"https:\\\/\\\/schema.org\",\"@graph\":[{\"@type\":\"WebPage\",\"@id\":\"https:\\\/\\\/www.mon-cintre.com\\\/de\\\/produit\\\/6-kleiderbugel-jacke-anzug-weis-gebeizt-breite-42\\\/\",\"url\":\"https:\\\/\\\/www.mon-cintre.com\\\/de\\\/produit\\\/6-kleiderbugel-jacke-anzug-weis-gebeizt-breite-42\\\/\",\"name\":\"6 Kleiderb\u00fcgel f\u00fcr Jacke und Anzug - Farbe wei\u00df gebeizt (Breite 42 cm)\",\"isPartOf\":{\"@id\":\"https:\\\/\\\/www.mon-cintre.com\\\/de\\\/#website\"},\"primaryImageOfPage\":{\"@id\":\"https:\\\/\\\/www.mon-cintre.com\\\/de\\\/produit\\\/6-kleiderbugel-jacke-anzug-weis-gebeizt-breite-42\\\/#primaryimage\"},\"image\":{\"@id\":\"https:\\\/\\\/www.mon-cintre.com\\\/de\\\/produit\\\/6-kleiderbugel-jacke-anzug-weis-gebeizt-breite-42\\\/#primaryimage\"},\"thumbnailUrl\":\"https:\\\/\\\/www.mon-cintre.com\\\/wp-content\\\/uploads\\\/2018\\\/10\\\/kleiderbugel-holz-jacke-zange-CLA4250PIN-WW.jpg\",\"datePublished\":\"2018-10-26T09:36:12+00:00\",\"dateModified\":\"2026-02-11T11:48:32+00:00\",\"description\":\"W\u00e4hlen Sie aus dieser Kollektion von Luxus-Kleiderb\u00fcgeln f\u00fcr den Damenkleiderschrank in sanften Wei\u00dft\u00f6nen diese Kleiderb\u00fcgel f\u00fcr Jacke und Anzug mit Zange\",\"breadcrumb\":{\"@id\":\"https:\\\/\\\/www.mon-cintre.com\\\/de\\\/produit\\\/6-kleiderbugel-jacke-anzug-weis-gebeizt-breite-42\\\/#breadcrumb\"},\"inLanguage\":\"de\",\"potentialAction\":[{\"@type\":\"ReadAction\",\"target\":[\"https:\\\/\\\/www.mon-cintre.com\\\/de\\\/produit\\\/6-kleiderbugel-jacke-anzug-weis-gebeizt-breite-42\\\/\"]}]},{\"@type\":\"ImageObject\",\"inLanguage\":\"de\",\"@id\":\"https:\\\/\\\/www.mon-cintre.com\\\/de\\\/produit\\\/6-kleiderbugel-jacke-anzug-weis-gebeizt-breite-42\\\/#primaryimage\",\"url\":\"https:\\\/\\\/www.mon-cintre.com\\\/wp-content\\\/uploads\\\/2018\\\/10\\\/kleiderbugel-holz-jacke-zange-CLA4250PIN-WW.jpg\",\"contentUrl\":\"https:\\\/\\\/www.mon-cintre.com\\\/wp-content\\\/uploads\\\/2018\\\/10\\\/kleiderbugel-holz-jacke-zange-CLA4250PIN-WW.jpg\",\"width\":1800,\"height\":1800,\"caption\":\"Holzb\u00fcgel mit Clips f\u00fcr Jacken\"},{\"@type\":\"BreadcrumbList\",\"@id\":\"https:\\\/\\\/www.mon-cintre.com\\\/de\\\/produit\\\/6-kleiderbugel-jacke-anzug-weis-gebeizt-breite-42\\\/#breadcrumb\",\"itemListElement\":[{\"@type\":\"ListItem\",\"position\":1,\"name\":\"Accueil\",\"item\":\"https:\\\/\\\/www.mon-cintre.com\\\/de\\\/\"},{\"@type\":\"ListItem\",\"position\":2,\"name\":\"Shop\",\"item\":\"https:\\\/\\\/www.mon-cintre.com\\\/de\\\/shop\\\/\"},{\"@type\":\"ListItem\",\"position\":3,\"name\":\"6 Kleiderb\u00fcgel f\u00fcr Jacke und Anzug &#8211; Farbe wei\u00df gebeizt (Breite 42 cm-Schulter 5 cm)\"}]},{\"@type\":\"WebSite\",\"@id\":\"https:\\\/\\\/www.mon-cintre.com\\\/de\\\/#website\",\"url\":\"https:\\\/\\\/www.mon-cintre.com\\\/de\\\/\",\"name\":\"Mon Cintre\",\"description\":\"Cintres et accessoires de dressing\",\"publisher\":{\"@id\":\"https:\\\/\\\/www.mon-cintre.com\\\/de\\\/#organization\"},\"potentialAction\":[{\"@type\":\"SearchAction\",\"target\":{\"@type\":\"EntryPoint\",\"urlTemplate\":\"https:\\\/\\\/www.mon-cintre.com\\\/de\\\/?s={search_term_string}\"},\"query-input\":{\"@type\":\"PropertyValueSpecification\",\"valueRequired\":true,\"valueName\":\"search_term_string\"}}],\"inLanguage\":\"de\"},{\"@type\":\"Organization\",\"@id\":\"https:\\\/\\\/www.mon-cintre.com\\\/de\\\/#organization\",\"name\":\"Mon Cintre\",\"url\":\"https:\\\/\\\/www.mon-cintre.com\\\/de\\\/\",\"logo\":{\"@type\":\"ImageObject\",\"inLanguage\":\"de\",\"@id\":\"https:\\\/\\\/www.mon-cintre.com\\\/de\\\/#\\\/schema\\\/logo\\\/image\\\/\",\"url\":\"https:\\\/\\\/www.mon-cintre.com\\\/wp-content\\\/uploads\\\/2022\\\/12\\\/logo-blanc.png\",\"contentUrl\":\"https:\\\/\\\/www.mon-cintre.com\\\/wp-content\\\/uploads\\\/2022\\\/12\\\/logo-blanc.png\",\"width\":345,\"height\":205,\"caption\":\"Mon Cintre\"},\"image\":{\"@id\":\"https:\\\/\\\/www.mon-cintre.com\\\/de\\\/#\\\/schema\\\/logo\\\/image\\\/\"}}]}<\/script>\n<!-- \/ Yoast SEO plugin. -->","yoast_head_json":{"title":"6 Kleiderb\u00fcgel f\u00fcr Jacke und Anzug - Farbe wei\u00df gebeizt (Breite 42 cm)","description":"W\u00e4hlen Sie aus dieser Kollektion von Luxus-Kleiderb\u00fcgeln f\u00fcr den Damenkleiderschrank in sanften Wei\u00dft\u00f6nen diese Kleiderb\u00fcgel f\u00fcr Jacke und Anzug mit Zange","robots":{"index":"index","follow":"follow","max-snippet":"max-snippet:-1","max-image-preview":"max-image-preview:large","max-video-preview":"max-video-preview:-1"},"canonical":"https:\/\/www.mon-cintre.com\/de\/produit\/6-kleiderbugel-jacke-anzug-weis-gebeizt-breite-42\/","og_locale":"de_DE","og_type":"article","og_title":"6 Kleiderb\u00fcgel f\u00fcr Jacke und Anzug - Farbe wei\u00df gebeizt (Breite 42 cm)","og_description":"W\u00e4hlen Sie aus dieser Kollektion von Luxus-Kleiderb\u00fcgeln f\u00fcr den Damenkleiderschrank in sanften Wei\u00dft\u00f6nen diese Kleiderb\u00fcgel f\u00fcr Jacke und Anzug mit Zange","og_url":"https:\/\/www.mon-cintre.com\/de\/produit\/6-kleiderbugel-jacke-anzug-weis-gebeizt-breite-42\/","og_site_name":"Mon Cintre","article_modified_time":"2026-02-11T11:48:32+00:00","og_image":[{"width":1800,"height":1800,"url":"https:\/\/www.mon-cintre.com\/wp-content\/uploads\/2018\/10\/kleiderbugel-holz-jacke-zange-CLA4250PIN-WW.jpg","type":"image\/jpeg"}],"twitter_card":"summary_large_image","twitter_misc":{"Gesch\u00e4tzte Lesezeit":"3\u00a0Minuten"},"schema":{"@context":"https:\/\/schema.org","@graph":[{"@type":"WebPage","@id":"https:\/\/www.mon-cintre.com\/de\/produit\/6-kleiderbugel-jacke-anzug-weis-gebeizt-breite-42\/","url":"https:\/\/www.mon-cintre.com\/de\/produit\/6-kleiderbugel-jacke-anzug-weis-gebeizt-breite-42\/","name":"6 Kleiderb\u00fcgel f\u00fcr Jacke und Anzug - Farbe wei\u00df gebeizt (Breite 42 cm)","isPartOf":{"@id":"https:\/\/www.mon-cintre.com\/de\/#website"},"primaryImageOfPage":{"@id":"https:\/\/www.mon-cintre.com\/de\/produit\/6-kleiderbugel-jacke-anzug-weis-gebeizt-breite-42\/#primaryimage"},"image":{"@id":"https:\/\/www.mon-cintre.com\/de\/produit\/6-kleiderbugel-jacke-anzug-weis-gebeizt-breite-42\/#primaryimage"},"thumbnailUrl":"https:\/\/www.mon-cintre.com\/wp-content\/uploads\/2018\/10\/kleiderbugel-holz-jacke-zange-CLA4250PIN-WW.jpg","datePublished":"2018-10-26T09:36:12+00:00","dateModified":"2026-02-11T11:48:32+00:00","description":"W\u00e4hlen Sie aus dieser Kollektion von Luxus-Kleiderb\u00fcgeln f\u00fcr den Damenkleiderschrank in sanften Wei\u00dft\u00f6nen diese Kleiderb\u00fcgel f\u00fcr Jacke und Anzug mit Zange","breadcrumb":{"@id":"https:\/\/www.mon-cintre.com\/de\/produit\/6-kleiderbugel-jacke-anzug-weis-gebeizt-breite-42\/#breadcrumb"},"inLanguage":"de","potentialAction":[{"@type":"ReadAction","target":["https:\/\/www.mon-cintre.com\/de\/produit\/6-kleiderbugel-jacke-anzug-weis-gebeizt-breite-42\/"]}]},{"@type":"ImageObject","inLanguage":"de","@id":"https:\/\/www.mon-cintre.com\/de\/produit\/6-kleiderbugel-jacke-anzug-weis-gebeizt-breite-42\/#primaryimage","url":"https:\/\/www.mon-cintre.com\/wp-content\/uploads\/2018\/10\/kleiderbugel-holz-jacke-zange-CLA4250PIN-WW.jpg","contentUrl":"https:\/\/www.mon-cintre.com\/wp-content\/uploads\/2018\/10\/kleiderbugel-holz-jacke-zange-CLA4250PIN-WW.jpg","width":1800,"height":1800,"caption":"Holzb\u00fcgel mit Clips f\u00fcr Jacken"},{"@type":"BreadcrumbList","@id":"https:\/\/www.mon-cintre.com\/de\/produit\/6-kleiderbugel-jacke-anzug-weis-gebeizt-breite-42\/#breadcrumb","itemListElement":[{"@type":"ListItem","position":1,"name":"Accueil","item":"https:\/\/www.mon-cintre.com\/de\/"},{"@type":"ListItem","position":2,"name":"Shop","item":"https:\/\/www.mon-cintre.com\/de\/shop\/"},{"@type":"ListItem","position":3,"name":"6 Kleiderb\u00fcgel f\u00fcr Jacke und Anzug &#8211; Farbe wei\u00df gebeizt (Breite 42 cm-Schulter 5 cm)"}]},{"@type":"WebSite","@id":"https:\/\/www.mon-cintre.com\/de\/#website","url":"https:\/\/www.mon-cintre.com\/de\/","name":"Mon Cintre","description":"Cintres et accessoires de dressing","publisher":{"@id":"https:\/\/www.mon-cintre.com\/de\/#organization"},"potentialAction":[{"@type":"SearchAction","target":{"@type":"EntryPoint","urlTemplate":"https:\/\/www.mon-cintre.com\/de\/?s={search_term_string}"},"query-input":{"@type":"PropertyValueSpecification","valueRequired":true,"valueName":"search_term_string"}}],"inLanguage":"de"},{"@type":"Organization","@id":"https:\/\/www.mon-cintre.com\/de\/#organization","name":"Mon Cintre","url":"https:\/\/www.mon-cintre.com\/de\/","logo":{"@type":"ImageObject","inLanguage":"de","@id":"https:\/\/www.mon-cintre.com\/de\/#\/schema\/logo\/image\/","url":"https:\/\/www.mon-cintre.com\/wp-content\/uploads\/2022\/12\/logo-blanc.png","contentUrl":"https:\/\/www.mon-cintre.com\/wp-content\/uploads\/2022\/12\/logo-blanc.png","width":345,"height":205,"caption":"Mon Cintre"},"image":{"@id":"https:\/\/www.mon-cintre.com\/de\/#\/schema\/logo\/image\/"}}]}},"_links":{"self":[{"href":"https:\/\/www.mon-cintre.com\/de\/wp-json\/wp\/v2\/product\/10858","targetHints":{"allow":["GET"]}}],"collection":[{"href":"https:\/\/www.mon-cintre.com\/de\/wp-json\/wp\/v2\/product"}],"about":[{"href":"https:\/\/www.mon-cintre.com\/de\/wp-json\/wp\/v2\/types\/product"}],"replies":[{"embeddable":true,"href":"https:\/\/www.mon-cintre.com\/de\/wp-json\/wp\/v2\/comments?post=10858"}],"wp:featuredmedia":[{"embeddable":true,"href":"https:\/\/www.mon-cintre.com\/de\/wp-json\/wp\/v2\/media\/27578"}],"wp:attachment":[{"href":"https:\/\/www.mon-cintre.com\/de\/wp-json\/wp\/v2\/media?parent=10858"}],"wp:term":[{"taxonomy":"product_brand","embeddable":true,"href":"https:\/\/www.mon-cintre.com\/de\/wp-json\/wp\/v2\/product_brand?post=10858"},{"taxonomy":"product_cat","embeddable":true,"href":"https:\/\/www.mon-cintre.com\/de\/wp-json\/wp\/v2\/product_cat?post=10858"},{"taxonomy":"product_tag","embeddable":true,"href":"https:\/\/www.mon-cintre.com\/de\/wp-json\/wp\/v2\/product_tag?post=10858"}],"curies":[{"name":"wp","href":"https:\/\/api.w.org\/{rel}","templated":true}]}}