

{"id":10924,"date":"2018-09-04T17:25:11","date_gmt":"2018-09-04T15:25:11","guid":{"rendered":"https:\/\/www.mon-cintre.com\/produit\/10-holzbugel-bluse-clips-schwarz-38\/"},"modified":"2026-03-23T22:48:37","modified_gmt":"2026-03-23T21:48:37","slug":"10-holzbugel-bluse-clips-schwarz-38","status":"publish","type":"product","link":"https:\/\/www.mon-cintre.com\/de\/produit\/10-holzbugel-bluse-clips-schwarz-38\/","title":{"rendered":"10 Holzb\u00fcgel f\u00fcr Bluse mit Clips &#8211; Farbe schwarz, geb\u00fcrstetes Holz (Breite 38 cm-Schulter 2,5 cm)"},"content":{"rendered":"<ul>\n<li>10 Kleiderb\u00fcgel f\u00fcr Blusen, R\u00f6cke und Hosen<\/li>\n<li>Eschenessenz schwarz gebeizt, Holz geb\u00fcrstet<\/li>\n<li>Hakenfarbe anthrazit matt<\/li>\n<li>360\u00ba drehbarer Haken<\/li>\n<li>Professionelle Zangen, die keine Spuren hinterlassen und f\u00fcr eine perfekte Passform sorgen<\/li>\n<li>Mobile Greifer \u00fcber die gesamte L\u00e4nge der Stange mit Schutz gegen Kratzer<\/li>\n<li>Breite 38 cm<\/li>\n<li>Schulterbreite 2,5 cm<\/li>\n<li>Hakendurchmesser 5 mm, H\u00f6he 8,5 cm<\/li>\n<li>Zange 6 x 2 cm<\/li>\n<li>Schachtel mit 10 Kleiderb\u00fcgeln<\/li>\n<li>Ideal f\u00fcr Blusen, Kleider, Tops, R\u00f6cke und Hosen<\/li>\n<li>Pflege: Mit einem weichen, trockenen Tuch abstauben<\/li>\n<li>Wichtige Informationen zu unseren Kleiderb\u00fcgeln aus Holz: Holz ist ein Naturmaterial und unsere Bretter stammen direkt von B\u00e4umen. Jedes St\u00fcck Holz kann Variationen in Farbe, Maserung und Knoten aufweisen, die f\u00fcr den urspr\u00fcnglichen Baum und den verwendeten Teil des Baumes spezifisch sind. Diese Eigenschaften verleihen dem Holz Charme, ohne die Qualit\u00e4t oder Haltbarkeit unserer Kleiderb\u00fcgel zu beeintr\u00e4chtigen. Holz ist lebendig und kann auf Ver\u00e4nderungen der Luftfeuchtigkeit reagieren. Unsere Kleiderb\u00fcgel werden teilweise auch von Hand geformt. Diese handwerkliche Herstellung macht jeden Kleiderb\u00fcgel einzigartig und es k\u00f6nnen sehr leichte Unterschiede zwischen ihnen auftreten.<\/li>\n<\/ul>\n<p>Die INTENSE-Kollektion wird sowohl M\u00e4nner als auch Frauen ansprechen. Das sch\u00f6ne schwarze matte Holz, das von Hand geb\u00fcrstet wird, um die Holzmaserung hervorzuheben, wird Sie mit seiner Modernit\u00e4t \u00fcberraschen. Dieses Set von 13 Kleiderb\u00fcgelmodellen f\u00fcr alle Kleidungsst\u00fccke Ihrer Garderobe ist eine Erleichterung.<\/p>\n<p>Lieferung in wei\u00dfer Geschenkbox mit Logo. Jeder Kleiderb\u00fcgel ist einzeln in eine Schutzh\u00fclle eingewickelt.<\/p>\n<p><img loading=\"lazy\" decoding=\"async\" class=\"alignnone wp-image-10820 size-medium\" src=\"https:\/\/www.mon-cintre.com\/wp-content\/uploads\/2019\/02\/boite-cadeau-300x300.jpg\" alt=\"Boite cadeau Mon cintre\" width=\"300\" height=\"300\" srcset=\"https:\/\/www.mon-cintre.com\/wp-content\/uploads\/2019\/02\/boite-cadeau-300x300.jpg 300w, https:\/\/www.mon-cintre.com\/wp-content\/uploads\/2019\/02\/boite-cadeau-150x150.jpg 150w, https:\/\/www.mon-cintre.com\/wp-content\/uploads\/2019\/02\/boite-cadeau-100x100.jpg 100w, https:\/\/www.mon-cintre.com\/wp-content\/uploads\/2019\/02\/boite-cadeau.jpg 500w\" sizes=\"auto, (max-width: 300px) 100vw, 300px\" \/><\/p>\n<p>1 Meter Kleiderschrank = 30 Kleiderb\u00fcgel<br \/>\n<img loading=\"lazy\" decoding=\"async\" class=\"alignnone size-full wp-image-153\" src=\"https:\/\/www.mon-cintre.com\/DEV\/wp-content\/uploads\/2018\/08\/30cintres.png\" alt=\"\" width=\"190\" height=\"19\" \/><\/p>\n<p>* Unverbindliche Fotos.<br \/>\nBeachten Sie, dass sich die Farben von Bildschirm zu Bildschirm \u00e4ndern, sodass es trotz der Sorgfalt bei der Qualit\u00e4t unserer Fotos zu Abweichungen zwischen Bildschirm und Realit\u00e4t kommen kann.<\/p>\n","protected":false},"excerpt":{"rendered":"<ul>\n<li>10 Kleiderb\u00fcgel f\u00fcr Blusen, R\u00f6cke und Hosen<\/li>\n<li>Schwarze Farbe, geb\u00fcrstetes Holz<\/li>\n<li>Abmessungen: 38 x 2,5 cm<\/li>\n<li>Professionelle Zangen, die nicht markieren<\/li>\n<li>Schachtel mit 10 Kleiderb\u00fcgeln<\/li>\n<li>Handgemacht (<span style=\"text-decoration: underline;\"><a href=\"https:\/\/www.mon-cintre.com\/de\/handgemacht\/\">Erfahren Sie mehr<\/a><\/span>)<\/li>\n<\/ul>\n<p>Bestellen Sie diese Box mit 10 Holzkleiderb\u00fcgeln inklusive professioneller Clips online, um Ihre Jacken, Hemden, R\u00f6cke und Hosen aufzuh\u00e4ngen, ohne sie zu besch\u00e4digen oder Spuren zu hinterlassen. Ab einer Bestellmenge von 20 Kleiderb\u00fcgeln k\u00f6nnen die B\u00fcgel mit Ihren Initialen oder Ihrem Logo personalisiert werden.<\/p>\n","protected":false},"featured_media":29879,"comment_status":"open","ping_status":"closed","template":"","meta":{"inline_featured_image":false},"product_brand":[],"product_cat":[575,314,635,298,614,308,313,310,602,630,569,309,549],"product_tag":[],"class_list":{"0":"post-10924","1":"product","2":"type-product","3":"status-publish","4":"has-post-thumbnail","6":"product_cat-arten-kleiderbuegeln-de","7":"product_cat-bluse-kleiderbugel","8":"product_cat-gebogene-kleiderbuegel","9":"product_cat-holzbugel","10":"product_cat-kleiderbuegel-grosse-38","11":"product_cat-kleiderbugel-fur-frauen","12":"product_cat-kleiderbugel-fur-kleid","13":"product_cat-kleiderbugel-fur-rocke-und-hosen","14":"product_cat-kleiderbugel-clips","15":"product_cat-kleiderbuegel-groesse","16":"product_cat-kleiderbuegelfarben","17":"product_cat-intensive-kollektion","18":"product_cat-kleiderbuegel","20":"first","21":"instock","22":"taxable","23":"shipping-taxable","24":"purchasable","25":"product-type-simple"},"yoast_head":"<!-- This site is optimized with the Yoast SEO plugin v27.4 - https:\/\/yoast.com\/product\/yoast-seo-wordpress\/ -->\n<title>10 Kleiderb\u00fcgel aus Eschenholz mit Clips, f\u00fcr Bluse \u2013 schwarze Farbe, geb\u00fcrstetes Holz<\/title>\n<meta name=\"description\" content=\"Intensive schwarze Damenb\u00fcgel mit geb\u00fcrstetem Holz, um Ihre Blusen elegant in Ihren Kleiderschr\u00e4nken und Ankleidezimmern zu verstauen.\" \/>\n<meta name=\"robots\" content=\"index, follow, max-snippet:-1, max-image-preview:large, max-video-preview:-1\" \/>\n<link rel=\"canonical\" href=\"https:\/\/www.mon-cintre.com\/de\/produit\/10-holzbugel-bluse-clips-schwarz-38\/\" \/>\n<meta property=\"og:locale\" content=\"de_DE\" \/>\n<meta property=\"og:type\" content=\"article\" \/>\n<meta property=\"og:title\" content=\"10 Kleiderb\u00fcgel aus Eschenholz mit Clips, f\u00fcr Bluse \u2013 schwarze Farbe, geb\u00fcrstetes Holz\" \/>\n<meta property=\"og:description\" content=\"Intensive schwarze Damenb\u00fcgel mit geb\u00fcrstetem Holz, um Ihre Blusen elegant in Ihren Kleiderschr\u00e4nken und Ankleidezimmern zu verstauen.\" \/>\n<meta property=\"og:url\" content=\"https:\/\/www.mon-cintre.com\/de\/produit\/10-holzbugel-bluse-clips-schwarz-38\/\" \/>\n<meta property=\"og:site_name\" content=\"Mon Cintre\" \/>\n<meta property=\"article:modified_time\" content=\"2026-03-23T21:48:37+00:00\" \/>\n<meta property=\"og:image\" content=\"https:\/\/www.mon-cintre.com\/wp-content\/uploads\/2018\/09\/cintres-chemisier-pinces-CLA3825PIN-BB.jpg\" \/>\n\t<meta property=\"og:image:width\" content=\"2000\" \/>\n\t<meta property=\"og:image:height\" content=\"2000\" \/>\n\t<meta property=\"og:image:type\" content=\"image\/jpeg\" \/>\n<meta name=\"twitter:card\" content=\"summary_large_image\" \/>\n<meta name=\"twitter:label1\" content=\"Gesch\u00e4tzte Lesezeit\" \/>\n\t<meta name=\"twitter:data1\" content=\"1\u00a0Minute\" \/>\n<script type=\"application\/ld+json\" class=\"yoast-schema-graph\">{\"@context\":\"https:\\\/\\\/schema.org\",\"@graph\":[{\"@type\":\"WebPage\",\"@id\":\"https:\\\/\\\/www.mon-cintre.com\\\/de\\\/produit\\\/10-holzbugel-bluse-clips-schwarz-38\\\/\",\"url\":\"https:\\\/\\\/www.mon-cintre.com\\\/de\\\/produit\\\/10-holzbugel-bluse-clips-schwarz-38\\\/\",\"name\":\"10 Kleiderb\u00fcgel aus Eschenholz mit Clips, f\u00fcr Bluse \u2013 schwarze Farbe, geb\u00fcrstetes Holz\",\"isPartOf\":{\"@id\":\"https:\\\/\\\/www.mon-cintre.com\\\/de\\\/#website\"},\"primaryImageOfPage\":{\"@id\":\"https:\\\/\\\/www.mon-cintre.com\\\/de\\\/produit\\\/10-holzbugel-bluse-clips-schwarz-38\\\/#primaryimage\"},\"image\":{\"@id\":\"https:\\\/\\\/www.mon-cintre.com\\\/de\\\/produit\\\/10-holzbugel-bluse-clips-schwarz-38\\\/#primaryimage\"},\"thumbnailUrl\":\"https:\\\/\\\/www.mon-cintre.com\\\/wp-content\\\/uploads\\\/2018\\\/09\\\/cintres-chemisier-pinces-CLA3825PIN-BB.jpg\",\"datePublished\":\"2018-09-04T15:25:11+00:00\",\"dateModified\":\"2026-03-23T21:48:37+00:00\",\"description\":\"Intensive schwarze Damenb\u00fcgel mit geb\u00fcrstetem Holz, um Ihre Blusen elegant in Ihren Kleiderschr\u00e4nken und Ankleidezimmern zu verstauen.\",\"breadcrumb\":{\"@id\":\"https:\\\/\\\/www.mon-cintre.com\\\/de\\\/produit\\\/10-holzbugel-bluse-clips-schwarz-38\\\/#breadcrumb\"},\"inLanguage\":\"de\",\"potentialAction\":[{\"@type\":\"ReadAction\",\"target\":[\"https:\\\/\\\/www.mon-cintre.com\\\/de\\\/produit\\\/10-holzbugel-bluse-clips-schwarz-38\\\/\"]}]},{\"@type\":\"ImageObject\",\"inLanguage\":\"de\",\"@id\":\"https:\\\/\\\/www.mon-cintre.com\\\/de\\\/produit\\\/10-holzbugel-bluse-clips-schwarz-38\\\/#primaryimage\",\"url\":\"https:\\\/\\\/www.mon-cintre.com\\\/wp-content\\\/uploads\\\/2018\\\/09\\\/cintres-chemisier-pinces-CLA3825PIN-BB.jpg\",\"contentUrl\":\"https:\\\/\\\/www.mon-cintre.com\\\/wp-content\\\/uploads\\\/2018\\\/09\\\/cintres-chemisier-pinces-CLA3825PIN-BB.jpg\",\"width\":2000,\"height\":2000,\"caption\":\"Holzb\u00fcgel f\u00fcr Pullover und Bluse\"},{\"@type\":\"BreadcrumbList\",\"@id\":\"https:\\\/\\\/www.mon-cintre.com\\\/de\\\/produit\\\/10-holzbugel-bluse-clips-schwarz-38\\\/#breadcrumb\",\"itemListElement\":[{\"@type\":\"ListItem\",\"position\":1,\"name\":\"Accueil\",\"item\":\"https:\\\/\\\/www.mon-cintre.com\\\/de\\\/\"},{\"@type\":\"ListItem\",\"position\":2,\"name\":\"Shop\",\"item\":\"https:\\\/\\\/www.mon-cintre.com\\\/de\\\/shop\\\/\"},{\"@type\":\"ListItem\",\"position\":3,\"name\":\"10 Holzb\u00fcgel f\u00fcr Bluse mit Clips &#8211; Farbe schwarz, geb\u00fcrstetes Holz (Breite 38 cm-Schulter 2,5 cm)\"}]},{\"@type\":\"WebSite\",\"@id\":\"https:\\\/\\\/www.mon-cintre.com\\\/de\\\/#website\",\"url\":\"https:\\\/\\\/www.mon-cintre.com\\\/de\\\/\",\"name\":\"Mon Cintre\",\"description\":\"Cintres et accessoires de dressing\",\"publisher\":{\"@id\":\"https:\\\/\\\/www.mon-cintre.com\\\/de\\\/#organization\"},\"potentialAction\":[{\"@type\":\"SearchAction\",\"target\":{\"@type\":\"EntryPoint\",\"urlTemplate\":\"https:\\\/\\\/www.mon-cintre.com\\\/de\\\/?s={search_term_string}\"},\"query-input\":{\"@type\":\"PropertyValueSpecification\",\"valueRequired\":true,\"valueName\":\"search_term_string\"}}],\"inLanguage\":\"de\"},{\"@type\":\"Organization\",\"@id\":\"https:\\\/\\\/www.mon-cintre.com\\\/de\\\/#organization\",\"name\":\"Mon Cintre\",\"url\":\"https:\\\/\\\/www.mon-cintre.com\\\/de\\\/\",\"logo\":{\"@type\":\"ImageObject\",\"inLanguage\":\"de\",\"@id\":\"https:\\\/\\\/www.mon-cintre.com\\\/de\\\/#\\\/schema\\\/logo\\\/image\\\/\",\"url\":\"https:\\\/\\\/www.mon-cintre.com\\\/wp-content\\\/uploads\\\/2022\\\/12\\\/logo-blanc.png\",\"contentUrl\":\"https:\\\/\\\/www.mon-cintre.com\\\/wp-content\\\/uploads\\\/2022\\\/12\\\/logo-blanc.png\",\"width\":345,\"height\":205,\"caption\":\"Mon Cintre\"},\"image\":{\"@id\":\"https:\\\/\\\/www.mon-cintre.com\\\/de\\\/#\\\/schema\\\/logo\\\/image\\\/\"}}]}<\/script>\n<!-- \/ Yoast SEO plugin. -->","yoast_head_json":{"title":"10 Kleiderb\u00fcgel aus Eschenholz mit Clips, f\u00fcr Bluse \u2013 schwarze Farbe, geb\u00fcrstetes Holz","description":"Intensive schwarze Damenb\u00fcgel mit geb\u00fcrstetem Holz, um Ihre Blusen elegant in Ihren Kleiderschr\u00e4nken und Ankleidezimmern zu verstauen.","robots":{"index":"index","follow":"follow","max-snippet":"max-snippet:-1","max-image-preview":"max-image-preview:large","max-video-preview":"max-video-preview:-1"},"canonical":"https:\/\/www.mon-cintre.com\/de\/produit\/10-holzbugel-bluse-clips-schwarz-38\/","og_locale":"de_DE","og_type":"article","og_title":"10 Kleiderb\u00fcgel aus Eschenholz mit Clips, f\u00fcr Bluse \u2013 schwarze Farbe, geb\u00fcrstetes Holz","og_description":"Intensive schwarze Damenb\u00fcgel mit geb\u00fcrstetem Holz, um Ihre Blusen elegant in Ihren Kleiderschr\u00e4nken und Ankleidezimmern zu verstauen.","og_url":"https:\/\/www.mon-cintre.com\/de\/produit\/10-holzbugel-bluse-clips-schwarz-38\/","og_site_name":"Mon Cintre","article_modified_time":"2026-03-23T21:48:37+00:00","og_image":[{"width":2000,"height":2000,"url":"https:\/\/www.mon-cintre.com\/wp-content\/uploads\/2018\/09\/cintres-chemisier-pinces-CLA3825PIN-BB.jpg","type":"image\/jpeg"}],"twitter_card":"summary_large_image","twitter_misc":{"Gesch\u00e4tzte Lesezeit":"1\u00a0Minute"},"schema":{"@context":"https:\/\/schema.org","@graph":[{"@type":"WebPage","@id":"https:\/\/www.mon-cintre.com\/de\/produit\/10-holzbugel-bluse-clips-schwarz-38\/","url":"https:\/\/www.mon-cintre.com\/de\/produit\/10-holzbugel-bluse-clips-schwarz-38\/","name":"10 Kleiderb\u00fcgel aus Eschenholz mit Clips, f\u00fcr Bluse \u2013 schwarze Farbe, geb\u00fcrstetes Holz","isPartOf":{"@id":"https:\/\/www.mon-cintre.com\/de\/#website"},"primaryImageOfPage":{"@id":"https:\/\/www.mon-cintre.com\/de\/produit\/10-holzbugel-bluse-clips-schwarz-38\/#primaryimage"},"image":{"@id":"https:\/\/www.mon-cintre.com\/de\/produit\/10-holzbugel-bluse-clips-schwarz-38\/#primaryimage"},"thumbnailUrl":"https:\/\/www.mon-cintre.com\/wp-content\/uploads\/2018\/09\/cintres-chemisier-pinces-CLA3825PIN-BB.jpg","datePublished":"2018-09-04T15:25:11+00:00","dateModified":"2026-03-23T21:48:37+00:00","description":"Intensive schwarze Damenb\u00fcgel mit geb\u00fcrstetem Holz, um Ihre Blusen elegant in Ihren Kleiderschr\u00e4nken und Ankleidezimmern zu verstauen.","breadcrumb":{"@id":"https:\/\/www.mon-cintre.com\/de\/produit\/10-holzbugel-bluse-clips-schwarz-38\/#breadcrumb"},"inLanguage":"de","potentialAction":[{"@type":"ReadAction","target":["https:\/\/www.mon-cintre.com\/de\/produit\/10-holzbugel-bluse-clips-schwarz-38\/"]}]},{"@type":"ImageObject","inLanguage":"de","@id":"https:\/\/www.mon-cintre.com\/de\/produit\/10-holzbugel-bluse-clips-schwarz-38\/#primaryimage","url":"https:\/\/www.mon-cintre.com\/wp-content\/uploads\/2018\/09\/cintres-chemisier-pinces-CLA3825PIN-BB.jpg","contentUrl":"https:\/\/www.mon-cintre.com\/wp-content\/uploads\/2018\/09\/cintres-chemisier-pinces-CLA3825PIN-BB.jpg","width":2000,"height":2000,"caption":"Holzb\u00fcgel f\u00fcr Pullover und Bluse"},{"@type":"BreadcrumbList","@id":"https:\/\/www.mon-cintre.com\/de\/produit\/10-holzbugel-bluse-clips-schwarz-38\/#breadcrumb","itemListElement":[{"@type":"ListItem","position":1,"name":"Accueil","item":"https:\/\/www.mon-cintre.com\/de\/"},{"@type":"ListItem","position":2,"name":"Shop","item":"https:\/\/www.mon-cintre.com\/de\/shop\/"},{"@type":"ListItem","position":3,"name":"10 Holzb\u00fcgel f\u00fcr Bluse mit Clips &#8211; Farbe schwarz, geb\u00fcrstetes Holz (Breite 38 cm-Schulter 2,5 cm)"}]},{"@type":"WebSite","@id":"https:\/\/www.mon-cintre.com\/de\/#website","url":"https:\/\/www.mon-cintre.com\/de\/","name":"Mon Cintre","description":"Cintres et accessoires de dressing","publisher":{"@id":"https:\/\/www.mon-cintre.com\/de\/#organization"},"potentialAction":[{"@type":"SearchAction","target":{"@type":"EntryPoint","urlTemplate":"https:\/\/www.mon-cintre.com\/de\/?s={search_term_string}"},"query-input":{"@type":"PropertyValueSpecification","valueRequired":true,"valueName":"search_term_string"}}],"inLanguage":"de"},{"@type":"Organization","@id":"https:\/\/www.mon-cintre.com\/de\/#organization","name":"Mon Cintre","url":"https:\/\/www.mon-cintre.com\/de\/","logo":{"@type":"ImageObject","inLanguage":"de","@id":"https:\/\/www.mon-cintre.com\/de\/#\/schema\/logo\/image\/","url":"https:\/\/www.mon-cintre.com\/wp-content\/uploads\/2022\/12\/logo-blanc.png","contentUrl":"https:\/\/www.mon-cintre.com\/wp-content\/uploads\/2022\/12\/logo-blanc.png","width":345,"height":205,"caption":"Mon Cintre"},"image":{"@id":"https:\/\/www.mon-cintre.com\/de\/#\/schema\/logo\/image\/"}}]}},"_links":{"self":[{"href":"https:\/\/www.mon-cintre.com\/de\/wp-json\/wp\/v2\/product\/10924","targetHints":{"allow":["GET"]}}],"collection":[{"href":"https:\/\/www.mon-cintre.com\/de\/wp-json\/wp\/v2\/product"}],"about":[{"href":"https:\/\/www.mon-cintre.com\/de\/wp-json\/wp\/v2\/types\/product"}],"replies":[{"embeddable":true,"href":"https:\/\/www.mon-cintre.com\/de\/wp-json\/wp\/v2\/comments?post=10924"}],"wp:featuredmedia":[{"embeddable":true,"href":"https:\/\/www.mon-cintre.com\/de\/wp-json\/wp\/v2\/media\/29879"}],"wp:attachment":[{"href":"https:\/\/www.mon-cintre.com\/de\/wp-json\/wp\/v2\/media?parent=10924"}],"wp:term":[{"taxonomy":"product_brand","embeddable":true,"href":"https:\/\/www.mon-cintre.com\/de\/wp-json\/wp\/v2\/product_brand?post=10924"},{"taxonomy":"product_cat","embeddable":true,"href":"https:\/\/www.mon-cintre.com\/de\/wp-json\/wp\/v2\/product_cat?post=10924"},{"taxonomy":"product_tag","embeddable":true,"href":"https:\/\/www.mon-cintre.com\/de\/wp-json\/wp\/v2\/product_tag?post=10924"}],"curies":[{"name":"wp","href":"https:\/\/api.w.org\/{rel}","templated":true}]}}