

{"id":11066,"date":"2018-08-13T12:53:21","date_gmt":"2018-08-13T10:53:21","guid":{"rendered":"https:\/\/www.mon-cintre.com\/produit\/alu-kleiderbugel-schals-cheches-accessoires-matt-silberfarben\/"},"modified":"2026-01-23T13:14:56","modified_gmt":"2026-01-23T12:14:56","slug":"alu-kleiderbugel-schals-cheches-accessoires-matt-silberfarben","status":"publish","type":"product","link":"https:\/\/www.mon-cintre.com\/de\/produit\/alu-kleiderbugel-schals-cheches-accessoires-matt-silberfarben\/","title":{"rendered":"5 Alu-Kleiderb\u00fcgel f\u00fcr Schals, Ch\u00e8ches und Accessoires &#8211; matt silberfarben"},"content":{"rendered":"<ul>\n<li>5 Aluminium Kleiderb\u00fcgel f\u00fcr Schals und Accessoires<\/li>\n<li>Matt silberne Farbe<\/li>\n<li>H\u00f6he (inklusive Haken): 24 cm<\/li>\n<li>Breite: 15 cm<\/li>\n<li>Dicke: 2 cm<\/li>\n<li>Ideal f\u00fcr Schals, T\u00fccher, G\u00fcrtel, Schals und andere Accessoires zum Aufh\u00e4ngen<\/li>\n<li>Pflege: Mit einem weichen, leicht feuchten Tuch reinigen<\/li>\n<\/ul>\n<p>1 Meter Kleiderschrank = 37 Kleiderb\u00fcgel<br \/>\n<img loading=\"lazy\" decoding=\"async\" class=\"alignnone size-full wp-image-156\" src=\"https:\/\/www.mon-cintre.com\/DEV\/wp-content\/uploads\/2018\/08\/40cintres.png\" alt=\"\" width=\"190\" height=\"19\" \/><\/p>\n<p>* Foto nicht vertraglich.<br \/>\nBeachten Sie, dass sich die Farben von Bildschirm zu Bildschirm \u00e4ndern, sodass es trotz der Sorgfalt bei der Qualit\u00e4t unserer Fotos zu Abweichungen zwischen Bildschirm und Realit\u00e4t kommen kann.<\/p>\n","protected":false},"excerpt":{"rendered":"<ul>\n<li>5 Aluminium Kleiderb\u00fcgel f\u00fcr Schals und Accessoires<\/li>\n<li><del>7\u20ac<\/del> 5,20\u20ac\u00a0der Kleiderb\u00fcgel<\/li>\n<li>Matt silberne Farbe<\/li>\n<li>Abmessungen: 24 x 15 x 2 cm<\/li>\n<li>Ideal f\u00fcr Schals, T\u00fccher, G\u00fcrtel, Schals usw<\/li>\n<\/ul>\n<p>Die MILLENIUM-Kollektion ist mit ihren aktuellen Farben und Materialien entschieden modern. Es wird sowohl junge Menschen als auch Erwachsene ansprechen. Durch diese Reihe von sehr d\u00fcnnen Kleiderb\u00fcgeln sparen Sie auch Platz in Ihren Schr\u00e4nken.<\/p>\n","protected":false},"featured_media":26372,"comment_status":"open","ping_status":"closed","template":"","meta":{"inline_featured_image":false},"product_brand":[],"product_cat":[328,575,639,308,293,645,549],"product_tag":[],"class_list":{"0":"post-11066","1":"product","2":"type-product","3":"status-publish","4":"has-post-thumbnail","6":"product_cat-aluminium-kleiderbuegel","7":"product_cat-arten-kleiderbuegeln-de","8":"product_cat-flache-kleiderbuegel","9":"product_cat-kleiderbugel-fur-frauen","10":"product_cat-kleiderbugel-fur-manner","11":"product_cat-kleiderbugel-schal","12":"product_cat-kleiderbuegel","14":"first","15":"instock","16":"sale","17":"taxable","18":"shipping-taxable","19":"purchasable","20":"product-type-simple"},"yoast_head":"<!-- This site is optimized with the Yoast SEO plugin v27.4 - https:\/\/yoast.com\/product\/yoast-seo-wordpress\/ -->\n<title>5 Alu-Kleiderb\u00fcgel f\u00fcr Schals, Ch\u00e8ches und Accessoires - matt silberfarben - Mon Cintre<\/title>\n<meta name=\"description\" content=\"Moderne Aluminium Kleiderb\u00fcgel zur Aufbewahrung von Schals, T\u00fcchern, G\u00fcrteln und anderem Zubeh\u00f6r. Matt silberne Farbe\" \/>\n<meta name=\"robots\" content=\"index, follow, max-snippet:-1, max-image-preview:large, max-video-preview:-1\" \/>\n<link rel=\"canonical\" href=\"https:\/\/www.mon-cintre.com\/de\/produit\/alu-kleiderbugel-schals-cheches-accessoires-matt-silberfarben\/\" \/>\n<meta property=\"og:locale\" content=\"de_DE\" \/>\n<meta property=\"og:type\" content=\"article\" \/>\n<meta property=\"og:title\" content=\"5 Alu-Kleiderb\u00fcgel f\u00fcr Schals, Ch\u00e8ches und Accessoires - matt silberfarben - Mon Cintre\" \/>\n<meta property=\"og:description\" content=\"Moderne Aluminium Kleiderb\u00fcgel zur Aufbewahrung von Schals, T\u00fcchern, G\u00fcrteln und anderem Zubeh\u00f6r. Matt silberne Farbe\" \/>\n<meta property=\"og:url\" content=\"https:\/\/www.mon-cintre.com\/de\/produit\/alu-kleiderbugel-schals-cheches-accessoires-matt-silberfarben\/\" \/>\n<meta property=\"og:site_name\" content=\"Mon Cintre\" \/>\n<meta property=\"article:modified_time\" content=\"2026-01-23T12:14:56+00:00\" \/>\n<meta property=\"og:image\" content=\"https:\/\/www.mon-cintre.com\/wp-content\/uploads\/2018\/08\/cintre-alu-foulard-1-1.jpg\" \/>\n\t<meta property=\"og:image:width\" content=\"1800\" \/>\n\t<meta property=\"og:image:height\" content=\"1800\" \/>\n\t<meta property=\"og:image:type\" content=\"image\/jpeg\" \/>\n<meta name=\"twitter:card\" content=\"summary_large_image\" \/>\n<script type=\"application\/ld+json\" class=\"yoast-schema-graph\">{\"@context\":\"https:\\\/\\\/schema.org\",\"@graph\":[{\"@type\":\"WebPage\",\"@id\":\"https:\\\/\\\/www.mon-cintre.com\\\/de\\\/produit\\\/alu-kleiderbugel-schals-cheches-accessoires-matt-silberfarben\\\/\",\"url\":\"https:\\\/\\\/www.mon-cintre.com\\\/de\\\/produit\\\/alu-kleiderbugel-schals-cheches-accessoires-matt-silberfarben\\\/\",\"name\":\"5 Alu-Kleiderb\u00fcgel f\u00fcr Schals, Ch\u00e8ches und Accessoires - matt silberfarben - Mon Cintre\",\"isPartOf\":{\"@id\":\"https:\\\/\\\/www.mon-cintre.com\\\/de\\\/#website\"},\"primaryImageOfPage\":{\"@id\":\"https:\\\/\\\/www.mon-cintre.com\\\/de\\\/produit\\\/alu-kleiderbugel-schals-cheches-accessoires-matt-silberfarben\\\/#primaryimage\"},\"image\":{\"@id\":\"https:\\\/\\\/www.mon-cintre.com\\\/de\\\/produit\\\/alu-kleiderbugel-schals-cheches-accessoires-matt-silberfarben\\\/#primaryimage\"},\"thumbnailUrl\":\"https:\\\/\\\/www.mon-cintre.com\\\/wp-content\\\/uploads\\\/2018\\\/08\\\/cintre-alu-foulard-1-1.jpg\",\"datePublished\":\"2018-08-13T10:53:21+00:00\",\"dateModified\":\"2026-01-23T12:14:56+00:00\",\"description\":\"Moderne Aluminium Kleiderb\u00fcgel zur Aufbewahrung von Schals, T\u00fcchern, G\u00fcrteln und anderem Zubeh\u00f6r. Matt silberne Farbe\",\"breadcrumb\":{\"@id\":\"https:\\\/\\\/www.mon-cintre.com\\\/de\\\/produit\\\/alu-kleiderbugel-schals-cheches-accessoires-matt-silberfarben\\\/#breadcrumb\"},\"inLanguage\":\"de\",\"potentialAction\":[{\"@type\":\"ReadAction\",\"target\":[\"https:\\\/\\\/www.mon-cintre.com\\\/de\\\/produit\\\/alu-kleiderbugel-schals-cheches-accessoires-matt-silberfarben\\\/\"]}]},{\"@type\":\"ImageObject\",\"inLanguage\":\"de\",\"@id\":\"https:\\\/\\\/www.mon-cintre.com\\\/de\\\/produit\\\/alu-kleiderbugel-schals-cheches-accessoires-matt-silberfarben\\\/#primaryimage\",\"url\":\"https:\\\/\\\/www.mon-cintre.com\\\/wp-content\\\/uploads\\\/2018\\\/08\\\/cintre-alu-foulard-1-1.jpg\",\"contentUrl\":\"https:\\\/\\\/www.mon-cintre.com\\\/wp-content\\\/uploads\\\/2018\\\/08\\\/cintre-alu-foulard-1-1.jpg\",\"width\":1800,\"height\":1800},{\"@type\":\"BreadcrumbList\",\"@id\":\"https:\\\/\\\/www.mon-cintre.com\\\/de\\\/produit\\\/alu-kleiderbugel-schals-cheches-accessoires-matt-silberfarben\\\/#breadcrumb\",\"itemListElement\":[{\"@type\":\"ListItem\",\"position\":1,\"name\":\"Accueil\",\"item\":\"https:\\\/\\\/www.mon-cintre.com\\\/de\\\/\"},{\"@type\":\"ListItem\",\"position\":2,\"name\":\"Shop\",\"item\":\"https:\\\/\\\/www.mon-cintre.com\\\/de\\\/shop\\\/\"},{\"@type\":\"ListItem\",\"position\":3,\"name\":\"5 Alu-Kleiderb\u00fcgel f\u00fcr Schals, Ch\u00e8ches und Accessoires &#8211; matt silberfarben\"}]},{\"@type\":\"WebSite\",\"@id\":\"https:\\\/\\\/www.mon-cintre.com\\\/de\\\/#website\",\"url\":\"https:\\\/\\\/www.mon-cintre.com\\\/de\\\/\",\"name\":\"Mon Cintre\",\"description\":\"Cintres et accessoires de dressing\",\"publisher\":{\"@id\":\"https:\\\/\\\/www.mon-cintre.com\\\/de\\\/#organization\"},\"potentialAction\":[{\"@type\":\"SearchAction\",\"target\":{\"@type\":\"EntryPoint\",\"urlTemplate\":\"https:\\\/\\\/www.mon-cintre.com\\\/de\\\/?s={search_term_string}\"},\"query-input\":{\"@type\":\"PropertyValueSpecification\",\"valueRequired\":true,\"valueName\":\"search_term_string\"}}],\"inLanguage\":\"de\"},{\"@type\":\"Organization\",\"@id\":\"https:\\\/\\\/www.mon-cintre.com\\\/de\\\/#organization\",\"name\":\"Mon Cintre\",\"url\":\"https:\\\/\\\/www.mon-cintre.com\\\/de\\\/\",\"logo\":{\"@type\":\"ImageObject\",\"inLanguage\":\"de\",\"@id\":\"https:\\\/\\\/www.mon-cintre.com\\\/de\\\/#\\\/schema\\\/logo\\\/image\\\/\",\"url\":\"https:\\\/\\\/www.mon-cintre.com\\\/wp-content\\\/uploads\\\/2022\\\/12\\\/logo-blanc.png\",\"contentUrl\":\"https:\\\/\\\/www.mon-cintre.com\\\/wp-content\\\/uploads\\\/2022\\\/12\\\/logo-blanc.png\",\"width\":345,\"height\":205,\"caption\":\"Mon Cintre\"},\"image\":{\"@id\":\"https:\\\/\\\/www.mon-cintre.com\\\/de\\\/#\\\/schema\\\/logo\\\/image\\\/\"}}]}<\/script>\n<!-- \/ Yoast SEO plugin. -->","yoast_head_json":{"title":"5 Alu-Kleiderb\u00fcgel f\u00fcr Schals, Ch\u00e8ches und Accessoires - matt silberfarben - Mon Cintre","description":"Moderne Aluminium Kleiderb\u00fcgel zur Aufbewahrung von Schals, T\u00fcchern, G\u00fcrteln und anderem Zubeh\u00f6r. Matt silberne Farbe","robots":{"index":"index","follow":"follow","max-snippet":"max-snippet:-1","max-image-preview":"max-image-preview:large","max-video-preview":"max-video-preview:-1"},"canonical":"https:\/\/www.mon-cintre.com\/de\/produit\/alu-kleiderbugel-schals-cheches-accessoires-matt-silberfarben\/","og_locale":"de_DE","og_type":"article","og_title":"5 Alu-Kleiderb\u00fcgel f\u00fcr Schals, Ch\u00e8ches und Accessoires - matt silberfarben - Mon Cintre","og_description":"Moderne Aluminium Kleiderb\u00fcgel zur Aufbewahrung von Schals, T\u00fcchern, G\u00fcrteln und anderem Zubeh\u00f6r. Matt silberne Farbe","og_url":"https:\/\/www.mon-cintre.com\/de\/produit\/alu-kleiderbugel-schals-cheches-accessoires-matt-silberfarben\/","og_site_name":"Mon Cintre","article_modified_time":"2026-01-23T12:14:56+00:00","og_image":[{"width":1800,"height":1800,"url":"https:\/\/www.mon-cintre.com\/wp-content\/uploads\/2018\/08\/cintre-alu-foulard-1-1.jpg","type":"image\/jpeg"}],"twitter_card":"summary_large_image","schema":{"@context":"https:\/\/schema.org","@graph":[{"@type":"WebPage","@id":"https:\/\/www.mon-cintre.com\/de\/produit\/alu-kleiderbugel-schals-cheches-accessoires-matt-silberfarben\/","url":"https:\/\/www.mon-cintre.com\/de\/produit\/alu-kleiderbugel-schals-cheches-accessoires-matt-silberfarben\/","name":"5 Alu-Kleiderb\u00fcgel f\u00fcr Schals, Ch\u00e8ches und Accessoires - matt silberfarben - Mon Cintre","isPartOf":{"@id":"https:\/\/www.mon-cintre.com\/de\/#website"},"primaryImageOfPage":{"@id":"https:\/\/www.mon-cintre.com\/de\/produit\/alu-kleiderbugel-schals-cheches-accessoires-matt-silberfarben\/#primaryimage"},"image":{"@id":"https:\/\/www.mon-cintre.com\/de\/produit\/alu-kleiderbugel-schals-cheches-accessoires-matt-silberfarben\/#primaryimage"},"thumbnailUrl":"https:\/\/www.mon-cintre.com\/wp-content\/uploads\/2018\/08\/cintre-alu-foulard-1-1.jpg","datePublished":"2018-08-13T10:53:21+00:00","dateModified":"2026-01-23T12:14:56+00:00","description":"Moderne Aluminium Kleiderb\u00fcgel zur Aufbewahrung von Schals, T\u00fcchern, G\u00fcrteln und anderem Zubeh\u00f6r. Matt silberne Farbe","breadcrumb":{"@id":"https:\/\/www.mon-cintre.com\/de\/produit\/alu-kleiderbugel-schals-cheches-accessoires-matt-silberfarben\/#breadcrumb"},"inLanguage":"de","potentialAction":[{"@type":"ReadAction","target":["https:\/\/www.mon-cintre.com\/de\/produit\/alu-kleiderbugel-schals-cheches-accessoires-matt-silberfarben\/"]}]},{"@type":"ImageObject","inLanguage":"de","@id":"https:\/\/www.mon-cintre.com\/de\/produit\/alu-kleiderbugel-schals-cheches-accessoires-matt-silberfarben\/#primaryimage","url":"https:\/\/www.mon-cintre.com\/wp-content\/uploads\/2018\/08\/cintre-alu-foulard-1-1.jpg","contentUrl":"https:\/\/www.mon-cintre.com\/wp-content\/uploads\/2018\/08\/cintre-alu-foulard-1-1.jpg","width":1800,"height":1800},{"@type":"BreadcrumbList","@id":"https:\/\/www.mon-cintre.com\/de\/produit\/alu-kleiderbugel-schals-cheches-accessoires-matt-silberfarben\/#breadcrumb","itemListElement":[{"@type":"ListItem","position":1,"name":"Accueil","item":"https:\/\/www.mon-cintre.com\/de\/"},{"@type":"ListItem","position":2,"name":"Shop","item":"https:\/\/www.mon-cintre.com\/de\/shop\/"},{"@type":"ListItem","position":3,"name":"5 Alu-Kleiderb\u00fcgel f\u00fcr Schals, Ch\u00e8ches und Accessoires &#8211; matt silberfarben"}]},{"@type":"WebSite","@id":"https:\/\/www.mon-cintre.com\/de\/#website","url":"https:\/\/www.mon-cintre.com\/de\/","name":"Mon Cintre","description":"Cintres et accessoires de dressing","publisher":{"@id":"https:\/\/www.mon-cintre.com\/de\/#organization"},"potentialAction":[{"@type":"SearchAction","target":{"@type":"EntryPoint","urlTemplate":"https:\/\/www.mon-cintre.com\/de\/?s={search_term_string}"},"query-input":{"@type":"PropertyValueSpecification","valueRequired":true,"valueName":"search_term_string"}}],"inLanguage":"de"},{"@type":"Organization","@id":"https:\/\/www.mon-cintre.com\/de\/#organization","name":"Mon Cintre","url":"https:\/\/www.mon-cintre.com\/de\/","logo":{"@type":"ImageObject","inLanguage":"de","@id":"https:\/\/www.mon-cintre.com\/de\/#\/schema\/logo\/image\/","url":"https:\/\/www.mon-cintre.com\/wp-content\/uploads\/2022\/12\/logo-blanc.png","contentUrl":"https:\/\/www.mon-cintre.com\/wp-content\/uploads\/2022\/12\/logo-blanc.png","width":345,"height":205,"caption":"Mon Cintre"},"image":{"@id":"https:\/\/www.mon-cintre.com\/de\/#\/schema\/logo\/image\/"}}]}},"_links":{"self":[{"href":"https:\/\/www.mon-cintre.com\/de\/wp-json\/wp\/v2\/product\/11066","targetHints":{"allow":["GET"]}}],"collection":[{"href":"https:\/\/www.mon-cintre.com\/de\/wp-json\/wp\/v2\/product"}],"about":[{"href":"https:\/\/www.mon-cintre.com\/de\/wp-json\/wp\/v2\/types\/product"}],"replies":[{"embeddable":true,"href":"https:\/\/www.mon-cintre.com\/de\/wp-json\/wp\/v2\/comments?post=11066"}],"wp:featuredmedia":[{"embeddable":true,"href":"https:\/\/www.mon-cintre.com\/de\/wp-json\/wp\/v2\/media\/26372"}],"wp:attachment":[{"href":"https:\/\/www.mon-cintre.com\/de\/wp-json\/wp\/v2\/media?parent=11066"}],"wp:term":[{"taxonomy":"product_brand","embeddable":true,"href":"https:\/\/www.mon-cintre.com\/de\/wp-json\/wp\/v2\/product_brand?post=11066"},{"taxonomy":"product_cat","embeddable":true,"href":"https:\/\/www.mon-cintre.com\/de\/wp-json\/wp\/v2\/product_cat?post=11066"},{"taxonomy":"product_tag","embeddable":true,"href":"https:\/\/www.mon-cintre.com\/de\/wp-json\/wp\/v2\/product_tag?post=11066"}],"curies":[{"name":"wp","href":"https:\/\/api.w.org\/{rel}","templated":true}]}}