

{"id":11114,"date":"2018-08-13T12:45:52","date_gmt":"2018-08-13T10:45:52","guid":{"rendered":"https:\/\/www.mon-cintre.com\/produit\/kleiderbugel-jacke-anzug-nussbaum-45-2\/"},"modified":"2026-02-11T11:13:53","modified_gmt":"2026-02-11T10:13:53","slug":"kleiderbugel-jacke-anzug-nussbaum-45-2","status":"publish","type":"product","link":"https:\/\/www.mon-cintre.com\/de\/produit\/kleiderbugel-jacke-anzug-nussbaum-45-2\/","title":{"rendered":"6 Kleiderb\u00fcgel f\u00fcr Jacke und Anzug &#8211; Nussbaum matt (Breite 45 cm-Schulter 5 cm)"},"content":{"rendered":"<ul>\n<li>6 luxuri\u00f6se Kleiderb\u00fcgel aus Eschenholz f\u00fcr M\u00e4ntel, Jacken, Anz\u00fcge und Hosen<\/li>\n<li>Matt walnussfarben<\/li>\n<li>Oberst Col<\/li>\n<li>Hakenfarbe anthrazit matt<\/li>\n<li>360\u00ba drehbarer Haken<\/li>\n<li>Beflockter Riegel Antirutsch dunkelbraun, der nicht gestopft ist<\/li>\n<li>Breite: 45 cm<\/li>\n<li>Breite der Schulter: 5 cm<\/li>\n<li>Ma\u00df der Stange: 37 cm<\/li>\n<li>Hakendurchmesser 5 mm, H\u00f6he 8,5 cm<\/li>\n<li>Box mit 6 Kleiderb\u00fcgeln<\/li>\n<li>Ideal f\u00fcr Jacken, M\u00e4ntel, Hosen und Anz\u00fcge<\/li>\n<li>Pflege: Mit einem weichen, trockenen Tuch abstauben<\/li>\n<li>Wichtige Informationen zu unseren Kleiderb\u00fcgeln aus Holz: Holz ist ein Naturmaterial und unsere Bretter stammen direkt von B\u00e4umen. Jedes St\u00fcck Holz kann Variationen in Farbe, Maserung und Knoten aufweisen, die f\u00fcr den urspr\u00fcnglichen Baum und den verwendeten Teil des Baumes spezifisch sind. Diese Eigenschaften verleihen dem Holz Charme, ohne die Qualit\u00e4t oder Haltbarkeit unserer Kleiderb\u00fcgel zu beeintr\u00e4chtigen. Holz ist lebendig und kann auf Ver\u00e4nderungen der Luftfeuchtigkeit reagieren. Unsere Kleiderb\u00fcgel werden teilweise auch von Hand geformt. Diese handwerkliche Herstellung macht jeden Kleiderb\u00fcgel einzigartig und es k\u00f6nnen sehr leichte Unterschiede zwischen ihnen auftreten.<\/li>\n<\/ul>\n<p>Die DANDY-Kollektion ist f\u00fcr M\u00e4nner, die Mode lieben und ihre Jacken und Hemden tragen m\u00f6chten. Der Kragenoberst ist nicht nur elegant, sondern passt sich auch perfekt den Kragen Ihrer Kleidung an. Die DANDY-Kollektion ist in 2 Farben erh\u00e4ltlich: Schwarz geb\u00fcrstet und Nussbaum matt.<\/p>\n<p>Lieferung in wei\u00dfer Geschenkbox mit Logo. Jeder Kleiderb\u00fcgel ist einzeln in eine Schutzh\u00fclle eingewickelt.<\/p>\n<p><img loading=\"lazy\" decoding=\"async\" class=\"alignnone size-medium wp-image-10820\" src=\"https:\/\/www.mon-cintre.com\/wp-content\/uploads\/2019\/02\/boite-cadeau-300x300.jpg\" alt=\"Boite cadeau Mon cintre\" width=\"300\" height=\"300\" srcset=\"https:\/\/www.mon-cintre.com\/wp-content\/uploads\/2019\/02\/boite-cadeau-300x300.jpg 300w, https:\/\/www.mon-cintre.com\/wp-content\/uploads\/2019\/02\/boite-cadeau-150x150.jpg 150w, https:\/\/www.mon-cintre.com\/wp-content\/uploads\/2019\/02\/boite-cadeau-100x100.jpg 100w, https:\/\/www.mon-cintre.com\/wp-content\/uploads\/2019\/02\/boite-cadeau.jpg 500w\" sizes=\"auto, (max-width: 300px) 100vw, 300px\" \/><\/p>\n<p>1 Meter Kleiderschrank = 17 Kleiderb\u00fcgel<br \/>\n<img loading=\"lazy\" decoding=\"async\" class=\"alignnone size-full wp-image-147\" src=\"https:\/\/www.mon-cintre.com\/DEV\/wp-content\/uploads\/2018\/08\/17cintres.png\" alt=\"\" width=\"190\" height=\"19\" \/><\/p>\n<p>* Unverbindliche Fotos.<br \/>\nBeachten Sie, dass sich die Farben von Bildschirm zu Bildschirm \u00e4ndern, sodass es trotz der Sorgfalt bei der Qualit\u00e4t unserer Fotos zu Abweichungen zwischen Bildschirm und Realit\u00e4t kommen kann.<\/p>\n","protected":false},"excerpt":{"rendered":"<ul>\n<li>6 luxuri\u00f6se Kleiderb\u00fcgel f\u00fcr Jacke und Anzug mit rutschfester Flockstange<\/li>\n<li>Matt walnussfarben<\/li>\n<li>Drehhaken aus mattem Rotguss<\/li>\n<li>Oberst Kragen gegraben, um die Form des Kragens zu passen<\/li>\n<li>Breite: 45 cm<\/li>\n<li>Breite der Schulter: 5 cm<\/li>\n<li>Bar beflockt dunkelbraunem Samt Antislip, professionelle Qualit\u00e4t, die keine Faser verl\u00e4sst<\/li>\n<li>Box mit 6 Kleiderb\u00fcgeln<\/li>\n<li>Handgemacht (<span style=\"text-decoration: underline;\"><a href=\"https:\/\/www.mon-cintre.com\/de\/handgemacht\/\">Erfahren Sie mehr<\/a><\/span>)<\/li>\n<\/ul>\n<p>Bestellen Sie diese 6er-Packung Holzkleiderb\u00fcgel online. Sie zeichnen sich durch breite Schultern und eine rutschfeste Stange aus und eignen sich perfekt zum Aufh\u00e4ngen von Anz\u00fcgen, Jacken, M\u00e4nteln und Hosen. Ab einer Bestellmenge von 24 Kleiderb\u00fcgeln k\u00f6nnen Sie diese mit Ihren Initialen oder Ihrem Logo personalisieren.<\/p>\n","protected":false},"featured_media":28884,"comment_status":"open","ping_status":"closed","template":"","meta":{"inline_featured_image":false},"product_brand":[],"product_cat":[575,635,298,294,617,293,295,296,593,584,630,569,549],"product_tag":[],"class_list":{"0":"post-11114","1":"product","2":"type-product","3":"status-publish","4":"has-post-thumbnail","6":"product_cat-arten-kleiderbuegeln-de","7":"product_cat-gebogene-kleiderbuegel","8":"product_cat-holzbugel","9":"product_cat-hosenbugel","10":"product_cat-kleiderbuegel-grosse-45","11":"product_cat-kleiderbugel-fur-manner","12":"product_cat-kleiderbugel-fur-herrenanzuge","13":"product_cat-dandy-kollektion","14":"product_cat-kleiderbuegel-breiten-schultern","15":"product_cat-kleiderbuegel-stange","16":"product_cat-kleiderbuegel-groesse","17":"product_cat-kleiderbuegelfarben","18":"product_cat-kleiderbuegel","20":"first","21":"instock","22":"taxable","23":"shipping-taxable","24":"purchasable","25":"product-type-simple"},"yoast_head":"<!-- This site is optimized with the Yoast SEO plugin v27.6 - https:\/\/yoast.com\/product\/yoast-seo-wordpress\/ -->\n<title>6 Kleiderb\u00fcgel f\u00fcr Jacke und Anzug - Nussbaum matt (Breite 45 cm-Schulter 5 cm) - Mon Cintre<\/title>\n<meta name=\"description\" content=\"6 luxuri\u00f6se Kleiderb\u00fcgel aus Holz f\u00fcr Anzug mit Hohlhals, mit rutschfester Stange f\u00fcr eine perfekte Passform beflockt.\" \/>\n<meta name=\"robots\" content=\"index, follow, max-snippet:-1, max-image-preview:large, max-video-preview:-1\" \/>\n<link rel=\"canonical\" href=\"https:\/\/www.mon-cintre.com\/de\/produit\/kleiderbugel-jacke-anzug-nussbaum-45-2\/\" \/>\n<meta property=\"og:locale\" content=\"de_DE\" \/>\n<meta property=\"og:type\" content=\"article\" \/>\n<meta property=\"og:title\" content=\"6 Kleiderb\u00fcgel f\u00fcr Jacke und Anzug - Nussbaum matt (Breite 45 cm-Schulter 5 cm) - Mon Cintre\" \/>\n<meta property=\"og:description\" content=\"6 luxuri\u00f6se Kleiderb\u00fcgel aus Holz f\u00fcr Anzug mit Hohlhals, mit rutschfester Stange f\u00fcr eine perfekte Passform beflockt.\" \/>\n<meta property=\"og:url\" content=\"https:\/\/www.mon-cintre.com\/de\/produit\/kleiderbugel-jacke-anzug-nussbaum-45-2\/\" \/>\n<meta property=\"og:site_name\" content=\"Mon Cintre\" \/>\n<meta property=\"article:modified_time\" content=\"2026-02-11T10:13:53+00:00\" \/>\n<meta property=\"og:image\" content=\"https:\/\/www.mon-cintre.com\/wp-content\/uploads\/2018\/08\/cintre-luxe-costume-COL4455BAR-WN.jpg\" \/>\n\t<meta property=\"og:image:width\" content=\"2000\" \/>\n\t<meta property=\"og:image:height\" content=\"2000\" \/>\n\t<meta property=\"og:image:type\" content=\"image\/jpeg\" \/>\n<meta name=\"twitter:card\" content=\"summary_large_image\" \/>\n<meta name=\"twitter:label1\" content=\"Gesch\u00e4tzte Lesezeit\" \/>\n\t<meta name=\"twitter:data1\" content=\"1\u00a0Minute\" \/>\n<script type=\"application\/ld+json\" class=\"yoast-schema-graph\">{\"@context\":\"https:\\\/\\\/schema.org\",\"@graph\":[{\"@type\":\"WebPage\",\"@id\":\"https:\\\/\\\/www.mon-cintre.com\\\/de\\\/produit\\\/kleiderbugel-jacke-anzug-nussbaum-45-2\\\/\",\"url\":\"https:\\\/\\\/www.mon-cintre.com\\\/de\\\/produit\\\/kleiderbugel-jacke-anzug-nussbaum-45-2\\\/\",\"name\":\"6 Kleiderb\u00fcgel f\u00fcr Jacke und Anzug - Nussbaum matt (Breite 45 cm-Schulter 5 cm) - Mon Cintre\",\"isPartOf\":{\"@id\":\"https:\\\/\\\/www.mon-cintre.com\\\/de\\\/#website\"},\"primaryImageOfPage\":{\"@id\":\"https:\\\/\\\/www.mon-cintre.com\\\/de\\\/produit\\\/kleiderbugel-jacke-anzug-nussbaum-45-2\\\/#primaryimage\"},\"image\":{\"@id\":\"https:\\\/\\\/www.mon-cintre.com\\\/de\\\/produit\\\/kleiderbugel-jacke-anzug-nussbaum-45-2\\\/#primaryimage\"},\"thumbnailUrl\":\"https:\\\/\\\/www.mon-cintre.com\\\/wp-content\\\/uploads\\\/2018\\\/08\\\/cintre-luxe-costume-COL4455BAR-WN.jpg\",\"datePublished\":\"2018-08-13T10:45:52+00:00\",\"dateModified\":\"2026-02-11T10:13:53+00:00\",\"description\":\"6 luxuri\u00f6se Kleiderb\u00fcgel aus Holz f\u00fcr Anzug mit Hohlhals, mit rutschfester Stange f\u00fcr eine perfekte Passform beflockt.\",\"breadcrumb\":{\"@id\":\"https:\\\/\\\/www.mon-cintre.com\\\/de\\\/produit\\\/kleiderbugel-jacke-anzug-nussbaum-45-2\\\/#breadcrumb\"},\"inLanguage\":\"de\",\"potentialAction\":[{\"@type\":\"ReadAction\",\"target\":[\"https:\\\/\\\/www.mon-cintre.com\\\/de\\\/produit\\\/kleiderbugel-jacke-anzug-nussbaum-45-2\\\/\"]}]},{\"@type\":\"ImageObject\",\"inLanguage\":\"de\",\"@id\":\"https:\\\/\\\/www.mon-cintre.com\\\/de\\\/produit\\\/kleiderbugel-jacke-anzug-nussbaum-45-2\\\/#primaryimage\",\"url\":\"https:\\\/\\\/www.mon-cintre.com\\\/wp-content\\\/uploads\\\/2018\\\/08\\\/cintre-luxe-costume-COL4455BAR-WN.jpg\",\"contentUrl\":\"https:\\\/\\\/www.mon-cintre.com\\\/wp-content\\\/uploads\\\/2018\\\/08\\\/cintre-luxe-costume-COL4455BAR-WN.jpg\",\"width\":2000,\"height\":2000,\"caption\":\"Kleider- und Anzugb\u00fcgel mit breiten Schultern und Anti-Rutsch-Leiste\"},{\"@type\":\"BreadcrumbList\",\"@id\":\"https:\\\/\\\/www.mon-cintre.com\\\/de\\\/produit\\\/kleiderbugel-jacke-anzug-nussbaum-45-2\\\/#breadcrumb\",\"itemListElement\":[{\"@type\":\"ListItem\",\"position\":1,\"name\":\"Accueil\",\"item\":\"https:\\\/\\\/www.mon-cintre.com\\\/de\\\/\"},{\"@type\":\"ListItem\",\"position\":2,\"name\":\"Shop\",\"item\":\"https:\\\/\\\/www.mon-cintre.com\\\/de\\\/shop\\\/\"},{\"@type\":\"ListItem\",\"position\":3,\"name\":\"6 Kleiderb\u00fcgel f\u00fcr Jacke und Anzug &#8211; Nussbaum matt (Breite 45 cm-Schulter 5 cm)\"}]},{\"@type\":\"WebSite\",\"@id\":\"https:\\\/\\\/www.mon-cintre.com\\\/de\\\/#website\",\"url\":\"https:\\\/\\\/www.mon-cintre.com\\\/de\\\/\",\"name\":\"Mon Cintre\",\"description\":\"Cintres et accessoires de dressing\",\"publisher\":{\"@id\":\"https:\\\/\\\/www.mon-cintre.com\\\/de\\\/#organization\"},\"potentialAction\":[{\"@type\":\"SearchAction\",\"target\":{\"@type\":\"EntryPoint\",\"urlTemplate\":\"https:\\\/\\\/www.mon-cintre.com\\\/de\\\/?s={search_term_string}\"},\"query-input\":{\"@type\":\"PropertyValueSpecification\",\"valueRequired\":true,\"valueName\":\"search_term_string\"}}],\"inLanguage\":\"de\"},{\"@type\":\"Organization\",\"@id\":\"https:\\\/\\\/www.mon-cintre.com\\\/de\\\/#organization\",\"name\":\"Mon Cintre\",\"url\":\"https:\\\/\\\/www.mon-cintre.com\\\/de\\\/\",\"logo\":{\"@type\":\"ImageObject\",\"inLanguage\":\"de\",\"@id\":\"https:\\\/\\\/www.mon-cintre.com\\\/de\\\/#\\\/schema\\\/logo\\\/image\\\/\",\"url\":\"https:\\\/\\\/www.mon-cintre.com\\\/wp-content\\\/uploads\\\/2022\\\/12\\\/logo-blanc.png\",\"contentUrl\":\"https:\\\/\\\/www.mon-cintre.com\\\/wp-content\\\/uploads\\\/2022\\\/12\\\/logo-blanc.png\",\"width\":345,\"height\":205,\"caption\":\"Mon Cintre\"},\"image\":{\"@id\":\"https:\\\/\\\/www.mon-cintre.com\\\/de\\\/#\\\/schema\\\/logo\\\/image\\\/\"}}]}<\/script>\n<!-- \/ Yoast SEO plugin. -->","yoast_head_json":{"title":"6 Kleiderb\u00fcgel f\u00fcr Jacke und Anzug - Nussbaum matt (Breite 45 cm-Schulter 5 cm) - Mon Cintre","description":"6 luxuri\u00f6se Kleiderb\u00fcgel aus Holz f\u00fcr Anzug mit Hohlhals, mit rutschfester Stange f\u00fcr eine perfekte Passform beflockt.","robots":{"index":"index","follow":"follow","max-snippet":"max-snippet:-1","max-image-preview":"max-image-preview:large","max-video-preview":"max-video-preview:-1"},"canonical":"https:\/\/www.mon-cintre.com\/de\/produit\/kleiderbugel-jacke-anzug-nussbaum-45-2\/","og_locale":"de_DE","og_type":"article","og_title":"6 Kleiderb\u00fcgel f\u00fcr Jacke und Anzug - Nussbaum matt (Breite 45 cm-Schulter 5 cm) - Mon Cintre","og_description":"6 luxuri\u00f6se Kleiderb\u00fcgel aus Holz f\u00fcr Anzug mit Hohlhals, mit rutschfester Stange f\u00fcr eine perfekte Passform beflockt.","og_url":"https:\/\/www.mon-cintre.com\/de\/produit\/kleiderbugel-jacke-anzug-nussbaum-45-2\/","og_site_name":"Mon Cintre","article_modified_time":"2026-02-11T10:13:53+00:00","og_image":[{"width":2000,"height":2000,"url":"https:\/\/www.mon-cintre.com\/wp-content\/uploads\/2018\/08\/cintre-luxe-costume-COL4455BAR-WN.jpg","type":"image\/jpeg"}],"twitter_card":"summary_large_image","twitter_misc":{"Gesch\u00e4tzte Lesezeit":"1\u00a0Minute"},"schema":{"@context":"https:\/\/schema.org","@graph":[{"@type":"WebPage","@id":"https:\/\/www.mon-cintre.com\/de\/produit\/kleiderbugel-jacke-anzug-nussbaum-45-2\/","url":"https:\/\/www.mon-cintre.com\/de\/produit\/kleiderbugel-jacke-anzug-nussbaum-45-2\/","name":"6 Kleiderb\u00fcgel f\u00fcr Jacke und Anzug - Nussbaum matt (Breite 45 cm-Schulter 5 cm) - Mon Cintre","isPartOf":{"@id":"https:\/\/www.mon-cintre.com\/de\/#website"},"primaryImageOfPage":{"@id":"https:\/\/www.mon-cintre.com\/de\/produit\/kleiderbugel-jacke-anzug-nussbaum-45-2\/#primaryimage"},"image":{"@id":"https:\/\/www.mon-cintre.com\/de\/produit\/kleiderbugel-jacke-anzug-nussbaum-45-2\/#primaryimage"},"thumbnailUrl":"https:\/\/www.mon-cintre.com\/wp-content\/uploads\/2018\/08\/cintre-luxe-costume-COL4455BAR-WN.jpg","datePublished":"2018-08-13T10:45:52+00:00","dateModified":"2026-02-11T10:13:53+00:00","description":"6 luxuri\u00f6se Kleiderb\u00fcgel aus Holz f\u00fcr Anzug mit Hohlhals, mit rutschfester Stange f\u00fcr eine perfekte Passform beflockt.","breadcrumb":{"@id":"https:\/\/www.mon-cintre.com\/de\/produit\/kleiderbugel-jacke-anzug-nussbaum-45-2\/#breadcrumb"},"inLanguage":"de","potentialAction":[{"@type":"ReadAction","target":["https:\/\/www.mon-cintre.com\/de\/produit\/kleiderbugel-jacke-anzug-nussbaum-45-2\/"]}]},{"@type":"ImageObject","inLanguage":"de","@id":"https:\/\/www.mon-cintre.com\/de\/produit\/kleiderbugel-jacke-anzug-nussbaum-45-2\/#primaryimage","url":"https:\/\/www.mon-cintre.com\/wp-content\/uploads\/2018\/08\/cintre-luxe-costume-COL4455BAR-WN.jpg","contentUrl":"https:\/\/www.mon-cintre.com\/wp-content\/uploads\/2018\/08\/cintre-luxe-costume-COL4455BAR-WN.jpg","width":2000,"height":2000,"caption":"Kleider- und Anzugb\u00fcgel mit breiten Schultern und Anti-Rutsch-Leiste"},{"@type":"BreadcrumbList","@id":"https:\/\/www.mon-cintre.com\/de\/produit\/kleiderbugel-jacke-anzug-nussbaum-45-2\/#breadcrumb","itemListElement":[{"@type":"ListItem","position":1,"name":"Accueil","item":"https:\/\/www.mon-cintre.com\/de\/"},{"@type":"ListItem","position":2,"name":"Shop","item":"https:\/\/www.mon-cintre.com\/de\/shop\/"},{"@type":"ListItem","position":3,"name":"6 Kleiderb\u00fcgel f\u00fcr Jacke und Anzug &#8211; Nussbaum matt (Breite 45 cm-Schulter 5 cm)"}]},{"@type":"WebSite","@id":"https:\/\/www.mon-cintre.com\/de\/#website","url":"https:\/\/www.mon-cintre.com\/de\/","name":"Mon Cintre","description":"Cintres et accessoires de dressing","publisher":{"@id":"https:\/\/www.mon-cintre.com\/de\/#organization"},"potentialAction":[{"@type":"SearchAction","target":{"@type":"EntryPoint","urlTemplate":"https:\/\/www.mon-cintre.com\/de\/?s={search_term_string}"},"query-input":{"@type":"PropertyValueSpecification","valueRequired":true,"valueName":"search_term_string"}}],"inLanguage":"de"},{"@type":"Organization","@id":"https:\/\/www.mon-cintre.com\/de\/#organization","name":"Mon Cintre","url":"https:\/\/www.mon-cintre.com\/de\/","logo":{"@type":"ImageObject","inLanguage":"de","@id":"https:\/\/www.mon-cintre.com\/de\/#\/schema\/logo\/image\/","url":"https:\/\/www.mon-cintre.com\/wp-content\/uploads\/2022\/12\/logo-blanc.png","contentUrl":"https:\/\/www.mon-cintre.com\/wp-content\/uploads\/2022\/12\/logo-blanc.png","width":345,"height":205,"caption":"Mon Cintre"},"image":{"@id":"https:\/\/www.mon-cintre.com\/de\/#\/schema\/logo\/image\/"}}]}},"_links":{"self":[{"href":"https:\/\/www.mon-cintre.com\/de\/wp-json\/wp\/v2\/product\/11114","targetHints":{"allow":["GET"]}}],"collection":[{"href":"https:\/\/www.mon-cintre.com\/de\/wp-json\/wp\/v2\/product"}],"about":[{"href":"https:\/\/www.mon-cintre.com\/de\/wp-json\/wp\/v2\/types\/product"}],"replies":[{"embeddable":true,"href":"https:\/\/www.mon-cintre.com\/de\/wp-json\/wp\/v2\/comments?post=11114"}],"wp:featuredmedia":[{"embeddable":true,"href":"https:\/\/www.mon-cintre.com\/de\/wp-json\/wp\/v2\/media\/28884"}],"wp:attachment":[{"href":"https:\/\/www.mon-cintre.com\/de\/wp-json\/wp\/v2\/media?parent=11114"}],"wp:term":[{"taxonomy":"product_brand","embeddable":true,"href":"https:\/\/www.mon-cintre.com\/de\/wp-json\/wp\/v2\/product_brand?post=11114"},{"taxonomy":"product_cat","embeddable":true,"href":"https:\/\/www.mon-cintre.com\/de\/wp-json\/wp\/v2\/product_cat?post=11114"},{"taxonomy":"product_tag","embeddable":true,"href":"https:\/\/www.mon-cintre.com\/de\/wp-json\/wp\/v2\/product_tag?post=11114"}],"curies":[{"name":"wp","href":"https:\/\/api.w.org\/{rel}","templated":true}]}}