

{"id":11133,"date":"2018-08-27T15:31:27","date_gmt":"2018-08-27T13:31:27","guid":{"rendered":"https:\/\/www.mon-cintre.com\/produit\/kleiderbugel-top-bluse-walnuss-38\/"},"modified":"2026-02-11T12:25:45","modified_gmt":"2026-02-11T11:25:45","slug":"kleiderbugel-top-bluse-walnuss-38","status":"publish","type":"product","link":"https:\/\/www.mon-cintre.com\/de\/produit\/kleiderbugel-top-bluse-walnuss-38\/","title":{"rendered":"10 Kleiderb\u00fcgel, Top und Bluse &#8211; walnuss (Breite 38 cm-Schulter 2,5 cm)"},"content":{"rendered":"<ul>\n<li>10 Kleiderb\u00fcgel f\u00fcr Kleider, Tops und Blusen aus Eschenholz<\/li>\n<li>Walnussfarben<\/li>\n<li>Hakenfarbe anthrazit matt<\/li>\n<li>Breite 38 cm<\/li>\n<li>Schulterbreite 2,5 cm<\/li>\n<li>Hakendurchmesser 5 mm, H\u00f6he 8,5 cm<\/li>\n<li>Schachtel mit 10 Kleiderb\u00fcgeln<\/li>\n<li>Ideal f\u00fcr Kleider, Hosentr\u00e4ger, Tops, Blusen und T-Shirts<\/li>\n<li>Breite Kerben f\u00fcr alle tr\u00e4gerkleid und top<\/li>\n<li>Pflege: Mit einem weichen, trockenen Tuch abstauben<\/li>\n<li>Wichtige Informationen zu unseren Kleiderb\u00fcgeln aus Holz: Holz ist ein Naturmaterial und unsere Bretter stammen direkt von B\u00e4umen. Jedes St\u00fcck Holz kann Variationen in Farbe, Maserung und Knoten aufweisen, die f\u00fcr den urspr\u00fcnglichen Baum und den verwendeten Teil des Baumes spezifisch sind. Diese Eigenschaften verleihen dem Holz Charme, ohne die Qualit\u00e4t oder Haltbarkeit unserer Kleiderb\u00fcgel zu beeintr\u00e4chtigen. Holz ist lebendig und kann auf Ver\u00e4nderungen der Luftfeuchtigkeit reagieren. Unsere Kleiderb\u00fcgel werden teilweise auch von Hand geformt. Diese handwerkliche Herstellung macht jeden Kleiderb\u00fcgel einzigartig und es k\u00f6nnen sehr leichte Unterschiede zwischen ihnen auftreten.<\/li>\n<\/ul>\n<p>Die CHIC-Kollektion f\u00fcr M\u00e4nner und Frauen ist in 12 Modellen in Eschenholz gebeizt und in Nussbaum erh\u00e4ltlich.<\/p>\n<p>Lieferung in wei\u00dfer Geschenkbox mit Logo. Jeder Kleiderb\u00fcgel ist einzeln in eine Schutzh\u00fclle eingewickelt.<\/p>\n<p><img loading=\"lazy\" decoding=\"async\" class=\"alignnone size-medium wp-image-10820\" src=\"https:\/\/www.mon-cintre.com\/wp-content\/uploads\/2019\/02\/boite-cadeau-300x300.jpg\" alt=\"Boite cadeau Mon cintre\" width=\"300\" height=\"300\" srcset=\"https:\/\/www.mon-cintre.com\/wp-content\/uploads\/2019\/02\/boite-cadeau-300x300.jpg 300w, https:\/\/www.mon-cintre.com\/wp-content\/uploads\/2019\/02\/boite-cadeau-150x150.jpg 150w, https:\/\/www.mon-cintre.com\/wp-content\/uploads\/2019\/02\/boite-cadeau-100x100.jpg 100w, https:\/\/www.mon-cintre.com\/wp-content\/uploads\/2019\/02\/boite-cadeau.jpg 500w\" sizes=\"auto, (max-width: 300px) 100vw, 300px\" \/><\/p>\n<p>1 Meter Kleiderschrank = 30 Kleiderb\u00fcgel<br \/>\n<img loading=\"lazy\" decoding=\"async\" class=\"alignnone size-full wp-image-153\" src=\"https:\/\/www.mon-cintre.com\/DEV\/wp-content\/uploads\/2018\/08\/30cintres.png\" alt=\"\" width=\"190\" height=\"19\" \/><\/p>\n<p>* Unverbindliche Fotos.<br \/>\nBeachten Sie, dass die Farben auf dem Bildschirm des anderen ge\u00e4ndert werden, sodass es trotz der Qualit\u00e4t unserer Fotos zu Abweichungen zwischen allen und der Realit\u00e4t kommen kann.<\/p>\n","protected":false},"excerpt":{"rendered":"<ul>\n<li>10 Kleiderb\u00fcgel f\u00fcr Kleider, Tops, Tops und Blusen<\/li>\n<li>Walnussfarben<\/li>\n<li>Breite 38 cm<\/li>\n<li>Schulterbreite 2,5 cm<\/li>\n<li>Breite Kerben f\u00fcr alle tr\u00e4gerkleid und top<\/li>\n<li>Schachtel mit 10 Kleiderb\u00fcgeln<\/li>\n<li>Handgemacht (<span style=\"text-decoration: underline;\"><a href=\"https:\/\/www.mon-cintre.com\/de\/handgemacht\/\">Mehr lesen<\/a><\/span>)<\/li>\n<\/ul>\n<p>Bestellen online Sie diese 10er-Packung Holzkleiderb\u00fcgel mit Einkerbungen, um Ihre Kleider und Tr\u00e4gertops sicher aufzuh\u00e4ngen und ein Verrutschen zu verhindern. Ab einer Bestellmenge von 20 B\u00fcgeln k\u00f6nnen Sie die B\u00fcgel mit Ihren Initialen oder Ihrem Logo personalisieren.<\/p>\n","protected":false},"featured_media":28980,"comment_status":"open","ping_status":"closed","template":"","meta":{"inline_featured_image":false},"product_brand":[],"product_cat":[575,314,635,298,614,308,313,315,591,630,569,549],"product_tag":[],"class_list":{"0":"post-11133","1":"product","2":"type-product","3":"status-publish","4":"has-post-thumbnail","6":"product_cat-arten-kleiderbuegeln-de","7":"product_cat-bluse-kleiderbugel","8":"product_cat-gebogene-kleiderbuegel","9":"product_cat-holzbugel","10":"product_cat-kleiderbuegel-grosse-38","11":"product_cat-kleiderbugel-fur-frauen","12":"product_cat-kleiderbugel-fur-kleid","13":"product_cat-schicke-kollektion","14":"product_cat-kleiderbuegel-kerben","15":"product_cat-kleiderbuegel-groesse","16":"product_cat-kleiderbuegelfarben","17":"product_cat-kleiderbuegel","19":"first","20":"instock","21":"taxable","22":"shipping-taxable","23":"purchasable","24":"product-type-simple"},"yoast_head":"<!-- This site is optimized with the Yoast SEO plugin v27.5 - https:\/\/yoast.com\/product\/yoast-seo-wordpress\/ -->\n<title>10 Kleiderb\u00fcgel, Top und Bluse - walnuss (Breite 38 cm-Schulter 2,5 cm) - Mon Cintre<\/title>\n<meta name=\"description\" content=\"10 Holzb\u00fcgel mit Einkerbungen zum Aufh\u00e4ngen Ihrer Kleider und Tops in Ihrer Garderobe. W\u00e4hlen Sie unsere hochwertigen Kleiderb\u00fcgel f\u00fcr Ihr Zuhause.\" \/>\n<meta name=\"robots\" content=\"index, follow, max-snippet:-1, max-image-preview:large, max-video-preview:-1\" \/>\n<link rel=\"canonical\" href=\"https:\/\/www.mon-cintre.com\/de\/produit\/kleiderbugel-top-bluse-walnuss-38\/\" \/>\n<meta property=\"og:locale\" content=\"de_DE\" \/>\n<meta property=\"og:type\" content=\"article\" \/>\n<meta property=\"og:title\" content=\"10 Kleiderb\u00fcgel, Top und Bluse - walnuss (Breite 38 cm-Schulter 2,5 cm) - Mon Cintre\" \/>\n<meta property=\"og:description\" content=\"10 Holzb\u00fcgel mit Einkerbungen zum Aufh\u00e4ngen Ihrer Kleider und Tops in Ihrer Garderobe. W\u00e4hlen Sie unsere hochwertigen Kleiderb\u00fcgel f\u00fcr Ihr Zuhause.\" \/>\n<meta property=\"og:url\" content=\"https:\/\/www.mon-cintre.com\/de\/produit\/kleiderbugel-top-bluse-walnuss-38\/\" \/>\n<meta property=\"og:site_name\" content=\"Mon Cintre\" \/>\n<meta property=\"article:modified_time\" content=\"2026-02-11T11:25:45+00:00\" \/>\n<meta property=\"og:image\" content=\"https:\/\/www.mon-cintre.com\/wp-content\/uploads\/2018\/08\/cintre-bois-robe-CLA3825ENCO-WN.jpg\" \/>\n\t<meta property=\"og:image:width\" content=\"2000\" \/>\n\t<meta property=\"og:image:height\" content=\"2000\" \/>\n\t<meta property=\"og:image:type\" content=\"image\/jpeg\" \/>\n<meta name=\"twitter:card\" content=\"summary_large_image\" \/>\n<meta name=\"twitter:label1\" content=\"Gesch\u00e4tzte Lesezeit\" \/>\n\t<meta name=\"twitter:data1\" content=\"1\u00a0Minute\" \/>\n<script type=\"application\/ld+json\" class=\"yoast-schema-graph\">{\"@context\":\"https:\\\/\\\/schema.org\",\"@graph\":[{\"@type\":\"WebPage\",\"@id\":\"https:\\\/\\\/www.mon-cintre.com\\\/de\\\/produit\\\/kleiderbugel-top-bluse-walnuss-38\\\/\",\"url\":\"https:\\\/\\\/www.mon-cintre.com\\\/de\\\/produit\\\/kleiderbugel-top-bluse-walnuss-38\\\/\",\"name\":\"10 Kleiderb\u00fcgel, Top und Bluse - walnuss (Breite 38 cm-Schulter 2,5 cm) - Mon Cintre\",\"isPartOf\":{\"@id\":\"https:\\\/\\\/www.mon-cintre.com\\\/de\\\/#website\"},\"primaryImageOfPage\":{\"@id\":\"https:\\\/\\\/www.mon-cintre.com\\\/de\\\/produit\\\/kleiderbugel-top-bluse-walnuss-38\\\/#primaryimage\"},\"image\":{\"@id\":\"https:\\\/\\\/www.mon-cintre.com\\\/de\\\/produit\\\/kleiderbugel-top-bluse-walnuss-38\\\/#primaryimage\"},\"thumbnailUrl\":\"https:\\\/\\\/www.mon-cintre.com\\\/wp-content\\\/uploads\\\/2018\\\/08\\\/cintre-bois-robe-CLA3825ENCO-WN.jpg\",\"datePublished\":\"2018-08-27T13:31:27+00:00\",\"dateModified\":\"2026-02-11T11:25:45+00:00\",\"description\":\"10 Holzb\u00fcgel mit Einkerbungen zum Aufh\u00e4ngen Ihrer Kleider und Tops in Ihrer Garderobe. W\u00e4hlen Sie unsere hochwertigen Kleiderb\u00fcgel f\u00fcr Ihr Zuhause.\",\"breadcrumb\":{\"@id\":\"https:\\\/\\\/www.mon-cintre.com\\\/de\\\/produit\\\/kleiderbugel-top-bluse-walnuss-38\\\/#breadcrumb\"},\"inLanguage\":\"de\",\"potentialAction\":[{\"@type\":\"ReadAction\",\"target\":[\"https:\\\/\\\/www.mon-cintre.com\\\/de\\\/produit\\\/kleiderbugel-top-bluse-walnuss-38\\\/\"]}]},{\"@type\":\"ImageObject\",\"inLanguage\":\"de\",\"@id\":\"https:\\\/\\\/www.mon-cintre.com\\\/de\\\/produit\\\/kleiderbugel-top-bluse-walnuss-38\\\/#primaryimage\",\"url\":\"https:\\\/\\\/www.mon-cintre.com\\\/wp-content\\\/uploads\\\/2018\\\/08\\\/cintre-bois-robe-CLA3825ENCO-WN.jpg\",\"contentUrl\":\"https:\\\/\\\/www.mon-cintre.com\\\/wp-content\\\/uploads\\\/2018\\\/08\\\/cintre-bois-robe-CLA3825ENCO-WN.jpg\",\"width\":2000,\"height\":2000,\"caption\":\"Kleiderb\u00fcgel f\u00fcr Damen, aus Holz mit Kerben, braune Farbe\"},{\"@type\":\"BreadcrumbList\",\"@id\":\"https:\\\/\\\/www.mon-cintre.com\\\/de\\\/produit\\\/kleiderbugel-top-bluse-walnuss-38\\\/#breadcrumb\",\"itemListElement\":[{\"@type\":\"ListItem\",\"position\":1,\"name\":\"Accueil\",\"item\":\"https:\\\/\\\/www.mon-cintre.com\\\/de\\\/\"},{\"@type\":\"ListItem\",\"position\":2,\"name\":\"Shop\",\"item\":\"https:\\\/\\\/www.mon-cintre.com\\\/de\\\/shop\\\/\"},{\"@type\":\"ListItem\",\"position\":3,\"name\":\"10 Kleiderb\u00fcgel, Top und Bluse &#8211; walnuss (Breite 38 cm-Schulter 2,5 cm)\"}]},{\"@type\":\"WebSite\",\"@id\":\"https:\\\/\\\/www.mon-cintre.com\\\/de\\\/#website\",\"url\":\"https:\\\/\\\/www.mon-cintre.com\\\/de\\\/\",\"name\":\"Mon Cintre\",\"description\":\"Cintres et accessoires de dressing\",\"publisher\":{\"@id\":\"https:\\\/\\\/www.mon-cintre.com\\\/de\\\/#organization\"},\"potentialAction\":[{\"@type\":\"SearchAction\",\"target\":{\"@type\":\"EntryPoint\",\"urlTemplate\":\"https:\\\/\\\/www.mon-cintre.com\\\/de\\\/?s={search_term_string}\"},\"query-input\":{\"@type\":\"PropertyValueSpecification\",\"valueRequired\":true,\"valueName\":\"search_term_string\"}}],\"inLanguage\":\"de\"},{\"@type\":\"Organization\",\"@id\":\"https:\\\/\\\/www.mon-cintre.com\\\/de\\\/#organization\",\"name\":\"Mon Cintre\",\"url\":\"https:\\\/\\\/www.mon-cintre.com\\\/de\\\/\",\"logo\":{\"@type\":\"ImageObject\",\"inLanguage\":\"de\",\"@id\":\"https:\\\/\\\/www.mon-cintre.com\\\/de\\\/#\\\/schema\\\/logo\\\/image\\\/\",\"url\":\"https:\\\/\\\/www.mon-cintre.com\\\/wp-content\\\/uploads\\\/2022\\\/12\\\/logo-blanc.png\",\"contentUrl\":\"https:\\\/\\\/www.mon-cintre.com\\\/wp-content\\\/uploads\\\/2022\\\/12\\\/logo-blanc.png\",\"width\":345,\"height\":205,\"caption\":\"Mon Cintre\"},\"image\":{\"@id\":\"https:\\\/\\\/www.mon-cintre.com\\\/de\\\/#\\\/schema\\\/logo\\\/image\\\/\"}}]}<\/script>\n<!-- \/ Yoast SEO plugin. -->","yoast_head_json":{"title":"10 Kleiderb\u00fcgel, Top und Bluse - walnuss (Breite 38 cm-Schulter 2,5 cm) - Mon Cintre","description":"10 Holzb\u00fcgel mit Einkerbungen zum Aufh\u00e4ngen Ihrer Kleider und Tops in Ihrer Garderobe. W\u00e4hlen Sie unsere hochwertigen Kleiderb\u00fcgel f\u00fcr Ihr Zuhause.","robots":{"index":"index","follow":"follow","max-snippet":"max-snippet:-1","max-image-preview":"max-image-preview:large","max-video-preview":"max-video-preview:-1"},"canonical":"https:\/\/www.mon-cintre.com\/de\/produit\/kleiderbugel-top-bluse-walnuss-38\/","og_locale":"de_DE","og_type":"article","og_title":"10 Kleiderb\u00fcgel, Top und Bluse - walnuss (Breite 38 cm-Schulter 2,5 cm) - Mon Cintre","og_description":"10 Holzb\u00fcgel mit Einkerbungen zum Aufh\u00e4ngen Ihrer Kleider und Tops in Ihrer Garderobe. W\u00e4hlen Sie unsere hochwertigen Kleiderb\u00fcgel f\u00fcr Ihr Zuhause.","og_url":"https:\/\/www.mon-cintre.com\/de\/produit\/kleiderbugel-top-bluse-walnuss-38\/","og_site_name":"Mon Cintre","article_modified_time":"2026-02-11T11:25:45+00:00","og_image":[{"width":2000,"height":2000,"url":"https:\/\/www.mon-cintre.com\/wp-content\/uploads\/2018\/08\/cintre-bois-robe-CLA3825ENCO-WN.jpg","type":"image\/jpeg"}],"twitter_card":"summary_large_image","twitter_misc":{"Gesch\u00e4tzte Lesezeit":"1\u00a0Minute"},"schema":{"@context":"https:\/\/schema.org","@graph":[{"@type":"WebPage","@id":"https:\/\/www.mon-cintre.com\/de\/produit\/kleiderbugel-top-bluse-walnuss-38\/","url":"https:\/\/www.mon-cintre.com\/de\/produit\/kleiderbugel-top-bluse-walnuss-38\/","name":"10 Kleiderb\u00fcgel, Top und Bluse - walnuss (Breite 38 cm-Schulter 2,5 cm) - Mon Cintre","isPartOf":{"@id":"https:\/\/www.mon-cintre.com\/de\/#website"},"primaryImageOfPage":{"@id":"https:\/\/www.mon-cintre.com\/de\/produit\/kleiderbugel-top-bluse-walnuss-38\/#primaryimage"},"image":{"@id":"https:\/\/www.mon-cintre.com\/de\/produit\/kleiderbugel-top-bluse-walnuss-38\/#primaryimage"},"thumbnailUrl":"https:\/\/www.mon-cintre.com\/wp-content\/uploads\/2018\/08\/cintre-bois-robe-CLA3825ENCO-WN.jpg","datePublished":"2018-08-27T13:31:27+00:00","dateModified":"2026-02-11T11:25:45+00:00","description":"10 Holzb\u00fcgel mit Einkerbungen zum Aufh\u00e4ngen Ihrer Kleider und Tops in Ihrer Garderobe. W\u00e4hlen Sie unsere hochwertigen Kleiderb\u00fcgel f\u00fcr Ihr Zuhause.","breadcrumb":{"@id":"https:\/\/www.mon-cintre.com\/de\/produit\/kleiderbugel-top-bluse-walnuss-38\/#breadcrumb"},"inLanguage":"de","potentialAction":[{"@type":"ReadAction","target":["https:\/\/www.mon-cintre.com\/de\/produit\/kleiderbugel-top-bluse-walnuss-38\/"]}]},{"@type":"ImageObject","inLanguage":"de","@id":"https:\/\/www.mon-cintre.com\/de\/produit\/kleiderbugel-top-bluse-walnuss-38\/#primaryimage","url":"https:\/\/www.mon-cintre.com\/wp-content\/uploads\/2018\/08\/cintre-bois-robe-CLA3825ENCO-WN.jpg","contentUrl":"https:\/\/www.mon-cintre.com\/wp-content\/uploads\/2018\/08\/cintre-bois-robe-CLA3825ENCO-WN.jpg","width":2000,"height":2000,"caption":"Kleiderb\u00fcgel f\u00fcr Damen, aus Holz mit Kerben, braune Farbe"},{"@type":"BreadcrumbList","@id":"https:\/\/www.mon-cintre.com\/de\/produit\/kleiderbugel-top-bluse-walnuss-38\/#breadcrumb","itemListElement":[{"@type":"ListItem","position":1,"name":"Accueil","item":"https:\/\/www.mon-cintre.com\/de\/"},{"@type":"ListItem","position":2,"name":"Shop","item":"https:\/\/www.mon-cintre.com\/de\/shop\/"},{"@type":"ListItem","position":3,"name":"10 Kleiderb\u00fcgel, Top und Bluse &#8211; walnuss (Breite 38 cm-Schulter 2,5 cm)"}]},{"@type":"WebSite","@id":"https:\/\/www.mon-cintre.com\/de\/#website","url":"https:\/\/www.mon-cintre.com\/de\/","name":"Mon Cintre","description":"Cintres et accessoires de dressing","publisher":{"@id":"https:\/\/www.mon-cintre.com\/de\/#organization"},"potentialAction":[{"@type":"SearchAction","target":{"@type":"EntryPoint","urlTemplate":"https:\/\/www.mon-cintre.com\/de\/?s={search_term_string}"},"query-input":{"@type":"PropertyValueSpecification","valueRequired":true,"valueName":"search_term_string"}}],"inLanguage":"de"},{"@type":"Organization","@id":"https:\/\/www.mon-cintre.com\/de\/#organization","name":"Mon Cintre","url":"https:\/\/www.mon-cintre.com\/de\/","logo":{"@type":"ImageObject","inLanguage":"de","@id":"https:\/\/www.mon-cintre.com\/de\/#\/schema\/logo\/image\/","url":"https:\/\/www.mon-cintre.com\/wp-content\/uploads\/2022\/12\/logo-blanc.png","contentUrl":"https:\/\/www.mon-cintre.com\/wp-content\/uploads\/2022\/12\/logo-blanc.png","width":345,"height":205,"caption":"Mon Cintre"},"image":{"@id":"https:\/\/www.mon-cintre.com\/de\/#\/schema\/logo\/image\/"}}]}},"_links":{"self":[{"href":"https:\/\/www.mon-cintre.com\/de\/wp-json\/wp\/v2\/product\/11133","targetHints":{"allow":["GET"]}}],"collection":[{"href":"https:\/\/www.mon-cintre.com\/de\/wp-json\/wp\/v2\/product"}],"about":[{"href":"https:\/\/www.mon-cintre.com\/de\/wp-json\/wp\/v2\/types\/product"}],"replies":[{"embeddable":true,"href":"https:\/\/www.mon-cintre.com\/de\/wp-json\/wp\/v2\/comments?post=11133"}],"wp:featuredmedia":[{"embeddable":true,"href":"https:\/\/www.mon-cintre.com\/de\/wp-json\/wp\/v2\/media\/28980"}],"wp:attachment":[{"href":"https:\/\/www.mon-cintre.com\/de\/wp-json\/wp\/v2\/media?parent=11133"}],"wp:term":[{"taxonomy":"product_brand","embeddable":true,"href":"https:\/\/www.mon-cintre.com\/de\/wp-json\/wp\/v2\/product_brand?post=11133"},{"taxonomy":"product_cat","embeddable":true,"href":"https:\/\/www.mon-cintre.com\/de\/wp-json\/wp\/v2\/product_cat?post=11133"},{"taxonomy":"product_tag","embeddable":true,"href":"https:\/\/www.mon-cintre.com\/de\/wp-json\/wp\/v2\/product_tag?post=11133"}],"curies":[{"name":"wp","href":"https:\/\/api.w.org\/{rel}","templated":true}]}}