

{"id":11188,"date":"2018-08-13T14:46:45","date_gmt":"2018-08-13T12:46:45","guid":{"rendered":"https:\/\/www.mon-cintre.com\/produit\/hosenbugel-schwarz-38\/"},"modified":"2026-03-06T17:58:44","modified_gmt":"2026-03-06T16:58:44","slug":"hosenbugel-schwarz-38","status":"publish","type":"product","link":"https:\/\/www.mon-cintre.com\/de\/produit\/hosenbugel-schwarz-38\/","title":{"rendered":"10 Hosenb\u00fcgel &#8211; schwarz, geb\u00fcrstetes Holz (Breite 38 cm)"},"content":{"rendered":"<ul>\n<li>10 Hosenb\u00fcgel<\/li>\n<li>Essenz aus Eschenholz<\/li>\n<li>Schwarze Farbe, geb\u00fcrstetes Holz<\/li>\n<li>Hakenfarbe anthrazit matt<\/li>\n<li>Bar mit glattem Anti-Rutsch-Silikon, markiert keine Kleidung<\/li>\n<li>Breite 38 cm<\/li>\n<li>Dicke 1,5 cm<\/li>\n<li>Hakendurchmesser 5 mm, H\u00f6he 8,5 cm<\/li>\n<li>Schachtel mit 10 Kleiderb\u00fcgeln<\/li>\n<li>Ideal f\u00fcr Hosen, Schals, T\u00fccher, Schals usw.<\/li>\n<li>Pflege: Mit einem weichen, trockenen Tuch abstauben<\/li>\n<li>Wichtige Informationen zu unseren Kleiderb\u00fcgeln aus Holz: Holz ist ein Naturmaterial und unsere Bretter stammen direkt von B\u00e4umen. Jedes St\u00fcck Holz kann Variationen in Farbe, Maserung und Knoten aufweisen, die f\u00fcr den urspr\u00fcnglichen Baum und den verwendeten Teil des Baumes spezifisch sind. Diese Eigenschaften verleihen dem Holz Charme, ohne die Qualit\u00e4t oder Haltbarkeit unserer Kleiderb\u00fcgel zu beeintr\u00e4chtigen. Holz ist lebendig und kann auf Ver\u00e4nderungen der Luftfeuchtigkeit reagieren. Unsere Kleiderb\u00fcgel werden teilweise auch von Hand geformt. Diese handwerkliche Herstellung macht jeden Kleiderb\u00fcgel einzigartig und es k\u00f6nnen sehr leichte Unterschiede zwischen ihnen auftreten.<\/li>\n<\/ul>\n<p>Die INTENSE-Kollektion wird sowohl M\u00e4nner als auch Frauen ansprechen. Das sch\u00f6ne schwarz geb\u00fcrstete Holz wird Sie mit seiner Modernit\u00e4t \u00fcberraschen. Dieses Set von 13 Kleiderb\u00fcgelmodellen f\u00fcr alle Arten von Kleidung ist eine Erleichterung.<\/p>\n<p>Lieferung in wei\u00dfer Geschenkbox mit Logo. Jeder Kleiderb\u00fcgel ist einzeln in eine Schutzh\u00fclle eingewickelt.<\/p>\n<p><img loading=\"lazy\" decoding=\"async\" class=\"alignnone size-medium wp-image-10820\" src=\"https:\/\/www.mon-cintre.com\/wp-content\/uploads\/2019\/02\/boite-cadeau-300x300.jpg\" alt=\"Boite cadeau Mon cintre\" width=\"300\" height=\"300\" srcset=\"https:\/\/www.mon-cintre.com\/wp-content\/uploads\/2019\/02\/boite-cadeau-300x300.jpg 300w, https:\/\/www.mon-cintre.com\/wp-content\/uploads\/2019\/02\/boite-cadeau-150x150.jpg 150w, https:\/\/www.mon-cintre.com\/wp-content\/uploads\/2019\/02\/boite-cadeau-100x100.jpg 100w, https:\/\/www.mon-cintre.com\/wp-content\/uploads\/2019\/02\/boite-cadeau.jpg 500w\" sizes=\"auto, (max-width: 300px) 100vw, 300px\" \/><\/p>\n<p>1 Meter Kleiderschrank = 40 Kleiderb\u00fcgel<br \/>\n<img loading=\"lazy\" decoding=\"async\" class=\"alignnone size-full wp-image-156\" src=\"https:\/\/www.mon-cintre.com\/DEV\/wp-content\/uploads\/2018\/08\/40cintres.png\" alt=\"\" width=\"190\" height=\"19\" \/><\/p>\n<p>* Unverbindliche Fotos.<br \/>\nBeachten Sie, dass sich die Farben von Bildschirm zu Bildschirm \u00e4ndern, sodass es trotz der Sorgfalt bei der Qualit\u00e4t unserer Fotos zu Abweichungen zwischen Bildschirm und Realit\u00e4t kommen kann.<\/p>\n","protected":false},"excerpt":{"rendered":"<ul>\n<li>10 Kleiderb\u00fcgel f\u00fcr Hosen mit Antirutschstange<\/li>\n<li>Schwarze Farbe, geb\u00fcrstetes Holz<\/li>\n<li>Breite 38 cm<\/li>\n<li>Dicke 1,5 cm<\/li>\n<li>Anti-Rutsch-Stange<\/li>\n<li>Schachtel mit 10 Kleiderb\u00fcgeln<\/li>\n<li>Handgemacht (<span style=\"text-decoration: underline;\"><a href=\"https:\/\/www.mon-cintre.com\/de\/handgemacht\/\">Erfahren Sie mehr<\/a><\/span>)<\/li>\n<\/ul>\n<p>Bestellen Sie diese 10er-Packung Holzkleiderb\u00fcgel mit rutschfesten Griffen online und verstauen Sie Ihre Hosen dank des cleveren, offenen Designs ganz einfach im Kleiderschrank. Ab einer Bestellmenge von 20 St\u00fcck k\u00f6nnen die Kleiderb\u00fcgel mit Ihren Initialen oder Ihrem Logo personalisiert werden.<\/p>\n","protected":false},"featured_media":28818,"comment_status":"open","ping_status":"closed","template":"","meta":{"inline_featured_image":false},"product_brand":[],"product_cat":[575,639,298,294,308,293,310,645,296,584,630,569,309,549],"product_tag":[],"class_list":{"0":"post-11188","1":"product","2":"type-product","3":"status-publish","4":"has-post-thumbnail","6":"product_cat-arten-kleiderbuegeln-de","7":"product_cat-flache-kleiderbuegel","8":"product_cat-holzbugel","9":"product_cat-hosenbugel","10":"product_cat-kleiderbugel-fur-frauen","11":"product_cat-kleiderbugel-fur-manner","12":"product_cat-kleiderbugel-fur-rocke-und-hosen","13":"product_cat-kleiderbugel-schal","14":"product_cat-dandy-kollektion","15":"product_cat-kleiderbuegel-stange","16":"product_cat-kleiderbuegel-groesse","17":"product_cat-kleiderbuegelfarben","18":"product_cat-intensive-kollektion","19":"product_cat-kleiderbuegel","21":"first","22":"instock","23":"taxable","24":"shipping-taxable","25":"purchasable","26":"product-type-simple"},"yoast_head":"<!-- This site is optimized with the Yoast SEO plugin v27.3 - https:\/\/yoast.com\/product\/yoast-seo-wordpress\/ -->\n<title>10 Hosenb\u00fcgel - schwarz, geb\u00fcrstetes Holz (Breite 38 cm) - Mon Cintre<\/title>\n<meta name=\"description\" content=\"Diese 10 luxuri\u00f6sen Hosenb\u00fcgel kombinieren eine einzigartige Form mit der Originalit\u00e4t von schwarz geb\u00fcrstetem Holz und verleihen Ihrer Garderobe einen Hauch von Eleganz\" \/>\n<meta name=\"robots\" content=\"index, follow, max-snippet:-1, max-image-preview:large, max-video-preview:-1\" \/>\n<link rel=\"canonical\" href=\"https:\/\/www.mon-cintre.com\/de\/produit\/hosenbugel-schwarz-38\/\" \/>\n<meta property=\"og:locale\" content=\"de_DE\" \/>\n<meta property=\"og:type\" content=\"article\" \/>\n<meta property=\"og:title\" content=\"10 Hosenb\u00fcgel - schwarz, geb\u00fcrstetes Holz (Breite 38 cm) - Mon Cintre\" \/>\n<meta property=\"og:description\" content=\"Diese 10 luxuri\u00f6sen Hosenb\u00fcgel kombinieren eine einzigartige Form mit der Originalit\u00e4t von schwarz geb\u00fcrstetem Holz und verleihen Ihrer Garderobe einen Hauch von Eleganz\" \/>\n<meta property=\"og:url\" content=\"https:\/\/www.mon-cintre.com\/de\/produit\/hosenbugel-schwarz-38\/\" \/>\n<meta property=\"og:site_name\" content=\"Mon Cintre\" \/>\n<meta property=\"article:modified_time\" content=\"2026-03-06T16:58:44+00:00\" \/>\n<meta property=\"og:image\" content=\"https:\/\/www.mon-cintre.com\/wp-content\/uploads\/2018\/08\/cintre-bois-pantalon-PANT38-BB.jpg\" \/>\n\t<meta property=\"og:image:width\" content=\"2000\" \/>\n\t<meta property=\"og:image:height\" content=\"2000\" \/>\n\t<meta property=\"og:image:type\" content=\"image\/jpeg\" \/>\n<meta name=\"twitter:card\" content=\"summary_large_image\" \/>\n<meta name=\"twitter:label1\" content=\"Gesch\u00e4tzte Lesezeit\" \/>\n\t<meta name=\"twitter:data1\" content=\"1\u00a0Minute\" \/>\n<script type=\"application\/ld+json\" class=\"yoast-schema-graph\">{\"@context\":\"https:\\\/\\\/schema.org\",\"@graph\":[{\"@type\":\"WebPage\",\"@id\":\"https:\\\/\\\/www.mon-cintre.com\\\/de\\\/produit\\\/hosenbugel-schwarz-38\\\/\",\"url\":\"https:\\\/\\\/www.mon-cintre.com\\\/de\\\/produit\\\/hosenbugel-schwarz-38\\\/\",\"name\":\"10 Hosenb\u00fcgel - schwarz, geb\u00fcrstetes Holz (Breite 38 cm) - Mon Cintre\",\"isPartOf\":{\"@id\":\"https:\\\/\\\/www.mon-cintre.com\\\/de\\\/#website\"},\"primaryImageOfPage\":{\"@id\":\"https:\\\/\\\/www.mon-cintre.com\\\/de\\\/produit\\\/hosenbugel-schwarz-38\\\/#primaryimage\"},\"image\":{\"@id\":\"https:\\\/\\\/www.mon-cintre.com\\\/de\\\/produit\\\/hosenbugel-schwarz-38\\\/#primaryimage\"},\"thumbnailUrl\":\"https:\\\/\\\/www.mon-cintre.com\\\/wp-content\\\/uploads\\\/2018\\\/08\\\/cintre-bois-pantalon-PANT38-BB.jpg\",\"datePublished\":\"2018-08-13T12:46:45+00:00\",\"dateModified\":\"2026-03-06T16:58:44+00:00\",\"description\":\"Diese 10 luxuri\u00f6sen Hosenb\u00fcgel kombinieren eine einzigartige Form mit der Originalit\u00e4t von schwarz geb\u00fcrstetem Holz und verleihen Ihrer Garderobe einen Hauch von Eleganz\",\"breadcrumb\":{\"@id\":\"https:\\\/\\\/www.mon-cintre.com\\\/de\\\/produit\\\/hosenbugel-schwarz-38\\\/#breadcrumb\"},\"inLanguage\":\"de\",\"potentialAction\":[{\"@type\":\"ReadAction\",\"target\":[\"https:\\\/\\\/www.mon-cintre.com\\\/de\\\/produit\\\/hosenbugel-schwarz-38\\\/\"]}]},{\"@type\":\"ImageObject\",\"inLanguage\":\"de\",\"@id\":\"https:\\\/\\\/www.mon-cintre.com\\\/de\\\/produit\\\/hosenbugel-schwarz-38\\\/#primaryimage\",\"url\":\"https:\\\/\\\/www.mon-cintre.com\\\/wp-content\\\/uploads\\\/2018\\\/08\\\/cintre-bois-pantalon-PANT38-BB.jpg\",\"contentUrl\":\"https:\\\/\\\/www.mon-cintre.com\\\/wp-content\\\/uploads\\\/2018\\\/08\\\/cintre-bois-pantalon-PANT38-BB.jpg\",\"width\":2000,\"height\":2000,\"caption\":\"Luxus-Holzb\u00fcgel f\u00fcr Hosen - schwarze Farbe\"},{\"@type\":\"BreadcrumbList\",\"@id\":\"https:\\\/\\\/www.mon-cintre.com\\\/de\\\/produit\\\/hosenbugel-schwarz-38\\\/#breadcrumb\",\"itemListElement\":[{\"@type\":\"ListItem\",\"position\":1,\"name\":\"Accueil\",\"item\":\"https:\\\/\\\/www.mon-cintre.com\\\/de\\\/\"},{\"@type\":\"ListItem\",\"position\":2,\"name\":\"Shop\",\"item\":\"https:\\\/\\\/www.mon-cintre.com\\\/de\\\/shop\\\/\"},{\"@type\":\"ListItem\",\"position\":3,\"name\":\"10 Hosenb\u00fcgel &#8211; schwarz, geb\u00fcrstetes Holz (Breite 38 cm)\"}]},{\"@type\":\"WebSite\",\"@id\":\"https:\\\/\\\/www.mon-cintre.com\\\/de\\\/#website\",\"url\":\"https:\\\/\\\/www.mon-cintre.com\\\/de\\\/\",\"name\":\"Mon Cintre\",\"description\":\"Cintres et accessoires de dressing\",\"publisher\":{\"@id\":\"https:\\\/\\\/www.mon-cintre.com\\\/de\\\/#organization\"},\"potentialAction\":[{\"@type\":\"SearchAction\",\"target\":{\"@type\":\"EntryPoint\",\"urlTemplate\":\"https:\\\/\\\/www.mon-cintre.com\\\/de\\\/?s={search_term_string}\"},\"query-input\":{\"@type\":\"PropertyValueSpecification\",\"valueRequired\":true,\"valueName\":\"search_term_string\"}}],\"inLanguage\":\"de\"},{\"@type\":\"Organization\",\"@id\":\"https:\\\/\\\/www.mon-cintre.com\\\/de\\\/#organization\",\"name\":\"Mon Cintre\",\"url\":\"https:\\\/\\\/www.mon-cintre.com\\\/de\\\/\",\"logo\":{\"@type\":\"ImageObject\",\"inLanguage\":\"de\",\"@id\":\"https:\\\/\\\/www.mon-cintre.com\\\/de\\\/#\\\/schema\\\/logo\\\/image\\\/\",\"url\":\"https:\\\/\\\/www.mon-cintre.com\\\/wp-content\\\/uploads\\\/2022\\\/12\\\/logo-blanc.png\",\"contentUrl\":\"https:\\\/\\\/www.mon-cintre.com\\\/wp-content\\\/uploads\\\/2022\\\/12\\\/logo-blanc.png\",\"width\":345,\"height\":205,\"caption\":\"Mon Cintre\"},\"image\":{\"@id\":\"https:\\\/\\\/www.mon-cintre.com\\\/de\\\/#\\\/schema\\\/logo\\\/image\\\/\"}}]}<\/script>\n<!-- \/ Yoast SEO plugin. -->","yoast_head_json":{"title":"10 Hosenb\u00fcgel - schwarz, geb\u00fcrstetes Holz (Breite 38 cm) - Mon Cintre","description":"Diese 10 luxuri\u00f6sen Hosenb\u00fcgel kombinieren eine einzigartige Form mit der Originalit\u00e4t von schwarz geb\u00fcrstetem Holz und verleihen Ihrer Garderobe einen Hauch von Eleganz","robots":{"index":"index","follow":"follow","max-snippet":"max-snippet:-1","max-image-preview":"max-image-preview:large","max-video-preview":"max-video-preview:-1"},"canonical":"https:\/\/www.mon-cintre.com\/de\/produit\/hosenbugel-schwarz-38\/","og_locale":"de_DE","og_type":"article","og_title":"10 Hosenb\u00fcgel - schwarz, geb\u00fcrstetes Holz (Breite 38 cm) - Mon Cintre","og_description":"Diese 10 luxuri\u00f6sen Hosenb\u00fcgel kombinieren eine einzigartige Form mit der Originalit\u00e4t von schwarz geb\u00fcrstetem Holz und verleihen Ihrer Garderobe einen Hauch von Eleganz","og_url":"https:\/\/www.mon-cintre.com\/de\/produit\/hosenbugel-schwarz-38\/","og_site_name":"Mon Cintre","article_modified_time":"2026-03-06T16:58:44+00:00","og_image":[{"width":2000,"height":2000,"url":"https:\/\/www.mon-cintre.com\/wp-content\/uploads\/2018\/08\/cintre-bois-pantalon-PANT38-BB.jpg","type":"image\/jpeg"}],"twitter_card":"summary_large_image","twitter_misc":{"Gesch\u00e4tzte Lesezeit":"1\u00a0Minute"},"schema":{"@context":"https:\/\/schema.org","@graph":[{"@type":"WebPage","@id":"https:\/\/www.mon-cintre.com\/de\/produit\/hosenbugel-schwarz-38\/","url":"https:\/\/www.mon-cintre.com\/de\/produit\/hosenbugel-schwarz-38\/","name":"10 Hosenb\u00fcgel - schwarz, geb\u00fcrstetes Holz (Breite 38 cm) - Mon Cintre","isPartOf":{"@id":"https:\/\/www.mon-cintre.com\/de\/#website"},"primaryImageOfPage":{"@id":"https:\/\/www.mon-cintre.com\/de\/produit\/hosenbugel-schwarz-38\/#primaryimage"},"image":{"@id":"https:\/\/www.mon-cintre.com\/de\/produit\/hosenbugel-schwarz-38\/#primaryimage"},"thumbnailUrl":"https:\/\/www.mon-cintre.com\/wp-content\/uploads\/2018\/08\/cintre-bois-pantalon-PANT38-BB.jpg","datePublished":"2018-08-13T12:46:45+00:00","dateModified":"2026-03-06T16:58:44+00:00","description":"Diese 10 luxuri\u00f6sen Hosenb\u00fcgel kombinieren eine einzigartige Form mit der Originalit\u00e4t von schwarz geb\u00fcrstetem Holz und verleihen Ihrer Garderobe einen Hauch von Eleganz","breadcrumb":{"@id":"https:\/\/www.mon-cintre.com\/de\/produit\/hosenbugel-schwarz-38\/#breadcrumb"},"inLanguage":"de","potentialAction":[{"@type":"ReadAction","target":["https:\/\/www.mon-cintre.com\/de\/produit\/hosenbugel-schwarz-38\/"]}]},{"@type":"ImageObject","inLanguage":"de","@id":"https:\/\/www.mon-cintre.com\/de\/produit\/hosenbugel-schwarz-38\/#primaryimage","url":"https:\/\/www.mon-cintre.com\/wp-content\/uploads\/2018\/08\/cintre-bois-pantalon-PANT38-BB.jpg","contentUrl":"https:\/\/www.mon-cintre.com\/wp-content\/uploads\/2018\/08\/cintre-bois-pantalon-PANT38-BB.jpg","width":2000,"height":2000,"caption":"Luxus-Holzb\u00fcgel f\u00fcr Hosen - schwarze Farbe"},{"@type":"BreadcrumbList","@id":"https:\/\/www.mon-cintre.com\/de\/produit\/hosenbugel-schwarz-38\/#breadcrumb","itemListElement":[{"@type":"ListItem","position":1,"name":"Accueil","item":"https:\/\/www.mon-cintre.com\/de\/"},{"@type":"ListItem","position":2,"name":"Shop","item":"https:\/\/www.mon-cintre.com\/de\/shop\/"},{"@type":"ListItem","position":3,"name":"10 Hosenb\u00fcgel &#8211; schwarz, geb\u00fcrstetes Holz (Breite 38 cm)"}]},{"@type":"WebSite","@id":"https:\/\/www.mon-cintre.com\/de\/#website","url":"https:\/\/www.mon-cintre.com\/de\/","name":"Mon Cintre","description":"Cintres et accessoires de dressing","publisher":{"@id":"https:\/\/www.mon-cintre.com\/de\/#organization"},"potentialAction":[{"@type":"SearchAction","target":{"@type":"EntryPoint","urlTemplate":"https:\/\/www.mon-cintre.com\/de\/?s={search_term_string}"},"query-input":{"@type":"PropertyValueSpecification","valueRequired":true,"valueName":"search_term_string"}}],"inLanguage":"de"},{"@type":"Organization","@id":"https:\/\/www.mon-cintre.com\/de\/#organization","name":"Mon Cintre","url":"https:\/\/www.mon-cintre.com\/de\/","logo":{"@type":"ImageObject","inLanguage":"de","@id":"https:\/\/www.mon-cintre.com\/de\/#\/schema\/logo\/image\/","url":"https:\/\/www.mon-cintre.com\/wp-content\/uploads\/2022\/12\/logo-blanc.png","contentUrl":"https:\/\/www.mon-cintre.com\/wp-content\/uploads\/2022\/12\/logo-blanc.png","width":345,"height":205,"caption":"Mon Cintre"},"image":{"@id":"https:\/\/www.mon-cintre.com\/de\/#\/schema\/logo\/image\/"}}]}},"_links":{"self":[{"href":"https:\/\/www.mon-cintre.com\/de\/wp-json\/wp\/v2\/product\/11188","targetHints":{"allow":["GET"]}}],"collection":[{"href":"https:\/\/www.mon-cintre.com\/de\/wp-json\/wp\/v2\/product"}],"about":[{"href":"https:\/\/www.mon-cintre.com\/de\/wp-json\/wp\/v2\/types\/product"}],"replies":[{"embeddable":true,"href":"https:\/\/www.mon-cintre.com\/de\/wp-json\/wp\/v2\/comments?post=11188"}],"wp:featuredmedia":[{"embeddable":true,"href":"https:\/\/www.mon-cintre.com\/de\/wp-json\/wp\/v2\/media\/28818"}],"wp:attachment":[{"href":"https:\/\/www.mon-cintre.com\/de\/wp-json\/wp\/v2\/media?parent=11188"}],"wp:term":[{"taxonomy":"product_brand","embeddable":true,"href":"https:\/\/www.mon-cintre.com\/de\/wp-json\/wp\/v2\/product_brand?post=11188"},{"taxonomy":"product_cat","embeddable":true,"href":"https:\/\/www.mon-cintre.com\/de\/wp-json\/wp\/v2\/product_cat?post=11188"},{"taxonomy":"product_tag","embeddable":true,"href":"https:\/\/www.mon-cintre.com\/de\/wp-json\/wp\/v2\/product_tag?post=11188"}],"curies":[{"name":"wp","href":"https:\/\/api.w.org\/{rel}","templated":true}]}}