

{"id":11270,"date":"2019-05-22T17:35:40","date_gmt":"2019-05-22T15:35:40","guid":{"rendered":"https:\/\/www.mon-cintre.com\/produit\/set-ankleideraum-90-aluminium-kleiderbugeln-turkisblau\/"},"modified":"2025-06-02T17:13:42","modified_gmt":"2025-06-02T15:13:42","slug":"set-ankleideraum-90-aluminium-kleiderbugeln-turkisblau","status":"publish","type":"product","link":"https:\/\/www.mon-cintre.com\/de\/produit\/set-ankleideraum-90-aluminium-kleiderbugeln-turkisblau\/","title":{"rendered":"Set f\u00fcr Ankleideraum mit 90 Aluminium Kleiderb\u00fcgeln &#8211; t\u00fcrkisblau"},"content":{"rendered":"<ul>\n<li>90 Aluminium Kleiderb\u00fcgel t\u00fcrkis metallic blau<\/li>\n<li>Design und platzsparend<\/li>\n<li>Abmessungen: Breite 41,5 cm, H\u00f6he 23 cm, Durchmesser 0,6 cm<\/li>\n<li>Ideal zur Aufbewahrung von Kleidern, Tops mit Hosentr\u00e4gern, Hemden, Blusen, T-Shirts, Hosen, Schals usw.<\/li>\n<li>Pflege: Mit einem weichen, leicht feuchten Tuch reinigen<\/li>\n<\/ul>\n<p>1 Meter Kleiderschrank = 60 Kleiderb\u00fcgel<\/p>\n<p><img loading=\"lazy\" decoding=\"async\" class=\"alignnone size-full wp-image-143\" src=\"https:\/\/www.mon-cintre.com\/DEV\/wp-content\/uploads\/2018\/08\/60cintres.png\" alt=\"\" width=\"190\" height=\"20\" \/><\/p>\n<p>* Foto nicht vertraglich.<br \/>\nBeachten Sie, dass sich die Farben von Bildschirm zu Bildschirm \u00e4ndern, sodass es trotz der Sorgfalt bei der Qualit\u00e4t unserer Fotos zu Abweichungen zwischen Bildschirm und Realit\u00e4t kommen kann.<\/p>\n","protected":false},"excerpt":{"rendered":"<ul>\n<li>90 Aluminium Kleiderb\u00fcgel &#8211; metallic t\u00fcrkisblau<\/li>\n<li>Design und platzsparend<\/li>\n<li>Ideal zur Aufbewahrung von Kleidern, Hosentr\u00e4gern, Hemden, Blusen und T-Shirts<\/li>\n<li>Abmessungen: 41,5 cm x 6 mm<\/li>\n<\/ul>\n<p>Die MILLENIUM-Kollektion ist mit ihren aktuellen Farben und Materialien entschieden modern. Es wird sowohl junge Menschen als auch Erwachsene ansprechen. Durch diese Reihe von sehr d\u00fcnnen Kleiderb\u00fcgeln sparen Sie auch Platz in Ihren Schr\u00e4nken.<\/p>\n","protected":false},"featured_media":33234,"comment_status":"open","ping_status":"closed","template":"","meta":{"inline_featured_image":false},"product_brand":[],"product_cat":[328,314,639,294,308,293,297,457,313,310,645,299,549],"product_tag":[],"class_list":{"0":"post-11270","1":"product","2":"type-product","3":"status-publish","4":"has-post-thumbnail","6":"product_cat-aluminium-kleiderbuegel","7":"product_cat-bluse-kleiderbugel","8":"product_cat-flache-kleiderbuegel","9":"product_cat-hosenbugel","10":"product_cat-kleiderbugel-fur-frauen","11":"product_cat-kleiderbugel-fur-manner","12":"product_cat-kleiderbugel-fur-hemd","13":"product_cat-kinderbugel","14":"product_cat-kleiderbugel-fur-kleid","15":"product_cat-kleiderbugel-fur-rocke-und-hosen","16":"product_cat-kleiderbugel-schal","17":"product_cat-set-ankleideraum","18":"product_cat-kleiderbuegel","20":"first","21":"instock","22":"sale","23":"taxable","24":"shipping-taxable","25":"purchasable","26":"product-type-simple"},"yoast_head":"<!-- This site is optimized with the Yoast SEO plugin v27.4 - https:\/\/yoast.com\/product\/yoast-seo-wordpress\/ -->\n<title>Set f\u00fcr Ankleideraum mit 90 Aluminium Kleiderb\u00fcgeln - t\u00fcrkisblau - Mon Cintre<\/title>\n<meta name=\"description\" content=\"90 blaue Aluminiumb\u00fcgel f\u00fcr eine Designer-Garderobe. Ziehen Sie mit diesen d\u00fcnnen Kleiderb\u00fcgeln Kleider, T-Shirts und Tops an und sparen Sie Platz in Ihren Schr\u00e4nken.\" \/>\n<meta name=\"robots\" content=\"index, follow, max-snippet:-1, max-image-preview:large, max-video-preview:-1\" \/>\n<link rel=\"canonical\" href=\"https:\/\/www.mon-cintre.com\/de\/produit\/set-ankleideraum-90-aluminium-kleiderbugeln-turkisblau\/\" \/>\n<meta property=\"og:locale\" content=\"de_DE\" \/>\n<meta property=\"og:type\" content=\"article\" \/>\n<meta property=\"og:title\" content=\"Set f\u00fcr Ankleideraum mit 90 Aluminium Kleiderb\u00fcgeln - t\u00fcrkisblau - Mon Cintre\" \/>\n<meta property=\"og:description\" content=\"90 blaue Aluminiumb\u00fcgel f\u00fcr eine Designer-Garderobe. Ziehen Sie mit diesen d\u00fcnnen Kleiderb\u00fcgeln Kleider, T-Shirts und Tops an und sparen Sie Platz in Ihren Schr\u00e4nken.\" \/>\n<meta property=\"og:url\" content=\"https:\/\/www.mon-cintre.com\/de\/produit\/set-ankleideraum-90-aluminium-kleiderbugeln-turkisblau\/\" \/>\n<meta property=\"og:site_name\" content=\"Mon Cintre\" \/>\n<meta property=\"article:modified_time\" content=\"2025-06-02T15:13:42+00:00\" \/>\n<meta property=\"og:image\" content=\"https:\/\/www.mon-cintre.com\/wp-content\/uploads\/2019\/05\/pack-cintres-alu-90-bleu-7.jpg\" \/>\n\t<meta property=\"og:image:width\" content=\"1800\" \/>\n\t<meta property=\"og:image:height\" content=\"1800\" \/>\n\t<meta property=\"og:image:type\" content=\"image\/jpeg\" \/>\n<meta name=\"twitter:card\" content=\"summary_large_image\" \/>\n<meta name=\"twitter:label1\" content=\"Gesch\u00e4tzte Lesezeit\" \/>\n\t<meta name=\"twitter:data1\" content=\"1\u00a0Minute\" \/>\n<script type=\"application\/ld+json\" class=\"yoast-schema-graph\">{\"@context\":\"https:\\\/\\\/schema.org\",\"@graph\":[{\"@type\":\"WebPage\",\"@id\":\"https:\\\/\\\/www.mon-cintre.com\\\/de\\\/produit\\\/set-ankleideraum-90-aluminium-kleiderbugeln-turkisblau\\\/\",\"url\":\"https:\\\/\\\/www.mon-cintre.com\\\/de\\\/produit\\\/set-ankleideraum-90-aluminium-kleiderbugeln-turkisblau\\\/\",\"name\":\"Set f\u00fcr Ankleideraum mit 90 Aluminium Kleiderb\u00fcgeln - t\u00fcrkisblau - Mon Cintre\",\"isPartOf\":{\"@id\":\"https:\\\/\\\/www.mon-cintre.com\\\/de\\\/#website\"},\"primaryImageOfPage\":{\"@id\":\"https:\\\/\\\/www.mon-cintre.com\\\/de\\\/produit\\\/set-ankleideraum-90-aluminium-kleiderbugeln-turkisblau\\\/#primaryimage\"},\"image\":{\"@id\":\"https:\\\/\\\/www.mon-cintre.com\\\/de\\\/produit\\\/set-ankleideraum-90-aluminium-kleiderbugeln-turkisblau\\\/#primaryimage\"},\"thumbnailUrl\":\"https:\\\/\\\/www.mon-cintre.com\\\/wp-content\\\/uploads\\\/2019\\\/05\\\/pack-cintres-alu-90-bleu-7.jpg\",\"datePublished\":\"2019-05-22T15:35:40+00:00\",\"dateModified\":\"2025-06-02T15:13:42+00:00\",\"description\":\"90 blaue Aluminiumb\u00fcgel f\u00fcr eine Designer-Garderobe. Ziehen Sie mit diesen d\u00fcnnen Kleiderb\u00fcgeln Kleider, T-Shirts und Tops an und sparen Sie Platz in Ihren Schr\u00e4nken.\",\"breadcrumb\":{\"@id\":\"https:\\\/\\\/www.mon-cintre.com\\\/de\\\/produit\\\/set-ankleideraum-90-aluminium-kleiderbugeln-turkisblau\\\/#breadcrumb\"},\"inLanguage\":\"de\",\"potentialAction\":[{\"@type\":\"ReadAction\",\"target\":[\"https:\\\/\\\/www.mon-cintre.com\\\/de\\\/produit\\\/set-ankleideraum-90-aluminium-kleiderbugeln-turkisblau\\\/\"]}]},{\"@type\":\"ImageObject\",\"inLanguage\":\"de\",\"@id\":\"https:\\\/\\\/www.mon-cintre.com\\\/de\\\/produit\\\/set-ankleideraum-90-aluminium-kleiderbugeln-turkisblau\\\/#primaryimage\",\"url\":\"https:\\\/\\\/www.mon-cintre.com\\\/wp-content\\\/uploads\\\/2019\\\/05\\\/pack-cintres-alu-90-bleu-7.jpg\",\"contentUrl\":\"https:\\\/\\\/www.mon-cintre.com\\\/wp-content\\\/uploads\\\/2019\\\/05\\\/pack-cintres-alu-90-bleu-7.jpg\",\"width\":1800,\"height\":1800},{\"@type\":\"BreadcrumbList\",\"@id\":\"https:\\\/\\\/www.mon-cintre.com\\\/de\\\/produit\\\/set-ankleideraum-90-aluminium-kleiderbugeln-turkisblau\\\/#breadcrumb\",\"itemListElement\":[{\"@type\":\"ListItem\",\"position\":1,\"name\":\"Accueil\",\"item\":\"https:\\\/\\\/www.mon-cintre.com\\\/de\\\/\"},{\"@type\":\"ListItem\",\"position\":2,\"name\":\"Shop\",\"item\":\"https:\\\/\\\/www.mon-cintre.com\\\/de\\\/shop\\\/\"},{\"@type\":\"ListItem\",\"position\":3,\"name\":\"Set f\u00fcr Ankleideraum mit 90 Aluminium Kleiderb\u00fcgeln &#8211; t\u00fcrkisblau\"}]},{\"@type\":\"WebSite\",\"@id\":\"https:\\\/\\\/www.mon-cintre.com\\\/de\\\/#website\",\"url\":\"https:\\\/\\\/www.mon-cintre.com\\\/de\\\/\",\"name\":\"Mon Cintre\",\"description\":\"Cintres et accessoires de dressing\",\"publisher\":{\"@id\":\"https:\\\/\\\/www.mon-cintre.com\\\/de\\\/#organization\"},\"potentialAction\":[{\"@type\":\"SearchAction\",\"target\":{\"@type\":\"EntryPoint\",\"urlTemplate\":\"https:\\\/\\\/www.mon-cintre.com\\\/de\\\/?s={search_term_string}\"},\"query-input\":{\"@type\":\"PropertyValueSpecification\",\"valueRequired\":true,\"valueName\":\"search_term_string\"}}],\"inLanguage\":\"de\"},{\"@type\":\"Organization\",\"@id\":\"https:\\\/\\\/www.mon-cintre.com\\\/de\\\/#organization\",\"name\":\"Mon Cintre\",\"url\":\"https:\\\/\\\/www.mon-cintre.com\\\/de\\\/\",\"logo\":{\"@type\":\"ImageObject\",\"inLanguage\":\"de\",\"@id\":\"https:\\\/\\\/www.mon-cintre.com\\\/de\\\/#\\\/schema\\\/logo\\\/image\\\/\",\"url\":\"https:\\\/\\\/www.mon-cintre.com\\\/wp-content\\\/uploads\\\/2022\\\/12\\\/logo-blanc.png\",\"contentUrl\":\"https:\\\/\\\/www.mon-cintre.com\\\/wp-content\\\/uploads\\\/2022\\\/12\\\/logo-blanc.png\",\"width\":345,\"height\":205,\"caption\":\"Mon Cintre\"},\"image\":{\"@id\":\"https:\\\/\\\/www.mon-cintre.com\\\/de\\\/#\\\/schema\\\/logo\\\/image\\\/\"}}]}<\/script>\n<!-- \/ Yoast SEO plugin. -->","yoast_head_json":{"title":"Set f\u00fcr Ankleideraum mit 90 Aluminium Kleiderb\u00fcgeln - t\u00fcrkisblau - Mon Cintre","description":"90 blaue Aluminiumb\u00fcgel f\u00fcr eine Designer-Garderobe. Ziehen Sie mit diesen d\u00fcnnen Kleiderb\u00fcgeln Kleider, T-Shirts und Tops an und sparen Sie Platz in Ihren Schr\u00e4nken.","robots":{"index":"index","follow":"follow","max-snippet":"max-snippet:-1","max-image-preview":"max-image-preview:large","max-video-preview":"max-video-preview:-1"},"canonical":"https:\/\/www.mon-cintre.com\/de\/produit\/set-ankleideraum-90-aluminium-kleiderbugeln-turkisblau\/","og_locale":"de_DE","og_type":"article","og_title":"Set f\u00fcr Ankleideraum mit 90 Aluminium Kleiderb\u00fcgeln - t\u00fcrkisblau - Mon Cintre","og_description":"90 blaue Aluminiumb\u00fcgel f\u00fcr eine Designer-Garderobe. Ziehen Sie mit diesen d\u00fcnnen Kleiderb\u00fcgeln Kleider, T-Shirts und Tops an und sparen Sie Platz in Ihren Schr\u00e4nken.","og_url":"https:\/\/www.mon-cintre.com\/de\/produit\/set-ankleideraum-90-aluminium-kleiderbugeln-turkisblau\/","og_site_name":"Mon Cintre","article_modified_time":"2025-06-02T15:13:42+00:00","og_image":[{"width":1800,"height":1800,"url":"https:\/\/www.mon-cintre.com\/wp-content\/uploads\/2019\/05\/pack-cintres-alu-90-bleu-7.jpg","type":"image\/jpeg"}],"twitter_card":"summary_large_image","twitter_misc":{"Gesch\u00e4tzte Lesezeit":"1\u00a0Minute"},"schema":{"@context":"https:\/\/schema.org","@graph":[{"@type":"WebPage","@id":"https:\/\/www.mon-cintre.com\/de\/produit\/set-ankleideraum-90-aluminium-kleiderbugeln-turkisblau\/","url":"https:\/\/www.mon-cintre.com\/de\/produit\/set-ankleideraum-90-aluminium-kleiderbugeln-turkisblau\/","name":"Set f\u00fcr Ankleideraum mit 90 Aluminium Kleiderb\u00fcgeln - t\u00fcrkisblau - Mon Cintre","isPartOf":{"@id":"https:\/\/www.mon-cintre.com\/de\/#website"},"primaryImageOfPage":{"@id":"https:\/\/www.mon-cintre.com\/de\/produit\/set-ankleideraum-90-aluminium-kleiderbugeln-turkisblau\/#primaryimage"},"image":{"@id":"https:\/\/www.mon-cintre.com\/de\/produit\/set-ankleideraum-90-aluminium-kleiderbugeln-turkisblau\/#primaryimage"},"thumbnailUrl":"https:\/\/www.mon-cintre.com\/wp-content\/uploads\/2019\/05\/pack-cintres-alu-90-bleu-7.jpg","datePublished":"2019-05-22T15:35:40+00:00","dateModified":"2025-06-02T15:13:42+00:00","description":"90 blaue Aluminiumb\u00fcgel f\u00fcr eine Designer-Garderobe. Ziehen Sie mit diesen d\u00fcnnen Kleiderb\u00fcgeln Kleider, T-Shirts und Tops an und sparen Sie Platz in Ihren Schr\u00e4nken.","breadcrumb":{"@id":"https:\/\/www.mon-cintre.com\/de\/produit\/set-ankleideraum-90-aluminium-kleiderbugeln-turkisblau\/#breadcrumb"},"inLanguage":"de","potentialAction":[{"@type":"ReadAction","target":["https:\/\/www.mon-cintre.com\/de\/produit\/set-ankleideraum-90-aluminium-kleiderbugeln-turkisblau\/"]}]},{"@type":"ImageObject","inLanguage":"de","@id":"https:\/\/www.mon-cintre.com\/de\/produit\/set-ankleideraum-90-aluminium-kleiderbugeln-turkisblau\/#primaryimage","url":"https:\/\/www.mon-cintre.com\/wp-content\/uploads\/2019\/05\/pack-cintres-alu-90-bleu-7.jpg","contentUrl":"https:\/\/www.mon-cintre.com\/wp-content\/uploads\/2019\/05\/pack-cintres-alu-90-bleu-7.jpg","width":1800,"height":1800},{"@type":"BreadcrumbList","@id":"https:\/\/www.mon-cintre.com\/de\/produit\/set-ankleideraum-90-aluminium-kleiderbugeln-turkisblau\/#breadcrumb","itemListElement":[{"@type":"ListItem","position":1,"name":"Accueil","item":"https:\/\/www.mon-cintre.com\/de\/"},{"@type":"ListItem","position":2,"name":"Shop","item":"https:\/\/www.mon-cintre.com\/de\/shop\/"},{"@type":"ListItem","position":3,"name":"Set f\u00fcr Ankleideraum mit 90 Aluminium Kleiderb\u00fcgeln &#8211; t\u00fcrkisblau"}]},{"@type":"WebSite","@id":"https:\/\/www.mon-cintre.com\/de\/#website","url":"https:\/\/www.mon-cintre.com\/de\/","name":"Mon Cintre","description":"Cintres et accessoires de dressing","publisher":{"@id":"https:\/\/www.mon-cintre.com\/de\/#organization"},"potentialAction":[{"@type":"SearchAction","target":{"@type":"EntryPoint","urlTemplate":"https:\/\/www.mon-cintre.com\/de\/?s={search_term_string}"},"query-input":{"@type":"PropertyValueSpecification","valueRequired":true,"valueName":"search_term_string"}}],"inLanguage":"de"},{"@type":"Organization","@id":"https:\/\/www.mon-cintre.com\/de\/#organization","name":"Mon Cintre","url":"https:\/\/www.mon-cintre.com\/de\/","logo":{"@type":"ImageObject","inLanguage":"de","@id":"https:\/\/www.mon-cintre.com\/de\/#\/schema\/logo\/image\/","url":"https:\/\/www.mon-cintre.com\/wp-content\/uploads\/2022\/12\/logo-blanc.png","contentUrl":"https:\/\/www.mon-cintre.com\/wp-content\/uploads\/2022\/12\/logo-blanc.png","width":345,"height":205,"caption":"Mon Cintre"},"image":{"@id":"https:\/\/www.mon-cintre.com\/de\/#\/schema\/logo\/image\/"}}]}},"_links":{"self":[{"href":"https:\/\/www.mon-cintre.com\/de\/wp-json\/wp\/v2\/product\/11270","targetHints":{"allow":["GET"]}}],"collection":[{"href":"https:\/\/www.mon-cintre.com\/de\/wp-json\/wp\/v2\/product"}],"about":[{"href":"https:\/\/www.mon-cintre.com\/de\/wp-json\/wp\/v2\/types\/product"}],"replies":[{"embeddable":true,"href":"https:\/\/www.mon-cintre.com\/de\/wp-json\/wp\/v2\/comments?post=11270"}],"wp:featuredmedia":[{"embeddable":true,"href":"https:\/\/www.mon-cintre.com\/de\/wp-json\/wp\/v2\/media\/33234"}],"wp:attachment":[{"href":"https:\/\/www.mon-cintre.com\/de\/wp-json\/wp\/v2\/media?parent=11270"}],"wp:term":[{"taxonomy":"product_brand","embeddable":true,"href":"https:\/\/www.mon-cintre.com\/de\/wp-json\/wp\/v2\/product_brand?post=11270"},{"taxonomy":"product_cat","embeddable":true,"href":"https:\/\/www.mon-cintre.com\/de\/wp-json\/wp\/v2\/product_cat?post=11270"},{"taxonomy":"product_tag","embeddable":true,"href":"https:\/\/www.mon-cintre.com\/de\/wp-json\/wp\/v2\/product_tag?post=11270"}],"curies":[{"name":"wp","href":"https:\/\/api.w.org\/{rel}","templated":true}]}}