

{"id":11465,"date":"2018-08-03T13:06:30","date_gmt":"2018-08-03T11:06:30","guid":{"rendered":"https:\/\/www.mon-cintre.com\/produit\/10-aluminium-kleiderbugel-turkisblau-41\/"},"modified":"2026-03-22T09:09:07","modified_gmt":"2026-03-22T08:09:07","slug":"10-aluminium-kleiderbugel-turkisblau-41","status":"publish","type":"product","link":"https:\/\/www.mon-cintre.com\/de\/produit\/10-aluminium-kleiderbugel-turkisblau-41\/","title":{"rendered":"10 Aluminium Kleiderb\u00fcgel &#8211; Farbe t\u00fcrkisblau (Breite 41 cm)"},"content":{"rendered":"<ul>\n<li>10 Aluminium Kleiderb\u00fcgel<\/li>\n<li>Metallische t\u00fcrkisblaue Farbe<\/li>\n<li>Design und platzsparend<\/li>\n<li>Abmessungen: Breite 41,5 cm, H\u00f6he 23 cm, Durchmesser 0,6 cm<\/li>\n<li>Ideal zur Aufbewahrung von Hemden, Blusen und T-Shirts<\/li>\n<li>Pflege: Mit einem weichen, leicht feuchten Tuch reinigen<\/li>\n<\/ul>\n<p>1 Meter Kleiderschrank = 60 Kleiderb\u00fcgel<\/p>\n<p><img loading=\"lazy\" decoding=\"async\" class=\"alignnone size-full wp-image-143\" src=\"https:\/\/www.mon-cintre.com\/DEV\/wp-content\/uploads\/2018\/08\/60cintres.png\" alt=\"\" width=\"190\" height=\"20\" \/><\/p>\n<p>* Foto nicht vertraglich.<br \/>\nBeachten Sie, dass sich die Farben von Bildschirm zu Bildschirm \u00e4ndern, sodass es trotz der Sorgfalt bei der Qualit\u00e4t unserer Fotos zu Abweichungen zwischen Bildschirm und Realit\u00e4t kommen kann.<\/p>\n","protected":false},"excerpt":{"rendered":"<ul>\n<li>10 Aluminium Kleiderb\u00fcgel t\u00fcrkis blau metallic Farbe<\/li>\n<li><del>5,20 \u20ac<\/del> 4,37\u20ac der Kleiderb\u00fcgel<\/li>\n<li>Design und platzsparend<\/li>\n<li>Ideal zur Aufbewahrung von Hemden, Blusen und T-Shirts<\/li>\n<li>Abmessungen: 41,5 cm x 6 mm<\/li>\n<\/ul>\n<p>Die MILLENIUM-Kollektion ist mit ihren aktuellen Farben und Materialien entschieden modern. Es wird sowohl junge Menschen als auch Erwachsene ansprechen. Durch diese Reihe von sehr d\u00fcnnen Kleiderb\u00fcgeln sparen Sie auch Platz in Ihren Schr\u00e4nken.<\/p>\n","protected":false},"featured_media":27855,"comment_status":"open","ping_status":"closed","template":"","meta":{"inline_featured_image":false},"product_brand":[],"product_cat":[328,314,639,294,308,293,297,457,313,310,645,549],"product_tag":[],"class_list":{"0":"post-11465","1":"product","2":"type-product","3":"status-publish","4":"has-post-thumbnail","6":"product_cat-aluminium-kleiderbuegel","7":"product_cat-bluse-kleiderbugel","8":"product_cat-flache-kleiderbuegel","9":"product_cat-hosenbugel","10":"product_cat-kleiderbugel-fur-frauen","11":"product_cat-kleiderbugel-fur-manner","12":"product_cat-kleiderbugel-fur-hemd","13":"product_cat-kinderbugel","14":"product_cat-kleiderbugel-fur-kleid","15":"product_cat-kleiderbugel-fur-rocke-und-hosen","16":"product_cat-kleiderbugel-schal","17":"product_cat-kleiderbuegel","19":"first","20":"instock","21":"sale","22":"taxable","23":"shipping-taxable","24":"purchasable","25":"product-type-simple"},"yoast_head":"<!-- This site is optimized with the Yoast SEO plugin v27.6 - https:\/\/yoast.com\/product\/yoast-seo-wordpress\/ -->\n<title>10 Aluminium Kleiderb\u00fcgel - Farbe t\u00fcrkisblau (Breite 41 cm) - Mon Cintre<\/title>\n<meta name=\"description\" content=\"Moderne Design-Kleiderb\u00fcgel aus Aluminium, um Ihre Kleidung aufzubewahren und Platz auf kleinem Raum zu sparen. Verkauft von 10, Silber, Gold oder Blau\" \/>\n<meta name=\"robots\" content=\"index, follow, max-snippet:-1, max-image-preview:large, max-video-preview:-1\" \/>\n<link rel=\"canonical\" href=\"https:\/\/www.mon-cintre.com\/de\/produit\/10-aluminium-kleiderbugel-turkisblau-41\/\" \/>\n<meta property=\"og:locale\" content=\"de_DE\" \/>\n<meta property=\"og:type\" content=\"article\" \/>\n<meta property=\"og:title\" content=\"10 Aluminium Kleiderb\u00fcgel - Farbe t\u00fcrkisblau (Breite 41 cm) - Mon Cintre\" \/>\n<meta property=\"og:description\" content=\"Moderne Design-Kleiderb\u00fcgel aus Aluminium, um Ihre Kleidung aufzubewahren und Platz auf kleinem Raum zu sparen. Verkauft von 10, Silber, Gold oder Blau\" \/>\n<meta property=\"og:url\" content=\"https:\/\/www.mon-cintre.com\/de\/produit\/10-aluminium-kleiderbugel-turkisblau-41\/\" \/>\n<meta property=\"og:site_name\" content=\"Mon Cintre\" \/>\n<meta property=\"article:modified_time\" content=\"2026-03-22T08:09:07+00:00\" \/>\n<meta property=\"og:image\" content=\"https:\/\/www.mon-cintre.com\/wp-content\/uploads\/2018\/08\/cintres-aluminium-bleu.jpg\" \/>\n\t<meta property=\"og:image:width\" content=\"1800\" \/>\n\t<meta property=\"og:image:height\" content=\"1800\" \/>\n\t<meta property=\"og:image:type\" content=\"image\/jpeg\" \/>\n<meta name=\"twitter:card\" content=\"summary_large_image\" \/>\n<script type=\"application\/ld+json\" class=\"yoast-schema-graph\">{\"@context\":\"https:\\\/\\\/schema.org\",\"@graph\":[{\"@type\":\"WebPage\",\"@id\":\"https:\\\/\\\/www.mon-cintre.com\\\/de\\\/produit\\\/10-aluminium-kleiderbugel-turkisblau-41\\\/\",\"url\":\"https:\\\/\\\/www.mon-cintre.com\\\/de\\\/produit\\\/10-aluminium-kleiderbugel-turkisblau-41\\\/\",\"name\":\"10 Aluminium Kleiderb\u00fcgel - Farbe t\u00fcrkisblau (Breite 41 cm) - Mon Cintre\",\"isPartOf\":{\"@id\":\"https:\\\/\\\/www.mon-cintre.com\\\/de\\\/#website\"},\"primaryImageOfPage\":{\"@id\":\"https:\\\/\\\/www.mon-cintre.com\\\/de\\\/produit\\\/10-aluminium-kleiderbugel-turkisblau-41\\\/#primaryimage\"},\"image\":{\"@id\":\"https:\\\/\\\/www.mon-cintre.com\\\/de\\\/produit\\\/10-aluminium-kleiderbugel-turkisblau-41\\\/#primaryimage\"},\"thumbnailUrl\":\"https:\\\/\\\/www.mon-cintre.com\\\/wp-content\\\/uploads\\\/2018\\\/08\\\/cintres-aluminium-bleu.jpg\",\"datePublished\":\"2018-08-03T11:06:30+00:00\",\"dateModified\":\"2026-03-22T08:09:07+00:00\",\"description\":\"Moderne Design-Kleiderb\u00fcgel aus Aluminium, um Ihre Kleidung aufzubewahren und Platz auf kleinem Raum zu sparen. Verkauft von 10, Silber, Gold oder Blau\",\"breadcrumb\":{\"@id\":\"https:\\\/\\\/www.mon-cintre.com\\\/de\\\/produit\\\/10-aluminium-kleiderbugel-turkisblau-41\\\/#breadcrumb\"},\"inLanguage\":\"de\",\"potentialAction\":[{\"@type\":\"ReadAction\",\"target\":[\"https:\\\/\\\/www.mon-cintre.com\\\/de\\\/produit\\\/10-aluminium-kleiderbugel-turkisblau-41\\\/\"]}]},{\"@type\":\"ImageObject\",\"inLanguage\":\"de\",\"@id\":\"https:\\\/\\\/www.mon-cintre.com\\\/de\\\/produit\\\/10-aluminium-kleiderbugel-turkisblau-41\\\/#primaryimage\",\"url\":\"https:\\\/\\\/www.mon-cintre.com\\\/wp-content\\\/uploads\\\/2018\\\/08\\\/cintres-aluminium-bleu.jpg\",\"contentUrl\":\"https:\\\/\\\/www.mon-cintre.com\\\/wp-content\\\/uploads\\\/2018\\\/08\\\/cintres-aluminium-bleu.jpg\",\"width\":1800,\"height\":1800,\"caption\":\"10 cintres en aluminium bleu turquoise\"},{\"@type\":\"BreadcrumbList\",\"@id\":\"https:\\\/\\\/www.mon-cintre.com\\\/de\\\/produit\\\/10-aluminium-kleiderbugel-turkisblau-41\\\/#breadcrumb\",\"itemListElement\":[{\"@type\":\"ListItem\",\"position\":1,\"name\":\"Accueil\",\"item\":\"https:\\\/\\\/www.mon-cintre.com\\\/de\\\/\"},{\"@type\":\"ListItem\",\"position\":2,\"name\":\"Shop\",\"item\":\"https:\\\/\\\/www.mon-cintre.com\\\/de\\\/shop\\\/\"},{\"@type\":\"ListItem\",\"position\":3,\"name\":\"10 Aluminium Kleiderb\u00fcgel &#8211; Farbe t\u00fcrkisblau (Breite 41 cm)\"}]},{\"@type\":\"WebSite\",\"@id\":\"https:\\\/\\\/www.mon-cintre.com\\\/de\\\/#website\",\"url\":\"https:\\\/\\\/www.mon-cintre.com\\\/de\\\/\",\"name\":\"Mon Cintre\",\"description\":\"Cintres et accessoires de dressing\",\"publisher\":{\"@id\":\"https:\\\/\\\/www.mon-cintre.com\\\/de\\\/#organization\"},\"potentialAction\":[{\"@type\":\"SearchAction\",\"target\":{\"@type\":\"EntryPoint\",\"urlTemplate\":\"https:\\\/\\\/www.mon-cintre.com\\\/de\\\/?s={search_term_string}\"},\"query-input\":{\"@type\":\"PropertyValueSpecification\",\"valueRequired\":true,\"valueName\":\"search_term_string\"}}],\"inLanguage\":\"de\"},{\"@type\":\"Organization\",\"@id\":\"https:\\\/\\\/www.mon-cintre.com\\\/de\\\/#organization\",\"name\":\"Mon Cintre\",\"url\":\"https:\\\/\\\/www.mon-cintre.com\\\/de\\\/\",\"logo\":{\"@type\":\"ImageObject\",\"inLanguage\":\"de\",\"@id\":\"https:\\\/\\\/www.mon-cintre.com\\\/de\\\/#\\\/schema\\\/logo\\\/image\\\/\",\"url\":\"https:\\\/\\\/www.mon-cintre.com\\\/wp-content\\\/uploads\\\/2022\\\/12\\\/logo-blanc.png\",\"contentUrl\":\"https:\\\/\\\/www.mon-cintre.com\\\/wp-content\\\/uploads\\\/2022\\\/12\\\/logo-blanc.png\",\"width\":345,\"height\":205,\"caption\":\"Mon Cintre\"},\"image\":{\"@id\":\"https:\\\/\\\/www.mon-cintre.com\\\/de\\\/#\\\/schema\\\/logo\\\/image\\\/\"}}]}<\/script>\n<!-- \/ Yoast SEO plugin. -->","yoast_head_json":{"title":"10 Aluminium Kleiderb\u00fcgel - Farbe t\u00fcrkisblau (Breite 41 cm) - Mon Cintre","description":"Moderne Design-Kleiderb\u00fcgel aus Aluminium, um Ihre Kleidung aufzubewahren und Platz auf kleinem Raum zu sparen. Verkauft von 10, Silber, Gold oder Blau","robots":{"index":"index","follow":"follow","max-snippet":"max-snippet:-1","max-image-preview":"max-image-preview:large","max-video-preview":"max-video-preview:-1"},"canonical":"https:\/\/www.mon-cintre.com\/de\/produit\/10-aluminium-kleiderbugel-turkisblau-41\/","og_locale":"de_DE","og_type":"article","og_title":"10 Aluminium Kleiderb\u00fcgel - Farbe t\u00fcrkisblau (Breite 41 cm) - Mon Cintre","og_description":"Moderne Design-Kleiderb\u00fcgel aus Aluminium, um Ihre Kleidung aufzubewahren und Platz auf kleinem Raum zu sparen. Verkauft von 10, Silber, Gold oder Blau","og_url":"https:\/\/www.mon-cintre.com\/de\/produit\/10-aluminium-kleiderbugel-turkisblau-41\/","og_site_name":"Mon Cintre","article_modified_time":"2026-03-22T08:09:07+00:00","og_image":[{"width":1800,"height":1800,"url":"https:\/\/www.mon-cintre.com\/wp-content\/uploads\/2018\/08\/cintres-aluminium-bleu.jpg","type":"image\/jpeg"}],"twitter_card":"summary_large_image","schema":{"@context":"https:\/\/schema.org","@graph":[{"@type":"WebPage","@id":"https:\/\/www.mon-cintre.com\/de\/produit\/10-aluminium-kleiderbugel-turkisblau-41\/","url":"https:\/\/www.mon-cintre.com\/de\/produit\/10-aluminium-kleiderbugel-turkisblau-41\/","name":"10 Aluminium Kleiderb\u00fcgel - Farbe t\u00fcrkisblau (Breite 41 cm) - Mon Cintre","isPartOf":{"@id":"https:\/\/www.mon-cintre.com\/de\/#website"},"primaryImageOfPage":{"@id":"https:\/\/www.mon-cintre.com\/de\/produit\/10-aluminium-kleiderbugel-turkisblau-41\/#primaryimage"},"image":{"@id":"https:\/\/www.mon-cintre.com\/de\/produit\/10-aluminium-kleiderbugel-turkisblau-41\/#primaryimage"},"thumbnailUrl":"https:\/\/www.mon-cintre.com\/wp-content\/uploads\/2018\/08\/cintres-aluminium-bleu.jpg","datePublished":"2018-08-03T11:06:30+00:00","dateModified":"2026-03-22T08:09:07+00:00","description":"Moderne Design-Kleiderb\u00fcgel aus Aluminium, um Ihre Kleidung aufzubewahren und Platz auf kleinem Raum zu sparen. Verkauft von 10, Silber, Gold oder Blau","breadcrumb":{"@id":"https:\/\/www.mon-cintre.com\/de\/produit\/10-aluminium-kleiderbugel-turkisblau-41\/#breadcrumb"},"inLanguage":"de","potentialAction":[{"@type":"ReadAction","target":["https:\/\/www.mon-cintre.com\/de\/produit\/10-aluminium-kleiderbugel-turkisblau-41\/"]}]},{"@type":"ImageObject","inLanguage":"de","@id":"https:\/\/www.mon-cintre.com\/de\/produit\/10-aluminium-kleiderbugel-turkisblau-41\/#primaryimage","url":"https:\/\/www.mon-cintre.com\/wp-content\/uploads\/2018\/08\/cintres-aluminium-bleu.jpg","contentUrl":"https:\/\/www.mon-cintre.com\/wp-content\/uploads\/2018\/08\/cintres-aluminium-bleu.jpg","width":1800,"height":1800,"caption":"10 cintres en aluminium bleu turquoise"},{"@type":"BreadcrumbList","@id":"https:\/\/www.mon-cintre.com\/de\/produit\/10-aluminium-kleiderbugel-turkisblau-41\/#breadcrumb","itemListElement":[{"@type":"ListItem","position":1,"name":"Accueil","item":"https:\/\/www.mon-cintre.com\/de\/"},{"@type":"ListItem","position":2,"name":"Shop","item":"https:\/\/www.mon-cintre.com\/de\/shop\/"},{"@type":"ListItem","position":3,"name":"10 Aluminium Kleiderb\u00fcgel &#8211; Farbe t\u00fcrkisblau (Breite 41 cm)"}]},{"@type":"WebSite","@id":"https:\/\/www.mon-cintre.com\/de\/#website","url":"https:\/\/www.mon-cintre.com\/de\/","name":"Mon Cintre","description":"Cintres et accessoires de dressing","publisher":{"@id":"https:\/\/www.mon-cintre.com\/de\/#organization"},"potentialAction":[{"@type":"SearchAction","target":{"@type":"EntryPoint","urlTemplate":"https:\/\/www.mon-cintre.com\/de\/?s={search_term_string}"},"query-input":{"@type":"PropertyValueSpecification","valueRequired":true,"valueName":"search_term_string"}}],"inLanguage":"de"},{"@type":"Organization","@id":"https:\/\/www.mon-cintre.com\/de\/#organization","name":"Mon Cintre","url":"https:\/\/www.mon-cintre.com\/de\/","logo":{"@type":"ImageObject","inLanguage":"de","@id":"https:\/\/www.mon-cintre.com\/de\/#\/schema\/logo\/image\/","url":"https:\/\/www.mon-cintre.com\/wp-content\/uploads\/2022\/12\/logo-blanc.png","contentUrl":"https:\/\/www.mon-cintre.com\/wp-content\/uploads\/2022\/12\/logo-blanc.png","width":345,"height":205,"caption":"Mon Cintre"},"image":{"@id":"https:\/\/www.mon-cintre.com\/de\/#\/schema\/logo\/image\/"}}]}},"_links":{"self":[{"href":"https:\/\/www.mon-cintre.com\/de\/wp-json\/wp\/v2\/product\/11465","targetHints":{"allow":["GET"]}}],"collection":[{"href":"https:\/\/www.mon-cintre.com\/de\/wp-json\/wp\/v2\/product"}],"about":[{"href":"https:\/\/www.mon-cintre.com\/de\/wp-json\/wp\/v2\/types\/product"}],"replies":[{"embeddable":true,"href":"https:\/\/www.mon-cintre.com\/de\/wp-json\/wp\/v2\/comments?post=11465"}],"wp:featuredmedia":[{"embeddable":true,"href":"https:\/\/www.mon-cintre.com\/de\/wp-json\/wp\/v2\/media\/27855"}],"wp:attachment":[{"href":"https:\/\/www.mon-cintre.com\/de\/wp-json\/wp\/v2\/media?parent=11465"}],"wp:term":[{"taxonomy":"product_brand","embeddable":true,"href":"https:\/\/www.mon-cintre.com\/de\/wp-json\/wp\/v2\/product_brand?post=11465"},{"taxonomy":"product_cat","embeddable":true,"href":"https:\/\/www.mon-cintre.com\/de\/wp-json\/wp\/v2\/product_cat?post=11465"},{"taxonomy":"product_tag","embeddable":true,"href":"https:\/\/www.mon-cintre.com\/de\/wp-json\/wp\/v2\/product_tag?post=11465"}],"curies":[{"name":"wp","href":"https:\/\/api.w.org\/{rel}","templated":true}]}}