

{"id":11494,"date":"2018-08-27T15:37:44","date_gmt":"2018-08-27T13:37:44","guid":{"rendered":"https:\/\/www.mon-cintre.com\/produit\/kleiderbugel-hemd-nussbaum-matt-43\/"},"modified":"2026-02-11T15:24:23","modified_gmt":"2026-02-11T14:24:23","slug":"kleiderbugel-hemd-nussbaum-matt-43","status":"publish","type":"product","link":"https:\/\/www.mon-cintre.com\/de\/produit\/kleiderbugel-hemd-nussbaum-matt-43\/","title":{"rendered":"10 Kleiderb\u00fcgel f\u00fcr Hemd &#8211; Nussbaum matt (Breite 43 cm-Schulter 2,5 cm)"},"content":{"rendered":"<ul>\n<li>10 Kleiderb\u00fcgel f\u00fcr Hemden, Polos und T-Shirts aus Eschenholz<\/li>\n<li>Matt walnussfarben<\/li>\n<li>360\u00ba drehbarer Haken<\/li>\n<li>Oberst Kragen gegraben, um die Form des Kragens zu passen<\/li>\n<li>Hakenfarben anthrazit matt<\/li>\n<li>Brown Samt Antislip auf den Schultern von professioneller Qualit\u00e4t, die nicht stopft<\/li>\n<li>Breite 43 cm<\/li>\n<li>Breite der Schulter 2,5 cm<\/li>\n<li>Hakendurchmesser 5 mm, H\u00f6he 8,5 cm<\/li>\n<li>Schachtel mit 10 Kleiderb\u00fcgeln<\/li>\n<li>Ideal f\u00fcr Hemden, Polos und T-Shirts<\/li>\n<li>Pflege: Mit einem weichen, trockenen Tuch abstauben<\/li>\n<\/ul>\n<p>Die DANDY-Kollektion ist f\u00fcr M\u00e4nner, die Mode lieben und ihre Jacken und Hemden tragen m\u00f6chten. Der Kragen des Colonels ist nicht nur elegant, sondern folgt auch der Kr\u00fcmmung des Kragens Ihrer Kleidung. Die DANDY-Kollektion ist in 2 Farben erh\u00e4ltlich: Schwarz geb\u00fcrstet und Nussbaum matt.<\/p>\n<p>Lieferung in wei\u00dfer Geschenkbox mit Logo. Jeder Kleiderb\u00fcgel ist einzeln in eine Schutzh\u00fclle eingewickelt.<\/p>\n<p><img loading=\"lazy\" decoding=\"async\" class=\"alignnone size-medium wp-image-10820\" src=\"https:\/\/www.mon-cintre.com\/wp-content\/uploads\/2019\/02\/boite-cadeau-300x300.jpg\" alt=\"Boite cadeau Mon cintre\" width=\"300\" height=\"300\" srcset=\"https:\/\/www.mon-cintre.com\/wp-content\/uploads\/2019\/02\/boite-cadeau-300x300.jpg 300w, https:\/\/www.mon-cintre.com\/wp-content\/uploads\/2019\/02\/boite-cadeau-150x150.jpg 150w, https:\/\/www.mon-cintre.com\/wp-content\/uploads\/2019\/02\/boite-cadeau-100x100.jpg 100w, https:\/\/www.mon-cintre.com\/wp-content\/uploads\/2019\/02\/boite-cadeau.jpg 500w\" sizes=\"auto, (max-width: 300px) 100vw, 300px\" \/><\/p>\n<p>1 Meter Kleiderschrank = 30 Kleiderb\u00fcgel<br \/>\n<img loading=\"lazy\" decoding=\"async\" class=\"alignnone size-full wp-image-153\" src=\"https:\/\/www.mon-cintre.com\/DEV\/wp-content\/uploads\/2018\/08\/30cintres.png\" alt=\"\" width=\"190\" height=\"19\" \/><\/p>\n<p>* Unverbindliche Fotos.<br \/>\nBeachten Sie, dass sich die Farben von Bildschirm zu Bildschirm \u00e4ndern, sodass es trotz der Sorgfalt bei der Qualit\u00e4t unserer Fotos zu Abweichungen zwischen Bildschirm und Realit\u00e4t kommen kann.<\/p>\n","protected":false},"excerpt":{"rendered":"<ul>\n<li>10 luxuri\u00f6se Kleiderb\u00fcgel f\u00fcr Ash-Shirts, Polos und T-Shirts mit Anti-Rutsch-Flock<\/li>\n<li>Matt walnussfarben<\/li>\n<li>Drehhaken aus mattem Rotguss<\/li>\n<li>Breite 43 cm<\/li>\n<li>Breite der Schulter 2,5 cm<\/li>\n<li>Brown Samt Antislip auf den Schultern von professioneller Qualit\u00e4t, die nicht stopft<\/li>\n<li>Schachtel mit 10 Kleiderb\u00fcgeln<\/li>\n<li>Handgemacht (<span style=\"text-decoration: underline;\"><a href=\"https:\/\/www.mon-cintre.com\/de\/handgemacht\/\">mehr lesen<\/a><\/span>)<\/li>\n<\/ul>\n<p>Bestellen online Sie diese 10er-Packung Holzkleiderb\u00fcgel mit rutschfesten Samtschultern \u2013 perfekt f\u00fcr Ihre Garderobe, zum Aufh\u00e4ngen von Hemden und T-Shirts. Ab einer Bestellmenge von 20 St\u00fcck k\u00f6nnen die Kleiderb\u00fcgel mit Ihren Initialen oder Ihrem Logo personalisiert werden.<\/p>\n","protected":false},"featured_media":29040,"comment_status":"open","ping_status":"closed","template":"","meta":{"inline_featured_image":false},"product_brand":[],"product_cat":[575,635,298,616,293,297,296,582,630,569,549],"product_tag":[],"class_list":{"0":"post-11494","1":"product","2":"type-product","3":"status-publish","4":"has-post-thumbnail","6":"product_cat-arten-kleiderbuegeln-de","7":"product_cat-gebogene-kleiderbuegel","8":"product_cat-holzbugel","9":"product_cat-kleiderbuegel-grosse-43","10":"product_cat-kleiderbugel-fur-manner","11":"product_cat-kleiderbugel-fur-hemd","12":"product_cat-dandy-kollektion","13":"product_cat-kleiderbuegel-anti-rutsch-samt","14":"product_cat-kleiderbuegel-groesse","15":"product_cat-kleiderbuegelfarben","16":"product_cat-kleiderbuegel","18":"first","19":"instock","20":"taxable","21":"shipping-taxable","22":"purchasable","23":"product-type-simple"},"yoast_head":"<!-- This site is optimized with the Yoast SEO plugin v27.5 - https:\/\/yoast.com\/product\/yoast-seo-wordpress\/ -->\n<title>10 Kleiderb\u00fcgel f\u00fcr Hemd - Nussbaum matt (Breite 43 cm-Schulter 2,5 cm) - Mon Cintre<\/title>\n<meta name=\"description\" content=\"Luxuri\u00f6se Kleiderb\u00fcgel aus Holz f\u00fcr Hemden mit Hohlhals. Diese 10 Kleiderb\u00fcgel aus Eschenholz mit beflocktem Antirutsch an den Schultern sind f\u00fcr Ihre Garderobe gemacht.\" \/>\n<meta name=\"robots\" content=\"index, follow, max-snippet:-1, max-image-preview:large, max-video-preview:-1\" \/>\n<link rel=\"canonical\" href=\"https:\/\/www.mon-cintre.com\/de\/produit\/kleiderbugel-hemd-nussbaum-matt-43\/\" \/>\n<meta property=\"og:locale\" content=\"de_DE\" \/>\n<meta property=\"og:type\" content=\"article\" \/>\n<meta property=\"og:title\" content=\"10 Kleiderb\u00fcgel f\u00fcr Hemd - Nussbaum matt (Breite 43 cm-Schulter 2,5 cm) - Mon Cintre\" \/>\n<meta property=\"og:description\" content=\"Luxuri\u00f6se Kleiderb\u00fcgel aus Holz f\u00fcr Hemden mit Hohlhals. Diese 10 Kleiderb\u00fcgel aus Eschenholz mit beflocktem Antirutsch an den Schultern sind f\u00fcr Ihre Garderobe gemacht.\" \/>\n<meta property=\"og:url\" content=\"https:\/\/www.mon-cintre.com\/de\/produit\/kleiderbugel-hemd-nussbaum-matt-43\/\" \/>\n<meta property=\"og:site_name\" content=\"Mon Cintre\" \/>\n<meta property=\"article:modified_time\" content=\"2026-02-11T14:24:23+00:00\" \/>\n<meta property=\"og:image\" content=\"https:\/\/www.mon-cintre.com\/wp-content\/uploads\/2018\/08\/cintres-luxe-chemise-COL4325FLO-WN.jpg\" \/>\n\t<meta property=\"og:image:width\" content=\"2000\" \/>\n\t<meta property=\"og:image:height\" content=\"2000\" \/>\n\t<meta property=\"og:image:type\" content=\"image\/jpeg\" \/>\n<meta name=\"twitter:card\" content=\"summary_large_image\" \/>\n<meta name=\"twitter:label1\" content=\"Gesch\u00e4tzte Lesezeit\" \/>\n\t<meta name=\"twitter:data1\" content=\"1\u00a0Minute\" \/>\n<script type=\"application\/ld+json\" class=\"yoast-schema-graph\">{\"@context\":\"https:\\\/\\\/schema.org\",\"@graph\":[{\"@type\":\"WebPage\",\"@id\":\"https:\\\/\\\/www.mon-cintre.com\\\/de\\\/produit\\\/kleiderbugel-hemd-nussbaum-matt-43\\\/\",\"url\":\"https:\\\/\\\/www.mon-cintre.com\\\/de\\\/produit\\\/kleiderbugel-hemd-nussbaum-matt-43\\\/\",\"name\":\"10 Kleiderb\u00fcgel f\u00fcr Hemd - Nussbaum matt (Breite 43 cm-Schulter 2,5 cm) - Mon Cintre\",\"isPartOf\":{\"@id\":\"https:\\\/\\\/www.mon-cintre.com\\\/de\\\/#website\"},\"primaryImageOfPage\":{\"@id\":\"https:\\\/\\\/www.mon-cintre.com\\\/de\\\/produit\\\/kleiderbugel-hemd-nussbaum-matt-43\\\/#primaryimage\"},\"image\":{\"@id\":\"https:\\\/\\\/www.mon-cintre.com\\\/de\\\/produit\\\/kleiderbugel-hemd-nussbaum-matt-43\\\/#primaryimage\"},\"thumbnailUrl\":\"https:\\\/\\\/www.mon-cintre.com\\\/wp-content\\\/uploads\\\/2018\\\/08\\\/cintres-luxe-chemise-COL4325FLO-WN.jpg\",\"datePublished\":\"2018-08-27T13:37:44+00:00\",\"dateModified\":\"2026-02-11T14:24:23+00:00\",\"description\":\"Luxuri\u00f6se Kleiderb\u00fcgel aus Holz f\u00fcr Hemden mit Hohlhals. Diese 10 Kleiderb\u00fcgel aus Eschenholz mit beflocktem Antirutsch an den Schultern sind f\u00fcr Ihre Garderobe gemacht.\",\"breadcrumb\":{\"@id\":\"https:\\\/\\\/www.mon-cintre.com\\\/de\\\/produit\\\/kleiderbugel-hemd-nussbaum-matt-43\\\/#breadcrumb\"},\"inLanguage\":\"de\",\"potentialAction\":[{\"@type\":\"ReadAction\",\"target\":[\"https:\\\/\\\/www.mon-cintre.com\\\/de\\\/produit\\\/kleiderbugel-hemd-nussbaum-matt-43\\\/\"]}]},{\"@type\":\"ImageObject\",\"inLanguage\":\"de\",\"@id\":\"https:\\\/\\\/www.mon-cintre.com\\\/de\\\/produit\\\/kleiderbugel-hemd-nussbaum-matt-43\\\/#primaryimage\",\"url\":\"https:\\\/\\\/www.mon-cintre.com\\\/wp-content\\\/uploads\\\/2018\\\/08\\\/cintres-luxe-chemise-COL4325FLO-WN.jpg\",\"contentUrl\":\"https:\\\/\\\/www.mon-cintre.com\\\/wp-content\\\/uploads\\\/2018\\\/08\\\/cintres-luxe-chemise-COL4325FLO-WN.jpg\",\"width\":2000,\"height\":2000,\"caption\":\"10 Kleiderb\u00fcgel f\u00fcr Hemden, rutschfester Samt, Luxus-Aschenb\u00fcgel\"},{\"@type\":\"BreadcrumbList\",\"@id\":\"https:\\\/\\\/www.mon-cintre.com\\\/de\\\/produit\\\/kleiderbugel-hemd-nussbaum-matt-43\\\/#breadcrumb\",\"itemListElement\":[{\"@type\":\"ListItem\",\"position\":1,\"name\":\"Accueil\",\"item\":\"https:\\\/\\\/www.mon-cintre.com\\\/de\\\/\"},{\"@type\":\"ListItem\",\"position\":2,\"name\":\"Shop\",\"item\":\"https:\\\/\\\/www.mon-cintre.com\\\/de\\\/shop\\\/\"},{\"@type\":\"ListItem\",\"position\":3,\"name\":\"10 Kleiderb\u00fcgel f\u00fcr Hemd &#8211; Nussbaum matt (Breite 43 cm-Schulter 2,5 cm)\"}]},{\"@type\":\"WebSite\",\"@id\":\"https:\\\/\\\/www.mon-cintre.com\\\/de\\\/#website\",\"url\":\"https:\\\/\\\/www.mon-cintre.com\\\/de\\\/\",\"name\":\"Mon Cintre\",\"description\":\"Cintres et accessoires de dressing\",\"publisher\":{\"@id\":\"https:\\\/\\\/www.mon-cintre.com\\\/de\\\/#organization\"},\"potentialAction\":[{\"@type\":\"SearchAction\",\"target\":{\"@type\":\"EntryPoint\",\"urlTemplate\":\"https:\\\/\\\/www.mon-cintre.com\\\/de\\\/?s={search_term_string}\"},\"query-input\":{\"@type\":\"PropertyValueSpecification\",\"valueRequired\":true,\"valueName\":\"search_term_string\"}}],\"inLanguage\":\"de\"},{\"@type\":\"Organization\",\"@id\":\"https:\\\/\\\/www.mon-cintre.com\\\/de\\\/#organization\",\"name\":\"Mon Cintre\",\"url\":\"https:\\\/\\\/www.mon-cintre.com\\\/de\\\/\",\"logo\":{\"@type\":\"ImageObject\",\"inLanguage\":\"de\",\"@id\":\"https:\\\/\\\/www.mon-cintre.com\\\/de\\\/#\\\/schema\\\/logo\\\/image\\\/\",\"url\":\"https:\\\/\\\/www.mon-cintre.com\\\/wp-content\\\/uploads\\\/2022\\\/12\\\/logo-blanc.png\",\"contentUrl\":\"https:\\\/\\\/www.mon-cintre.com\\\/wp-content\\\/uploads\\\/2022\\\/12\\\/logo-blanc.png\",\"width\":345,\"height\":205,\"caption\":\"Mon Cintre\"},\"image\":{\"@id\":\"https:\\\/\\\/www.mon-cintre.com\\\/de\\\/#\\\/schema\\\/logo\\\/image\\\/\"}}]}<\/script>\n<!-- \/ Yoast SEO plugin. -->","yoast_head_json":{"title":"10 Kleiderb\u00fcgel f\u00fcr Hemd - Nussbaum matt (Breite 43 cm-Schulter 2,5 cm) - Mon Cintre","description":"Luxuri\u00f6se Kleiderb\u00fcgel aus Holz f\u00fcr Hemden mit Hohlhals. Diese 10 Kleiderb\u00fcgel aus Eschenholz mit beflocktem Antirutsch an den Schultern sind f\u00fcr Ihre Garderobe gemacht.","robots":{"index":"index","follow":"follow","max-snippet":"max-snippet:-1","max-image-preview":"max-image-preview:large","max-video-preview":"max-video-preview:-1"},"canonical":"https:\/\/www.mon-cintre.com\/de\/produit\/kleiderbugel-hemd-nussbaum-matt-43\/","og_locale":"de_DE","og_type":"article","og_title":"10 Kleiderb\u00fcgel f\u00fcr Hemd - Nussbaum matt (Breite 43 cm-Schulter 2,5 cm) - Mon Cintre","og_description":"Luxuri\u00f6se Kleiderb\u00fcgel aus Holz f\u00fcr Hemden mit Hohlhals. Diese 10 Kleiderb\u00fcgel aus Eschenholz mit beflocktem Antirutsch an den Schultern sind f\u00fcr Ihre Garderobe gemacht.","og_url":"https:\/\/www.mon-cintre.com\/de\/produit\/kleiderbugel-hemd-nussbaum-matt-43\/","og_site_name":"Mon Cintre","article_modified_time":"2026-02-11T14:24:23+00:00","og_image":[{"width":2000,"height":2000,"url":"https:\/\/www.mon-cintre.com\/wp-content\/uploads\/2018\/08\/cintres-luxe-chemise-COL4325FLO-WN.jpg","type":"image\/jpeg"}],"twitter_card":"summary_large_image","twitter_misc":{"Gesch\u00e4tzte Lesezeit":"1\u00a0Minute"},"schema":{"@context":"https:\/\/schema.org","@graph":[{"@type":"WebPage","@id":"https:\/\/www.mon-cintre.com\/de\/produit\/kleiderbugel-hemd-nussbaum-matt-43\/","url":"https:\/\/www.mon-cintre.com\/de\/produit\/kleiderbugel-hemd-nussbaum-matt-43\/","name":"10 Kleiderb\u00fcgel f\u00fcr Hemd - Nussbaum matt (Breite 43 cm-Schulter 2,5 cm) - Mon Cintre","isPartOf":{"@id":"https:\/\/www.mon-cintre.com\/de\/#website"},"primaryImageOfPage":{"@id":"https:\/\/www.mon-cintre.com\/de\/produit\/kleiderbugel-hemd-nussbaum-matt-43\/#primaryimage"},"image":{"@id":"https:\/\/www.mon-cintre.com\/de\/produit\/kleiderbugel-hemd-nussbaum-matt-43\/#primaryimage"},"thumbnailUrl":"https:\/\/www.mon-cintre.com\/wp-content\/uploads\/2018\/08\/cintres-luxe-chemise-COL4325FLO-WN.jpg","datePublished":"2018-08-27T13:37:44+00:00","dateModified":"2026-02-11T14:24:23+00:00","description":"Luxuri\u00f6se Kleiderb\u00fcgel aus Holz f\u00fcr Hemden mit Hohlhals. Diese 10 Kleiderb\u00fcgel aus Eschenholz mit beflocktem Antirutsch an den Schultern sind f\u00fcr Ihre Garderobe gemacht.","breadcrumb":{"@id":"https:\/\/www.mon-cintre.com\/de\/produit\/kleiderbugel-hemd-nussbaum-matt-43\/#breadcrumb"},"inLanguage":"de","potentialAction":[{"@type":"ReadAction","target":["https:\/\/www.mon-cintre.com\/de\/produit\/kleiderbugel-hemd-nussbaum-matt-43\/"]}]},{"@type":"ImageObject","inLanguage":"de","@id":"https:\/\/www.mon-cintre.com\/de\/produit\/kleiderbugel-hemd-nussbaum-matt-43\/#primaryimage","url":"https:\/\/www.mon-cintre.com\/wp-content\/uploads\/2018\/08\/cintres-luxe-chemise-COL4325FLO-WN.jpg","contentUrl":"https:\/\/www.mon-cintre.com\/wp-content\/uploads\/2018\/08\/cintres-luxe-chemise-COL4325FLO-WN.jpg","width":2000,"height":2000,"caption":"10 Kleiderb\u00fcgel f\u00fcr Hemden, rutschfester Samt, Luxus-Aschenb\u00fcgel"},{"@type":"BreadcrumbList","@id":"https:\/\/www.mon-cintre.com\/de\/produit\/kleiderbugel-hemd-nussbaum-matt-43\/#breadcrumb","itemListElement":[{"@type":"ListItem","position":1,"name":"Accueil","item":"https:\/\/www.mon-cintre.com\/de\/"},{"@type":"ListItem","position":2,"name":"Shop","item":"https:\/\/www.mon-cintre.com\/de\/shop\/"},{"@type":"ListItem","position":3,"name":"10 Kleiderb\u00fcgel f\u00fcr Hemd &#8211; Nussbaum matt (Breite 43 cm-Schulter 2,5 cm)"}]},{"@type":"WebSite","@id":"https:\/\/www.mon-cintre.com\/de\/#website","url":"https:\/\/www.mon-cintre.com\/de\/","name":"Mon Cintre","description":"Cintres et accessoires de dressing","publisher":{"@id":"https:\/\/www.mon-cintre.com\/de\/#organization"},"potentialAction":[{"@type":"SearchAction","target":{"@type":"EntryPoint","urlTemplate":"https:\/\/www.mon-cintre.com\/de\/?s={search_term_string}"},"query-input":{"@type":"PropertyValueSpecification","valueRequired":true,"valueName":"search_term_string"}}],"inLanguage":"de"},{"@type":"Organization","@id":"https:\/\/www.mon-cintre.com\/de\/#organization","name":"Mon Cintre","url":"https:\/\/www.mon-cintre.com\/de\/","logo":{"@type":"ImageObject","inLanguage":"de","@id":"https:\/\/www.mon-cintre.com\/de\/#\/schema\/logo\/image\/","url":"https:\/\/www.mon-cintre.com\/wp-content\/uploads\/2022\/12\/logo-blanc.png","contentUrl":"https:\/\/www.mon-cintre.com\/wp-content\/uploads\/2022\/12\/logo-blanc.png","width":345,"height":205,"caption":"Mon Cintre"},"image":{"@id":"https:\/\/www.mon-cintre.com\/de\/#\/schema\/logo\/image\/"}}]}},"_links":{"self":[{"href":"https:\/\/www.mon-cintre.com\/de\/wp-json\/wp\/v2\/product\/11494","targetHints":{"allow":["GET"]}}],"collection":[{"href":"https:\/\/www.mon-cintre.com\/de\/wp-json\/wp\/v2\/product"}],"about":[{"href":"https:\/\/www.mon-cintre.com\/de\/wp-json\/wp\/v2\/types\/product"}],"replies":[{"embeddable":true,"href":"https:\/\/www.mon-cintre.com\/de\/wp-json\/wp\/v2\/comments?post=11494"}],"wp:featuredmedia":[{"embeddable":true,"href":"https:\/\/www.mon-cintre.com\/de\/wp-json\/wp\/v2\/media\/29040"}],"wp:attachment":[{"href":"https:\/\/www.mon-cintre.com\/de\/wp-json\/wp\/v2\/media?parent=11494"}],"wp:term":[{"taxonomy":"product_brand","embeddable":true,"href":"https:\/\/www.mon-cintre.com\/de\/wp-json\/wp\/v2\/product_brand?post=11494"},{"taxonomy":"product_cat","embeddable":true,"href":"https:\/\/www.mon-cintre.com\/de\/wp-json\/wp\/v2\/product_cat?post=11494"},{"taxonomy":"product_tag","embeddable":true,"href":"https:\/\/www.mon-cintre.com\/de\/wp-json\/wp\/v2\/product_tag?post=11494"}],"curies":[{"name":"wp","href":"https:\/\/api.w.org\/{rel}","templated":true}]}}