

{"id":11757,"date":"2018-08-23T15:31:03","date_gmt":"2018-08-23T13:31:03","guid":{"rendered":"https:\/\/www.mon-cintre.com\/produit\/kleiderbugel-bluse-clips-weis-gebeizt-38\/"},"modified":"2026-04-01T17:00:30","modified_gmt":"2026-04-01T15:00:30","slug":"kleiderbugel-bluse-clips-weis-gebeizt-38","status":"publish","type":"product","link":"https:\/\/www.mon-cintre.com\/de\/produit\/kleiderbugel-bluse-clips-weis-gebeizt-38\/","title":{"rendered":"10 Kleiderb\u00fcgel f\u00fcr Bluse mit Clips &#8211; Farbe wei\u00df gebeizt (Breite 38 cm-Schulter 2,5 cm)"},"content":{"rendered":"<ul>\n<li>10 Kleiderb\u00fcgel f\u00fcr Blusen, R\u00f6cke und Hosen aus Holz<\/li>\n<li>Essenz aus gebeizter, wei\u00df gebeizter Asche<\/li>\n<li>Haken und Zange nickel matt<\/li>\n<li>360\u00ba drehbarer Haken<\/li>\n<li>Professionelle Zangen, die keine Spuren hinterlassen und f\u00fcr eine perfekte Passform sorgen<\/li>\n<li>Mobile Greifer \u00fcber die gesamte L\u00e4nge der Stange mit Schutz gegen Kratzer<\/li>\n<li>Breite 38 cm<\/li>\n<li>Schulterbreite 2,5 cm<\/li>\n<li>Hakendurchmesser 5 mm, H\u00f6he 8,5 cm<\/li>\n<li>Zange: 5 x 1,7 cm<\/li>\n<li>Schachtel mit 10 Kleiderb\u00fcgeln<\/li>\n<li>Ideal f\u00fcr Blusen, Kleider, Tops, R\u00f6cke und Hosen<\/li>\n<li>Pflege: Mit einem weichen, trockenen Tuch abstauben<\/li>\n<li>Wichtige Informationen zu unseren Kleiderb\u00fcgeln aus Holz: Holz ist ein Naturmaterial und unsere Bretter stammen direkt von B\u00e4umen. Jedes St\u00fcck Holz kann Variationen in Farbe, Maserung und Knoten aufweisen, die f\u00fcr den urspr\u00fcnglichen Baum und den verwendeten Teil des Baumes spezifisch sind. Diese Eigenschaften verleihen dem Holz Charme, ohne die Qualit\u00e4t oder Haltbarkeit unserer Kleiderb\u00fcgel zu beeintr\u00e4chtigen. Holz ist lebendig und kann auf Ver\u00e4nderungen der Luftfeuchtigkeit reagieren. Unsere Kleiderb\u00fcgel werden teilweise auch von Hand geformt. Diese handwerkliche Herstellung macht jeden Kleiderb\u00fcgel einzigartig und es k\u00f6nnen sehr leichte Unterschiede zwischen ihnen auftreten.<\/li>\n<\/ul>\n<p>Aus der Mademoiselle-Kollektion wird die Rivage-Kollektion, die weiterhin sanfte Farben aufweist und nun in 9 Modellen f\u00fcr alle Outfits im Kleiderschrank von Damen und Herren erh\u00e4ltlich ist.<\/p>\n<p>Lieferung in wei\u00dfer Geschenkbox mit Logo. Jeder Kleiderb\u00fcgel ist einzeln in eine Schutzh\u00fclle eingewickelt.<\/p>\n<p><img loading=\"lazy\" decoding=\"async\" class=\"alignnone size-medium wp-image-10820\" src=\"https:\/\/www.mon-cintre.com\/wp-content\/uploads\/2019\/02\/boite-cadeau-300x300.jpg\" alt=\"Boite cadeau Mon cintre\" width=\"300\" height=\"300\" srcset=\"https:\/\/www.mon-cintre.com\/wp-content\/uploads\/2019\/02\/boite-cadeau-300x300.jpg 300w, https:\/\/www.mon-cintre.com\/wp-content\/uploads\/2019\/02\/boite-cadeau-150x150.jpg 150w, https:\/\/www.mon-cintre.com\/wp-content\/uploads\/2019\/02\/boite-cadeau-100x100.jpg 100w, https:\/\/www.mon-cintre.com\/wp-content\/uploads\/2019\/02\/boite-cadeau.jpg 500w\" sizes=\"auto, (max-width: 300px) 100vw, 300px\" \/><\/p>\n<p>1 Meter Kleiderschrank = 30 Kleiderb\u00fcgel<br \/>\n<img loading=\"lazy\" decoding=\"async\" class=\"alignnone size-full wp-image-153\" src=\"https:\/\/www.mon-cintre.com\/DEV\/wp-content\/uploads\/2018\/08\/30cintres.png\" alt=\"\" width=\"190\" height=\"19\" \/><\/p>\n<p>* Unverbindliche Fotos.<br \/>\nBeachten Sie, dass sich die Farben von Bildschirm zu Bildschirm \u00e4ndern, sodass es trotz der Sorgfalt bei der Qualit\u00e4t unserer Fotos zu Abweichungen zwischen Bildschirm und Realit\u00e4t kommen kann.<\/p>\n","protected":false},"excerpt":{"rendered":"<p><strong><span style=\"color: red;\">Keine Kartons auf Lager, wieder verf\u00fcgbar ab September 2026<\/span><\/strong><\/p>\n<ul>\n<li>10 Kleiderb\u00fcgel f\u00fcr Blusen, R\u00f6cke und Hosen<\/li>\n<li>Wei\u00dfe Farbe gebeizt<\/li>\n<li>Breite 38 cm<\/li>\n<li>Schulterbreite 2,5 cm<\/li>\n<li>Professionelle mobile Pinzetten, die nicht markieren<\/li>\n<li>Schachtel mit 10 Kleiderb\u00fcgeln<\/li>\n<li>Handgemacht (<span style=\"text-decoration: underline;\"><a href=\"https:\/\/www.mon-cintre.com\/de\/handgemacht\/\">mehr lesen<\/a><\/span>)<\/li>\n<\/ul>\n","protected":false},"featured_media":27861,"comment_status":"open","ping_status":"closed","template":"","meta":{"inline_featured_image":false},"product_brand":[],"product_cat":[575,314,635,298,614,308,310,602,630,569,549,312],"product_tag":[],"class_list":{"0":"post-11757","1":"product","2":"type-product","3":"status-publish","4":"has-post-thumbnail","6":"product_cat-arten-kleiderbuegeln-de","7":"product_cat-bluse-kleiderbugel","8":"product_cat-gebogene-kleiderbuegel","9":"product_cat-holzbugel","10":"product_cat-kleiderbuegel-grosse-38","11":"product_cat-kleiderbugel-fur-frauen","12":"product_cat-kleiderbugel-fur-rocke-und-hosen","13":"product_cat-kleiderbugel-clips","14":"product_cat-kleiderbuegel-groesse","15":"product_cat-kleiderbuegelfarben","16":"product_cat-kleiderbuegel","17":"product_cat-mademoiselle-kollektion","19":"first","20":"outofstock","21":"taxable","22":"shipping-taxable","23":"purchasable","24":"product-type-simple"},"yoast_head":"<!-- This site is optimized with the Yoast SEO plugin v27.4 - https:\/\/yoast.com\/product\/yoast-seo-wordpress\/ -->\n<title>10 Kleiderb\u00fcgel f\u00fcr Bluse mit Clips - Farbe wei\u00df gebeizt (Breite 38 cm-Schulter 2,5 cm) - Mon Cintre<\/title>\n<meta name=\"description\" content=\"W\u00e4hlen Sie in dieser Kleiderb\u00fcgelkollektion f\u00fcr die Damengarderobe mit zarten Wei\u00dft\u00f6nen diese Blusen-Kleiderb\u00fcgel mit einer Zange\" \/>\n<meta name=\"robots\" content=\"index, follow, max-snippet:-1, max-image-preview:large, max-video-preview:-1\" \/>\n<link rel=\"canonical\" href=\"https:\/\/www.mon-cintre.com\/de\/produit\/kleiderbugel-bluse-clips-weis-gebeizt-38\/\" \/>\n<meta property=\"og:locale\" content=\"de_DE\" \/>\n<meta property=\"og:type\" content=\"article\" \/>\n<meta property=\"og:title\" content=\"10 Kleiderb\u00fcgel f\u00fcr Bluse mit Clips - Farbe wei\u00df gebeizt (Breite 38 cm-Schulter 2,5 cm) - Mon Cintre\" \/>\n<meta property=\"og:description\" content=\"W\u00e4hlen Sie in dieser Kleiderb\u00fcgelkollektion f\u00fcr die Damengarderobe mit zarten Wei\u00dft\u00f6nen diese Blusen-Kleiderb\u00fcgel mit einer Zange\" \/>\n<meta property=\"og:url\" content=\"https:\/\/www.mon-cintre.com\/de\/produit\/kleiderbugel-bluse-clips-weis-gebeizt-38\/\" \/>\n<meta property=\"og:site_name\" content=\"Mon Cintre\" \/>\n<meta property=\"article:modified_time\" content=\"2026-04-01T15:00:30+00:00\" \/>\n<meta property=\"og:image\" content=\"https:\/\/www.mon-cintre.com\/wp-content\/uploads\/2018\/08\/cintres-chemisier-pinces-1.jpg\" \/>\n\t<meta property=\"og:image:width\" content=\"1800\" \/>\n\t<meta property=\"og:image:height\" content=\"1800\" \/>\n\t<meta property=\"og:image:type\" content=\"image\/jpeg\" \/>\n<meta name=\"twitter:card\" content=\"summary_large_image\" \/>\n<meta name=\"twitter:label1\" content=\"Gesch\u00e4tzte Lesezeit\" \/>\n\t<meta name=\"twitter:data1\" content=\"1\u00a0Minute\" \/>\n<script type=\"application\/ld+json\" class=\"yoast-schema-graph\">{\"@context\":\"https:\\\/\\\/schema.org\",\"@graph\":[{\"@type\":\"WebPage\",\"@id\":\"https:\\\/\\\/www.mon-cintre.com\\\/de\\\/produit\\\/kleiderbugel-bluse-clips-weis-gebeizt-38\\\/\",\"url\":\"https:\\\/\\\/www.mon-cintre.com\\\/de\\\/produit\\\/kleiderbugel-bluse-clips-weis-gebeizt-38\\\/\",\"name\":\"10 Kleiderb\u00fcgel f\u00fcr Bluse mit Clips - Farbe wei\u00df gebeizt (Breite 38 cm-Schulter 2,5 cm) - Mon Cintre\",\"isPartOf\":{\"@id\":\"https:\\\/\\\/www.mon-cintre.com\\\/de\\\/#website\"},\"primaryImageOfPage\":{\"@id\":\"https:\\\/\\\/www.mon-cintre.com\\\/de\\\/produit\\\/kleiderbugel-bluse-clips-weis-gebeizt-38\\\/#primaryimage\"},\"image\":{\"@id\":\"https:\\\/\\\/www.mon-cintre.com\\\/de\\\/produit\\\/kleiderbugel-bluse-clips-weis-gebeizt-38\\\/#primaryimage\"},\"thumbnailUrl\":\"https:\\\/\\\/www.mon-cintre.com\\\/wp-content\\\/uploads\\\/2018\\\/08\\\/cintres-chemisier-pinces-1.jpg\",\"datePublished\":\"2018-08-23T13:31:03+00:00\",\"dateModified\":\"2026-04-01T15:00:30+00:00\",\"description\":\"W\u00e4hlen Sie in dieser Kleiderb\u00fcgelkollektion f\u00fcr die Damengarderobe mit zarten Wei\u00dft\u00f6nen diese Blusen-Kleiderb\u00fcgel mit einer Zange\",\"breadcrumb\":{\"@id\":\"https:\\\/\\\/www.mon-cintre.com\\\/de\\\/produit\\\/kleiderbugel-bluse-clips-weis-gebeizt-38\\\/#breadcrumb\"},\"inLanguage\":\"de\",\"potentialAction\":[{\"@type\":\"ReadAction\",\"target\":[\"https:\\\/\\\/www.mon-cintre.com\\\/de\\\/produit\\\/kleiderbugel-bluse-clips-weis-gebeizt-38\\\/\"]}]},{\"@type\":\"ImageObject\",\"inLanguage\":\"de\",\"@id\":\"https:\\\/\\\/www.mon-cintre.com\\\/de\\\/produit\\\/kleiderbugel-bluse-clips-weis-gebeizt-38\\\/#primaryimage\",\"url\":\"https:\\\/\\\/www.mon-cintre.com\\\/wp-content\\\/uploads\\\/2018\\\/08\\\/cintres-chemisier-pinces-1.jpg\",\"contentUrl\":\"https:\\\/\\\/www.mon-cintre.com\\\/wp-content\\\/uploads\\\/2018\\\/08\\\/cintres-chemisier-pinces-1.jpg\",\"width\":1800,\"height\":1800,\"caption\":\"10 cintres en bois avec pinces pour chemisiers, robe et jupe - coloris blanc lasur\u00e9\"},{\"@type\":\"BreadcrumbList\",\"@id\":\"https:\\\/\\\/www.mon-cintre.com\\\/de\\\/produit\\\/kleiderbugel-bluse-clips-weis-gebeizt-38\\\/#breadcrumb\",\"itemListElement\":[{\"@type\":\"ListItem\",\"position\":1,\"name\":\"Accueil\",\"item\":\"https:\\\/\\\/www.mon-cintre.com\\\/de\\\/\"},{\"@type\":\"ListItem\",\"position\":2,\"name\":\"Shop\",\"item\":\"https:\\\/\\\/www.mon-cintre.com\\\/de\\\/shop\\\/\"},{\"@type\":\"ListItem\",\"position\":3,\"name\":\"10 Kleiderb\u00fcgel f\u00fcr Bluse mit Clips &#8211; Farbe wei\u00df gebeizt (Breite 38 cm-Schulter 2,5 cm)\"}]},{\"@type\":\"WebSite\",\"@id\":\"https:\\\/\\\/www.mon-cintre.com\\\/de\\\/#website\",\"url\":\"https:\\\/\\\/www.mon-cintre.com\\\/de\\\/\",\"name\":\"Mon Cintre\",\"description\":\"Cintres et accessoires de dressing\",\"publisher\":{\"@id\":\"https:\\\/\\\/www.mon-cintre.com\\\/de\\\/#organization\"},\"potentialAction\":[{\"@type\":\"SearchAction\",\"target\":{\"@type\":\"EntryPoint\",\"urlTemplate\":\"https:\\\/\\\/www.mon-cintre.com\\\/de\\\/?s={search_term_string}\"},\"query-input\":{\"@type\":\"PropertyValueSpecification\",\"valueRequired\":true,\"valueName\":\"search_term_string\"}}],\"inLanguage\":\"de\"},{\"@type\":\"Organization\",\"@id\":\"https:\\\/\\\/www.mon-cintre.com\\\/de\\\/#organization\",\"name\":\"Mon Cintre\",\"url\":\"https:\\\/\\\/www.mon-cintre.com\\\/de\\\/\",\"logo\":{\"@type\":\"ImageObject\",\"inLanguage\":\"de\",\"@id\":\"https:\\\/\\\/www.mon-cintre.com\\\/de\\\/#\\\/schema\\\/logo\\\/image\\\/\",\"url\":\"https:\\\/\\\/www.mon-cintre.com\\\/wp-content\\\/uploads\\\/2022\\\/12\\\/logo-blanc.png\",\"contentUrl\":\"https:\\\/\\\/www.mon-cintre.com\\\/wp-content\\\/uploads\\\/2022\\\/12\\\/logo-blanc.png\",\"width\":345,\"height\":205,\"caption\":\"Mon Cintre\"},\"image\":{\"@id\":\"https:\\\/\\\/www.mon-cintre.com\\\/de\\\/#\\\/schema\\\/logo\\\/image\\\/\"}}]}<\/script>\n<!-- \/ Yoast SEO plugin. -->","yoast_head_json":{"title":"10 Kleiderb\u00fcgel f\u00fcr Bluse mit Clips - Farbe wei\u00df gebeizt (Breite 38 cm-Schulter 2,5 cm) - Mon Cintre","description":"W\u00e4hlen Sie in dieser Kleiderb\u00fcgelkollektion f\u00fcr die Damengarderobe mit zarten Wei\u00dft\u00f6nen diese Blusen-Kleiderb\u00fcgel mit einer Zange","robots":{"index":"index","follow":"follow","max-snippet":"max-snippet:-1","max-image-preview":"max-image-preview:large","max-video-preview":"max-video-preview:-1"},"canonical":"https:\/\/www.mon-cintre.com\/de\/produit\/kleiderbugel-bluse-clips-weis-gebeizt-38\/","og_locale":"de_DE","og_type":"article","og_title":"10 Kleiderb\u00fcgel f\u00fcr Bluse mit Clips - Farbe wei\u00df gebeizt (Breite 38 cm-Schulter 2,5 cm) - Mon Cintre","og_description":"W\u00e4hlen Sie in dieser Kleiderb\u00fcgelkollektion f\u00fcr die Damengarderobe mit zarten Wei\u00dft\u00f6nen diese Blusen-Kleiderb\u00fcgel mit einer Zange","og_url":"https:\/\/www.mon-cintre.com\/de\/produit\/kleiderbugel-bluse-clips-weis-gebeizt-38\/","og_site_name":"Mon Cintre","article_modified_time":"2026-04-01T15:00:30+00:00","og_image":[{"width":1800,"height":1800,"url":"https:\/\/www.mon-cintre.com\/wp-content\/uploads\/2018\/08\/cintres-chemisier-pinces-1.jpg","type":"image\/jpeg"}],"twitter_card":"summary_large_image","twitter_misc":{"Gesch\u00e4tzte Lesezeit":"1\u00a0Minute"},"schema":{"@context":"https:\/\/schema.org","@graph":[{"@type":"WebPage","@id":"https:\/\/www.mon-cintre.com\/de\/produit\/kleiderbugel-bluse-clips-weis-gebeizt-38\/","url":"https:\/\/www.mon-cintre.com\/de\/produit\/kleiderbugel-bluse-clips-weis-gebeizt-38\/","name":"10 Kleiderb\u00fcgel f\u00fcr Bluse mit Clips - Farbe wei\u00df gebeizt (Breite 38 cm-Schulter 2,5 cm) - Mon Cintre","isPartOf":{"@id":"https:\/\/www.mon-cintre.com\/de\/#website"},"primaryImageOfPage":{"@id":"https:\/\/www.mon-cintre.com\/de\/produit\/kleiderbugel-bluse-clips-weis-gebeizt-38\/#primaryimage"},"image":{"@id":"https:\/\/www.mon-cintre.com\/de\/produit\/kleiderbugel-bluse-clips-weis-gebeizt-38\/#primaryimage"},"thumbnailUrl":"https:\/\/www.mon-cintre.com\/wp-content\/uploads\/2018\/08\/cintres-chemisier-pinces-1.jpg","datePublished":"2018-08-23T13:31:03+00:00","dateModified":"2026-04-01T15:00:30+00:00","description":"W\u00e4hlen Sie in dieser Kleiderb\u00fcgelkollektion f\u00fcr die Damengarderobe mit zarten Wei\u00dft\u00f6nen diese Blusen-Kleiderb\u00fcgel mit einer Zange","breadcrumb":{"@id":"https:\/\/www.mon-cintre.com\/de\/produit\/kleiderbugel-bluse-clips-weis-gebeizt-38\/#breadcrumb"},"inLanguage":"de","potentialAction":[{"@type":"ReadAction","target":["https:\/\/www.mon-cintre.com\/de\/produit\/kleiderbugel-bluse-clips-weis-gebeizt-38\/"]}]},{"@type":"ImageObject","inLanguage":"de","@id":"https:\/\/www.mon-cintre.com\/de\/produit\/kleiderbugel-bluse-clips-weis-gebeizt-38\/#primaryimage","url":"https:\/\/www.mon-cintre.com\/wp-content\/uploads\/2018\/08\/cintres-chemisier-pinces-1.jpg","contentUrl":"https:\/\/www.mon-cintre.com\/wp-content\/uploads\/2018\/08\/cintres-chemisier-pinces-1.jpg","width":1800,"height":1800,"caption":"10 cintres en bois avec pinces pour chemisiers, robe et jupe - coloris blanc lasur\u00e9"},{"@type":"BreadcrumbList","@id":"https:\/\/www.mon-cintre.com\/de\/produit\/kleiderbugel-bluse-clips-weis-gebeizt-38\/#breadcrumb","itemListElement":[{"@type":"ListItem","position":1,"name":"Accueil","item":"https:\/\/www.mon-cintre.com\/de\/"},{"@type":"ListItem","position":2,"name":"Shop","item":"https:\/\/www.mon-cintre.com\/de\/shop\/"},{"@type":"ListItem","position":3,"name":"10 Kleiderb\u00fcgel f\u00fcr Bluse mit Clips &#8211; Farbe wei\u00df gebeizt (Breite 38 cm-Schulter 2,5 cm)"}]},{"@type":"WebSite","@id":"https:\/\/www.mon-cintre.com\/de\/#website","url":"https:\/\/www.mon-cintre.com\/de\/","name":"Mon Cintre","description":"Cintres et accessoires de dressing","publisher":{"@id":"https:\/\/www.mon-cintre.com\/de\/#organization"},"potentialAction":[{"@type":"SearchAction","target":{"@type":"EntryPoint","urlTemplate":"https:\/\/www.mon-cintre.com\/de\/?s={search_term_string}"},"query-input":{"@type":"PropertyValueSpecification","valueRequired":true,"valueName":"search_term_string"}}],"inLanguage":"de"},{"@type":"Organization","@id":"https:\/\/www.mon-cintre.com\/de\/#organization","name":"Mon Cintre","url":"https:\/\/www.mon-cintre.com\/de\/","logo":{"@type":"ImageObject","inLanguage":"de","@id":"https:\/\/www.mon-cintre.com\/de\/#\/schema\/logo\/image\/","url":"https:\/\/www.mon-cintre.com\/wp-content\/uploads\/2022\/12\/logo-blanc.png","contentUrl":"https:\/\/www.mon-cintre.com\/wp-content\/uploads\/2022\/12\/logo-blanc.png","width":345,"height":205,"caption":"Mon Cintre"},"image":{"@id":"https:\/\/www.mon-cintre.com\/de\/#\/schema\/logo\/image\/"}}]}},"_links":{"self":[{"href":"https:\/\/www.mon-cintre.com\/de\/wp-json\/wp\/v2\/product\/11757","targetHints":{"allow":["GET"]}}],"collection":[{"href":"https:\/\/www.mon-cintre.com\/de\/wp-json\/wp\/v2\/product"}],"about":[{"href":"https:\/\/www.mon-cintre.com\/de\/wp-json\/wp\/v2\/types\/product"}],"replies":[{"embeddable":true,"href":"https:\/\/www.mon-cintre.com\/de\/wp-json\/wp\/v2\/comments?post=11757"}],"wp:featuredmedia":[{"embeddable":true,"href":"https:\/\/www.mon-cintre.com\/de\/wp-json\/wp\/v2\/media\/27861"}],"wp:attachment":[{"href":"https:\/\/www.mon-cintre.com\/de\/wp-json\/wp\/v2\/media?parent=11757"}],"wp:term":[{"taxonomy":"product_brand","embeddable":true,"href":"https:\/\/www.mon-cintre.com\/de\/wp-json\/wp\/v2\/product_brand?post=11757"},{"taxonomy":"product_cat","embeddable":true,"href":"https:\/\/www.mon-cintre.com\/de\/wp-json\/wp\/v2\/product_cat?post=11757"},{"taxonomy":"product_tag","embeddable":true,"href":"https:\/\/www.mon-cintre.com\/de\/wp-json\/wp\/v2\/product_tag?post=11757"}],"curies":[{"name":"wp","href":"https:\/\/api.w.org\/{rel}","templated":true}]}}