

{"id":19715,"date":"2020-06-03T11:06:58","date_gmt":"2020-06-03T09:06:58","guid":{"rendered":"https:\/\/www.mon-cintre.com\/?post_type=product&#038;p=19715"},"modified":"2026-01-23T13:14:56","modified_gmt":"2026-01-23T12:14:56","slug":"geschenk-fur-250-e-kaufpreis-aluminium-kleiderbugel-fur-schals-gurtel-cheches-und-accessoires","status":"publish","type":"product","link":"https:\/\/www.mon-cintre.com\/de\/produit\/geschenk-fur-250-e-kaufpreis-aluminium-kleiderbugel-fur-schals-gurtel-cheches-und-accessoires\/","title":{"rendered":"Geschenk f\u00fcr 250 \u20ac Kaufpreis &#8211; Aluminium Kleiderb\u00fcgel f\u00fcr Schals, G\u00fcrtel, Ch\u00e8ches und Accessoires"},"content":{"rendered":"","protected":false},"excerpt":{"rendered":"<p>&nbsp;<\/p>\n<ul>\n<li>Aluminium Kleiderb\u00fcgel f\u00fcr Schals, Ch\u00e8ches und Accessoires<\/li>\n<li>Matt silberne Farbe<\/li>\n<li>Abmessungen: 24 x 15 x 2 cm<\/li>\n<li>Ideal f\u00fcr Schals, T\u00fccher, G\u00fcrtel, Schals usw.<\/li>\n<\/ul>\n<p>&nbsp;<\/p>\n<p>ANGEBOT ab 250 \u20ac Kaufpreis<\/p>\n<p>&nbsp;<\/p>\n","protected":false},"featured_media":11071,"comment_status":"open","ping_status":"closed","template":"","meta":{"inline_featured_image":false},"product_brand":[],"product_cat":[],"product_tag":[],"class_list":{"0":"post-19715","1":"product","2":"type-product","3":"status-publish","4":"has-post-thumbnail","7":"first","8":"instock","9":"sold-individually","10":"taxable","11":"shipping-taxable","12":"purchasable","13":"product-type-dgfw_gift"},"yoast_head":"<!-- This site is optimized with the Yoast SEO plugin v27.5 - https:\/\/yoast.com\/product\/yoast-seo-wordpress\/ -->\n<title>Geschenk f\u00fcr 250 \u20ac Kaufpreis - Aluminium Kleiderb\u00fcgel f\u00fcr Schals, G\u00fcrtel, Ch\u00e8ches und Accessoires - Mon Cintre<\/title>\n<meta name=\"robots\" content=\"index, follow, max-snippet:-1, max-image-preview:large, max-video-preview:-1\" \/>\n<link rel=\"canonical\" href=\"https:\/\/www.mon-cintre.com\/de\/produit\/geschenk-fur-250-e-kaufpreis-aluminium-kleiderbugel-fur-schals-gurtel-cheches-und-accessoires\/\" \/>\n<meta property=\"og:locale\" content=\"de_DE\" \/>\n<meta property=\"og:type\" content=\"article\" \/>\n<meta property=\"og:title\" content=\"Geschenk f\u00fcr 250 \u20ac Kaufpreis - Aluminium Kleiderb\u00fcgel f\u00fcr Schals, G\u00fcrtel, Ch\u00e8ches und Accessoires - Mon Cintre\" \/>\n<meta property=\"og:description\" content=\"&nbsp;   Aluminium Kleiderb\u00fcgel f\u00fcr Schals, Ch\u00e8ches und Accessoires  Matt silberne Farbe  Abmessungen: 24 x 15 x 2 cm  Ideal f\u00fcr Schals, T\u00fccher, G\u00fcrtel, Schals usw.  &nbsp;  ANGEBOT ab 250 \u20ac Kaufpreis  &nbsp;\" \/>\n<meta property=\"og:url\" content=\"https:\/\/www.mon-cintre.com\/de\/produit\/geschenk-fur-250-e-kaufpreis-aluminium-kleiderbugel-fur-schals-gurtel-cheches-und-accessoires\/\" \/>\n<meta property=\"og:site_name\" content=\"Mon Cintre\" \/>\n<meta property=\"article:modified_time\" content=\"2026-01-23T12:14:56+00:00\" \/>\n<meta property=\"og:image\" content=\"https:\/\/www.mon-cintre.com\/wp-content\/uploads\/2018\/08\/cintre-alu-foulard2-1.jpg\" \/>\n\t<meta property=\"og:image:width\" content=\"1800\" \/>\n\t<meta property=\"og:image:height\" content=\"1800\" \/>\n\t<meta property=\"og:image:type\" content=\"image\/jpeg\" \/>\n<meta name=\"twitter:card\" content=\"summary_large_image\" \/>\n<script type=\"application\/ld+json\" class=\"yoast-schema-graph\">{\"@context\":\"https:\\\/\\\/schema.org\",\"@graph\":[{\"@type\":\"WebPage\",\"@id\":\"https:\\\/\\\/www.mon-cintre.com\\\/de\\\/produit\\\/geschenk-fur-250-e-kaufpreis-aluminium-kleiderbugel-fur-schals-gurtel-cheches-und-accessoires\\\/\",\"url\":\"https:\\\/\\\/www.mon-cintre.com\\\/de\\\/produit\\\/geschenk-fur-250-e-kaufpreis-aluminium-kleiderbugel-fur-schals-gurtel-cheches-und-accessoires\\\/\",\"name\":\"Geschenk f\u00fcr 250 \u20ac Kaufpreis - Aluminium Kleiderb\u00fcgel f\u00fcr Schals, G\u00fcrtel, Ch\u00e8ches und Accessoires - Mon Cintre\",\"isPartOf\":{\"@id\":\"https:\\\/\\\/www.mon-cintre.com\\\/de\\\/#website\"},\"primaryImageOfPage\":{\"@id\":\"https:\\\/\\\/www.mon-cintre.com\\\/de\\\/produit\\\/geschenk-fur-250-e-kaufpreis-aluminium-kleiderbugel-fur-schals-gurtel-cheches-und-accessoires\\\/#primaryimage\"},\"image\":{\"@id\":\"https:\\\/\\\/www.mon-cintre.com\\\/de\\\/produit\\\/geschenk-fur-250-e-kaufpreis-aluminium-kleiderbugel-fur-schals-gurtel-cheches-und-accessoires\\\/#primaryimage\"},\"thumbnailUrl\":\"https:\\\/\\\/www.mon-cintre.com\\\/wp-content\\\/uploads\\\/2018\\\/08\\\/cintre-alu-foulard2-1.jpg\",\"datePublished\":\"2020-06-03T09:06:58+00:00\",\"dateModified\":\"2026-01-23T12:14:56+00:00\",\"breadcrumb\":{\"@id\":\"https:\\\/\\\/www.mon-cintre.com\\\/de\\\/produit\\\/geschenk-fur-250-e-kaufpreis-aluminium-kleiderbugel-fur-schals-gurtel-cheches-und-accessoires\\\/#breadcrumb\"},\"inLanguage\":\"de\",\"potentialAction\":[{\"@type\":\"ReadAction\",\"target\":[\"https:\\\/\\\/www.mon-cintre.com\\\/de\\\/produit\\\/geschenk-fur-250-e-kaufpreis-aluminium-kleiderbugel-fur-schals-gurtel-cheches-und-accessoires\\\/\"]}]},{\"@type\":\"ImageObject\",\"inLanguage\":\"de\",\"@id\":\"https:\\\/\\\/www.mon-cintre.com\\\/de\\\/produit\\\/geschenk-fur-250-e-kaufpreis-aluminium-kleiderbugel-fur-schals-gurtel-cheches-und-accessoires\\\/#primaryimage\",\"url\":\"https:\\\/\\\/www.mon-cintre.com\\\/wp-content\\\/uploads\\\/2018\\\/08\\\/cintre-alu-foulard2-1.jpg\",\"contentUrl\":\"https:\\\/\\\/www.mon-cintre.com\\\/wp-content\\\/uploads\\\/2018\\\/08\\\/cintre-alu-foulard2-1.jpg\",\"width\":1800,\"height\":1800,\"caption\":\"5 multifunktionale Aluminiumb\u00fcgel zum Aufh\u00e4ngen von G\u00fcrteln, Schals, Schach usw.\"},{\"@type\":\"BreadcrumbList\",\"@id\":\"https:\\\/\\\/www.mon-cintre.com\\\/de\\\/produit\\\/geschenk-fur-250-e-kaufpreis-aluminium-kleiderbugel-fur-schals-gurtel-cheches-und-accessoires\\\/#breadcrumb\",\"itemListElement\":[{\"@type\":\"ListItem\",\"position\":1,\"name\":\"Accueil\",\"item\":\"https:\\\/\\\/www.mon-cintre.com\\\/de\\\/\"},{\"@type\":\"ListItem\",\"position\":2,\"name\":\"Shop\",\"item\":\"https:\\\/\\\/www.mon-cintre.com\\\/de\\\/shop\\\/\"},{\"@type\":\"ListItem\",\"position\":3,\"name\":\"Geschenk f\u00fcr 250 \u20ac Kaufpreis &#8211; Aluminium Kleiderb\u00fcgel f\u00fcr Schals, G\u00fcrtel, Ch\u00e8ches und Accessoires\"}]},{\"@type\":\"WebSite\",\"@id\":\"https:\\\/\\\/www.mon-cintre.com\\\/de\\\/#website\",\"url\":\"https:\\\/\\\/www.mon-cintre.com\\\/de\\\/\",\"name\":\"Mon Cintre\",\"description\":\"Cintres et accessoires de dressing\",\"publisher\":{\"@id\":\"https:\\\/\\\/www.mon-cintre.com\\\/de\\\/#organization\"},\"potentialAction\":[{\"@type\":\"SearchAction\",\"target\":{\"@type\":\"EntryPoint\",\"urlTemplate\":\"https:\\\/\\\/www.mon-cintre.com\\\/de\\\/?s={search_term_string}\"},\"query-input\":{\"@type\":\"PropertyValueSpecification\",\"valueRequired\":true,\"valueName\":\"search_term_string\"}}],\"inLanguage\":\"de\"},{\"@type\":\"Organization\",\"@id\":\"https:\\\/\\\/www.mon-cintre.com\\\/de\\\/#organization\",\"name\":\"Mon Cintre\",\"url\":\"https:\\\/\\\/www.mon-cintre.com\\\/de\\\/\",\"logo\":{\"@type\":\"ImageObject\",\"inLanguage\":\"de\",\"@id\":\"https:\\\/\\\/www.mon-cintre.com\\\/de\\\/#\\\/schema\\\/logo\\\/image\\\/\",\"url\":\"https:\\\/\\\/www.mon-cintre.com\\\/wp-content\\\/uploads\\\/2022\\\/12\\\/logo-blanc.png\",\"contentUrl\":\"https:\\\/\\\/www.mon-cintre.com\\\/wp-content\\\/uploads\\\/2022\\\/12\\\/logo-blanc.png\",\"width\":345,\"height\":205,\"caption\":\"Mon Cintre\"},\"image\":{\"@id\":\"https:\\\/\\\/www.mon-cintre.com\\\/de\\\/#\\\/schema\\\/logo\\\/image\\\/\"}}]}<\/script>\n<!-- \/ Yoast SEO plugin. -->","yoast_head_json":{"title":"Geschenk f\u00fcr 250 \u20ac Kaufpreis - Aluminium Kleiderb\u00fcgel f\u00fcr Schals, G\u00fcrtel, Ch\u00e8ches und Accessoires - Mon Cintre","robots":{"index":"index","follow":"follow","max-snippet":"max-snippet:-1","max-image-preview":"max-image-preview:large","max-video-preview":"max-video-preview:-1"},"canonical":"https:\/\/www.mon-cintre.com\/de\/produit\/geschenk-fur-250-e-kaufpreis-aluminium-kleiderbugel-fur-schals-gurtel-cheches-und-accessoires\/","og_locale":"de_DE","og_type":"article","og_title":"Geschenk f\u00fcr 250 \u20ac Kaufpreis - Aluminium Kleiderb\u00fcgel f\u00fcr Schals, G\u00fcrtel, Ch\u00e8ches und Accessoires - Mon Cintre","og_description":"&nbsp;   Aluminium Kleiderb\u00fcgel f\u00fcr Schals, Ch\u00e8ches und Accessoires  Matt silberne Farbe  Abmessungen: 24 x 15 x 2 cm  Ideal f\u00fcr Schals, T\u00fccher, G\u00fcrtel, Schals usw.  &nbsp;  ANGEBOT ab 250 \u20ac Kaufpreis  &nbsp;","og_url":"https:\/\/www.mon-cintre.com\/de\/produit\/geschenk-fur-250-e-kaufpreis-aluminium-kleiderbugel-fur-schals-gurtel-cheches-und-accessoires\/","og_site_name":"Mon Cintre","article_modified_time":"2026-01-23T12:14:56+00:00","og_image":[{"width":1800,"height":1800,"url":"https:\/\/www.mon-cintre.com\/wp-content\/uploads\/2018\/08\/cintre-alu-foulard2-1.jpg","type":"image\/jpeg"}],"twitter_card":"summary_large_image","schema":{"@context":"https:\/\/schema.org","@graph":[{"@type":"WebPage","@id":"https:\/\/www.mon-cintre.com\/de\/produit\/geschenk-fur-250-e-kaufpreis-aluminium-kleiderbugel-fur-schals-gurtel-cheches-und-accessoires\/","url":"https:\/\/www.mon-cintre.com\/de\/produit\/geschenk-fur-250-e-kaufpreis-aluminium-kleiderbugel-fur-schals-gurtel-cheches-und-accessoires\/","name":"Geschenk f\u00fcr 250 \u20ac Kaufpreis - Aluminium Kleiderb\u00fcgel f\u00fcr Schals, G\u00fcrtel, Ch\u00e8ches und Accessoires - Mon Cintre","isPartOf":{"@id":"https:\/\/www.mon-cintre.com\/de\/#website"},"primaryImageOfPage":{"@id":"https:\/\/www.mon-cintre.com\/de\/produit\/geschenk-fur-250-e-kaufpreis-aluminium-kleiderbugel-fur-schals-gurtel-cheches-und-accessoires\/#primaryimage"},"image":{"@id":"https:\/\/www.mon-cintre.com\/de\/produit\/geschenk-fur-250-e-kaufpreis-aluminium-kleiderbugel-fur-schals-gurtel-cheches-und-accessoires\/#primaryimage"},"thumbnailUrl":"https:\/\/www.mon-cintre.com\/wp-content\/uploads\/2018\/08\/cintre-alu-foulard2-1.jpg","datePublished":"2020-06-03T09:06:58+00:00","dateModified":"2026-01-23T12:14:56+00:00","breadcrumb":{"@id":"https:\/\/www.mon-cintre.com\/de\/produit\/geschenk-fur-250-e-kaufpreis-aluminium-kleiderbugel-fur-schals-gurtel-cheches-und-accessoires\/#breadcrumb"},"inLanguage":"de","potentialAction":[{"@type":"ReadAction","target":["https:\/\/www.mon-cintre.com\/de\/produit\/geschenk-fur-250-e-kaufpreis-aluminium-kleiderbugel-fur-schals-gurtel-cheches-und-accessoires\/"]}]},{"@type":"ImageObject","inLanguage":"de","@id":"https:\/\/www.mon-cintre.com\/de\/produit\/geschenk-fur-250-e-kaufpreis-aluminium-kleiderbugel-fur-schals-gurtel-cheches-und-accessoires\/#primaryimage","url":"https:\/\/www.mon-cintre.com\/wp-content\/uploads\/2018\/08\/cintre-alu-foulard2-1.jpg","contentUrl":"https:\/\/www.mon-cintre.com\/wp-content\/uploads\/2018\/08\/cintre-alu-foulard2-1.jpg","width":1800,"height":1800,"caption":"5 multifunktionale Aluminiumb\u00fcgel zum Aufh\u00e4ngen von G\u00fcrteln, Schals, Schach usw."},{"@type":"BreadcrumbList","@id":"https:\/\/www.mon-cintre.com\/de\/produit\/geschenk-fur-250-e-kaufpreis-aluminium-kleiderbugel-fur-schals-gurtel-cheches-und-accessoires\/#breadcrumb","itemListElement":[{"@type":"ListItem","position":1,"name":"Accueil","item":"https:\/\/www.mon-cintre.com\/de\/"},{"@type":"ListItem","position":2,"name":"Shop","item":"https:\/\/www.mon-cintre.com\/de\/shop\/"},{"@type":"ListItem","position":3,"name":"Geschenk f\u00fcr 250 \u20ac Kaufpreis &#8211; Aluminium Kleiderb\u00fcgel f\u00fcr Schals, G\u00fcrtel, Ch\u00e8ches und Accessoires"}]},{"@type":"WebSite","@id":"https:\/\/www.mon-cintre.com\/de\/#website","url":"https:\/\/www.mon-cintre.com\/de\/","name":"Mon Cintre","description":"Cintres et accessoires de dressing","publisher":{"@id":"https:\/\/www.mon-cintre.com\/de\/#organization"},"potentialAction":[{"@type":"SearchAction","target":{"@type":"EntryPoint","urlTemplate":"https:\/\/www.mon-cintre.com\/de\/?s={search_term_string}"},"query-input":{"@type":"PropertyValueSpecification","valueRequired":true,"valueName":"search_term_string"}}],"inLanguage":"de"},{"@type":"Organization","@id":"https:\/\/www.mon-cintre.com\/de\/#organization","name":"Mon Cintre","url":"https:\/\/www.mon-cintre.com\/de\/","logo":{"@type":"ImageObject","inLanguage":"de","@id":"https:\/\/www.mon-cintre.com\/de\/#\/schema\/logo\/image\/","url":"https:\/\/www.mon-cintre.com\/wp-content\/uploads\/2022\/12\/logo-blanc.png","contentUrl":"https:\/\/www.mon-cintre.com\/wp-content\/uploads\/2022\/12\/logo-blanc.png","width":345,"height":205,"caption":"Mon Cintre"},"image":{"@id":"https:\/\/www.mon-cintre.com\/de\/#\/schema\/logo\/image\/"}}]}},"_links":{"self":[{"href":"https:\/\/www.mon-cintre.com\/de\/wp-json\/wp\/v2\/product\/19715","targetHints":{"allow":["GET"]}}],"collection":[{"href":"https:\/\/www.mon-cintre.com\/de\/wp-json\/wp\/v2\/product"}],"about":[{"href":"https:\/\/www.mon-cintre.com\/de\/wp-json\/wp\/v2\/types\/product"}],"replies":[{"embeddable":true,"href":"https:\/\/www.mon-cintre.com\/de\/wp-json\/wp\/v2\/comments?post=19715"}],"wp:featuredmedia":[{"embeddable":true,"href":"https:\/\/www.mon-cintre.com\/de\/wp-json\/wp\/v2\/media\/11071"}],"wp:attachment":[{"href":"https:\/\/www.mon-cintre.com\/de\/wp-json\/wp\/v2\/media?parent=19715"}],"wp:term":[{"taxonomy":"product_brand","embeddable":true,"href":"https:\/\/www.mon-cintre.com\/de\/wp-json\/wp\/v2\/product_brand?post=19715"},{"taxonomy":"product_cat","embeddable":true,"href":"https:\/\/www.mon-cintre.com\/de\/wp-json\/wp\/v2\/product_cat?post=19715"},{"taxonomy":"product_tag","embeddable":true,"href":"https:\/\/www.mon-cintre.com\/de\/wp-json\/wp\/v2\/product_tag?post=19715"}],"curies":[{"name":"wp","href":"https:\/\/api.w.org\/{rel}","templated":true}]}}