

{"id":20122,"date":"2020-09-28T15:04:01","date_gmt":"2020-09-28T13:04:01","guid":{"rendered":"https:\/\/www.mon-cintre.com\/?post_type=product&#038;p=20122"},"modified":"2026-02-11T15:23:54","modified_gmt":"2026-02-11T14:23:54","slug":"15-kleiderbugel-hemd-schwarze-holz-43-cm","status":"publish","type":"product","link":"https:\/\/www.mon-cintre.com\/de\/produit\/15-kleiderbugel-hemd-schwarze-holz-43-cm\/","title":{"rendered":"15 Kleiderb\u00fcgel f\u00fcr Hemd &#8211; schwarze Farbe, geb\u00fcrstetes Holz (Breite 43 cm-Schulter 1,5 cm)"},"content":{"rendered":"<ul>\n<li>15 luxuri\u00f6se Kleiderb\u00fcgel f\u00fcr hemden, Polohemden und T-Shirts<\/li>\n<li>Schwarze Farbe, geb\u00fcrstetes Holz<\/li>\n<li>Hakenfarbe anthrazit matt<\/li>\n<li>360 \u00b0 drehbarer Haken<\/li>\n<li>Schwarz Samt Antislip auf den Schultern von professioneller Qualit\u00e4t, die nicht stopft<\/li>\n<li>Breite 43 cm<\/li>\n<li>Breite der Schulter 1,5 cm<\/li>\n<li>Hakendurchmesser 5 mm, H\u00f6he 8,5 cm<\/li>\n<li>Schachtel mit 15 Kleiderb\u00fcgeln<\/li>\n<li>Ideal f\u00fcr Hemden, Polos und T-Shirts<\/li>\n<li>Wartung: Staub mit einem weichen, trockenen Tuch<\/li>\n<li>Wichtige Informationen zu unseren Kleiderb\u00fcgeln aus Holz: Holz ist ein Naturmaterial und unsere Bretter stammen direkt von B\u00e4umen. Jedes St\u00fcck Holz kann Variationen in Farbe, Maserung und Knoten aufweisen, die f\u00fcr den urspr\u00fcnglichen Baum und den verwendeten Teil des Baumes spezifisch sind. Diese Eigenschaften verleihen dem Holz Charme, ohne die Qualit\u00e4t oder Haltbarkeit unserer Kleiderb\u00fcgel zu beeintr\u00e4chtigen. Holz ist lebendig und kann auf Ver\u00e4nderungen der Luftfeuchtigkeit reagieren. Unsere Kleiderb\u00fcgel werden teilweise auch von Hand geformt. Diese handwerkliche Herstellung macht jeden Kleiderb\u00fcgel einzigartig und es k\u00f6nnen sehr leichte Unterschiede zwischen ihnen auftreten.<\/li>\n<\/ul>\n<p>Die INTENSE-Kollektion wird sowohl M\u00e4nner als auch Frauen ansprechen. Das sch\u00f6ne schwarz geb\u00fcrstete Holz, das mit dem Laufgewehrhaken verbunden ist, wird Sie mit seiner Modernit\u00e4t \u00fcberraschen. Dieses Set von 13 Kleiderb\u00fcgelmodellen f\u00fcr alle Kleidungsst\u00fccke Ihrer Garderobe ist eine Erleichterung.<\/p>\n<p>Lieferung in wei\u00dfer Geschenkbox mit Logo. Jeder Kleiderb\u00fcgel ist einzeln in eine Schutzh\u00fclle eingewickelt.<\/p>\n<p><img loading=\"lazy\" decoding=\"async\" class=\"alignnone wp-image-10820 size-medium\" src=\"https:\/\/www.mon-cintre.com\/wp-content\/uploads\/2019\/02\/boite-cadeau-300x300.jpg\" alt=\"Boite cadeau Mon cintre\" width=\"300\" height=\"300\" srcset=\"https:\/\/www.mon-cintre.com\/wp-content\/uploads\/2019\/02\/boite-cadeau-300x300.jpg 300w, https:\/\/www.mon-cintre.com\/wp-content\/uploads\/2019\/02\/boite-cadeau-150x150.jpg 150w, https:\/\/www.mon-cintre.com\/wp-content\/uploads\/2019\/02\/boite-cadeau-100x100.jpg 100w, https:\/\/www.mon-cintre.com\/wp-content\/uploads\/2019\/02\/boite-cadeau.jpg 500w\" sizes=\"auto, (max-width: 300px) 100vw, 300px\" \/><\/p>\n<p>1 Meter Kleiderschrank = 42 Kleiderb\u00fcgel<\/p>\n<p><img loading=\"lazy\" decoding=\"async\" class=\"alignnone size-full wp-image-20127\" src=\"https:\/\/www.mon-cintre.com\/wp-content\/uploads\/2020\/09\/60cintres.png\" alt=\"\" width=\"190\" height=\"20\" \/><\/p>\n<p>* Unverbindliche Fotos. Beachten Sie, dass sich die Farben von Bildschirm zu Bildschirm \u00e4ndern, sodass es trotz der Sorgfalt bei der Qualit\u00e4t unserer Fotos zu Abweichungen zwischen Bildschirm und Realit\u00e4t kommen kann.<\/p>\n","protected":false},"excerpt":{"rendered":"<ul>\n<li>15 Kleiderb\u00fcgel f\u00fcr Hemden, Polos und T-Shirts aus Esche mit rutschfestem Samt<\/li>\n<li>D\u00fcnnere Kleiderb\u00fcgel f\u00fcr kleinere Kleiderschr\u00e4nke<\/li>\n<li>Schwarze Farbe, geb\u00fcrstetes Holz<\/li>\n<li>Breite 43 cm<\/li>\n<li>Breite der Schulter 1,5 cm<\/li>\n<li>Schwarz Samt Antislip auf den Schultern von professioneller Qualit\u00e4t, die nicht stopft<\/li>\n<li>Schachtel mit 15 Kleiderb\u00fcgeln<\/li>\n<li>Handgemacht (<a href=\"https:\/\/www.mon-cintre.com\/de\/handgemacht\/\">Erfahren Sie mehr<\/a>)<\/li>\n<\/ul>\n<p>Bestellen online Sie diese 15er-Packung Holzkleiderb\u00fcgel mit rutschfesten Samtschultern \u2013 perfekt f\u00fcr Ihre Garderobe, zum Aufh\u00e4ngen von Hemden und T-Shirts. Ab einer Bestellmenge von 30 St\u00fcck k\u00f6nnen die Kleiderb\u00fcgel mit Ihren Initialen oder Ihrem Logo personalisiert werden.<\/p>\n","protected":false},"featured_media":29505,"comment_status":"open","ping_status":"closed","template":"","meta":{"inline_featured_image":false},"product_brand":[],"product_cat":[575,639,298,616,293,297,582,630,569,309,549],"product_tag":[],"class_list":{"0":"post-20122","1":"product","2":"type-product","3":"status-publish","4":"has-post-thumbnail","6":"product_cat-arten-kleiderbuegeln-de","7":"product_cat-flache-kleiderbuegel","8":"product_cat-holzbugel","9":"product_cat-kleiderbuegel-grosse-43","10":"product_cat-kleiderbugel-fur-manner","11":"product_cat-kleiderbugel-fur-hemd","12":"product_cat-kleiderbuegel-anti-rutsch-samt","13":"product_cat-kleiderbuegel-groesse","14":"product_cat-kleiderbuegelfarben","15":"product_cat-intensive-kollektion","16":"product_cat-kleiderbuegel","18":"first","19":"instock","20":"taxable","21":"shipping-taxable","22":"purchasable","23":"product-type-simple"},"yoast_head":"<!-- This site is optimized with the Yoast SEO plugin v27.4 - https:\/\/yoast.com\/product\/yoast-seo-wordpress\/ -->\n<title>15 Kleiderb\u00fcgel f\u00fcr Hemd - schwarze Farbe, geb\u00fcrstetes Holz<\/title>\n<meta name=\"description\" content=\"15 Holzb\u00fcgel f\u00fcr Hemden mit Anti-Rutsch-Flansch an den Schultern. Ein modernes, schwarz geb\u00fcrstetes Holz-Finish, um Ihre Hemden in einem High-End-Dressing aufzubewahren.\" \/>\n<meta name=\"robots\" content=\"index, follow, max-snippet:-1, max-image-preview:large, max-video-preview:-1\" \/>\n<link rel=\"canonical\" href=\"https:\/\/www.mon-cintre.com\/de\/produit\/15-kleiderbugel-hemd-schwarze-holz-43-cm\/\" \/>\n<meta property=\"og:locale\" content=\"de_DE\" \/>\n<meta property=\"og:type\" content=\"article\" \/>\n<meta property=\"og:title\" content=\"15 Kleiderb\u00fcgel f\u00fcr Hemd - schwarze Farbe, geb\u00fcrstetes Holz\" \/>\n<meta property=\"og:description\" content=\"15 Holzb\u00fcgel f\u00fcr Hemden mit Anti-Rutsch-Flansch an den Schultern. Ein modernes, schwarz geb\u00fcrstetes Holz-Finish, um Ihre Hemden in einem High-End-Dressing aufzubewahren.\" \/>\n<meta property=\"og:url\" content=\"https:\/\/www.mon-cintre.com\/de\/produit\/15-kleiderbugel-hemd-schwarze-holz-43-cm\/\" \/>\n<meta property=\"og:site_name\" content=\"Mon Cintre\" \/>\n<meta property=\"article:modified_time\" content=\"2026-02-11T14:23:54+00:00\" \/>\n<meta property=\"og:image\" content=\"https:\/\/www.mon-cintre.com\/wp-content\/uploads\/2020\/09\/cintre-chemise-antiglisse-CLA4315FLO-BB.jpg\" \/>\n\t<meta property=\"og:image:width\" content=\"2000\" \/>\n\t<meta property=\"og:image:height\" content=\"2000\" \/>\n\t<meta property=\"og:image:type\" content=\"image\/jpeg\" \/>\n<meta name=\"twitter:card\" content=\"summary_large_image\" \/>\n<meta name=\"twitter:label1\" content=\"Gesch\u00e4tzte Lesezeit\" \/>\n\t<meta name=\"twitter:data1\" content=\"1\u00a0Minute\" \/>\n<script type=\"application\/ld+json\" class=\"yoast-schema-graph\">{\"@context\":\"https:\\\/\\\/schema.org\",\"@graph\":[{\"@type\":\"WebPage\",\"@id\":\"https:\\\/\\\/www.mon-cintre.com\\\/de\\\/produit\\\/15-kleiderbugel-hemd-schwarze-holz-43-cm\\\/\",\"url\":\"https:\\\/\\\/www.mon-cintre.com\\\/de\\\/produit\\\/15-kleiderbugel-hemd-schwarze-holz-43-cm\\\/\",\"name\":\"15 Kleiderb\u00fcgel f\u00fcr Hemd - schwarze Farbe, geb\u00fcrstetes Holz\",\"isPartOf\":{\"@id\":\"https:\\\/\\\/www.mon-cintre.com\\\/de\\\/#website\"},\"primaryImageOfPage\":{\"@id\":\"https:\\\/\\\/www.mon-cintre.com\\\/de\\\/produit\\\/15-kleiderbugel-hemd-schwarze-holz-43-cm\\\/#primaryimage\"},\"image\":{\"@id\":\"https:\\\/\\\/www.mon-cintre.com\\\/de\\\/produit\\\/15-kleiderbugel-hemd-schwarze-holz-43-cm\\\/#primaryimage\"},\"thumbnailUrl\":\"https:\\\/\\\/www.mon-cintre.com\\\/wp-content\\\/uploads\\\/2020\\\/09\\\/cintre-chemise-antiglisse-CLA4315FLO-BB.jpg\",\"datePublished\":\"2020-09-28T13:04:01+00:00\",\"dateModified\":\"2026-02-11T14:23:54+00:00\",\"description\":\"15 Holzb\u00fcgel f\u00fcr Hemden mit Anti-Rutsch-Flansch an den Schultern. Ein modernes, schwarz geb\u00fcrstetes Holz-Finish, um Ihre Hemden in einem High-End-Dressing aufzubewahren.\",\"breadcrumb\":{\"@id\":\"https:\\\/\\\/www.mon-cintre.com\\\/de\\\/produit\\\/15-kleiderbugel-hemd-schwarze-holz-43-cm\\\/#breadcrumb\"},\"inLanguage\":\"de\",\"potentialAction\":[{\"@type\":\"ReadAction\",\"target\":[\"https:\\\/\\\/www.mon-cintre.com\\\/de\\\/produit\\\/15-kleiderbugel-hemd-schwarze-holz-43-cm\\\/\"]}]},{\"@type\":\"ImageObject\",\"inLanguage\":\"de\",\"@id\":\"https:\\\/\\\/www.mon-cintre.com\\\/de\\\/produit\\\/15-kleiderbugel-hemd-schwarze-holz-43-cm\\\/#primaryimage\",\"url\":\"https:\\\/\\\/www.mon-cintre.com\\\/wp-content\\\/uploads\\\/2020\\\/09\\\/cintre-chemise-antiglisse-CLA4315FLO-BB.jpg\",\"contentUrl\":\"https:\\\/\\\/www.mon-cintre.com\\\/wp-content\\\/uploads\\\/2020\\\/09\\\/cintre-chemise-antiglisse-CLA4315FLO-BB.jpg\",\"width\":2000,\"height\":2000,\"caption\":\"Kleiderb\u00fcgel aus Holz f\u00fcr Hemden, schwarze Farbe\"},{\"@type\":\"BreadcrumbList\",\"@id\":\"https:\\\/\\\/www.mon-cintre.com\\\/de\\\/produit\\\/15-kleiderbugel-hemd-schwarze-holz-43-cm\\\/#breadcrumb\",\"itemListElement\":[{\"@type\":\"ListItem\",\"position\":1,\"name\":\"Accueil\",\"item\":\"https:\\\/\\\/www.mon-cintre.com\\\/de\\\/\"},{\"@type\":\"ListItem\",\"position\":2,\"name\":\"Shop\",\"item\":\"https:\\\/\\\/www.mon-cintre.com\\\/de\\\/shop\\\/\"},{\"@type\":\"ListItem\",\"position\":3,\"name\":\"15 Kleiderb\u00fcgel f\u00fcr Hemd &#8211; schwarze Farbe, geb\u00fcrstetes Holz (Breite 43 cm-Schulter 1,5 cm)\"}]},{\"@type\":\"WebSite\",\"@id\":\"https:\\\/\\\/www.mon-cintre.com\\\/de\\\/#website\",\"url\":\"https:\\\/\\\/www.mon-cintre.com\\\/de\\\/\",\"name\":\"Mon Cintre\",\"description\":\"Cintres et accessoires de dressing\",\"publisher\":{\"@id\":\"https:\\\/\\\/www.mon-cintre.com\\\/de\\\/#organization\"},\"potentialAction\":[{\"@type\":\"SearchAction\",\"target\":{\"@type\":\"EntryPoint\",\"urlTemplate\":\"https:\\\/\\\/www.mon-cintre.com\\\/de\\\/?s={search_term_string}\"},\"query-input\":{\"@type\":\"PropertyValueSpecification\",\"valueRequired\":true,\"valueName\":\"search_term_string\"}}],\"inLanguage\":\"de\"},{\"@type\":\"Organization\",\"@id\":\"https:\\\/\\\/www.mon-cintre.com\\\/de\\\/#organization\",\"name\":\"Mon Cintre\",\"url\":\"https:\\\/\\\/www.mon-cintre.com\\\/de\\\/\",\"logo\":{\"@type\":\"ImageObject\",\"inLanguage\":\"de\",\"@id\":\"https:\\\/\\\/www.mon-cintre.com\\\/de\\\/#\\\/schema\\\/logo\\\/image\\\/\",\"url\":\"https:\\\/\\\/www.mon-cintre.com\\\/wp-content\\\/uploads\\\/2022\\\/12\\\/logo-blanc.png\",\"contentUrl\":\"https:\\\/\\\/www.mon-cintre.com\\\/wp-content\\\/uploads\\\/2022\\\/12\\\/logo-blanc.png\",\"width\":345,\"height\":205,\"caption\":\"Mon Cintre\"},\"image\":{\"@id\":\"https:\\\/\\\/www.mon-cintre.com\\\/de\\\/#\\\/schema\\\/logo\\\/image\\\/\"}}]}<\/script>\n<!-- \/ Yoast SEO plugin. -->","yoast_head_json":{"title":"15 Kleiderb\u00fcgel f\u00fcr Hemd - schwarze Farbe, geb\u00fcrstetes Holz","description":"15 Holzb\u00fcgel f\u00fcr Hemden mit Anti-Rutsch-Flansch an den Schultern. Ein modernes, schwarz geb\u00fcrstetes Holz-Finish, um Ihre Hemden in einem High-End-Dressing aufzubewahren.","robots":{"index":"index","follow":"follow","max-snippet":"max-snippet:-1","max-image-preview":"max-image-preview:large","max-video-preview":"max-video-preview:-1"},"canonical":"https:\/\/www.mon-cintre.com\/de\/produit\/15-kleiderbugel-hemd-schwarze-holz-43-cm\/","og_locale":"de_DE","og_type":"article","og_title":"15 Kleiderb\u00fcgel f\u00fcr Hemd - schwarze Farbe, geb\u00fcrstetes Holz","og_description":"15 Holzb\u00fcgel f\u00fcr Hemden mit Anti-Rutsch-Flansch an den Schultern. Ein modernes, schwarz geb\u00fcrstetes Holz-Finish, um Ihre Hemden in einem High-End-Dressing aufzubewahren.","og_url":"https:\/\/www.mon-cintre.com\/de\/produit\/15-kleiderbugel-hemd-schwarze-holz-43-cm\/","og_site_name":"Mon Cintre","article_modified_time":"2026-02-11T14:23:54+00:00","og_image":[{"width":2000,"height":2000,"url":"https:\/\/www.mon-cintre.com\/wp-content\/uploads\/2020\/09\/cintre-chemise-antiglisse-CLA4315FLO-BB.jpg","type":"image\/jpeg"}],"twitter_card":"summary_large_image","twitter_misc":{"Gesch\u00e4tzte Lesezeit":"1\u00a0Minute"},"schema":{"@context":"https:\/\/schema.org","@graph":[{"@type":"WebPage","@id":"https:\/\/www.mon-cintre.com\/de\/produit\/15-kleiderbugel-hemd-schwarze-holz-43-cm\/","url":"https:\/\/www.mon-cintre.com\/de\/produit\/15-kleiderbugel-hemd-schwarze-holz-43-cm\/","name":"15 Kleiderb\u00fcgel f\u00fcr Hemd - schwarze Farbe, geb\u00fcrstetes Holz","isPartOf":{"@id":"https:\/\/www.mon-cintre.com\/de\/#website"},"primaryImageOfPage":{"@id":"https:\/\/www.mon-cintre.com\/de\/produit\/15-kleiderbugel-hemd-schwarze-holz-43-cm\/#primaryimage"},"image":{"@id":"https:\/\/www.mon-cintre.com\/de\/produit\/15-kleiderbugel-hemd-schwarze-holz-43-cm\/#primaryimage"},"thumbnailUrl":"https:\/\/www.mon-cintre.com\/wp-content\/uploads\/2020\/09\/cintre-chemise-antiglisse-CLA4315FLO-BB.jpg","datePublished":"2020-09-28T13:04:01+00:00","dateModified":"2026-02-11T14:23:54+00:00","description":"15 Holzb\u00fcgel f\u00fcr Hemden mit Anti-Rutsch-Flansch an den Schultern. Ein modernes, schwarz geb\u00fcrstetes Holz-Finish, um Ihre Hemden in einem High-End-Dressing aufzubewahren.","breadcrumb":{"@id":"https:\/\/www.mon-cintre.com\/de\/produit\/15-kleiderbugel-hemd-schwarze-holz-43-cm\/#breadcrumb"},"inLanguage":"de","potentialAction":[{"@type":"ReadAction","target":["https:\/\/www.mon-cintre.com\/de\/produit\/15-kleiderbugel-hemd-schwarze-holz-43-cm\/"]}]},{"@type":"ImageObject","inLanguage":"de","@id":"https:\/\/www.mon-cintre.com\/de\/produit\/15-kleiderbugel-hemd-schwarze-holz-43-cm\/#primaryimage","url":"https:\/\/www.mon-cintre.com\/wp-content\/uploads\/2020\/09\/cintre-chemise-antiglisse-CLA4315FLO-BB.jpg","contentUrl":"https:\/\/www.mon-cintre.com\/wp-content\/uploads\/2020\/09\/cintre-chemise-antiglisse-CLA4315FLO-BB.jpg","width":2000,"height":2000,"caption":"Kleiderb\u00fcgel aus Holz f\u00fcr Hemden, schwarze Farbe"},{"@type":"BreadcrumbList","@id":"https:\/\/www.mon-cintre.com\/de\/produit\/15-kleiderbugel-hemd-schwarze-holz-43-cm\/#breadcrumb","itemListElement":[{"@type":"ListItem","position":1,"name":"Accueil","item":"https:\/\/www.mon-cintre.com\/de\/"},{"@type":"ListItem","position":2,"name":"Shop","item":"https:\/\/www.mon-cintre.com\/de\/shop\/"},{"@type":"ListItem","position":3,"name":"15 Kleiderb\u00fcgel f\u00fcr Hemd &#8211; schwarze Farbe, geb\u00fcrstetes Holz (Breite 43 cm-Schulter 1,5 cm)"}]},{"@type":"WebSite","@id":"https:\/\/www.mon-cintre.com\/de\/#website","url":"https:\/\/www.mon-cintre.com\/de\/","name":"Mon Cintre","description":"Cintres et accessoires de dressing","publisher":{"@id":"https:\/\/www.mon-cintre.com\/de\/#organization"},"potentialAction":[{"@type":"SearchAction","target":{"@type":"EntryPoint","urlTemplate":"https:\/\/www.mon-cintre.com\/de\/?s={search_term_string}"},"query-input":{"@type":"PropertyValueSpecification","valueRequired":true,"valueName":"search_term_string"}}],"inLanguage":"de"},{"@type":"Organization","@id":"https:\/\/www.mon-cintre.com\/de\/#organization","name":"Mon Cintre","url":"https:\/\/www.mon-cintre.com\/de\/","logo":{"@type":"ImageObject","inLanguage":"de","@id":"https:\/\/www.mon-cintre.com\/de\/#\/schema\/logo\/image\/","url":"https:\/\/www.mon-cintre.com\/wp-content\/uploads\/2022\/12\/logo-blanc.png","contentUrl":"https:\/\/www.mon-cintre.com\/wp-content\/uploads\/2022\/12\/logo-blanc.png","width":345,"height":205,"caption":"Mon Cintre"},"image":{"@id":"https:\/\/www.mon-cintre.com\/de\/#\/schema\/logo\/image\/"}}]}},"_links":{"self":[{"href":"https:\/\/www.mon-cintre.com\/de\/wp-json\/wp\/v2\/product\/20122","targetHints":{"allow":["GET"]}}],"collection":[{"href":"https:\/\/www.mon-cintre.com\/de\/wp-json\/wp\/v2\/product"}],"about":[{"href":"https:\/\/www.mon-cintre.com\/de\/wp-json\/wp\/v2\/types\/product"}],"replies":[{"embeddable":true,"href":"https:\/\/www.mon-cintre.com\/de\/wp-json\/wp\/v2\/comments?post=20122"}],"wp:featuredmedia":[{"embeddable":true,"href":"https:\/\/www.mon-cintre.com\/de\/wp-json\/wp\/v2\/media\/29505"}],"wp:attachment":[{"href":"https:\/\/www.mon-cintre.com\/de\/wp-json\/wp\/v2\/media?parent=20122"}],"wp:term":[{"taxonomy":"product_brand","embeddable":true,"href":"https:\/\/www.mon-cintre.com\/de\/wp-json\/wp\/v2\/product_brand?post=20122"},{"taxonomy":"product_cat","embeddable":true,"href":"https:\/\/www.mon-cintre.com\/de\/wp-json\/wp\/v2\/product_cat?post=20122"},{"taxonomy":"product_tag","embeddable":true,"href":"https:\/\/www.mon-cintre.com\/de\/wp-json\/wp\/v2\/product_tag?post=20122"}],"curies":[{"name":"wp","href":"https:\/\/api.w.org\/{rel}","templated":true}]}}