

{"id":20227,"date":"2020-10-08T11:07:23","date_gmt":"2020-10-08T09:07:23","guid":{"rendered":"https:\/\/www.mon-cintre.com\/?post_type=product&#038;p=20227"},"modified":"2025-09-25T12:43:26","modified_gmt":"2025-09-25T10:43:26","slug":"15-kleiderbugel-clips-rock-hose-schwarze-2","status":"publish","type":"product","link":"https:\/\/www.mon-cintre.com\/de\/produit\/15-kleiderbugel-clips-rock-hose-schwarze-2\/","title":{"rendered":"15 Kleiderb\u00fcgel mit Clips f\u00fcr Rock und Hose &#8211; wei\u00df gebeizt."},"content":{"rendered":"<ul>\n<li>15 Kleiderb\u00fcgel mit Clips f\u00fcr Rock und Holzhose<\/li>\n<li>Essenz aus gebeizter, wei\u00df gebeizter Asche<\/li>\n<li>Hakenfarbe Nickel matt<\/li>\n<li>360\u00ba drehbarer Haken<\/li>\n<li>Breite 39 cm<\/li>\n<li>Dick 1,5 cm<\/li>\n<li>Hakendurchmesser 5 mm, H\u00f6he 8,5 cm<\/li>\n<li>Schachtel mit 15 Kleiderb\u00fcgeln<\/li>\n<li>Ideal f\u00fcr R\u00f6cke, Hosen, Schals, Schals usw.<\/li>\n<li>Professionelle Zangen, die nicht markieren (6 x 2 cm)<\/li>\n<li>Pflege: Mit einem weichen, trockenen Tuch abstauben<\/li>\n<li>Wichtige Informationen zu unseren Kleiderb\u00fcgeln aus Holz: Holz ist ein Naturmaterial und unsere Bretter stammen direkt von B\u00e4umen. Jedes St\u00fcck Holz kann Variationen in Farbe, Maserung und Knoten aufweisen, die f\u00fcr den urspr\u00fcnglichen Baum und den verwendeten Teil des Baumes spezifisch sind. Diese Eigenschaften verleihen dem Holz Charme, ohne die Qualit\u00e4t oder Haltbarkeit unserer Kleiderb\u00fcgel zu beeintr\u00e4chtigen. Holz ist lebendig und kann auf Ver\u00e4nderungen der Luftfeuchtigkeit reagieren. Unsere Kleiderb\u00fcgel werden teilweise auch von Hand geformt. Diese handwerkliche Herstellung macht jeden Kleiderb\u00fcgel einzigartig und es k\u00f6nnen sehr leichte Unterschiede zwischen ihnen auftreten.<\/li>\n<\/ul>\n<p>Aus der Mademoiselle-Kollektion wird die Rivage-Kollektion, die weiterhin sanfte Farben aufweist und nun in 9 Modellen f\u00fcr alle Outfits im Kleiderschrank von Damen und Herren erh\u00e4ltlich ist.<\/p>\n<p>Lieferung in wei\u00dfer Geschenkbox mit Logo. Jeder Kleiderb\u00fcgel ist einzeln in eine Schutzh\u00fclle eingewickelt.<\/p>\n<p><img loading=\"lazy\" decoding=\"async\" class=\"alignnone size-medium wp-image-10820\" src=\"https:\/\/www.mon-cintre.com\/wp-content\/uploads\/2019\/02\/boite-cadeau-300x300.jpg\" alt=\"Boite cadeau Mon cintre\" width=\"300\" height=\"300\" srcset=\"https:\/\/www.mon-cintre.com\/wp-content\/uploads\/2019\/02\/boite-cadeau-300x300.jpg 300w, https:\/\/www.mon-cintre.com\/wp-content\/uploads\/2019\/02\/boite-cadeau-150x150.jpg 150w, https:\/\/www.mon-cintre.com\/wp-content\/uploads\/2019\/02\/boite-cadeau-100x100.jpg 100w, https:\/\/www.mon-cintre.com\/wp-content\/uploads\/2019\/02\/boite-cadeau.jpg 500w\" sizes=\"auto, (max-width: 300px) 100vw, 300px\" \/><\/p>\n<p>1 Meter Kleiderschrank = 38 Kleiderb\u00fcgel<\/p>\n<p><img loading=\"lazy\" decoding=\"async\" class=\"alignnone size-full wp-image-153\" src=\"https:\/\/www.mon-cintre.com\/DEV\/wp-content\/uploads\/2018\/08\/30cintres.png\" alt=\"\" width=\"190\" height=\"19\" \/><\/p>\n<p>* Unverbindliche Fotos. Beachten Sie, dass die Farben auf dem Bildschirm des anderen ge\u00e4ndert werden, sodass es trotz der Qualit\u00e4t unserer Fotos zu Abweichungen zwischen allen und der Realit\u00e4t kommen kann.<\/p>\n","protected":false},"excerpt":{"rendered":"<ul>\n<li>15 Kleiderb\u00fcgel mit Clips f\u00fcr Rock und Hose<\/li>\n<li>Wei\u00dfe Farbe gebeizt<\/li>\n<li>Breite 39 cm<\/li>\n<li>Dick 1,5 cm<\/li>\n<li>Zange 6 x 2 cm<\/li>\n<li>Schachtel mit 15 Kleiderb\u00fcgeln<\/li>\n<li>Handgemacht (<span style=\"text-decoration: underline;\"><a href=\"https:\/\/www.mon-cintre.com\/de\/handgemacht\/\">Erfahren Sie mehr<\/a><\/span>)<\/li>\n<\/ul>\n","protected":false},"featured_media":27770,"comment_status":"open","ping_status":"closed","template":"","meta":{"inline_featured_image":false},"product_brand":[],"product_cat":[575,639,298,308,457,310,645,602,630,569,549,312],"product_tag":[],"class_list":{"0":"post-20227","1":"product","2":"type-product","3":"status-publish","4":"has-post-thumbnail","6":"product_cat-arten-kleiderbuegeln-de","7":"product_cat-flache-kleiderbuegel","8":"product_cat-holzbugel","9":"product_cat-kleiderbugel-fur-frauen","10":"product_cat-kinderbugel","11":"product_cat-kleiderbugel-fur-rocke-und-hosen","12":"product_cat-kleiderbugel-schal","13":"product_cat-kleiderbugel-clips","14":"product_cat-kleiderbuegel-groesse","15":"product_cat-kleiderbuegelfarben","16":"product_cat-kleiderbuegel","17":"product_cat-mademoiselle-kollektion","19":"first","20":"instock","21":"taxable","22":"shipping-taxable","23":"purchasable","24":"product-type-simple"},"yoast_head":"<!-- This site is optimized with the Yoast SEO plugin v27.6 - https:\/\/yoast.com\/product\/yoast-seo-wordpress\/ -->\n<title>15 Kleiderb\u00fcgel mit Clips f\u00fcr Rock und Hose - wei\u00df gebeizt. - Mon Cintre<\/title>\n<meta name=\"description\" content=\"Schachtel mit 15 Kleiderb\u00fcgeln mit Clips zur Aufbewahrung Ihrer R\u00f6cke, Hosen und Schals.\" \/>\n<meta name=\"robots\" content=\"index, follow, max-snippet:-1, max-image-preview:large, max-video-preview:-1\" \/>\n<link rel=\"canonical\" href=\"https:\/\/www.mon-cintre.com\/de\/produit\/15-kleiderbugel-clips-rock-hose-schwarze-2\/\" \/>\n<meta property=\"og:locale\" content=\"de_DE\" \/>\n<meta property=\"og:type\" content=\"article\" \/>\n<meta property=\"og:title\" content=\"15 Kleiderb\u00fcgel mit Clips f\u00fcr Rock und Hose - wei\u00df gebeizt. - Mon Cintre\" \/>\n<meta property=\"og:description\" content=\"Schachtel mit 15 Kleiderb\u00fcgeln mit Clips zur Aufbewahrung Ihrer R\u00f6cke, Hosen und Schals.\" \/>\n<meta property=\"og:url\" content=\"https:\/\/www.mon-cintre.com\/de\/produit\/15-kleiderbugel-clips-rock-hose-schwarze-2\/\" \/>\n<meta property=\"og:site_name\" content=\"Mon Cintre\" \/>\n<meta property=\"article:modified_time\" content=\"2025-09-25T10:43:26+00:00\" \/>\n<meta property=\"og:image\" content=\"https:\/\/www.mon-cintre.com\/wp-content\/uploads\/2020\/10\/cintres-jupe-pantalon.jpg\" \/>\n\t<meta property=\"og:image:width\" content=\"1800\" \/>\n\t<meta property=\"og:image:height\" content=\"1800\" \/>\n\t<meta property=\"og:image:type\" content=\"image\/jpeg\" \/>\n<meta name=\"twitter:card\" content=\"summary_large_image\" \/>\n<meta name=\"twitter:label1\" content=\"Gesch\u00e4tzte Lesezeit\" \/>\n\t<meta name=\"twitter:data1\" content=\"1\u00a0Minute\" \/>\n<script type=\"application\/ld+json\" class=\"yoast-schema-graph\">{\"@context\":\"https:\\\/\\\/schema.org\",\"@graph\":[{\"@type\":\"WebPage\",\"@id\":\"https:\\\/\\\/www.mon-cintre.com\\\/de\\\/produit\\\/15-kleiderbugel-clips-rock-hose-schwarze-2\\\/\",\"url\":\"https:\\\/\\\/www.mon-cintre.com\\\/de\\\/produit\\\/15-kleiderbugel-clips-rock-hose-schwarze-2\\\/\",\"name\":\"15 Kleiderb\u00fcgel mit Clips f\u00fcr Rock und Hose - wei\u00df gebeizt. - Mon Cintre\",\"isPartOf\":{\"@id\":\"https:\\\/\\\/www.mon-cintre.com\\\/de\\\/#website\"},\"primaryImageOfPage\":{\"@id\":\"https:\\\/\\\/www.mon-cintre.com\\\/de\\\/produit\\\/15-kleiderbugel-clips-rock-hose-schwarze-2\\\/#primaryimage\"},\"image\":{\"@id\":\"https:\\\/\\\/www.mon-cintre.com\\\/de\\\/produit\\\/15-kleiderbugel-clips-rock-hose-schwarze-2\\\/#primaryimage\"},\"thumbnailUrl\":\"https:\\\/\\\/www.mon-cintre.com\\\/wp-content\\\/uploads\\\/2020\\\/10\\\/cintres-jupe-pantalon.jpg\",\"datePublished\":\"2020-10-08T09:07:23+00:00\",\"dateModified\":\"2025-09-25T10:43:26+00:00\",\"description\":\"Schachtel mit 15 Kleiderb\u00fcgeln mit Clips zur Aufbewahrung Ihrer R\u00f6cke, Hosen und Schals.\",\"breadcrumb\":{\"@id\":\"https:\\\/\\\/www.mon-cintre.com\\\/de\\\/produit\\\/15-kleiderbugel-clips-rock-hose-schwarze-2\\\/#breadcrumb\"},\"inLanguage\":\"de\",\"potentialAction\":[{\"@type\":\"ReadAction\",\"target\":[\"https:\\\/\\\/www.mon-cintre.com\\\/de\\\/produit\\\/15-kleiderbugel-clips-rock-hose-schwarze-2\\\/\"]}]},{\"@type\":\"ImageObject\",\"inLanguage\":\"de\",\"@id\":\"https:\\\/\\\/www.mon-cintre.com\\\/de\\\/produit\\\/15-kleiderbugel-clips-rock-hose-schwarze-2\\\/#primaryimage\",\"url\":\"https:\\\/\\\/www.mon-cintre.com\\\/wp-content\\\/uploads\\\/2020\\\/10\\\/cintres-jupe-pantalon.jpg\",\"contentUrl\":\"https:\\\/\\\/www.mon-cintre.com\\\/wp-content\\\/uploads\\\/2020\\\/10\\\/cintres-jupe-pantalon.jpg\",\"width\":1800,\"height\":1800,\"caption\":\"Cintre en bois avec pinces pour jupes ou pantalon, coloris blanc lasur\u00e9\"},{\"@type\":\"BreadcrumbList\",\"@id\":\"https:\\\/\\\/www.mon-cintre.com\\\/de\\\/produit\\\/15-kleiderbugel-clips-rock-hose-schwarze-2\\\/#breadcrumb\",\"itemListElement\":[{\"@type\":\"ListItem\",\"position\":1,\"name\":\"Accueil\",\"item\":\"https:\\\/\\\/www.mon-cintre.com\\\/de\\\/\"},{\"@type\":\"ListItem\",\"position\":2,\"name\":\"Shop\",\"item\":\"https:\\\/\\\/www.mon-cintre.com\\\/de\\\/shop\\\/\"},{\"@type\":\"ListItem\",\"position\":3,\"name\":\"15 Kleiderb\u00fcgel mit Clips f\u00fcr Rock und Hose &#8211; wei\u00df gebeizt.\"}]},{\"@type\":\"WebSite\",\"@id\":\"https:\\\/\\\/www.mon-cintre.com\\\/de\\\/#website\",\"url\":\"https:\\\/\\\/www.mon-cintre.com\\\/de\\\/\",\"name\":\"Mon Cintre\",\"description\":\"Cintres et accessoires de dressing\",\"publisher\":{\"@id\":\"https:\\\/\\\/www.mon-cintre.com\\\/de\\\/#organization\"},\"potentialAction\":[{\"@type\":\"SearchAction\",\"target\":{\"@type\":\"EntryPoint\",\"urlTemplate\":\"https:\\\/\\\/www.mon-cintre.com\\\/de\\\/?s={search_term_string}\"},\"query-input\":{\"@type\":\"PropertyValueSpecification\",\"valueRequired\":true,\"valueName\":\"search_term_string\"}}],\"inLanguage\":\"de\"},{\"@type\":\"Organization\",\"@id\":\"https:\\\/\\\/www.mon-cintre.com\\\/de\\\/#organization\",\"name\":\"Mon Cintre\",\"url\":\"https:\\\/\\\/www.mon-cintre.com\\\/de\\\/\",\"logo\":{\"@type\":\"ImageObject\",\"inLanguage\":\"de\",\"@id\":\"https:\\\/\\\/www.mon-cintre.com\\\/de\\\/#\\\/schema\\\/logo\\\/image\\\/\",\"url\":\"https:\\\/\\\/www.mon-cintre.com\\\/wp-content\\\/uploads\\\/2022\\\/12\\\/logo-blanc.png\",\"contentUrl\":\"https:\\\/\\\/www.mon-cintre.com\\\/wp-content\\\/uploads\\\/2022\\\/12\\\/logo-blanc.png\",\"width\":345,\"height\":205,\"caption\":\"Mon Cintre\"},\"image\":{\"@id\":\"https:\\\/\\\/www.mon-cintre.com\\\/de\\\/#\\\/schema\\\/logo\\\/image\\\/\"}}]}<\/script>\n<!-- \/ Yoast SEO plugin. -->","yoast_head_json":{"title":"15 Kleiderb\u00fcgel mit Clips f\u00fcr Rock und Hose - wei\u00df gebeizt. - Mon Cintre","description":"Schachtel mit 15 Kleiderb\u00fcgeln mit Clips zur Aufbewahrung Ihrer R\u00f6cke, Hosen und Schals.","robots":{"index":"index","follow":"follow","max-snippet":"max-snippet:-1","max-image-preview":"max-image-preview:large","max-video-preview":"max-video-preview:-1"},"canonical":"https:\/\/www.mon-cintre.com\/de\/produit\/15-kleiderbugel-clips-rock-hose-schwarze-2\/","og_locale":"de_DE","og_type":"article","og_title":"15 Kleiderb\u00fcgel mit Clips f\u00fcr Rock und Hose - wei\u00df gebeizt. - Mon Cintre","og_description":"Schachtel mit 15 Kleiderb\u00fcgeln mit Clips zur Aufbewahrung Ihrer R\u00f6cke, Hosen und Schals.","og_url":"https:\/\/www.mon-cintre.com\/de\/produit\/15-kleiderbugel-clips-rock-hose-schwarze-2\/","og_site_name":"Mon Cintre","article_modified_time":"2025-09-25T10:43:26+00:00","og_image":[{"width":1800,"height":1800,"url":"https:\/\/www.mon-cintre.com\/wp-content\/uploads\/2020\/10\/cintres-jupe-pantalon.jpg","type":"image\/jpeg"}],"twitter_card":"summary_large_image","twitter_misc":{"Gesch\u00e4tzte Lesezeit":"1\u00a0Minute"},"schema":{"@context":"https:\/\/schema.org","@graph":[{"@type":"WebPage","@id":"https:\/\/www.mon-cintre.com\/de\/produit\/15-kleiderbugel-clips-rock-hose-schwarze-2\/","url":"https:\/\/www.mon-cintre.com\/de\/produit\/15-kleiderbugel-clips-rock-hose-schwarze-2\/","name":"15 Kleiderb\u00fcgel mit Clips f\u00fcr Rock und Hose - wei\u00df gebeizt. - Mon Cintre","isPartOf":{"@id":"https:\/\/www.mon-cintre.com\/de\/#website"},"primaryImageOfPage":{"@id":"https:\/\/www.mon-cintre.com\/de\/produit\/15-kleiderbugel-clips-rock-hose-schwarze-2\/#primaryimage"},"image":{"@id":"https:\/\/www.mon-cintre.com\/de\/produit\/15-kleiderbugel-clips-rock-hose-schwarze-2\/#primaryimage"},"thumbnailUrl":"https:\/\/www.mon-cintre.com\/wp-content\/uploads\/2020\/10\/cintres-jupe-pantalon.jpg","datePublished":"2020-10-08T09:07:23+00:00","dateModified":"2025-09-25T10:43:26+00:00","description":"Schachtel mit 15 Kleiderb\u00fcgeln mit Clips zur Aufbewahrung Ihrer R\u00f6cke, Hosen und Schals.","breadcrumb":{"@id":"https:\/\/www.mon-cintre.com\/de\/produit\/15-kleiderbugel-clips-rock-hose-schwarze-2\/#breadcrumb"},"inLanguage":"de","potentialAction":[{"@type":"ReadAction","target":["https:\/\/www.mon-cintre.com\/de\/produit\/15-kleiderbugel-clips-rock-hose-schwarze-2\/"]}]},{"@type":"ImageObject","inLanguage":"de","@id":"https:\/\/www.mon-cintre.com\/de\/produit\/15-kleiderbugel-clips-rock-hose-schwarze-2\/#primaryimage","url":"https:\/\/www.mon-cintre.com\/wp-content\/uploads\/2020\/10\/cintres-jupe-pantalon.jpg","contentUrl":"https:\/\/www.mon-cintre.com\/wp-content\/uploads\/2020\/10\/cintres-jupe-pantalon.jpg","width":1800,"height":1800,"caption":"Cintre en bois avec pinces pour jupes ou pantalon, coloris blanc lasur\u00e9"},{"@type":"BreadcrumbList","@id":"https:\/\/www.mon-cintre.com\/de\/produit\/15-kleiderbugel-clips-rock-hose-schwarze-2\/#breadcrumb","itemListElement":[{"@type":"ListItem","position":1,"name":"Accueil","item":"https:\/\/www.mon-cintre.com\/de\/"},{"@type":"ListItem","position":2,"name":"Shop","item":"https:\/\/www.mon-cintre.com\/de\/shop\/"},{"@type":"ListItem","position":3,"name":"15 Kleiderb\u00fcgel mit Clips f\u00fcr Rock und Hose &#8211; wei\u00df gebeizt."}]},{"@type":"WebSite","@id":"https:\/\/www.mon-cintre.com\/de\/#website","url":"https:\/\/www.mon-cintre.com\/de\/","name":"Mon Cintre","description":"Cintres et accessoires de dressing","publisher":{"@id":"https:\/\/www.mon-cintre.com\/de\/#organization"},"potentialAction":[{"@type":"SearchAction","target":{"@type":"EntryPoint","urlTemplate":"https:\/\/www.mon-cintre.com\/de\/?s={search_term_string}"},"query-input":{"@type":"PropertyValueSpecification","valueRequired":true,"valueName":"search_term_string"}}],"inLanguage":"de"},{"@type":"Organization","@id":"https:\/\/www.mon-cintre.com\/de\/#organization","name":"Mon Cintre","url":"https:\/\/www.mon-cintre.com\/de\/","logo":{"@type":"ImageObject","inLanguage":"de","@id":"https:\/\/www.mon-cintre.com\/de\/#\/schema\/logo\/image\/","url":"https:\/\/www.mon-cintre.com\/wp-content\/uploads\/2022\/12\/logo-blanc.png","contentUrl":"https:\/\/www.mon-cintre.com\/wp-content\/uploads\/2022\/12\/logo-blanc.png","width":345,"height":205,"caption":"Mon Cintre"},"image":{"@id":"https:\/\/www.mon-cintre.com\/de\/#\/schema\/logo\/image\/"}}]}},"_links":{"self":[{"href":"https:\/\/www.mon-cintre.com\/de\/wp-json\/wp\/v2\/product\/20227","targetHints":{"allow":["GET"]}}],"collection":[{"href":"https:\/\/www.mon-cintre.com\/de\/wp-json\/wp\/v2\/product"}],"about":[{"href":"https:\/\/www.mon-cintre.com\/de\/wp-json\/wp\/v2\/types\/product"}],"replies":[{"embeddable":true,"href":"https:\/\/www.mon-cintre.com\/de\/wp-json\/wp\/v2\/comments?post=20227"}],"wp:featuredmedia":[{"embeddable":true,"href":"https:\/\/www.mon-cintre.com\/de\/wp-json\/wp\/v2\/media\/27770"}],"wp:attachment":[{"href":"https:\/\/www.mon-cintre.com\/de\/wp-json\/wp\/v2\/media?parent=20227"}],"wp:term":[{"taxonomy":"product_brand","embeddable":true,"href":"https:\/\/www.mon-cintre.com\/de\/wp-json\/wp\/v2\/product_brand?post=20227"},{"taxonomy":"product_cat","embeddable":true,"href":"https:\/\/www.mon-cintre.com\/de\/wp-json\/wp\/v2\/product_cat?post=20227"},{"taxonomy":"product_tag","embeddable":true,"href":"https:\/\/www.mon-cintre.com\/de\/wp-json\/wp\/v2\/product_tag?post=20227"}],"curies":[{"name":"wp","href":"https:\/\/api.w.org\/{rel}","templated":true}]}}