

{"id":20243,"date":"2020-10-08T11:57:12","date_gmt":"2020-10-08T09:57:12","guid":{"rendered":"https:\/\/www.mon-cintre.com\/?post_type=product&#038;p=20243"},"modified":"2026-02-11T12:03:04","modified_gmt":"2026-02-11T11:03:04","slug":"15-kleiderbugel-clips-rock-hose-walnussfarben","status":"publish","type":"product","link":"https:\/\/www.mon-cintre.com\/de\/produit\/15-kleiderbugel-clips-rock-hose-walnussfarben\/","title":{"rendered":"15 Kleiderb\u00fcgel mit Clips f\u00fcr Rock und Hose &#8211; walnussfarben"},"content":{"rendered":"<ul>\n<li>15 Kleiderb\u00fcgel mit Clips f\u00fcr Rock und Holzhose<\/li>\n<li>Nussbaum gebeiztes Eschenholz<\/li>\n<li>Mattes Rotgussfarbenhaken<\/li>\n<li>360 \u00b0 drehbarer Haken<\/li>\n<li>Breite 39 cm<\/li>\n<li>Dicke 1,5 cm<\/li>\n<li>Hakendurchmesser 5 mm, H\u00f6he 8,5 cm<\/li>\n<li>Schachtel mit 15 Kleiderb\u00fcgeln<\/li>\n<li>Ideal f\u00fcr R\u00f6cke, Hosen, Schals, Schals usw<\/li>\n<li>Professionelle Zangen, die nicht markieren<\/li>\n<li>Wartung: Mit einem weichen, trockenen Tuch abstauben<\/li>\n<li>Wichtige Informationen zu unseren Kleiderb\u00fcgeln aus Holz: Holz ist ein Naturmaterial und unsere Bretter stammen direkt von B\u00e4umen. Jedes St\u00fcck Holz kann Variationen in Farbe, Maserung und Knoten aufweisen, die f\u00fcr den urspr\u00fcnglichen Baum und den verwendeten Teil des Baumes spezifisch sind. Diese Eigenschaften verleihen dem Holz Charme, ohne die Qualit\u00e4t oder Haltbarkeit unserer Kleiderb\u00fcgel zu beeintr\u00e4chtigen. Holz ist lebendig und kann auf Ver\u00e4nderungen der Luftfeuchtigkeit reagieren. Unsere Kleiderb\u00fcgel werden teilweise auch von Hand geformt. Diese handwerkliche Herstellung macht jeden Kleiderb\u00fcgel einzigartig und es k\u00f6nnen sehr leichte Unterschiede zwischen ihnen auftreten.<\/li>\n<\/ul>\n<p>Die CHIC-Kollektion f\u00fcr M\u00e4nner und Frauen ist in 12 Modellen aus Eschenholz in Walnussholz erh\u00e4ltlich, um einen \u00e4u\u00dferst schicken und traditionellen Effekt in Ihrer Umkleidekabine zu erzielen.<\/p>\n<p>Lieferung in wei\u00dfer Geschenkbox mit Logo. Jeder Kleiderb\u00fcgel ist einzeln in eine Schutzh\u00fclle eingewickelt.<\/p>\n<p><img loading=\"lazy\" decoding=\"async\" class=\"alignnone size-medium wp-image-10820\" src=\"https:\/\/www.mon-cintre.com\/wp-content\/uploads\/2019\/02\/boite-cadeau-300x300.jpg\" alt=\"Boite cadeau Mon cintre\" width=\"300\" height=\"300\" srcset=\"https:\/\/www.mon-cintre.com\/wp-content\/uploads\/2019\/02\/boite-cadeau-300x300.jpg 300w, https:\/\/www.mon-cintre.com\/wp-content\/uploads\/2019\/02\/boite-cadeau-150x150.jpg 150w, https:\/\/www.mon-cintre.com\/wp-content\/uploads\/2019\/02\/boite-cadeau-100x100.jpg 100w, https:\/\/www.mon-cintre.com\/wp-content\/uploads\/2019\/02\/boite-cadeau.jpg 500w\" sizes=\"auto, (max-width: 300px) 100vw, 300px\" \/><\/p>\n<p>1 Meter Kleiderschrank = 38 Kleiderb\u00fcgel<\/p>\n<p><img loading=\"lazy\" decoding=\"async\" class=\"alignnone size-full wp-image-153\" src=\"https:\/\/www.mon-cintre.com\/DEV\/wp-content\/uploads\/2018\/08\/30cintres.png\" alt=\"\" width=\"190\" height=\"19\" \/><\/p>\n<p>* Unverbindliche Fotos. Beachten Sie, dass die Farben auf dem Bildschirm des anderen ge\u00e4ndert werden, sodass es trotz der Qualit\u00e4t unserer Fotos zu Abweichungen zwischen allen und der Realit\u00e4t kommen kann.<\/p>\n","protected":false},"excerpt":{"rendered":"<ul>\n<li>15 Kleiderb\u00fcgel mit Clips f\u00fcr Rock und Hose<\/li>\n<li>Walnussfarbe<\/li>\n<li>Breite 39 cm<\/li>\n<li>Dicke 1,5 cm<\/li>\n<li>Zange 6 x 2 cm, die Clips lassen sich entlang der Stange verschieben.<\/li>\n<li>Schachtel mit 15 Kleiderb\u00fcgeln<\/li>\n<li>Handgefertigt (<span style=\"text-decoration: underline;\"><span style=\"color: #000000; text-decoration: underline;\"><a style=\"color: #000000; text-decoration: underline;\" href=\"https:\/\/www.mon-cintre.com\/de\/handgemacht\/\">Erfahren Sie mehr<\/a><\/span><\/span>)<\/li>\n<\/ul>\n<p>Bestellen Sie diese Box mit 15 Holzkleiderb\u00fcgeln und professionellen Clips online, um Ihre R\u00f6cke und Hosen streifenfrei im Kleiderschrank aufzuh\u00e4ngen. Ab einer Bestellmenge von 30 Kleiderb\u00fcgeln k\u00f6nnen Sie die B\u00fcgel mit Ihren Initialen oder Ihrem Logo personalisieren.<\/p>\n","protected":false},"featured_media":29301,"comment_status":"open","ping_status":"closed","template":"","meta":{"inline_featured_image":false},"product_brand":[],"product_cat":[575,639,298,294,308,293,457,310,645,315,602,630,569,549],"product_tag":[],"class_list":{"0":"post-20243","1":"product","2":"type-product","3":"status-publish","4":"has-post-thumbnail","6":"product_cat-arten-kleiderbuegeln-de","7":"product_cat-flache-kleiderbuegel","8":"product_cat-holzbugel","9":"product_cat-hosenbugel","10":"product_cat-kleiderbugel-fur-frauen","11":"product_cat-kleiderbugel-fur-manner","12":"product_cat-kinderbugel","13":"product_cat-kleiderbugel-fur-rocke-und-hosen","14":"product_cat-kleiderbugel-schal","15":"product_cat-schicke-kollektion","16":"product_cat-kleiderbugel-clips","17":"product_cat-kleiderbuegel-groesse","18":"product_cat-kleiderbuegelfarben","19":"product_cat-kleiderbuegel","21":"first","22":"instock","23":"taxable","24":"shipping-taxable","25":"purchasable","26":"product-type-simple"},"yoast_head":"<!-- This site is optimized with the Yoast SEO plugin v27.6 - https:\/\/yoast.com\/product\/yoast-seo-wordpress\/ -->\n<title>15 Holzb\u00fcgel mit Clips f\u00fcr Rock und Hose \u2013 Walnussfarbe<\/title>\n<meta name=\"description\" content=\"Schachtel mit 15 Luxusb\u00fcgeln mit Clips zur Aufbewahrung Ihrer R\u00f6cke, Hosen und Schals.\" \/>\n<meta name=\"robots\" content=\"index, follow, max-snippet:-1, max-image-preview:large, max-video-preview:-1\" \/>\n<link rel=\"canonical\" href=\"https:\/\/www.mon-cintre.com\/de\/produit\/15-kleiderbugel-clips-rock-hose-walnussfarben\/\" \/>\n<meta property=\"og:locale\" content=\"de_DE\" \/>\n<meta property=\"og:type\" content=\"article\" \/>\n<meta property=\"og:title\" content=\"15 Holzb\u00fcgel mit Clips f\u00fcr Rock und Hose \u2013 Walnussfarbe\" \/>\n<meta property=\"og:description\" content=\"Schachtel mit 15 Luxusb\u00fcgeln mit Clips zur Aufbewahrung Ihrer R\u00f6cke, Hosen und Schals.\" \/>\n<meta property=\"og:url\" content=\"https:\/\/www.mon-cintre.com\/de\/produit\/15-kleiderbugel-clips-rock-hose-walnussfarben\/\" \/>\n<meta property=\"og:site_name\" content=\"Mon Cintre\" \/>\n<meta property=\"article:modified_time\" content=\"2026-02-11T11:03:04+00:00\" \/>\n<meta property=\"og:image\" content=\"https:\/\/www.mon-cintre.com\/wp-content\/uploads\/2020\/10\/cintre-jupe-CLA39CLIPS-WN.jpg\" \/>\n\t<meta property=\"og:image:width\" content=\"2000\" \/>\n\t<meta property=\"og:image:height\" content=\"2000\" \/>\n\t<meta property=\"og:image:type\" content=\"image\/jpeg\" \/>\n<meta name=\"twitter:card\" content=\"summary_large_image\" \/>\n<meta name=\"twitter:label1\" content=\"Gesch\u00e4tzte Lesezeit\" \/>\n\t<meta name=\"twitter:data1\" content=\"1\u00a0Minute\" \/>\n<script type=\"application\/ld+json\" class=\"yoast-schema-graph\">{\"@context\":\"https:\\\/\\\/schema.org\",\"@graph\":[{\"@type\":\"WebPage\",\"@id\":\"https:\\\/\\\/www.mon-cintre.com\\\/de\\\/produit\\\/15-kleiderbugel-clips-rock-hose-walnussfarben\\\/\",\"url\":\"https:\\\/\\\/www.mon-cintre.com\\\/de\\\/produit\\\/15-kleiderbugel-clips-rock-hose-walnussfarben\\\/\",\"name\":\"15 Holzb\u00fcgel mit Clips f\u00fcr Rock und Hose \u2013 Walnussfarbe\",\"isPartOf\":{\"@id\":\"https:\\\/\\\/www.mon-cintre.com\\\/de\\\/#website\"},\"primaryImageOfPage\":{\"@id\":\"https:\\\/\\\/www.mon-cintre.com\\\/de\\\/produit\\\/15-kleiderbugel-clips-rock-hose-walnussfarben\\\/#primaryimage\"},\"image\":{\"@id\":\"https:\\\/\\\/www.mon-cintre.com\\\/de\\\/produit\\\/15-kleiderbugel-clips-rock-hose-walnussfarben\\\/#primaryimage\"},\"thumbnailUrl\":\"https:\\\/\\\/www.mon-cintre.com\\\/wp-content\\\/uploads\\\/2020\\\/10\\\/cintre-jupe-CLA39CLIPS-WN.jpg\",\"datePublished\":\"2020-10-08T09:57:12+00:00\",\"dateModified\":\"2026-02-11T11:03:04+00:00\",\"description\":\"Schachtel mit 15 Luxusb\u00fcgeln mit Clips zur Aufbewahrung Ihrer R\u00f6cke, Hosen und Schals.\",\"breadcrumb\":{\"@id\":\"https:\\\/\\\/www.mon-cintre.com\\\/de\\\/produit\\\/15-kleiderbugel-clips-rock-hose-walnussfarben\\\/#breadcrumb\"},\"inLanguage\":\"de\",\"potentialAction\":[{\"@type\":\"ReadAction\",\"target\":[\"https:\\\/\\\/www.mon-cintre.com\\\/de\\\/produit\\\/15-kleiderbugel-clips-rock-hose-walnussfarben\\\/\"]}]},{\"@type\":\"ImageObject\",\"inLanguage\":\"de\",\"@id\":\"https:\\\/\\\/www.mon-cintre.com\\\/de\\\/produit\\\/15-kleiderbugel-clips-rock-hose-walnussfarben\\\/#primaryimage\",\"url\":\"https:\\\/\\\/www.mon-cintre.com\\\/wp-content\\\/uploads\\\/2020\\\/10\\\/cintre-jupe-CLA39CLIPS-WN.jpg\",\"contentUrl\":\"https:\\\/\\\/www.mon-cintre.com\\\/wp-content\\\/uploads\\\/2020\\\/10\\\/cintre-jupe-CLA39CLIPS-WN.jpg\",\"width\":2000,\"height\":2000,\"caption\":\"hochwertiger Kleiderb\u00fcgel mit Clips f\u00fcr Rock und Hose\"},{\"@type\":\"BreadcrumbList\",\"@id\":\"https:\\\/\\\/www.mon-cintre.com\\\/de\\\/produit\\\/15-kleiderbugel-clips-rock-hose-walnussfarben\\\/#breadcrumb\",\"itemListElement\":[{\"@type\":\"ListItem\",\"position\":1,\"name\":\"Accueil\",\"item\":\"https:\\\/\\\/www.mon-cintre.com\\\/de\\\/\"},{\"@type\":\"ListItem\",\"position\":2,\"name\":\"Shop\",\"item\":\"https:\\\/\\\/www.mon-cintre.com\\\/de\\\/shop\\\/\"},{\"@type\":\"ListItem\",\"position\":3,\"name\":\"15 Kleiderb\u00fcgel mit Clips f\u00fcr Rock und Hose &#8211; walnussfarben\"}]},{\"@type\":\"WebSite\",\"@id\":\"https:\\\/\\\/www.mon-cintre.com\\\/de\\\/#website\",\"url\":\"https:\\\/\\\/www.mon-cintre.com\\\/de\\\/\",\"name\":\"Mon Cintre\",\"description\":\"Cintres et accessoires de dressing\",\"publisher\":{\"@id\":\"https:\\\/\\\/www.mon-cintre.com\\\/de\\\/#organization\"},\"potentialAction\":[{\"@type\":\"SearchAction\",\"target\":{\"@type\":\"EntryPoint\",\"urlTemplate\":\"https:\\\/\\\/www.mon-cintre.com\\\/de\\\/?s={search_term_string}\"},\"query-input\":{\"@type\":\"PropertyValueSpecification\",\"valueRequired\":true,\"valueName\":\"search_term_string\"}}],\"inLanguage\":\"de\"},{\"@type\":\"Organization\",\"@id\":\"https:\\\/\\\/www.mon-cintre.com\\\/de\\\/#organization\",\"name\":\"Mon Cintre\",\"url\":\"https:\\\/\\\/www.mon-cintre.com\\\/de\\\/\",\"logo\":{\"@type\":\"ImageObject\",\"inLanguage\":\"de\",\"@id\":\"https:\\\/\\\/www.mon-cintre.com\\\/de\\\/#\\\/schema\\\/logo\\\/image\\\/\",\"url\":\"https:\\\/\\\/www.mon-cintre.com\\\/wp-content\\\/uploads\\\/2022\\\/12\\\/logo-blanc.png\",\"contentUrl\":\"https:\\\/\\\/www.mon-cintre.com\\\/wp-content\\\/uploads\\\/2022\\\/12\\\/logo-blanc.png\",\"width\":345,\"height\":205,\"caption\":\"Mon Cintre\"},\"image\":{\"@id\":\"https:\\\/\\\/www.mon-cintre.com\\\/de\\\/#\\\/schema\\\/logo\\\/image\\\/\"}}]}<\/script>\n<!-- \/ Yoast SEO plugin. -->","yoast_head_json":{"title":"15 Holzb\u00fcgel mit Clips f\u00fcr Rock und Hose \u2013 Walnussfarbe","description":"Schachtel mit 15 Luxusb\u00fcgeln mit Clips zur Aufbewahrung Ihrer R\u00f6cke, Hosen und Schals.","robots":{"index":"index","follow":"follow","max-snippet":"max-snippet:-1","max-image-preview":"max-image-preview:large","max-video-preview":"max-video-preview:-1"},"canonical":"https:\/\/www.mon-cintre.com\/de\/produit\/15-kleiderbugel-clips-rock-hose-walnussfarben\/","og_locale":"de_DE","og_type":"article","og_title":"15 Holzb\u00fcgel mit Clips f\u00fcr Rock und Hose \u2013 Walnussfarbe","og_description":"Schachtel mit 15 Luxusb\u00fcgeln mit Clips zur Aufbewahrung Ihrer R\u00f6cke, Hosen und Schals.","og_url":"https:\/\/www.mon-cintre.com\/de\/produit\/15-kleiderbugel-clips-rock-hose-walnussfarben\/","og_site_name":"Mon Cintre","article_modified_time":"2026-02-11T11:03:04+00:00","og_image":[{"width":2000,"height":2000,"url":"https:\/\/www.mon-cintre.com\/wp-content\/uploads\/2020\/10\/cintre-jupe-CLA39CLIPS-WN.jpg","type":"image\/jpeg"}],"twitter_card":"summary_large_image","twitter_misc":{"Gesch\u00e4tzte Lesezeit":"1\u00a0Minute"},"schema":{"@context":"https:\/\/schema.org","@graph":[{"@type":"WebPage","@id":"https:\/\/www.mon-cintre.com\/de\/produit\/15-kleiderbugel-clips-rock-hose-walnussfarben\/","url":"https:\/\/www.mon-cintre.com\/de\/produit\/15-kleiderbugel-clips-rock-hose-walnussfarben\/","name":"15 Holzb\u00fcgel mit Clips f\u00fcr Rock und Hose \u2013 Walnussfarbe","isPartOf":{"@id":"https:\/\/www.mon-cintre.com\/de\/#website"},"primaryImageOfPage":{"@id":"https:\/\/www.mon-cintre.com\/de\/produit\/15-kleiderbugel-clips-rock-hose-walnussfarben\/#primaryimage"},"image":{"@id":"https:\/\/www.mon-cintre.com\/de\/produit\/15-kleiderbugel-clips-rock-hose-walnussfarben\/#primaryimage"},"thumbnailUrl":"https:\/\/www.mon-cintre.com\/wp-content\/uploads\/2020\/10\/cintre-jupe-CLA39CLIPS-WN.jpg","datePublished":"2020-10-08T09:57:12+00:00","dateModified":"2026-02-11T11:03:04+00:00","description":"Schachtel mit 15 Luxusb\u00fcgeln mit Clips zur Aufbewahrung Ihrer R\u00f6cke, Hosen und Schals.","breadcrumb":{"@id":"https:\/\/www.mon-cintre.com\/de\/produit\/15-kleiderbugel-clips-rock-hose-walnussfarben\/#breadcrumb"},"inLanguage":"de","potentialAction":[{"@type":"ReadAction","target":["https:\/\/www.mon-cintre.com\/de\/produit\/15-kleiderbugel-clips-rock-hose-walnussfarben\/"]}]},{"@type":"ImageObject","inLanguage":"de","@id":"https:\/\/www.mon-cintre.com\/de\/produit\/15-kleiderbugel-clips-rock-hose-walnussfarben\/#primaryimage","url":"https:\/\/www.mon-cintre.com\/wp-content\/uploads\/2020\/10\/cintre-jupe-CLA39CLIPS-WN.jpg","contentUrl":"https:\/\/www.mon-cintre.com\/wp-content\/uploads\/2020\/10\/cintre-jupe-CLA39CLIPS-WN.jpg","width":2000,"height":2000,"caption":"hochwertiger Kleiderb\u00fcgel mit Clips f\u00fcr Rock und Hose"},{"@type":"BreadcrumbList","@id":"https:\/\/www.mon-cintre.com\/de\/produit\/15-kleiderbugel-clips-rock-hose-walnussfarben\/#breadcrumb","itemListElement":[{"@type":"ListItem","position":1,"name":"Accueil","item":"https:\/\/www.mon-cintre.com\/de\/"},{"@type":"ListItem","position":2,"name":"Shop","item":"https:\/\/www.mon-cintre.com\/de\/shop\/"},{"@type":"ListItem","position":3,"name":"15 Kleiderb\u00fcgel mit Clips f\u00fcr Rock und Hose &#8211; walnussfarben"}]},{"@type":"WebSite","@id":"https:\/\/www.mon-cintre.com\/de\/#website","url":"https:\/\/www.mon-cintre.com\/de\/","name":"Mon Cintre","description":"Cintres et accessoires de dressing","publisher":{"@id":"https:\/\/www.mon-cintre.com\/de\/#organization"},"potentialAction":[{"@type":"SearchAction","target":{"@type":"EntryPoint","urlTemplate":"https:\/\/www.mon-cintre.com\/de\/?s={search_term_string}"},"query-input":{"@type":"PropertyValueSpecification","valueRequired":true,"valueName":"search_term_string"}}],"inLanguage":"de"},{"@type":"Organization","@id":"https:\/\/www.mon-cintre.com\/de\/#organization","name":"Mon Cintre","url":"https:\/\/www.mon-cintre.com\/de\/","logo":{"@type":"ImageObject","inLanguage":"de","@id":"https:\/\/www.mon-cintre.com\/de\/#\/schema\/logo\/image\/","url":"https:\/\/www.mon-cintre.com\/wp-content\/uploads\/2022\/12\/logo-blanc.png","contentUrl":"https:\/\/www.mon-cintre.com\/wp-content\/uploads\/2022\/12\/logo-blanc.png","width":345,"height":205,"caption":"Mon Cintre"},"image":{"@id":"https:\/\/www.mon-cintre.com\/de\/#\/schema\/logo\/image\/"}}]}},"_links":{"self":[{"href":"https:\/\/www.mon-cintre.com\/de\/wp-json\/wp\/v2\/product\/20243","targetHints":{"allow":["GET"]}}],"collection":[{"href":"https:\/\/www.mon-cintre.com\/de\/wp-json\/wp\/v2\/product"}],"about":[{"href":"https:\/\/www.mon-cintre.com\/de\/wp-json\/wp\/v2\/types\/product"}],"replies":[{"embeddable":true,"href":"https:\/\/www.mon-cintre.com\/de\/wp-json\/wp\/v2\/comments?post=20243"}],"wp:featuredmedia":[{"embeddable":true,"href":"https:\/\/www.mon-cintre.com\/de\/wp-json\/wp\/v2\/media\/29301"}],"wp:attachment":[{"href":"https:\/\/www.mon-cintre.com\/de\/wp-json\/wp\/v2\/media?parent=20243"}],"wp:term":[{"taxonomy":"product_brand","embeddable":true,"href":"https:\/\/www.mon-cintre.com\/de\/wp-json\/wp\/v2\/product_brand?post=20243"},{"taxonomy":"product_cat","embeddable":true,"href":"https:\/\/www.mon-cintre.com\/de\/wp-json\/wp\/v2\/product_cat?post=20243"},{"taxonomy":"product_tag","embeddable":true,"href":"https:\/\/www.mon-cintre.com\/de\/wp-json\/wp\/v2\/product_tag?post=20243"}],"curies":[{"name":"wp","href":"https:\/\/api.w.org\/{rel}","templated":true}]}}