

{"id":22319,"date":"2021-05-25T11:22:02","date_gmt":"2021-05-25T09:22:02","guid":{"rendered":"https:\/\/www.mon-cintre.com\/?post_type=product&#038;p=22319"},"modified":"2026-04-25T23:07:01","modified_gmt":"2026-04-25T21:07:01","slug":"15-dunne-kleiderbugel-kleid-oberteil-bluse-naturliche-holzfarbe-38-cm","status":"publish","type":"product","link":"https:\/\/www.mon-cintre.com\/de\/produit\/15-dunne-kleiderbugel-kleid-oberteil-bluse-naturliche-holzfarbe-38-cm\/","title":{"rendered":"15 d\u00fcnne Kleiderb\u00fcgel f\u00fcr Kleid, Oberteil und Bluse &#8211; nat\u00fcrliche Holzfarbe (Breite 38 cm-Schulter 1,5 cm)"},"content":{"rendered":"<ul>\n<li>15 d\u00fcnne Kleiderb\u00fcgel f\u00fcr Kleider, Tops, Crop Tops und Blusen<\/li>\n<li>Nat\u00fcrliches lackiertes Holz, Asche essence<\/li>\n<li>Hakenfarbe anthrazit matt<\/li>\n<li>360\u00ba drehbarer Haken<\/li>\n<li>Breite 38 cm<\/li>\n<li>Schulterbreite 1,5 cm<\/li>\n<li>Hakendurchmesser 5 mm, H\u00f6he 8,5 cm<\/li>\n<li>Schachtel mit 15 Kleiderb\u00fcgeln<\/li>\n<li>Ideal f\u00fcr Kleider, Hosentr\u00e4ger, Tops, Blusen und T-Shirts<\/li>\n<li>Breite Kerben f\u00fcr alle tr\u00e4gerkleid und top<\/li>\n<li>Pflege: Mit einem weichen, trockenen Tuch abstauben<\/li>\n<li>Wichtige Informationen zu unseren Kleiderb\u00fcgeln aus Holz: Holz ist ein Naturmaterial und unsere Bretter stammen direkt von B\u00e4umen. Jedes St\u00fcck Holz kann Variationen in Farbe, Maserung und Knoten aufweisen, die f\u00fcr den urspr\u00fcnglichen Baum und den verwendeten Teil des Baumes spezifisch sind. Diese Eigenschaften verleihen dem Holz Charme, ohne die Qualit\u00e4t oder Haltbarkeit unserer Kleiderb\u00fcgel zu beeintr\u00e4chtigen. Holz ist lebendig und kann auf Ver\u00e4nderungen der Luftfeuchtigkeit reagieren. Unsere Kleiderb\u00fcgel werden teilweise auch von Hand geformt. Diese handwerkliche Herstellung macht jeden Kleiderb\u00fcgel einzigartig und es k\u00f6nnen sehr leichte Unterschiede zwischen ihnen auftreten.<\/li>\n<\/ul>\n<p>Die NAT\u00dcRLICH-Kollektion wird sowohl M\u00e4nner als auch Frauen ansprechen. Das nat\u00fcrlich lackierte Holz in Kombination mit dem Kanonenrohrhaken passt sich vielen Innenr\u00e4umen an. 12 Modelle von Kleiderb\u00fcgeln f\u00fcr alle Kleidungsst\u00fccke in Ihrem Kleiderschrank.<\/p>\n<p>Lieferung in wei\u00dfer Geschenkbox mit Logo. Jeder Kleiderb\u00fcgel ist einzeln in eine Schutzh\u00fclle eingewickelt.<\/p>\n<p><img loading=\"lazy\" decoding=\"async\" class=\"alignnone size-medium wp-image-10820\" src=\"https:\/\/www.mon-cintre.com\/wp-content\/uploads\/2019\/02\/boite-cadeau-300x300.jpg\" alt=\"Boite cadeau Mon cintre\" width=\"300\" height=\"300\" srcset=\"https:\/\/www.mon-cintre.com\/wp-content\/uploads\/2019\/02\/boite-cadeau-300x300.jpg 300w, https:\/\/www.mon-cintre.com\/wp-content\/uploads\/2019\/02\/boite-cadeau-150x150.jpg 150w, https:\/\/www.mon-cintre.com\/wp-content\/uploads\/2019\/02\/boite-cadeau-100x100.jpg 100w, https:\/\/www.mon-cintre.com\/wp-content\/uploads\/2019\/02\/boite-cadeau.jpg 500w\" sizes=\"auto, (max-width: 300px) 100vw, 300px\" \/><\/p>\n<p>1 Meter Kleiderschrank = 42 Kleiderb\u00fcgel<\/p>\n<p><img loading=\"lazy\" decoding=\"async\" class=\"alignnone size-full wp-image-20127\" src=\"https:\/\/www.mon-cintre.com\/wp-content\/uploads\/2020\/09\/60cintres.png\" alt=\"\" width=\"190\" height=\"20\" \/><\/p>\n<p>* Unverbindliche Fotos. Beachten Sie, dass die Farben auf dem Bildschirm des anderen ge\u00e4ndert werden, sodass es trotz der Qualit\u00e4t unserer Fotos zu Abweichungen zwischen allen und der Realit\u00e4t kommen kann.<\/p>\n","protected":false},"excerpt":{"rendered":"<div class=\"woocommerce-product-details__short-description\">\n<ul>\n<li>15 feine Luxusb\u00fcgel f\u00fcr Kleider, Tops, Tops und Blusen<\/li>\n<li>D\u00fcnnere Kleiderb\u00fcgel f\u00fcr kleinere Kleiderschr\u00e4nke<\/li>\n<li>Nat\u00fcrliches lackiertes Holz<\/li>\n<li>Breite 38 cm<\/li>\n<li>Schulterbreite 1,5 cm<\/li>\n<li>Breite Kerben f\u00fcr alle tr\u00e4gerkleid und top<\/li>\n<li>Schachtel mit 15 Kleiderb\u00fcgeln<\/li>\n<li>Handgemacht (<span style=\"text-decoration: underline;\"><a href=\"https:\/\/www.mon-cintre.com\/de\/handgemacht\/\">Erfahren Sie mehr<\/a><\/span>)<\/li>\n<\/ul>\n<p>Bestellen online Sie diese 15er-Packung Holzkleiderb\u00fcgel mit Einkerbungen, um Ihre Kleider und Tr\u00e4gertops sicher aufzuh\u00e4ngen und ein Verrutschen zu verhindern. Ab einer Bestellmenge von 30 B\u00fcgeln k\u00f6nnen Sie die B\u00fcgel mit Ihren Initialen oder Ihrem Logo personalisieren.<\/p>\n<\/div>\n","protected":false},"featured_media":30001,"comment_status":"open","ping_status":"closed","template":"","meta":{"inline_featured_image":false},"product_brand":[],"product_cat":[575,639,298,614,429,308,457,313,591,630,569,549],"product_tag":[],"class_list":{"0":"post-22319","1":"product","2":"type-product","3":"status-publish","4":"has-post-thumbnail","6":"product_cat-arten-kleiderbuegeln-de","7":"product_cat-flache-kleiderbuegel","8":"product_cat-holzbugel","9":"product_cat-kleiderbuegel-grosse-38","10":"product_cat-naturliche-kollektion","11":"product_cat-kleiderbugel-fur-frauen","12":"product_cat-kinderbugel","13":"product_cat-kleiderbugel-fur-kleid","14":"product_cat-kleiderbuegel-kerben","15":"product_cat-kleiderbuegel-groesse","16":"product_cat-kleiderbuegelfarben","17":"product_cat-kleiderbuegel","19":"first","20":"instock","21":"taxable","22":"shipping-taxable","23":"purchasable","24":"product-type-simple"},"yoast_head":"<!-- This site is optimized with the Yoast SEO plugin v27.5 - https:\/\/yoast.com\/product\/yoast-seo-wordpress\/ -->\n<title>15 d\u00fcnne Kleiderb\u00fcgel f\u00fcr Kleid und Oberteil \u2013 nat\u00fcrliche Holzfarbe \u2013 Mon Cintre<\/title>\n<meta name=\"description\" content=\"Ein Kleiderb\u00fcgel speziell f\u00fcr Kleider. Entdecken Sie die gesamte Kleiderb\u00fcgelkollektion f\u00fcr naturlackiertes Eschenholz.\" \/>\n<meta name=\"robots\" content=\"index, follow, max-snippet:-1, max-image-preview:large, max-video-preview:-1\" \/>\n<link rel=\"canonical\" href=\"https:\/\/www.mon-cintre.com\/de\/produit\/15-dunne-kleiderbugel-kleid-oberteil-bluse-naturliche-holzfarbe-38-cm\/\" \/>\n<meta property=\"og:locale\" content=\"de_DE\" \/>\n<meta property=\"og:type\" content=\"article\" \/>\n<meta property=\"og:title\" content=\"15 d\u00fcnne Kleiderb\u00fcgel f\u00fcr Kleid und Oberteil \u2013 nat\u00fcrliche Holzfarbe \u2013 Mon Cintre\" \/>\n<meta property=\"og:description\" content=\"Ein Kleiderb\u00fcgel speziell f\u00fcr Kleider. Entdecken Sie die gesamte Kleiderb\u00fcgelkollektion f\u00fcr naturlackiertes Eschenholz.\" \/>\n<meta property=\"og:url\" content=\"https:\/\/www.mon-cintre.com\/de\/produit\/15-dunne-kleiderbugel-kleid-oberteil-bluse-naturliche-holzfarbe-38-cm\/\" \/>\n<meta property=\"og:site_name\" content=\"Mon Cintre\" \/>\n<meta property=\"article:modified_time\" content=\"2026-04-25T21:07:01+00:00\" \/>\n<meta property=\"og:image\" content=\"https:\/\/www.mon-cintre.com\/wp-content\/uploads\/2021\/05\/cintre-robe-encoches-CLA3815ENCO-NA-1-2.jpg\" \/>\n\t<meta property=\"og:image:width\" content=\"2000\" \/>\n\t<meta property=\"og:image:height\" content=\"2000\" \/>\n\t<meta property=\"og:image:type\" content=\"image\/jpeg\" \/>\n<meta name=\"twitter:card\" content=\"summary_large_image\" \/>\n<meta name=\"twitter:label1\" content=\"Gesch\u00e4tzte Lesezeit\" \/>\n\t<meta name=\"twitter:data1\" content=\"1\u00a0Minute\" \/>\n<script type=\"application\/ld+json\" class=\"yoast-schema-graph\">{\"@context\":\"https:\\\/\\\/schema.org\",\"@graph\":[{\"@type\":\"WebPage\",\"@id\":\"https:\\\/\\\/www.mon-cintre.com\\\/de\\\/produit\\\/15-dunne-kleiderbugel-kleid-oberteil-bluse-naturliche-holzfarbe-38-cm\\\/\",\"url\":\"https:\\\/\\\/www.mon-cintre.com\\\/de\\\/produit\\\/15-dunne-kleiderbugel-kleid-oberteil-bluse-naturliche-holzfarbe-38-cm\\\/\",\"name\":\"15 d\u00fcnne Kleiderb\u00fcgel f\u00fcr Kleid und Oberteil \u2013 nat\u00fcrliche Holzfarbe \u2013 Mon Cintre\",\"isPartOf\":{\"@id\":\"https:\\\/\\\/www.mon-cintre.com\\\/de\\\/#website\"},\"primaryImageOfPage\":{\"@id\":\"https:\\\/\\\/www.mon-cintre.com\\\/de\\\/produit\\\/15-dunne-kleiderbugel-kleid-oberteil-bluse-naturliche-holzfarbe-38-cm\\\/#primaryimage\"},\"image\":{\"@id\":\"https:\\\/\\\/www.mon-cintre.com\\\/de\\\/produit\\\/15-dunne-kleiderbugel-kleid-oberteil-bluse-naturliche-holzfarbe-38-cm\\\/#primaryimage\"},\"thumbnailUrl\":\"https:\\\/\\\/www.mon-cintre.com\\\/wp-content\\\/uploads\\\/2021\\\/05\\\/cintre-robe-encoches-CLA3815ENCO-NA-1-2.jpg\",\"datePublished\":\"2021-05-25T09:22:02+00:00\",\"dateModified\":\"2026-04-25T21:07:01+00:00\",\"description\":\"Ein Kleiderb\u00fcgel speziell f\u00fcr Kleider. Entdecken Sie die gesamte Kleiderb\u00fcgelkollektion f\u00fcr naturlackiertes Eschenholz.\",\"breadcrumb\":{\"@id\":\"https:\\\/\\\/www.mon-cintre.com\\\/de\\\/produit\\\/15-dunne-kleiderbugel-kleid-oberteil-bluse-naturliche-holzfarbe-38-cm\\\/#breadcrumb\"},\"inLanguage\":\"de\",\"potentialAction\":[{\"@type\":\"ReadAction\",\"target\":[\"https:\\\/\\\/www.mon-cintre.com\\\/de\\\/produit\\\/15-dunne-kleiderbugel-kleid-oberteil-bluse-naturliche-holzfarbe-38-cm\\\/\"]}]},{\"@type\":\"ImageObject\",\"inLanguage\":\"de\",\"@id\":\"https:\\\/\\\/www.mon-cintre.com\\\/de\\\/produit\\\/15-dunne-kleiderbugel-kleid-oberteil-bluse-naturliche-holzfarbe-38-cm\\\/#primaryimage\",\"url\":\"https:\\\/\\\/www.mon-cintre.com\\\/wp-content\\\/uploads\\\/2021\\\/05\\\/cintre-robe-encoches-CLA3815ENCO-NA-1-2.jpg\",\"contentUrl\":\"https:\\\/\\\/www.mon-cintre.com\\\/wp-content\\\/uploads\\\/2021\\\/05\\\/cintre-robe-encoches-CLA3815ENCO-NA-1-2.jpg\",\"width\":2000,\"height\":2000,\"caption\":\"Kleiderb\u00fcgel aus Holz, mit Kerben\"},{\"@type\":\"BreadcrumbList\",\"@id\":\"https:\\\/\\\/www.mon-cintre.com\\\/de\\\/produit\\\/15-dunne-kleiderbugel-kleid-oberteil-bluse-naturliche-holzfarbe-38-cm\\\/#breadcrumb\",\"itemListElement\":[{\"@type\":\"ListItem\",\"position\":1,\"name\":\"Accueil\",\"item\":\"https:\\\/\\\/www.mon-cintre.com\\\/de\\\/\"},{\"@type\":\"ListItem\",\"position\":2,\"name\":\"Shop\",\"item\":\"https:\\\/\\\/www.mon-cintre.com\\\/de\\\/shop\\\/\"},{\"@type\":\"ListItem\",\"position\":3,\"name\":\"15 d\u00fcnne Kleiderb\u00fcgel f\u00fcr Kleid, Oberteil und Bluse &#8211; nat\u00fcrliche Holzfarbe (Breite 38 cm-Schulter 1,5 cm)\"}]},{\"@type\":\"WebSite\",\"@id\":\"https:\\\/\\\/www.mon-cintre.com\\\/de\\\/#website\",\"url\":\"https:\\\/\\\/www.mon-cintre.com\\\/de\\\/\",\"name\":\"Mon Cintre\",\"description\":\"Cintres et accessoires de dressing\",\"publisher\":{\"@id\":\"https:\\\/\\\/www.mon-cintre.com\\\/de\\\/#organization\"},\"potentialAction\":[{\"@type\":\"SearchAction\",\"target\":{\"@type\":\"EntryPoint\",\"urlTemplate\":\"https:\\\/\\\/www.mon-cintre.com\\\/de\\\/?s={search_term_string}\"},\"query-input\":{\"@type\":\"PropertyValueSpecification\",\"valueRequired\":true,\"valueName\":\"search_term_string\"}}],\"inLanguage\":\"de\"},{\"@type\":\"Organization\",\"@id\":\"https:\\\/\\\/www.mon-cintre.com\\\/de\\\/#organization\",\"name\":\"Mon Cintre\",\"url\":\"https:\\\/\\\/www.mon-cintre.com\\\/de\\\/\",\"logo\":{\"@type\":\"ImageObject\",\"inLanguage\":\"de\",\"@id\":\"https:\\\/\\\/www.mon-cintre.com\\\/de\\\/#\\\/schema\\\/logo\\\/image\\\/\",\"url\":\"https:\\\/\\\/www.mon-cintre.com\\\/wp-content\\\/uploads\\\/2022\\\/12\\\/logo-blanc.png\",\"contentUrl\":\"https:\\\/\\\/www.mon-cintre.com\\\/wp-content\\\/uploads\\\/2022\\\/12\\\/logo-blanc.png\",\"width\":345,\"height\":205,\"caption\":\"Mon Cintre\"},\"image\":{\"@id\":\"https:\\\/\\\/www.mon-cintre.com\\\/de\\\/#\\\/schema\\\/logo\\\/image\\\/\"}}]}<\/script>\n<!-- \/ Yoast SEO plugin. -->","yoast_head_json":{"title":"15 d\u00fcnne Kleiderb\u00fcgel f\u00fcr Kleid und Oberteil \u2013 nat\u00fcrliche Holzfarbe \u2013 Mon Cintre","description":"Ein Kleiderb\u00fcgel speziell f\u00fcr Kleider. Entdecken Sie die gesamte Kleiderb\u00fcgelkollektion f\u00fcr naturlackiertes Eschenholz.","robots":{"index":"index","follow":"follow","max-snippet":"max-snippet:-1","max-image-preview":"max-image-preview:large","max-video-preview":"max-video-preview:-1"},"canonical":"https:\/\/www.mon-cintre.com\/de\/produit\/15-dunne-kleiderbugel-kleid-oberteil-bluse-naturliche-holzfarbe-38-cm\/","og_locale":"de_DE","og_type":"article","og_title":"15 d\u00fcnne Kleiderb\u00fcgel f\u00fcr Kleid und Oberteil \u2013 nat\u00fcrliche Holzfarbe \u2013 Mon Cintre","og_description":"Ein Kleiderb\u00fcgel speziell f\u00fcr Kleider. Entdecken Sie die gesamte Kleiderb\u00fcgelkollektion f\u00fcr naturlackiertes Eschenholz.","og_url":"https:\/\/www.mon-cintre.com\/de\/produit\/15-dunne-kleiderbugel-kleid-oberteil-bluse-naturliche-holzfarbe-38-cm\/","og_site_name":"Mon Cintre","article_modified_time":"2026-04-25T21:07:01+00:00","og_image":[{"width":2000,"height":2000,"url":"https:\/\/www.mon-cintre.com\/wp-content\/uploads\/2021\/05\/cintre-robe-encoches-CLA3815ENCO-NA-1-2.jpg","type":"image\/jpeg"}],"twitter_card":"summary_large_image","twitter_misc":{"Gesch\u00e4tzte Lesezeit":"1\u00a0Minute"},"schema":{"@context":"https:\/\/schema.org","@graph":[{"@type":"WebPage","@id":"https:\/\/www.mon-cintre.com\/de\/produit\/15-dunne-kleiderbugel-kleid-oberteil-bluse-naturliche-holzfarbe-38-cm\/","url":"https:\/\/www.mon-cintre.com\/de\/produit\/15-dunne-kleiderbugel-kleid-oberteil-bluse-naturliche-holzfarbe-38-cm\/","name":"15 d\u00fcnne Kleiderb\u00fcgel f\u00fcr Kleid und Oberteil \u2013 nat\u00fcrliche Holzfarbe \u2013 Mon Cintre","isPartOf":{"@id":"https:\/\/www.mon-cintre.com\/de\/#website"},"primaryImageOfPage":{"@id":"https:\/\/www.mon-cintre.com\/de\/produit\/15-dunne-kleiderbugel-kleid-oberteil-bluse-naturliche-holzfarbe-38-cm\/#primaryimage"},"image":{"@id":"https:\/\/www.mon-cintre.com\/de\/produit\/15-dunne-kleiderbugel-kleid-oberteil-bluse-naturliche-holzfarbe-38-cm\/#primaryimage"},"thumbnailUrl":"https:\/\/www.mon-cintre.com\/wp-content\/uploads\/2021\/05\/cintre-robe-encoches-CLA3815ENCO-NA-1-2.jpg","datePublished":"2021-05-25T09:22:02+00:00","dateModified":"2026-04-25T21:07:01+00:00","description":"Ein Kleiderb\u00fcgel speziell f\u00fcr Kleider. Entdecken Sie die gesamte Kleiderb\u00fcgelkollektion f\u00fcr naturlackiertes Eschenholz.","breadcrumb":{"@id":"https:\/\/www.mon-cintre.com\/de\/produit\/15-dunne-kleiderbugel-kleid-oberteil-bluse-naturliche-holzfarbe-38-cm\/#breadcrumb"},"inLanguage":"de","potentialAction":[{"@type":"ReadAction","target":["https:\/\/www.mon-cintre.com\/de\/produit\/15-dunne-kleiderbugel-kleid-oberteil-bluse-naturliche-holzfarbe-38-cm\/"]}]},{"@type":"ImageObject","inLanguage":"de","@id":"https:\/\/www.mon-cintre.com\/de\/produit\/15-dunne-kleiderbugel-kleid-oberteil-bluse-naturliche-holzfarbe-38-cm\/#primaryimage","url":"https:\/\/www.mon-cintre.com\/wp-content\/uploads\/2021\/05\/cintre-robe-encoches-CLA3815ENCO-NA-1-2.jpg","contentUrl":"https:\/\/www.mon-cintre.com\/wp-content\/uploads\/2021\/05\/cintre-robe-encoches-CLA3815ENCO-NA-1-2.jpg","width":2000,"height":2000,"caption":"Kleiderb\u00fcgel aus Holz, mit Kerben"},{"@type":"BreadcrumbList","@id":"https:\/\/www.mon-cintre.com\/de\/produit\/15-dunne-kleiderbugel-kleid-oberteil-bluse-naturliche-holzfarbe-38-cm\/#breadcrumb","itemListElement":[{"@type":"ListItem","position":1,"name":"Accueil","item":"https:\/\/www.mon-cintre.com\/de\/"},{"@type":"ListItem","position":2,"name":"Shop","item":"https:\/\/www.mon-cintre.com\/de\/shop\/"},{"@type":"ListItem","position":3,"name":"15 d\u00fcnne Kleiderb\u00fcgel f\u00fcr Kleid, Oberteil und Bluse &#8211; nat\u00fcrliche Holzfarbe (Breite 38 cm-Schulter 1,5 cm)"}]},{"@type":"WebSite","@id":"https:\/\/www.mon-cintre.com\/de\/#website","url":"https:\/\/www.mon-cintre.com\/de\/","name":"Mon Cintre","description":"Cintres et accessoires de dressing","publisher":{"@id":"https:\/\/www.mon-cintre.com\/de\/#organization"},"potentialAction":[{"@type":"SearchAction","target":{"@type":"EntryPoint","urlTemplate":"https:\/\/www.mon-cintre.com\/de\/?s={search_term_string}"},"query-input":{"@type":"PropertyValueSpecification","valueRequired":true,"valueName":"search_term_string"}}],"inLanguage":"de"},{"@type":"Organization","@id":"https:\/\/www.mon-cintre.com\/de\/#organization","name":"Mon Cintre","url":"https:\/\/www.mon-cintre.com\/de\/","logo":{"@type":"ImageObject","inLanguage":"de","@id":"https:\/\/www.mon-cintre.com\/de\/#\/schema\/logo\/image\/","url":"https:\/\/www.mon-cintre.com\/wp-content\/uploads\/2022\/12\/logo-blanc.png","contentUrl":"https:\/\/www.mon-cintre.com\/wp-content\/uploads\/2022\/12\/logo-blanc.png","width":345,"height":205,"caption":"Mon Cintre"},"image":{"@id":"https:\/\/www.mon-cintre.com\/de\/#\/schema\/logo\/image\/"}}]}},"_links":{"self":[{"href":"https:\/\/www.mon-cintre.com\/de\/wp-json\/wp\/v2\/product\/22319","targetHints":{"allow":["GET"]}}],"collection":[{"href":"https:\/\/www.mon-cintre.com\/de\/wp-json\/wp\/v2\/product"}],"about":[{"href":"https:\/\/www.mon-cintre.com\/de\/wp-json\/wp\/v2\/types\/product"}],"replies":[{"embeddable":true,"href":"https:\/\/www.mon-cintre.com\/de\/wp-json\/wp\/v2\/comments?post=22319"}],"wp:featuredmedia":[{"embeddable":true,"href":"https:\/\/www.mon-cintre.com\/de\/wp-json\/wp\/v2\/media\/30001"}],"wp:attachment":[{"href":"https:\/\/www.mon-cintre.com\/de\/wp-json\/wp\/v2\/media?parent=22319"}],"wp:term":[{"taxonomy":"product_brand","embeddable":true,"href":"https:\/\/www.mon-cintre.com\/de\/wp-json\/wp\/v2\/product_brand?post=22319"},{"taxonomy":"product_cat","embeddable":true,"href":"https:\/\/www.mon-cintre.com\/de\/wp-json\/wp\/v2\/product_cat?post=22319"},{"taxonomy":"product_tag","embeddable":true,"href":"https:\/\/www.mon-cintre.com\/de\/wp-json\/wp\/v2\/product_tag?post=22319"}],"curies":[{"name":"wp","href":"https:\/\/api.w.org\/{rel}","templated":true}]}}