

{"id":22394,"date":"2021-06-09T10:57:09","date_gmt":"2021-06-09T08:57:09","guid":{"rendered":"https:\/\/www.mon-cintre.com\/?post_type=product&#038;p=22394"},"modified":"2026-02-11T11:30:04","modified_gmt":"2026-02-11T10:30:04","slug":"10-bugel-hose-naturlich-holz-breite-38-cm","status":"publish","type":"product","link":"https:\/\/www.mon-cintre.com\/de\/produit\/10-bugel-hose-naturlich-holz-breite-38-cm\/","title":{"rendered":"10 Eschenholzb\u00fcgel f\u00fcr Hosen &#8211; Holzfarbe natur lackiert (Breite 38 cm)"},"content":{"rendered":"<ul>\n<li>10 Eschenholzb\u00fcgel f\u00fcr Hosen<\/li>\n<li>Nat\u00fcrlich lackierte, transparente Holzfarbe<\/li>\n<li>Haken in Farbe gunmetal matt<\/li>\n<li>Stange mit glattem Silikon-Anti-Rutsch,<\/li>\n<li>markiert nicht die Kleidung<\/li>\n<li>Breite 38 cm<\/li>\n<li>Dicke 1,5 cm<\/li>\n<li>Hakendurchmesser 5 mm, H\u00f6he 8,5 cm<\/li>\n<li>Schachtel mit 10 Aufh\u00e4ngern<\/li>\n<li>Ideal f\u00fcr Hosen, Schals, T\u00fccher, etc.<\/li>\n<li>Pflege: Mit einem weichen, trockenen Tuch abstauben<\/li>\n<li>Wichtige Informationen zu unseren Kleiderb\u00fcgeln aus Holz: Holz ist ein Naturmaterial und unsere Bretter stammen direkt von B\u00e4umen. Jedes St\u00fcck Holz kann Variationen in Farbe, Maserung und Knoten aufweisen, die f\u00fcr den urspr\u00fcnglichen Baum und den verwendeten Teil des Baumes spezifisch sind. Diese Eigenschaften verleihen dem Holz Charme, ohne die Qualit\u00e4t oder Haltbarkeit unserer Kleiderb\u00fcgel zu beeintr\u00e4chtigen. Holz ist lebendig und kann auf Ver\u00e4nderungen der Luftfeuchtigkeit reagieren. Unsere Kleiderb\u00fcgel werden teilweise auch von Hand geformt. Diese handwerkliche Herstellung macht jeden Kleiderb\u00fcgel einzigartig und es k\u00f6nnen sehr leichte Unterschiede zwischen ihnen auftreten.<\/li>\n<\/ul>\n<p>Die Nat\u00fcrlich-Kollektion wird sowohl M\u00e4nnern als auch Frauen gefallen. Sein nat\u00fcrlich lackiertes Holz in Kombination mit dem Rotguss-Haken passt in viele Innenr\u00e4ume. 12 Modelle von Kleiderb\u00fcgeln f\u00fcr alle Kleidungsst\u00fccke in Ihrem Kleiderschrank.<\/p>\n<p><img loading=\"lazy\" decoding=\"async\" class=\"alignnone size-medium wp-image-10820\" src=\"https:\/\/www.mon-cintre.com\/wp-content\/uploads\/2019\/02\/boite-cadeau-300x300.jpg\" alt=\"Boite cadeau Mon cintre\" width=\"300\" height=\"300\" srcset=\"https:\/\/www.mon-cintre.com\/wp-content\/uploads\/2019\/02\/boite-cadeau-300x300.jpg 300w, https:\/\/www.mon-cintre.com\/wp-content\/uploads\/2019\/02\/boite-cadeau-150x150.jpg 150w, https:\/\/www.mon-cintre.com\/wp-content\/uploads\/2019\/02\/boite-cadeau-100x100.jpg 100w, https:\/\/www.mon-cintre.com\/wp-content\/uploads\/2019\/02\/boite-cadeau.jpg 500w\" sizes=\"auto, (max-width: 300px) 100vw, 300px\" \/><\/p>\n<p>1 Meter Kleiderschrank = 40 Kleiderb\u00fcgel<br \/>\n<img loading=\"lazy\" decoding=\"async\" class=\"alignnone size-full wp-image-156\" src=\"https:\/\/www.mon-cintre.com\/DEV\/wp-content\/uploads\/2018\/08\/40cintres.png\" alt=\"\" width=\"190\" height=\"19\" \/><\/p>\n<p>* Unverbindliche Fotos.<br \/>\nBeachten Sie, dass sich die Farben von Bildschirm zu Bildschirm \u00e4ndern, sodass es trotz der Sorgfalt bei der Qualit\u00e4t unserer Fotos zu Abweichungen zwischen Bildschirm und Realit\u00e4t kommen kann.<\/p>\n","protected":false},"excerpt":{"rendered":"<ul>\n<li>10 Hosenb\u00fcgel mit Anti-Rutsch-Stange<\/li>\n<li>Nat\u00fcrlich lackierte Holzfarbe<\/li>\n<li>Breite 38 cm<\/li>\n<li>Dicke 1,5 cm<\/li>\n<li>Rutschfester Stab<\/li>\n<li>Schachtel mit 10 Aufh\u00e4ngern<\/li>\n<li>Handgefertigt (<span style=\"text-decoration: underline;\"><a href=\"https:\/\/www.mon-cintre.com\/de\/handgemacht\/\">Erfahren Sie mehr<\/a><\/span>)<\/li>\n<\/ul>\n<p>Bestellen Sie diese 10er-Packung Holzkleiderb\u00fcgel mit rutschfesten Griffen online und verstauen Sie Ihre Hosen dank des cleveren, offenen Designs ganz einfach im Kleiderschrank. Ab einer Bestellmenge von 20 St\u00fcck k\u00f6nnen die Kleiderb\u00fcgel mit Ihren Initialen oder Ihrem Logo personalisiert werden.<\/p>\n","protected":false},"featured_media":29771,"comment_status":"open","ping_status":"closed","template":"","meta":{"inline_featured_image":false},"product_brand":[],"product_cat":[575,639,298,294,429,308,293,457,310,645,584,630,569,549],"product_tag":[],"class_list":{"0":"post-22394","1":"product","2":"type-product","3":"status-publish","4":"has-post-thumbnail","6":"product_cat-arten-kleiderbuegeln-de","7":"product_cat-flache-kleiderbuegel","8":"product_cat-holzbugel","9":"product_cat-hosenbugel","10":"product_cat-naturliche-kollektion","11":"product_cat-kleiderbugel-fur-frauen","12":"product_cat-kleiderbugel-fur-manner","13":"product_cat-kinderbugel","14":"product_cat-kleiderbugel-fur-rocke-und-hosen","15":"product_cat-kleiderbugel-schal","16":"product_cat-kleiderbuegel-stange","17":"product_cat-kleiderbuegel-groesse","18":"product_cat-kleiderbuegelfarben","19":"product_cat-kleiderbuegel","21":"first","22":"instock","23":"taxable","24":"shipping-taxable","25":"purchasable","26":"product-type-simple"},"yoast_head":"<!-- This site is optimized with the Yoast SEO plugin v27.6 - https:\/\/yoast.com\/product\/yoast-seo-wordpress\/ -->\n<title>10 Hosenb\u00fcgel \u2013 nat\u00fcrliche Holzfarbe \u2013 Mon Cintre<\/title>\n<meta name=\"description\" content=\"10 hochwertige Kleiderb\u00fcgel aus naturlackiertem Holz zur einfachen und eleganten Aufbewahrung Ihrer Hosen dank der speziell entwickelten und rutschfesten Form.\" \/>\n<meta name=\"robots\" content=\"index, follow, max-snippet:-1, max-image-preview:large, max-video-preview:-1\" \/>\n<link rel=\"canonical\" href=\"https:\/\/www.mon-cintre.com\/de\/produit\/10-bugel-hose-naturlich-holz-breite-38-cm\/\" \/>\n<meta property=\"og:locale\" content=\"de_DE\" \/>\n<meta property=\"og:type\" content=\"article\" \/>\n<meta property=\"og:title\" content=\"10 Hosenb\u00fcgel \u2013 nat\u00fcrliche Holzfarbe \u2013 Mon Cintre\" \/>\n<meta property=\"og:description\" content=\"10 hochwertige Kleiderb\u00fcgel aus naturlackiertem Holz zur einfachen und eleganten Aufbewahrung Ihrer Hosen dank der speziell entwickelten und rutschfesten Form.\" \/>\n<meta property=\"og:url\" content=\"https:\/\/www.mon-cintre.com\/de\/produit\/10-bugel-hose-naturlich-holz-breite-38-cm\/\" \/>\n<meta property=\"og:site_name\" content=\"Mon Cintre\" \/>\n<meta property=\"article:modified_time\" content=\"2026-02-11T10:30:04+00:00\" \/>\n<meta property=\"og:image\" content=\"https:\/\/www.mon-cintre.com\/wp-content\/uploads\/2021\/06\/cintre-pantalon-PANT38-NA.jpg\" \/>\n\t<meta property=\"og:image:width\" content=\"2000\" \/>\n\t<meta property=\"og:image:height\" content=\"2000\" \/>\n\t<meta property=\"og:image:type\" content=\"image\/jpeg\" \/>\n<meta name=\"twitter:card\" content=\"summary_large_image\" \/>\n<meta name=\"twitter:label1\" content=\"Gesch\u00e4tzte Lesezeit\" \/>\n\t<meta name=\"twitter:data1\" content=\"1\u00a0Minute\" \/>\n<script type=\"application\/ld+json\" class=\"yoast-schema-graph\">{\"@context\":\"https:\\\/\\\/schema.org\",\"@graph\":[{\"@type\":\"WebPage\",\"@id\":\"https:\\\/\\\/www.mon-cintre.com\\\/de\\\/produit\\\/10-bugel-hose-naturlich-holz-breite-38-cm\\\/\",\"url\":\"https:\\\/\\\/www.mon-cintre.com\\\/de\\\/produit\\\/10-bugel-hose-naturlich-holz-breite-38-cm\\\/\",\"name\":\"10 Hosenb\u00fcgel \u2013 nat\u00fcrliche Holzfarbe \u2013 Mon Cintre\",\"isPartOf\":{\"@id\":\"https:\\\/\\\/www.mon-cintre.com\\\/de\\\/#website\"},\"primaryImageOfPage\":{\"@id\":\"https:\\\/\\\/www.mon-cintre.com\\\/de\\\/produit\\\/10-bugel-hose-naturlich-holz-breite-38-cm\\\/#primaryimage\"},\"image\":{\"@id\":\"https:\\\/\\\/www.mon-cintre.com\\\/de\\\/produit\\\/10-bugel-hose-naturlich-holz-breite-38-cm\\\/#primaryimage\"},\"thumbnailUrl\":\"https:\\\/\\\/www.mon-cintre.com\\\/wp-content\\\/uploads\\\/2021\\\/06\\\/cintre-pantalon-PANT38-NA.jpg\",\"datePublished\":\"2021-06-09T08:57:09+00:00\",\"dateModified\":\"2026-02-11T10:30:04+00:00\",\"description\":\"10 hochwertige Kleiderb\u00fcgel aus naturlackiertem Holz zur einfachen und eleganten Aufbewahrung Ihrer Hosen dank der speziell entwickelten und rutschfesten Form.\",\"breadcrumb\":{\"@id\":\"https:\\\/\\\/www.mon-cintre.com\\\/de\\\/produit\\\/10-bugel-hose-naturlich-holz-breite-38-cm\\\/#breadcrumb\"},\"inLanguage\":\"de\",\"potentialAction\":[{\"@type\":\"ReadAction\",\"target\":[\"https:\\\/\\\/www.mon-cintre.com\\\/de\\\/produit\\\/10-bugel-hose-naturlich-holz-breite-38-cm\\\/\"]}]},{\"@type\":\"ImageObject\",\"inLanguage\":\"de\",\"@id\":\"https:\\\/\\\/www.mon-cintre.com\\\/de\\\/produit\\\/10-bugel-hose-naturlich-holz-breite-38-cm\\\/#primaryimage\",\"url\":\"https:\\\/\\\/www.mon-cintre.com\\\/wp-content\\\/uploads\\\/2021\\\/06\\\/cintre-pantalon-PANT38-NA.jpg\",\"contentUrl\":\"https:\\\/\\\/www.mon-cintre.com\\\/wp-content\\\/uploads\\\/2021\\\/06\\\/cintre-pantalon-PANT38-NA.jpg\",\"width\":2000,\"height\":2000,\"caption\":\"Holzb\u00fcgel f\u00fcr Hosen, mit Anti-Rutsch\"},{\"@type\":\"BreadcrumbList\",\"@id\":\"https:\\\/\\\/www.mon-cintre.com\\\/de\\\/produit\\\/10-bugel-hose-naturlich-holz-breite-38-cm\\\/#breadcrumb\",\"itemListElement\":[{\"@type\":\"ListItem\",\"position\":1,\"name\":\"Accueil\",\"item\":\"https:\\\/\\\/www.mon-cintre.com\\\/de\\\/\"},{\"@type\":\"ListItem\",\"position\":2,\"name\":\"Shop\",\"item\":\"https:\\\/\\\/www.mon-cintre.com\\\/de\\\/shop\\\/\"},{\"@type\":\"ListItem\",\"position\":3,\"name\":\"10 Eschenholzb\u00fcgel f\u00fcr Hosen &#8211; Holzfarbe natur lackiert (Breite 38 cm)\"}]},{\"@type\":\"WebSite\",\"@id\":\"https:\\\/\\\/www.mon-cintre.com\\\/de\\\/#website\",\"url\":\"https:\\\/\\\/www.mon-cintre.com\\\/de\\\/\",\"name\":\"Mon Cintre\",\"description\":\"Cintres et accessoires de dressing\",\"publisher\":{\"@id\":\"https:\\\/\\\/www.mon-cintre.com\\\/de\\\/#organization\"},\"potentialAction\":[{\"@type\":\"SearchAction\",\"target\":{\"@type\":\"EntryPoint\",\"urlTemplate\":\"https:\\\/\\\/www.mon-cintre.com\\\/de\\\/?s={search_term_string}\"},\"query-input\":{\"@type\":\"PropertyValueSpecification\",\"valueRequired\":true,\"valueName\":\"search_term_string\"}}],\"inLanguage\":\"de\"},{\"@type\":\"Organization\",\"@id\":\"https:\\\/\\\/www.mon-cintre.com\\\/de\\\/#organization\",\"name\":\"Mon Cintre\",\"url\":\"https:\\\/\\\/www.mon-cintre.com\\\/de\\\/\",\"logo\":{\"@type\":\"ImageObject\",\"inLanguage\":\"de\",\"@id\":\"https:\\\/\\\/www.mon-cintre.com\\\/de\\\/#\\\/schema\\\/logo\\\/image\\\/\",\"url\":\"https:\\\/\\\/www.mon-cintre.com\\\/wp-content\\\/uploads\\\/2022\\\/12\\\/logo-blanc.png\",\"contentUrl\":\"https:\\\/\\\/www.mon-cintre.com\\\/wp-content\\\/uploads\\\/2022\\\/12\\\/logo-blanc.png\",\"width\":345,\"height\":205,\"caption\":\"Mon Cintre\"},\"image\":{\"@id\":\"https:\\\/\\\/www.mon-cintre.com\\\/de\\\/#\\\/schema\\\/logo\\\/image\\\/\"}}]}<\/script>\n<!-- \/ Yoast SEO plugin. -->","yoast_head_json":{"title":"10 Hosenb\u00fcgel \u2013 nat\u00fcrliche Holzfarbe \u2013 Mon Cintre","description":"10 hochwertige Kleiderb\u00fcgel aus naturlackiertem Holz zur einfachen und eleganten Aufbewahrung Ihrer Hosen dank der speziell entwickelten und rutschfesten Form.","robots":{"index":"index","follow":"follow","max-snippet":"max-snippet:-1","max-image-preview":"max-image-preview:large","max-video-preview":"max-video-preview:-1"},"canonical":"https:\/\/www.mon-cintre.com\/de\/produit\/10-bugel-hose-naturlich-holz-breite-38-cm\/","og_locale":"de_DE","og_type":"article","og_title":"10 Hosenb\u00fcgel \u2013 nat\u00fcrliche Holzfarbe \u2013 Mon Cintre","og_description":"10 hochwertige Kleiderb\u00fcgel aus naturlackiertem Holz zur einfachen und eleganten Aufbewahrung Ihrer Hosen dank der speziell entwickelten und rutschfesten Form.","og_url":"https:\/\/www.mon-cintre.com\/de\/produit\/10-bugel-hose-naturlich-holz-breite-38-cm\/","og_site_name":"Mon Cintre","article_modified_time":"2026-02-11T10:30:04+00:00","og_image":[{"width":2000,"height":2000,"url":"https:\/\/www.mon-cintre.com\/wp-content\/uploads\/2021\/06\/cintre-pantalon-PANT38-NA.jpg","type":"image\/jpeg"}],"twitter_card":"summary_large_image","twitter_misc":{"Gesch\u00e4tzte Lesezeit":"1\u00a0Minute"},"schema":{"@context":"https:\/\/schema.org","@graph":[{"@type":"WebPage","@id":"https:\/\/www.mon-cintre.com\/de\/produit\/10-bugel-hose-naturlich-holz-breite-38-cm\/","url":"https:\/\/www.mon-cintre.com\/de\/produit\/10-bugel-hose-naturlich-holz-breite-38-cm\/","name":"10 Hosenb\u00fcgel \u2013 nat\u00fcrliche Holzfarbe \u2013 Mon Cintre","isPartOf":{"@id":"https:\/\/www.mon-cintre.com\/de\/#website"},"primaryImageOfPage":{"@id":"https:\/\/www.mon-cintre.com\/de\/produit\/10-bugel-hose-naturlich-holz-breite-38-cm\/#primaryimage"},"image":{"@id":"https:\/\/www.mon-cintre.com\/de\/produit\/10-bugel-hose-naturlich-holz-breite-38-cm\/#primaryimage"},"thumbnailUrl":"https:\/\/www.mon-cintre.com\/wp-content\/uploads\/2021\/06\/cintre-pantalon-PANT38-NA.jpg","datePublished":"2021-06-09T08:57:09+00:00","dateModified":"2026-02-11T10:30:04+00:00","description":"10 hochwertige Kleiderb\u00fcgel aus naturlackiertem Holz zur einfachen und eleganten Aufbewahrung Ihrer Hosen dank der speziell entwickelten und rutschfesten Form.","breadcrumb":{"@id":"https:\/\/www.mon-cintre.com\/de\/produit\/10-bugel-hose-naturlich-holz-breite-38-cm\/#breadcrumb"},"inLanguage":"de","potentialAction":[{"@type":"ReadAction","target":["https:\/\/www.mon-cintre.com\/de\/produit\/10-bugel-hose-naturlich-holz-breite-38-cm\/"]}]},{"@type":"ImageObject","inLanguage":"de","@id":"https:\/\/www.mon-cintre.com\/de\/produit\/10-bugel-hose-naturlich-holz-breite-38-cm\/#primaryimage","url":"https:\/\/www.mon-cintre.com\/wp-content\/uploads\/2021\/06\/cintre-pantalon-PANT38-NA.jpg","contentUrl":"https:\/\/www.mon-cintre.com\/wp-content\/uploads\/2021\/06\/cintre-pantalon-PANT38-NA.jpg","width":2000,"height":2000,"caption":"Holzb\u00fcgel f\u00fcr Hosen, mit Anti-Rutsch"},{"@type":"BreadcrumbList","@id":"https:\/\/www.mon-cintre.com\/de\/produit\/10-bugel-hose-naturlich-holz-breite-38-cm\/#breadcrumb","itemListElement":[{"@type":"ListItem","position":1,"name":"Accueil","item":"https:\/\/www.mon-cintre.com\/de\/"},{"@type":"ListItem","position":2,"name":"Shop","item":"https:\/\/www.mon-cintre.com\/de\/shop\/"},{"@type":"ListItem","position":3,"name":"10 Eschenholzb\u00fcgel f\u00fcr Hosen &#8211; Holzfarbe natur lackiert (Breite 38 cm)"}]},{"@type":"WebSite","@id":"https:\/\/www.mon-cintre.com\/de\/#website","url":"https:\/\/www.mon-cintre.com\/de\/","name":"Mon Cintre","description":"Cintres et accessoires de dressing","publisher":{"@id":"https:\/\/www.mon-cintre.com\/de\/#organization"},"potentialAction":[{"@type":"SearchAction","target":{"@type":"EntryPoint","urlTemplate":"https:\/\/www.mon-cintre.com\/de\/?s={search_term_string}"},"query-input":{"@type":"PropertyValueSpecification","valueRequired":true,"valueName":"search_term_string"}}],"inLanguage":"de"},{"@type":"Organization","@id":"https:\/\/www.mon-cintre.com\/de\/#organization","name":"Mon Cintre","url":"https:\/\/www.mon-cintre.com\/de\/","logo":{"@type":"ImageObject","inLanguage":"de","@id":"https:\/\/www.mon-cintre.com\/de\/#\/schema\/logo\/image\/","url":"https:\/\/www.mon-cintre.com\/wp-content\/uploads\/2022\/12\/logo-blanc.png","contentUrl":"https:\/\/www.mon-cintre.com\/wp-content\/uploads\/2022\/12\/logo-blanc.png","width":345,"height":205,"caption":"Mon Cintre"},"image":{"@id":"https:\/\/www.mon-cintre.com\/de\/#\/schema\/logo\/image\/"}}]}},"_links":{"self":[{"href":"https:\/\/www.mon-cintre.com\/de\/wp-json\/wp\/v2\/product\/22394","targetHints":{"allow":["GET"]}}],"collection":[{"href":"https:\/\/www.mon-cintre.com\/de\/wp-json\/wp\/v2\/product"}],"about":[{"href":"https:\/\/www.mon-cintre.com\/de\/wp-json\/wp\/v2\/types\/product"}],"replies":[{"embeddable":true,"href":"https:\/\/www.mon-cintre.com\/de\/wp-json\/wp\/v2\/comments?post=22394"}],"wp:featuredmedia":[{"embeddable":true,"href":"https:\/\/www.mon-cintre.com\/de\/wp-json\/wp\/v2\/media\/29771"}],"wp:attachment":[{"href":"https:\/\/www.mon-cintre.com\/de\/wp-json\/wp\/v2\/media?parent=22394"}],"wp:term":[{"taxonomy":"product_brand","embeddable":true,"href":"https:\/\/www.mon-cintre.com\/de\/wp-json\/wp\/v2\/product_brand?post=22394"},{"taxonomy":"product_cat","embeddable":true,"href":"https:\/\/www.mon-cintre.com\/de\/wp-json\/wp\/v2\/product_cat?post=22394"},{"taxonomy":"product_tag","embeddable":true,"href":"https:\/\/www.mon-cintre.com\/de\/wp-json\/wp\/v2\/product_tag?post=22394"}],"curies":[{"name":"wp","href":"https:\/\/api.w.org\/{rel}","templated":true}]}}