

{"id":22399,"date":"2021-06-09T11:03:49","date_gmt":"2021-06-09T09:03:49","guid":{"rendered":"https:\/\/www.mon-cintre.com\/?post_type=product&#038;p=22399"},"modified":"2026-03-16T19:03:43","modified_gmt":"2026-03-16T18:03:43","slug":"10-hanger-naturholz-decke-breite-43-cm","status":"publish","type":"product","link":"https:\/\/www.mon-cintre.com\/de\/produit\/10-hanger-naturholz-decke-breite-43-cm\/","title":{"rendered":"10 Kleiderb\u00fcgel f\u00fcr Hemd- naturfarbenes Holz (Breite 43 cm &#8211; Schulter 2,5 cm)"},"content":{"rendered":"<ul>\n<li>10 Luxus-Kleiderb\u00fcgel aus Eschenholz f\u00fcr Hemden, Poloshirts und T-Shirts<\/li>\n<li>Eschenholz, naturbelassener Lack<\/li>\n<li>Hakenfarbe anthrazit matt<\/li>\n<li>360\u00ba drehbarer Haken<\/li>\n<li>Rutschfester, cremefarbener Samt an den Schultern in professioneller Qualit\u00e4t, der nicht fusselt<\/li>\n<li>Breite 43 cm<\/li>\n<li>Schulterbreite 2,5 cm<\/li>\n<li>Hakendurchmesser 5 mm, H\u00f6he 8,5 cm<\/li>\n<li>Schachtel mit 10 Aufh\u00e4ngern<\/li>\n<li>Ideal f\u00fcr Hemden, Poloshirts und T-Shirts<\/li>\n<li>Pflege: Mit einem weichen, trockenen Tuch abstauben<\/li>\n<li>Wichtige Informationen zu unseren Kleiderb\u00fcgeln aus Holz: Holz ist ein Naturmaterial und unsere Bretter stammen direkt von B\u00e4umen. Jedes St\u00fcck Holz kann Variationen in Farbe, Maserung und Knoten aufweisen, die f\u00fcr den urspr\u00fcnglichen Baum und den verwendeten Teil des Baumes spezifisch sind. Diese Eigenschaften verleihen dem Holz Charme, ohne die Qualit\u00e4t oder Haltbarkeit unserer Kleiderb\u00fcgel zu beeintr\u00e4chtigen. Holz ist lebendig und kann auf Ver\u00e4nderungen der Luftfeuchtigkeit reagieren. Unsere Kleiderb\u00fcgel werden teilweise auch von Hand geformt. Diese handwerkliche Herstellung macht jeden Kleiderb\u00fcgel einzigartig und es k\u00f6nnen sehr leichte Unterschiede zwischen ihnen auftreten.<\/li>\n<\/ul>\n<p>Die Nat\u00fcrlich-Kollektion wird sowohl M\u00e4nner als auch Frauen ansprechen. Sein nat\u00fcrlich lackiertes Holz in Kombination mit dem Rotguss-Haken passt in viele Innenr\u00e4ume. 12 Modelle von Kleiderb\u00fcgeln f\u00fcr alle Kleidungsst\u00fccke in Ihrem Kleiderschrank.<\/p>\n<p>Lieferung in wei\u00dfer Geschenkbox mit Logo. Jeder Kleiderb\u00fcgel ist einzeln in eine Schutzh\u00fclle eingewickelt.<\/p>\n<p><img loading=\"lazy\" decoding=\"async\" class=\"alignnone wp-image-10820 size-medium\" src=\"https:\/\/www.mon-cintre.com\/wp-content\/uploads\/2019\/02\/boite-cadeau-300x300.jpg\" alt=\"Boite cadeau Mon cintre\" width=\"300\" height=\"300\" srcset=\"https:\/\/www.mon-cintre.com\/wp-content\/uploads\/2019\/02\/boite-cadeau-300x300.jpg 300w, https:\/\/www.mon-cintre.com\/wp-content\/uploads\/2019\/02\/boite-cadeau-150x150.jpg 150w, https:\/\/www.mon-cintre.com\/wp-content\/uploads\/2019\/02\/boite-cadeau-100x100.jpg 100w, https:\/\/www.mon-cintre.com\/wp-content\/uploads\/2019\/02\/boite-cadeau.jpg 500w\" sizes=\"auto, (max-width: 300px) 100vw, 300px\" \/><\/p>\n<p>1 Meter Kleiderschrank = 30 B\u00fcgel<br \/>\n<img loading=\"lazy\" decoding=\"async\" class=\"alignnone size-full wp-image-22691\" src=\"https:\/\/www.mon-cintre.com\/wp-content\/uploads\/2021\/06\/30cintres-1.png\" alt=\"\" width=\"190\" height=\"19\" \/><\/p>\n<p>* Unverbindliche Fotos.<br \/>\nBeachten Sie, dass die Farben auf dem Bildschirm des anderen ge\u00e4ndert werden, sodass es trotz der Qualit\u00e4t unserer Fotos zu Abweichungen zwischen allen und der Realit\u00e4t kommen kann.<\/p>\n","protected":false},"excerpt":{"rendered":"<p><strong><span style=\"color: red;\">2 Kartons mehr verf\u00fcgbar, Nachschub im Juli 2026. Vielleicht interessiert Sie auch Folgendes: <a href=\"https:\/\/www.mon-cintre.com\/de\/produit\/15-kleiderbugel-hemd-naturliches-breite-43-cm\/\">15 d\u00fcnne Kleiderb\u00fcgel f\u00fcr Hemd \u2013 nat\u00fcrliche Holzfarbe (Breite 43 cm, geschultert 1,5 cm)<\/a><\/span><\/strong><\/p>\n<ul>\n<li>10 Luxusb\u00fcgel f\u00fcr Hemden, Poloshirts und T-<\/li>\n<li>Shirts, aus Esche mit rutschfestem Samt<\/li>\n<li>Nat\u00fcrlich lackierte Holzfarbe<\/li>\n<li>Breite 43 cm<\/li>\n<li>Schulterbreite 2,5 cm<\/li>\n<li>Rutschfester, cremefarbener Samt an den Schultern in professioneller Qualit\u00e4t, der nicht fusselt<\/li>\n<li>Schachtel mit 10 Aufh\u00e4ngern<\/li>\n<li>Handgefertigt (<span style=\"text-decoration: underline;\"><a href=\"https:\/\/www.mon-cintre.com\/de\/handgemacht\/\">mehr lesen<\/a><\/span>)<\/li>\n<\/ul>\n<p>Bestellen online Sie diese 10er-Packung Holzkleiderb\u00fcgel mit rutschfesten Samtschultern \u2013 perfekt f\u00fcr Ihre Garderobe, zum Aufh\u00e4ngen von Hemden und T-Shirts. Ab einer Bestellmenge von 20 St\u00fcck k\u00f6nnen die Kleiderb\u00fcgel mit Ihren Initialen oder Ihrem Logo personalisiert werden.<\/p>\n","protected":false},"featured_media":29753,"comment_status":"open","ping_status":"closed","template":"","meta":{"inline_featured_image":false},"product_brand":[],"product_cat":[575,635,298,616,429,293,297,582,630,569,549],"product_tag":[],"class_list":{"0":"post-22399","1":"product","2":"type-product","3":"status-publish","4":"has-post-thumbnail","6":"product_cat-arten-kleiderbuegeln-de","7":"product_cat-gebogene-kleiderbuegel","8":"product_cat-holzbugel","9":"product_cat-kleiderbuegel-grosse-43","10":"product_cat-naturliche-kollektion","11":"product_cat-kleiderbugel-fur-manner","12":"product_cat-kleiderbugel-fur-hemd","13":"product_cat-kleiderbuegel-anti-rutsch-samt","14":"product_cat-kleiderbuegel-groesse","15":"product_cat-kleiderbuegelfarben","16":"product_cat-kleiderbuegel","18":"first","19":"instock","20":"taxable","21":"shipping-taxable","22":"purchasable","23":"product-type-simple"},"yoast_head":"<!-- This site is optimized with the Yoast SEO plugin v27.4 - https:\/\/yoast.com\/product\/yoast-seo-wordpress\/ -->\n<title>10 luxuri\u00f6se Eschenb\u00fcgel f\u00fcr Hemden - naturlackiertes Holz<\/title>\n<meta name=\"description\" content=\"Schachtel mit 10 Kleiderb\u00fcgeln f\u00fcr hemden, Polo und T-Shirts mit rutschfestem Velours auf den Schultern.\" \/>\n<meta name=\"robots\" content=\"index, follow, max-snippet:-1, max-image-preview:large, max-video-preview:-1\" \/>\n<link rel=\"canonical\" href=\"https:\/\/www.mon-cintre.com\/de\/produit\/10-hanger-naturholz-decke-breite-43-cm\/\" \/>\n<meta property=\"og:locale\" content=\"de_DE\" \/>\n<meta property=\"og:type\" content=\"article\" \/>\n<meta property=\"og:title\" content=\"10 luxuri\u00f6se Eschenb\u00fcgel f\u00fcr Hemden - naturlackiertes Holz\" \/>\n<meta property=\"og:description\" content=\"Schachtel mit 10 Kleiderb\u00fcgeln f\u00fcr hemden, Polo und T-Shirts mit rutschfestem Velours auf den Schultern.\" \/>\n<meta property=\"og:url\" content=\"https:\/\/www.mon-cintre.com\/de\/produit\/10-hanger-naturholz-decke-breite-43-cm\/\" \/>\n<meta property=\"og:site_name\" content=\"Mon Cintre\" \/>\n<meta property=\"article:modified_time\" content=\"2026-03-16T18:03:43+00:00\" \/>\n<meta property=\"og:image\" content=\"https:\/\/www.mon-cintre.com\/wp-content\/uploads\/2021\/06\/cintre-chemise-floque-CLA4325FLO-NA-5.jpg\" \/>\n\t<meta property=\"og:image:width\" content=\"2000\" \/>\n\t<meta property=\"og:image:height\" content=\"2000\" \/>\n\t<meta property=\"og:image:type\" content=\"image\/jpeg\" \/>\n<meta name=\"twitter:card\" content=\"summary_large_image\" \/>\n<meta name=\"twitter:label1\" content=\"Gesch\u00e4tzte Lesezeit\" \/>\n\t<meta name=\"twitter:data1\" content=\"1\u00a0Minute\" \/>\n<script type=\"application\/ld+json\" class=\"yoast-schema-graph\">{\"@context\":\"https:\\\/\\\/schema.org\",\"@graph\":[{\"@type\":\"WebPage\",\"@id\":\"https:\\\/\\\/www.mon-cintre.com\\\/de\\\/produit\\\/10-hanger-naturholz-decke-breite-43-cm\\\/\",\"url\":\"https:\\\/\\\/www.mon-cintre.com\\\/de\\\/produit\\\/10-hanger-naturholz-decke-breite-43-cm\\\/\",\"name\":\"10 luxuri\u00f6se Eschenb\u00fcgel f\u00fcr Hemden - naturlackiertes Holz\",\"isPartOf\":{\"@id\":\"https:\\\/\\\/www.mon-cintre.com\\\/de\\\/#website\"},\"primaryImageOfPage\":{\"@id\":\"https:\\\/\\\/www.mon-cintre.com\\\/de\\\/produit\\\/10-hanger-naturholz-decke-breite-43-cm\\\/#primaryimage\"},\"image\":{\"@id\":\"https:\\\/\\\/www.mon-cintre.com\\\/de\\\/produit\\\/10-hanger-naturholz-decke-breite-43-cm\\\/#primaryimage\"},\"thumbnailUrl\":\"https:\\\/\\\/www.mon-cintre.com\\\/wp-content\\\/uploads\\\/2021\\\/06\\\/cintre-chemise-floque-CLA4325FLO-NA-5.jpg\",\"datePublished\":\"2021-06-09T09:03:49+00:00\",\"dateModified\":\"2026-03-16T18:03:43+00:00\",\"description\":\"Schachtel mit 10 Kleiderb\u00fcgeln f\u00fcr hemden, Polo und T-Shirts mit rutschfestem Velours auf den Schultern.\",\"breadcrumb\":{\"@id\":\"https:\\\/\\\/www.mon-cintre.com\\\/de\\\/produit\\\/10-hanger-naturholz-decke-breite-43-cm\\\/#breadcrumb\"},\"inLanguage\":\"de\",\"potentialAction\":[{\"@type\":\"ReadAction\",\"target\":[\"https:\\\/\\\/www.mon-cintre.com\\\/de\\\/produit\\\/10-hanger-naturholz-decke-breite-43-cm\\\/\"]}]},{\"@type\":\"ImageObject\",\"inLanguage\":\"de\",\"@id\":\"https:\\\/\\\/www.mon-cintre.com\\\/de\\\/produit\\\/10-hanger-naturholz-decke-breite-43-cm\\\/#primaryimage\",\"url\":\"https:\\\/\\\/www.mon-cintre.com\\\/wp-content\\\/uploads\\\/2021\\\/06\\\/cintre-chemise-floque-CLA4325FLO-NA-5.jpg\",\"contentUrl\":\"https:\\\/\\\/www.mon-cintre.com\\\/wp-content\\\/uploads\\\/2021\\\/06\\\/cintre-chemise-floque-CLA4325FLO-NA-5.jpg\",\"width\":2000,\"height\":2000,\"caption\":\"Holzb\u00fcgel f\u00fcr Hemden, mit rutschfestem Samtbezug\"},{\"@type\":\"BreadcrumbList\",\"@id\":\"https:\\\/\\\/www.mon-cintre.com\\\/de\\\/produit\\\/10-hanger-naturholz-decke-breite-43-cm\\\/#breadcrumb\",\"itemListElement\":[{\"@type\":\"ListItem\",\"position\":1,\"name\":\"Accueil\",\"item\":\"https:\\\/\\\/www.mon-cintre.com\\\/de\\\/\"},{\"@type\":\"ListItem\",\"position\":2,\"name\":\"Shop\",\"item\":\"https:\\\/\\\/www.mon-cintre.com\\\/de\\\/shop\\\/\"},{\"@type\":\"ListItem\",\"position\":3,\"name\":\"10 Kleiderb\u00fcgel f\u00fcr Hemd- naturfarbenes Holz (Breite 43 cm &#8211; Schulter 2,5 cm)\"}]},{\"@type\":\"WebSite\",\"@id\":\"https:\\\/\\\/www.mon-cintre.com\\\/de\\\/#website\",\"url\":\"https:\\\/\\\/www.mon-cintre.com\\\/de\\\/\",\"name\":\"Mon Cintre\",\"description\":\"Cintres et accessoires de dressing\",\"publisher\":{\"@id\":\"https:\\\/\\\/www.mon-cintre.com\\\/de\\\/#organization\"},\"potentialAction\":[{\"@type\":\"SearchAction\",\"target\":{\"@type\":\"EntryPoint\",\"urlTemplate\":\"https:\\\/\\\/www.mon-cintre.com\\\/de\\\/?s={search_term_string}\"},\"query-input\":{\"@type\":\"PropertyValueSpecification\",\"valueRequired\":true,\"valueName\":\"search_term_string\"}}],\"inLanguage\":\"de\"},{\"@type\":\"Organization\",\"@id\":\"https:\\\/\\\/www.mon-cintre.com\\\/de\\\/#organization\",\"name\":\"Mon Cintre\",\"url\":\"https:\\\/\\\/www.mon-cintre.com\\\/de\\\/\",\"logo\":{\"@type\":\"ImageObject\",\"inLanguage\":\"de\",\"@id\":\"https:\\\/\\\/www.mon-cintre.com\\\/de\\\/#\\\/schema\\\/logo\\\/image\\\/\",\"url\":\"https:\\\/\\\/www.mon-cintre.com\\\/wp-content\\\/uploads\\\/2022\\\/12\\\/logo-blanc.png\",\"contentUrl\":\"https:\\\/\\\/www.mon-cintre.com\\\/wp-content\\\/uploads\\\/2022\\\/12\\\/logo-blanc.png\",\"width\":345,\"height\":205,\"caption\":\"Mon Cintre\"},\"image\":{\"@id\":\"https:\\\/\\\/www.mon-cintre.com\\\/de\\\/#\\\/schema\\\/logo\\\/image\\\/\"}}]}<\/script>\n<!-- \/ Yoast SEO plugin. -->","yoast_head_json":{"title":"10 luxuri\u00f6se Eschenb\u00fcgel f\u00fcr Hemden - naturlackiertes Holz","description":"Schachtel mit 10 Kleiderb\u00fcgeln f\u00fcr hemden, Polo und T-Shirts mit rutschfestem Velours auf den Schultern.","robots":{"index":"index","follow":"follow","max-snippet":"max-snippet:-1","max-image-preview":"max-image-preview:large","max-video-preview":"max-video-preview:-1"},"canonical":"https:\/\/www.mon-cintre.com\/de\/produit\/10-hanger-naturholz-decke-breite-43-cm\/","og_locale":"de_DE","og_type":"article","og_title":"10 luxuri\u00f6se Eschenb\u00fcgel f\u00fcr Hemden - naturlackiertes Holz","og_description":"Schachtel mit 10 Kleiderb\u00fcgeln f\u00fcr hemden, Polo und T-Shirts mit rutschfestem Velours auf den Schultern.","og_url":"https:\/\/www.mon-cintre.com\/de\/produit\/10-hanger-naturholz-decke-breite-43-cm\/","og_site_name":"Mon Cintre","article_modified_time":"2026-03-16T18:03:43+00:00","og_image":[{"width":2000,"height":2000,"url":"https:\/\/www.mon-cintre.com\/wp-content\/uploads\/2021\/06\/cintre-chemise-floque-CLA4325FLO-NA-5.jpg","type":"image\/jpeg"}],"twitter_card":"summary_large_image","twitter_misc":{"Gesch\u00e4tzte Lesezeit":"1\u00a0Minute"},"schema":{"@context":"https:\/\/schema.org","@graph":[{"@type":"WebPage","@id":"https:\/\/www.mon-cintre.com\/de\/produit\/10-hanger-naturholz-decke-breite-43-cm\/","url":"https:\/\/www.mon-cintre.com\/de\/produit\/10-hanger-naturholz-decke-breite-43-cm\/","name":"10 luxuri\u00f6se Eschenb\u00fcgel f\u00fcr Hemden - naturlackiertes Holz","isPartOf":{"@id":"https:\/\/www.mon-cintre.com\/de\/#website"},"primaryImageOfPage":{"@id":"https:\/\/www.mon-cintre.com\/de\/produit\/10-hanger-naturholz-decke-breite-43-cm\/#primaryimage"},"image":{"@id":"https:\/\/www.mon-cintre.com\/de\/produit\/10-hanger-naturholz-decke-breite-43-cm\/#primaryimage"},"thumbnailUrl":"https:\/\/www.mon-cintre.com\/wp-content\/uploads\/2021\/06\/cintre-chemise-floque-CLA4325FLO-NA-5.jpg","datePublished":"2021-06-09T09:03:49+00:00","dateModified":"2026-03-16T18:03:43+00:00","description":"Schachtel mit 10 Kleiderb\u00fcgeln f\u00fcr hemden, Polo und T-Shirts mit rutschfestem Velours auf den Schultern.","breadcrumb":{"@id":"https:\/\/www.mon-cintre.com\/de\/produit\/10-hanger-naturholz-decke-breite-43-cm\/#breadcrumb"},"inLanguage":"de","potentialAction":[{"@type":"ReadAction","target":["https:\/\/www.mon-cintre.com\/de\/produit\/10-hanger-naturholz-decke-breite-43-cm\/"]}]},{"@type":"ImageObject","inLanguage":"de","@id":"https:\/\/www.mon-cintre.com\/de\/produit\/10-hanger-naturholz-decke-breite-43-cm\/#primaryimage","url":"https:\/\/www.mon-cintre.com\/wp-content\/uploads\/2021\/06\/cintre-chemise-floque-CLA4325FLO-NA-5.jpg","contentUrl":"https:\/\/www.mon-cintre.com\/wp-content\/uploads\/2021\/06\/cintre-chemise-floque-CLA4325FLO-NA-5.jpg","width":2000,"height":2000,"caption":"Holzb\u00fcgel f\u00fcr Hemden, mit rutschfestem Samtbezug"},{"@type":"BreadcrumbList","@id":"https:\/\/www.mon-cintre.com\/de\/produit\/10-hanger-naturholz-decke-breite-43-cm\/#breadcrumb","itemListElement":[{"@type":"ListItem","position":1,"name":"Accueil","item":"https:\/\/www.mon-cintre.com\/de\/"},{"@type":"ListItem","position":2,"name":"Shop","item":"https:\/\/www.mon-cintre.com\/de\/shop\/"},{"@type":"ListItem","position":3,"name":"10 Kleiderb\u00fcgel f\u00fcr Hemd- naturfarbenes Holz (Breite 43 cm &#8211; Schulter 2,5 cm)"}]},{"@type":"WebSite","@id":"https:\/\/www.mon-cintre.com\/de\/#website","url":"https:\/\/www.mon-cintre.com\/de\/","name":"Mon Cintre","description":"Cintres et accessoires de dressing","publisher":{"@id":"https:\/\/www.mon-cintre.com\/de\/#organization"},"potentialAction":[{"@type":"SearchAction","target":{"@type":"EntryPoint","urlTemplate":"https:\/\/www.mon-cintre.com\/de\/?s={search_term_string}"},"query-input":{"@type":"PropertyValueSpecification","valueRequired":true,"valueName":"search_term_string"}}],"inLanguage":"de"},{"@type":"Organization","@id":"https:\/\/www.mon-cintre.com\/de\/#organization","name":"Mon Cintre","url":"https:\/\/www.mon-cintre.com\/de\/","logo":{"@type":"ImageObject","inLanguage":"de","@id":"https:\/\/www.mon-cintre.com\/de\/#\/schema\/logo\/image\/","url":"https:\/\/www.mon-cintre.com\/wp-content\/uploads\/2022\/12\/logo-blanc.png","contentUrl":"https:\/\/www.mon-cintre.com\/wp-content\/uploads\/2022\/12\/logo-blanc.png","width":345,"height":205,"caption":"Mon Cintre"},"image":{"@id":"https:\/\/www.mon-cintre.com\/de\/#\/schema\/logo\/image\/"}}]}},"_links":{"self":[{"href":"https:\/\/www.mon-cintre.com\/de\/wp-json\/wp\/v2\/product\/22399","targetHints":{"allow":["GET"]}}],"collection":[{"href":"https:\/\/www.mon-cintre.com\/de\/wp-json\/wp\/v2\/product"}],"about":[{"href":"https:\/\/www.mon-cintre.com\/de\/wp-json\/wp\/v2\/types\/product"}],"replies":[{"embeddable":true,"href":"https:\/\/www.mon-cintre.com\/de\/wp-json\/wp\/v2\/comments?post=22399"}],"wp:featuredmedia":[{"embeddable":true,"href":"https:\/\/www.mon-cintre.com\/de\/wp-json\/wp\/v2\/media\/29753"}],"wp:attachment":[{"href":"https:\/\/www.mon-cintre.com\/de\/wp-json\/wp\/v2\/media?parent=22399"}],"wp:term":[{"taxonomy":"product_brand","embeddable":true,"href":"https:\/\/www.mon-cintre.com\/de\/wp-json\/wp\/v2\/product_brand?post=22399"},{"taxonomy":"product_cat","embeddable":true,"href":"https:\/\/www.mon-cintre.com\/de\/wp-json\/wp\/v2\/product_cat?post=22399"},{"taxonomy":"product_tag","embeddable":true,"href":"https:\/\/www.mon-cintre.com\/de\/wp-json\/wp\/v2\/product_tag?post=22399"}],"curies":[{"name":"wp","href":"https:\/\/api.w.org\/{rel}","templated":true}]}}