

{"id":22404,"date":"2021-06-09T11:09:35","date_gmt":"2021-06-09T09:09:35","guid":{"rendered":"https:\/\/www.mon-cintre.com\/?post_type=product&#038;p=22404"},"modified":"2026-02-16T15:03:17","modified_gmt":"2026-02-16T14:03:17","slug":"15-kinder-hanger-farbe-natur-holz-breite-32-cm","status":"publish","type":"product","link":"https:\/\/www.mon-cintre.com\/de\/produit\/15-kinder-hanger-farbe-natur-holz-breite-32-cm\/","title":{"rendered":"15 Kleiderb\u00fcgel f\u00fcr Kinder &#8211; naturfarbenes Holz (Breite 32 cm &#8211; Schulter 1,5 cm)"},"content":{"rendered":"<ul>\n<li>15 Aufh\u00e4nger f\u00fcr Kinder (ca. 5 bis 13 Jahre alt)<\/li>\n<li>Kleiderb\u00fcgel f\u00fcr Hemden, T-Shirts, Kleider und kleine Oberteile<\/li>\n<li>Eschenholz, naturbelassener Lack<\/li>\n<li>Rutschfester, cremefarbener Samt an den Schultern in professioneller Qualit\u00e4t, der nicht fusselt<\/li>\n<li>Haken in mattierter Rotgussfarbe<\/li>\n<li>360\u00ba drehbarer Haken<\/li>\n<li>Breite 32 cm<\/li>\n<li>Schulterbreite 1,5 cm<\/li>\n<li>Hakendurchmesser 5 mm, H\u00f6he 8,5 cm<\/li>\n<li>Schachtel mit 15 Kleiderb\u00fcgeln<\/li>\n<li>Ideal f\u00fcr Kleider, Tops, Blusen und T-Shirts<\/li>\n<li>Pflege: Mit einem weichen, trockenen Tuch abstauben<\/li>\n<li>Wichtige Informationen zu unseren Kleiderb\u00fcgeln aus Holz: Holz ist ein Naturmaterial und unsere Bretter stammen direkt von B\u00e4umen. Jedes St\u00fcck Holz kann Variationen in Farbe, Maserung und Knoten aufweisen, die f\u00fcr den urspr\u00fcnglichen Baum und den verwendeten Teil des Baumes spezifisch sind. Diese Eigenschaften verleihen dem Holz Charme, ohne die Qualit\u00e4t oder Haltbarkeit unserer Kleiderb\u00fcgel zu beeintr\u00e4chtigen. Holz ist lebendig und kann auf Ver\u00e4nderungen der Luftfeuchtigkeit reagieren. Unsere Kleiderb\u00fcgel werden teilweise auch von Hand geformt. Diese handwerkliche Herstellung macht jeden Kleiderb\u00fcgel einzigartig und es k\u00f6nnen sehr leichte Unterschiede zwischen ihnen auftreten.<\/li>\n<\/ul>\n<p>Die Nat\u00fcrlich-Kollektion wird sowohl M\u00e4nner als auch Frauen ansprechen. Sein nat\u00fcrlich lackiertes Holz in Kombination mit dem Rotguss-Haken passt zu vielen Interieurs. 12 Modelle von Kleiderb\u00fcgeln f\u00fcr alle Kleidungsst\u00fccke in Ihrem Kleiderschrank.<\/p>\n<p>Lieferung in wei\u00dfer Geschenkbox mit Logo. Jeder Kleiderb\u00fcgel ist einzeln in eine Schutzh\u00fclle eingewickelt.<\/p>\n<p><img loading=\"lazy\" decoding=\"async\" class=\"alignnone size-medium wp-image-10820\" src=\"https:\/\/www.mon-cintre.com\/wp-content\/uploads\/2019\/02\/boite-cadeau-300x300.jpg\" alt=\"Boite cadeau Mon cintre\" width=\"300\" height=\"300\" srcset=\"https:\/\/www.mon-cintre.com\/wp-content\/uploads\/2019\/02\/boite-cadeau-300x300.jpg 300w, https:\/\/www.mon-cintre.com\/wp-content\/uploads\/2019\/02\/boite-cadeau-150x150.jpg 150w, https:\/\/www.mon-cintre.com\/wp-content\/uploads\/2019\/02\/boite-cadeau-100x100.jpg 100w, https:\/\/www.mon-cintre.com\/wp-content\/uploads\/2019\/02\/boite-cadeau.jpg 500w\" sizes=\"auto, (max-width: 300px) 100vw, 300px\" \/><\/p>\n<p>1 Meter Kleiderschrank = 42 Kleiderb\u00fcgel<br \/>\n<img loading=\"lazy\" decoding=\"async\" class=\"alignnone size-full wp-image-20127\" src=\"https:\/\/www.mon-cintre.com\/wp-content\/uploads\/2020\/09\/60cintres.png\" alt=\"\" width=\"190\" height=\"20\" \/><\/p>\n<p>* Unverbindliche Fotos.<br \/>\nBeachten Sie, dass die Farben auf dem Bildschirm des anderen ge\u00e4ndert werden, sodass es trotz der Qualit\u00e4t unserer Fotos zu Abweichungen zwischen allen und der Realit\u00e4t kommen kann.<\/p>\n","protected":false},"excerpt":{"rendered":"<ul>\n<li>15 Holzb\u00fcgel f\u00fcr Kinder (ca. 5 bis 13 Jahre alt)<\/li>\n<li>Kleiderb\u00fcgel f\u00fcr Hemden, T-Shirts, Kleider und kleine Oberteile<\/li>\n<li>Nat\u00fcrlich lackiertes Holz<\/li>\n<li>Breite 32 cm<\/li>\n<li>Schulterbreite 1,5 cm<\/li>\n<li>Anti-Rutsch-Samt an den Schultern<\/li>\n<li>Schachtel mit 15 Kleiderb\u00fcgeln<\/li>\n<li>Handgefertigt (<span style=\"text-decoration: underline;\"><a href=\"https:\/\/www.mon-cintre.com\/de\/handgemacht\/\">Mehr lesen<\/a><\/span>)<\/li>\n<\/ul>\n<p>Bestellen Sie online diese Box mit 15 Holzkleiderb\u00fcgeln f\u00fcr Ihr Kind. Die Kleiderb\u00fcgel sind mit rutschfesten Samtbez\u00fcgen versehen. Auch die Kleinsten verdienen die sch\u00f6nsten Kleiderb\u00fcgel in ihrem Kleiderschrank. Ab einer Bestellmenge von 30 St\u00fcck k\u00f6nnen die Kleiderb\u00fcgel mit Initialen oder einem Logo personalisiert werden.<\/p>\n","protected":false},"featured_media":30027,"comment_status":"open","ping_status":"closed","template":"","meta":{"inline_featured_image":false},"product_brand":[],"product_cat":[639,298,613,429,457,630,549],"product_tag":[],"class_list":{"0":"post-22404","1":"product","2":"type-product","3":"status-publish","4":"has-post-thumbnail","6":"product_cat-flache-kleiderbuegel","7":"product_cat-holzbugel","8":"product_cat-kleiderbuegel-grosse-32","9":"product_cat-naturliche-kollektion","10":"product_cat-kinderbugel","11":"product_cat-kleiderbuegel-groesse","12":"product_cat-kleiderbuegel","14":"first","15":"instock","16":"taxable","17":"shipping-taxable","18":"purchasable","19":"product-type-simple"},"yoast_head":"<!-- This site is optimized with the Yoast SEO plugin v27.5 - https:\/\/yoast.com\/product\/yoast-seo-wordpress\/ -->\n<title>15 Kleiderb\u00fcgel f\u00fcr Kinder - naturfarbenes Holz (Breite 32 cm - Schulter 1,5 cm) - Mon Cintre<\/title>\n<meta name=\"description\" content=\"Ein naturlackierter Holzb\u00fcgel, der mit seinem rutschfesten Samt an den Schultern ideal f\u00fcr die Hemden, T-Shirts und Kleider Ihrer Kinder ist.\" \/>\n<meta name=\"robots\" content=\"index, follow, max-snippet:-1, max-image-preview:large, max-video-preview:-1\" \/>\n<link rel=\"canonical\" href=\"https:\/\/www.mon-cintre.com\/de\/produit\/15-kinder-hanger-farbe-natur-holz-breite-32-cm\/\" \/>\n<meta property=\"og:locale\" content=\"de_DE\" \/>\n<meta property=\"og:type\" content=\"article\" \/>\n<meta property=\"og:title\" content=\"15 Kleiderb\u00fcgel f\u00fcr Kinder - naturfarbenes Holz (Breite 32 cm - Schulter 1,5 cm) - Mon Cintre\" \/>\n<meta property=\"og:description\" content=\"Ein naturlackierter Holzb\u00fcgel, der mit seinem rutschfesten Samt an den Schultern ideal f\u00fcr die Hemden, T-Shirts und Kleider Ihrer Kinder ist.\" \/>\n<meta property=\"og:url\" content=\"https:\/\/www.mon-cintre.com\/de\/produit\/15-kinder-hanger-farbe-natur-holz-breite-32-cm\/\" \/>\n<meta property=\"og:site_name\" content=\"Mon Cintre\" \/>\n<meta property=\"article:modified_time\" content=\"2026-02-16T14:03:17+00:00\" \/>\n<meta property=\"og:image\" content=\"https:\/\/www.mon-cintre.com\/wp-content\/uploads\/2021\/06\/cintre-bois-enfant-CLA3215FLO-NA.jpg\" \/>\n\t<meta property=\"og:image:width\" content=\"2000\" \/>\n\t<meta property=\"og:image:height\" content=\"2000\" \/>\n\t<meta property=\"og:image:type\" content=\"image\/jpeg\" \/>\n<meta name=\"twitter:card\" content=\"summary_large_image\" \/>\n<meta name=\"twitter:label1\" content=\"Gesch\u00e4tzte Lesezeit\" \/>\n\t<meta name=\"twitter:data1\" content=\"1\u00a0Minute\" \/>\n<script type=\"application\/ld+json\" class=\"yoast-schema-graph\">{\"@context\":\"https:\\\/\\\/schema.org\",\"@graph\":[{\"@type\":\"WebPage\",\"@id\":\"https:\\\/\\\/www.mon-cintre.com\\\/de\\\/produit\\\/15-kinder-hanger-farbe-natur-holz-breite-32-cm\\\/\",\"url\":\"https:\\\/\\\/www.mon-cintre.com\\\/de\\\/produit\\\/15-kinder-hanger-farbe-natur-holz-breite-32-cm\\\/\",\"name\":\"15 Kleiderb\u00fcgel f\u00fcr Kinder - naturfarbenes Holz (Breite 32 cm - Schulter 1,5 cm) - Mon Cintre\",\"isPartOf\":{\"@id\":\"https:\\\/\\\/www.mon-cintre.com\\\/de\\\/#website\"},\"primaryImageOfPage\":{\"@id\":\"https:\\\/\\\/www.mon-cintre.com\\\/de\\\/produit\\\/15-kinder-hanger-farbe-natur-holz-breite-32-cm\\\/#primaryimage\"},\"image\":{\"@id\":\"https:\\\/\\\/www.mon-cintre.com\\\/de\\\/produit\\\/15-kinder-hanger-farbe-natur-holz-breite-32-cm\\\/#primaryimage\"},\"thumbnailUrl\":\"https:\\\/\\\/www.mon-cintre.com\\\/wp-content\\\/uploads\\\/2021\\\/06\\\/cintre-bois-enfant-CLA3215FLO-NA.jpg\",\"datePublished\":\"2021-06-09T09:09:35+00:00\",\"dateModified\":\"2026-02-16T14:03:17+00:00\",\"description\":\"Ein naturlackierter Holzb\u00fcgel, der mit seinem rutschfesten Samt an den Schultern ideal f\u00fcr die Hemden, T-Shirts und Kleider Ihrer Kinder ist.\",\"breadcrumb\":{\"@id\":\"https:\\\/\\\/www.mon-cintre.com\\\/de\\\/produit\\\/15-kinder-hanger-farbe-natur-holz-breite-32-cm\\\/#breadcrumb\"},\"inLanguage\":\"de\",\"potentialAction\":[{\"@type\":\"ReadAction\",\"target\":[\"https:\\\/\\\/www.mon-cintre.com\\\/de\\\/produit\\\/15-kinder-hanger-farbe-natur-holz-breite-32-cm\\\/\"]}]},{\"@type\":\"ImageObject\",\"inLanguage\":\"de\",\"@id\":\"https:\\\/\\\/www.mon-cintre.com\\\/de\\\/produit\\\/15-kinder-hanger-farbe-natur-holz-breite-32-cm\\\/#primaryimage\",\"url\":\"https:\\\/\\\/www.mon-cintre.com\\\/wp-content\\\/uploads\\\/2021\\\/06\\\/cintre-bois-enfant-CLA3215FLO-NA.jpg\",\"contentUrl\":\"https:\\\/\\\/www.mon-cintre.com\\\/wp-content\\\/uploads\\\/2021\\\/06\\\/cintre-bois-enfant-CLA3215FLO-NA.jpg\",\"width\":2000,\"height\":2000,\"caption\":\"Kleiderb\u00fcgel aus Holz f\u00fcr Kinder mit Anti-Rutsch-Samt\"},{\"@type\":\"BreadcrumbList\",\"@id\":\"https:\\\/\\\/www.mon-cintre.com\\\/de\\\/produit\\\/15-kinder-hanger-farbe-natur-holz-breite-32-cm\\\/#breadcrumb\",\"itemListElement\":[{\"@type\":\"ListItem\",\"position\":1,\"name\":\"Accueil\",\"item\":\"https:\\\/\\\/www.mon-cintre.com\\\/de\\\/\"},{\"@type\":\"ListItem\",\"position\":2,\"name\":\"Shop\",\"item\":\"https:\\\/\\\/www.mon-cintre.com\\\/de\\\/shop\\\/\"},{\"@type\":\"ListItem\",\"position\":3,\"name\":\"15 Kleiderb\u00fcgel f\u00fcr Kinder &#8211; naturfarbenes Holz (Breite 32 cm &#8211; Schulter 1,5 cm)\"}]},{\"@type\":\"WebSite\",\"@id\":\"https:\\\/\\\/www.mon-cintre.com\\\/de\\\/#website\",\"url\":\"https:\\\/\\\/www.mon-cintre.com\\\/de\\\/\",\"name\":\"Mon Cintre\",\"description\":\"Cintres et accessoires de dressing\",\"publisher\":{\"@id\":\"https:\\\/\\\/www.mon-cintre.com\\\/de\\\/#organization\"},\"potentialAction\":[{\"@type\":\"SearchAction\",\"target\":{\"@type\":\"EntryPoint\",\"urlTemplate\":\"https:\\\/\\\/www.mon-cintre.com\\\/de\\\/?s={search_term_string}\"},\"query-input\":{\"@type\":\"PropertyValueSpecification\",\"valueRequired\":true,\"valueName\":\"search_term_string\"}}],\"inLanguage\":\"de\"},{\"@type\":\"Organization\",\"@id\":\"https:\\\/\\\/www.mon-cintre.com\\\/de\\\/#organization\",\"name\":\"Mon Cintre\",\"url\":\"https:\\\/\\\/www.mon-cintre.com\\\/de\\\/\",\"logo\":{\"@type\":\"ImageObject\",\"inLanguage\":\"de\",\"@id\":\"https:\\\/\\\/www.mon-cintre.com\\\/de\\\/#\\\/schema\\\/logo\\\/image\\\/\",\"url\":\"https:\\\/\\\/www.mon-cintre.com\\\/wp-content\\\/uploads\\\/2022\\\/12\\\/logo-blanc.png\",\"contentUrl\":\"https:\\\/\\\/www.mon-cintre.com\\\/wp-content\\\/uploads\\\/2022\\\/12\\\/logo-blanc.png\",\"width\":345,\"height\":205,\"caption\":\"Mon Cintre\"},\"image\":{\"@id\":\"https:\\\/\\\/www.mon-cintre.com\\\/de\\\/#\\\/schema\\\/logo\\\/image\\\/\"}}]}<\/script>\n<!-- \/ Yoast SEO plugin. -->","yoast_head_json":{"title":"15 Kleiderb\u00fcgel f\u00fcr Kinder - naturfarbenes Holz (Breite 32 cm - Schulter 1,5 cm) - Mon Cintre","description":"Ein naturlackierter Holzb\u00fcgel, der mit seinem rutschfesten Samt an den Schultern ideal f\u00fcr die Hemden, T-Shirts und Kleider Ihrer Kinder ist.","robots":{"index":"index","follow":"follow","max-snippet":"max-snippet:-1","max-image-preview":"max-image-preview:large","max-video-preview":"max-video-preview:-1"},"canonical":"https:\/\/www.mon-cintre.com\/de\/produit\/15-kinder-hanger-farbe-natur-holz-breite-32-cm\/","og_locale":"de_DE","og_type":"article","og_title":"15 Kleiderb\u00fcgel f\u00fcr Kinder - naturfarbenes Holz (Breite 32 cm - Schulter 1,5 cm) - Mon Cintre","og_description":"Ein naturlackierter Holzb\u00fcgel, der mit seinem rutschfesten Samt an den Schultern ideal f\u00fcr die Hemden, T-Shirts und Kleider Ihrer Kinder ist.","og_url":"https:\/\/www.mon-cintre.com\/de\/produit\/15-kinder-hanger-farbe-natur-holz-breite-32-cm\/","og_site_name":"Mon Cintre","article_modified_time":"2026-02-16T14:03:17+00:00","og_image":[{"width":2000,"height":2000,"url":"https:\/\/www.mon-cintre.com\/wp-content\/uploads\/2021\/06\/cintre-bois-enfant-CLA3215FLO-NA.jpg","type":"image\/jpeg"}],"twitter_card":"summary_large_image","twitter_misc":{"Gesch\u00e4tzte Lesezeit":"1\u00a0Minute"},"schema":{"@context":"https:\/\/schema.org","@graph":[{"@type":"WebPage","@id":"https:\/\/www.mon-cintre.com\/de\/produit\/15-kinder-hanger-farbe-natur-holz-breite-32-cm\/","url":"https:\/\/www.mon-cintre.com\/de\/produit\/15-kinder-hanger-farbe-natur-holz-breite-32-cm\/","name":"15 Kleiderb\u00fcgel f\u00fcr Kinder - naturfarbenes Holz (Breite 32 cm - Schulter 1,5 cm) - Mon Cintre","isPartOf":{"@id":"https:\/\/www.mon-cintre.com\/de\/#website"},"primaryImageOfPage":{"@id":"https:\/\/www.mon-cintre.com\/de\/produit\/15-kinder-hanger-farbe-natur-holz-breite-32-cm\/#primaryimage"},"image":{"@id":"https:\/\/www.mon-cintre.com\/de\/produit\/15-kinder-hanger-farbe-natur-holz-breite-32-cm\/#primaryimage"},"thumbnailUrl":"https:\/\/www.mon-cintre.com\/wp-content\/uploads\/2021\/06\/cintre-bois-enfant-CLA3215FLO-NA.jpg","datePublished":"2021-06-09T09:09:35+00:00","dateModified":"2026-02-16T14:03:17+00:00","description":"Ein naturlackierter Holzb\u00fcgel, der mit seinem rutschfesten Samt an den Schultern ideal f\u00fcr die Hemden, T-Shirts und Kleider Ihrer Kinder ist.","breadcrumb":{"@id":"https:\/\/www.mon-cintre.com\/de\/produit\/15-kinder-hanger-farbe-natur-holz-breite-32-cm\/#breadcrumb"},"inLanguage":"de","potentialAction":[{"@type":"ReadAction","target":["https:\/\/www.mon-cintre.com\/de\/produit\/15-kinder-hanger-farbe-natur-holz-breite-32-cm\/"]}]},{"@type":"ImageObject","inLanguage":"de","@id":"https:\/\/www.mon-cintre.com\/de\/produit\/15-kinder-hanger-farbe-natur-holz-breite-32-cm\/#primaryimage","url":"https:\/\/www.mon-cintre.com\/wp-content\/uploads\/2021\/06\/cintre-bois-enfant-CLA3215FLO-NA.jpg","contentUrl":"https:\/\/www.mon-cintre.com\/wp-content\/uploads\/2021\/06\/cintre-bois-enfant-CLA3215FLO-NA.jpg","width":2000,"height":2000,"caption":"Kleiderb\u00fcgel aus Holz f\u00fcr Kinder mit Anti-Rutsch-Samt"},{"@type":"BreadcrumbList","@id":"https:\/\/www.mon-cintre.com\/de\/produit\/15-kinder-hanger-farbe-natur-holz-breite-32-cm\/#breadcrumb","itemListElement":[{"@type":"ListItem","position":1,"name":"Accueil","item":"https:\/\/www.mon-cintre.com\/de\/"},{"@type":"ListItem","position":2,"name":"Shop","item":"https:\/\/www.mon-cintre.com\/de\/shop\/"},{"@type":"ListItem","position":3,"name":"15 Kleiderb\u00fcgel f\u00fcr Kinder &#8211; naturfarbenes Holz (Breite 32 cm &#8211; Schulter 1,5 cm)"}]},{"@type":"WebSite","@id":"https:\/\/www.mon-cintre.com\/de\/#website","url":"https:\/\/www.mon-cintre.com\/de\/","name":"Mon Cintre","description":"Cintres et accessoires de dressing","publisher":{"@id":"https:\/\/www.mon-cintre.com\/de\/#organization"},"potentialAction":[{"@type":"SearchAction","target":{"@type":"EntryPoint","urlTemplate":"https:\/\/www.mon-cintre.com\/de\/?s={search_term_string}"},"query-input":{"@type":"PropertyValueSpecification","valueRequired":true,"valueName":"search_term_string"}}],"inLanguage":"de"},{"@type":"Organization","@id":"https:\/\/www.mon-cintre.com\/de\/#organization","name":"Mon Cintre","url":"https:\/\/www.mon-cintre.com\/de\/","logo":{"@type":"ImageObject","inLanguage":"de","@id":"https:\/\/www.mon-cintre.com\/de\/#\/schema\/logo\/image\/","url":"https:\/\/www.mon-cintre.com\/wp-content\/uploads\/2022\/12\/logo-blanc.png","contentUrl":"https:\/\/www.mon-cintre.com\/wp-content\/uploads\/2022\/12\/logo-blanc.png","width":345,"height":205,"caption":"Mon Cintre"},"image":{"@id":"https:\/\/www.mon-cintre.com\/de\/#\/schema\/logo\/image\/"}}]}},"_links":{"self":[{"href":"https:\/\/www.mon-cintre.com\/de\/wp-json\/wp\/v2\/product\/22404","targetHints":{"allow":["GET"]}}],"collection":[{"href":"https:\/\/www.mon-cintre.com\/de\/wp-json\/wp\/v2\/product"}],"about":[{"href":"https:\/\/www.mon-cintre.com\/de\/wp-json\/wp\/v2\/types\/product"}],"replies":[{"embeddable":true,"href":"https:\/\/www.mon-cintre.com\/de\/wp-json\/wp\/v2\/comments?post=22404"}],"wp:featuredmedia":[{"embeddable":true,"href":"https:\/\/www.mon-cintre.com\/de\/wp-json\/wp\/v2\/media\/30027"}],"wp:attachment":[{"href":"https:\/\/www.mon-cintre.com\/de\/wp-json\/wp\/v2\/media?parent=22404"}],"wp:term":[{"taxonomy":"product_brand","embeddable":true,"href":"https:\/\/www.mon-cintre.com\/de\/wp-json\/wp\/v2\/product_brand?post=22404"},{"taxonomy":"product_cat","embeddable":true,"href":"https:\/\/www.mon-cintre.com\/de\/wp-json\/wp\/v2\/product_cat?post=22404"},{"taxonomy":"product_tag","embeddable":true,"href":"https:\/\/www.mon-cintre.com\/de\/wp-json\/wp\/v2\/product_tag?post=22404"}],"curies":[{"name":"wp","href":"https:\/\/api.w.org\/{rel}","templated":true}]}}