

{"id":23223,"date":"2021-12-13T15:39:38","date_gmt":"2022-02-18T11:17:52","guid":{"rendered":"https:\/\/www.mon-cintre.com\/?post_type=product&#038;p=23223"},"modified":"2024-11-24T17:45:37","modified_gmt":"2024-11-24T16:45:37","slug":"reisetasche-huelle-anzug-schuhe-vegan","status":"publish","type":"product","link":"https:\/\/www.mon-cintre.com\/de\/produit\/reisetasche-huelle-anzug-schuhe-vegan\/","title":{"rendered":"Reisetasche aus umweltbewusstem Kunstleder mit \u00dcberzug f\u00fcr Anzug und Schuhe \u2013 Farbe Blau"},"content":{"rendered":"<p>3-in-1-Reisetasche aus umweltfreundlichem Kunstleder (Veganes Leder genannt) und hoher Qualit\u00e4t:<\/p>\n<ul>\n<li style=\"list-style-type: none;\">\n<ol>\n<li style=\"list-style-type: none;\">\n<ol>\n<li>eine elegante und praktische Tasche mit vielen ger\u00e4umigen Aufbewahrungsf\u00e4chern<\/li>\n<li>eine H\u00fclle, um einen Anzug oder andere Kleidungsst\u00fccke flach und mit ihrem Kleiderb\u00fcgel aufzubewahren<\/li>\n<li>ein separates Fach zur Aufbewahrung eines Paar Schuhe, mit \u00d6ffnung an der Seite der Tasche<\/li>\n<\/ol>\n<\/li>\n<\/ol>\n<\/li>\n<li>Farbe: BLAU<\/li>\n<li>Ma\u00dfe geschlossen: 58 x 36 x 31 cm<\/li>\n<li>Ma\u00dfe offen: 58 x 114 x 110 cm<\/li>\n<li>Gewicht: 2 kg<\/li>\n<li>3 Au\u00dfentaschen<\/li>\n<li>4 Innentaschen<\/li>\n<li>Au\u00dfenseite aus hochwertigem, umweltfreundlichem Kunstleder (veganes Leder)<\/li>\n<li>Innenfutter aus schwarzer Mikrofaser<\/li>\n<li>Metallteile in Gunmetal-Farbe<\/li>\n<li>4 sch\u00fctzende Endkappen unter der Tasche, um sie absolut sicher auf dem Boden abstellen zu k\u00f6nnen<\/li>\n<li>Wird mit einem abnehmbaren Schultergurt geliefert (Achten Sie darauf, die Tasche nicht zu \u00fcberlasten, wenn Sie den Schultergurt verwenden.)<\/li>\n<li>Ziehen Sie die Tasche auf den Teleskopgriff eines Koffers<\/li>\n<li>Reisen Sie mit Ihrer Tasche im Handgep\u00e4ck (abh\u00e4ngig von den Fluggesellschaften und au\u00dfer Low-Cost-Fluggesellschaft)<\/li>\n<\/ul>\n<p><img loading=\"lazy\" decoding=\"async\" class=\"alignnone wp-image-28724\" src=\"https:\/\/www.mon-cintre.com\/wp-content\/uploads\/2021\/12\/sac-cuir-bagage-cabine-1024x1024.jpg\" alt=\"Sac de voyage en similicuir accept\u00e9 en bagage cabine\" width=\"600\" height=\"600\" srcset=\"https:\/\/www.mon-cintre.com\/wp-content\/uploads\/2021\/12\/sac-cuir-bagage-cabine-1024x1024.jpg 1024w, https:\/\/www.mon-cintre.com\/wp-content\/uploads\/2021\/12\/sac-cuir-bagage-cabine-300x300.jpg 300w, https:\/\/www.mon-cintre.com\/wp-content\/uploads\/2021\/12\/sac-cuir-bagage-cabine-150x150.jpg 150w, https:\/\/www.mon-cintre.com\/wp-content\/uploads\/2021\/12\/sac-cuir-bagage-cabine-768x768.jpg 768w, https:\/\/www.mon-cintre.com\/wp-content\/uploads\/2021\/12\/sac-cuir-bagage-cabine-1536x1536.jpg 1536w, https:\/\/www.mon-cintre.com\/wp-content\/uploads\/2021\/12\/sac-cuir-bagage-cabine-650x650.jpg 650w, https:\/\/www.mon-cintre.com\/wp-content\/uploads\/2021\/12\/sac-cuir-bagage-cabine-500x500.jpg 500w, https:\/\/www.mon-cintre.com\/wp-content\/uploads\/2021\/12\/sac-cuir-bagage-cabine-1800x1800.jpg 1800w, https:\/\/www.mon-cintre.com\/wp-content\/uploads\/2021\/12\/sac-cuir-bagage-cabine-100x100.jpg 100w, https:\/\/www.mon-cintre.com\/wp-content\/uploads\/2021\/12\/sac-cuir-bagage-cabine.jpg 2000w\" sizes=\"auto, (max-width: 600px) 100vw, 600px\" \/><br \/>\n<img loading=\"lazy\" decoding=\"async\" class=\"alignnone wp-image-25220 size-large\" src=\"https:\/\/www.mon-cintre.com\/wp-content\/uploads\/2021\/11\/sac-voyage-1024x1024.jpg\" alt=\"\" width=\"600\" height=\"600\" srcset=\"https:\/\/www.mon-cintre.com\/wp-content\/uploads\/2021\/11\/sac-voyage-1024x1024.jpg 1024w, https:\/\/www.mon-cintre.com\/wp-content\/uploads\/2021\/11\/sac-voyage-300x300.jpg 300w, https:\/\/www.mon-cintre.com\/wp-content\/uploads\/2021\/11\/sac-voyage-150x150.jpg 150w, https:\/\/www.mon-cintre.com\/wp-content\/uploads\/2021\/11\/sac-voyage-768x768.jpg 768w, https:\/\/www.mon-cintre.com\/wp-content\/uploads\/2021\/11\/sac-voyage-1536x1536.jpg 1536w, https:\/\/www.mon-cintre.com\/wp-content\/uploads\/2021\/11\/sac-voyage-650x650.jpg 650w, https:\/\/www.mon-cintre.com\/wp-content\/uploads\/2021\/11\/sac-voyage-500x500.jpg 500w, https:\/\/www.mon-cintre.com\/wp-content\/uploads\/2021\/11\/sac-voyage-1800x1800.jpg 1800w, https:\/\/www.mon-cintre.com\/wp-content\/uploads\/2021\/11\/sac-voyage-100x100.jpg 100w, https:\/\/www.mon-cintre.com\/wp-content\/uploads\/2021\/11\/sac-voyage.jpg 2000w\" sizes=\"auto, (max-width: 600px) 100vw, 600px\" \/><\/p>\n<p>Die Mon Cintre 3-in-1-Reisetasche ist ideal f\u00fcr Gesch\u00e4ftsleute, die f\u00fcr 1 oder 2 Tage reisen, oder f\u00fcr Golfer, die nach einer Runde Golf ins B\u00fcro zur\u00fcckkehren. Sie k\u00f6nnen einen Anzug, eine Jacke oder ein Kleid darin verstauen, ohne sie zusammenfalten zu m\u00fcssen und sie auf dem B\u00fcgel zu lassen. Die Tasche besteht auch aus einer gro\u00dfen Tasche, um Ihre Schuhe zu verstauen, und es gibt immer noch viel Stauraum f\u00fcr Ihre Toilettenartikel und Ihre anderen Kleidungsst\u00fccke und pers\u00f6nlichen Gegenst\u00e4nde.<br \/>\nSeine gro\u00dfen Au\u00dfentaschen mit Magnetverschluss erm\u00f6glichen Ihnen einen einfachen Zugriff auf kleine Reiseutensilien.<\/p>\n<p>Ihre Reisetasche wird mit einem Mon Cintre-Baumwollbezug und einer Geschenkbox geliefert.<\/p>\n<p><img loading=\"lazy\" decoding=\"async\" class=\"alignnone wp-image-30797\" src=\"https:\/\/www.mon-cintre.com\/wp-content\/uploads\/2021\/12\/boite-housse-Mon-Cintre-1024x684.jpg\" alt=\"\" width=\"600\" height=\"401\" srcset=\"https:\/\/www.mon-cintre.com\/wp-content\/uploads\/2021\/12\/boite-housse-Mon-Cintre-1024x684.jpg 1024w, https:\/\/www.mon-cintre.com\/wp-content\/uploads\/2021\/12\/boite-housse-Mon-Cintre-300x200.jpg 300w, https:\/\/www.mon-cintre.com\/wp-content\/uploads\/2021\/12\/boite-housse-Mon-Cintre-768x513.jpg 768w, https:\/\/www.mon-cintre.com\/wp-content\/uploads\/2021\/12\/boite-housse-Mon-Cintre-1536x1025.jpg 1536w, https:\/\/www.mon-cintre.com\/wp-content\/uploads\/2021\/12\/boite-housse-Mon-Cintre-650x434.jpg 650w, https:\/\/www.mon-cintre.com\/wp-content\/uploads\/2021\/12\/boite-housse-Mon-Cintre-1800x1202.jpg 1800w, https:\/\/www.mon-cintre.com\/wp-content\/uploads\/2021\/12\/boite-housse-Mon-Cintre.jpg 2000w\" sizes=\"auto, (max-width: 600px) 100vw, 600px\" \/><\/p>\n","protected":false},"excerpt":{"rendered":"<p>3-in-1-Reisetasche aus umweltfreundlichem Kunstleder (veganes Leder) und von h\u00f6chster Qualit\u00e4t:<\/p>\n<ul>\n<li style=\"list-style-type: none;\">\n<ol>\n<li style=\"list-style-type: none;\">\n<ol>\n<li>eine elegante und praktische Tasche mit vielen ger\u00e4umigen Aufbewahrungsf\u00e4chern<\/li>\n<li>eine Abdeckung, um einen Anzug oder andere Kleidungsst\u00fccke flach und auf ihrem Kleiderb\u00fcgel aufzubewahren<\/li>\n<li>ein separates Fach zur Aufbewahrung eines Paar Schuhe, mit \u00d6ffnung an der Seite der Tasche<\/li>\n<li>Wird mit einem abnehmbaren Schultergurt geliefert<\/li>\n<\/ol>\n<\/li>\n<\/ol>\n<\/li>\n<li>Farbe: BLAU (auch in BRAUN erh\u00e4ltlich: siehe <span style=\"text-decoration: underline;\"><strong><a href=\"https:\/\/www.mon-cintre.com\/de\/produit\/reisetasche-hulle-anzug-schuhe-braube-vegan\/\">HIER<\/a><\/strong><\/span>)<\/li>\n<li>Ma\u00dfe geschlossen: 58 x 36 x 31 cm<\/li>\n<li>Ma\u00dfe offen: 58 x 114 x 110 cm<\/li>\n<li>3 Au\u00dfentaschen, 4 Innentaschen<\/li>\n<li>Innenfutter aus schwarzer Mikrofaser<\/li>\n<li>Ziehen Sie die Tasche auf den Teleskopgriff eines Koffers<\/li>\n<li>Wird mit einem abnehmbaren Schultergurt geliefert (Achten Sie darauf, die Tasche nicht zu \u00fcberlasten, wenn Sie den Schultergurt verwenden.)<\/li>\n<\/ul>\n<p>Die Mon Cintre 3-in-1-Reisetasche ist ideal f\u00fcr Gesch\u00e4ftsleute, die f\u00fcr 1 oder 2 Tage reisen, oder f\u00fcr Golfer, die nach einer Runde Golf ins B\u00fcro zur\u00fcckkehren. Sie k\u00f6nnen einen Anzug, eine Jacke oder ein Kleid darin verstauen, ohne sie zusammenfalten zu m\u00fcssen und sie auf dem B\u00fcgel zu lassen. Die Tasche besteht auch aus einer gro\u00dfen Tasche, um Ihre Schuhe zu verstauen, und es gibt immer noch viel Stauraum f\u00fcr Ihre Toilettenartikel und Ihre anderen Kleidungsst\u00fccke und pers\u00f6nlichen Gegenst\u00e4nde.<\/p>\n","protected":false},"featured_media":25262,"comment_status":"open","ping_status":"closed","template":"","meta":{"inline_featured_image":false},"product_brand":[],"product_cat":[463],"product_tag":[],"class_list":{"0":"post-23223","1":"product","2":"type-product","3":"status-publish","4":"has-post-thumbnail","6":"product_cat-fuer-den-ausflug-lederwaren","8":"first","9":"instock","10":"sale","11":"taxable","12":"shipping-taxable","13":"purchasable","14":"product-type-simple"},"yoast_head":"<!-- This site is optimized with the Yoast SEO plugin v27.6 - https:\/\/yoast.com\/product\/yoast-seo-wordpress\/ -->\n<title>Reisetasche aus umweltbewusstem Kunstleder mit \u00dcberzug f\u00fcr Anzug und Schuhe \u2013 Farbe Blau - Mon Cintre<\/title>\n<meta name=\"robots\" content=\"index, follow, max-snippet:-1, max-image-preview:large, max-video-preview:-1\" \/>\n<link rel=\"canonical\" href=\"https:\/\/www.mon-cintre.com\/de\/produit\/reisetasche-huelle-anzug-schuhe-vegan\/\" \/>\n<meta property=\"og:locale\" content=\"de_DE\" \/>\n<meta property=\"og:type\" content=\"article\" \/>\n<meta property=\"og:title\" content=\"Reisetasche aus umweltbewusstem Kunstleder mit \u00dcberzug f\u00fcr Anzug und Schuhe \u2013 Farbe Blau - Mon Cintre\" \/>\n<meta property=\"og:description\" content=\"3-in-1-Reisetasche aus umweltfreundlichem Kunstleder (veganes Leder) und von h\u00f6chster Qualit\u00e4t:         eine elegante und praktische Tasche mit vielen ger\u00e4umigen Aufbewahrungsf\u00e4chern  eine Abdeckung, um einen Anzug oder andere Kleidungsst\u00fccke flach und auf ihrem Kleiderb\u00fcgel aufzubewahren  ein separates Fach zur Aufbewahrung eines Paar Schuhe, mit \u00d6ffnung an der Seite der Tasche  Wird mit einem abnehmbaren Schultergurt geliefert      Farbe: BLAU (auch in BRAUN erh\u00e4ltlich: siehe HIER)  Ma\u00dfe geschlossen: 58 x 36 x 31 cm  Ma\u00dfe offen: 58 x 114 x 110 cm  3 Au\u00dfentaschen, 4 Innentaschen  Innenfutter aus schwarzer Mikrofaser  Ziehen Sie die Tasche auf den Teleskopgriff eines Koffers  Wird mit einem abnehmbaren Schultergurt geliefert (Achten Sie darauf, die Tasche nicht zu \u00fcberlasten, wenn Sie den Schultergurt verwenden.)  Die Mon Cintre 3-in-1-Reisetasche ist ideal f\u00fcr Gesch\u00e4ftsleute, die f\u00fcr 1 oder 2 Tage reisen, oder f\u00fcr Golfer, die nach einer Runde Golf ins B\u00fcro zur\u00fcckkehren. Sie k\u00f6nnen einen Anzug, eine Jacke oder ein Kleid darin verstauen, ohne sie zusammenfalten zu m\u00fcssen und sie auf dem B\u00fcgel zu lassen. Die Tasche besteht auch aus einer gro\u00dfen Tasche, um Ihre Schuhe zu verstauen, und es gibt immer noch viel Stauraum f\u00fcr Ihre Toilettenartikel und Ihre anderen Kleidungsst\u00fccke und pers\u00f6nlichen Gegenst\u00e4nde.\" \/>\n<meta property=\"og:url\" content=\"https:\/\/www.mon-cintre.com\/de\/produit\/reisetasche-huelle-anzug-schuhe-vegan\/\" \/>\n<meta property=\"og:site_name\" content=\"Mon Cintre\" \/>\n<meta property=\"article:modified_time\" content=\"2024-11-24T16:45:37+00:00\" \/>\n<meta property=\"og:image\" content=\"https:\/\/www.mon-cintre.com\/wp-content\/uploads\/2021\/12\/sac-voyage-cuir-pu7-Copie.jpg\" \/>\n\t<meta property=\"og:image:width\" content=\"1800\" \/>\n\t<meta property=\"og:image:height\" content=\"1800\" \/>\n\t<meta property=\"og:image:type\" content=\"image\/jpeg\" \/>\n<meta name=\"twitter:card\" content=\"summary_large_image\" \/>\n<meta name=\"twitter:label1\" content=\"Gesch\u00e4tzte Lesezeit\" \/>\n\t<meta name=\"twitter:data1\" content=\"1\u00a0Minute\" \/>\n<script type=\"application\/ld+json\" class=\"yoast-schema-graph\">{\"@context\":\"https:\\\/\\\/schema.org\",\"@graph\":[{\"@type\":\"WebPage\",\"@id\":\"https:\\\/\\\/www.mon-cintre.com\\\/de\\\/produit\\\/reisetasche-huelle-anzug-schuhe-vegan\\\/\",\"url\":\"https:\\\/\\\/www.mon-cintre.com\\\/de\\\/produit\\\/reisetasche-huelle-anzug-schuhe-vegan\\\/\",\"name\":\"Reisetasche aus umweltbewusstem Kunstleder mit \u00dcberzug f\u00fcr Anzug und Schuhe \u2013 Farbe Blau - Mon Cintre\",\"isPartOf\":{\"@id\":\"https:\\\/\\\/www.mon-cintre.com\\\/de\\\/#website\"},\"primaryImageOfPage\":{\"@id\":\"https:\\\/\\\/www.mon-cintre.com\\\/de\\\/produit\\\/reisetasche-huelle-anzug-schuhe-vegan\\\/#primaryimage\"},\"image\":{\"@id\":\"https:\\\/\\\/www.mon-cintre.com\\\/de\\\/produit\\\/reisetasche-huelle-anzug-schuhe-vegan\\\/#primaryimage\"},\"thumbnailUrl\":\"https:\\\/\\\/www.mon-cintre.com\\\/wp-content\\\/uploads\\\/2021\\\/12\\\/sac-voyage-cuir-pu7-Copie.jpg\",\"datePublished\":\"2022-02-18T11:17:52+00:00\",\"dateModified\":\"2024-11-24T16:45:37+00:00\",\"breadcrumb\":{\"@id\":\"https:\\\/\\\/www.mon-cintre.com\\\/de\\\/produit\\\/reisetasche-huelle-anzug-schuhe-vegan\\\/#breadcrumb\"},\"inLanguage\":\"de\",\"potentialAction\":[{\"@type\":\"ReadAction\",\"target\":[\"https:\\\/\\\/www.mon-cintre.com\\\/de\\\/produit\\\/reisetasche-huelle-anzug-schuhe-vegan\\\/\"]}]},{\"@type\":\"ImageObject\",\"inLanguage\":\"de\",\"@id\":\"https:\\\/\\\/www.mon-cintre.com\\\/de\\\/produit\\\/reisetasche-huelle-anzug-schuhe-vegan\\\/#primaryimage\",\"url\":\"https:\\\/\\\/www.mon-cintre.com\\\/wp-content\\\/uploads\\\/2021\\\/12\\\/sac-voyage-cuir-pu7-Copie.jpg\",\"contentUrl\":\"https:\\\/\\\/www.mon-cintre.com\\\/wp-content\\\/uploads\\\/2021\\\/12\\\/sac-voyage-cuir-pu7-Copie.jpg\",\"width\":1800,\"height\":1800,\"caption\":\"Reisetasche aus veganem Leder mit H\u00fclle f\u00fcr Anzug und Schuhe\"},{\"@type\":\"BreadcrumbList\",\"@id\":\"https:\\\/\\\/www.mon-cintre.com\\\/de\\\/produit\\\/reisetasche-huelle-anzug-schuhe-vegan\\\/#breadcrumb\",\"itemListElement\":[{\"@type\":\"ListItem\",\"position\":1,\"name\":\"Accueil\",\"item\":\"https:\\\/\\\/www.mon-cintre.com\\\/de\\\/\"},{\"@type\":\"ListItem\",\"position\":2,\"name\":\"Shop\",\"item\":\"https:\\\/\\\/www.mon-cintre.com\\\/de\\\/shop\\\/\"},{\"@type\":\"ListItem\",\"position\":3,\"name\":\"Reisetasche aus umweltbewusstem Kunstleder mit \u00dcberzug f\u00fcr Anzug und Schuhe \u2013 Farbe Blau\"}]},{\"@type\":\"WebSite\",\"@id\":\"https:\\\/\\\/www.mon-cintre.com\\\/de\\\/#website\",\"url\":\"https:\\\/\\\/www.mon-cintre.com\\\/de\\\/\",\"name\":\"Mon Cintre\",\"description\":\"Cintres et accessoires de dressing\",\"publisher\":{\"@id\":\"https:\\\/\\\/www.mon-cintre.com\\\/de\\\/#organization\"},\"potentialAction\":[{\"@type\":\"SearchAction\",\"target\":{\"@type\":\"EntryPoint\",\"urlTemplate\":\"https:\\\/\\\/www.mon-cintre.com\\\/de\\\/?s={search_term_string}\"},\"query-input\":{\"@type\":\"PropertyValueSpecification\",\"valueRequired\":true,\"valueName\":\"search_term_string\"}}],\"inLanguage\":\"de\"},{\"@type\":\"Organization\",\"@id\":\"https:\\\/\\\/www.mon-cintre.com\\\/de\\\/#organization\",\"name\":\"Mon Cintre\",\"url\":\"https:\\\/\\\/www.mon-cintre.com\\\/de\\\/\",\"logo\":{\"@type\":\"ImageObject\",\"inLanguage\":\"de\",\"@id\":\"https:\\\/\\\/www.mon-cintre.com\\\/de\\\/#\\\/schema\\\/logo\\\/image\\\/\",\"url\":\"https:\\\/\\\/www.mon-cintre.com\\\/wp-content\\\/uploads\\\/2022\\\/12\\\/logo-blanc.png\",\"contentUrl\":\"https:\\\/\\\/www.mon-cintre.com\\\/wp-content\\\/uploads\\\/2022\\\/12\\\/logo-blanc.png\",\"width\":345,\"height\":205,\"caption\":\"Mon Cintre\"},\"image\":{\"@id\":\"https:\\\/\\\/www.mon-cintre.com\\\/de\\\/#\\\/schema\\\/logo\\\/image\\\/\"}}]}<\/script>\n<!-- \/ Yoast SEO plugin. -->","yoast_head_json":{"title":"Reisetasche aus umweltbewusstem Kunstleder mit \u00dcberzug f\u00fcr Anzug und Schuhe \u2013 Farbe Blau - Mon Cintre","robots":{"index":"index","follow":"follow","max-snippet":"max-snippet:-1","max-image-preview":"max-image-preview:large","max-video-preview":"max-video-preview:-1"},"canonical":"https:\/\/www.mon-cintre.com\/de\/produit\/reisetasche-huelle-anzug-schuhe-vegan\/","og_locale":"de_DE","og_type":"article","og_title":"Reisetasche aus umweltbewusstem Kunstleder mit \u00dcberzug f\u00fcr Anzug und Schuhe \u2013 Farbe Blau - Mon Cintre","og_description":"3-in-1-Reisetasche aus umweltfreundlichem Kunstleder (veganes Leder) und von h\u00f6chster Qualit\u00e4t:         eine elegante und praktische Tasche mit vielen ger\u00e4umigen Aufbewahrungsf\u00e4chern  eine Abdeckung, um einen Anzug oder andere Kleidungsst\u00fccke flach und auf ihrem Kleiderb\u00fcgel aufzubewahren  ein separates Fach zur Aufbewahrung eines Paar Schuhe, mit \u00d6ffnung an der Seite der Tasche  Wird mit einem abnehmbaren Schultergurt geliefert      Farbe: BLAU (auch in BRAUN erh\u00e4ltlich: siehe HIER)  Ma\u00dfe geschlossen: 58 x 36 x 31 cm  Ma\u00dfe offen: 58 x 114 x 110 cm  3 Au\u00dfentaschen, 4 Innentaschen  Innenfutter aus schwarzer Mikrofaser  Ziehen Sie die Tasche auf den Teleskopgriff eines Koffers  Wird mit einem abnehmbaren Schultergurt geliefert (Achten Sie darauf, die Tasche nicht zu \u00fcberlasten, wenn Sie den Schultergurt verwenden.)  Die Mon Cintre 3-in-1-Reisetasche ist ideal f\u00fcr Gesch\u00e4ftsleute, die f\u00fcr 1 oder 2 Tage reisen, oder f\u00fcr Golfer, die nach einer Runde Golf ins B\u00fcro zur\u00fcckkehren. Sie k\u00f6nnen einen Anzug, eine Jacke oder ein Kleid darin verstauen, ohne sie zusammenfalten zu m\u00fcssen und sie auf dem B\u00fcgel zu lassen. Die Tasche besteht auch aus einer gro\u00dfen Tasche, um Ihre Schuhe zu verstauen, und es gibt immer noch viel Stauraum f\u00fcr Ihre Toilettenartikel und Ihre anderen Kleidungsst\u00fccke und pers\u00f6nlichen Gegenst\u00e4nde.","og_url":"https:\/\/www.mon-cintre.com\/de\/produit\/reisetasche-huelle-anzug-schuhe-vegan\/","og_site_name":"Mon Cintre","article_modified_time":"2024-11-24T16:45:37+00:00","og_image":[{"width":1800,"height":1800,"url":"https:\/\/www.mon-cintre.com\/wp-content\/uploads\/2021\/12\/sac-voyage-cuir-pu7-Copie.jpg","type":"image\/jpeg"}],"twitter_card":"summary_large_image","twitter_misc":{"Gesch\u00e4tzte Lesezeit":"1\u00a0Minute"},"schema":{"@context":"https:\/\/schema.org","@graph":[{"@type":"WebPage","@id":"https:\/\/www.mon-cintre.com\/de\/produit\/reisetasche-huelle-anzug-schuhe-vegan\/","url":"https:\/\/www.mon-cintre.com\/de\/produit\/reisetasche-huelle-anzug-schuhe-vegan\/","name":"Reisetasche aus umweltbewusstem Kunstleder mit \u00dcberzug f\u00fcr Anzug und Schuhe \u2013 Farbe Blau - Mon Cintre","isPartOf":{"@id":"https:\/\/www.mon-cintre.com\/de\/#website"},"primaryImageOfPage":{"@id":"https:\/\/www.mon-cintre.com\/de\/produit\/reisetasche-huelle-anzug-schuhe-vegan\/#primaryimage"},"image":{"@id":"https:\/\/www.mon-cintre.com\/de\/produit\/reisetasche-huelle-anzug-schuhe-vegan\/#primaryimage"},"thumbnailUrl":"https:\/\/www.mon-cintre.com\/wp-content\/uploads\/2021\/12\/sac-voyage-cuir-pu7-Copie.jpg","datePublished":"2022-02-18T11:17:52+00:00","dateModified":"2024-11-24T16:45:37+00:00","breadcrumb":{"@id":"https:\/\/www.mon-cintre.com\/de\/produit\/reisetasche-huelle-anzug-schuhe-vegan\/#breadcrumb"},"inLanguage":"de","potentialAction":[{"@type":"ReadAction","target":["https:\/\/www.mon-cintre.com\/de\/produit\/reisetasche-huelle-anzug-schuhe-vegan\/"]}]},{"@type":"ImageObject","inLanguage":"de","@id":"https:\/\/www.mon-cintre.com\/de\/produit\/reisetasche-huelle-anzug-schuhe-vegan\/#primaryimage","url":"https:\/\/www.mon-cintre.com\/wp-content\/uploads\/2021\/12\/sac-voyage-cuir-pu7-Copie.jpg","contentUrl":"https:\/\/www.mon-cintre.com\/wp-content\/uploads\/2021\/12\/sac-voyage-cuir-pu7-Copie.jpg","width":1800,"height":1800,"caption":"Reisetasche aus veganem Leder mit H\u00fclle f\u00fcr Anzug und Schuhe"},{"@type":"BreadcrumbList","@id":"https:\/\/www.mon-cintre.com\/de\/produit\/reisetasche-huelle-anzug-schuhe-vegan\/#breadcrumb","itemListElement":[{"@type":"ListItem","position":1,"name":"Accueil","item":"https:\/\/www.mon-cintre.com\/de\/"},{"@type":"ListItem","position":2,"name":"Shop","item":"https:\/\/www.mon-cintre.com\/de\/shop\/"},{"@type":"ListItem","position":3,"name":"Reisetasche aus umweltbewusstem Kunstleder mit \u00dcberzug f\u00fcr Anzug und Schuhe \u2013 Farbe Blau"}]},{"@type":"WebSite","@id":"https:\/\/www.mon-cintre.com\/de\/#website","url":"https:\/\/www.mon-cintre.com\/de\/","name":"Mon Cintre","description":"Cintres et accessoires de dressing","publisher":{"@id":"https:\/\/www.mon-cintre.com\/de\/#organization"},"potentialAction":[{"@type":"SearchAction","target":{"@type":"EntryPoint","urlTemplate":"https:\/\/www.mon-cintre.com\/de\/?s={search_term_string}"},"query-input":{"@type":"PropertyValueSpecification","valueRequired":true,"valueName":"search_term_string"}}],"inLanguage":"de"},{"@type":"Organization","@id":"https:\/\/www.mon-cintre.com\/de\/#organization","name":"Mon Cintre","url":"https:\/\/www.mon-cintre.com\/de\/","logo":{"@type":"ImageObject","inLanguage":"de","@id":"https:\/\/www.mon-cintre.com\/de\/#\/schema\/logo\/image\/","url":"https:\/\/www.mon-cintre.com\/wp-content\/uploads\/2022\/12\/logo-blanc.png","contentUrl":"https:\/\/www.mon-cintre.com\/wp-content\/uploads\/2022\/12\/logo-blanc.png","width":345,"height":205,"caption":"Mon Cintre"},"image":{"@id":"https:\/\/www.mon-cintre.com\/de\/#\/schema\/logo\/image\/"}}]}},"_links":{"self":[{"href":"https:\/\/www.mon-cintre.com\/de\/wp-json\/wp\/v2\/product\/23223","targetHints":{"allow":["GET"]}}],"collection":[{"href":"https:\/\/www.mon-cintre.com\/de\/wp-json\/wp\/v2\/product"}],"about":[{"href":"https:\/\/www.mon-cintre.com\/de\/wp-json\/wp\/v2\/types\/product"}],"replies":[{"embeddable":true,"href":"https:\/\/www.mon-cintre.com\/de\/wp-json\/wp\/v2\/comments?post=23223"}],"wp:featuredmedia":[{"embeddable":true,"href":"https:\/\/www.mon-cintre.com\/de\/wp-json\/wp\/v2\/media\/25262"}],"wp:attachment":[{"href":"https:\/\/www.mon-cintre.com\/de\/wp-json\/wp\/v2\/media?parent=23223"}],"wp:term":[{"taxonomy":"product_brand","embeddable":true,"href":"https:\/\/www.mon-cintre.com\/de\/wp-json\/wp\/v2\/product_brand?post=23223"},{"taxonomy":"product_cat","embeddable":true,"href":"https:\/\/www.mon-cintre.com\/de\/wp-json\/wp\/v2\/product_cat?post=23223"},{"taxonomy":"product_tag","embeddable":true,"href":"https:\/\/www.mon-cintre.com\/de\/wp-json\/wp\/v2\/product_tag?post=23223"}],"curies":[{"name":"wp","href":"https:\/\/api.w.org\/{rel}","templated":true}]}}