

{"id":25391,"date":"2022-02-21T15:46:53","date_gmt":"2022-02-21T14:46:53","guid":{"rendered":"https:\/\/www.mon-cintre.com\/?post_type=product&#038;p=25391"},"modified":"2023-10-17T13:52:33","modified_gmt":"2023-10-17T11:52:33","slug":"bezug-fur-reisekleidung-aus-umweltfreundlichem-kunstleder-als-veganes-leder-bezeichnet-braune-und-blaue-farben-copie","status":"publish","type":"product","link":"https:\/\/www.mon-cintre.com\/de\/produit\/bezug-fur-reisekleidung-aus-umweltfreundlichem-kunstleder-als-veganes-leder-bezeichnet-braune-und-blaue-farben-copie\/","title":{"rendered":"Bezug f\u00fcr Reisekleidung, aus umweltfreundlichem Kunstleder (als veganes Leder bezeichnet) &#8211; Blau und wei\u00df"},"content":{"rendered":"<ul>\n<li>Kleidersack f\u00fcr Anz\u00fcge und andere Kleider auf Kleiderb\u00fcgeln<\/li>\n<li>Blaue Farbe mit wei\u00dfem Band<\/li>\n<li>Au\u00dfenmaterial aus umweltfreundlichem Kunstleder (veganes Leder) und von hoher Qualit\u00e4t<\/li>\n<li>Futter aus 100 % Polyester<\/li>\n<li>Ma\u00dfe 60 x 120 cm<\/li>\n<li>Zus\u00e4tzliche Aufbewahrungstasche auf der R\u00fcckseite von 60 x 32 cm<\/li>\n<li>Wei\u00dfes aufgesticktes Logo MC By mon cintre<\/li>\n<li>2 Tragegriffe<\/li>\n<li>M\u00f6glichkeit zum Anbringen von 2 d\u00fcnnen Kleiderb\u00fcgeln<\/li>\n<\/ul>\n<p>Ihr Kleidersack wird mit einem Mon Cintre-Baumwollbezug und einer Geschenkbox geliefert.<\/p>\n<p><img loading=\"lazy\" decoding=\"async\" class=\"alignnone wp-image-30797\" src=\"https:\/\/www.mon-cintre.com\/wp-content\/uploads\/2021\/12\/boite-housse-Mon-Cintre-1024x684.jpg\" alt=\"\" width=\"600\" height=\"401\" srcset=\"https:\/\/www.mon-cintre.com\/wp-content\/uploads\/2021\/12\/boite-housse-Mon-Cintre-1024x684.jpg 1024w, https:\/\/www.mon-cintre.com\/wp-content\/uploads\/2021\/12\/boite-housse-Mon-Cintre-300x200.jpg 300w, https:\/\/www.mon-cintre.com\/wp-content\/uploads\/2021\/12\/boite-housse-Mon-Cintre-768x513.jpg 768w, https:\/\/www.mon-cintre.com\/wp-content\/uploads\/2021\/12\/boite-housse-Mon-Cintre-1536x1025.jpg 1536w, https:\/\/www.mon-cintre.com\/wp-content\/uploads\/2021\/12\/boite-housse-Mon-Cintre-650x434.jpg 650w, https:\/\/www.mon-cintre.com\/wp-content\/uploads\/2021\/12\/boite-housse-Mon-Cintre-1800x1202.jpg 1800w, https:\/\/www.mon-cintre.com\/wp-content\/uploads\/2021\/12\/boite-housse-Mon-Cintre.jpg 2000w\" sizes=\"auto, (max-width: 600px) 100vw, 600px\" \/><\/p>\n","protected":false},"excerpt":{"rendered":"<ul>\n<li>Kleidersack f\u00fcr Anz\u00fcge und andere Kleider auf Kleiderb\u00fcgeln<\/li>\n<li>Blaue Farbe mit wei\u00dfem Band<\/li>\n<li>Au\u00dfenmaterial aus umweltfreundlichem Kunstleder (veganes Leder) und von hoher Qualit\u00e4t<\/li>\n<li>Futter aus 100\u00a0% Polyester<\/li>\n<li>Ma\u00dfe 60 x 120 cm<\/li>\n<li>Aufbewahrungstasche auf der R\u00fcckseite mit Rei\u00dfverschluss: 60 x 32 cm<\/li>\n<li>Gesticktes &#8220;MC by mon cintre&#8221;-Logo<\/li>\n<\/ul>\n","protected":false},"featured_media":25322,"comment_status":"open","ping_status":"closed","template":"","meta":{"inline_featured_image":false},"product_brand":[],"product_cat":[463],"product_tag":[],"class_list":{"0":"post-25391","1":"product","2":"type-product","3":"status-publish","4":"has-post-thumbnail","6":"product_cat-fuer-den-ausflug-lederwaren","8":"first","9":"instock","10":"sale","11":"taxable","12":"shipping-taxable","13":"purchasable","14":"product-type-simple"},"yoast_head":"<!-- This site is optimized with the Yoast SEO plugin v27.4 - https:\/\/yoast.com\/product\/yoast-seo-wordpress\/ -->\n<title>Bezug f\u00fcr Reisekleidung, aus umweltfreundlichem Kunstleder (als veganes Leder bezeichnet) - Blau und wei\u00df - Mon Cintre<\/title>\n<meta name=\"robots\" content=\"index, follow, max-snippet:-1, max-image-preview:large, max-video-preview:-1\" \/>\n<link rel=\"canonical\" href=\"https:\/\/www.mon-cintre.com\/de\/produit\/bezug-fur-reisekleidung-aus-umweltfreundlichem-kunstleder-als-veganes-leder-bezeichnet-braune-und-blaue-farben-copie\/\" \/>\n<meta property=\"og:locale\" content=\"de_DE\" \/>\n<meta property=\"og:type\" content=\"article\" \/>\n<meta property=\"og:title\" content=\"Bezug f\u00fcr Reisekleidung, aus umweltfreundlichem Kunstleder (als veganes Leder bezeichnet) - Blau und wei\u00df - Mon Cintre\" \/>\n<meta property=\"og:description\" content=\"Kleidersack f\u00fcr Anz\u00fcge und andere Kleider auf Kleiderb\u00fcgeln  Blaue Farbe mit wei\u00dfem Band  Au\u00dfenmaterial aus umweltfreundlichem Kunstleder (veganes Leder) und von hoher Qualit\u00e4t  Futter aus 100\u00a0% Polyester  Ma\u00dfe 60 x 120 cm  Aufbewahrungstasche auf der R\u00fcckseite mit Rei\u00dfverschluss: 60 x 32 cm  Gesticktes &quot;MC by mon cintre&quot;-Logo\" \/>\n<meta property=\"og:url\" content=\"https:\/\/www.mon-cintre.com\/de\/produit\/bezug-fur-reisekleidung-aus-umweltfreundlichem-kunstleder-als-veganes-leder-bezeichnet-braune-und-blaue-farben-copie\/\" \/>\n<meta property=\"og:site_name\" content=\"Mon Cintre\" \/>\n<meta property=\"article:modified_time\" content=\"2023-10-17T11:52:33+00:00\" \/>\n<meta property=\"og:image\" content=\"https:\/\/www.mon-cintre.com\/wp-content\/uploads\/2021\/10\/housse-vetement-cuir-vegan-bleu.jpg\" \/>\n\t<meta property=\"og:image:width\" content=\"2000\" \/>\n\t<meta property=\"og:image:height\" content=\"2000\" \/>\n\t<meta property=\"og:image:type\" content=\"image\/jpeg\" \/>\n<meta name=\"twitter:card\" content=\"summary_large_image\" \/>\n<script type=\"application\/ld+json\" class=\"yoast-schema-graph\">{\"@context\":\"https:\\\/\\\/schema.org\",\"@graph\":[{\"@type\":\"WebPage\",\"@id\":\"https:\\\/\\\/www.mon-cintre.com\\\/de\\\/produit\\\/bezug-fur-reisekleidung-aus-umweltfreundlichem-kunstleder-als-veganes-leder-bezeichnet-braune-und-blaue-farben-copie\\\/\",\"url\":\"https:\\\/\\\/www.mon-cintre.com\\\/de\\\/produit\\\/bezug-fur-reisekleidung-aus-umweltfreundlichem-kunstleder-als-veganes-leder-bezeichnet-braune-und-blaue-farben-copie\\\/\",\"name\":\"Bezug f\u00fcr Reisekleidung, aus umweltfreundlichem Kunstleder (als veganes Leder bezeichnet) - Blau und wei\u00df - Mon Cintre\",\"isPartOf\":{\"@id\":\"https:\\\/\\\/www.mon-cintre.com\\\/de\\\/#website\"},\"primaryImageOfPage\":{\"@id\":\"https:\\\/\\\/www.mon-cintre.com\\\/de\\\/produit\\\/bezug-fur-reisekleidung-aus-umweltfreundlichem-kunstleder-als-veganes-leder-bezeichnet-braune-und-blaue-farben-copie\\\/#primaryimage\"},\"image\":{\"@id\":\"https:\\\/\\\/www.mon-cintre.com\\\/de\\\/produit\\\/bezug-fur-reisekleidung-aus-umweltfreundlichem-kunstleder-als-veganes-leder-bezeichnet-braune-und-blaue-farben-copie\\\/#primaryimage\"},\"thumbnailUrl\":\"https:\\\/\\\/www.mon-cintre.com\\\/wp-content\\\/uploads\\\/2021\\\/10\\\/housse-vetement-cuir-vegan-bleu.jpg\",\"datePublished\":\"2022-02-21T14:46:53+00:00\",\"dateModified\":\"2023-10-17T11:52:33+00:00\",\"breadcrumb\":{\"@id\":\"https:\\\/\\\/www.mon-cintre.com\\\/de\\\/produit\\\/bezug-fur-reisekleidung-aus-umweltfreundlichem-kunstleder-als-veganes-leder-bezeichnet-braune-und-blaue-farben-copie\\\/#breadcrumb\"},\"inLanguage\":\"de\",\"potentialAction\":[{\"@type\":\"ReadAction\",\"target\":[\"https:\\\/\\\/www.mon-cintre.com\\\/de\\\/produit\\\/bezug-fur-reisekleidung-aus-umweltfreundlichem-kunstleder-als-veganes-leder-bezeichnet-braune-und-blaue-farben-copie\\\/\"]}]},{\"@type\":\"ImageObject\",\"inLanguage\":\"de\",\"@id\":\"https:\\\/\\\/www.mon-cintre.com\\\/de\\\/produit\\\/bezug-fur-reisekleidung-aus-umweltfreundlichem-kunstleder-als-veganes-leder-bezeichnet-braune-und-blaue-farben-copie\\\/#primaryimage\",\"url\":\"https:\\\/\\\/www.mon-cintre.com\\\/wp-content\\\/uploads\\\/2021\\\/10\\\/housse-vetement-cuir-vegan-bleu.jpg\",\"contentUrl\":\"https:\\\/\\\/www.mon-cintre.com\\\/wp-content\\\/uploads\\\/2021\\\/10\\\/housse-vetement-cuir-vegan-bleu.jpg\",\"width\":2000,\"height\":2000,\"caption\":\"Kleidersack aus veganem Leder\"},{\"@type\":\"BreadcrumbList\",\"@id\":\"https:\\\/\\\/www.mon-cintre.com\\\/de\\\/produit\\\/bezug-fur-reisekleidung-aus-umweltfreundlichem-kunstleder-als-veganes-leder-bezeichnet-braune-und-blaue-farben-copie\\\/#breadcrumb\",\"itemListElement\":[{\"@type\":\"ListItem\",\"position\":1,\"name\":\"Accueil\",\"item\":\"https:\\\/\\\/www.mon-cintre.com\\\/de\\\/\"},{\"@type\":\"ListItem\",\"position\":2,\"name\":\"Shop\",\"item\":\"https:\\\/\\\/www.mon-cintre.com\\\/de\\\/shop\\\/\"},{\"@type\":\"ListItem\",\"position\":3,\"name\":\"Bezug f\u00fcr Reisekleidung, aus umweltfreundlichem Kunstleder (als veganes Leder bezeichnet) &#8211; Blau und wei\u00df\"}]},{\"@type\":\"WebSite\",\"@id\":\"https:\\\/\\\/www.mon-cintre.com\\\/de\\\/#website\",\"url\":\"https:\\\/\\\/www.mon-cintre.com\\\/de\\\/\",\"name\":\"Mon Cintre\",\"description\":\"Cintres et accessoires de dressing\",\"publisher\":{\"@id\":\"https:\\\/\\\/www.mon-cintre.com\\\/de\\\/#organization\"},\"potentialAction\":[{\"@type\":\"SearchAction\",\"target\":{\"@type\":\"EntryPoint\",\"urlTemplate\":\"https:\\\/\\\/www.mon-cintre.com\\\/de\\\/?s={search_term_string}\"},\"query-input\":{\"@type\":\"PropertyValueSpecification\",\"valueRequired\":true,\"valueName\":\"search_term_string\"}}],\"inLanguage\":\"de\"},{\"@type\":\"Organization\",\"@id\":\"https:\\\/\\\/www.mon-cintre.com\\\/de\\\/#organization\",\"name\":\"Mon Cintre\",\"url\":\"https:\\\/\\\/www.mon-cintre.com\\\/de\\\/\",\"logo\":{\"@type\":\"ImageObject\",\"inLanguage\":\"de\",\"@id\":\"https:\\\/\\\/www.mon-cintre.com\\\/de\\\/#\\\/schema\\\/logo\\\/image\\\/\",\"url\":\"https:\\\/\\\/www.mon-cintre.com\\\/wp-content\\\/uploads\\\/2022\\\/12\\\/logo-blanc.png\",\"contentUrl\":\"https:\\\/\\\/www.mon-cintre.com\\\/wp-content\\\/uploads\\\/2022\\\/12\\\/logo-blanc.png\",\"width\":345,\"height\":205,\"caption\":\"Mon Cintre\"},\"image\":{\"@id\":\"https:\\\/\\\/www.mon-cintre.com\\\/de\\\/#\\\/schema\\\/logo\\\/image\\\/\"}}]}<\/script>\n<!-- \/ Yoast SEO plugin. -->","yoast_head_json":{"title":"Bezug f\u00fcr Reisekleidung, aus umweltfreundlichem Kunstleder (als veganes Leder bezeichnet) - Blau und wei\u00df - Mon Cintre","robots":{"index":"index","follow":"follow","max-snippet":"max-snippet:-1","max-image-preview":"max-image-preview:large","max-video-preview":"max-video-preview:-1"},"canonical":"https:\/\/www.mon-cintre.com\/de\/produit\/bezug-fur-reisekleidung-aus-umweltfreundlichem-kunstleder-als-veganes-leder-bezeichnet-braune-und-blaue-farben-copie\/","og_locale":"de_DE","og_type":"article","og_title":"Bezug f\u00fcr Reisekleidung, aus umweltfreundlichem Kunstleder (als veganes Leder bezeichnet) - Blau und wei\u00df - Mon Cintre","og_description":"Kleidersack f\u00fcr Anz\u00fcge und andere Kleider auf Kleiderb\u00fcgeln  Blaue Farbe mit wei\u00dfem Band  Au\u00dfenmaterial aus umweltfreundlichem Kunstleder (veganes Leder) und von hoher Qualit\u00e4t  Futter aus 100\u00a0% Polyester  Ma\u00dfe 60 x 120 cm  Aufbewahrungstasche auf der R\u00fcckseite mit Rei\u00dfverschluss: 60 x 32 cm  Gesticktes \"MC by mon cintre\"-Logo","og_url":"https:\/\/www.mon-cintre.com\/de\/produit\/bezug-fur-reisekleidung-aus-umweltfreundlichem-kunstleder-als-veganes-leder-bezeichnet-braune-und-blaue-farben-copie\/","og_site_name":"Mon Cintre","article_modified_time":"2023-10-17T11:52:33+00:00","og_image":[{"width":2000,"height":2000,"url":"https:\/\/www.mon-cintre.com\/wp-content\/uploads\/2021\/10\/housse-vetement-cuir-vegan-bleu.jpg","type":"image\/jpeg"}],"twitter_card":"summary_large_image","schema":{"@context":"https:\/\/schema.org","@graph":[{"@type":"WebPage","@id":"https:\/\/www.mon-cintre.com\/de\/produit\/bezug-fur-reisekleidung-aus-umweltfreundlichem-kunstleder-als-veganes-leder-bezeichnet-braune-und-blaue-farben-copie\/","url":"https:\/\/www.mon-cintre.com\/de\/produit\/bezug-fur-reisekleidung-aus-umweltfreundlichem-kunstleder-als-veganes-leder-bezeichnet-braune-und-blaue-farben-copie\/","name":"Bezug f\u00fcr Reisekleidung, aus umweltfreundlichem Kunstleder (als veganes Leder bezeichnet) - Blau und wei\u00df - Mon Cintre","isPartOf":{"@id":"https:\/\/www.mon-cintre.com\/de\/#website"},"primaryImageOfPage":{"@id":"https:\/\/www.mon-cintre.com\/de\/produit\/bezug-fur-reisekleidung-aus-umweltfreundlichem-kunstleder-als-veganes-leder-bezeichnet-braune-und-blaue-farben-copie\/#primaryimage"},"image":{"@id":"https:\/\/www.mon-cintre.com\/de\/produit\/bezug-fur-reisekleidung-aus-umweltfreundlichem-kunstleder-als-veganes-leder-bezeichnet-braune-und-blaue-farben-copie\/#primaryimage"},"thumbnailUrl":"https:\/\/www.mon-cintre.com\/wp-content\/uploads\/2021\/10\/housse-vetement-cuir-vegan-bleu.jpg","datePublished":"2022-02-21T14:46:53+00:00","dateModified":"2023-10-17T11:52:33+00:00","breadcrumb":{"@id":"https:\/\/www.mon-cintre.com\/de\/produit\/bezug-fur-reisekleidung-aus-umweltfreundlichem-kunstleder-als-veganes-leder-bezeichnet-braune-und-blaue-farben-copie\/#breadcrumb"},"inLanguage":"de","potentialAction":[{"@type":"ReadAction","target":["https:\/\/www.mon-cintre.com\/de\/produit\/bezug-fur-reisekleidung-aus-umweltfreundlichem-kunstleder-als-veganes-leder-bezeichnet-braune-und-blaue-farben-copie\/"]}]},{"@type":"ImageObject","inLanguage":"de","@id":"https:\/\/www.mon-cintre.com\/de\/produit\/bezug-fur-reisekleidung-aus-umweltfreundlichem-kunstleder-als-veganes-leder-bezeichnet-braune-und-blaue-farben-copie\/#primaryimage","url":"https:\/\/www.mon-cintre.com\/wp-content\/uploads\/2021\/10\/housse-vetement-cuir-vegan-bleu.jpg","contentUrl":"https:\/\/www.mon-cintre.com\/wp-content\/uploads\/2021\/10\/housse-vetement-cuir-vegan-bleu.jpg","width":2000,"height":2000,"caption":"Kleidersack aus veganem Leder"},{"@type":"BreadcrumbList","@id":"https:\/\/www.mon-cintre.com\/de\/produit\/bezug-fur-reisekleidung-aus-umweltfreundlichem-kunstleder-als-veganes-leder-bezeichnet-braune-und-blaue-farben-copie\/#breadcrumb","itemListElement":[{"@type":"ListItem","position":1,"name":"Accueil","item":"https:\/\/www.mon-cintre.com\/de\/"},{"@type":"ListItem","position":2,"name":"Shop","item":"https:\/\/www.mon-cintre.com\/de\/shop\/"},{"@type":"ListItem","position":3,"name":"Bezug f\u00fcr Reisekleidung, aus umweltfreundlichem Kunstleder (als veganes Leder bezeichnet) &#8211; Blau und wei\u00df"}]},{"@type":"WebSite","@id":"https:\/\/www.mon-cintre.com\/de\/#website","url":"https:\/\/www.mon-cintre.com\/de\/","name":"Mon Cintre","description":"Cintres et accessoires de dressing","publisher":{"@id":"https:\/\/www.mon-cintre.com\/de\/#organization"},"potentialAction":[{"@type":"SearchAction","target":{"@type":"EntryPoint","urlTemplate":"https:\/\/www.mon-cintre.com\/de\/?s={search_term_string}"},"query-input":{"@type":"PropertyValueSpecification","valueRequired":true,"valueName":"search_term_string"}}],"inLanguage":"de"},{"@type":"Organization","@id":"https:\/\/www.mon-cintre.com\/de\/#organization","name":"Mon Cintre","url":"https:\/\/www.mon-cintre.com\/de\/","logo":{"@type":"ImageObject","inLanguage":"de","@id":"https:\/\/www.mon-cintre.com\/de\/#\/schema\/logo\/image\/","url":"https:\/\/www.mon-cintre.com\/wp-content\/uploads\/2022\/12\/logo-blanc.png","contentUrl":"https:\/\/www.mon-cintre.com\/wp-content\/uploads\/2022\/12\/logo-blanc.png","width":345,"height":205,"caption":"Mon Cintre"},"image":{"@id":"https:\/\/www.mon-cintre.com\/de\/#\/schema\/logo\/image\/"}}]}},"_links":{"self":[{"href":"https:\/\/www.mon-cintre.com\/de\/wp-json\/wp\/v2\/product\/25391","targetHints":{"allow":["GET"]}}],"collection":[{"href":"https:\/\/www.mon-cintre.com\/de\/wp-json\/wp\/v2\/product"}],"about":[{"href":"https:\/\/www.mon-cintre.com\/de\/wp-json\/wp\/v2\/types\/product"}],"replies":[{"embeddable":true,"href":"https:\/\/www.mon-cintre.com\/de\/wp-json\/wp\/v2\/comments?post=25391"}],"wp:featuredmedia":[{"embeddable":true,"href":"https:\/\/www.mon-cintre.com\/de\/wp-json\/wp\/v2\/media\/25322"}],"wp:attachment":[{"href":"https:\/\/www.mon-cintre.com\/de\/wp-json\/wp\/v2\/media?parent=25391"}],"wp:term":[{"taxonomy":"product_brand","embeddable":true,"href":"https:\/\/www.mon-cintre.com\/de\/wp-json\/wp\/v2\/product_brand?post=25391"},{"taxonomy":"product_cat","embeddable":true,"href":"https:\/\/www.mon-cintre.com\/de\/wp-json\/wp\/v2\/product_cat?post=25391"},{"taxonomy":"product_tag","embeddable":true,"href":"https:\/\/www.mon-cintre.com\/de\/wp-json\/wp\/v2\/product_tag?post=25391"}],"curies":[{"name":"wp","href":"https:\/\/api.w.org\/{rel}","templated":true}]}}