

{"id":31111,"date":"2024-02-05T12:00:16","date_gmt":"2024-02-05T11:00:16","guid":{"rendered":"https:\/\/www.mon-cintre.com\/?post_type=product&#038;p=31111"},"modified":"2026-02-11T15:48:55","modified_gmt":"2026-02-11T14:48:55","slug":"luxurioese-garderobenstange-zum-aushaengen-von-kleiderbuegeln-aus-holz-esche-und-walnuss","status":"publish","type":"product","link":"https:\/\/www.mon-cintre.com\/de\/produit\/luxurioese-garderobenstange-zum-aushaengen-von-kleiderbuegeln-aus-holz-esche-und-walnuss\/","title":{"rendered":"Luxuri\u00f6se Garderobenstange zum Aush\u00e4ngen von Kleiderb\u00fcgeln, aus Holz (Esche und Walnuss)"},"content":{"rendered":"<p>&#8211; Kopf und Befestigung aus massivem Walnussholz<br \/>\n&#8211; Griff aus massiver Esche<br \/>\n&#8211; Runde Befestigung mit Magnet und 3M-Kleber f\u00fcr eine \u00e4sthetische Aufbewahrung<br \/>\n&#8211; Abmessungen: 109 x 2 x 7 cm<br \/>\n&#8211; Gewicht: 400g<\/p>\n","protected":false},"excerpt":{"rendered":"<p>Stange zum Aush\u00e4ngen von Kleiderb\u00fcgeln, die hoch oben in Kleiderschr\u00e4nken und Umkleidekabinen angebracht sind<\/p>\n<p>&#8211; Kopf und Befestigung aus massivem Walnussholz<br \/>\n&#8211; Griff aus massiver Esche<br \/>\n&#8211; Runde Befestigung mit Magnet und 3M-Kleber f\u00fcr eine \u00e4sthetische Aufbewahrung<br \/>\n&#8211; Abmessungen: 109 x 2 x 7 cm<br \/>\n&#8211; Gewicht: 400g<\/p>\n<p>&nbsp;<\/p>\n<p>Bestellen Sie diese Kleiderstange online f\u00fcr hohe Kleiderschr\u00e4nke und haben Sie Ihre Kleiderb\u00fcgel immer griffbereit. Dank der eleganten Verarbeitung aus zwei Holzarten, Walnuss und Esche, ist sie die perfekte Erg\u00e4nzung f\u00fcr Ihren Kleiderschrank.<\/p>\n","protected":false},"featured_media":30995,"comment_status":"open","ping_status":"closed","template":"","meta":{"inline_featured_image":false},"product_brand":[],"product_cat":[657,298,308,293,463],"product_tag":[],"class_list":{"0":"post-31111","1":"product","2":"type-product","3":"status-publish","4":"has-post-thumbnail","6":"product_cat-ankleidezimmerzubehoer","7":"product_cat-holzbugel","8":"product_cat-kleiderbugel-fur-frauen","9":"product_cat-kleiderbugel-fur-manner","10":"product_cat-fuer-den-ausflug-lederwaren","12":"first","13":"instock","14":"taxable","15":"shipping-taxable","16":"purchasable","17":"product-type-simple"},"yoast_head":"<!-- This site is optimized with the Yoast SEO plugin v27.3 - https:\/\/yoast.com\/product\/yoast-seo-wordpress\/ -->\n<title>Luxuri\u00f6se Garderobenstange zum Aush\u00e4ngen von Kleiderb\u00fcgeln, aus Holz (Esche und Walnuss) - Mon Cintre<\/title>\n<meta name=\"description\" content=\"Luxuri\u00f6se Garderobenstange aus Holz zum Entfernen von Kleiderb\u00fcgeln, die hoch oben in Kleiderschr\u00e4nken und Umkleidekabinen angebracht sind \u2013 Kopf und Befestigung aus massivem Walnussholz\" \/>\n<meta name=\"robots\" content=\"index, follow, max-snippet:-1, max-image-preview:large, max-video-preview:-1\" \/>\n<link rel=\"canonical\" href=\"https:\/\/www.mon-cintre.com\/de\/produit\/luxurioese-garderobenstange-zum-aushaengen-von-kleiderbuegeln-aus-holz-esche-und-walnuss\/\" \/>\n<meta property=\"og:locale\" content=\"de_DE\" \/>\n<meta property=\"og:type\" content=\"article\" \/>\n<meta property=\"og:title\" content=\"Luxuri\u00f6se Garderobenstange zum Aush\u00e4ngen von Kleiderb\u00fcgeln, aus Holz (Esche und Walnuss) - Mon Cintre\" \/>\n<meta property=\"og:description\" content=\"Luxuri\u00f6se Garderobenstange aus Holz zum Entfernen von Kleiderb\u00fcgeln, die hoch oben in Kleiderschr\u00e4nken und Umkleidekabinen angebracht sind \u2013 Kopf und Befestigung aus massivem Walnussholz\" \/>\n<meta property=\"og:url\" content=\"https:\/\/www.mon-cintre.com\/de\/produit\/luxurioese-garderobenstange-zum-aushaengen-von-kleiderbuegeln-aus-holz-esche-und-walnuss\/\" \/>\n<meta property=\"og:site_name\" content=\"Mon Cintre\" \/>\n<meta property=\"article:modified_time\" content=\"2026-02-11T14:48:55+00:00\" \/>\n<meta property=\"og:image\" content=\"https:\/\/www.mon-cintre.com\/wp-content\/uploads\/2023\/11\/perche-dressing-bois.jpg\" \/>\n\t<meta property=\"og:image:width\" content=\"2000\" \/>\n\t<meta property=\"og:image:height\" content=\"2000\" \/>\n\t<meta property=\"og:image:type\" content=\"image\/jpeg\" \/>\n<meta name=\"twitter:card\" content=\"summary_large_image\" \/>\n<script type=\"application\/ld+json\" class=\"yoast-schema-graph\">{\"@context\":\"https:\\\/\\\/schema.org\",\"@graph\":[{\"@type\":\"WebPage\",\"@id\":\"https:\\\/\\\/www.mon-cintre.com\\\/de\\\/produit\\\/luxurioese-garderobenstange-zum-aushaengen-von-kleiderbuegeln-aus-holz-esche-und-walnuss\\\/\",\"url\":\"https:\\\/\\\/www.mon-cintre.com\\\/de\\\/produit\\\/luxurioese-garderobenstange-zum-aushaengen-von-kleiderbuegeln-aus-holz-esche-und-walnuss\\\/\",\"name\":\"Luxuri\u00f6se Garderobenstange zum Aush\u00e4ngen von Kleiderb\u00fcgeln, aus Holz (Esche und Walnuss) - Mon Cintre\",\"isPartOf\":{\"@id\":\"https:\\\/\\\/www.mon-cintre.com\\\/de\\\/#website\"},\"primaryImageOfPage\":{\"@id\":\"https:\\\/\\\/www.mon-cintre.com\\\/de\\\/produit\\\/luxurioese-garderobenstange-zum-aushaengen-von-kleiderbuegeln-aus-holz-esche-und-walnuss\\\/#primaryimage\"},\"image\":{\"@id\":\"https:\\\/\\\/www.mon-cintre.com\\\/de\\\/produit\\\/luxurioese-garderobenstange-zum-aushaengen-von-kleiderbuegeln-aus-holz-esche-und-walnuss\\\/#primaryimage\"},\"thumbnailUrl\":\"https:\\\/\\\/www.mon-cintre.com\\\/wp-content\\\/uploads\\\/2023\\\/11\\\/perche-dressing-bois.jpg\",\"datePublished\":\"2024-02-05T11:00:16+00:00\",\"dateModified\":\"2026-02-11T14:48:55+00:00\",\"description\":\"Luxuri\u00f6se Garderobenstange aus Holz zum Entfernen von Kleiderb\u00fcgeln, die hoch oben in Kleiderschr\u00e4nken und Umkleidekabinen angebracht sind \u2013 Kopf und Befestigung aus massivem Walnussholz\",\"breadcrumb\":{\"@id\":\"https:\\\/\\\/www.mon-cintre.com\\\/de\\\/produit\\\/luxurioese-garderobenstange-zum-aushaengen-von-kleiderbuegeln-aus-holz-esche-und-walnuss\\\/#breadcrumb\"},\"inLanguage\":\"de\",\"potentialAction\":[{\"@type\":\"ReadAction\",\"target\":[\"https:\\\/\\\/www.mon-cintre.com\\\/de\\\/produit\\\/luxurioese-garderobenstange-zum-aushaengen-von-kleiderbuegeln-aus-holz-esche-und-walnuss\\\/\"]}]},{\"@type\":\"ImageObject\",\"inLanguage\":\"de\",\"@id\":\"https:\\\/\\\/www.mon-cintre.com\\\/de\\\/produit\\\/luxurioese-garderobenstange-zum-aushaengen-von-kleiderbuegeln-aus-holz-esche-und-walnuss\\\/#primaryimage\",\"url\":\"https:\\\/\\\/www.mon-cintre.com\\\/wp-content\\\/uploads\\\/2023\\\/11\\\/perche-dressing-bois.jpg\",\"contentUrl\":\"https:\\\/\\\/www.mon-cintre.com\\\/wp-content\\\/uploads\\\/2023\\\/11\\\/perche-dressing-bois.jpg\",\"width\":2000,\"height\":2000,\"caption\":\"Garderobenstange aus Holz f\u00fcr Kleiderb\u00fcgel\"},{\"@type\":\"BreadcrumbList\",\"@id\":\"https:\\\/\\\/www.mon-cintre.com\\\/de\\\/produit\\\/luxurioese-garderobenstange-zum-aushaengen-von-kleiderbuegeln-aus-holz-esche-und-walnuss\\\/#breadcrumb\",\"itemListElement\":[{\"@type\":\"ListItem\",\"position\":1,\"name\":\"Accueil\",\"item\":\"https:\\\/\\\/www.mon-cintre.com\\\/de\\\/\"},{\"@type\":\"ListItem\",\"position\":2,\"name\":\"Shop\",\"item\":\"https:\\\/\\\/www.mon-cintre.com\\\/de\\\/shop\\\/\"},{\"@type\":\"ListItem\",\"position\":3,\"name\":\"Luxuri\u00f6se Garderobenstange zum Aush\u00e4ngen von Kleiderb\u00fcgeln, aus Holz (Esche und Walnuss)\"}]},{\"@type\":\"WebSite\",\"@id\":\"https:\\\/\\\/www.mon-cintre.com\\\/de\\\/#website\",\"url\":\"https:\\\/\\\/www.mon-cintre.com\\\/de\\\/\",\"name\":\"Mon Cintre\",\"description\":\"Cintres et accessoires de dressing\",\"publisher\":{\"@id\":\"https:\\\/\\\/www.mon-cintre.com\\\/de\\\/#organization\"},\"potentialAction\":[{\"@type\":\"SearchAction\",\"target\":{\"@type\":\"EntryPoint\",\"urlTemplate\":\"https:\\\/\\\/www.mon-cintre.com\\\/de\\\/?s={search_term_string}\"},\"query-input\":{\"@type\":\"PropertyValueSpecification\",\"valueRequired\":true,\"valueName\":\"search_term_string\"}}],\"inLanguage\":\"de\"},{\"@type\":\"Organization\",\"@id\":\"https:\\\/\\\/www.mon-cintre.com\\\/de\\\/#organization\",\"name\":\"Mon Cintre\",\"url\":\"https:\\\/\\\/www.mon-cintre.com\\\/de\\\/\",\"logo\":{\"@type\":\"ImageObject\",\"inLanguage\":\"de\",\"@id\":\"https:\\\/\\\/www.mon-cintre.com\\\/de\\\/#\\\/schema\\\/logo\\\/image\\\/\",\"url\":\"https:\\\/\\\/www.mon-cintre.com\\\/wp-content\\\/uploads\\\/2022\\\/12\\\/logo-blanc.png\",\"contentUrl\":\"https:\\\/\\\/www.mon-cintre.com\\\/wp-content\\\/uploads\\\/2022\\\/12\\\/logo-blanc.png\",\"width\":345,\"height\":205,\"caption\":\"Mon Cintre\"},\"image\":{\"@id\":\"https:\\\/\\\/www.mon-cintre.com\\\/de\\\/#\\\/schema\\\/logo\\\/image\\\/\"}}]}<\/script>\n<!-- \/ Yoast SEO plugin. -->","yoast_head_json":{"title":"Luxuri\u00f6se Garderobenstange zum Aush\u00e4ngen von Kleiderb\u00fcgeln, aus Holz (Esche und Walnuss) - Mon Cintre","description":"Luxuri\u00f6se Garderobenstange aus Holz zum Entfernen von Kleiderb\u00fcgeln, die hoch oben in Kleiderschr\u00e4nken und Umkleidekabinen angebracht sind \u2013 Kopf und Befestigung aus massivem Walnussholz","robots":{"index":"index","follow":"follow","max-snippet":"max-snippet:-1","max-image-preview":"max-image-preview:large","max-video-preview":"max-video-preview:-1"},"canonical":"https:\/\/www.mon-cintre.com\/de\/produit\/luxurioese-garderobenstange-zum-aushaengen-von-kleiderbuegeln-aus-holz-esche-und-walnuss\/","og_locale":"de_DE","og_type":"article","og_title":"Luxuri\u00f6se Garderobenstange zum Aush\u00e4ngen von Kleiderb\u00fcgeln, aus Holz (Esche und Walnuss) - Mon Cintre","og_description":"Luxuri\u00f6se Garderobenstange aus Holz zum Entfernen von Kleiderb\u00fcgeln, die hoch oben in Kleiderschr\u00e4nken und Umkleidekabinen angebracht sind \u2013 Kopf und Befestigung aus massivem Walnussholz","og_url":"https:\/\/www.mon-cintre.com\/de\/produit\/luxurioese-garderobenstange-zum-aushaengen-von-kleiderbuegeln-aus-holz-esche-und-walnuss\/","og_site_name":"Mon Cintre","article_modified_time":"2026-02-11T14:48:55+00:00","og_image":[{"width":2000,"height":2000,"url":"https:\/\/www.mon-cintre.com\/wp-content\/uploads\/2023\/11\/perche-dressing-bois.jpg","type":"image\/jpeg"}],"twitter_card":"summary_large_image","schema":{"@context":"https:\/\/schema.org","@graph":[{"@type":"WebPage","@id":"https:\/\/www.mon-cintre.com\/de\/produit\/luxurioese-garderobenstange-zum-aushaengen-von-kleiderbuegeln-aus-holz-esche-und-walnuss\/","url":"https:\/\/www.mon-cintre.com\/de\/produit\/luxurioese-garderobenstange-zum-aushaengen-von-kleiderbuegeln-aus-holz-esche-und-walnuss\/","name":"Luxuri\u00f6se Garderobenstange zum Aush\u00e4ngen von Kleiderb\u00fcgeln, aus Holz (Esche und Walnuss) - Mon Cintre","isPartOf":{"@id":"https:\/\/www.mon-cintre.com\/de\/#website"},"primaryImageOfPage":{"@id":"https:\/\/www.mon-cintre.com\/de\/produit\/luxurioese-garderobenstange-zum-aushaengen-von-kleiderbuegeln-aus-holz-esche-und-walnuss\/#primaryimage"},"image":{"@id":"https:\/\/www.mon-cintre.com\/de\/produit\/luxurioese-garderobenstange-zum-aushaengen-von-kleiderbuegeln-aus-holz-esche-und-walnuss\/#primaryimage"},"thumbnailUrl":"https:\/\/www.mon-cintre.com\/wp-content\/uploads\/2023\/11\/perche-dressing-bois.jpg","datePublished":"2024-02-05T11:00:16+00:00","dateModified":"2026-02-11T14:48:55+00:00","description":"Luxuri\u00f6se Garderobenstange aus Holz zum Entfernen von Kleiderb\u00fcgeln, die hoch oben in Kleiderschr\u00e4nken und Umkleidekabinen angebracht sind \u2013 Kopf und Befestigung aus massivem Walnussholz","breadcrumb":{"@id":"https:\/\/www.mon-cintre.com\/de\/produit\/luxurioese-garderobenstange-zum-aushaengen-von-kleiderbuegeln-aus-holz-esche-und-walnuss\/#breadcrumb"},"inLanguage":"de","potentialAction":[{"@type":"ReadAction","target":["https:\/\/www.mon-cintre.com\/de\/produit\/luxurioese-garderobenstange-zum-aushaengen-von-kleiderbuegeln-aus-holz-esche-und-walnuss\/"]}]},{"@type":"ImageObject","inLanguage":"de","@id":"https:\/\/www.mon-cintre.com\/de\/produit\/luxurioese-garderobenstange-zum-aushaengen-von-kleiderbuegeln-aus-holz-esche-und-walnuss\/#primaryimage","url":"https:\/\/www.mon-cintre.com\/wp-content\/uploads\/2023\/11\/perche-dressing-bois.jpg","contentUrl":"https:\/\/www.mon-cintre.com\/wp-content\/uploads\/2023\/11\/perche-dressing-bois.jpg","width":2000,"height":2000,"caption":"Garderobenstange aus Holz f\u00fcr Kleiderb\u00fcgel"},{"@type":"BreadcrumbList","@id":"https:\/\/www.mon-cintre.com\/de\/produit\/luxurioese-garderobenstange-zum-aushaengen-von-kleiderbuegeln-aus-holz-esche-und-walnuss\/#breadcrumb","itemListElement":[{"@type":"ListItem","position":1,"name":"Accueil","item":"https:\/\/www.mon-cintre.com\/de\/"},{"@type":"ListItem","position":2,"name":"Shop","item":"https:\/\/www.mon-cintre.com\/de\/shop\/"},{"@type":"ListItem","position":3,"name":"Luxuri\u00f6se Garderobenstange zum Aush\u00e4ngen von Kleiderb\u00fcgeln, aus Holz (Esche und Walnuss)"}]},{"@type":"WebSite","@id":"https:\/\/www.mon-cintre.com\/de\/#website","url":"https:\/\/www.mon-cintre.com\/de\/","name":"Mon Cintre","description":"Cintres et accessoires de dressing","publisher":{"@id":"https:\/\/www.mon-cintre.com\/de\/#organization"},"potentialAction":[{"@type":"SearchAction","target":{"@type":"EntryPoint","urlTemplate":"https:\/\/www.mon-cintre.com\/de\/?s={search_term_string}"},"query-input":{"@type":"PropertyValueSpecification","valueRequired":true,"valueName":"search_term_string"}}],"inLanguage":"de"},{"@type":"Organization","@id":"https:\/\/www.mon-cintre.com\/de\/#organization","name":"Mon Cintre","url":"https:\/\/www.mon-cintre.com\/de\/","logo":{"@type":"ImageObject","inLanguage":"de","@id":"https:\/\/www.mon-cintre.com\/de\/#\/schema\/logo\/image\/","url":"https:\/\/www.mon-cintre.com\/wp-content\/uploads\/2022\/12\/logo-blanc.png","contentUrl":"https:\/\/www.mon-cintre.com\/wp-content\/uploads\/2022\/12\/logo-blanc.png","width":345,"height":205,"caption":"Mon Cintre"},"image":{"@id":"https:\/\/www.mon-cintre.com\/de\/#\/schema\/logo\/image\/"}}]}},"_links":{"self":[{"href":"https:\/\/www.mon-cintre.com\/de\/wp-json\/wp\/v2\/product\/31111","targetHints":{"allow":["GET"]}}],"collection":[{"href":"https:\/\/www.mon-cintre.com\/de\/wp-json\/wp\/v2\/product"}],"about":[{"href":"https:\/\/www.mon-cintre.com\/de\/wp-json\/wp\/v2\/types\/product"}],"replies":[{"embeddable":true,"href":"https:\/\/www.mon-cintre.com\/de\/wp-json\/wp\/v2\/comments?post=31111"}],"wp:featuredmedia":[{"embeddable":true,"href":"https:\/\/www.mon-cintre.com\/de\/wp-json\/wp\/v2\/media\/30995"}],"wp:attachment":[{"href":"https:\/\/www.mon-cintre.com\/de\/wp-json\/wp\/v2\/media?parent=31111"}],"wp:term":[{"taxonomy":"product_brand","embeddable":true,"href":"https:\/\/www.mon-cintre.com\/de\/wp-json\/wp\/v2\/product_brand?post=31111"},{"taxonomy":"product_cat","embeddable":true,"href":"https:\/\/www.mon-cintre.com\/de\/wp-json\/wp\/v2\/product_cat?post=31111"},{"taxonomy":"product_tag","embeddable":true,"href":"https:\/\/www.mon-cintre.com\/de\/wp-json\/wp\/v2\/product_tag?post=31111"}],"curies":[{"name":"wp","href":"https:\/\/api.w.org\/{rel}","templated":true}]}}