

{"id":31119,"date":"2024-01-05T13:51:56","date_gmt":"2024-01-05T12:51:56","guid":{"rendered":"https:\/\/www.mon-cintre.com\/?post_type=product&#038;p=31119"},"modified":"2026-02-25T14:52:25","modified_gmt":"2026-02-25T13:52:25","slug":"6-kleiderbugel-manner-mantel-jacken-schwarz-geburstetes-holz-breite-45-cm","status":"publish","type":"product","link":"https:\/\/www.mon-cintre.com\/de\/produit\/6-kleiderbugel-manner-mantel-jacken-schwarz-geburstetes-holz-breite-45-cm\/","title":{"rendered":"6 Kleiderb\u00fcgel f\u00fcr M\u00e4nner f\u00fcr M\u00e4ntel und Jacken &#8211; schwarz, geb\u00fcrstetes Holz (Breite 45 cm &#8211; Schulterh\u00f6he 5,5 cm)"},"content":{"rendered":"<ul>\n<li>6 Kleiderb\u00fcgel f\u00fcr M\u00e4ntel und Jacken, aus Eschenholz<\/li>\n<li>Schwarze Farbe, geb\u00fcrstetes Holz<\/li>\n<li>Haken und Clip anthrazit matt<\/li>\n<li>360\u00ba drehbarer Haken<\/li>\n<li>Breite 45 cm<\/li>\n<li>Schulterbreite 5,5 cm<\/li>\n<li>Hakendurchmesser 5 mm, H\u00f6he 8,5 cm<\/li>\n<li>Box mit 6 Kleiderb\u00fcgeln<\/li>\n<li>Ideal f\u00fcr Jacken und M\u00e4ntel<\/li>\n<li>Pflege: Mit einem weichen, trockenen Tuch abstauben<\/li>\n<li>Wichtige Informationen zu unseren Kleiderb\u00fcgeln aus Holz: Holz ist ein Naturmaterial und unsere Bretter stammen direkt von B\u00e4umen. Jedes St\u00fcck Holz kann Variationen in Farbe, Maserung und Knoten aufweisen, die f\u00fcr den urspr\u00fcnglichen Baum und den verwendeten Teil des Baumes spezifisch sind. Diese Eigenschaften verleihen dem Holz Charme, ohne die Qualit\u00e4t oder Haltbarkeit unserer Kleiderb\u00fcgel zu beeintr\u00e4chtigen. Holz ist lebendig und kann auf Ver\u00e4nderungen der Luftfeuchtigkeit reagieren. Unsere Kleiderb\u00fcgel werden teilweise auch von Hand geformt. Diese handwerkliche Herstellung macht jeden Kleiderb\u00fcgel einzigartig und es k\u00f6nnen sehr leichte Unterschiede zwischen ihnen auftreten.<\/li>\n<\/ul>\n<p>Die INTENSE-Kollektion wird sowohl M\u00e4nner als auch Frauen ansprechen. Das sch\u00f6ne schwarz geb\u00fcrstete Holz wird Sie mit seiner Modernit\u00e4t \u00fcberraschen. Dieses Set von 13 Kleiderb\u00fcgelmodellen f\u00fcr alle Kleidungsst\u00fccke Ihrer Garderobe ist eine Erleichterung.<\/p>\n<p>Lieferung in wei\u00dfer Geschenkbox mit Logo. Jeder Kleiderb\u00fcgel ist einzeln in eine Schutzh\u00fclle eingewickelt.<\/p>\n<p><img loading=\"lazy\" decoding=\"async\" class=\"alignnone size-medium wp-image-10820\" src=\"https:\/\/www.mon-cintre.com\/wp-content\/uploads\/2019\/02\/boite-cadeau-300x300.jpg\" alt=\"Boite cadeau Mon cintre\" width=\"300\" height=\"300\" srcset=\"https:\/\/www.mon-cintre.com\/wp-content\/uploads\/2019\/02\/boite-cadeau-300x300.jpg 300w, https:\/\/www.mon-cintre.com\/wp-content\/uploads\/2019\/02\/boite-cadeau-150x150.jpg 150w, https:\/\/www.mon-cintre.com\/wp-content\/uploads\/2019\/02\/boite-cadeau-100x100.jpg 100w, https:\/\/www.mon-cintre.com\/wp-content\/uploads\/2019\/02\/boite-cadeau.jpg 500w\" sizes=\"auto, (max-width: 300px) 100vw, 300px\" \/><\/p>\n<p>1 Meter Kleiderschrank = 11 Kleiderb\u00fcgel<br \/>\n<img loading=\"lazy\" decoding=\"async\" class=\"alignnone size-full wp-image-147\" src=\"https:\/\/www.mon-cintre.com\/DEV\/wp-content\/uploads\/2018\/08\/17cintres.png\" alt=\"\" width=\"190\" height=\"19\" \/><\/p>\n<p>* Unverbindliche Fotos.<br \/>\nBeachten Sie, dass sich die Farben von Bildschirm zu Bildschirm \u00e4ndern, sodass es trotz der Sorgfalt bei der Qualit\u00e4t unserer Fotos zu Abweichungen zwischen Bildschirm und Realit\u00e4t kommen kann.<\/p>\n","protected":false},"excerpt":{"rendered":"<p><strong><span style=\"color: red;\">0 Kartons mehr verf\u00fcgbar, weitere Lieferung im Juli 2026. Das k\u00f6nnte Sie auch interessieren: <a href=\"https:\/\/www.mon-cintre.com\/de\/produit\/6-kleiderbuegel-jacke-anzug-schwarz-45\/\">6 Kleiderb\u00fcgel f\u00fcr Jacke und Anzug, in Esche \u2013 schwarz, geb\u00fcrstetes Holz (Breite 45 cm-Schulter 5,5 cm)<\/a><\/span><\/strong><\/p>\n<ul>\n<li>6 Kleiderb\u00fcgel f\u00fcr M\u00e4ntel und Jacken<\/li>\n<li>Schwarze Farbe, geb\u00fcrstetes Holz<\/li>\n<li>Breite 45 cm<\/li>\n<li>Schulterbreite 5,5 cm<\/li>\n<li>Box mit 6 Kleiderb\u00fcgeln<\/li>\n<li>Handgemacht (<span style=\"text-decoration: underline;\"><a href=\"https:\/\/www.mon-cintre.com\/de\/handgemacht\/\">mehr lesen<\/a><\/span>)<\/li>\n<\/ul>\n<p>Bestellen online Sie diese 6er-Packung Holzkleiderb\u00fcgel mit breiten Schultern f\u00fcr Ihre Garderobe \u2013 perfekt zum Aufh\u00e4ngen Ihrer Jacken und M\u00e4ntel, ohne diese zu besch\u00e4digen. Personalisierbar mit Ihren Initialen oder Ihrem Logo (Mindestbestellmenge: 24 Kleiderb\u00fcgel).<\/p>\n","protected":false},"featured_media":30143,"comment_status":"open","ping_status":"closed","template":"","meta":{"inline_featured_image":false},"product_brand":[],"product_cat":[575,635,298,617,293,295,593,630,569,309,549],"product_tag":[],"class_list":{"0":"post-31119","1":"product","2":"type-product","3":"status-publish","4":"has-post-thumbnail","6":"product_cat-arten-kleiderbuegeln-de","7":"product_cat-gebogene-kleiderbuegel","8":"product_cat-holzbugel","9":"product_cat-kleiderbuegel-grosse-45","10":"product_cat-kleiderbugel-fur-manner","11":"product_cat-kleiderbugel-fur-herrenanzuge","12":"product_cat-kleiderbuegel-breiten-schultern","13":"product_cat-kleiderbuegel-groesse","14":"product_cat-kleiderbuegelfarben","15":"product_cat-intensive-kollektion","16":"product_cat-kleiderbuegel","18":"first","19":"outofstock","20":"taxable","21":"shipping-taxable","22":"purchasable","23":"product-type-simple"},"yoast_head":"<!-- This site is optimized with the Yoast SEO plugin v27.4 - https:\/\/yoast.com\/product\/yoast-seo-wordpress\/ -->\n<title>Herrenmantel und Jackenb\u00fcgel \u2013 schwarzes Holz \u2013 45 cm - Mon Cintre<\/title>\n<meta name=\"description\" content=\"Von hochwertigen Holzb\u00fcgeln bis zu mattem Schwarz mit geb\u00fcrstetem Holz, um Ihre empfindlichen Kleidungsst\u00fccke elegant aufzubewahren. Verkauft von 6 oder 10 je nach Form\" \/>\n<meta name=\"robots\" content=\"index, follow, max-snippet:-1, max-image-preview:large, max-video-preview:-1\" \/>\n<link rel=\"canonical\" href=\"https:\/\/www.mon-cintre.com\/de\/produit\/6-kleiderbugel-manner-mantel-jacken-schwarz-geburstetes-holz-breite-45-cm\/\" \/>\n<meta property=\"og:locale\" content=\"de_DE\" \/>\n<meta property=\"og:type\" content=\"article\" \/>\n<meta property=\"og:title\" content=\"Herrenmantel und Jackenb\u00fcgel \u2013 schwarzes Holz \u2013 45 cm - Mon Cintre\" \/>\n<meta property=\"og:description\" content=\"Von hochwertigen Holzb\u00fcgeln bis zu mattem Schwarz mit geb\u00fcrstetem Holz, um Ihre empfindlichen Kleidungsst\u00fccke elegant aufzubewahren. Verkauft von 6 oder 10 je nach Form\" \/>\n<meta property=\"og:url\" content=\"https:\/\/www.mon-cintre.com\/de\/produit\/6-kleiderbugel-manner-mantel-jacken-schwarz-geburstetes-holz-breite-45-cm\/\" \/>\n<meta property=\"og:site_name\" content=\"Mon Cintre\" \/>\n<meta property=\"article:modified_time\" content=\"2026-02-25T13:52:25+00:00\" \/>\n<meta property=\"og:image\" content=\"https:\/\/www.mon-cintre.com\/wp-content\/uploads\/2022\/10\/cintre-veste-manteau-CLA4250VES-BB.jpg\" \/>\n\t<meta property=\"og:image:width\" content=\"2000\" \/>\n\t<meta property=\"og:image:height\" content=\"2000\" \/>\n\t<meta property=\"og:image:type\" content=\"image\/jpeg\" \/>\n<meta name=\"twitter:card\" content=\"summary_large_image\" \/>\n<meta name=\"twitter:label1\" content=\"Gesch\u00e4tzte Lesezeit\" \/>\n\t<meta name=\"twitter:data1\" content=\"2\u00a0Minuten\" \/>\n<script type=\"application\/ld+json\" class=\"yoast-schema-graph\">{\"@context\":\"https:\\\/\\\/schema.org\",\"@graph\":[{\"@type\":\"WebPage\",\"@id\":\"https:\\\/\\\/www.mon-cintre.com\\\/de\\\/produit\\\/6-kleiderbugel-manner-mantel-jacken-schwarz-geburstetes-holz-breite-45-cm\\\/\",\"url\":\"https:\\\/\\\/www.mon-cintre.com\\\/de\\\/produit\\\/6-kleiderbugel-manner-mantel-jacken-schwarz-geburstetes-holz-breite-45-cm\\\/\",\"name\":\"Herrenmantel und Jackenb\u00fcgel \u2013 schwarzes Holz \u2013 45 cm - Mon Cintre\",\"isPartOf\":{\"@id\":\"https:\\\/\\\/www.mon-cintre.com\\\/de\\\/#website\"},\"primaryImageOfPage\":{\"@id\":\"https:\\\/\\\/www.mon-cintre.com\\\/de\\\/produit\\\/6-kleiderbugel-manner-mantel-jacken-schwarz-geburstetes-holz-breite-45-cm\\\/#primaryimage\"},\"image\":{\"@id\":\"https:\\\/\\\/www.mon-cintre.com\\\/de\\\/produit\\\/6-kleiderbugel-manner-mantel-jacken-schwarz-geburstetes-holz-breite-45-cm\\\/#primaryimage\"},\"thumbnailUrl\":\"https:\\\/\\\/www.mon-cintre.com\\\/wp-content\\\/uploads\\\/2022\\\/10\\\/cintre-veste-manteau-CLA4250VES-BB.jpg\",\"datePublished\":\"2024-01-05T12:51:56+00:00\",\"dateModified\":\"2026-02-25T13:52:25+00:00\",\"description\":\"Von hochwertigen Holzb\u00fcgeln bis zu mattem Schwarz mit geb\u00fcrstetem Holz, um Ihre empfindlichen Kleidungsst\u00fccke elegant aufzubewahren. Verkauft von 6 oder 10 je nach Form\",\"breadcrumb\":{\"@id\":\"https:\\\/\\\/www.mon-cintre.com\\\/de\\\/produit\\\/6-kleiderbugel-manner-mantel-jacken-schwarz-geburstetes-holz-breite-45-cm\\\/#breadcrumb\"},\"inLanguage\":\"de\",\"potentialAction\":[{\"@type\":\"ReadAction\",\"target\":[\"https:\\\/\\\/www.mon-cintre.com\\\/de\\\/produit\\\/6-kleiderbugel-manner-mantel-jacken-schwarz-geburstetes-holz-breite-45-cm\\\/\"]}]},{\"@type\":\"ImageObject\",\"inLanguage\":\"de\",\"@id\":\"https:\\\/\\\/www.mon-cintre.com\\\/de\\\/produit\\\/6-kleiderbugel-manner-mantel-jacken-schwarz-geburstetes-holz-breite-45-cm\\\/#primaryimage\",\"url\":\"https:\\\/\\\/www.mon-cintre.com\\\/wp-content\\\/uploads\\\/2022\\\/10\\\/cintre-veste-manteau-CLA4250VES-BB.jpg\",\"contentUrl\":\"https:\\\/\\\/www.mon-cintre.com\\\/wp-content\\\/uploads\\\/2022\\\/10\\\/cintre-veste-manteau-CLA4250VES-BB.jpg\",\"width\":2000,\"height\":2000,\"caption\":\"Schwarzer Holzb\u00fcgel f\u00fcr Jacke und Mantel\"},{\"@type\":\"BreadcrumbList\",\"@id\":\"https:\\\/\\\/www.mon-cintre.com\\\/de\\\/produit\\\/6-kleiderbugel-manner-mantel-jacken-schwarz-geburstetes-holz-breite-45-cm\\\/#breadcrumb\",\"itemListElement\":[{\"@type\":\"ListItem\",\"position\":1,\"name\":\"Accueil\",\"item\":\"https:\\\/\\\/www.mon-cintre.com\\\/de\\\/\"},{\"@type\":\"ListItem\",\"position\":2,\"name\":\"Shop\",\"item\":\"https:\\\/\\\/www.mon-cintre.com\\\/de\\\/shop\\\/\"},{\"@type\":\"ListItem\",\"position\":3,\"name\":\"6 Kleiderb\u00fcgel f\u00fcr M\u00e4nner f\u00fcr M\u00e4ntel und Jacken &#8211; schwarz, geb\u00fcrstetes Holz (Breite 45 cm &#8211; Schulterh\u00f6he 5,5 cm)\"}]},{\"@type\":\"WebSite\",\"@id\":\"https:\\\/\\\/www.mon-cintre.com\\\/de\\\/#website\",\"url\":\"https:\\\/\\\/www.mon-cintre.com\\\/de\\\/\",\"name\":\"Mon Cintre\",\"description\":\"Cintres et accessoires de dressing\",\"publisher\":{\"@id\":\"https:\\\/\\\/www.mon-cintre.com\\\/de\\\/#organization\"},\"potentialAction\":[{\"@type\":\"SearchAction\",\"target\":{\"@type\":\"EntryPoint\",\"urlTemplate\":\"https:\\\/\\\/www.mon-cintre.com\\\/de\\\/?s={search_term_string}\"},\"query-input\":{\"@type\":\"PropertyValueSpecification\",\"valueRequired\":true,\"valueName\":\"search_term_string\"}}],\"inLanguage\":\"de\"},{\"@type\":\"Organization\",\"@id\":\"https:\\\/\\\/www.mon-cintre.com\\\/de\\\/#organization\",\"name\":\"Mon Cintre\",\"url\":\"https:\\\/\\\/www.mon-cintre.com\\\/de\\\/\",\"logo\":{\"@type\":\"ImageObject\",\"inLanguage\":\"de\",\"@id\":\"https:\\\/\\\/www.mon-cintre.com\\\/de\\\/#\\\/schema\\\/logo\\\/image\\\/\",\"url\":\"https:\\\/\\\/www.mon-cintre.com\\\/wp-content\\\/uploads\\\/2022\\\/12\\\/logo-blanc.png\",\"contentUrl\":\"https:\\\/\\\/www.mon-cintre.com\\\/wp-content\\\/uploads\\\/2022\\\/12\\\/logo-blanc.png\",\"width\":345,\"height\":205,\"caption\":\"Mon Cintre\"},\"image\":{\"@id\":\"https:\\\/\\\/www.mon-cintre.com\\\/de\\\/#\\\/schema\\\/logo\\\/image\\\/\"}}]}<\/script>\n<!-- \/ Yoast SEO plugin. -->","yoast_head_json":{"title":"Herrenmantel und Jackenb\u00fcgel \u2013 schwarzes Holz \u2013 45 cm - Mon Cintre","description":"Von hochwertigen Holzb\u00fcgeln bis zu mattem Schwarz mit geb\u00fcrstetem Holz, um Ihre empfindlichen Kleidungsst\u00fccke elegant aufzubewahren. Verkauft von 6 oder 10 je nach Form","robots":{"index":"index","follow":"follow","max-snippet":"max-snippet:-1","max-image-preview":"max-image-preview:large","max-video-preview":"max-video-preview:-1"},"canonical":"https:\/\/www.mon-cintre.com\/de\/produit\/6-kleiderbugel-manner-mantel-jacken-schwarz-geburstetes-holz-breite-45-cm\/","og_locale":"de_DE","og_type":"article","og_title":"Herrenmantel und Jackenb\u00fcgel \u2013 schwarzes Holz \u2013 45 cm - Mon Cintre","og_description":"Von hochwertigen Holzb\u00fcgeln bis zu mattem Schwarz mit geb\u00fcrstetem Holz, um Ihre empfindlichen Kleidungsst\u00fccke elegant aufzubewahren. Verkauft von 6 oder 10 je nach Form","og_url":"https:\/\/www.mon-cintre.com\/de\/produit\/6-kleiderbugel-manner-mantel-jacken-schwarz-geburstetes-holz-breite-45-cm\/","og_site_name":"Mon Cintre","article_modified_time":"2026-02-25T13:52:25+00:00","og_image":[{"width":2000,"height":2000,"url":"https:\/\/www.mon-cintre.com\/wp-content\/uploads\/2022\/10\/cintre-veste-manteau-CLA4250VES-BB.jpg","type":"image\/jpeg"}],"twitter_card":"summary_large_image","twitter_misc":{"Gesch\u00e4tzte Lesezeit":"2\u00a0Minuten"},"schema":{"@context":"https:\/\/schema.org","@graph":[{"@type":"WebPage","@id":"https:\/\/www.mon-cintre.com\/de\/produit\/6-kleiderbugel-manner-mantel-jacken-schwarz-geburstetes-holz-breite-45-cm\/","url":"https:\/\/www.mon-cintre.com\/de\/produit\/6-kleiderbugel-manner-mantel-jacken-schwarz-geburstetes-holz-breite-45-cm\/","name":"Herrenmantel und Jackenb\u00fcgel \u2013 schwarzes Holz \u2013 45 cm - Mon Cintre","isPartOf":{"@id":"https:\/\/www.mon-cintre.com\/de\/#website"},"primaryImageOfPage":{"@id":"https:\/\/www.mon-cintre.com\/de\/produit\/6-kleiderbugel-manner-mantel-jacken-schwarz-geburstetes-holz-breite-45-cm\/#primaryimage"},"image":{"@id":"https:\/\/www.mon-cintre.com\/de\/produit\/6-kleiderbugel-manner-mantel-jacken-schwarz-geburstetes-holz-breite-45-cm\/#primaryimage"},"thumbnailUrl":"https:\/\/www.mon-cintre.com\/wp-content\/uploads\/2022\/10\/cintre-veste-manteau-CLA4250VES-BB.jpg","datePublished":"2024-01-05T12:51:56+00:00","dateModified":"2026-02-25T13:52:25+00:00","description":"Von hochwertigen Holzb\u00fcgeln bis zu mattem Schwarz mit geb\u00fcrstetem Holz, um Ihre empfindlichen Kleidungsst\u00fccke elegant aufzubewahren. Verkauft von 6 oder 10 je nach Form","breadcrumb":{"@id":"https:\/\/www.mon-cintre.com\/de\/produit\/6-kleiderbugel-manner-mantel-jacken-schwarz-geburstetes-holz-breite-45-cm\/#breadcrumb"},"inLanguage":"de","potentialAction":[{"@type":"ReadAction","target":["https:\/\/www.mon-cintre.com\/de\/produit\/6-kleiderbugel-manner-mantel-jacken-schwarz-geburstetes-holz-breite-45-cm\/"]}]},{"@type":"ImageObject","inLanguage":"de","@id":"https:\/\/www.mon-cintre.com\/de\/produit\/6-kleiderbugel-manner-mantel-jacken-schwarz-geburstetes-holz-breite-45-cm\/#primaryimage","url":"https:\/\/www.mon-cintre.com\/wp-content\/uploads\/2022\/10\/cintre-veste-manteau-CLA4250VES-BB.jpg","contentUrl":"https:\/\/www.mon-cintre.com\/wp-content\/uploads\/2022\/10\/cintre-veste-manteau-CLA4250VES-BB.jpg","width":2000,"height":2000,"caption":"Schwarzer Holzb\u00fcgel f\u00fcr Jacke und Mantel"},{"@type":"BreadcrumbList","@id":"https:\/\/www.mon-cintre.com\/de\/produit\/6-kleiderbugel-manner-mantel-jacken-schwarz-geburstetes-holz-breite-45-cm\/#breadcrumb","itemListElement":[{"@type":"ListItem","position":1,"name":"Accueil","item":"https:\/\/www.mon-cintre.com\/de\/"},{"@type":"ListItem","position":2,"name":"Shop","item":"https:\/\/www.mon-cintre.com\/de\/shop\/"},{"@type":"ListItem","position":3,"name":"6 Kleiderb\u00fcgel f\u00fcr M\u00e4nner f\u00fcr M\u00e4ntel und Jacken &#8211; schwarz, geb\u00fcrstetes Holz (Breite 45 cm &#8211; Schulterh\u00f6he 5,5 cm)"}]},{"@type":"WebSite","@id":"https:\/\/www.mon-cintre.com\/de\/#website","url":"https:\/\/www.mon-cintre.com\/de\/","name":"Mon Cintre","description":"Cintres et accessoires de dressing","publisher":{"@id":"https:\/\/www.mon-cintre.com\/de\/#organization"},"potentialAction":[{"@type":"SearchAction","target":{"@type":"EntryPoint","urlTemplate":"https:\/\/www.mon-cintre.com\/de\/?s={search_term_string}"},"query-input":{"@type":"PropertyValueSpecification","valueRequired":true,"valueName":"search_term_string"}}],"inLanguage":"de"},{"@type":"Organization","@id":"https:\/\/www.mon-cintre.com\/de\/#organization","name":"Mon Cintre","url":"https:\/\/www.mon-cintre.com\/de\/","logo":{"@type":"ImageObject","inLanguage":"de","@id":"https:\/\/www.mon-cintre.com\/de\/#\/schema\/logo\/image\/","url":"https:\/\/www.mon-cintre.com\/wp-content\/uploads\/2022\/12\/logo-blanc.png","contentUrl":"https:\/\/www.mon-cintre.com\/wp-content\/uploads\/2022\/12\/logo-blanc.png","width":345,"height":205,"caption":"Mon Cintre"},"image":{"@id":"https:\/\/www.mon-cintre.com\/de\/#\/schema\/logo\/image\/"}}]}},"_links":{"self":[{"href":"https:\/\/www.mon-cintre.com\/de\/wp-json\/wp\/v2\/product\/31119","targetHints":{"allow":["GET"]}}],"collection":[{"href":"https:\/\/www.mon-cintre.com\/de\/wp-json\/wp\/v2\/product"}],"about":[{"href":"https:\/\/www.mon-cintre.com\/de\/wp-json\/wp\/v2\/types\/product"}],"replies":[{"embeddable":true,"href":"https:\/\/www.mon-cintre.com\/de\/wp-json\/wp\/v2\/comments?post=31119"}],"wp:featuredmedia":[{"embeddable":true,"href":"https:\/\/www.mon-cintre.com\/de\/wp-json\/wp\/v2\/media\/30143"}],"wp:attachment":[{"href":"https:\/\/www.mon-cintre.com\/de\/wp-json\/wp\/v2\/media?parent=31119"}],"wp:term":[{"taxonomy":"product_brand","embeddable":true,"href":"https:\/\/www.mon-cintre.com\/de\/wp-json\/wp\/v2\/product_brand?post=31119"},{"taxonomy":"product_cat","embeddable":true,"href":"https:\/\/www.mon-cintre.com\/de\/wp-json\/wp\/v2\/product_cat?post=31119"},{"taxonomy":"product_tag","embeddable":true,"href":"https:\/\/www.mon-cintre.com\/de\/wp-json\/wp\/v2\/product_tag?post=31119"}],"curies":[{"name":"wp","href":"https:\/\/api.w.org\/{rel}","templated":true}]}}