

{"id":32491,"date":"2024-10-31T10:05:34","date_gmt":"2024-10-31T09:05:34","guid":{"rendered":"https:\/\/www.mon-cintre.com\/?post_type=product&#038;p=32491"},"modified":"2025-12-02T17:24:58","modified_gmt":"2025-12-02T16:24:58","slug":"groser-luxus-schuhloffel-mit-carbonfaser-lederbezug-52-cm-copie","status":"publish","type":"product","link":"https:\/\/www.mon-cintre.com\/de\/produit\/groser-luxus-schuhloffel-mit-carbonfaser-lederbezug-52-cm-copie\/","title":{"rendered":"Luxus-Schuhl\u00f6ffel mit Carbonfaser-Lederbezug \u2013 30,5 cm"},"content":{"rendered":"<p>Ein luxuri\u00f6ser Schuhl\u00f6ffel mit Lederbezug und Carbonfaser-Druck f\u00fcr das stilvolle Anziehen der Schuhe zu Hause oder auf Reisen. Ein originelles Weihnachtsgeschenk.<\/p>\n<ul>\n<li>Materialien: Schuhanzieher aus Metall, mit echtem Leder \u00fcberzogen<\/li>\n<li>Finish: Kohlefaserleder<\/li>\n<li>Abmessungen: 30,5 x 5 cm<\/li>\n<li>Kleiner Lederriemen zum Aufh\u00e4ngen<\/li>\n<li>Lieferung im Baumwollbezug und in der Mon Cintre-Geschenkbox<\/li>\n<li>Nicht nass machen oder mit scheuernden Materialien reiben<\/li>\n<\/ul>\n<p><img loading=\"lazy\" decoding=\"async\" class=\"alignnone wp-image-32526\" src=\"https:\/\/www.mon-cintre.com\/wp-content\/uploads\/2024\/10\/chausse-pied-carbone-boite.jpg\" alt=\"\" width=\"500\" height=\"320\" srcset=\"https:\/\/www.mon-cintre.com\/wp-content\/uploads\/2024\/10\/chausse-pied-carbone-boite.jpg 1000w, https:\/\/www.mon-cintre.com\/wp-content\/uploads\/2024\/10\/chausse-pied-carbone-boite-300x192.jpg 300w, https:\/\/www.mon-cintre.com\/wp-content\/uploads\/2024\/10\/chausse-pied-carbone-boite-768x492.jpg 768w, https:\/\/www.mon-cintre.com\/wp-content\/uploads\/2024\/10\/chausse-pied-carbone-boite-650x416.jpg 650w\" sizes=\"auto, (max-width: 500px) 100vw, 500px\" \/><\/p>\n","protected":false},"excerpt":{"rendered":"<p>Ein luxuri\u00f6ser Schuhl\u00f6ffel mit Lederbezug und Carbonfaser-Druck f\u00fcr das stilvolle Anziehen der Schuhe zu Hause oder auf Reisen. Ein originelles Weihnachtsgeschenk.<\/p>\n<ul>\n<li>Materialien: Schuhanzieher aus Metall, mit echtem Leder \u00fcberzogen<\/li>\n<li>Finish: Kohlefaserleder<\/li>\n<li>Abmessungen: 30,5 x 5 cm<\/li>\n<li>Kleiner Lederriemen zum Aufh\u00e4ngen<\/li>\n<li>Lieferung im Baumwollbezug und in der Mon Cintre-Geschenkbox<\/li>\n<\/ul>\n","protected":false},"featured_media":32498,"comment_status":"open","ping_status":"closed","template":"","meta":{"inline_featured_image":false},"product_brand":[],"product_cat":[657,463],"product_tag":[],"class_list":{"0":"post-32491","1":"product","2":"type-product","3":"status-publish","4":"has-post-thumbnail","6":"product_cat-ankleidezimmerzubehoer","7":"product_cat-fuer-den-ausflug-lederwaren","9":"first","10":"instock","11":"featured","12":"taxable","13":"shipping-taxable","14":"purchasable","15":"product-type-simple"},"yoast_head":"<!-- This site is optimized with the Yoast SEO plugin v27.3 - https:\/\/yoast.com\/product\/yoast-seo-wordpress\/ -->\n<title>Luxus-Schuhl\u00f6ffel mit Carbonfaser-Lederbezug \u2013 30,5 cm - Mon Cintre<\/title>\n<meta name=\"description\" content=\"Mit unserem Schuhanzieher mit Carbonfaser-Lederbezug entscheiden Sie sich f\u00fcr Modernit\u00e4t\" \/>\n<meta name=\"robots\" content=\"index, follow, max-snippet:-1, max-image-preview:large, max-video-preview:-1\" \/>\n<link rel=\"canonical\" href=\"https:\/\/www.mon-cintre.com\/de\/produit\/groser-luxus-schuhloffel-mit-carbonfaser-lederbezug-52-cm-copie\/\" \/>\n<meta property=\"og:locale\" content=\"de_DE\" \/>\n<meta property=\"og:type\" content=\"article\" \/>\n<meta property=\"og:title\" content=\"Luxus-Schuhl\u00f6ffel mit Carbonfaser-Lederbezug \u2013 30,5 cm - Mon Cintre\" \/>\n<meta property=\"og:description\" content=\"Mit unserem Schuhanzieher mit Carbonfaser-Lederbezug entscheiden Sie sich f\u00fcr Modernit\u00e4t\" \/>\n<meta property=\"og:url\" content=\"https:\/\/www.mon-cintre.com\/de\/produit\/groser-luxus-schuhloffel-mit-carbonfaser-lederbezug-52-cm-copie\/\" \/>\n<meta property=\"og:site_name\" content=\"Mon Cintre\" \/>\n<meta property=\"article:modified_time\" content=\"2025-12-02T16:24:58+00:00\" \/>\n<meta property=\"og:image\" content=\"https:\/\/www.mon-cintre.com\/wp-content\/uploads\/2024\/10\/chausse-pied-carbone-1.jpg\" \/>\n\t<meta property=\"og:image:width\" content=\"2000\" \/>\n\t<meta property=\"og:image:height\" content=\"2000\" \/>\n\t<meta property=\"og:image:type\" content=\"image\/jpeg\" \/>\n<meta name=\"twitter:card\" content=\"summary_large_image\" \/>\n<meta name=\"twitter:label1\" content=\"Gesch\u00e4tzte Lesezeit\" \/>\n\t<meta name=\"twitter:data1\" content=\"1\u00a0Minute\" \/>\n<script type=\"application\/ld+json\" class=\"yoast-schema-graph\">{\"@context\":\"https:\\\/\\\/schema.org\",\"@graph\":[{\"@type\":\"WebPage\",\"@id\":\"https:\\\/\\\/www.mon-cintre.com\\\/de\\\/produit\\\/groser-luxus-schuhloffel-mit-carbonfaser-lederbezug-52-cm-copie\\\/\",\"url\":\"https:\\\/\\\/www.mon-cintre.com\\\/de\\\/produit\\\/groser-luxus-schuhloffel-mit-carbonfaser-lederbezug-52-cm-copie\\\/\",\"name\":\"Luxus-Schuhl\u00f6ffel mit Carbonfaser-Lederbezug \u2013 30,5 cm - Mon Cintre\",\"isPartOf\":{\"@id\":\"https:\\\/\\\/www.mon-cintre.com\\\/de\\\/#website\"},\"primaryImageOfPage\":{\"@id\":\"https:\\\/\\\/www.mon-cintre.com\\\/de\\\/produit\\\/groser-luxus-schuhloffel-mit-carbonfaser-lederbezug-52-cm-copie\\\/#primaryimage\"},\"image\":{\"@id\":\"https:\\\/\\\/www.mon-cintre.com\\\/de\\\/produit\\\/groser-luxus-schuhloffel-mit-carbonfaser-lederbezug-52-cm-copie\\\/#primaryimage\"},\"thumbnailUrl\":\"https:\\\/\\\/www.mon-cintre.com\\\/wp-content\\\/uploads\\\/2024\\\/10\\\/chausse-pied-carbone-1.jpg\",\"datePublished\":\"2024-10-31T09:05:34+00:00\",\"dateModified\":\"2025-12-02T16:24:58+00:00\",\"description\":\"Mit unserem Schuhanzieher mit Carbonfaser-Lederbezug entscheiden Sie sich f\u00fcr Modernit\u00e4t\",\"breadcrumb\":{\"@id\":\"https:\\\/\\\/www.mon-cintre.com\\\/de\\\/produit\\\/groser-luxus-schuhloffel-mit-carbonfaser-lederbezug-52-cm-copie\\\/#breadcrumb\"},\"inLanguage\":\"de\",\"potentialAction\":[{\"@type\":\"ReadAction\",\"target\":[\"https:\\\/\\\/www.mon-cintre.com\\\/de\\\/produit\\\/groser-luxus-schuhloffel-mit-carbonfaser-lederbezug-52-cm-copie\\\/\"]}]},{\"@type\":\"ImageObject\",\"inLanguage\":\"de\",\"@id\":\"https:\\\/\\\/www.mon-cintre.com\\\/de\\\/produit\\\/groser-luxus-schuhloffel-mit-carbonfaser-lederbezug-52-cm-copie\\\/#primaryimage\",\"url\":\"https:\\\/\\\/www.mon-cintre.com\\\/wp-content\\\/uploads\\\/2024\\\/10\\\/chausse-pied-carbone-1.jpg\",\"contentUrl\":\"https:\\\/\\\/www.mon-cintre.com\\\/wp-content\\\/uploads\\\/2024\\\/10\\\/chausse-pied-carbone-1.jpg\",\"width\":2000,\"height\":2000,\"caption\":\"chausse-pied en cuir carbone\"},{\"@type\":\"BreadcrumbList\",\"@id\":\"https:\\\/\\\/www.mon-cintre.com\\\/de\\\/produit\\\/groser-luxus-schuhloffel-mit-carbonfaser-lederbezug-52-cm-copie\\\/#breadcrumb\",\"itemListElement\":[{\"@type\":\"ListItem\",\"position\":1,\"name\":\"Accueil\",\"item\":\"https:\\\/\\\/www.mon-cintre.com\\\/de\\\/\"},{\"@type\":\"ListItem\",\"position\":2,\"name\":\"Shop\",\"item\":\"https:\\\/\\\/www.mon-cintre.com\\\/de\\\/shop\\\/\"},{\"@type\":\"ListItem\",\"position\":3,\"name\":\"Luxus-Schuhl\u00f6ffel mit Carbonfaser-Lederbezug \u2013 30,5 cm\"}]},{\"@type\":\"WebSite\",\"@id\":\"https:\\\/\\\/www.mon-cintre.com\\\/de\\\/#website\",\"url\":\"https:\\\/\\\/www.mon-cintre.com\\\/de\\\/\",\"name\":\"Mon Cintre\",\"description\":\"Cintres et accessoires de dressing\",\"publisher\":{\"@id\":\"https:\\\/\\\/www.mon-cintre.com\\\/de\\\/#organization\"},\"potentialAction\":[{\"@type\":\"SearchAction\",\"target\":{\"@type\":\"EntryPoint\",\"urlTemplate\":\"https:\\\/\\\/www.mon-cintre.com\\\/de\\\/?s={search_term_string}\"},\"query-input\":{\"@type\":\"PropertyValueSpecification\",\"valueRequired\":true,\"valueName\":\"search_term_string\"}}],\"inLanguage\":\"de\"},{\"@type\":\"Organization\",\"@id\":\"https:\\\/\\\/www.mon-cintre.com\\\/de\\\/#organization\",\"name\":\"Mon Cintre\",\"url\":\"https:\\\/\\\/www.mon-cintre.com\\\/de\\\/\",\"logo\":{\"@type\":\"ImageObject\",\"inLanguage\":\"de\",\"@id\":\"https:\\\/\\\/www.mon-cintre.com\\\/de\\\/#\\\/schema\\\/logo\\\/image\\\/\",\"url\":\"https:\\\/\\\/www.mon-cintre.com\\\/wp-content\\\/uploads\\\/2022\\\/12\\\/logo-blanc.png\",\"contentUrl\":\"https:\\\/\\\/www.mon-cintre.com\\\/wp-content\\\/uploads\\\/2022\\\/12\\\/logo-blanc.png\",\"width\":345,\"height\":205,\"caption\":\"Mon Cintre\"},\"image\":{\"@id\":\"https:\\\/\\\/www.mon-cintre.com\\\/de\\\/#\\\/schema\\\/logo\\\/image\\\/\"}}]}<\/script>\n<!-- \/ Yoast SEO plugin. -->","yoast_head_json":{"title":"Luxus-Schuhl\u00f6ffel mit Carbonfaser-Lederbezug \u2013 30,5 cm - Mon Cintre","description":"Mit unserem Schuhanzieher mit Carbonfaser-Lederbezug entscheiden Sie sich f\u00fcr Modernit\u00e4t","robots":{"index":"index","follow":"follow","max-snippet":"max-snippet:-1","max-image-preview":"max-image-preview:large","max-video-preview":"max-video-preview:-1"},"canonical":"https:\/\/www.mon-cintre.com\/de\/produit\/groser-luxus-schuhloffel-mit-carbonfaser-lederbezug-52-cm-copie\/","og_locale":"de_DE","og_type":"article","og_title":"Luxus-Schuhl\u00f6ffel mit Carbonfaser-Lederbezug \u2013 30,5 cm - Mon Cintre","og_description":"Mit unserem Schuhanzieher mit Carbonfaser-Lederbezug entscheiden Sie sich f\u00fcr Modernit\u00e4t","og_url":"https:\/\/www.mon-cintre.com\/de\/produit\/groser-luxus-schuhloffel-mit-carbonfaser-lederbezug-52-cm-copie\/","og_site_name":"Mon Cintre","article_modified_time":"2025-12-02T16:24:58+00:00","og_image":[{"width":2000,"height":2000,"url":"https:\/\/www.mon-cintre.com\/wp-content\/uploads\/2024\/10\/chausse-pied-carbone-1.jpg","type":"image\/jpeg"}],"twitter_card":"summary_large_image","twitter_misc":{"Gesch\u00e4tzte Lesezeit":"1\u00a0Minute"},"schema":{"@context":"https:\/\/schema.org","@graph":[{"@type":"WebPage","@id":"https:\/\/www.mon-cintre.com\/de\/produit\/groser-luxus-schuhloffel-mit-carbonfaser-lederbezug-52-cm-copie\/","url":"https:\/\/www.mon-cintre.com\/de\/produit\/groser-luxus-schuhloffel-mit-carbonfaser-lederbezug-52-cm-copie\/","name":"Luxus-Schuhl\u00f6ffel mit Carbonfaser-Lederbezug \u2013 30,5 cm - Mon Cintre","isPartOf":{"@id":"https:\/\/www.mon-cintre.com\/de\/#website"},"primaryImageOfPage":{"@id":"https:\/\/www.mon-cintre.com\/de\/produit\/groser-luxus-schuhloffel-mit-carbonfaser-lederbezug-52-cm-copie\/#primaryimage"},"image":{"@id":"https:\/\/www.mon-cintre.com\/de\/produit\/groser-luxus-schuhloffel-mit-carbonfaser-lederbezug-52-cm-copie\/#primaryimage"},"thumbnailUrl":"https:\/\/www.mon-cintre.com\/wp-content\/uploads\/2024\/10\/chausse-pied-carbone-1.jpg","datePublished":"2024-10-31T09:05:34+00:00","dateModified":"2025-12-02T16:24:58+00:00","description":"Mit unserem Schuhanzieher mit Carbonfaser-Lederbezug entscheiden Sie sich f\u00fcr Modernit\u00e4t","breadcrumb":{"@id":"https:\/\/www.mon-cintre.com\/de\/produit\/groser-luxus-schuhloffel-mit-carbonfaser-lederbezug-52-cm-copie\/#breadcrumb"},"inLanguage":"de","potentialAction":[{"@type":"ReadAction","target":["https:\/\/www.mon-cintre.com\/de\/produit\/groser-luxus-schuhloffel-mit-carbonfaser-lederbezug-52-cm-copie\/"]}]},{"@type":"ImageObject","inLanguage":"de","@id":"https:\/\/www.mon-cintre.com\/de\/produit\/groser-luxus-schuhloffel-mit-carbonfaser-lederbezug-52-cm-copie\/#primaryimage","url":"https:\/\/www.mon-cintre.com\/wp-content\/uploads\/2024\/10\/chausse-pied-carbone-1.jpg","contentUrl":"https:\/\/www.mon-cintre.com\/wp-content\/uploads\/2024\/10\/chausse-pied-carbone-1.jpg","width":2000,"height":2000,"caption":"chausse-pied en cuir carbone"},{"@type":"BreadcrumbList","@id":"https:\/\/www.mon-cintre.com\/de\/produit\/groser-luxus-schuhloffel-mit-carbonfaser-lederbezug-52-cm-copie\/#breadcrumb","itemListElement":[{"@type":"ListItem","position":1,"name":"Accueil","item":"https:\/\/www.mon-cintre.com\/de\/"},{"@type":"ListItem","position":2,"name":"Shop","item":"https:\/\/www.mon-cintre.com\/de\/shop\/"},{"@type":"ListItem","position":3,"name":"Luxus-Schuhl\u00f6ffel mit Carbonfaser-Lederbezug \u2013 30,5 cm"}]},{"@type":"WebSite","@id":"https:\/\/www.mon-cintre.com\/de\/#website","url":"https:\/\/www.mon-cintre.com\/de\/","name":"Mon Cintre","description":"Cintres et accessoires de dressing","publisher":{"@id":"https:\/\/www.mon-cintre.com\/de\/#organization"},"potentialAction":[{"@type":"SearchAction","target":{"@type":"EntryPoint","urlTemplate":"https:\/\/www.mon-cintre.com\/de\/?s={search_term_string}"},"query-input":{"@type":"PropertyValueSpecification","valueRequired":true,"valueName":"search_term_string"}}],"inLanguage":"de"},{"@type":"Organization","@id":"https:\/\/www.mon-cintre.com\/de\/#organization","name":"Mon Cintre","url":"https:\/\/www.mon-cintre.com\/de\/","logo":{"@type":"ImageObject","inLanguage":"de","@id":"https:\/\/www.mon-cintre.com\/de\/#\/schema\/logo\/image\/","url":"https:\/\/www.mon-cintre.com\/wp-content\/uploads\/2022\/12\/logo-blanc.png","contentUrl":"https:\/\/www.mon-cintre.com\/wp-content\/uploads\/2022\/12\/logo-blanc.png","width":345,"height":205,"caption":"Mon Cintre"},"image":{"@id":"https:\/\/www.mon-cintre.com\/de\/#\/schema\/logo\/image\/"}}]}},"_links":{"self":[{"href":"https:\/\/www.mon-cintre.com\/de\/wp-json\/wp\/v2\/product\/32491","targetHints":{"allow":["GET"]}}],"collection":[{"href":"https:\/\/www.mon-cintre.com\/de\/wp-json\/wp\/v2\/product"}],"about":[{"href":"https:\/\/www.mon-cintre.com\/de\/wp-json\/wp\/v2\/types\/product"}],"replies":[{"embeddable":true,"href":"https:\/\/www.mon-cintre.com\/de\/wp-json\/wp\/v2\/comments?post=32491"}],"wp:featuredmedia":[{"embeddable":true,"href":"https:\/\/www.mon-cintre.com\/de\/wp-json\/wp\/v2\/media\/32498"}],"wp:attachment":[{"href":"https:\/\/www.mon-cintre.com\/de\/wp-json\/wp\/v2\/media?parent=32491"}],"wp:term":[{"taxonomy":"product_brand","embeddable":true,"href":"https:\/\/www.mon-cintre.com\/de\/wp-json\/wp\/v2\/product_brand?post=32491"},{"taxonomy":"product_cat","embeddable":true,"href":"https:\/\/www.mon-cintre.com\/de\/wp-json\/wp\/v2\/product_cat?post=32491"},{"taxonomy":"product_tag","embeddable":true,"href":"https:\/\/www.mon-cintre.com\/de\/wp-json\/wp\/v2\/product_tag?post=32491"}],"curies":[{"name":"wp","href":"https:\/\/api.w.org\/{rel}","templated":true}]}}