

{"id":32791,"date":"2025-02-12T11:13:15","date_gmt":"2025-02-12T10:13:15","guid":{"rendered":"https:\/\/www.mon-cintre.com\/?post_type=product&#038;p=32791"},"modified":"2026-02-11T15:22:58","modified_gmt":"2026-02-11T14:22:58","slug":"10-kleiderbugel-fur-hemd-nussbaum-breite-43-cm-schulter","status":"publish","type":"product","link":"https:\/\/www.mon-cintre.com\/de\/produit\/10-kleiderbugel-fur-hemd-nussbaum-breite-43-cm-schulter\/","title":{"rendered":"10 Kleiderb\u00fcgel f\u00fcr Hemd &#8211; HELLE Nussbaumfarbe (Breite 43 cm-Schulter 2,5 cm)"},"content":{"rendered":"<ul>\n<li>10 luxuri\u00f6se Kleiderb\u00fcgel f\u00fcr hemden, Polo und T-Shirts<\/li>\n<li>Walnussfarben (<strong>etwas hellere Farbe<\/strong> als die anderen Kleiderb\u00fcgel in der <a href=\"https:\/\/www.mon-cintre.com\/de\/categorie-produit\/kleiderbuegel\/kleiderbuegelfarben\/schicke-kollektion\/\">Chic-Kollektion<\/a>)<\/li>\n<li>Hakenfarbe anthrazit matt<\/li>\n<li>Braun Samt Antislip auf den Schultern von professioneller Qualit\u00e4t, die nicht stopft<\/li>\n<li>Breite 43 cm<\/li>\n<li>Breite der Schulter 2,5 cm<\/li>\n<li>Hakendurchmesser 5 mm, H\u00f6he 8,5 cm<\/li>\n<li>Schachtel mit 10 Kleiderb\u00fcgeln<\/li>\n<li>Ideal f\u00fcr Hemden, Polos und T-Shirts<\/li>\n<li>Wartung: Staub mit einem weichen, trockenen Tuch<\/li>\n<li>Wichtige Informationen zu unseren Kleiderb\u00fcgeln aus Holz: Holz ist ein Naturmaterial und unsere Bretter stammen direkt von B\u00e4umen. Jedes St\u00fcck Holz kann Variationen in Farbe, Maserung und Knoten aufweisen, die f\u00fcr den urspr\u00fcnglichen Baum und den verwendeten Teil des Baumes spezifisch sind. Diese Eigenschaften verleihen dem Holz Charme, ohne die Qualit\u00e4t oder Haltbarkeit unserer Kleiderb\u00fcgel zu beeintr\u00e4chtigen. Holz ist lebendig und kann auf Ver\u00e4nderungen der Luftfeuchtigkeit reagieren. Unsere Kleiderb\u00fcgel werden teilweise auch von Hand geformt. Diese handwerkliche Herstellung macht jeden Kleiderb\u00fcgel einzigartig und es k\u00f6nnen sehr leichte Unterschiede zwischen ihnen auftreten.<\/li>\n<\/ul>\n<p>Lieferung in wei\u00dfer Geschenkbox mit Logo. Jeder Kleiderb\u00fcgel ist einzeln in eine Schutzh\u00fclle eingewickelt.<\/p>\n<p><img loading=\"lazy\" decoding=\"async\" class=\"alignnone wp-image-10820 size-medium\" src=\"https:\/\/www.mon-cintre.com\/wp-content\/uploads\/2019\/02\/boite-cadeau-300x300.jpg\" alt=\"Boite cadeau Mon cintre\" width=\"300\" height=\"300\" srcset=\"https:\/\/www.mon-cintre.com\/wp-content\/uploads\/2019\/02\/boite-cadeau-300x300.jpg 300w, https:\/\/www.mon-cintre.com\/wp-content\/uploads\/2019\/02\/boite-cadeau-150x150.jpg 150w, https:\/\/www.mon-cintre.com\/wp-content\/uploads\/2019\/02\/boite-cadeau-100x100.jpg 100w, https:\/\/www.mon-cintre.com\/wp-content\/uploads\/2019\/02\/boite-cadeau.jpg 500w\" sizes=\"auto, (max-width: 300px) 100vw, 300px\" \/><\/p>\n<p>1 Meter Kleiderschrank = 30 Kleiderb\u00fcgel<br \/>\n<img loading=\"lazy\" decoding=\"async\" class=\"alignnone size-full wp-image-153\" src=\"https:\/\/www.mon-cintre.com\/DEV\/wp-content\/uploads\/2018\/08\/30cintres.png\" alt=\"\" width=\"190\" height=\"19\" \/><\/p>\n<p>* Unverbindliche Fotos.<br \/>\nBeachten Sie, dass sich die Farben von Bildschirm zu Bildschirm \u00e4ndern, sodass es trotz der Sorgfalt bei der Qualit\u00e4t unserer Fotos zu Abweichungen zwischen Bildschirm und Realit\u00e4t kommen kann.<\/p>\n","protected":false},"excerpt":{"rendered":"<p>Profitieren Sie von diesem au\u00dfergew\u00f6hnlichen Angebot f\u00fcr diese hochwertigen Hemdenb\u00fcgel.<br \/>\nVon der gleichen Qualit\u00e4t wie alle <span style=\"text-decoration: underline;\"><a href=\"https:\/\/www.mon-cintre.com\/de\/categorie-produit\/kleiderbuegel\/holzbugel\/\">unsere Holzb\u00fcgel<\/a><\/span> bieten wir sie jetzt im Sonderangebot an, da aufgrund eines Farbfehlers in der Lackierung und der Unm\u00f6glichkeit, diesen Fehler zu \u00e4ndern, der Haken und die Stange nicht entfernt werden k\u00f6nnen Nachlackierung, die Farbe ist <strong>heller als unsere <a href=\"https:\/\/www.mon-cintre.com\/de\/categorie-produit\/kleiderbuegel\/kleiderbuegelfarben\/schicke-kollektion\/\">Chic-Kollektion<\/a><\/strong> und passt daher nicht perfekt zu den anderen Kleiderb\u00fcgeln dieser Kollektion.<\/p>\n<ul>\n<li style=\"list-style-type: none;\">\n<ul>\n<li>10 Kleiderb\u00fcgel f\u00fcr Hemden, Polos und T-Shirts aus Esche mit rutschfestem Samt<\/li>\n<li>14,90 \u20ac der Kleiderb\u00fcgel<\/li>\n<li>Walnussfarben (<strong>etwas hellere Farbe<\/strong> als die anderen Kleiderb\u00fcgel in der <a href=\"https:\/\/www.mon-cintre.com\/de\/categorie-produit\/kleiderbuegel\/kleiderbuegelfarben\/schicke-kollektion\/\">Chic-Kollektion<\/a>)<\/li>\n<\/ul>\n<\/li>\n<\/ul>\n<ul>\n<li>Abmessungen: 43 x 2,5 cm<\/li>\n<li>Braun Samt Antislip auf den Schultern von professioneller Qualit\u00e4t, die nicht stopft<\/li>\n<li>Schachtel mit 10 Kleiderb\u00fcgeln<\/li>\n<li>Handgemacht (<a href=\"https:\/\/www.mon-cintre.com\/de\/handgemacht\/\">Mehr lesen<\/a>)<\/li>\n<\/ul>\n<p>Bestellen online Sie diese 10er-Packung Holzkleiderb\u00fcgel mit rutschfesten Samtschultern \u2013 perfekt f\u00fcr Ihre Garderobe, zum Aufh\u00e4ngen von Hemden und T-Shirts. Ab einer Bestellmenge von 20 St\u00fcck k\u00f6nnen die Kleiderb\u00fcgel mit Ihren Initialen oder Ihrem Logo personalisiert werden.<\/p>\n","protected":false},"featured_media":32818,"comment_status":"open","ping_status":"closed","template":"","meta":{"inline_featured_image":false},"product_brand":[],"product_cat":[575,635,298,616,293,297,315,582,630,569,549],"product_tag":[],"class_list":{"0":"post-32791","1":"product","2":"type-product","3":"status-publish","4":"has-post-thumbnail","6":"product_cat-arten-kleiderbuegeln-de","7":"product_cat-gebogene-kleiderbuegel","8":"product_cat-holzbugel","9":"product_cat-kleiderbuegel-grosse-43","10":"product_cat-kleiderbugel-fur-manner","11":"product_cat-kleiderbugel-fur-hemd","12":"product_cat-schicke-kollektion","13":"product_cat-kleiderbuegel-anti-rutsch-samt","14":"product_cat-kleiderbuegel-groesse","15":"product_cat-kleiderbuegelfarben","16":"product_cat-kleiderbuegel","18":"first","19":"instock","20":"sale","21":"taxable","22":"shipping-taxable","23":"purchasable","24":"product-type-simple"},"yoast_head":"<!-- This site is optimized with the Yoast SEO plugin v27.4 - https:\/\/yoast.com\/product\/yoast-seo-wordpress\/ -->\n<title>10 Kleiderb\u00fcgel f\u00fcr Hemd - Nussbaum (Breite 43 cm)<\/title>\n<meta name=\"description\" content=\"Schachtel mit 10 Kleiderb\u00fcgeln f\u00fcr Hemden mit Flockensamt an den Schultern. Ihre Hemden werden perfekt in Ihrer Garderobe arrangiert und das mit Klasse.\" \/>\n<meta name=\"robots\" content=\"index, follow, max-snippet:-1, max-image-preview:large, max-video-preview:-1\" \/>\n<link rel=\"canonical\" href=\"https:\/\/www.mon-cintre.com\/de\/produit\/10-kleiderbugel-fur-hemd-nussbaum-breite-43-cm-schulter\/\" \/>\n<meta property=\"og:locale\" content=\"de_DE\" \/>\n<meta property=\"og:type\" content=\"article\" \/>\n<meta property=\"og:title\" content=\"10 Kleiderb\u00fcgel f\u00fcr Hemd - Nussbaum (Breite 43 cm)\" \/>\n<meta property=\"og:description\" content=\"Schachtel mit 10 Kleiderb\u00fcgeln f\u00fcr Hemden mit Flockensamt an den Schultern. Ihre Hemden werden perfekt in Ihrer Garderobe arrangiert und das mit Klasse.\" \/>\n<meta property=\"og:url\" content=\"https:\/\/www.mon-cintre.com\/de\/produit\/10-kleiderbugel-fur-hemd-nussbaum-breite-43-cm-schulter\/\" \/>\n<meta property=\"og:site_name\" content=\"Mon Cintre\" \/>\n<meta property=\"article:modified_time\" content=\"2026-02-11T14:22:58+00:00\" \/>\n<meta property=\"og:image\" content=\"https:\/\/www.mon-cintre.com\/wp-content\/uploads\/2025\/02\/cintre-chemise-CLA4325FLO-WN-CL-1.jpg\" \/>\n\t<meta property=\"og:image:width\" content=\"2000\" \/>\n\t<meta property=\"og:image:height\" content=\"2000\" \/>\n\t<meta property=\"og:image:type\" content=\"image\/jpeg\" \/>\n<meta name=\"twitter:card\" content=\"summary_large_image\" \/>\n<meta name=\"twitter:label1\" content=\"Gesch\u00e4tzte Lesezeit\" \/>\n\t<meta name=\"twitter:data1\" content=\"2\u00a0Minuten\" \/>\n<script type=\"application\/ld+json\" class=\"yoast-schema-graph\">{\"@context\":\"https:\\\/\\\/schema.org\",\"@graph\":[{\"@type\":\"WebPage\",\"@id\":\"https:\\\/\\\/www.mon-cintre.com\\\/de\\\/produit\\\/10-kleiderbugel-fur-hemd-nussbaum-breite-43-cm-schulter\\\/\",\"url\":\"https:\\\/\\\/www.mon-cintre.com\\\/de\\\/produit\\\/10-kleiderbugel-fur-hemd-nussbaum-breite-43-cm-schulter\\\/\",\"name\":\"10 Kleiderb\u00fcgel f\u00fcr Hemd - Nussbaum (Breite 43 cm)\",\"isPartOf\":{\"@id\":\"https:\\\/\\\/www.mon-cintre.com\\\/de\\\/#website\"},\"primaryImageOfPage\":{\"@id\":\"https:\\\/\\\/www.mon-cintre.com\\\/de\\\/produit\\\/10-kleiderbugel-fur-hemd-nussbaum-breite-43-cm-schulter\\\/#primaryimage\"},\"image\":{\"@id\":\"https:\\\/\\\/www.mon-cintre.com\\\/de\\\/produit\\\/10-kleiderbugel-fur-hemd-nussbaum-breite-43-cm-schulter\\\/#primaryimage\"},\"thumbnailUrl\":\"https:\\\/\\\/www.mon-cintre.com\\\/wp-content\\\/uploads\\\/2025\\\/02\\\/cintre-chemise-CLA4325FLO-WN-CL-1.jpg\",\"datePublished\":\"2025-02-12T10:13:15+00:00\",\"dateModified\":\"2026-02-11T14:22:58+00:00\",\"description\":\"Schachtel mit 10 Kleiderb\u00fcgeln f\u00fcr Hemden mit Flockensamt an den Schultern. Ihre Hemden werden perfekt in Ihrer Garderobe arrangiert und das mit Klasse.\",\"breadcrumb\":{\"@id\":\"https:\\\/\\\/www.mon-cintre.com\\\/de\\\/produit\\\/10-kleiderbugel-fur-hemd-nussbaum-breite-43-cm-schulter\\\/#breadcrumb\"},\"inLanguage\":\"de\",\"potentialAction\":[{\"@type\":\"ReadAction\",\"target\":[\"https:\\\/\\\/www.mon-cintre.com\\\/de\\\/produit\\\/10-kleiderbugel-fur-hemd-nussbaum-breite-43-cm-schulter\\\/\"]}]},{\"@type\":\"ImageObject\",\"inLanguage\":\"de\",\"@id\":\"https:\\\/\\\/www.mon-cintre.com\\\/de\\\/produit\\\/10-kleiderbugel-fur-hemd-nussbaum-breite-43-cm-schulter\\\/#primaryimage\",\"url\":\"https:\\\/\\\/www.mon-cintre.com\\\/wp-content\\\/uploads\\\/2025\\\/02\\\/cintre-chemise-CLA4325FLO-WN-CL-1.jpg\",\"contentUrl\":\"https:\\\/\\\/www.mon-cintre.com\\\/wp-content\\\/uploads\\\/2025\\\/02\\\/cintre-chemise-CLA4325FLO-WN-CL-1.jpg\",\"width\":2000,\"height\":2000,\"caption\":\"cintre en bois coloris noyer\"},{\"@type\":\"BreadcrumbList\",\"@id\":\"https:\\\/\\\/www.mon-cintre.com\\\/de\\\/produit\\\/10-kleiderbugel-fur-hemd-nussbaum-breite-43-cm-schulter\\\/#breadcrumb\",\"itemListElement\":[{\"@type\":\"ListItem\",\"position\":1,\"name\":\"Accueil\",\"item\":\"https:\\\/\\\/www.mon-cintre.com\\\/de\\\/\"},{\"@type\":\"ListItem\",\"position\":2,\"name\":\"Shop\",\"item\":\"https:\\\/\\\/www.mon-cintre.com\\\/de\\\/shop\\\/\"},{\"@type\":\"ListItem\",\"position\":3,\"name\":\"10 Kleiderb\u00fcgel f\u00fcr Hemd &#8211; HELLE Nussbaumfarbe (Breite 43 cm-Schulter 2,5 cm)\"}]},{\"@type\":\"WebSite\",\"@id\":\"https:\\\/\\\/www.mon-cintre.com\\\/de\\\/#website\",\"url\":\"https:\\\/\\\/www.mon-cintre.com\\\/de\\\/\",\"name\":\"Mon Cintre\",\"description\":\"Cintres et accessoires de dressing\",\"publisher\":{\"@id\":\"https:\\\/\\\/www.mon-cintre.com\\\/de\\\/#organization\"},\"potentialAction\":[{\"@type\":\"SearchAction\",\"target\":{\"@type\":\"EntryPoint\",\"urlTemplate\":\"https:\\\/\\\/www.mon-cintre.com\\\/de\\\/?s={search_term_string}\"},\"query-input\":{\"@type\":\"PropertyValueSpecification\",\"valueRequired\":true,\"valueName\":\"search_term_string\"}}],\"inLanguage\":\"de\"},{\"@type\":\"Organization\",\"@id\":\"https:\\\/\\\/www.mon-cintre.com\\\/de\\\/#organization\",\"name\":\"Mon Cintre\",\"url\":\"https:\\\/\\\/www.mon-cintre.com\\\/de\\\/\",\"logo\":{\"@type\":\"ImageObject\",\"inLanguage\":\"de\",\"@id\":\"https:\\\/\\\/www.mon-cintre.com\\\/de\\\/#\\\/schema\\\/logo\\\/image\\\/\",\"url\":\"https:\\\/\\\/www.mon-cintre.com\\\/wp-content\\\/uploads\\\/2022\\\/12\\\/logo-blanc.png\",\"contentUrl\":\"https:\\\/\\\/www.mon-cintre.com\\\/wp-content\\\/uploads\\\/2022\\\/12\\\/logo-blanc.png\",\"width\":345,\"height\":205,\"caption\":\"Mon Cintre\"},\"image\":{\"@id\":\"https:\\\/\\\/www.mon-cintre.com\\\/de\\\/#\\\/schema\\\/logo\\\/image\\\/\"}}]}<\/script>\n<!-- \/ Yoast SEO plugin. -->","yoast_head_json":{"title":"10 Kleiderb\u00fcgel f\u00fcr Hemd - Nussbaum (Breite 43 cm)","description":"Schachtel mit 10 Kleiderb\u00fcgeln f\u00fcr Hemden mit Flockensamt an den Schultern. Ihre Hemden werden perfekt in Ihrer Garderobe arrangiert und das mit Klasse.","robots":{"index":"index","follow":"follow","max-snippet":"max-snippet:-1","max-image-preview":"max-image-preview:large","max-video-preview":"max-video-preview:-1"},"canonical":"https:\/\/www.mon-cintre.com\/de\/produit\/10-kleiderbugel-fur-hemd-nussbaum-breite-43-cm-schulter\/","og_locale":"de_DE","og_type":"article","og_title":"10 Kleiderb\u00fcgel f\u00fcr Hemd - Nussbaum (Breite 43 cm)","og_description":"Schachtel mit 10 Kleiderb\u00fcgeln f\u00fcr Hemden mit Flockensamt an den Schultern. Ihre Hemden werden perfekt in Ihrer Garderobe arrangiert und das mit Klasse.","og_url":"https:\/\/www.mon-cintre.com\/de\/produit\/10-kleiderbugel-fur-hemd-nussbaum-breite-43-cm-schulter\/","og_site_name":"Mon Cintre","article_modified_time":"2026-02-11T14:22:58+00:00","og_image":[{"width":2000,"height":2000,"url":"https:\/\/www.mon-cintre.com\/wp-content\/uploads\/2025\/02\/cintre-chemise-CLA4325FLO-WN-CL-1.jpg","type":"image\/jpeg"}],"twitter_card":"summary_large_image","twitter_misc":{"Gesch\u00e4tzte Lesezeit":"2\u00a0Minuten"},"schema":{"@context":"https:\/\/schema.org","@graph":[{"@type":"WebPage","@id":"https:\/\/www.mon-cintre.com\/de\/produit\/10-kleiderbugel-fur-hemd-nussbaum-breite-43-cm-schulter\/","url":"https:\/\/www.mon-cintre.com\/de\/produit\/10-kleiderbugel-fur-hemd-nussbaum-breite-43-cm-schulter\/","name":"10 Kleiderb\u00fcgel f\u00fcr Hemd - Nussbaum (Breite 43 cm)","isPartOf":{"@id":"https:\/\/www.mon-cintre.com\/de\/#website"},"primaryImageOfPage":{"@id":"https:\/\/www.mon-cintre.com\/de\/produit\/10-kleiderbugel-fur-hemd-nussbaum-breite-43-cm-schulter\/#primaryimage"},"image":{"@id":"https:\/\/www.mon-cintre.com\/de\/produit\/10-kleiderbugel-fur-hemd-nussbaum-breite-43-cm-schulter\/#primaryimage"},"thumbnailUrl":"https:\/\/www.mon-cintre.com\/wp-content\/uploads\/2025\/02\/cintre-chemise-CLA4325FLO-WN-CL-1.jpg","datePublished":"2025-02-12T10:13:15+00:00","dateModified":"2026-02-11T14:22:58+00:00","description":"Schachtel mit 10 Kleiderb\u00fcgeln f\u00fcr Hemden mit Flockensamt an den Schultern. Ihre Hemden werden perfekt in Ihrer Garderobe arrangiert und das mit Klasse.","breadcrumb":{"@id":"https:\/\/www.mon-cintre.com\/de\/produit\/10-kleiderbugel-fur-hemd-nussbaum-breite-43-cm-schulter\/#breadcrumb"},"inLanguage":"de","potentialAction":[{"@type":"ReadAction","target":["https:\/\/www.mon-cintre.com\/de\/produit\/10-kleiderbugel-fur-hemd-nussbaum-breite-43-cm-schulter\/"]}]},{"@type":"ImageObject","inLanguage":"de","@id":"https:\/\/www.mon-cintre.com\/de\/produit\/10-kleiderbugel-fur-hemd-nussbaum-breite-43-cm-schulter\/#primaryimage","url":"https:\/\/www.mon-cintre.com\/wp-content\/uploads\/2025\/02\/cintre-chemise-CLA4325FLO-WN-CL-1.jpg","contentUrl":"https:\/\/www.mon-cintre.com\/wp-content\/uploads\/2025\/02\/cintre-chemise-CLA4325FLO-WN-CL-1.jpg","width":2000,"height":2000,"caption":"cintre en bois coloris noyer"},{"@type":"BreadcrumbList","@id":"https:\/\/www.mon-cintre.com\/de\/produit\/10-kleiderbugel-fur-hemd-nussbaum-breite-43-cm-schulter\/#breadcrumb","itemListElement":[{"@type":"ListItem","position":1,"name":"Accueil","item":"https:\/\/www.mon-cintre.com\/de\/"},{"@type":"ListItem","position":2,"name":"Shop","item":"https:\/\/www.mon-cintre.com\/de\/shop\/"},{"@type":"ListItem","position":3,"name":"10 Kleiderb\u00fcgel f\u00fcr Hemd &#8211; HELLE Nussbaumfarbe (Breite 43 cm-Schulter 2,5 cm)"}]},{"@type":"WebSite","@id":"https:\/\/www.mon-cintre.com\/de\/#website","url":"https:\/\/www.mon-cintre.com\/de\/","name":"Mon Cintre","description":"Cintres et accessoires de dressing","publisher":{"@id":"https:\/\/www.mon-cintre.com\/de\/#organization"},"potentialAction":[{"@type":"SearchAction","target":{"@type":"EntryPoint","urlTemplate":"https:\/\/www.mon-cintre.com\/de\/?s={search_term_string}"},"query-input":{"@type":"PropertyValueSpecification","valueRequired":true,"valueName":"search_term_string"}}],"inLanguage":"de"},{"@type":"Organization","@id":"https:\/\/www.mon-cintre.com\/de\/#organization","name":"Mon Cintre","url":"https:\/\/www.mon-cintre.com\/de\/","logo":{"@type":"ImageObject","inLanguage":"de","@id":"https:\/\/www.mon-cintre.com\/de\/#\/schema\/logo\/image\/","url":"https:\/\/www.mon-cintre.com\/wp-content\/uploads\/2022\/12\/logo-blanc.png","contentUrl":"https:\/\/www.mon-cintre.com\/wp-content\/uploads\/2022\/12\/logo-blanc.png","width":345,"height":205,"caption":"Mon Cintre"},"image":{"@id":"https:\/\/www.mon-cintre.com\/de\/#\/schema\/logo\/image\/"}}]}},"_links":{"self":[{"href":"https:\/\/www.mon-cintre.com\/de\/wp-json\/wp\/v2\/product\/32791","targetHints":{"allow":["GET"]}}],"collection":[{"href":"https:\/\/www.mon-cintre.com\/de\/wp-json\/wp\/v2\/product"}],"about":[{"href":"https:\/\/www.mon-cintre.com\/de\/wp-json\/wp\/v2\/types\/product"}],"replies":[{"embeddable":true,"href":"https:\/\/www.mon-cintre.com\/de\/wp-json\/wp\/v2\/comments?post=32791"}],"wp:featuredmedia":[{"embeddable":true,"href":"https:\/\/www.mon-cintre.com\/de\/wp-json\/wp\/v2\/media\/32818"}],"wp:attachment":[{"href":"https:\/\/www.mon-cintre.com\/de\/wp-json\/wp\/v2\/media?parent=32791"}],"wp:term":[{"taxonomy":"product_brand","embeddable":true,"href":"https:\/\/www.mon-cintre.com\/de\/wp-json\/wp\/v2\/product_brand?post=32791"},{"taxonomy":"product_cat","embeddable":true,"href":"https:\/\/www.mon-cintre.com\/de\/wp-json\/wp\/v2\/product_cat?post=32791"},{"taxonomy":"product_tag","embeddable":true,"href":"https:\/\/www.mon-cintre.com\/de\/wp-json\/wp\/v2\/product_tag?post=32791"}],"curies":[{"name":"wp","href":"https:\/\/api.w.org\/{rel}","templated":true}]}}