

{"id":33302,"date":"2024-06-09T10:40:43","date_gmt":"2024-06-09T08:40:43","guid":{"rendered":"https:\/\/www.mon-cintre.com\/?post_type=product&#038;p=33302"},"modified":"2026-01-17T12:13:38","modified_gmt":"2026-01-17T11:13:38","slug":"karten-und-geldscheinetui-aus-leder-mit-carbonfaser-print","status":"publish","type":"product","link":"https:\/\/www.mon-cintre.com\/de\/produit\/karten-und-geldscheinetui-aus-leder-mit-carbonfaser-print\/","title":{"rendered":"Karten- und Geldscheinetui aus Leder mit Carbonfaser-Print"},"content":{"rendered":"<p>Leicht, kompakt und raffiniert: der ideale Kartenhalter f\u00fcr alle, die im Alltag nach Exzellenz suchen.<br \/>\nUnser Karten- und Geldscheinetui aus Leder mit Carbonfaser-Print vereint Eleganz, Modernit\u00e4t und Funktionalit\u00e4t. Es ist vollst\u00e4ndig handgefertigt aus hochwertigem Leder und mit hochwertigen Oberfl\u00e4chen.<\/p>\n<p>&#8211; 8 F\u00e4cher zur einfachen Organisation all Ihrer Karten<br \/>\n&#8211; Doppeltes Geldscheinfach f\u00fcr eine geordnete Aufbewahrung und schnellen Zugriff<br \/>\n&#8211; Anti-RFID-Schutz<br \/>\n&#8211; Geschlossene Ma\u00dfe: 11 x 8,5 x 1,6 cm<br \/>\n&#8211; Das Mon Cintre-Logo ist dezent im Inneren eingepr\u00e4gt, ein Garant f\u00fcr Qualit\u00e4t und Authentizit\u00e4t.<\/p>\n<p>Geliefert in einem Baumwollbeutel und einer eleganten schwarz-wei\u00dfen Box ist dieser Kartenhalter ein ideales Geschenk zum Verschenken &#8230; oder zum Selbstverw\u00f6hnen!<\/p>\n","protected":false},"excerpt":{"rendered":"<p>Leicht, kompakt und raffiniert: der ideale Kartenhalter f\u00fcr alle, die im Alltag nach Exzellenz suchen.<br \/>\nUnser Karten- und Geldscheinetui aus Leder mit Carbonfaser-Print vereint Eleganz, Modernit\u00e4t und Funktionalit\u00e4t. Es ist vollst\u00e4ndig handgefertigt aus hochwertigem Leder und mit hochwertigen Oberfl\u00e4chen.<\/p>\n<p>&#8211; 8 F\u00e4cher zur einfachen Organisation all Ihrer Karten<br \/>\n&#8211; Doppeltes Geldscheinfach f\u00fcr eine geordnete Aufbewahrung und schnellen Zugriff<br \/>\n&#8211; Anti-RFID-Schutz<br \/>\n&#8211; Geschlossene Ma\u00dfe: 11 x 8,5 x 1,6 cm<br \/>\n&#8211; Das Mon Cintre-Logo ist dezent im Inneren eingepr\u00e4gt<\/p>\n<p>Geliefert in einem Baumwollbeutel und einer eleganten schwarz-wei\u00dfen Box ist dieser Kartenhalter ein ideales Geschenk zum Verschenken &#8230; oder zum Selbstverw\u00f6hnen!<\/p>\n","protected":false},"featured_media":33292,"comment_status":"open","ping_status":"closed","template":"","meta":{"inline_featured_image":false},"product_brand":[],"product_cat":[463],"product_tag":[],"class_list":{"0":"post-33302","1":"product","2":"type-product","3":"status-publish","4":"has-post-thumbnail","6":"product_cat-fuer-den-ausflug-lederwaren","8":"first","9":"instock","10":"taxable","11":"shipping-taxable","12":"purchasable","13":"product-type-simple"},"yoast_head":"<!-- This site is optimized with the Yoast SEO plugin v27.4 - https:\/\/yoast.com\/product\/yoast-seo-wordpress\/ -->\n<title>Karten- und Geldscheinetui aus Leder mit Carbonfaser-Print - Mon Cintre<\/title>\n<meta name=\"description\" content=\"Unser Karten- und Geldscheinhalter aus Carbonfaserleder vereint Eleganz und Funktionalit\u00e4t. Komplett handgefertigt aus hochwertigem Leder und mit hochwertigen Oberfl\u00e4chen.\" \/>\n<meta name=\"robots\" content=\"index, follow, max-snippet:-1, max-image-preview:large, max-video-preview:-1\" \/>\n<link rel=\"canonical\" href=\"https:\/\/www.mon-cintre.com\/de\/produit\/karten-und-geldscheinetui-aus-leder-mit-carbonfaser-print\/\" \/>\n<meta property=\"og:locale\" content=\"de_DE\" \/>\n<meta property=\"og:type\" content=\"article\" \/>\n<meta property=\"og:title\" content=\"Karten- und Geldscheinetui aus Leder mit Carbonfaser-Print - Mon Cintre\" \/>\n<meta property=\"og:description\" content=\"Unser Karten- und Geldscheinhalter aus Carbonfaserleder vereint Eleganz und Funktionalit\u00e4t. Komplett handgefertigt aus hochwertigem Leder und mit hochwertigen Oberfl\u00e4chen.\" \/>\n<meta property=\"og:url\" content=\"https:\/\/www.mon-cintre.com\/de\/produit\/karten-und-geldscheinetui-aus-leder-mit-carbonfaser-print\/\" \/>\n<meta property=\"og:site_name\" content=\"Mon Cintre\" \/>\n<meta property=\"article:modified_time\" content=\"2026-01-17T11:13:38+00:00\" \/>\n<meta property=\"og:image\" content=\"https:\/\/www.mon-cintre.com\/wp-content\/uploads\/2025\/06\/porte-cartes-billets-cuir-carbone.jpg\" \/>\n\t<meta property=\"og:image:width\" content=\"2000\" \/>\n\t<meta property=\"og:image:height\" content=\"2000\" \/>\n\t<meta property=\"og:image:type\" content=\"image\/jpeg\" \/>\n<meta name=\"twitter:card\" content=\"summary_large_image\" \/>\n<meta name=\"twitter:label1\" content=\"Gesch\u00e4tzte Lesezeit\" \/>\n\t<meta name=\"twitter:data1\" content=\"1\u00a0Minute\" \/>\n<script type=\"application\/ld+json\" class=\"yoast-schema-graph\">{\"@context\":\"https:\\\/\\\/schema.org\",\"@graph\":[{\"@type\":\"WebPage\",\"@id\":\"https:\\\/\\\/www.mon-cintre.com\\\/de\\\/produit\\\/karten-und-geldscheinetui-aus-leder-mit-carbonfaser-print\\\/\",\"url\":\"https:\\\/\\\/www.mon-cintre.com\\\/de\\\/produit\\\/karten-und-geldscheinetui-aus-leder-mit-carbonfaser-print\\\/\",\"name\":\"Karten- und Geldscheinetui aus Leder mit Carbonfaser-Print - Mon Cintre\",\"isPartOf\":{\"@id\":\"https:\\\/\\\/www.mon-cintre.com\\\/de\\\/#website\"},\"primaryImageOfPage\":{\"@id\":\"https:\\\/\\\/www.mon-cintre.com\\\/de\\\/produit\\\/karten-und-geldscheinetui-aus-leder-mit-carbonfaser-print\\\/#primaryimage\"},\"image\":{\"@id\":\"https:\\\/\\\/www.mon-cintre.com\\\/de\\\/produit\\\/karten-und-geldscheinetui-aus-leder-mit-carbonfaser-print\\\/#primaryimage\"},\"thumbnailUrl\":\"https:\\\/\\\/www.mon-cintre.com\\\/wp-content\\\/uploads\\\/2025\\\/06\\\/porte-cartes-billets-cuir-carbone.jpg\",\"datePublished\":\"2024-06-09T08:40:43+00:00\",\"dateModified\":\"2026-01-17T11:13:38+00:00\",\"description\":\"Unser Karten- und Geldscheinhalter aus Carbonfaserleder vereint Eleganz und Funktionalit\u00e4t. Komplett handgefertigt aus hochwertigem Leder und mit hochwertigen Oberfl\u00e4chen.\",\"breadcrumb\":{\"@id\":\"https:\\\/\\\/www.mon-cintre.com\\\/de\\\/produit\\\/karten-und-geldscheinetui-aus-leder-mit-carbonfaser-print\\\/#breadcrumb\"},\"inLanguage\":\"de\",\"potentialAction\":[{\"@type\":\"ReadAction\",\"target\":[\"https:\\\/\\\/www.mon-cintre.com\\\/de\\\/produit\\\/karten-und-geldscheinetui-aus-leder-mit-carbonfaser-print\\\/\"]}]},{\"@type\":\"ImageObject\",\"inLanguage\":\"de\",\"@id\":\"https:\\\/\\\/www.mon-cintre.com\\\/de\\\/produit\\\/karten-und-geldscheinetui-aus-leder-mit-carbonfaser-print\\\/#primaryimage\",\"url\":\"https:\\\/\\\/www.mon-cintre.com\\\/wp-content\\\/uploads\\\/2025\\\/06\\\/porte-cartes-billets-cuir-carbone.jpg\",\"contentUrl\":\"https:\\\/\\\/www.mon-cintre.com\\\/wp-content\\\/uploads\\\/2025\\\/06\\\/porte-cartes-billets-cuir-carbone.jpg\",\"width\":2000,\"height\":2000,\"caption\":\"Karten- und Geldscheinetui aus Leder mit Carbonfaser-Print\"},{\"@type\":\"BreadcrumbList\",\"@id\":\"https:\\\/\\\/www.mon-cintre.com\\\/de\\\/produit\\\/karten-und-geldscheinetui-aus-leder-mit-carbonfaser-print\\\/#breadcrumb\",\"itemListElement\":[{\"@type\":\"ListItem\",\"position\":1,\"name\":\"Accueil\",\"item\":\"https:\\\/\\\/www.mon-cintre.com\\\/de\\\/\"},{\"@type\":\"ListItem\",\"position\":2,\"name\":\"Shop\",\"item\":\"https:\\\/\\\/www.mon-cintre.com\\\/de\\\/shop\\\/\"},{\"@type\":\"ListItem\",\"position\":3,\"name\":\"Karten- und Geldscheinetui aus Leder mit Carbonfaser-Print\"}]},{\"@type\":\"WebSite\",\"@id\":\"https:\\\/\\\/www.mon-cintre.com\\\/de\\\/#website\",\"url\":\"https:\\\/\\\/www.mon-cintre.com\\\/de\\\/\",\"name\":\"Mon Cintre\",\"description\":\"Cintres et accessoires de dressing\",\"publisher\":{\"@id\":\"https:\\\/\\\/www.mon-cintre.com\\\/de\\\/#organization\"},\"potentialAction\":[{\"@type\":\"SearchAction\",\"target\":{\"@type\":\"EntryPoint\",\"urlTemplate\":\"https:\\\/\\\/www.mon-cintre.com\\\/de\\\/?s={search_term_string}\"},\"query-input\":{\"@type\":\"PropertyValueSpecification\",\"valueRequired\":true,\"valueName\":\"search_term_string\"}}],\"inLanguage\":\"de\"},{\"@type\":\"Organization\",\"@id\":\"https:\\\/\\\/www.mon-cintre.com\\\/de\\\/#organization\",\"name\":\"Mon Cintre\",\"url\":\"https:\\\/\\\/www.mon-cintre.com\\\/de\\\/\",\"logo\":{\"@type\":\"ImageObject\",\"inLanguage\":\"de\",\"@id\":\"https:\\\/\\\/www.mon-cintre.com\\\/de\\\/#\\\/schema\\\/logo\\\/image\\\/\",\"url\":\"https:\\\/\\\/www.mon-cintre.com\\\/wp-content\\\/uploads\\\/2022\\\/12\\\/logo-blanc.png\",\"contentUrl\":\"https:\\\/\\\/www.mon-cintre.com\\\/wp-content\\\/uploads\\\/2022\\\/12\\\/logo-blanc.png\",\"width\":345,\"height\":205,\"caption\":\"Mon Cintre\"},\"image\":{\"@id\":\"https:\\\/\\\/www.mon-cintre.com\\\/de\\\/#\\\/schema\\\/logo\\\/image\\\/\"}}]}<\/script>\n<!-- \/ Yoast SEO plugin. -->","yoast_head_json":{"title":"Karten- und Geldscheinetui aus Leder mit Carbonfaser-Print - Mon Cintre","description":"Unser Karten- und Geldscheinhalter aus Carbonfaserleder vereint Eleganz und Funktionalit\u00e4t. Komplett handgefertigt aus hochwertigem Leder und mit hochwertigen Oberfl\u00e4chen.","robots":{"index":"index","follow":"follow","max-snippet":"max-snippet:-1","max-image-preview":"max-image-preview:large","max-video-preview":"max-video-preview:-1"},"canonical":"https:\/\/www.mon-cintre.com\/de\/produit\/karten-und-geldscheinetui-aus-leder-mit-carbonfaser-print\/","og_locale":"de_DE","og_type":"article","og_title":"Karten- und Geldscheinetui aus Leder mit Carbonfaser-Print - Mon Cintre","og_description":"Unser Karten- und Geldscheinhalter aus Carbonfaserleder vereint Eleganz und Funktionalit\u00e4t. Komplett handgefertigt aus hochwertigem Leder und mit hochwertigen Oberfl\u00e4chen.","og_url":"https:\/\/www.mon-cintre.com\/de\/produit\/karten-und-geldscheinetui-aus-leder-mit-carbonfaser-print\/","og_site_name":"Mon Cintre","article_modified_time":"2026-01-17T11:13:38+00:00","og_image":[{"width":2000,"height":2000,"url":"https:\/\/www.mon-cintre.com\/wp-content\/uploads\/2025\/06\/porte-cartes-billets-cuir-carbone.jpg","type":"image\/jpeg"}],"twitter_card":"summary_large_image","twitter_misc":{"Gesch\u00e4tzte Lesezeit":"1\u00a0Minute"},"schema":{"@context":"https:\/\/schema.org","@graph":[{"@type":"WebPage","@id":"https:\/\/www.mon-cintre.com\/de\/produit\/karten-und-geldscheinetui-aus-leder-mit-carbonfaser-print\/","url":"https:\/\/www.mon-cintre.com\/de\/produit\/karten-und-geldscheinetui-aus-leder-mit-carbonfaser-print\/","name":"Karten- und Geldscheinetui aus Leder mit Carbonfaser-Print - Mon Cintre","isPartOf":{"@id":"https:\/\/www.mon-cintre.com\/de\/#website"},"primaryImageOfPage":{"@id":"https:\/\/www.mon-cintre.com\/de\/produit\/karten-und-geldscheinetui-aus-leder-mit-carbonfaser-print\/#primaryimage"},"image":{"@id":"https:\/\/www.mon-cintre.com\/de\/produit\/karten-und-geldscheinetui-aus-leder-mit-carbonfaser-print\/#primaryimage"},"thumbnailUrl":"https:\/\/www.mon-cintre.com\/wp-content\/uploads\/2025\/06\/porte-cartes-billets-cuir-carbone.jpg","datePublished":"2024-06-09T08:40:43+00:00","dateModified":"2026-01-17T11:13:38+00:00","description":"Unser Karten- und Geldscheinhalter aus Carbonfaserleder vereint Eleganz und Funktionalit\u00e4t. Komplett handgefertigt aus hochwertigem Leder und mit hochwertigen Oberfl\u00e4chen.","breadcrumb":{"@id":"https:\/\/www.mon-cintre.com\/de\/produit\/karten-und-geldscheinetui-aus-leder-mit-carbonfaser-print\/#breadcrumb"},"inLanguage":"de","potentialAction":[{"@type":"ReadAction","target":["https:\/\/www.mon-cintre.com\/de\/produit\/karten-und-geldscheinetui-aus-leder-mit-carbonfaser-print\/"]}]},{"@type":"ImageObject","inLanguage":"de","@id":"https:\/\/www.mon-cintre.com\/de\/produit\/karten-und-geldscheinetui-aus-leder-mit-carbonfaser-print\/#primaryimage","url":"https:\/\/www.mon-cintre.com\/wp-content\/uploads\/2025\/06\/porte-cartes-billets-cuir-carbone.jpg","contentUrl":"https:\/\/www.mon-cintre.com\/wp-content\/uploads\/2025\/06\/porte-cartes-billets-cuir-carbone.jpg","width":2000,"height":2000,"caption":"Karten- und Geldscheinetui aus Leder mit Carbonfaser-Print"},{"@type":"BreadcrumbList","@id":"https:\/\/www.mon-cintre.com\/de\/produit\/karten-und-geldscheinetui-aus-leder-mit-carbonfaser-print\/#breadcrumb","itemListElement":[{"@type":"ListItem","position":1,"name":"Accueil","item":"https:\/\/www.mon-cintre.com\/de\/"},{"@type":"ListItem","position":2,"name":"Shop","item":"https:\/\/www.mon-cintre.com\/de\/shop\/"},{"@type":"ListItem","position":3,"name":"Karten- und Geldscheinetui aus Leder mit Carbonfaser-Print"}]},{"@type":"WebSite","@id":"https:\/\/www.mon-cintre.com\/de\/#website","url":"https:\/\/www.mon-cintre.com\/de\/","name":"Mon Cintre","description":"Cintres et accessoires de dressing","publisher":{"@id":"https:\/\/www.mon-cintre.com\/de\/#organization"},"potentialAction":[{"@type":"SearchAction","target":{"@type":"EntryPoint","urlTemplate":"https:\/\/www.mon-cintre.com\/de\/?s={search_term_string}"},"query-input":{"@type":"PropertyValueSpecification","valueRequired":true,"valueName":"search_term_string"}}],"inLanguage":"de"},{"@type":"Organization","@id":"https:\/\/www.mon-cintre.com\/de\/#organization","name":"Mon Cintre","url":"https:\/\/www.mon-cintre.com\/de\/","logo":{"@type":"ImageObject","inLanguage":"de","@id":"https:\/\/www.mon-cintre.com\/de\/#\/schema\/logo\/image\/","url":"https:\/\/www.mon-cintre.com\/wp-content\/uploads\/2022\/12\/logo-blanc.png","contentUrl":"https:\/\/www.mon-cintre.com\/wp-content\/uploads\/2022\/12\/logo-blanc.png","width":345,"height":205,"caption":"Mon Cintre"},"image":{"@id":"https:\/\/www.mon-cintre.com\/de\/#\/schema\/logo\/image\/"}}]}},"_links":{"self":[{"href":"https:\/\/www.mon-cintre.com\/de\/wp-json\/wp\/v2\/product\/33302","targetHints":{"allow":["GET"]}}],"collection":[{"href":"https:\/\/www.mon-cintre.com\/de\/wp-json\/wp\/v2\/product"}],"about":[{"href":"https:\/\/www.mon-cintre.com\/de\/wp-json\/wp\/v2\/types\/product"}],"replies":[{"embeddable":true,"href":"https:\/\/www.mon-cintre.com\/de\/wp-json\/wp\/v2\/comments?post=33302"}],"wp:featuredmedia":[{"embeddable":true,"href":"https:\/\/www.mon-cintre.com\/de\/wp-json\/wp\/v2\/media\/33292"}],"wp:attachment":[{"href":"https:\/\/www.mon-cintre.com\/de\/wp-json\/wp\/v2\/media?parent=33302"}],"wp:term":[{"taxonomy":"product_brand","embeddable":true,"href":"https:\/\/www.mon-cintre.com\/de\/wp-json\/wp\/v2\/product_brand?post=33302"},{"taxonomy":"product_cat","embeddable":true,"href":"https:\/\/www.mon-cintre.com\/de\/wp-json\/wp\/v2\/product_cat?post=33302"},{"taxonomy":"product_tag","embeddable":true,"href":"https:\/\/www.mon-cintre.com\/de\/wp-json\/wp\/v2\/product_tag?post=33302"}],"curies":[{"name":"wp","href":"https:\/\/api.w.org\/{rel}","templated":true}]}}