

{"id":33311,"date":"2025-06-09T11:29:41","date_gmt":"2025-06-09T09:29:41","guid":{"rendered":"https:\/\/www.mon-cintre.com\/?post_type=product&#038;p=33311"},"modified":"2026-01-17T12:12:42","modified_gmt":"2026-01-17T11:12:42","slug":"karten-und-geldscheinetui-aus-leder-mit-carbonfaser-print-copie","status":"publish","type":"product","link":"https:\/\/www.mon-cintre.com\/de\/produit\/karten-und-geldscheinetui-aus-leder-mit-carbonfaser-print-copie\/","title":{"rendered":"Reisepassh\u00fclle aus Leder mit Carbonfaser-Print"},"content":{"rendered":"<p>Reisen Sie stilvoll mit unserem Reisepassetui aus Leder mit Carbonfaser-Print \u2013 ein Symbol f\u00fcr Eleganz und Raffinesse. Handgefertigt aus hochwertigem Leder und mit hochwertigen Oberfl\u00e4chen vereint dieses unverzichtbare Reiseaccessoire \u00c4sthetik und Funktionalit\u00e4t.<\/p>\n<p>\u2013 Ein gro\u00dfes Fach f\u00fcr Ihren Reisepass<br \/>\n\u2013 Ein Fach f\u00fcr Ihre Bordkarte<br \/>\n\u2013 4 F\u00e4cher f\u00fcr die \u00fcbersichtliche Aufbewahrung all Ihrer Karten<br \/>\n\u2013 1 zus\u00e4tzliches gro\u00dfes Fach f\u00fcr Ihre Tickets, Quittungen oder andere wichtige Dokumente<br \/>\n&#8211; Anti-RFID-Schutz<br \/>\n\u2013 Ma\u00dfe (geschlossen): 10 x 15,2 x 1,2 cm<br \/>\n&#8211; Das Mon Cintre-Logo ist dezent im Inneren eingepr\u00e4gt, ein Garant f\u00fcr Qualit\u00e4t und Authentizit\u00e4t.<\/p>\n<p>Geliefert in einem Baumwollbeutel und einer eleganten schwarz-wei\u00dfen Box ist dieser Kartenhalter ein ideales Geschenk zum Verschenken &#8230; oder zum Selbstverw\u00f6hnen!<\/p>\n","protected":false},"excerpt":{"rendered":"<p>Reisen Sie stilvoll mit unserem Reisepassetui aus Leder mit Carbonfaser-Print \u2013 ein Symbol f\u00fcr Eleganz und Raffinesse. Handgefertigt aus hochwertigem Leder und mit hochwertigen Oberfl\u00e4chen vereint dieses unverzichtbare Reiseaccessoire \u00c4sthetik und Funktionalit\u00e4t.<\/p>\n<p>\u2013 Ein gro\u00dfes Fach f\u00fcr Ihren Reisepass<br \/>\n\u2013 Ein Fach f\u00fcr Ihre Bordkarte<br \/>\n\u2013 4 F\u00e4cher f\u00fcr die \u00fcbersichtliche Aufbewahrung all Ihrer Karten<br \/>\n\u2013 1 zus\u00e4tzliches gro\u00dfes Fach f\u00fcr Ihre Tickets, Quittungen oder andere wichtige Dokumente<br \/>\n&#8211; Anti-RFID-Schutz<br \/>\n\u2013 Ma\u00dfe (geschlossen): 10 x 15,2 x 1,2 cm<br \/>\n&#8211; Das Mon Cintre-Logo ist dezent im Inneren eingepr\u00e4gt<\/p>\n<p>Geliefert in einem Baumwollbeutel und einer eleganten schwarz-wei\u00dfen Box ist dieser Kartenhalter ein ideales Geschenk zum Verschenken &#8230; oder zum Selbstverw\u00f6hnen!<\/p>\n","protected":false},"featured_media":33323,"comment_status":"open","ping_status":"closed","template":"","meta":{"inline_featured_image":false},"product_brand":[],"product_cat":[463],"product_tag":[],"class_list":{"0":"post-33311","1":"product","2":"type-product","3":"status-publish","4":"has-post-thumbnail","6":"product_cat-fuer-den-ausflug-lederwaren","8":"first","9":"instock","10":"taxable","11":"shipping-taxable","12":"purchasable","13":"product-type-simple"},"yoast_head":"<!-- This site is optimized with the Yoast SEO plugin v27.4 - https:\/\/yoast.com\/product\/yoast-seo-wordpress\/ -->\n<title>Reisepassh\u00fclle aus Leder mit Carbonfaser-Print - Mon Cintre<\/title>\n<meta name=\"robots\" content=\"index, follow, max-snippet:-1, max-image-preview:large, max-video-preview:-1\" \/>\n<link rel=\"canonical\" href=\"https:\/\/www.mon-cintre.com\/de\/produit\/karten-und-geldscheinetui-aus-leder-mit-carbonfaser-print-copie\/\" \/>\n<meta property=\"og:locale\" content=\"de_DE\" \/>\n<meta property=\"og:type\" content=\"article\" \/>\n<meta property=\"og:title\" content=\"Reisepassh\u00fclle aus Leder mit Carbonfaser-Print - Mon Cintre\" \/>\n<meta property=\"og:description\" content=\"Reisen Sie stilvoll mit unserem Reisepassetui aus Leder mit Carbonfaser-Print \u2013 ein Symbol f\u00fcr Eleganz und Raffinesse. Handgefertigt aus hochwertigem Leder und mit hochwertigen Oberfl\u00e4chen vereint dieses unverzichtbare Reiseaccessoire \u00c4sthetik und Funktionalit\u00e4t.  \u2013 Ein gro\u00dfes Fach f\u00fcr Ihren Reisepass \u2013 Ein Fach f\u00fcr Ihre Bordkarte \u2013 4 F\u00e4cher f\u00fcr die \u00fcbersichtliche Aufbewahrung all Ihrer Karten \u2013 1 zus\u00e4tzliches gro\u00dfes Fach f\u00fcr Ihre Tickets, Quittungen oder andere wichtige Dokumente - Anti-RFID-Schutz \u2013 Ma\u00dfe (geschlossen): 10 x 15,2 x 1,2 cm - Das Mon Cintre-Logo ist dezent im Inneren eingepr\u00e4gt  Geliefert in einem Baumwollbeutel und einer eleganten schwarz-wei\u00dfen Box ist dieser Kartenhalter ein ideales Geschenk zum Verschenken ... oder zum Selbstverw\u00f6hnen!\" \/>\n<meta property=\"og:url\" content=\"https:\/\/www.mon-cintre.com\/de\/produit\/karten-und-geldscheinetui-aus-leder-mit-carbonfaser-print-copie\/\" \/>\n<meta property=\"og:site_name\" content=\"Mon Cintre\" \/>\n<meta property=\"article:modified_time\" content=\"2026-01-17T11:12:42+00:00\" \/>\n<meta property=\"og:image\" content=\"https:\/\/www.mon-cintre.com\/wp-content\/uploads\/2025\/06\/porte-passeport-cuir-fibre-carbone1.jpg\" \/>\n\t<meta property=\"og:image:width\" content=\"2000\" \/>\n\t<meta property=\"og:image:height\" content=\"2000\" \/>\n\t<meta property=\"og:image:type\" content=\"image\/jpeg\" \/>\n<meta name=\"twitter:card\" content=\"summary_large_image\" \/>\n<meta name=\"twitter:label1\" content=\"Gesch\u00e4tzte Lesezeit\" \/>\n\t<meta name=\"twitter:data1\" content=\"1\u00a0Minute\" \/>\n<script type=\"application\/ld+json\" class=\"yoast-schema-graph\">{\"@context\":\"https:\\\/\\\/schema.org\",\"@graph\":[{\"@type\":\"WebPage\",\"@id\":\"https:\\\/\\\/www.mon-cintre.com\\\/de\\\/produit\\\/karten-und-geldscheinetui-aus-leder-mit-carbonfaser-print-copie\\\/\",\"url\":\"https:\\\/\\\/www.mon-cintre.com\\\/de\\\/produit\\\/karten-und-geldscheinetui-aus-leder-mit-carbonfaser-print-copie\\\/\",\"name\":\"Reisepassh\u00fclle aus Leder mit Carbonfaser-Print - Mon Cintre\",\"isPartOf\":{\"@id\":\"https:\\\/\\\/www.mon-cintre.com\\\/de\\\/#website\"},\"primaryImageOfPage\":{\"@id\":\"https:\\\/\\\/www.mon-cintre.com\\\/de\\\/produit\\\/karten-und-geldscheinetui-aus-leder-mit-carbonfaser-print-copie\\\/#primaryimage\"},\"image\":{\"@id\":\"https:\\\/\\\/www.mon-cintre.com\\\/de\\\/produit\\\/karten-und-geldscheinetui-aus-leder-mit-carbonfaser-print-copie\\\/#primaryimage\"},\"thumbnailUrl\":\"https:\\\/\\\/www.mon-cintre.com\\\/wp-content\\\/uploads\\\/2025\\\/06\\\/porte-passeport-cuir-fibre-carbone1.jpg\",\"datePublished\":\"2025-06-09T09:29:41+00:00\",\"dateModified\":\"2026-01-17T11:12:42+00:00\",\"breadcrumb\":{\"@id\":\"https:\\\/\\\/www.mon-cintre.com\\\/de\\\/produit\\\/karten-und-geldscheinetui-aus-leder-mit-carbonfaser-print-copie\\\/#breadcrumb\"},\"inLanguage\":\"de\",\"potentialAction\":[{\"@type\":\"ReadAction\",\"target\":[\"https:\\\/\\\/www.mon-cintre.com\\\/de\\\/produit\\\/karten-und-geldscheinetui-aus-leder-mit-carbonfaser-print-copie\\\/\"]}]},{\"@type\":\"ImageObject\",\"inLanguage\":\"de\",\"@id\":\"https:\\\/\\\/www.mon-cintre.com\\\/de\\\/produit\\\/karten-und-geldscheinetui-aus-leder-mit-carbonfaser-print-copie\\\/#primaryimage\",\"url\":\"https:\\\/\\\/www.mon-cintre.com\\\/wp-content\\\/uploads\\\/2025\\\/06\\\/porte-passeport-cuir-fibre-carbone1.jpg\",\"contentUrl\":\"https:\\\/\\\/www.mon-cintre.com\\\/wp-content\\\/uploads\\\/2025\\\/06\\\/porte-passeport-cuir-fibre-carbone1.jpg\",\"width\":2000,\"height\":2000,\"caption\":\"Reisepassh\u00fclle aus Leder mit Carbonfaser-Print\"},{\"@type\":\"BreadcrumbList\",\"@id\":\"https:\\\/\\\/www.mon-cintre.com\\\/de\\\/produit\\\/karten-und-geldscheinetui-aus-leder-mit-carbonfaser-print-copie\\\/#breadcrumb\",\"itemListElement\":[{\"@type\":\"ListItem\",\"position\":1,\"name\":\"Accueil\",\"item\":\"https:\\\/\\\/www.mon-cintre.com\\\/de\\\/\"},{\"@type\":\"ListItem\",\"position\":2,\"name\":\"Shop\",\"item\":\"https:\\\/\\\/www.mon-cintre.com\\\/de\\\/shop\\\/\"},{\"@type\":\"ListItem\",\"position\":3,\"name\":\"Reisepassh\u00fclle aus Leder mit Carbonfaser-Print\"}]},{\"@type\":\"WebSite\",\"@id\":\"https:\\\/\\\/www.mon-cintre.com\\\/de\\\/#website\",\"url\":\"https:\\\/\\\/www.mon-cintre.com\\\/de\\\/\",\"name\":\"Mon Cintre\",\"description\":\"Cintres et accessoires de dressing\",\"publisher\":{\"@id\":\"https:\\\/\\\/www.mon-cintre.com\\\/de\\\/#organization\"},\"potentialAction\":[{\"@type\":\"SearchAction\",\"target\":{\"@type\":\"EntryPoint\",\"urlTemplate\":\"https:\\\/\\\/www.mon-cintre.com\\\/de\\\/?s={search_term_string}\"},\"query-input\":{\"@type\":\"PropertyValueSpecification\",\"valueRequired\":true,\"valueName\":\"search_term_string\"}}],\"inLanguage\":\"de\"},{\"@type\":\"Organization\",\"@id\":\"https:\\\/\\\/www.mon-cintre.com\\\/de\\\/#organization\",\"name\":\"Mon Cintre\",\"url\":\"https:\\\/\\\/www.mon-cintre.com\\\/de\\\/\",\"logo\":{\"@type\":\"ImageObject\",\"inLanguage\":\"de\",\"@id\":\"https:\\\/\\\/www.mon-cintre.com\\\/de\\\/#\\\/schema\\\/logo\\\/image\\\/\",\"url\":\"https:\\\/\\\/www.mon-cintre.com\\\/wp-content\\\/uploads\\\/2022\\\/12\\\/logo-blanc.png\",\"contentUrl\":\"https:\\\/\\\/www.mon-cintre.com\\\/wp-content\\\/uploads\\\/2022\\\/12\\\/logo-blanc.png\",\"width\":345,\"height\":205,\"caption\":\"Mon Cintre\"},\"image\":{\"@id\":\"https:\\\/\\\/www.mon-cintre.com\\\/de\\\/#\\\/schema\\\/logo\\\/image\\\/\"}}]}<\/script>\n<!-- \/ Yoast SEO plugin. -->","yoast_head_json":{"title":"Reisepassh\u00fclle aus Leder mit Carbonfaser-Print - Mon Cintre","robots":{"index":"index","follow":"follow","max-snippet":"max-snippet:-1","max-image-preview":"max-image-preview:large","max-video-preview":"max-video-preview:-1"},"canonical":"https:\/\/www.mon-cintre.com\/de\/produit\/karten-und-geldscheinetui-aus-leder-mit-carbonfaser-print-copie\/","og_locale":"de_DE","og_type":"article","og_title":"Reisepassh\u00fclle aus Leder mit Carbonfaser-Print - Mon Cintre","og_description":"Reisen Sie stilvoll mit unserem Reisepassetui aus Leder mit Carbonfaser-Print \u2013 ein Symbol f\u00fcr Eleganz und Raffinesse. Handgefertigt aus hochwertigem Leder und mit hochwertigen Oberfl\u00e4chen vereint dieses unverzichtbare Reiseaccessoire \u00c4sthetik und Funktionalit\u00e4t.  \u2013 Ein gro\u00dfes Fach f\u00fcr Ihren Reisepass \u2013 Ein Fach f\u00fcr Ihre Bordkarte \u2013 4 F\u00e4cher f\u00fcr die \u00fcbersichtliche Aufbewahrung all Ihrer Karten \u2013 1 zus\u00e4tzliches gro\u00dfes Fach f\u00fcr Ihre Tickets, Quittungen oder andere wichtige Dokumente - Anti-RFID-Schutz \u2013 Ma\u00dfe (geschlossen): 10 x 15,2 x 1,2 cm - Das Mon Cintre-Logo ist dezent im Inneren eingepr\u00e4gt  Geliefert in einem Baumwollbeutel und einer eleganten schwarz-wei\u00dfen Box ist dieser Kartenhalter ein ideales Geschenk zum Verschenken ... oder zum Selbstverw\u00f6hnen!","og_url":"https:\/\/www.mon-cintre.com\/de\/produit\/karten-und-geldscheinetui-aus-leder-mit-carbonfaser-print-copie\/","og_site_name":"Mon Cintre","article_modified_time":"2026-01-17T11:12:42+00:00","og_image":[{"width":2000,"height":2000,"url":"https:\/\/www.mon-cintre.com\/wp-content\/uploads\/2025\/06\/porte-passeport-cuir-fibre-carbone1.jpg","type":"image\/jpeg"}],"twitter_card":"summary_large_image","twitter_misc":{"Gesch\u00e4tzte Lesezeit":"1\u00a0Minute"},"schema":{"@context":"https:\/\/schema.org","@graph":[{"@type":"WebPage","@id":"https:\/\/www.mon-cintre.com\/de\/produit\/karten-und-geldscheinetui-aus-leder-mit-carbonfaser-print-copie\/","url":"https:\/\/www.mon-cintre.com\/de\/produit\/karten-und-geldscheinetui-aus-leder-mit-carbonfaser-print-copie\/","name":"Reisepassh\u00fclle aus Leder mit Carbonfaser-Print - Mon Cintre","isPartOf":{"@id":"https:\/\/www.mon-cintre.com\/de\/#website"},"primaryImageOfPage":{"@id":"https:\/\/www.mon-cintre.com\/de\/produit\/karten-und-geldscheinetui-aus-leder-mit-carbonfaser-print-copie\/#primaryimage"},"image":{"@id":"https:\/\/www.mon-cintre.com\/de\/produit\/karten-und-geldscheinetui-aus-leder-mit-carbonfaser-print-copie\/#primaryimage"},"thumbnailUrl":"https:\/\/www.mon-cintre.com\/wp-content\/uploads\/2025\/06\/porte-passeport-cuir-fibre-carbone1.jpg","datePublished":"2025-06-09T09:29:41+00:00","dateModified":"2026-01-17T11:12:42+00:00","breadcrumb":{"@id":"https:\/\/www.mon-cintre.com\/de\/produit\/karten-und-geldscheinetui-aus-leder-mit-carbonfaser-print-copie\/#breadcrumb"},"inLanguage":"de","potentialAction":[{"@type":"ReadAction","target":["https:\/\/www.mon-cintre.com\/de\/produit\/karten-und-geldscheinetui-aus-leder-mit-carbonfaser-print-copie\/"]}]},{"@type":"ImageObject","inLanguage":"de","@id":"https:\/\/www.mon-cintre.com\/de\/produit\/karten-und-geldscheinetui-aus-leder-mit-carbonfaser-print-copie\/#primaryimage","url":"https:\/\/www.mon-cintre.com\/wp-content\/uploads\/2025\/06\/porte-passeport-cuir-fibre-carbone1.jpg","contentUrl":"https:\/\/www.mon-cintre.com\/wp-content\/uploads\/2025\/06\/porte-passeport-cuir-fibre-carbone1.jpg","width":2000,"height":2000,"caption":"Reisepassh\u00fclle aus Leder mit Carbonfaser-Print"},{"@type":"BreadcrumbList","@id":"https:\/\/www.mon-cintre.com\/de\/produit\/karten-und-geldscheinetui-aus-leder-mit-carbonfaser-print-copie\/#breadcrumb","itemListElement":[{"@type":"ListItem","position":1,"name":"Accueil","item":"https:\/\/www.mon-cintre.com\/de\/"},{"@type":"ListItem","position":2,"name":"Shop","item":"https:\/\/www.mon-cintre.com\/de\/shop\/"},{"@type":"ListItem","position":3,"name":"Reisepassh\u00fclle aus Leder mit Carbonfaser-Print"}]},{"@type":"WebSite","@id":"https:\/\/www.mon-cintre.com\/de\/#website","url":"https:\/\/www.mon-cintre.com\/de\/","name":"Mon Cintre","description":"Cintres et accessoires de dressing","publisher":{"@id":"https:\/\/www.mon-cintre.com\/de\/#organization"},"potentialAction":[{"@type":"SearchAction","target":{"@type":"EntryPoint","urlTemplate":"https:\/\/www.mon-cintre.com\/de\/?s={search_term_string}"},"query-input":{"@type":"PropertyValueSpecification","valueRequired":true,"valueName":"search_term_string"}}],"inLanguage":"de"},{"@type":"Organization","@id":"https:\/\/www.mon-cintre.com\/de\/#organization","name":"Mon Cintre","url":"https:\/\/www.mon-cintre.com\/de\/","logo":{"@type":"ImageObject","inLanguage":"de","@id":"https:\/\/www.mon-cintre.com\/de\/#\/schema\/logo\/image\/","url":"https:\/\/www.mon-cintre.com\/wp-content\/uploads\/2022\/12\/logo-blanc.png","contentUrl":"https:\/\/www.mon-cintre.com\/wp-content\/uploads\/2022\/12\/logo-blanc.png","width":345,"height":205,"caption":"Mon Cintre"},"image":{"@id":"https:\/\/www.mon-cintre.com\/de\/#\/schema\/logo\/image\/"}}]}},"_links":{"self":[{"href":"https:\/\/www.mon-cintre.com\/de\/wp-json\/wp\/v2\/product\/33311","targetHints":{"allow":["GET"]}}],"collection":[{"href":"https:\/\/www.mon-cintre.com\/de\/wp-json\/wp\/v2\/product"}],"about":[{"href":"https:\/\/www.mon-cintre.com\/de\/wp-json\/wp\/v2\/types\/product"}],"replies":[{"embeddable":true,"href":"https:\/\/www.mon-cintre.com\/de\/wp-json\/wp\/v2\/comments?post=33311"}],"wp:featuredmedia":[{"embeddable":true,"href":"https:\/\/www.mon-cintre.com\/de\/wp-json\/wp\/v2\/media\/33323"}],"wp:attachment":[{"href":"https:\/\/www.mon-cintre.com\/de\/wp-json\/wp\/v2\/media?parent=33311"}],"wp:term":[{"taxonomy":"product_brand","embeddable":true,"href":"https:\/\/www.mon-cintre.com\/de\/wp-json\/wp\/v2\/product_brand?post=33311"},{"taxonomy":"product_cat","embeddable":true,"href":"https:\/\/www.mon-cintre.com\/de\/wp-json\/wp\/v2\/product_cat?post=33311"},{"taxonomy":"product_tag","embeddable":true,"href":"https:\/\/www.mon-cintre.com\/de\/wp-json\/wp\/v2\/product_tag?post=33311"}],"curies":[{"name":"wp","href":"https:\/\/api.w.org\/{rel}","templated":true}]}}