

{"id":33595,"date":"2025-09-18T15:46:02","date_gmt":"2025-09-18T13:46:02","guid":{"rendered":"https:\/\/www.mon-cintre.com\/?post_type=product&#038;p=33595"},"modified":"2025-09-24T12:23:15","modified_gmt":"2025-09-24T10:23:15","slug":"10-kleiderbugel-weise-breite-43-cm-geschultert-3-cm","status":"publish","type":"product","link":"https:\/\/www.mon-cintre.com\/de\/produit\/10-kleiderbugel-weise-breite-43-cm-geschultert-3-cm\/","title":{"rendered":"10 Kleiderb\u00fcgel f\u00fcr Herrenpullover und Jacken, aus Eschenholz &#8211; Wei\u00dfe Farbe gebeizt (Breite 43 cm, geschultert 3 cm)"},"content":{"rendered":"<ul>\n<li>10 Kleiderb\u00fcgel f\u00fcr Herrenpullover und Jacken, aus Eschenholz<\/li>\n<li>Wei\u00dfe Farbe gebeizt<\/li>\n<li>Haken nickel matt<\/li>\n<li>360\u00ba drehbarer Haken<\/li>\n<li>Breite 43 cm<\/li>\n<li>Breite der Schulter 3 cm<\/li>\n<li>Hakendurchmesser 5 mm, H\u00f6he 8,5 cm<\/li>\n<li>Schachtel mit 10 Kleiderb\u00fcgeln<\/li>\n<li>Ideal f\u00fcr Pullover und leichte Jacken<\/li>\n<li>Wartung: Staub mit einem weichen, trockenen Tuch<\/li>\n<li>Wichtige Informationen zu unseren Kleiderb\u00fcgeln aus Holz: Holz ist ein Naturmaterial und unsere Bretter stammen direkt von B\u00e4umen. Jedes St\u00fcck Holz kann Variationen in Farbe, Maserung und Knoten aufweisen, die f\u00fcr den urspr\u00fcnglichen Baum und den verwendeten Teil des Baumes spezifisch sind. Diese Eigenschaften verleihen dem Holz Charme, ohne die Qualit\u00e4t oder Haltbarkeit unserer Kleiderb\u00fcgel zu beeintr\u00e4chtigen. Holz ist lebendig und kann auf Ver\u00e4nderungen der Luftfeuchtigkeit reagieren. Unsere Kleiderb\u00fcgel werden teilweise auch von Hand geformt. Diese handwerkliche Herstellung macht jeden Kleiderb\u00fcgel einzigartig und es k\u00f6nnen sehr leichte Unterschiede zwischen ihnen auftreten.<\/li>\n<\/ul>\n<p>Aus der Mademoiselle-Kollektion wird die Rivage-Kollektion, die weiterhin sanfte Farben aufweist und nun in 9 Modellen f\u00fcr alle Outfits im Kleiderschrank von Damen und Herren erh\u00e4ltlich ist.<\/p>\n<p>Lieferung in wei\u00dfer Geschenkbox mit Logo. Jeder Kleiderb\u00fcgel ist einzeln in eine Schutzh\u00fclle eingewickelt.<\/p>\n<p><img loading=\"lazy\" decoding=\"async\" class=\"alignnone wp-image-10820 size-medium\" src=\"https:\/\/www.mon-cintre.com\/wp-content\/uploads\/2019\/02\/boite-cadeau-300x300.jpg\" alt=\"Boite cadeau Mon cintre\" width=\"300\" height=\"300\" srcset=\"https:\/\/www.mon-cintre.com\/wp-content\/uploads\/2019\/02\/boite-cadeau-300x300.jpg 300w, https:\/\/www.mon-cintre.com\/wp-content\/uploads\/2019\/02\/boite-cadeau-150x150.jpg 150w, https:\/\/www.mon-cintre.com\/wp-content\/uploads\/2019\/02\/boite-cadeau-100x100.jpg 100w, https:\/\/www.mon-cintre.com\/wp-content\/uploads\/2019\/02\/boite-cadeau.jpg 500w\" sizes=\"auto, (max-width: 300px) 100vw, 300px\" \/><\/p>\n<p>1 Meter Kleiderschrank = 30 Kleiderb\u00fcgel<\/p>\n<p><img loading=\"lazy\" decoding=\"async\" class=\"alignnone size-full wp-image-143\" src=\"https:\/\/www.mon-cintre.com\/DEV\/wp-content\/uploads\/2018\/08\/60cintres.png\" alt=\"\" width=\"190\" height=\"20\" \/><\/p>\n<p>* Unverbindliche Fotos. Beachten Sie, dass sich die Farben von Bildschirm zu Bildschirm \u00e4ndern, sodass es trotz der Sorgfalt bei der Qualit\u00e4t unserer Fotos zu Abweichungen zwischen Bildschirm und Realit\u00e4t kommen kann.<\/p>\n","protected":false},"excerpt":{"rendered":"<p><strong><span style=\"color: green;\">Neu!<\/span><\/strong><\/p>\n<ul>\n<li>10 Kleiderb\u00fcgel f\u00fcr Herrenpullover und Jacken<\/li>\n<li>Wei\u00dfe Farbe gebeizt<\/li>\n<li>Breite 43 cm<\/li>\n<li>Breite der Schulter 3 cm<\/li>\n<li>Schachtel mit 10 Kleiderb\u00fcgeln<\/li>\n<li>Handgemacht (<span style=\"text-decoration: underline;\"><a href=\"https:\/\/www.mon-cintre.com\/de\/handgemacht\/\">Mehr lesen<\/a><\/span>)<\/li>\n<\/ul>\n","protected":false},"featured_media":33636,"comment_status":"open","ping_status":"closed","template":"","meta":{"inline_featured_image":false},"product_brand":[],"product_cat":[575,635,298,616,293,297,630,569,549,312],"product_tag":[671],"class_list":{"0":"post-33595","1":"product","2":"type-product","3":"status-publish","4":"has-post-thumbnail","6":"product_cat-arten-kleiderbuegeln-de","7":"product_cat-gebogene-kleiderbuegel","8":"product_cat-holzbugel","9":"product_cat-kleiderbuegel-grosse-43","10":"product_cat-kleiderbugel-fur-manner","11":"product_cat-kleiderbugel-fur-hemd","12":"product_cat-kleiderbuegel-groesse","13":"product_cat-kleiderbuegelfarben","14":"product_cat-kleiderbuegel","15":"product_cat-mademoiselle-kollektion","16":"product_tag-new","18":"first","19":"instock","20":"taxable","21":"shipping-taxable","22":"purchasable","23":"product-type-simple"},"yoast_head":"<!-- This site is optimized with the Yoast SEO plugin v27.5 - https:\/\/yoast.com\/product\/yoast-seo-wordpress\/ -->\n<title>10 Kleiderb\u00fcgel f\u00fcr Herrenpullover und Jacken - Wei\u00dfe gebeizt<\/title>\n<meta name=\"description\" content=\"10 Kleiderb\u00fcgel f\u00fcr Herrenpullover und Jacken, Wei\u00dfe Farbe gebeizt, Breite 43 cm, Breite der Schulter 3 cm\" \/>\n<meta name=\"robots\" content=\"index, follow, max-snippet:-1, max-image-preview:large, max-video-preview:-1\" \/>\n<link rel=\"canonical\" href=\"https:\/\/www.mon-cintre.com\/de\/produit\/10-kleiderbugel-weise-breite-43-cm-geschultert-3-cm\/\" \/>\n<meta property=\"og:locale\" content=\"de_DE\" \/>\n<meta property=\"og:type\" content=\"article\" \/>\n<meta property=\"og:title\" content=\"10 Kleiderb\u00fcgel f\u00fcr Herrenpullover und Jacken - Wei\u00dfe gebeizt\" \/>\n<meta property=\"og:description\" content=\"10 Kleiderb\u00fcgel f\u00fcr Herrenpullover und Jacken, Wei\u00dfe Farbe gebeizt, Breite 43 cm, Breite der Schulter 3 cm\" \/>\n<meta property=\"og:url\" content=\"https:\/\/www.mon-cintre.com\/de\/produit\/10-kleiderbugel-weise-breite-43-cm-geschultert-3-cm\/\" \/>\n<meta property=\"og:site_name\" content=\"Mon Cintre\" \/>\n<meta property=\"article:modified_time\" content=\"2025-09-24T10:23:15+00:00\" \/>\n<meta property=\"og:image\" content=\"https:\/\/www.mon-cintre.com\/wp-content\/uploads\/2025\/09\/4315-4330-WW-3.jpg\" \/>\n\t<meta property=\"og:image:width\" content=\"2000\" \/>\n\t<meta property=\"og:image:height\" content=\"2000\" \/>\n\t<meta property=\"og:image:type\" content=\"image\/jpeg\" \/>\n<meta name=\"twitter:card\" content=\"summary_large_image\" \/>\n<meta name=\"twitter:label1\" content=\"Gesch\u00e4tzte Lesezeit\" \/>\n\t<meta name=\"twitter:data1\" content=\"2\u00a0Minuten\" \/>\n<script type=\"application\/ld+json\" class=\"yoast-schema-graph\">{\"@context\":\"https:\\\/\\\/schema.org\",\"@graph\":[{\"@type\":\"WebPage\",\"@id\":\"https:\\\/\\\/www.mon-cintre.com\\\/de\\\/produit\\\/10-kleiderbugel-weise-breite-43-cm-geschultert-3-cm\\\/\",\"url\":\"https:\\\/\\\/www.mon-cintre.com\\\/de\\\/produit\\\/10-kleiderbugel-weise-breite-43-cm-geschultert-3-cm\\\/\",\"name\":\"10 Kleiderb\u00fcgel f\u00fcr Herrenpullover und Jacken - Wei\u00dfe gebeizt\",\"isPartOf\":{\"@id\":\"https:\\\/\\\/www.mon-cintre.com\\\/de\\\/#website\"},\"primaryImageOfPage\":{\"@id\":\"https:\\\/\\\/www.mon-cintre.com\\\/de\\\/produit\\\/10-kleiderbugel-weise-breite-43-cm-geschultert-3-cm\\\/#primaryimage\"},\"image\":{\"@id\":\"https:\\\/\\\/www.mon-cintre.com\\\/de\\\/produit\\\/10-kleiderbugel-weise-breite-43-cm-geschultert-3-cm\\\/#primaryimage\"},\"thumbnailUrl\":\"https:\\\/\\\/www.mon-cintre.com\\\/wp-content\\\/uploads\\\/2025\\\/09\\\/cintre-bois-blanc-43cm-4330-WW.jpg\",\"datePublished\":\"2025-09-18T13:46:02+00:00\",\"dateModified\":\"2025-09-24T10:23:15+00:00\",\"description\":\"10 Kleiderb\u00fcgel f\u00fcr Herrenpullover und Jacken, Wei\u00dfe Farbe gebeizt, Breite 43 cm, Breite der Schulter 3 cm\",\"breadcrumb\":{\"@id\":\"https:\\\/\\\/www.mon-cintre.com\\\/de\\\/produit\\\/10-kleiderbugel-weise-breite-43-cm-geschultert-3-cm\\\/#breadcrumb\"},\"inLanguage\":\"de\",\"potentialAction\":[{\"@type\":\"ReadAction\",\"target\":[\"https:\\\/\\\/www.mon-cintre.com\\\/de\\\/produit\\\/10-kleiderbugel-weise-breite-43-cm-geschultert-3-cm\\\/\"]}]},{\"@type\":\"ImageObject\",\"inLanguage\":\"de\",\"@id\":\"https:\\\/\\\/www.mon-cintre.com\\\/de\\\/produit\\\/10-kleiderbugel-weise-breite-43-cm-geschultert-3-cm\\\/#primaryimage\",\"url\":\"https:\\\/\\\/www.mon-cintre.com\\\/wp-content\\\/uploads\\\/2025\\\/09\\\/cintre-bois-blanc-43cm-4330-WW.jpg\",\"contentUrl\":\"https:\\\/\\\/www.mon-cintre.com\\\/wp-content\\\/uploads\\\/2025\\\/09\\\/cintre-bois-blanc-43cm-4330-WW.jpg\",\"width\":2000,\"height\":2000,\"caption\":\"cintre pour veste coloris blanc lasur\u00e9 - 43 cm\"},{\"@type\":\"BreadcrumbList\",\"@id\":\"https:\\\/\\\/www.mon-cintre.com\\\/de\\\/produit\\\/10-kleiderbugel-weise-breite-43-cm-geschultert-3-cm\\\/#breadcrumb\",\"itemListElement\":[{\"@type\":\"ListItem\",\"position\":1,\"name\":\"Accueil\",\"item\":\"https:\\\/\\\/www.mon-cintre.com\\\/de\\\/\"},{\"@type\":\"ListItem\",\"position\":2,\"name\":\"Shop\",\"item\":\"https:\\\/\\\/www.mon-cintre.com\\\/de\\\/shop\\\/\"},{\"@type\":\"ListItem\",\"position\":3,\"name\":\"10 Kleiderb\u00fcgel f\u00fcr Herrenpullover und Jacken, aus Eschenholz &#8211; Wei\u00dfe Farbe gebeizt (Breite 43 cm, geschultert 3 cm)\"}]},{\"@type\":\"WebSite\",\"@id\":\"https:\\\/\\\/www.mon-cintre.com\\\/de\\\/#website\",\"url\":\"https:\\\/\\\/www.mon-cintre.com\\\/de\\\/\",\"name\":\"Mon Cintre\",\"description\":\"Cintres et accessoires de dressing\",\"publisher\":{\"@id\":\"https:\\\/\\\/www.mon-cintre.com\\\/de\\\/#organization\"},\"potentialAction\":[{\"@type\":\"SearchAction\",\"target\":{\"@type\":\"EntryPoint\",\"urlTemplate\":\"https:\\\/\\\/www.mon-cintre.com\\\/de\\\/?s={search_term_string}\"},\"query-input\":{\"@type\":\"PropertyValueSpecification\",\"valueRequired\":true,\"valueName\":\"search_term_string\"}}],\"inLanguage\":\"de\"},{\"@type\":\"Organization\",\"@id\":\"https:\\\/\\\/www.mon-cintre.com\\\/de\\\/#organization\",\"name\":\"Mon Cintre\",\"url\":\"https:\\\/\\\/www.mon-cintre.com\\\/de\\\/\",\"logo\":{\"@type\":\"ImageObject\",\"inLanguage\":\"de\",\"@id\":\"https:\\\/\\\/www.mon-cintre.com\\\/de\\\/#\\\/schema\\\/logo\\\/image\\\/\",\"url\":\"https:\\\/\\\/www.mon-cintre.com\\\/wp-content\\\/uploads\\\/2022\\\/12\\\/logo-blanc.png\",\"contentUrl\":\"https:\\\/\\\/www.mon-cintre.com\\\/wp-content\\\/uploads\\\/2022\\\/12\\\/logo-blanc.png\",\"width\":345,\"height\":205,\"caption\":\"Mon Cintre\"},\"image\":{\"@id\":\"https:\\\/\\\/www.mon-cintre.com\\\/de\\\/#\\\/schema\\\/logo\\\/image\\\/\"}}]}<\/script>\n<!-- \/ Yoast SEO plugin. -->","yoast_head_json":{"title":"10 Kleiderb\u00fcgel f\u00fcr Herrenpullover und Jacken - Wei\u00dfe gebeizt","description":"10 Kleiderb\u00fcgel f\u00fcr Herrenpullover und Jacken, Wei\u00dfe Farbe gebeizt, Breite 43 cm, Breite der Schulter 3 cm","robots":{"index":"index","follow":"follow","max-snippet":"max-snippet:-1","max-image-preview":"max-image-preview:large","max-video-preview":"max-video-preview:-1"},"canonical":"https:\/\/www.mon-cintre.com\/de\/produit\/10-kleiderbugel-weise-breite-43-cm-geschultert-3-cm\/","og_locale":"de_DE","og_type":"article","og_title":"10 Kleiderb\u00fcgel f\u00fcr Herrenpullover und Jacken - Wei\u00dfe gebeizt","og_description":"10 Kleiderb\u00fcgel f\u00fcr Herrenpullover und Jacken, Wei\u00dfe Farbe gebeizt, Breite 43 cm, Breite der Schulter 3 cm","og_url":"https:\/\/www.mon-cintre.com\/de\/produit\/10-kleiderbugel-weise-breite-43-cm-geschultert-3-cm\/","og_site_name":"Mon Cintre","article_modified_time":"2025-09-24T10:23:15+00:00","og_image":[{"width":2000,"height":2000,"url":"https:\/\/www.mon-cintre.com\/wp-content\/uploads\/2025\/09\/4315-4330-WW-3.jpg","type":"image\/jpeg"}],"twitter_card":"summary_large_image","twitter_misc":{"Gesch\u00e4tzte Lesezeit":"2\u00a0Minuten"},"schema":{"@context":"https:\/\/schema.org","@graph":[{"@type":"WebPage","@id":"https:\/\/www.mon-cintre.com\/de\/produit\/10-kleiderbugel-weise-breite-43-cm-geschultert-3-cm\/","url":"https:\/\/www.mon-cintre.com\/de\/produit\/10-kleiderbugel-weise-breite-43-cm-geschultert-3-cm\/","name":"10 Kleiderb\u00fcgel f\u00fcr Herrenpullover und Jacken - Wei\u00dfe gebeizt","isPartOf":{"@id":"https:\/\/www.mon-cintre.com\/de\/#website"},"primaryImageOfPage":{"@id":"https:\/\/www.mon-cintre.com\/de\/produit\/10-kleiderbugel-weise-breite-43-cm-geschultert-3-cm\/#primaryimage"},"image":{"@id":"https:\/\/www.mon-cintre.com\/de\/produit\/10-kleiderbugel-weise-breite-43-cm-geschultert-3-cm\/#primaryimage"},"thumbnailUrl":"https:\/\/www.mon-cintre.com\/wp-content\/uploads\/2025\/09\/cintre-bois-blanc-43cm-4330-WW.jpg","datePublished":"2025-09-18T13:46:02+00:00","dateModified":"2025-09-24T10:23:15+00:00","description":"10 Kleiderb\u00fcgel f\u00fcr Herrenpullover und Jacken, Wei\u00dfe Farbe gebeizt, Breite 43 cm, Breite der Schulter 3 cm","breadcrumb":{"@id":"https:\/\/www.mon-cintre.com\/de\/produit\/10-kleiderbugel-weise-breite-43-cm-geschultert-3-cm\/#breadcrumb"},"inLanguage":"de","potentialAction":[{"@type":"ReadAction","target":["https:\/\/www.mon-cintre.com\/de\/produit\/10-kleiderbugel-weise-breite-43-cm-geschultert-3-cm\/"]}]},{"@type":"ImageObject","inLanguage":"de","@id":"https:\/\/www.mon-cintre.com\/de\/produit\/10-kleiderbugel-weise-breite-43-cm-geschultert-3-cm\/#primaryimage","url":"https:\/\/www.mon-cintre.com\/wp-content\/uploads\/2025\/09\/cintre-bois-blanc-43cm-4330-WW.jpg","contentUrl":"https:\/\/www.mon-cintre.com\/wp-content\/uploads\/2025\/09\/cintre-bois-blanc-43cm-4330-WW.jpg","width":2000,"height":2000,"caption":"cintre pour veste coloris blanc lasur\u00e9 - 43 cm"},{"@type":"BreadcrumbList","@id":"https:\/\/www.mon-cintre.com\/de\/produit\/10-kleiderbugel-weise-breite-43-cm-geschultert-3-cm\/#breadcrumb","itemListElement":[{"@type":"ListItem","position":1,"name":"Accueil","item":"https:\/\/www.mon-cintre.com\/de\/"},{"@type":"ListItem","position":2,"name":"Shop","item":"https:\/\/www.mon-cintre.com\/de\/shop\/"},{"@type":"ListItem","position":3,"name":"10 Kleiderb\u00fcgel f\u00fcr Herrenpullover und Jacken, aus Eschenholz &#8211; Wei\u00dfe Farbe gebeizt (Breite 43 cm, geschultert 3 cm)"}]},{"@type":"WebSite","@id":"https:\/\/www.mon-cintre.com\/de\/#website","url":"https:\/\/www.mon-cintre.com\/de\/","name":"Mon Cintre","description":"Cintres et accessoires de dressing","publisher":{"@id":"https:\/\/www.mon-cintre.com\/de\/#organization"},"potentialAction":[{"@type":"SearchAction","target":{"@type":"EntryPoint","urlTemplate":"https:\/\/www.mon-cintre.com\/de\/?s={search_term_string}"},"query-input":{"@type":"PropertyValueSpecification","valueRequired":true,"valueName":"search_term_string"}}],"inLanguage":"de"},{"@type":"Organization","@id":"https:\/\/www.mon-cintre.com\/de\/#organization","name":"Mon Cintre","url":"https:\/\/www.mon-cintre.com\/de\/","logo":{"@type":"ImageObject","inLanguage":"de","@id":"https:\/\/www.mon-cintre.com\/de\/#\/schema\/logo\/image\/","url":"https:\/\/www.mon-cintre.com\/wp-content\/uploads\/2022\/12\/logo-blanc.png","contentUrl":"https:\/\/www.mon-cintre.com\/wp-content\/uploads\/2022\/12\/logo-blanc.png","width":345,"height":205,"caption":"Mon Cintre"},"image":{"@id":"https:\/\/www.mon-cintre.com\/de\/#\/schema\/logo\/image\/"}}]}},"_links":{"self":[{"href":"https:\/\/www.mon-cintre.com\/de\/wp-json\/wp\/v2\/product\/33595","targetHints":{"allow":["GET"]}}],"collection":[{"href":"https:\/\/www.mon-cintre.com\/de\/wp-json\/wp\/v2\/product"}],"about":[{"href":"https:\/\/www.mon-cintre.com\/de\/wp-json\/wp\/v2\/types\/product"}],"replies":[{"embeddable":true,"href":"https:\/\/www.mon-cintre.com\/de\/wp-json\/wp\/v2\/comments?post=33595"}],"wp:featuredmedia":[{"embeddable":true,"href":"https:\/\/www.mon-cintre.com\/de\/wp-json\/wp\/v2\/media\/33636"}],"wp:attachment":[{"href":"https:\/\/www.mon-cintre.com\/de\/wp-json\/wp\/v2\/media?parent=33595"}],"wp:term":[{"taxonomy":"product_brand","embeddable":true,"href":"https:\/\/www.mon-cintre.com\/de\/wp-json\/wp\/v2\/product_brand?post=33595"},{"taxonomy":"product_cat","embeddable":true,"href":"https:\/\/www.mon-cintre.com\/de\/wp-json\/wp\/v2\/product_cat?post=33595"},{"taxonomy":"product_tag","embeddable":true,"href":"https:\/\/www.mon-cintre.com\/de\/wp-json\/wp\/v2\/product_tag?post=33595"}],"curies":[{"name":"wp","href":"https:\/\/api.w.org\/{rel}","templated":true}]}}