

{"id":33677,"date":"2025-10-06T14:43:47","date_gmt":"2025-10-06T12:43:47","guid":{"rendered":"https:\/\/www.mon-cintre.com\/?post_type=product&#038;p=33677"},"modified":"2025-11-03T10:05:41","modified_gmt":"2025-11-03T09:05:41","slug":"set-ankleideraum-frau-36-holzbugel-walnussfarben","status":"publish","type":"product","link":"https:\/\/www.mon-cintre.com\/de\/produit\/set-ankleideraum-frau-36-holzbugel-walnussfarben\/","title":{"rendered":"Set Ankleideraum fur frau mit 36 Holzb\u00fcgel Walnussfarben"},"content":{"rendered":"<div  class=\"lgc-column lgc-grid-parent lgc-grid-50 lgc-tablet-grid-50 lgc-mobile-grid-100 lgc-equal-heights \"><div  class=\"inside-grid-column\">\n<p>Das Paket beinhaltet:<\/p>\n<ul>\n<li>6 Kleiderb\u00fcgel f\u00fcr M\u00e4ntel und Jacken<\/li>\n<li>15 Kleiderb\u00fcgel f\u00fcr f\u00fcr Blusen und Kleider<\/li>\n<li>15 Kleiderb\u00fcgel f\u00fcr R\u00f6cke und Hosen<\/li>\n<li>Essenz aus Eschenholz<\/li>\n<li>Walnussfarben<\/li>\n<li>Haken und Klammern f\u00e4rben anthrazit matt<\/li>\n<\/ul>\n<p><\/p><\/div><\/div>\n<div  class=\"lgc-column lgc-grid-parent lgc-grid-50 lgc-tablet-grid-50 lgc-mobile-grid-100 lgc-equal-heights \"><div  class=\"inside-grid-column\">\n<ul>\n<li>360\u00ba drehbarer Haken<\/li>\n<li>Bewegen der Pinzette \u00fcber die gesamte L\u00e4nge der Stange<\/li>\n<li>Rutschfester Samt an den Schultern<\/li>\n<li>Breite 38 cm<\/li>\n<li>Schulterbreite: 4,5 cm f\u00fcr Kleiderb\u00fcgel &#8211; 1,5 cm f\u00fcr Kleiderb\u00fcgel f\u00fcr f\u00fcr Blusen<\/li>\n<li>Hakendurchmesser 5 mm, H\u00f6he 8,5 cm<\/li>\n<li>Professionelle Zangen, die keine Spuren hinterlassen und f\u00fcr eine perfekte Passform sorgen<\/li>\n<li>Pflege: Mit einem weichen, trockenen Tuch abstauben<\/li>\n<\/ul>\n<p><\/p><\/div><\/div><div class=\"lgc-clear\"><\/div>\n<p>Lieferung in 3 wei\u00dfen Geschenkboxen mit Logo. Jeder Kleiderb\u00fcgel ist einzeln in eine Schutzh\u00fclle eingewickelt.<\/p>\n<p><img loading=\"lazy\" decoding=\"async\" class=\"alignnone wp-image-10820 size-medium\" src=\"https:\/\/www.mon-cintre.com\/wp-content\/uploads\/2019\/02\/boite-cadeau-300x300.jpg\" alt=\"Boite cadeau Mon cintre\" width=\"300\" height=\"300\" srcset=\"https:\/\/www.mon-cintre.com\/wp-content\/uploads\/2019\/02\/boite-cadeau-300x300.jpg 300w, https:\/\/www.mon-cintre.com\/wp-content\/uploads\/2019\/02\/boite-cadeau-150x150.jpg 150w, https:\/\/www.mon-cintre.com\/wp-content\/uploads\/2019\/02\/boite-cadeau-100x100.jpg 100w, https:\/\/www.mon-cintre.com\/wp-content\/uploads\/2019\/02\/boite-cadeau.jpg 500w\" sizes=\"auto, (max-width: 300px) 100vw, 300px\" \/><\/p>\n<p>* Unverbindliche Fotos.<br \/>\nBeachten Sie, dass sich die Farben von Bildschirm zu Bildschirm \u00e4ndern, sodass es trotz der Sorgfalt bei der Qualit\u00e4t unserer Fotos zu Abweichungen zwischen Bildschirm und Realit\u00e4t kommen kann.<\/p>\n","protected":false},"excerpt":{"rendered":"<ul>\n<li>36 Kleiderb\u00fcgel aus Eschenholz f\u00fcr alle Outfits (Detail unten auf der Seite)<\/li>\n<li>Walnussfarben<\/li>\n<li>Abmessungen: 38 x 4,5 cm und 38 x 1,5 cm<\/li>\n<li>Professionelle mobile Zangen, die keine breiten Kerben markieren<\/li>\n<li>Set mit 36 Kleiderb\u00fcgeln<\/li>\n<li>Handgemacht (<a href=\"https:\/\/www.mon-cintre.com\/de\/handgemacht\/\">Erfahren Sie mehr<\/a>)<\/li>\n<\/ul>\n","protected":false},"featured_media":33682,"comment_status":"open","ping_status":"closed","template":"","meta":{"inline_featured_image":false},"product_brand":[],"product_cat":[314,298,308,311,313,310,315,569,299,549],"product_tag":[],"class_list":{"0":"post-33677","1":"product","2":"type-product","3":"status-publish","4":"has-post-thumbnail","6":"product_cat-bluse-kleiderbugel","7":"product_cat-holzbugel","8":"product_cat-kleiderbugel-fur-frauen","9":"product_cat-kleiderbugel-fur-damenjacken","10":"product_cat-kleiderbugel-fur-kleid","11":"product_cat-kleiderbugel-fur-rocke-und-hosen","12":"product_cat-schicke-kollektion","13":"product_cat-kleiderbuegelfarben","14":"product_cat-set-ankleideraum","15":"product_cat-kleiderbuegel","17":"first","18":"outofstock","19":"sale","20":"taxable","21":"shipping-taxable","22":"purchasable","23":"product-type-simple"},"yoast_head":"<!-- This site is optimized with the Yoast SEO plugin v27.4 - https:\/\/yoast.com\/product\/yoast-seo-wordpress\/ -->\n<title>Set Ankleideraum fur frau mit 36 Holzb\u00fcgel Walnussfarben- Mon Cintre<\/title>\n<meta name=\"description\" content=\"F\u00fcr Madames Garderobe ist dieses Set edler Holzb\u00fcgel die perfekte L\u00f6sung. 3 Formen von mattschwarzen Kleiderb\u00fcgeln f\u00fcr alle Damenoutfits.\" \/>\n<meta name=\"robots\" content=\"index, follow, max-snippet:-1, max-image-preview:large, max-video-preview:-1\" \/>\n<link rel=\"canonical\" href=\"https:\/\/www.mon-cintre.com\/de\/produit\/set-ankleideraum-frau-36-holzbugel-walnussfarben\/\" \/>\n<meta property=\"og:locale\" content=\"de_DE\" \/>\n<meta property=\"og:type\" content=\"article\" \/>\n<meta property=\"og:title\" content=\"Set Ankleideraum fur frau mit 36 Holzb\u00fcgel Walnussfarben- Mon Cintre\" \/>\n<meta property=\"og:description\" content=\"F\u00fcr Madames Garderobe ist dieses Set edler Holzb\u00fcgel die perfekte L\u00f6sung. 3 Formen von mattschwarzen Kleiderb\u00fcgeln f\u00fcr alle Damenoutfits.\" \/>\n<meta property=\"og:url\" content=\"https:\/\/www.mon-cintre.com\/de\/produit\/set-ankleideraum-frau-36-holzbugel-walnussfarben\/\" \/>\n<meta property=\"og:site_name\" content=\"Mon Cintre\" \/>\n<meta property=\"article:modified_time\" content=\"2025-11-03T09:05:41+00:00\" \/>\n<meta property=\"og:image\" content=\"https:\/\/www.mon-cintre.com\/wp-content\/uploads\/2025\/10\/ensemble-cintres-bois-femme-WN.jpg\" \/>\n\t<meta property=\"og:image:width\" content=\"1800\" \/>\n\t<meta property=\"og:image:height\" content=\"1800\" \/>\n\t<meta property=\"og:image:type\" content=\"image\/jpeg\" \/>\n<meta name=\"twitter:card\" content=\"summary_large_image\" \/>\n<meta name=\"twitter:label1\" content=\"Gesch\u00e4tzte Lesezeit\" \/>\n\t<meta name=\"twitter:data1\" content=\"2\u00a0Minuten\" \/>\n<script type=\"application\/ld+json\" class=\"yoast-schema-graph\">{\"@context\":\"https:\\\/\\\/schema.org\",\"@graph\":[{\"@type\":\"WebPage\",\"@id\":\"https:\\\/\\\/www.mon-cintre.com\\\/de\\\/produit\\\/set-ankleideraum-frau-36-holzbugel-walnussfarben\\\/\",\"url\":\"https:\\\/\\\/www.mon-cintre.com\\\/de\\\/produit\\\/set-ankleideraum-frau-36-holzbugel-walnussfarben\\\/\",\"name\":\"Set Ankleideraum fur frau mit 36 Holzb\u00fcgel Walnussfarben- Mon Cintre\",\"isPartOf\":{\"@id\":\"https:\\\/\\\/www.mon-cintre.com\\\/de\\\/#website\"},\"primaryImageOfPage\":{\"@id\":\"https:\\\/\\\/www.mon-cintre.com\\\/de\\\/produit\\\/set-ankleideraum-frau-36-holzbugel-walnussfarben\\\/#primaryimage\"},\"image\":{\"@id\":\"https:\\\/\\\/www.mon-cintre.com\\\/de\\\/produit\\\/set-ankleideraum-frau-36-holzbugel-walnussfarben\\\/#primaryimage\"},\"thumbnailUrl\":\"https:\\\/\\\/www.mon-cintre.com\\\/wp-content\\\/uploads\\\/2025\\\/10\\\/ensemble-cintres-bois-femme-WN.jpg\",\"datePublished\":\"2025-10-06T12:43:47+00:00\",\"dateModified\":\"2025-11-03T09:05:41+00:00\",\"description\":\"F\u00fcr Madames Garderobe ist dieses Set edler Holzb\u00fcgel die perfekte L\u00f6sung. 3 Formen von mattschwarzen Kleiderb\u00fcgeln f\u00fcr alle Damenoutfits.\",\"breadcrumb\":{\"@id\":\"https:\\\/\\\/www.mon-cintre.com\\\/de\\\/produit\\\/set-ankleideraum-frau-36-holzbugel-walnussfarben\\\/#breadcrumb\"},\"inLanguage\":\"de\",\"potentialAction\":[{\"@type\":\"ReadAction\",\"target\":[\"https:\\\/\\\/www.mon-cintre.com\\\/de\\\/produit\\\/set-ankleideraum-frau-36-holzbugel-walnussfarben\\\/\"]}]},{\"@type\":\"ImageObject\",\"inLanguage\":\"de\",\"@id\":\"https:\\\/\\\/www.mon-cintre.com\\\/de\\\/produit\\\/set-ankleideraum-frau-36-holzbugel-walnussfarben\\\/#primaryimage\",\"url\":\"https:\\\/\\\/www.mon-cintre.com\\\/wp-content\\\/uploads\\\/2025\\\/10\\\/ensemble-cintres-bois-femme-WN.jpg\",\"contentUrl\":\"https:\\\/\\\/www.mon-cintre.com\\\/wp-content\\\/uploads\\\/2025\\\/10\\\/ensemble-cintres-bois-femme-WN.jpg\",\"width\":1800,\"height\":1800,\"caption\":\"Ensemble de cintrs en bois coloris noyer pour dressing femme\"},{\"@type\":\"BreadcrumbList\",\"@id\":\"https:\\\/\\\/www.mon-cintre.com\\\/de\\\/produit\\\/set-ankleideraum-frau-36-holzbugel-walnussfarben\\\/#breadcrumb\",\"itemListElement\":[{\"@type\":\"ListItem\",\"position\":1,\"name\":\"Accueil\",\"item\":\"https:\\\/\\\/www.mon-cintre.com\\\/de\\\/\"},{\"@type\":\"ListItem\",\"position\":2,\"name\":\"Shop\",\"item\":\"https:\\\/\\\/www.mon-cintre.com\\\/de\\\/shop\\\/\"},{\"@type\":\"ListItem\",\"position\":3,\"name\":\"Set Ankleideraum fur frau mit 36 Holzb\u00fcgel Walnussfarben\"}]},{\"@type\":\"WebSite\",\"@id\":\"https:\\\/\\\/www.mon-cintre.com\\\/de\\\/#website\",\"url\":\"https:\\\/\\\/www.mon-cintre.com\\\/de\\\/\",\"name\":\"Mon Cintre\",\"description\":\"Cintres et accessoires de dressing\",\"publisher\":{\"@id\":\"https:\\\/\\\/www.mon-cintre.com\\\/de\\\/#organization\"},\"potentialAction\":[{\"@type\":\"SearchAction\",\"target\":{\"@type\":\"EntryPoint\",\"urlTemplate\":\"https:\\\/\\\/www.mon-cintre.com\\\/de\\\/?s={search_term_string}\"},\"query-input\":{\"@type\":\"PropertyValueSpecification\",\"valueRequired\":true,\"valueName\":\"search_term_string\"}}],\"inLanguage\":\"de\"},{\"@type\":\"Organization\",\"@id\":\"https:\\\/\\\/www.mon-cintre.com\\\/de\\\/#organization\",\"name\":\"Mon Cintre\",\"url\":\"https:\\\/\\\/www.mon-cintre.com\\\/de\\\/\",\"logo\":{\"@type\":\"ImageObject\",\"inLanguage\":\"de\",\"@id\":\"https:\\\/\\\/www.mon-cintre.com\\\/de\\\/#\\\/schema\\\/logo\\\/image\\\/\",\"url\":\"https:\\\/\\\/www.mon-cintre.com\\\/wp-content\\\/uploads\\\/2022\\\/12\\\/logo-blanc.png\",\"contentUrl\":\"https:\\\/\\\/www.mon-cintre.com\\\/wp-content\\\/uploads\\\/2022\\\/12\\\/logo-blanc.png\",\"width\":345,\"height\":205,\"caption\":\"Mon Cintre\"},\"image\":{\"@id\":\"https:\\\/\\\/www.mon-cintre.com\\\/de\\\/#\\\/schema\\\/logo\\\/image\\\/\"}}]}<\/script>\n<!-- \/ Yoast SEO plugin. -->","yoast_head_json":{"title":"Set Ankleideraum fur frau mit 36 Holzb\u00fcgel Walnussfarben- Mon Cintre","description":"F\u00fcr Madames Garderobe ist dieses Set edler Holzb\u00fcgel die perfekte L\u00f6sung. 3 Formen von mattschwarzen Kleiderb\u00fcgeln f\u00fcr alle Damenoutfits.","robots":{"index":"index","follow":"follow","max-snippet":"max-snippet:-1","max-image-preview":"max-image-preview:large","max-video-preview":"max-video-preview:-1"},"canonical":"https:\/\/www.mon-cintre.com\/de\/produit\/set-ankleideraum-frau-36-holzbugel-walnussfarben\/","og_locale":"de_DE","og_type":"article","og_title":"Set Ankleideraum fur frau mit 36 Holzb\u00fcgel Walnussfarben- Mon Cintre","og_description":"F\u00fcr Madames Garderobe ist dieses Set edler Holzb\u00fcgel die perfekte L\u00f6sung. 3 Formen von mattschwarzen Kleiderb\u00fcgeln f\u00fcr alle Damenoutfits.","og_url":"https:\/\/www.mon-cintre.com\/de\/produit\/set-ankleideraum-frau-36-holzbugel-walnussfarben\/","og_site_name":"Mon Cintre","article_modified_time":"2025-11-03T09:05:41+00:00","og_image":[{"width":1800,"height":1800,"url":"https:\/\/www.mon-cintre.com\/wp-content\/uploads\/2025\/10\/ensemble-cintres-bois-femme-WN.jpg","type":"image\/jpeg"}],"twitter_card":"summary_large_image","twitter_misc":{"Gesch\u00e4tzte Lesezeit":"2\u00a0Minuten"},"schema":{"@context":"https:\/\/schema.org","@graph":[{"@type":"WebPage","@id":"https:\/\/www.mon-cintre.com\/de\/produit\/set-ankleideraum-frau-36-holzbugel-walnussfarben\/","url":"https:\/\/www.mon-cintre.com\/de\/produit\/set-ankleideraum-frau-36-holzbugel-walnussfarben\/","name":"Set Ankleideraum fur frau mit 36 Holzb\u00fcgel Walnussfarben- Mon Cintre","isPartOf":{"@id":"https:\/\/www.mon-cintre.com\/de\/#website"},"primaryImageOfPage":{"@id":"https:\/\/www.mon-cintre.com\/de\/produit\/set-ankleideraum-frau-36-holzbugel-walnussfarben\/#primaryimage"},"image":{"@id":"https:\/\/www.mon-cintre.com\/de\/produit\/set-ankleideraum-frau-36-holzbugel-walnussfarben\/#primaryimage"},"thumbnailUrl":"https:\/\/www.mon-cintre.com\/wp-content\/uploads\/2025\/10\/ensemble-cintres-bois-femme-WN.jpg","datePublished":"2025-10-06T12:43:47+00:00","dateModified":"2025-11-03T09:05:41+00:00","description":"F\u00fcr Madames Garderobe ist dieses Set edler Holzb\u00fcgel die perfekte L\u00f6sung. 3 Formen von mattschwarzen Kleiderb\u00fcgeln f\u00fcr alle Damenoutfits.","breadcrumb":{"@id":"https:\/\/www.mon-cintre.com\/de\/produit\/set-ankleideraum-frau-36-holzbugel-walnussfarben\/#breadcrumb"},"inLanguage":"de","potentialAction":[{"@type":"ReadAction","target":["https:\/\/www.mon-cintre.com\/de\/produit\/set-ankleideraum-frau-36-holzbugel-walnussfarben\/"]}]},{"@type":"ImageObject","inLanguage":"de","@id":"https:\/\/www.mon-cintre.com\/de\/produit\/set-ankleideraum-frau-36-holzbugel-walnussfarben\/#primaryimage","url":"https:\/\/www.mon-cintre.com\/wp-content\/uploads\/2025\/10\/ensemble-cintres-bois-femme-WN.jpg","contentUrl":"https:\/\/www.mon-cintre.com\/wp-content\/uploads\/2025\/10\/ensemble-cintres-bois-femme-WN.jpg","width":1800,"height":1800,"caption":"Ensemble de cintrs en bois coloris noyer pour dressing femme"},{"@type":"BreadcrumbList","@id":"https:\/\/www.mon-cintre.com\/de\/produit\/set-ankleideraum-frau-36-holzbugel-walnussfarben\/#breadcrumb","itemListElement":[{"@type":"ListItem","position":1,"name":"Accueil","item":"https:\/\/www.mon-cintre.com\/de\/"},{"@type":"ListItem","position":2,"name":"Shop","item":"https:\/\/www.mon-cintre.com\/de\/shop\/"},{"@type":"ListItem","position":3,"name":"Set Ankleideraum fur frau mit 36 Holzb\u00fcgel Walnussfarben"}]},{"@type":"WebSite","@id":"https:\/\/www.mon-cintre.com\/de\/#website","url":"https:\/\/www.mon-cintre.com\/de\/","name":"Mon Cintre","description":"Cintres et accessoires de dressing","publisher":{"@id":"https:\/\/www.mon-cintre.com\/de\/#organization"},"potentialAction":[{"@type":"SearchAction","target":{"@type":"EntryPoint","urlTemplate":"https:\/\/www.mon-cintre.com\/de\/?s={search_term_string}"},"query-input":{"@type":"PropertyValueSpecification","valueRequired":true,"valueName":"search_term_string"}}],"inLanguage":"de"},{"@type":"Organization","@id":"https:\/\/www.mon-cintre.com\/de\/#organization","name":"Mon Cintre","url":"https:\/\/www.mon-cintre.com\/de\/","logo":{"@type":"ImageObject","inLanguage":"de","@id":"https:\/\/www.mon-cintre.com\/de\/#\/schema\/logo\/image\/","url":"https:\/\/www.mon-cintre.com\/wp-content\/uploads\/2022\/12\/logo-blanc.png","contentUrl":"https:\/\/www.mon-cintre.com\/wp-content\/uploads\/2022\/12\/logo-blanc.png","width":345,"height":205,"caption":"Mon Cintre"},"image":{"@id":"https:\/\/www.mon-cintre.com\/de\/#\/schema\/logo\/image\/"}}]}},"_links":{"self":[{"href":"https:\/\/www.mon-cintre.com\/de\/wp-json\/wp\/v2\/product\/33677","targetHints":{"allow":["GET"]}}],"collection":[{"href":"https:\/\/www.mon-cintre.com\/de\/wp-json\/wp\/v2\/product"}],"about":[{"href":"https:\/\/www.mon-cintre.com\/de\/wp-json\/wp\/v2\/types\/product"}],"replies":[{"embeddable":true,"href":"https:\/\/www.mon-cintre.com\/de\/wp-json\/wp\/v2\/comments?post=33677"}],"wp:featuredmedia":[{"embeddable":true,"href":"https:\/\/www.mon-cintre.com\/de\/wp-json\/wp\/v2\/media\/33682"}],"wp:attachment":[{"href":"https:\/\/www.mon-cintre.com\/de\/wp-json\/wp\/v2\/media?parent=33677"}],"wp:term":[{"taxonomy":"product_brand","embeddable":true,"href":"https:\/\/www.mon-cintre.com\/de\/wp-json\/wp\/v2\/product_brand?post=33677"},{"taxonomy":"product_cat","embeddable":true,"href":"https:\/\/www.mon-cintre.com\/de\/wp-json\/wp\/v2\/product_cat?post=33677"},{"taxonomy":"product_tag","embeddable":true,"href":"https:\/\/www.mon-cintre.com\/de\/wp-json\/wp\/v2\/product_tag?post=33677"}],"curies":[{"name":"wp","href":"https:\/\/api.w.org\/{rel}","templated":true}]}}