

{"id":1078,"date":"2018-10-25T09:57:51","date_gmt":"2018-10-25T07:57:51","guid":{"rendered":"https:\/\/www.mon-cintre.com\/condiciones-de-uso\/"},"modified":"2019-04-02T09:38:21","modified_gmt":"2019-04-02T07:38:21","slug":"condiciones-de-uso","status":"publish","type":"page","link":"https:\/\/www.mon-cintre.com\/es\/condiciones-de-uso\/","title":{"rendered":"Condiciones de uso"},"content":{"rendered":"<p><strong>INTRODUCCI\u00d3N<\/strong><\/p>\n<p>Las presentes Condiciones Generales de Uso regulan el uso del sitio web mon-cintre.com (en adelante \u201cel sitio web\u201d) del que MI TIENDA DE PERCHAS S.L es titular. Mi tienda de perchas SL es una sociedad limitada con domicilio social en la avenida Mila Real,137 de Betera (Valencia, 46117), titular del C\u00f3digo de Identificaci\u00f3n Fiscal B98981368. Inscrita en el Registro Mercantil de Valencia, Tomo 10464, Folio 70, Inscripci\u00f3n 1 con Hoja V-180791, e-mail: info@mon-cintre.com<\/p>\n<p>Propri\u00e9taire : Mi tienda de perchas SL<\/p>\n<p>Gerente de publicaciones: Karine Goh\u00e9<\/p>\n<p>Realisaci\u00f3n : <a href=\"https:\/\/www.kimaya-creation.com\/webdesign\/\" target=\"_blank\" rel=\"noopener noreferrer\">Kimaya Creation SL<\/a><br \/>\n<a href=\"https:\/\/www.kimaya-creation.com\/webdesign\/\" target=\"_blank\" rel=\"noopener noreferrer\">www.kimaya-creation.com<\/a><\/p>\n<p>Alojamiento: Gandi SAS<br \/>\n63-65 boulevard Mass\u00e9na<br \/>\n75013 Paris<br \/>\nFrance<\/p>\n<p>Las presentes Condiciones Generales de la Uso (en adelante \u201clas Condiciones\u201d) ser\u00e1n aplicables entre la sociedad MI TIENDA DE PERCHAS S.L. (en adelante \u201cMi tienda de perchas\u201d), y toda persona que efect\u00fae una compraventa a trav\u00e9s de la p\u00e1gina web <a href=\"http:\/\/www.mon-cintre.com\">www.mon-cintre.com<\/a> (en adelante \u201cel Usuario\u201d), denominadas colectivamente \u201clas partes\u201d.<\/p>\n<p>A estos efectos, el t\u00e9rmino &#8220;uso&#8221; incluye todas las operaciones realizadas en Internet desde el acceso al Sitio, incluyendo la simple consulta independientemente del dispositivo de acceso (por ejemplo, ordenador, tablet y smartphone), el tipo de conexi\u00f3n (conexi\u00f3n privada, conexi\u00f3n de un tercero o del p\u00fablico Wi-fi) y el lugar de conexi\u00f3n (de Espa\u00f1a o en el extranjero).<\/p>\n<p>El uso del Sitio implica la aceptaci\u00f3n de estas Condiciones por parte del Usuario. Estas Condiciones pueden sufrir modificaciones. Por lo tanto, se entiende que las Condiciones aplicables al Usuario son las que est\u00e1n en vigor en el Sitio en el momento de su utilizaci\u00f3n.<\/p>\n<p>&nbsp;<\/p>\n<p><strong>CONDICIONES DE USO DEL SITIO<\/strong><\/p>\n<p>El Sitio est\u00e1 reservado a las personas f\u00edsicas mayores de edad y que act\u00faen en calidad de particular. El Usuario se obliga a respetar las presentes Condiciones.<\/p>\n<p>El acceso a algunos servicios ofrecidos en el Sitio puede estar sujetos a la creaci\u00f3n de una cuenta que requiera del registro de cierta informaci\u00f3n por parte del Usuario.<\/p>\n<p>&nbsp;<\/p>\n<p><strong>PROPIEDAD INTELECTUAL E INDUSTRIAL<\/strong><\/p>\n<p>Los contenidos publicados en el Sitio est\u00e1n sujetos y protegidos por los derechos de propiedad intelectual y propiedad industrial, incluyendo, sin efecto limitativo, las marcas, nombres comerciales, nombres de dominio, im\u00e1genes, dise\u00f1os gr\u00e1ficos o fotogr\u00e1ficos, bases de datos, patentes, archivos, sonidos y, en general, todo el contenido que sea accesible desde el Sitio. Mi tienda de perchas est\u00e1 el propietario de todos estos contenidos y los derechos asociados al Sitio<\/p>\n<p>El Sitio permite que el Usuario publique contenidos (incluyendo textos, comentarios opiniones, preguntas, im\u00e1genes&#8230;), sujetos a derechos de propiedad intelectual e industrial, derechos de imagen u otros derechos privativos que continuar\u00e1n siendo propiedad del Usuario.<\/p>\n<p>El Usuario es libre de publicar o no tales contenidos en el Sitio y acepta que estos contenidos se hagan p\u00fablicos y sean libremente accesibles a trav\u00e9s de Internet. El Usuario reconoce, se compromete y garantiza disponer de todos los derechos y autorizaciones necesarias para dicha publicaci\u00f3n en el Sitio, de conformidad con la legislaci\u00f3n vigente y garantiza el respeto a los derechos al honor, la intimidad y la propia imagen, y los derechos de propiedad industrial y propiedad intelectual.<\/p>\n<p>Mediante dicha publicaci\u00f3n en el Sitio, el Usuario es consciente de que asume la responsabilidad como editor del contenido publicado. El Usuario autoriza asimismo que su nombre pueda asociarse con el contenido y acepta que esta asociaci\u00f3n no se efect\u00fae siempre.<\/p>\n<p><strong>RESPONSABILIDAD<\/strong><\/p>\n<p>La consulta y uso del Sitio se realiza bajo la responsabilidad del Usuario.<\/p>\n<p>Asimismo, se informa al Usuario de que el acceso al Sitio puede interrumpirse por razones t\u00e9cnicas, o de mantenimiento. El Usuario acepta estas interrupciones y renuncia a cualquier reclamaci\u00f3n al respecto.<\/p>\n<p>El uso del Sitio por parte del Usuario implica el conocimiento y aceptaci\u00f3n de las caracter\u00edsticas y las limitaciones inherentes a las tecnolog\u00edas de Internet, especialmente en relaci\u00f3n con los tiempos de respuesta para consultar o interrogar al servidor que aloja el Sitio, al rendimiento t\u00e9cnico, a los riesgos de interrupci\u00f3n y, en general, a cualquier riesgo involucrado en la transmisi\u00f3n de datos.<\/p>\n<p>&nbsp;<\/p>\n<p><strong>SUPRESI\u00d3N DEL CONTENIDO PRESENTADO POR LOS USUARIOS<\/strong><\/p>\n<p>Mi tienda de perchas puede quitar o eliminar cualquier registro y \/ o eliminar cualquier perfil y \/ o cualquier contenido y \/ o informaci\u00f3n publicada en el, una vez que haya tenido conocimiento del incumplimiento por parte del Usuario de las presentes Condiciones o por razones t\u00e9cnicas. Esta modificaci\u00f3n o supresi\u00f3n se pueden realizar sin previo aviso, y sin notificaci\u00f3n, en cualquier momento y a la voluntad de Mi tienda de perchas.<\/p>\n<p>&nbsp;<\/p>\n<p><strong>DERECHO APLICABLE Y LITIGIOS<\/strong><\/p>\n<p>Las presentes Condiciones est\u00e1n sometidas a la legislaci\u00f3n espa\u00f1ola. Cualquier litigio que pueda surgir entre las partes relativa a la interpretaci\u00f3n o ejecuci\u00f3n de las presentes Condiciones ser\u00e1n competencia de los tribunales de Valencia.<\/p>\n","protected":false},"excerpt":{"rendered":"<p>INTRODUCCI\u00d3N Las presentes Condiciones Generales de Uso regulan el uso del sitio web mon-cintre.com (en adelante \u201cel sitio web\u201d) del que MI TIENDA DE PERCHAS S.L es titular. Mi tienda de perchas SL es una sociedad limitada con domicilio social&#8230;<\/p>\n","protected":false},"author":1,"featured_media":0,"parent":0,"menu_order":0,"comment_status":"closed","ping_status":"closed","template":"","meta":{"inline_featured_image":false,"footnotes":""},"class_list":["post-1078","page","type-page","status-publish","hentry"],"yoast_head":"<!-- This site is optimized with the Yoast SEO plugin v27.4 - https:\/\/yoast.com\/product\/yoast-seo-wordpress\/ -->\n<title>Condiciones de uso - MonCintre.com<\/title>\n<meta name=\"robots\" content=\"index, follow, max-snippet:-1, max-image-preview:large, max-video-preview:-1\" \/>\n<link rel=\"canonical\" href=\"https:\/\/www.mon-cintre.com\/es\/condiciones-de-uso\/\" \/>\n<meta property=\"og:locale\" content=\"es_ES\" \/>\n<meta property=\"og:type\" content=\"article\" \/>\n<meta property=\"og:title\" content=\"Condiciones de uso - MonCintre.com\" \/>\n<meta property=\"og:description\" content=\"INTRODUCCI\u00d3N Las presentes Condiciones Generales de Uso regulan el uso del sitio web mon-cintre.com (en adelante \u201cel sitio web\u201d) del que MI TIENDA DE PERCHAS S.L es titular. Mi tienda de perchas SL es una sociedad limitada con domicilio social...\" \/>\n<meta property=\"og:url\" content=\"https:\/\/www.mon-cintre.com\/es\/condiciones-de-uso\/\" \/>\n<meta property=\"og:site_name\" content=\"MonCintre.com\" \/>\n<meta property=\"article:modified_time\" content=\"2019-04-02T07:38:21+00:00\" \/>\n<meta name=\"twitter:card\" content=\"summary_large_image\" \/>\n<meta name=\"twitter:label1\" content=\"Tiempo de lectura\" \/>\n\t<meta name=\"twitter:data1\" content=\"4 minutos\" \/>\n<script type=\"application\/ld+json\" class=\"yoast-schema-graph\">{\"@context\":\"https:\\\/\\\/schema.org\",\"@graph\":[{\"@type\":\"WebPage\",\"@id\":\"https:\\\/\\\/www.mon-cintre.com\\\/es\\\/condiciones-de-uso\\\/\",\"url\":\"https:\\\/\\\/www.mon-cintre.com\\\/es\\\/condiciones-de-uso\\\/\",\"name\":\"Condiciones de uso - MonCintre.com\",\"isPartOf\":{\"@id\":\"https:\\\/\\\/www.mon-cintre.com\\\/es\\\/#website\"},\"datePublished\":\"2018-10-25T07:57:51+00:00\",\"dateModified\":\"2019-04-02T07:38:21+00:00\",\"breadcrumb\":{\"@id\":\"https:\\\/\\\/www.mon-cintre.com\\\/es\\\/condiciones-de-uso\\\/#breadcrumb\"},\"inLanguage\":\"es\",\"potentialAction\":[{\"@type\":\"ReadAction\",\"target\":[\"https:\\\/\\\/www.mon-cintre.com\\\/es\\\/condiciones-de-uso\\\/\"]}]},{\"@type\":\"BreadcrumbList\",\"@id\":\"https:\\\/\\\/www.mon-cintre.com\\\/es\\\/condiciones-de-uso\\\/#breadcrumb\",\"itemListElement\":[{\"@type\":\"ListItem\",\"position\":1,\"name\":\"Accueil\",\"item\":\"https:\\\/\\\/www.mon-cintre.com\\\/es\\\/\"},{\"@type\":\"ListItem\",\"position\":2,\"name\":\"Condiciones de uso\"}]},{\"@type\":\"WebSite\",\"@id\":\"https:\\\/\\\/www.mon-cintre.com\\\/es\\\/#website\",\"url\":\"https:\\\/\\\/www.mon-cintre.com\\\/es\\\/\",\"name\":\"MonCintre.com\",\"description\":\"Cintres et accessoires dressing\",\"publisher\":{\"@id\":\"https:\\\/\\\/www.mon-cintre.com\\\/es\\\/#organization\"},\"potentialAction\":[{\"@type\":\"SearchAction\",\"target\":{\"@type\":\"EntryPoint\",\"urlTemplate\":\"https:\\\/\\\/www.mon-cintre.com\\\/es\\\/?s={search_term_string}\"},\"query-input\":{\"@type\":\"PropertyValueSpecification\",\"valueRequired\":true,\"valueName\":\"search_term_string\"}}],\"inLanguage\":\"es\"},{\"@type\":\"Organization\",\"@id\":\"https:\\\/\\\/www.mon-cintre.com\\\/es\\\/#organization\",\"name\":\"MonCintre.com\",\"url\":\"https:\\\/\\\/www.mon-cintre.com\\\/es\\\/\",\"logo\":{\"@type\":\"ImageObject\",\"inLanguage\":\"es\",\"@id\":\"https:\\\/\\\/www.mon-cintre.com\\\/es\\\/#\\\/schema\\\/logo\\\/image\\\/\",\"url\":\"https:\\\/\\\/www.mon-cintre.com\\\/wp-content\\\/uploads\\\/2022\\\/12\\\/logo-blanc.png\",\"contentUrl\":\"https:\\\/\\\/www.mon-cintre.com\\\/wp-content\\\/uploads\\\/2022\\\/12\\\/logo-blanc.png\",\"width\":345,\"height\":205,\"caption\":\"MonCintre.com\"},\"image\":{\"@id\":\"https:\\\/\\\/www.mon-cintre.com\\\/es\\\/#\\\/schema\\\/logo\\\/image\\\/\"}}]}<\/script>\n<!-- \/ Yoast SEO plugin. -->","yoast_head_json":{"title":"Condiciones de uso - MonCintre.com","robots":{"index":"index","follow":"follow","max-snippet":"max-snippet:-1","max-image-preview":"max-image-preview:large","max-video-preview":"max-video-preview:-1"},"canonical":"https:\/\/www.mon-cintre.com\/es\/condiciones-de-uso\/","og_locale":"es_ES","og_type":"article","og_title":"Condiciones de uso - MonCintre.com","og_description":"INTRODUCCI\u00d3N Las presentes Condiciones Generales de Uso regulan el uso del sitio web mon-cintre.com (en adelante \u201cel sitio web\u201d) del que MI TIENDA DE PERCHAS S.L es titular. Mi tienda de perchas SL es una sociedad limitada con domicilio social...","og_url":"https:\/\/www.mon-cintre.com\/es\/condiciones-de-uso\/","og_site_name":"MonCintre.com","article_modified_time":"2019-04-02T07:38:21+00:00","twitter_card":"summary_large_image","twitter_misc":{"Tiempo de lectura":"4 minutos"},"schema":{"@context":"https:\/\/schema.org","@graph":[{"@type":"WebPage","@id":"https:\/\/www.mon-cintre.com\/es\/condiciones-de-uso\/","url":"https:\/\/www.mon-cintre.com\/es\/condiciones-de-uso\/","name":"Condiciones de uso - MonCintre.com","isPartOf":{"@id":"https:\/\/www.mon-cintre.com\/es\/#website"},"datePublished":"2018-10-25T07:57:51+00:00","dateModified":"2019-04-02T07:38:21+00:00","breadcrumb":{"@id":"https:\/\/www.mon-cintre.com\/es\/condiciones-de-uso\/#breadcrumb"},"inLanguage":"es","potentialAction":[{"@type":"ReadAction","target":["https:\/\/www.mon-cintre.com\/es\/condiciones-de-uso\/"]}]},{"@type":"BreadcrumbList","@id":"https:\/\/www.mon-cintre.com\/es\/condiciones-de-uso\/#breadcrumb","itemListElement":[{"@type":"ListItem","position":1,"name":"Accueil","item":"https:\/\/www.mon-cintre.com\/es\/"},{"@type":"ListItem","position":2,"name":"Condiciones de uso"}]},{"@type":"WebSite","@id":"https:\/\/www.mon-cintre.com\/es\/#website","url":"https:\/\/www.mon-cintre.com\/es\/","name":"MonCintre.com","description":"Cintres et accessoires dressing","publisher":{"@id":"https:\/\/www.mon-cintre.com\/es\/#organization"},"potentialAction":[{"@type":"SearchAction","target":{"@type":"EntryPoint","urlTemplate":"https:\/\/www.mon-cintre.com\/es\/?s={search_term_string}"},"query-input":{"@type":"PropertyValueSpecification","valueRequired":true,"valueName":"search_term_string"}}],"inLanguage":"es"},{"@type":"Organization","@id":"https:\/\/www.mon-cintre.com\/es\/#organization","name":"MonCintre.com","url":"https:\/\/www.mon-cintre.com\/es\/","logo":{"@type":"ImageObject","inLanguage":"es","@id":"https:\/\/www.mon-cintre.com\/es\/#\/schema\/logo\/image\/","url":"https:\/\/www.mon-cintre.com\/wp-content\/uploads\/2022\/12\/logo-blanc.png","contentUrl":"https:\/\/www.mon-cintre.com\/wp-content\/uploads\/2022\/12\/logo-blanc.png","width":345,"height":205,"caption":"MonCintre.com"},"image":{"@id":"https:\/\/www.mon-cintre.com\/es\/#\/schema\/logo\/image\/"}}]}},"_links":{"self":[{"href":"https:\/\/www.mon-cintre.com\/es\/wp-json\/wp\/v2\/pages\/1078","targetHints":{"allow":["GET"]}}],"collection":[{"href":"https:\/\/www.mon-cintre.com\/es\/wp-json\/wp\/v2\/pages"}],"about":[{"href":"https:\/\/www.mon-cintre.com\/es\/wp-json\/wp\/v2\/types\/page"}],"author":[{"embeddable":true,"href":"https:\/\/www.mon-cintre.com\/es\/wp-json\/wp\/v2\/users\/1"}],"replies":[{"embeddable":true,"href":"https:\/\/www.mon-cintre.com\/es\/wp-json\/wp\/v2\/comments?post=1078"}],"version-history":[{"count":3,"href":"https:\/\/www.mon-cintre.com\/es\/wp-json\/wp\/v2\/pages\/1078\/revisions"}],"predecessor-version":[{"id":2620,"href":"https:\/\/www.mon-cintre.com\/es\/wp-json\/wp\/v2\/pages\/1078\/revisions\/2620"}],"wp:attachment":[{"href":"https:\/\/www.mon-cintre.com\/es\/wp-json\/wp\/v2\/media?parent=1078"}],"curies":[{"name":"wp","href":"https:\/\/api.w.org\/{rel}","templated":true}]}}