

{"id":1107,"date":"2018-10-25T12:24:16","date_gmt":"2018-10-25T10:24:16","guid":{"rendered":"https:\/\/www.mon-cintre.com\/condiciones-de-compra\/"},"modified":"2024-10-17T15:55:49","modified_gmt":"2024-10-17T13:55:49","slug":"condiciones-de-compra","status":"publish","type":"page","link":"https:\/\/www.mon-cintre.com\/es\/condiciones-de-compra\/","title":{"rendered":"Condiciones de compra"},"content":{"rendered":"<p><strong>DATOS IDENTIFICATIVOS<\/strong><\/p>\n<p>Las presentes Condiciones Generales de Compra regulan el uso del sitio web mon-cintre.com (en adelante \u201cel sitio web\u201d) del que MI TIENDA DE PERCHAS S.L es titular. Mi tienda de perchas SL es una sociedad limitada con domicilio social en la Avenida Mila Real 137 &#8211; pta 36 &#8211; 46117 B\u00e9tera (Valencia), titular del C\u00f3digo de Identificaci\u00f3n Fiscal B98981368 con capital social de 3000\u20ac. Inscrita en el Registro Mercantil de Valencia, Tomo 10464, Folio 70, Inscripci\u00f3n 1 con Hoja V-180791, e-mail: <a href=\"mailto:info@mon-cintre.com\">info@mon-cintre.com<\/a> &#8211; tel\u00e9fono: +34 675 698 344<\/p>\n<p><span style=\"text-decoration: underline;\">Alojamiento:<\/span> Gandi SAS, 63-65 boulevard Mass\u00e9na Paris (75013) FRANCE &#8211; Tel: +33 (0) 1 70.37.76.61<\/p>\n<p><span style=\"text-decoration: underline;\">Gerente de publicaciones<\/span>: Karine Goh\u00e9<\/p>\n<p><strong>\u00a0<\/strong><\/p>\n<p><strong> 1. \u00c1MBITO DEL CONTRATO <\/strong><\/p>\n<p>Las presentes Condiciones Generales de Compra se aplican a la venta de todos los art\u00edculos a trav\u00e9s de la p\u00e1gina web <u>www.mon-cintre.com<\/u>, a consumidores a quienes se les pueda entregar pedidos en Europa. El sitio web <u><a href=\"http:\/\/www.mon-cintre.com\">www.mon-cintre.com<\/a><\/u> se dirige exclusivamente a un p\u00fablico mayor de 18 a\u00f1os. Mi tienda de perchas S.L se reserva el derecho a cancelar la cuenta de acceso de un cliente si se detectan actos fraudulentos, especulativos o de mala fe en la utilizaci\u00f3n de este servicio. <span class=\"HwtZe\" lang=\"es\"><span class=\"jCAhz ChMk0b\"><span class=\"ryNqvb\">Si el pa\u00eds de entrega est\u00e1 fuera de la Uni\u00f3n Europea, Mi tienda de perchas SL no cobrar\u00e1 el IVA.<\/span><\/span> <span class=\"jCAhz ChMk0b\"><span class=\"ryNqvb\">Sin embargo, el cliente tendr\u00e1 que pagar todos los derechos e impuestos entrantes que la autoridad aduanera del pa\u00eds de entrega considere apropiados, por lo que el agente de transporte solicitar\u00e1 al cliente que pague los derechos e impuestos antes de que se pueda realizar la entrega.<\/span><\/span><\/span><\/p>\n<p><strong> 2. TARIFAS <\/strong><\/p>\n<p>Los precios aplicables son los indicados en la p\u00e1gina web en la fecha del pedido. Los precios aparecen detallados en cada art\u00edculo e incluyen el I.V.A (Impuesto sobre Valor A\u00f1adido). El importe de los gastos de env\u00edo se indica al cliente en el momento en que realice el pedido y calculado seg\u00fan el peso imponible (peso volum\u00e9trico). <span class=\"HwtZe\" lang=\"es\"><span class=\"jCAhz ChMk0b\"><span class=\"ryNqvb\">Si el pa\u00eds de entrega est\u00e1 fuera de la Uni\u00f3n Europea, Mi tienda de perchas SL no cobrar\u00e1 el IVA.<\/span><\/span> <span class=\"jCAhz ChMk0b\"><span class=\"ryNqvb\">Sin embargo, el cliente tendr\u00e1 que pagar todos los derechos e impuestos entrantes que la autoridad aduanera del pa\u00eds de entrega considere apropiados, por lo que el agente de transporte solicitar\u00e1 al cliente que pague los derechos e impuestos antes de que se pueda realizar la entrega.<\/span><\/span><\/span><\/p>\n<p><strong> 3. PAGO <\/strong><\/p>\n<p>El pago se realizar\u00e1 a la finalizaci\u00f3n del proceso de compra y ser\u00e1 condici\u00f3n indispensable para la formalizaci\u00f3n del mismo. No se admite el pago mediante procedimientos diferidos tales como env\u00edo contra reembolso o transferencia. Medios de pago admitidos: Las compras se pueden pagar con tarjeta de cr\u00e9dito Visa\u00ae, Mastercard\u00ae o American Express\u00ae y Sistema PayPal. La elecci\u00f3n del medio de pago se realiza durante el proceso de compra. El cliente debe notificar a Mi tienda de perchas \u00a0cualquier cargo indebido o fraudulento en la tarjeta utilizada para las compras en el menor plazo posible para que Mi <a name=\"entrega\"><\/a>tienda de perchas pueda realizar las gestiones oportunas. Los proveedores o emisores de medios de pago pueden adoptar medidas antifraude que conlleven el rechazo de cierto tipo de operaciones. Mi tienda de perchas no es responsable de la aplicaci\u00f3n de este tipo de pol\u00edticas de seguridad.<\/p>\n<p><strong> 4. ENTREGA<\/strong><\/p>\n<p>Pa\u00edses de entrega: Argelia, Alemania, Arabia Saudita, Austria, B\u00e9lgica, Bulgaria, Croacia, Dinamarca, Emiratos \u00c1rabes Unidos, Espa\u00f1a, Estados Unidos, Eslovaquia, Eslovenia, Estonia, Francia, Finlandia, Grecia, Hungr\u00eda, Irlanda, Israel, Italia, Jord\u00e1n, Letonia, L\u00edbano, Libia, Lituania, Luxemburgo, Marruecos, Moldavia, M\u00f3naco, Montenegro, Noruega, Om\u00e1n, Pa\u00edses Bajos, Polonia, Portugal, Reino Unido, Republica checa, Rumania, Suecia, Suiza.<\/p>\n<p><span style=\"text-decoration: underline;\">PARA UNA ENTREGA EN OTRO PA\u00cdS<\/span>, p\u00f3ngase en contacto con Mon Cintre: <a href=\"mailto:info@mon-cintre.com\">info@mon-cintre.com<\/a> o 34 675 698 344 (hablamos franc\u00e9s, espa\u00f1ol e ingl\u00e9s).<\/p>\n<p>Salvo que se existan circunstancias derivadas de la personalizaci\u00f3n de los productos, o se produzcan circunstancias imprevistas o extraordinarias, le enviaremos el pedido en el plazo se\u00f1alado en la p\u00e1gina web seg\u00fan el m\u00e9todo de env\u00edo seleccionado y, en todo caso, en el plazo m\u00e1ximo de 30 d\u00edas a contar desde la fecha de la Confirmaci\u00f3n de Pedido.<\/p>\n<p>La direcci\u00f3n indicada por el cliente podr\u00e1 ser un domicilio particular, un lugar de trabajo o cualquier otra direcci\u00f3n que se indique. No es necesario que la direcci\u00f3n de facturaci\u00f3n y la direcci\u00f3n de env\u00edo coincidan. Le enviaremos un correo electr\u00f3nico indicando el enlace de seguimiento de su entrega.<\/p>\n<p>A efectos de las presentes Condiciones, se entender\u00e1 que se ha producido la &#8220;entrega&#8221; o que el pedido ha sido &#8220;entregado&#8221; en el momento en el que usted o un tercero indicado por usted adquiera la posesi\u00f3n material de los productos, lo que se acreditar\u00e1 mediante la firma de la recepci\u00f3n del pedido en la direcci\u00f3n de entrega convenida.<\/p>\n<p>&#8211;<strong>En el caso de env\u00edos a Ceuta y Melilla y pa\u00eds fuera de la <\/strong><strong>Comunidad Europea<\/strong>, el cliente deber\u00e1 abonar adem\u00e1s los gastos de aduana e impuestos que genere el pedido. Estos gastos se abonan en el momento en el que se recibe el pedido y en ning\u00fan caso estar\u00e1n incluidos en el precio que se paga por los productos.<\/p>\n<p>&#8211;<strong>En el caso de env\u00edos a las Islas Canarias<\/strong>, el cliente deber\u00e1 abonar adem\u00e1s los gastos de gesti\u00f3n en la Aduana que genere el pedido y el AEIM independientemente del importe del pedido cuando proceda. Adem\u00e1s, para pedidos con PVP superior a 150\u20ac el cliente debe abonar el impuesto correspondiente. Estos gastos se abonan en el momento en el que se recibe el pedido y en ning\u00fan caso estar\u00e1n incluidos en el precio que se paga por los productos.<br \/>\n<a name=\"devoluciones\"><\/a><br \/>\nIncidencias de la entrega: En caso de no poder realizar la entrega por ausencia del destinatario, la agencia de transporte dejar\u00e1 una nota indicativa e intentar\u00e1 contactar por tel\u00e9fono con el destinatario. Tras dos intentos fallidos, el cliente deber\u00e1 contactar con la agencia de transporte para proceder con la entrega.<\/p>\n<p>Importante: Mi tienda de perchas monitorea las entregas y se comunicar\u00e1 con el destinatario por correo electr\u00f3nico o por tel\u00e9fono en caso de alg\u00fan problema conocido con la entrega. El destinatario deber\u00e1 por su parte ponerse en contacto con Mi tienda de perchas si a\u00fan no ha sido entregado o contactado por la agencia de transporte o por Mi tienda de perchas dentro de los 15 d\u00edas h\u00e1biles siguientes al pedido. En caso contrario el pedido podr\u00eda ser devuelto autom\u00e1ticamente a Mi tienda de perchas por parte del transportista. En caso de devoluci\u00f3n a sus instalaciones, Mi tienda de perchas reembolsar\u00e1 el importe de los art\u00edculos, excluidos los gastos de env\u00edo.<\/p>\n<p><strong> 5. CAMBIOS, DEVOLUCIONES Y DESISTIMIENTO<\/strong><\/p>\n<p>Existen distintos procedimientos para la realizaci\u00f3n de cambios, devoluciones y desistimientos. A continuaci\u00f3n, describiremos las caracter\u00edsticas de cada uno de ellos, as\u00ed como sus costes y condiciones.<\/p>\n<p>a) Cambio: se considera cambio la sustituci\u00f3n por el mismo producto en otro color o acabado.<br \/>\nb) Devoluci\u00f3n: por causa de una tara, defecto, recepci\u00f3n de un producto err\u00f3neo.<br \/>\nc) Desistimiento: Devoluci\u00f3n del producto originada por decisi\u00f3n del cliente y sin necesidad de justificaci\u00f3n.<\/p>\n<p>Todos los productos que vayan a ser cambiados o devueltos deben estar reenviados en el embalaje original.<\/p>\n<p><strong>CAMBIOS:<\/strong><\/p>\n<p><strong>&#8211; Condiciones:<\/strong> Dispones de un mes desde la recepci\u00f3n del producto\/s para realizar un cambio. Se aceptar\u00e1n los cambios solo por los productos en perfecto estado y debidamente embalado en su embalaje original, cada percha debe almacenarse en su cubierta protectora individual.<strong><br \/>\n&#8211; Coste:<\/strong> Los gastos de env\u00edo y tr\u00e1mites de devoluci\u00f3n a Mi tienda de perchas &#8211; Poligono l&#8217;horta vella &#8211; Calle fusters 7, Nave 7 &#8211; 46117 B\u00e9tera (Valencia) &#8211; Espa\u00f1a, ser\u00e1n a cargo del cliente as\u00ed como los gastos de reenv\u00edo.<br \/>\n<strong>&#8211; Procedimiento:<\/strong> Ponte en contacto con nosotros a trav\u00e9s del correo electr\u00f3nico <a href=\"mailto:info@mon-cintre.com\">info@mon-cintre.com<\/a> para proceder con el cambio del producto o productos..<\/p>\n<p><strong>DEVOLUCIONES: <\/strong><\/p>\n<p><strong>&#8211; Condiciones: <\/strong>Dispones de <span style=\"text-decoration: underline;\">15 d\u00edas desde la recepci\u00f3n<\/span> del producto\/s para realizar la solicitud de devoluci\u00f3n. Mi tienda de perchas te pedir\u00e1 fotos o soportes gr\u00e1ficos del producto <u>a su recepci\u00f3n<\/u> en los que podamos observar el defecto que justifica la devoluci\u00f3n.\u00a0No se considerar\u00e1 como un defecto: una ligera diferencia de color entre los productos de la misma colecci\u00f3n o una ligera diferencia de forma entre 2 productos id\u00e9nticos p<span id=\"result_box\" class=\"\" lang=\"es\"><span class=\"\">orque nuestras perchas son en parte hechas a mano.<\/span><\/span><\/p>\n<p><span id=\"result_box\" class=\"\" lang=\"es\" tabindex=\"-1\"><span class=\"\">Luego tendr\u00e1 15 d\u00edas para proceder a la solicitud de recogida, proporcionada por nosotros, de los productos defectuosos.<\/span><\/span><br \/>\n<strong>&#8211; Coste:<\/strong> Las devoluciones no tienen coste alguno para el cliente en Uni\u00f3n Europea. Mi tienda de perchas reembolsar\u00e1 el importe correspondiente o reemplazar el producto defectuoso a su cargo., incluyendo los gastos de env\u00edo est\u00e1ndar de la entrega inicial en Uni\u00f3n Europea (excluyendo los posibles gastos de gesti\u00f3n en la Aduana de dicho env\u00edo) sin demoras indebidas y, en cualquier caso, antes de que hayan transcurrido 15 d\u00edas naturales desde la fecha en que haya sido informado de la devoluci\u00f3n. En el caso de un reembolso, dicho reembolso se realizar\u00e1 por el mismo medio de pago con el que se abon\u00f3. No obstante, podremos retener el reembolso hasta haber recibido los bienes.<\/p>\n<p>Para los clientes fuera de la Uni\u00f3n Europea, el costo de devoluci\u00f3n y reenv\u00edo correr\u00e1 a cargo del cliente.<\/p>\n<p><strong>&#8211; Procedimiento:<\/strong> Ponte en contacto con nosotros a trav\u00e9s del correo electr\u00f3nico <a href=\"mailto:info@mon-cintre.com\">info@mon-cintre.com<\/a> y pasaremos a recoger el producto\/s a la direcci\u00f3n que nos habr\u00e1 indicado.<\/p>\n<p><strong><br \/>\nDERECHO DE DESISTIMIENTO: <\/strong><\/p>\n<p><strong>&#8211; Condiciones:<\/strong>tienes derecho a desistir del contrato sin necesidad de justificaci\u00f3n, en un plazo de 14 d\u00edas naturales desde la recepci\u00f3n del producto. Se aceptar\u00e1n los devoluciones solo por los productos en perfecto estado y debidamente embalado en su embalaje original, cada percha debe almacenarse en su cubierta protectora individual.<br \/>\n<strong>&#8211; Coste:<\/strong> <span id=\"result_box\" class=\"\" lang=\"es\"><span class=\"\"><span class=\"HwtZe\" lang=\"es\"><span class=\"jCAhz ChMk0b\"><span class=\"ryNqvb\">Mi tienda de perchas reembolsar\u00e1 el valor de los productos excluyendo los gastos de env\u00edo.<\/span><\/span> <span class=\"jCAhz ChMk0b\"><span class=\"ryNqvb\">El reembolso se realizar\u00e1 mediante el mismo m\u00e9todo de pago con el que se realiz\u00f3 el pedido.<\/span><\/span> <span class=\"jCAhz ChMk0b\"><span class=\"ryNqvb\">Sin embargo, podremos retener el reembolso hasta que hayamos recibido los bienes.<\/span><\/span> <span class=\"jCAhz ChMk0b\"><span class=\"ryNqvb\">Los costes y tr\u00e1mites de devoluci\u00f3n de los productos a Mi tienda de perchas &#8211; Poligono l&#8217;horta vella &#8211; Calle fusters 7, Nave 7 &#8211; 46117 B\u00e9tera (Valencia) &#8211; Espa\u00f1a ser\u00e1n responsabilidad del cliente.<\/span><\/span><\/span><\/span><\/span><\/p>\n<p><strong>&#8211; Procedimiento: <\/strong>Ponte en contacto con nosotros a trav\u00e9s del correo electr\u00f3nico <a href=\"mailto:info@mon-cintre.com\">info@mon-cintre.com<\/a> para devolver el producto o productos.<\/p>\n<p><strong>Informaci\u00f3n importante sobre nuestras perchas de madera<\/strong>: La madera es un material natural y nuestras tablas provienen directamente de los \u00e1rboles. Cada pieza de madera puede tener variaciones de color, vetas y nudos espec\u00edficos del \u00e1rbol original y de la parte del \u00e1rbol utilizada. Estas caracter\u00edsticas a\u00f1aden encanto a la madera sin afectar la calidad o durabilidad de nuestras perchas. La madera est\u00e1 viva y puede responder a los cambios de humedad. Nuestras perchas tambi\u00e9n est\u00e1n parcialmente moldeadas a mano, esta fabricaci\u00f3n artesanal hace que cada percha sea \u00fanica y puedan tener muy ligeras variaciones entre ellas.<\/p>\n<p><strong>6. DISPONIBILIDAD DE LOS PRODUCTOS<\/strong><\/p>\n<p>Si se producen incidencias en cuanto a su suministro o si no quedan productos en stock, el cliente ser\u00e1 informado inmediatamente y se proceder\u00e1 al rembolso del importe del producto o productos sin stock. Mi tienda de perchas reembolsar\u00e1 el importe correspondiente sin demoras indebidas y, en cualquier caso, antes de que hayan transcurrido 14 d\u00edas naturales. El reembolso se realizar\u00e1 por el mismo medio de pago con el que se abon\u00f3.<\/p>\n<p><strong>7. GARANT\u00cdA DE LOS PRODUCTOS ADQUIRIDOS<\/strong><\/p>\n<p>La garant\u00eda ofrecida es la que se establece en el Real Decreto Legislativo 1\/2007, de 16 de noviembre, por el que se aprueba el texto refundido de la Ley General para la Defensa de los Consumidores y Usuarios. Mi tienda de perchas responder\u00e1 de las faltas de conformidad que se manifiesten en el plazo de dos a\u00f1os desde la entrega.<\/p>\n<p><strong>8. ATENCI\u00d3N AL CLIENTE<\/strong><\/p>\n<p>Para cualquier duda, sugerencia, consulta o reclamaci\u00f3n sobre la tienda online, puede dirigirse al Servicio de Atenci\u00f3n al Cliente, por cualquiera de los siguientes medios: &#8211; Tel\u00e9fono 00 34 675 698 344 &#8211; Correo electr\u00f3nico: <a href=\"mailto:info@mon-cintre.com\">info@mon-cintre.com<\/a><br \/>\n<strong><br \/>\n9. CORREOS ELECTR\u00d3NICOS<br \/>\n<\/strong><\/p>\n<p>Mi tienda de perchas se compromete a enviar a sus clientes \u00fanicamente correos electr\u00f3nicos relacionados con su pedido tales como confirmaci\u00f3n del pedido, mensajes relacionados con el env\u00edo del pedido, facturaci\u00f3n o incluso la satisfacci\u00f3n del cliente sobre los productos recibidos.<\/p>\n<p><strong>10. MODIFICACION DE LAS CONDICIONES GENERALES DE COMPRA.<\/strong><\/p>\n<p>Mi tienda de perchas se reserva el derecho de modificar en cualquier momento las presentes Condiciones Generales de Compra. Ninguna modificaci\u00f3n afectar\u00e1 a los pedidos que ya est\u00e9n en curso.<\/p>\n<p><strong>10. FUERZA MAYOR.<\/strong><\/p>\n<p>El cumplimiento por Mi tienda de perchas de la totalidad o de parte de sus obligaciones ser\u00e1 suspendida en caso de que sobrevenga un caso fortuito o de fuerza mayor que impida o retrase el cumplimiento. Ser\u00e1n considerados como tales, en particular, sin que esta lista sea limitativa: la guerra, los motines, la insurrecci\u00f3n, los disturbios sociales, las huelgas de cualquier naturaleza y los problemas de suministro no imputables a Mi tienda de perchas. Mi tienda de perchas informar\u00e1 al cliente de semejante caso fortuito o de fuerza mayor dentro los 7 d\u00edas posteriores a su ocurrencia. En el caso en que dicha suspensi\u00f3n se prolongue m\u00e1s all\u00e1 de un plazo de 15 d\u00edas, el cliente tendr\u00e1 entonces la posibilidad de rescindir el pedido en curso y se proceder\u00e1 entonces a su reembolso en las condiciones previstas en el punto 6 de las presentes Condiciones Generales de Compra.<\/p>\n<p><strong>11. LEY APLICABLE Y JURIDISCCI\u00d3N<\/strong><\/p>\n<p>Las presentes Condiciones Generales de Compra est\u00e1n sometidas a la legislaci\u00f3n espa\u00f1ola. Sin perjuicio de lo anterior, el consumidor no residente en Espa\u00f1a tambi\u00e9n goza de la protecci\u00f3n que le garantizan las disposiciones imperativas del derecho del pa\u00eds donde tenga su residencia habitual. Las partes se someten, a su elecci\u00f3n, para la resoluci\u00f3n de los conflictos y con renuncia a cualquier otro fuero, a los juzgados y tribunales del domicilio del cliente.<\/p>\n","protected":false},"excerpt":{"rendered":"<p>DATOS IDENTIFICATIVOS Las presentes Condiciones Generales de Compra regulan el uso del sitio web mon-cintre.com (en adelante \u201cel sitio web\u201d) del que MI TIENDA DE PERCHAS S.L es titular. Mi tienda de perchas SL es una sociedad limitada con domicilio&#8230;<\/p>\n","protected":false},"author":1,"featured_media":0,"parent":0,"menu_order":0,"comment_status":"closed","ping_status":"closed","template":"","meta":{"inline_featured_image":false,"footnotes":""},"class_list":["post-1107","page","type-page","status-publish","hentry"],"yoast_head":"<!-- This site is optimized with the Yoast SEO plugin v27.5 - https:\/\/yoast.com\/product\/yoast-seo-wordpress\/ -->\n<title>Condiciones de compra - MonCintre.com<\/title>\n<meta name=\"robots\" content=\"noindex, nofollow\" \/>\n<meta property=\"og:locale\" content=\"es_ES\" \/>\n<meta property=\"og:type\" content=\"article\" \/>\n<meta property=\"og:title\" content=\"Condiciones de compra - MonCintre.com\" \/>\n<meta property=\"og:description\" content=\"DATOS IDENTIFICATIVOS Las presentes Condiciones Generales de Compra regulan el uso del sitio web mon-cintre.com (en adelante \u201cel sitio web\u201d) del que MI TIENDA DE PERCHAS S.L es titular. Mi tienda de perchas SL es una sociedad limitada con domicilio...\" \/>\n<meta property=\"og:url\" content=\"https:\/\/www.mon-cintre.com\/es\/condiciones-de-compra\/\" \/>\n<meta property=\"og:site_name\" content=\"MonCintre.com\" \/>\n<meta property=\"article:modified_time\" content=\"2024-10-17T13:55:49+00:00\" \/>\n<meta name=\"twitter:card\" content=\"summary_large_image\" \/>\n<meta name=\"twitter:label1\" content=\"Tiempo de lectura\" \/>\n\t<meta name=\"twitter:data1\" content=\"12 minutos\" \/>\n<script type=\"application\/ld+json\" class=\"yoast-schema-graph\">{\"@context\":\"https:\\\/\\\/schema.org\",\"@graph\":[{\"@type\":\"WebPage\",\"@id\":\"https:\\\/\\\/www.mon-cintre.com\\\/es\\\/condiciones-de-compra\\\/\",\"url\":\"https:\\\/\\\/www.mon-cintre.com\\\/es\\\/condiciones-de-compra\\\/\",\"name\":\"Condiciones de compra - MonCintre.com\",\"isPartOf\":{\"@id\":\"https:\\\/\\\/www.mon-cintre.com\\\/es\\\/#website\"},\"datePublished\":\"2018-10-25T10:24:16+00:00\",\"dateModified\":\"2024-10-17T13:55:49+00:00\",\"breadcrumb\":{\"@id\":\"https:\\\/\\\/www.mon-cintre.com\\\/es\\\/condiciones-de-compra\\\/#breadcrumb\"},\"inLanguage\":\"es\",\"potentialAction\":[{\"@type\":\"ReadAction\",\"target\":[\"https:\\\/\\\/www.mon-cintre.com\\\/es\\\/condiciones-de-compra\\\/\"]}]},{\"@type\":\"BreadcrumbList\",\"@id\":\"https:\\\/\\\/www.mon-cintre.com\\\/es\\\/condiciones-de-compra\\\/#breadcrumb\",\"itemListElement\":[{\"@type\":\"ListItem\",\"position\":1,\"name\":\"Accueil\",\"item\":\"https:\\\/\\\/www.mon-cintre.com\\\/es\\\/\"},{\"@type\":\"ListItem\",\"position\":2,\"name\":\"Condiciones de compra\"}]},{\"@type\":\"WebSite\",\"@id\":\"https:\\\/\\\/www.mon-cintre.com\\\/es\\\/#website\",\"url\":\"https:\\\/\\\/www.mon-cintre.com\\\/es\\\/\",\"name\":\"MonCintre.com\",\"description\":\"Cintres et accessoires dressing\",\"publisher\":{\"@id\":\"https:\\\/\\\/www.mon-cintre.com\\\/es\\\/#organization\"},\"potentialAction\":[{\"@type\":\"SearchAction\",\"target\":{\"@type\":\"EntryPoint\",\"urlTemplate\":\"https:\\\/\\\/www.mon-cintre.com\\\/es\\\/?s={search_term_string}\"},\"query-input\":{\"@type\":\"PropertyValueSpecification\",\"valueRequired\":true,\"valueName\":\"search_term_string\"}}],\"inLanguage\":\"es\"},{\"@type\":\"Organization\",\"@id\":\"https:\\\/\\\/www.mon-cintre.com\\\/es\\\/#organization\",\"name\":\"MonCintre.com\",\"url\":\"https:\\\/\\\/www.mon-cintre.com\\\/es\\\/\",\"logo\":{\"@type\":\"ImageObject\",\"inLanguage\":\"es\",\"@id\":\"https:\\\/\\\/www.mon-cintre.com\\\/es\\\/#\\\/schema\\\/logo\\\/image\\\/\",\"url\":\"https:\\\/\\\/www.mon-cintre.com\\\/wp-content\\\/uploads\\\/2022\\\/12\\\/logo-blanc.png\",\"contentUrl\":\"https:\\\/\\\/www.mon-cintre.com\\\/wp-content\\\/uploads\\\/2022\\\/12\\\/logo-blanc.png\",\"width\":345,\"height\":205,\"caption\":\"MonCintre.com\"},\"image\":{\"@id\":\"https:\\\/\\\/www.mon-cintre.com\\\/es\\\/#\\\/schema\\\/logo\\\/image\\\/\"}}]}<\/script>\n<!-- \/ Yoast SEO plugin. -->","yoast_head_json":{"title":"Condiciones de compra - MonCintre.com","robots":{"index":"noindex","follow":"nofollow"},"og_locale":"es_ES","og_type":"article","og_title":"Condiciones de compra - MonCintre.com","og_description":"DATOS IDENTIFICATIVOS Las presentes Condiciones Generales de Compra regulan el uso del sitio web mon-cintre.com (en adelante \u201cel sitio web\u201d) del que MI TIENDA DE PERCHAS S.L es titular. Mi tienda de perchas SL es una sociedad limitada con domicilio...","og_url":"https:\/\/www.mon-cintre.com\/es\/condiciones-de-compra\/","og_site_name":"MonCintre.com","article_modified_time":"2024-10-17T13:55:49+00:00","twitter_card":"summary_large_image","twitter_misc":{"Tiempo de lectura":"12 minutos"},"schema":{"@context":"https:\/\/schema.org","@graph":[{"@type":"WebPage","@id":"https:\/\/www.mon-cintre.com\/es\/condiciones-de-compra\/","url":"https:\/\/www.mon-cintre.com\/es\/condiciones-de-compra\/","name":"Condiciones de compra - MonCintre.com","isPartOf":{"@id":"https:\/\/www.mon-cintre.com\/es\/#website"},"datePublished":"2018-10-25T10:24:16+00:00","dateModified":"2024-10-17T13:55:49+00:00","breadcrumb":{"@id":"https:\/\/www.mon-cintre.com\/es\/condiciones-de-compra\/#breadcrumb"},"inLanguage":"es","potentialAction":[{"@type":"ReadAction","target":["https:\/\/www.mon-cintre.com\/es\/condiciones-de-compra\/"]}]},{"@type":"BreadcrumbList","@id":"https:\/\/www.mon-cintre.com\/es\/condiciones-de-compra\/#breadcrumb","itemListElement":[{"@type":"ListItem","position":1,"name":"Accueil","item":"https:\/\/www.mon-cintre.com\/es\/"},{"@type":"ListItem","position":2,"name":"Condiciones de compra"}]},{"@type":"WebSite","@id":"https:\/\/www.mon-cintre.com\/es\/#website","url":"https:\/\/www.mon-cintre.com\/es\/","name":"MonCintre.com","description":"Cintres et accessoires dressing","publisher":{"@id":"https:\/\/www.mon-cintre.com\/es\/#organization"},"potentialAction":[{"@type":"SearchAction","target":{"@type":"EntryPoint","urlTemplate":"https:\/\/www.mon-cintre.com\/es\/?s={search_term_string}"},"query-input":{"@type":"PropertyValueSpecification","valueRequired":true,"valueName":"search_term_string"}}],"inLanguage":"es"},{"@type":"Organization","@id":"https:\/\/www.mon-cintre.com\/es\/#organization","name":"MonCintre.com","url":"https:\/\/www.mon-cintre.com\/es\/","logo":{"@type":"ImageObject","inLanguage":"es","@id":"https:\/\/www.mon-cintre.com\/es\/#\/schema\/logo\/image\/","url":"https:\/\/www.mon-cintre.com\/wp-content\/uploads\/2022\/12\/logo-blanc.png","contentUrl":"https:\/\/www.mon-cintre.com\/wp-content\/uploads\/2022\/12\/logo-blanc.png","width":345,"height":205,"caption":"MonCintre.com"},"image":{"@id":"https:\/\/www.mon-cintre.com\/es\/#\/schema\/logo\/image\/"}}]}},"_links":{"self":[{"href":"https:\/\/www.mon-cintre.com\/es\/wp-json\/wp\/v2\/pages\/1107","targetHints":{"allow":["GET"]}}],"collection":[{"href":"https:\/\/www.mon-cintre.com\/es\/wp-json\/wp\/v2\/pages"}],"about":[{"href":"https:\/\/www.mon-cintre.com\/es\/wp-json\/wp\/v2\/types\/page"}],"author":[{"embeddable":true,"href":"https:\/\/www.mon-cintre.com\/es\/wp-json\/wp\/v2\/users\/1"}],"replies":[{"embeddable":true,"href":"https:\/\/www.mon-cintre.com\/es\/wp-json\/wp\/v2\/comments?post=1107"}],"version-history":[{"count":36,"href":"https:\/\/www.mon-cintre.com\/es\/wp-json\/wp\/v2\/pages\/1107\/revisions"}],"predecessor-version":[{"id":32455,"href":"https:\/\/www.mon-cintre.com\/es\/wp-json\/wp\/v2\/pages\/1107\/revisions\/32455"}],"wp:attachment":[{"href":"https:\/\/www.mon-cintre.com\/es\/wp-json\/wp\/v2\/media?parent=1107"}],"curies":[{"name":"wp","href":"https:\/\/api.w.org\/{rel}","templated":true}]}}