

{"id":1390,"date":"2018-11-14T11:57:24","date_gmt":"2018-11-14T10:57:24","guid":{"rendered":"https:\/\/www.mon-cintre.com\/politica-de-privacidad\/"},"modified":"2018-11-14T11:57:24","modified_gmt":"2018-11-14T10:57:24","slug":"politica-de-privacidad","status":"publish","type":"page","link":"https:\/\/www.mon-cintre.com\/es\/politica-de-privacidad\/","title":{"rendered":"Pol\u00edtica de privacidad"},"content":{"rendered":"<p>&nbsp;<\/p>\n<p>Esta Pol\u00edtica de privacidad rige el uso del sitio web mon-cintre.com, del cual MI TIENDA DE PERCHAS S.L, es el propietario. Mi tienda de perchas SL es una sociedad an\u00f3nima con domicilio social: avenida Mila Real, 137 de Betera (Valencia, 46117), titular del C\u00f3digo de Identificaci\u00f3n Tributaria B98981368. Inscrito en el Registro Mercantil de Valencia, Tomo 10464, Folio 70, Registro 1 &#8211; V-180791, correo electr\u00f3nico: <a href=\"mailto:info@mon-cintre.com\">info@mon-cintre.com<\/a><\/p>\n<p>&nbsp;<\/p>\n<p>ART\u00cdCULO 1 &#8211; RECOGIDA DE INFORMACI\u00d3N PERSONAL<\/p>\n<p>Cuando realiza una compra en nuestra tienda, como parte de nuestro proceso de compra y venta, recopilamos la informaci\u00f3n personal que nos proporciona, como su nombre, direcci\u00f3n y direcci\u00f3n de correo electr\u00f3nico.<\/p>\n<p>Cuando navega por nuestra tienda, tambi\u00e9n recibimos autom\u00e1ticamente la direcci\u00f3n de Protocolo de Internet (IP) de su computadora, que nos permite obtener m\u00e1s detalles sobre el navegador y el sistema operativo que est\u00e1 utilizando.<\/p>\n<p>Marketing por correo electr\u00f3nico (si corresponde): con su permiso, podemos enviarle correos electr\u00f3nicos sobre nuestra tienda, nuevos productos y otras actualizaciones.<\/p>\n<p>&nbsp;<\/p>\n<p>ART\u00cdCULO 2 &#8211; CONSENTIMIENTO<\/p>\n<p>\u00bfC\u00f3mo se obtiene mi consentimiento?<\/p>\n<p>Cuando nos proporciona su informaci\u00f3n personal para completar una transacci\u00f3n, verifica su tarjeta de cr\u00e9dito, hace un pedido, programa una entrega o devuelve una compra, asumimos que usted nos da su consentimiento para que recopilemos su informaci\u00f3n y la utilicemos para este fin solamente<\/p>\n<p>Si le pedimos que nos proporcione su informaci\u00f3n personal por cualquier otro motivo, por ejemplo, para fines de marketing, le pediremos su consentimiento expl\u00edcito directamente o le daremos la oportunidad de optar por no participar.<\/p>\n<p>\u00bfC\u00f3mo puedo retirar mi consentimiento?<\/p>\n<p>Si despu\u00e9s de darnos su consentimiento, cambia de opini\u00f3n y ya no acepta que nos comuniquemos con usted, recopilemos su informaci\u00f3n o la divulguemos, puede notificarnos contact\u00e1ndonos a: info@mon-cintre.com<br \/>\no por correo a:<\/p>\n<p>Mi tienda de perchas SL<br \/>\nAvenida Mila Real, 137<br \/>\n46117 B\u00e9tera (Valencia)<br \/>\nEspa\u00f1a<\/p>\n<p>&nbsp;<\/p>\n<p>ART\u00cdCULO 3 &#8211; DIVULGACI\u00d3N<\/p>\n<p>Podemos divulgar su informaci\u00f3n personal si la ley nos exige hacerlo o si viola nuestros T\u00e9rminos y condiciones de venta y uso.<\/p>\n<p>ART\u00cdCULO 4 &#8211; ALMACENAMIENTO DE DATOS<\/p>\n<p>Nuestra tienda est\u00e1 alojada en Gandi.net y desarrollada con Woocommerce.<\/p>\n<p>Sus datos se almacenan en el sistema de almacenamiento de datos de Gandi y en las bases de datos, y en la aplicaci\u00f3n general Woocommerce. Sus datos se almacenan en un servidor seguro protegido por un firewall.<\/p>\n<p>Pago:<\/p>\n<p>Cuando realice su compra a trav\u00e9s de una de nuestras pasarelas de pago (Redsys o Paypal), en este caso se almacenar\u00e1 la informaci\u00f3n de su tarjeta de cr\u00e9dito. Esta informaci\u00f3n se cifra de acuerdo con el est\u00e1ndar de seguridad de datos establecido por la industria de tarjetas de pago (PCI-DSS). La informaci\u00f3n sobre su transacci\u00f3n de compra se conserva durante el tiempo que sea necesario para finalizar su pedido. Una vez finalizado su pedido, se eliminan los detalles de la transacci\u00f3n de compra.<\/p>\n<p>&nbsp;<\/p>\n<p>ART\u00cdCULO 5 &#8211; SERVICIOS PROPORCIONADOS POR TERCEROS<\/p>\n<p>En general, los proveedores externos que utilizamos solo recopilar\u00e1n, utilizar\u00e1n y divulgar\u00e1n su informaci\u00f3n en la medida necesaria para realizar los servicios que nos brindan.<\/p>\n<p>Sin embargo, algunos proveedores de servicios de terceros, como pasarelas de pago y otros procesadores de transacciones de pago, tienen sus propias pol\u00edticas de privacidad con respecto a la informaci\u00f3n que debemos proporcionarles para sus transacciones de compra.<\/p>\n<p>Con respecto a estos proveedores, le recomendamos que lea sus pol\u00edticas de privacidad detenidamente para que entienda c\u00f3mo tratar\u00e1n su informaci\u00f3n personal.<\/p>\n<p>Debe recordarse que algunos proveedores pueden estar ubicados o tener instalaciones ubicadas en una jurisdicci\u00f3n diferente a la suya o la nuestra. Por lo tanto, si decide realizar una transacci\u00f3n que requiere los servicios de un proveedor externo, su informaci\u00f3n podr\u00eda regirse por las leyes de la jurisdicci\u00f3n en la que se encuentra el proveedor o las de la jurisdicci\u00f3n en la que se encuentran sus instalaciones.<\/p>\n<p>Una vez que abandona el sitio de nuestra tienda o es redirigido al sitio web o a la aplicaci\u00f3n de un tercero, ya no est\u00e1 sujeto a esta Pol\u00edtica de Privacidad ni a las Condiciones Generales de Venta y Acuerdo. Uso de nuestro sitio web.<\/p>\n<p>Enlaces<\/p>\n<p>Es posible que deba abandonar nuestro sitio web haciendo clic en ciertos enlaces de nuestro sitio. No asumimos ninguna responsabilidad por las pr\u00e1cticas de privacidad de estos otros sitios y le recomendamos que lea atentamente sus pol\u00edticas de privacidad.<\/p>\n<p>&nbsp;<\/p>\n<p>ART\u00cdCULO 6 &#8211; SEGURIDAD<\/p>\n<p>Para proteger su informaci\u00f3n personal, tomamos precauciones razonables y seguimos las mejores pr\u00e1cticas de la industria para garantizar que no se pierdan, malversen, accedan, revelen, alteren o destruyan de manera inapropiada.<\/p>\n<p>Si nos proporciona la informaci\u00f3n de su tarjeta de cr\u00e9dito, se cifrar\u00e1n mediante el uso del protocolo de seguridad SSL y se almacenar\u00e1n con el cifrado de tipo AES-256. Si bien ning\u00fan m\u00e9todo de transmisi\u00f3n por Internet o almacenamiento electr\u00f3nico es 100% seguro, seguimos todos los requisitos de PCI-DSS e implementamos est\u00e1ndares adicionales generalmente reconocidos por la industria.<\/p>\n<p>&nbsp;<\/p>\n<p>ART\u00cdCULO 7 &#8211; EDAD DE CONSENTIMIENTO<\/p>\n<p>Al usar este sitio, usted declara que tiene al menos la mayor\u00eda de edad en su estado o provincia de residencia, y que nos ha dado su consentimiento para permitir que cualquier menor dependiente use esta informaci\u00f3n. sitio web.<\/p>\n<p>ART\u00cdCULO 8 &#8211; MODIFICACIONES A ESTA POL\u00cdTICA DE PRIVACIDAD<\/p>\n<p>Nos reservamos el derecho de modificar esta Pol\u00edtica de privacidad en cualquier momento, as\u00ed que por favor rev\u00edsela con frecuencia. Los cambios y las aclaraciones entrar\u00e1n en vigencia inmediatamente despu\u00e9s de su publicaci\u00f3n en el sitio web. Si realizamos cambios en el contenido de esta pol\u00edtica, le notificaremos aqu\u00ed que se ha actualizado para que sepa qu\u00e9 informaci\u00f3n recopilamos, c\u00f3mo la usamos y en qu\u00e9 circunstancias la revelamos. Es necesario hacerlo.<\/p>\n<p>Si notre boutique fait l\u2019objet d\u2019une acquisition par ou d\u2019une fusion avec une autre entreprise, vos renseignements pourraient \u00eatre transf\u00e9r\u00e9s aux nouveaux propri\u00e9taires pour que nous puissions continuer \u00e0 vous vendre des produits.<\/p>\n<p>&nbsp;<\/p>\n<p>&nbsp;<\/p>\n<p>PREGUNTAS Y CONTACTO<\/p>\n<p>Si desea: acceder, corregir, modificar o eliminar cualquier informaci\u00f3n personal que tengamos sobre usted, presentar una queja o simplemente desea obtener m\u00e1s informaci\u00f3n, comun\u00edquese con nuestro funcionario de privacidad en info@mon-cintre.com o por correo a Mi tienda de perchas SL &#8211; Avenida Mila Real, 137, puerta36 &#8211; 46117 B\u00e9tera (Valencia), Espa\u00f1a<\/p>\n","protected":false},"excerpt":{"rendered":"<p>&nbsp; Esta Pol\u00edtica de privacidad rige el uso del sitio web mon-cintre.com, del cual MI TIENDA DE PERCHAS S.L, es el propietario. Mi tienda de perchas SL es una sociedad an\u00f3nima con domicilio social: avenida Mila Real, 137 de Betera&#8230;<\/p>\n","protected":false},"author":1,"featured_media":0,"parent":0,"menu_order":0,"comment_status":"closed","ping_status":"open","template":"","meta":{"inline_featured_image":false,"footnotes":""},"class_list":["post-1390","page","type-page","status-publish","hentry"],"yoast_head":"<!-- This site is optimized with the Yoast SEO plugin v27.6 - https:\/\/yoast.com\/product\/yoast-seo-wordpress\/ -->\n<title>Pol\u00edtica de privacidad - MonCintre.com<\/title>\n<meta name=\"robots\" content=\"index, follow, max-snippet:-1, max-image-preview:large, max-video-preview:-1\" \/>\n<link rel=\"canonical\" href=\"https:\/\/www.mon-cintre.com\/es\/politica-de-privacidad\/\" \/>\n<meta property=\"og:locale\" content=\"es_ES\" \/>\n<meta property=\"og:type\" content=\"article\" \/>\n<meta property=\"og:title\" content=\"Pol\u00edtica de privacidad - MonCintre.com\" \/>\n<meta property=\"og:description\" content=\"&nbsp; Esta Pol\u00edtica de privacidad rige el uso del sitio web mon-cintre.com, del cual MI TIENDA DE PERCHAS S.L, es el propietario. Mi tienda de perchas SL es una sociedad an\u00f3nima con domicilio social: avenida Mila Real, 137 de Betera...\" \/>\n<meta property=\"og:url\" content=\"https:\/\/www.mon-cintre.com\/es\/politica-de-privacidad\/\" \/>\n<meta property=\"og:site_name\" content=\"MonCintre.com\" \/>\n<meta name=\"twitter:card\" content=\"summary_large_image\" \/>\n<meta name=\"twitter:label1\" content=\"Tiempo de lectura\" \/>\n\t<meta name=\"twitter:data1\" content=\"6 minutos\" \/>\n<script type=\"application\/ld+json\" class=\"yoast-schema-graph\">{\"@context\":\"https:\\\/\\\/schema.org\",\"@graph\":[{\"@type\":\"WebPage\",\"@id\":\"https:\\\/\\\/www.mon-cintre.com\\\/es\\\/politica-de-privacidad\\\/\",\"url\":\"https:\\\/\\\/www.mon-cintre.com\\\/es\\\/politica-de-privacidad\\\/\",\"name\":\"Pol\u00edtica de privacidad - MonCintre.com\",\"isPartOf\":{\"@id\":\"https:\\\/\\\/www.mon-cintre.com\\\/es\\\/#website\"},\"datePublished\":\"2018-11-14T10:57:24+00:00\",\"breadcrumb\":{\"@id\":\"https:\\\/\\\/www.mon-cintre.com\\\/es\\\/politica-de-privacidad\\\/#breadcrumb\"},\"inLanguage\":\"es\",\"potentialAction\":[{\"@type\":\"ReadAction\",\"target\":[\"https:\\\/\\\/www.mon-cintre.com\\\/es\\\/politica-de-privacidad\\\/\"]}]},{\"@type\":\"BreadcrumbList\",\"@id\":\"https:\\\/\\\/www.mon-cintre.com\\\/es\\\/politica-de-privacidad\\\/#breadcrumb\",\"itemListElement\":[{\"@type\":\"ListItem\",\"position\":1,\"name\":\"Accueil\",\"item\":\"https:\\\/\\\/www.mon-cintre.com\\\/es\\\/\"},{\"@type\":\"ListItem\",\"position\":2,\"name\":\"Pol\u00edtica de privacidad\"}]},{\"@type\":\"WebSite\",\"@id\":\"https:\\\/\\\/www.mon-cintre.com\\\/es\\\/#website\",\"url\":\"https:\\\/\\\/www.mon-cintre.com\\\/es\\\/\",\"name\":\"MonCintre.com\",\"description\":\"Cintres et accessoires dressing\",\"publisher\":{\"@id\":\"https:\\\/\\\/www.mon-cintre.com\\\/es\\\/#organization\"},\"potentialAction\":[{\"@type\":\"SearchAction\",\"target\":{\"@type\":\"EntryPoint\",\"urlTemplate\":\"https:\\\/\\\/www.mon-cintre.com\\\/es\\\/?s={search_term_string}\"},\"query-input\":{\"@type\":\"PropertyValueSpecification\",\"valueRequired\":true,\"valueName\":\"search_term_string\"}}],\"inLanguage\":\"es\"},{\"@type\":\"Organization\",\"@id\":\"https:\\\/\\\/www.mon-cintre.com\\\/es\\\/#organization\",\"name\":\"MonCintre.com\",\"url\":\"https:\\\/\\\/www.mon-cintre.com\\\/es\\\/\",\"logo\":{\"@type\":\"ImageObject\",\"inLanguage\":\"es\",\"@id\":\"https:\\\/\\\/www.mon-cintre.com\\\/es\\\/#\\\/schema\\\/logo\\\/image\\\/\",\"url\":\"https:\\\/\\\/www.mon-cintre.com\\\/wp-content\\\/uploads\\\/2022\\\/12\\\/logo-blanc.png\",\"contentUrl\":\"https:\\\/\\\/www.mon-cintre.com\\\/wp-content\\\/uploads\\\/2022\\\/12\\\/logo-blanc.png\",\"width\":345,\"height\":205,\"caption\":\"MonCintre.com\"},\"image\":{\"@id\":\"https:\\\/\\\/www.mon-cintre.com\\\/es\\\/#\\\/schema\\\/logo\\\/image\\\/\"}}]}<\/script>\n<!-- \/ Yoast SEO plugin. -->","yoast_head_json":{"title":"Pol\u00edtica de privacidad - MonCintre.com","robots":{"index":"index","follow":"follow","max-snippet":"max-snippet:-1","max-image-preview":"max-image-preview:large","max-video-preview":"max-video-preview:-1"},"canonical":"https:\/\/www.mon-cintre.com\/es\/politica-de-privacidad\/","og_locale":"es_ES","og_type":"article","og_title":"Pol\u00edtica de privacidad - MonCintre.com","og_description":"&nbsp; Esta Pol\u00edtica de privacidad rige el uso del sitio web mon-cintre.com, del cual MI TIENDA DE PERCHAS S.L, es el propietario. Mi tienda de perchas SL es una sociedad an\u00f3nima con domicilio social: avenida Mila Real, 137 de Betera...","og_url":"https:\/\/www.mon-cintre.com\/es\/politica-de-privacidad\/","og_site_name":"MonCintre.com","twitter_card":"summary_large_image","twitter_misc":{"Tiempo de lectura":"6 minutos"},"schema":{"@context":"https:\/\/schema.org","@graph":[{"@type":"WebPage","@id":"https:\/\/www.mon-cintre.com\/es\/politica-de-privacidad\/","url":"https:\/\/www.mon-cintre.com\/es\/politica-de-privacidad\/","name":"Pol\u00edtica de privacidad - MonCintre.com","isPartOf":{"@id":"https:\/\/www.mon-cintre.com\/es\/#website"},"datePublished":"2018-11-14T10:57:24+00:00","breadcrumb":{"@id":"https:\/\/www.mon-cintre.com\/es\/politica-de-privacidad\/#breadcrumb"},"inLanguage":"es","potentialAction":[{"@type":"ReadAction","target":["https:\/\/www.mon-cintre.com\/es\/politica-de-privacidad\/"]}]},{"@type":"BreadcrumbList","@id":"https:\/\/www.mon-cintre.com\/es\/politica-de-privacidad\/#breadcrumb","itemListElement":[{"@type":"ListItem","position":1,"name":"Accueil","item":"https:\/\/www.mon-cintre.com\/es\/"},{"@type":"ListItem","position":2,"name":"Pol\u00edtica de privacidad"}]},{"@type":"WebSite","@id":"https:\/\/www.mon-cintre.com\/es\/#website","url":"https:\/\/www.mon-cintre.com\/es\/","name":"MonCintre.com","description":"Cintres et accessoires dressing","publisher":{"@id":"https:\/\/www.mon-cintre.com\/es\/#organization"},"potentialAction":[{"@type":"SearchAction","target":{"@type":"EntryPoint","urlTemplate":"https:\/\/www.mon-cintre.com\/es\/?s={search_term_string}"},"query-input":{"@type":"PropertyValueSpecification","valueRequired":true,"valueName":"search_term_string"}}],"inLanguage":"es"},{"@type":"Organization","@id":"https:\/\/www.mon-cintre.com\/es\/#organization","name":"MonCintre.com","url":"https:\/\/www.mon-cintre.com\/es\/","logo":{"@type":"ImageObject","inLanguage":"es","@id":"https:\/\/www.mon-cintre.com\/es\/#\/schema\/logo\/image\/","url":"https:\/\/www.mon-cintre.com\/wp-content\/uploads\/2022\/12\/logo-blanc.png","contentUrl":"https:\/\/www.mon-cintre.com\/wp-content\/uploads\/2022\/12\/logo-blanc.png","width":345,"height":205,"caption":"MonCintre.com"},"image":{"@id":"https:\/\/www.mon-cintre.com\/es\/#\/schema\/logo\/image\/"}}]}},"_links":{"self":[{"href":"https:\/\/www.mon-cintre.com\/es\/wp-json\/wp\/v2\/pages\/1390","targetHints":{"allow":["GET"]}}],"collection":[{"href":"https:\/\/www.mon-cintre.com\/es\/wp-json\/wp\/v2\/pages"}],"about":[{"href":"https:\/\/www.mon-cintre.com\/es\/wp-json\/wp\/v2\/types\/page"}],"author":[{"embeddable":true,"href":"https:\/\/www.mon-cintre.com\/es\/wp-json\/wp\/v2\/users\/1"}],"replies":[{"embeddable":true,"href":"https:\/\/www.mon-cintre.com\/es\/wp-json\/wp\/v2\/comments?post=1390"}],"version-history":[{"count":0,"href":"https:\/\/www.mon-cintre.com\/es\/wp-json\/wp\/v2\/pages\/1390\/revisions"}],"wp:attachment":[{"href":"https:\/\/www.mon-cintre.com\/es\/wp-json\/wp\/v2\/media?parent=1390"}],"curies":[{"name":"wp","href":"https:\/\/api.w.org\/{rel}","templated":true}]}}