

{"id":19898,"date":"2019-01-11T11:38:24","date_gmt":"2019-01-11T10:38:24","guid":{"rendered":"https:\/\/www.mon-cintre.com\/fabrication-a-la-main\/"},"modified":"2023-10-30T11:01:59","modified_gmt":"2023-10-30T10:01:59","slug":"perchas-hecho-mano","status":"publish","type":"page","link":"https:\/\/www.mon-cintre.com\/es\/perchas-hecho-mano\/","title":{"rendered":"Hecho a mano"},"content":{"rendered":"<div class=\"wpb-content-wrapper\"><p>[vc_row][vc_column][vc_column_text]<\/p>\n<h4 style=\"text-align: center;\"><span class=\"postbody\"><span class=\"tlid-translation translation\" lang=\"es\">La fabricaci\u00f3n de todas nuestras perchas de madera pasa por varias etapas realizadas a mano, como si un ebanista trabajar\u00eda un precioso mueble.<\/span><\/span><\/h4>\n<h4 style=\"text-align: center;\"><span class=\"postbody\"><span class=\"tlid-translation translation\" lang=\"es\">Despu\u00e9s de recibir los troncos de fresno europeano, comienza el largo trabajo de dar forma a la percha<\/span>&#8230;<\/span><\/h4>\n<p>[\/vc_column_text][\/vc_column][\/vc_row][vc_row gap=&#8221;10&#8243; css=&#8221;.vc_custom_1547200405160{background-color: #ffffff !important;}&#8221;][vc_column width=&#8221;1\/2&#8243;][vc_column_text]<\/p>\n<h4>Etapa 1<br \/>\nCortar troncos en cuadrados de las dimensiones deseadas.<\/h4>\n<h4>Etapa 2<br \/>\nRecorte los brazos de cada percha usando el torno para los modelos de la colecci\u00f3n <span class=\"postbody\" style=\"color: #808080;\"><a style=\"color: #808080;\" href=\"https:\/\/www.mon-cintre.com\/es\/categoria-producto\/coleccion-dandy\/\">Dandy <\/a><\/span>con el fin de preparar el cuello, o con plantillas de corte para los otros modelos de perchas.<\/h4>\n<h4>Etapa 3<br \/>\nUsando una peque\u00f1a lijadora de grano grueso, trabajamos la forma de la percha con cuidado para llegar gradualmente a su forma final.<\/h4>\n<h4>La gama de perchas <a href=\"https:\/\/www.mon-cintre.com\/es\/categoria-producto\/coleccion-dandy\/\"><span style=\"color: #808080;\">Dandy<\/span><\/a>, con su cuello curvo, requiere un paso adicional. Para cavar el cuello muy especial de esta percha, que el paso 2 del torno ha empezado la forma, a\u00fan debe perfeccionarlo esculpiendo un poco la madera y luego con mucho lijado para terminar de cavar.<\/h4>\n<h4>Etapa 4<br \/>\nSegundo paso de lijado con un papel de grano fino y muy fino para eliminar cualquier aspereza y, si es necesario, perfeccionar la forma de la percha.<\/h4>\n<h4>Para la colecci\u00f3n <a style=\"color: #808080;\" href=\"https:\/\/www.mon-cintre.com\/es\/categoria-producto\/coleccion-intenso\/\">Intensa<\/a> en negro con madera cepillada, una vez terminada la forma de la percha, la madera se cepilla a mano con garras de metal para acentuar las ranuras de madera.<\/h4>\n<h4>Etapa 5<br \/>\nAplicaci\u00f3n de un tapaporos para bloquear los poros de la madera antes de aplicar su acabado.<\/h4>\n<p>[\/vc_column_text][\/vc_column][vc_column width=&#8221;1\/2&#8243;][vc_column_text]<\/p>\n<h4>Etapa 6<br \/>\nLijar una vez m\u00e1s para eliminar cualquier aspereza antes de aplicar las capas de barniz.<\/h4>\n<h4>Etapa 7<br \/>\nAplicaci\u00f3n del barniz en el tono adecuado en una cabina libre de polvo para evitar cualquier dep\u00f3sito.<\/h4>\n<h4>Etapa 8<br \/>\nEl secado.<\/h4>\n<h4>Etapa 9<br \/>\nEstampado de un discreto logotipo de MonCintre, <span style=\"text-decoration: underline;\">debajo de la percha<\/span>.<\/h4>\n<h4>Etapa 10<br \/>\nMontaje de los ganchos, barras o pinzas.<\/h4>\n<h4>Etapa 11<br \/>\nControl de calidad final, otros controles se llevan a cabo durante toda la fabricaci\u00f3n.<\/h4>\n<h4>Etapa 12<br \/>\n<span class=\"tlid-translation translation\" lang=\"es\">Empaquetado de cada percha individualmente en fundas de espuma protectora y luego, por 6, 10 o 15, en una caja blanca marcada con el logotipo de Mon cintre. Esta caja finalmente se empaca en una caja de transporte para una protecci\u00f3n perfecta.<\/span><\/h4>\n<p>[\/vc_column_text][\/vc_column][\/vc_row]<\/p>\n<\/div>","protected":false},"excerpt":{"rendered":"<p>[vc_row][vc_column][vc_column_text] La fabricaci\u00f3n de todas nuestras perchas de madera pasa por varias etapas realizadas a mano, como si un ebanista trabajar\u00eda un precioso mueble. Despu\u00e9s de recibir los troncos de fresno europeano, comienza el largo trabajo de dar forma a&#8230;<\/p>\n","protected":false},"author":1,"featured_media":0,"parent":0,"menu_order":0,"comment_status":"closed","ping_status":"closed","template":"","meta":{"inline_featured_image":false,"footnotes":""},"class_list":["post-19898","page","type-page","status-publish","hentry"],"yoast_head":"<!-- This site is optimized with the Yoast SEO plugin v27.5 - https:\/\/yoast.com\/product\/yoast-seo-wordpress\/ -->\n<title>Perchas de lujo - Hecho a mano<\/title>\n<meta name=\"description\" content=\"La fabricaci\u00f3n de todas nuestras perchas de madera pasa por varias etapas realizadas a mano, como si un ebanista trabajar\u00eda un precioso mueble.\" \/>\n<meta name=\"robots\" content=\"index, follow, max-snippet:-1, max-image-preview:large, max-video-preview:-1\" \/>\n<link rel=\"canonical\" href=\"https:\/\/www.mon-cintre.com\/es\/perchas-hecho-mano\/\" \/>\n<meta property=\"og:locale\" content=\"es_ES\" \/>\n<meta property=\"og:type\" content=\"article\" \/>\n<meta property=\"og:title\" content=\"Perchas de lujo - Hecho a mano\" \/>\n<meta property=\"og:description\" content=\"La fabricaci\u00f3n de todas nuestras perchas de madera pasa por varias etapas realizadas a mano, como si un ebanista trabajar\u00eda un precioso mueble.\" \/>\n<meta property=\"og:url\" content=\"https:\/\/www.mon-cintre.com\/es\/perchas-hecho-mano\/\" \/>\n<meta property=\"og:site_name\" content=\"MonCintre.com\" \/>\n<meta property=\"article:modified_time\" content=\"2023-10-30T10:01:59+00:00\" \/>\n<meta name=\"twitter:card\" content=\"summary_large_image\" \/>\n<meta name=\"twitter:label1\" content=\"Tiempo de lectura\" \/>\n\t<meta name=\"twitter:data1\" content=\"2 minutos\" \/>\n<script type=\"application\/ld+json\" class=\"yoast-schema-graph\">{\"@context\":\"https:\\\/\\\/schema.org\",\"@graph\":[{\"@type\":\"WebPage\",\"@id\":\"https:\\\/\\\/www.mon-cintre.com\\\/es\\\/perchas-hecho-mano\\\/\",\"url\":\"https:\\\/\\\/www.mon-cintre.com\\\/es\\\/perchas-hecho-mano\\\/\",\"name\":\"Perchas de lujo - Hecho a mano\",\"isPartOf\":{\"@id\":\"https:\\\/\\\/www.mon-cintre.com\\\/es\\\/#website\"},\"datePublished\":\"2019-01-11T10:38:24+00:00\",\"dateModified\":\"2023-10-30T10:01:59+00:00\",\"description\":\"La fabricaci\u00f3n de todas nuestras perchas de madera pasa por varias etapas realizadas a mano, como si un ebanista trabajar\u00eda un precioso mueble.\",\"breadcrumb\":{\"@id\":\"https:\\\/\\\/www.mon-cintre.com\\\/es\\\/perchas-hecho-mano\\\/#breadcrumb\"},\"inLanguage\":\"es\",\"potentialAction\":[{\"@type\":\"ReadAction\",\"target\":[\"https:\\\/\\\/www.mon-cintre.com\\\/es\\\/perchas-hecho-mano\\\/\"]}]},{\"@type\":\"BreadcrumbList\",\"@id\":\"https:\\\/\\\/www.mon-cintre.com\\\/es\\\/perchas-hecho-mano\\\/#breadcrumb\",\"itemListElement\":[{\"@type\":\"ListItem\",\"position\":1,\"name\":\"Accueil\",\"item\":\"https:\\\/\\\/www.mon-cintre.com\\\/es\\\/\"},{\"@type\":\"ListItem\",\"position\":2,\"name\":\"Hecho a mano\"}]},{\"@type\":\"WebSite\",\"@id\":\"https:\\\/\\\/www.mon-cintre.com\\\/es\\\/#website\",\"url\":\"https:\\\/\\\/www.mon-cintre.com\\\/es\\\/\",\"name\":\"MonCintre.com\",\"description\":\"Cintres et accessoires dressing\",\"publisher\":{\"@id\":\"https:\\\/\\\/www.mon-cintre.com\\\/es\\\/#organization\"},\"potentialAction\":[{\"@type\":\"SearchAction\",\"target\":{\"@type\":\"EntryPoint\",\"urlTemplate\":\"https:\\\/\\\/www.mon-cintre.com\\\/es\\\/?s={search_term_string}\"},\"query-input\":{\"@type\":\"PropertyValueSpecification\",\"valueRequired\":true,\"valueName\":\"search_term_string\"}}],\"inLanguage\":\"es\"},{\"@type\":\"Organization\",\"@id\":\"https:\\\/\\\/www.mon-cintre.com\\\/es\\\/#organization\",\"name\":\"MonCintre.com\",\"url\":\"https:\\\/\\\/www.mon-cintre.com\\\/es\\\/\",\"logo\":{\"@type\":\"ImageObject\",\"inLanguage\":\"es\",\"@id\":\"https:\\\/\\\/www.mon-cintre.com\\\/es\\\/#\\\/schema\\\/logo\\\/image\\\/\",\"url\":\"https:\\\/\\\/www.mon-cintre.com\\\/wp-content\\\/uploads\\\/2022\\\/12\\\/logo-blanc.png\",\"contentUrl\":\"https:\\\/\\\/www.mon-cintre.com\\\/wp-content\\\/uploads\\\/2022\\\/12\\\/logo-blanc.png\",\"width\":345,\"height\":205,\"caption\":\"MonCintre.com\"},\"image\":{\"@id\":\"https:\\\/\\\/www.mon-cintre.com\\\/es\\\/#\\\/schema\\\/logo\\\/image\\\/\"}}]}<\/script>\n<!-- \/ Yoast SEO plugin. -->","yoast_head_json":{"title":"Perchas de lujo - Hecho a mano","description":"La fabricaci\u00f3n de todas nuestras perchas de madera pasa por varias etapas realizadas a mano, como si un ebanista trabajar\u00eda un precioso mueble.","robots":{"index":"index","follow":"follow","max-snippet":"max-snippet:-1","max-image-preview":"max-image-preview:large","max-video-preview":"max-video-preview:-1"},"canonical":"https:\/\/www.mon-cintre.com\/es\/perchas-hecho-mano\/","og_locale":"es_ES","og_type":"article","og_title":"Perchas de lujo - Hecho a mano","og_description":"La fabricaci\u00f3n de todas nuestras perchas de madera pasa por varias etapas realizadas a mano, como si un ebanista trabajar\u00eda un precioso mueble.","og_url":"https:\/\/www.mon-cintre.com\/es\/perchas-hecho-mano\/","og_site_name":"MonCintre.com","article_modified_time":"2023-10-30T10:01:59+00:00","twitter_card":"summary_large_image","twitter_misc":{"Tiempo de lectura":"2 minutos"},"schema":{"@context":"https:\/\/schema.org","@graph":[{"@type":"WebPage","@id":"https:\/\/www.mon-cintre.com\/es\/perchas-hecho-mano\/","url":"https:\/\/www.mon-cintre.com\/es\/perchas-hecho-mano\/","name":"Perchas de lujo - Hecho a mano","isPartOf":{"@id":"https:\/\/www.mon-cintre.com\/es\/#website"},"datePublished":"2019-01-11T10:38:24+00:00","dateModified":"2023-10-30T10:01:59+00:00","description":"La fabricaci\u00f3n de todas nuestras perchas de madera pasa por varias etapas realizadas a mano, como si un ebanista trabajar\u00eda un precioso mueble.","breadcrumb":{"@id":"https:\/\/www.mon-cintre.com\/es\/perchas-hecho-mano\/#breadcrumb"},"inLanguage":"es","potentialAction":[{"@type":"ReadAction","target":["https:\/\/www.mon-cintre.com\/es\/perchas-hecho-mano\/"]}]},{"@type":"BreadcrumbList","@id":"https:\/\/www.mon-cintre.com\/es\/perchas-hecho-mano\/#breadcrumb","itemListElement":[{"@type":"ListItem","position":1,"name":"Accueil","item":"https:\/\/www.mon-cintre.com\/es\/"},{"@type":"ListItem","position":2,"name":"Hecho a mano"}]},{"@type":"WebSite","@id":"https:\/\/www.mon-cintre.com\/es\/#website","url":"https:\/\/www.mon-cintre.com\/es\/","name":"MonCintre.com","description":"Cintres et accessoires dressing","publisher":{"@id":"https:\/\/www.mon-cintre.com\/es\/#organization"},"potentialAction":[{"@type":"SearchAction","target":{"@type":"EntryPoint","urlTemplate":"https:\/\/www.mon-cintre.com\/es\/?s={search_term_string}"},"query-input":{"@type":"PropertyValueSpecification","valueRequired":true,"valueName":"search_term_string"}}],"inLanguage":"es"},{"@type":"Organization","@id":"https:\/\/www.mon-cintre.com\/es\/#organization","name":"MonCintre.com","url":"https:\/\/www.mon-cintre.com\/es\/","logo":{"@type":"ImageObject","inLanguage":"es","@id":"https:\/\/www.mon-cintre.com\/es\/#\/schema\/logo\/image\/","url":"https:\/\/www.mon-cintre.com\/wp-content\/uploads\/2022\/12\/logo-blanc.png","contentUrl":"https:\/\/www.mon-cintre.com\/wp-content\/uploads\/2022\/12\/logo-blanc.png","width":345,"height":205,"caption":"MonCintre.com"},"image":{"@id":"https:\/\/www.mon-cintre.com\/es\/#\/schema\/logo\/image\/"}}]}},"_links":{"self":[{"href":"https:\/\/www.mon-cintre.com\/es\/wp-json\/wp\/v2\/pages\/19898","targetHints":{"allow":["GET"]}}],"collection":[{"href":"https:\/\/www.mon-cintre.com\/es\/wp-json\/wp\/v2\/pages"}],"about":[{"href":"https:\/\/www.mon-cintre.com\/es\/wp-json\/wp\/v2\/types\/page"}],"author":[{"embeddable":true,"href":"https:\/\/www.mon-cintre.com\/es\/wp-json\/wp\/v2\/users\/1"}],"replies":[{"embeddable":true,"href":"https:\/\/www.mon-cintre.com\/es\/wp-json\/wp\/v2\/comments?post=19898"}],"version-history":[{"count":16,"href":"https:\/\/www.mon-cintre.com\/es\/wp-json\/wp\/v2\/pages\/19898\/revisions"}],"predecessor-version":[{"id":30856,"href":"https:\/\/www.mon-cintre.com\/es\/wp-json\/wp\/v2\/pages\/19898\/revisions\/30856"}],"wp:attachment":[{"href":"https:\/\/www.mon-cintre.com\/es\/wp-json\/wp\/v2\/media?parent=19898"}],"curies":[{"name":"wp","href":"https:\/\/api.w.org\/{rel}","templated":true}]}}