

{"id":2149,"date":"2019-01-28T09:19:12","date_gmt":"2019-01-28T08:19:12","guid":{"rendered":"https:\/\/www.mon-cintre.com\/para-profesionales\/"},"modified":"2026-02-16T15:45:32","modified_gmt":"2026-02-16T14:45:32","slug":"perchas-a-medida","status":"publish","type":"page","link":"https:\/\/www.mon-cintre.com\/es\/perchas-a-medida\/","title":{"rendered":"PERCHAS A MEDIDA"},"content":{"rendered":"<div class=\"wpb-content-wrapper\"><p>[vc_row css=&#8221;.vc_custom_1573574361109{margin-top: 150px !important;margin-bottom: 0px !important;}&#8221;][vc_column width=&#8221;1\/6&#8243;][\/vc_column][vc_column width=&#8221;2\/3&#8243;][vc_column_text css=&#8221;&#8221;]<\/p>\n<h3 class=\"brick_cust_title\">SUS PERCHAS A MEDIDA<\/h3>\n<p>&nbsp;<\/p>\n<div class=\"brick_cust_subtitle\">\u00bfEs usted un profesional que busca perchas personalizadas para su marca, hotel o cualquier otro proyecto? Cont\u00e1ctenos para obtener m\u00e1s informaci\u00f3n sobre nuestros precios, cantidades m\u00ednimas de pedido y t\u00e9rminos y condiciones., cont\u00e1ctenos en esta direcci\u00f3n: <a href=\"mailto:sur-mesure@mon-cintre.com\"><span style=\"color: #993366;\">sur-mesure@mon-cintre.com<\/span><\/a><\/div>\n<div>*A partir de 250 perchas<\/div>\n<p>[\/vc_column_text][\/vc_column][vc_column width=&#8221;1\/6&#8243;][\/vc_column][\/vc_row][vc_row css=&#8221;.vc_custom_1576679332905{padding-right: 10% !important;padding-left: 10% !important;background-color: #ffffff !important;}&#8221;][vc_column][vc_row_inner css=&#8221;.vc_custom_1581415162046{padding-right: 0px !important;background-color: #ffffff !important;}&#8221;][vc_column_inner width=&#8221;2\/3&#8243; css=&#8221;.vc_custom_1576680502973{padding-right: 5% !important;padding-left: 0px !important;background-color: #ffffff !important;}&#8221;][vc_column_text css=&#8221;.vc_custom_1771253077362{padding-left: 5% !important;}&#8221;]<\/p>\n<div class=\"brick_cust_subtitle\">Elija su estilo<\/div>\n<h3 class=\"brick_cust_title\">Materiales &amp; Colores<br \/>\n<span class=\"vibrant_color\">Madera, Madera te\u00f1ida, Acr\u00edlico, etc.<\/span><\/h3>\n<div class=\"brick_cust_desc\">\n<p>Adapta el dise\u00f1o de la percha para que refleje la imagen de su marca eligiendo el dise\u00f1o, el material y los colores adecuados. Elija su estilo y haremos realidad tu visi\u00f3n.Nuestros 30 a\u00f1os de experiencia como fabricantes y profesionales de perchas ser\u00e1n un valioso recurso para seleccionar las perchas que mejor se adapten a sus necesidades.<\/p>\n<\/div>\n<p>[\/vc_column_text][vc_single_image image=&#8221;17652&#8243; img_size=&#8221;full&#8221;][\/vc_column_inner][vc_column_inner width=&#8221;1\/3&#8243; css=&#8221;.vc_custom_1576679489633{padding-right: 0px !important;padding-left: 0px !important;}&#8221;][vc_single_image image=&#8221;14779&#8243; img_size=&#8221;full&#8221;][vc_column_text]<\/p>\n<div class=\"brick_cust_subtitle\">Os aconsejamos<\/div>\n<h3 class=\"brick_cust_title\">Forma &amp;<br \/>\n<span class=\"vibrant_color\">Est\u00e9tica<\/span><\/h3>\n<div class=\"brick_cust_desc\">La forma de la percha es tan importante para el tipo de ropa para la que est\u00e1 destinada como para la est\u00e9tica del vestidor o la tienda donde se llevar\u00e1 a cabo. Podemos asesorarlo sobre la elecci\u00f3n de formas, dimensiones y opciones de acuerdo con sus necesidades.<\/div>\n<p>[\/vc_column_text][\/vc_column_inner][\/vc_row_inner][vc_row_inner][vc_column_inner width=&#8221;1\/3&#8243;][vc_column_text css=&#8221;&#8221;]<\/p>\n<div class=\"brick_cust_subtitle\">La perfecci\u00f3n est\u00e1 en los detalles<\/div>\n<h3 class=\"brick_cust_title\">Personaliza<br \/>\nsus perchas<\/h3>\n<div class=\"brick_cust_desc\">Las iniciales o el logotipo son el toque final en la percha personalizada. Las posibilidades son numerosas, desde la simple tampograf\u00eda hasta las marcas en relieve en cuero e incluso las letras de metal con incrustaciones en madera, encontrar\u00e1 su estilo.<\/div>\n<div class=\"brick_cust_desc\">Tambi\u00e9n elija la forma y el color del gancho que se adapte a su gusto.<\/div>\n<p>[\/vc_column_text][\/vc_column_inner][vc_column_inner width=&#8221;1\/3&#8243;][vc_single_image image=&#8221;14797&#8243; img_size=&#8221;full&#8221;][\/vc_column_inner][vc_column_inner width=&#8221;1\/3&#8243;][vc_single_image image=&#8221;14024&#8243; img_size=&#8221;full&#8221;][\/vc_column_inner][\/vc_row_inner][\/vc_column][\/vc_row][vc_row css=&#8221;.vc_custom_1575454190655{margin-top: 40px !important;margin-bottom: 0px !important;}&#8221;][vc_column width=&#8221;1\/6&#8243;][\/vc_column][vc_column width=&#8221;2\/3&#8243;][vc_column_text]<\/p>\n<div class=\"brick_cust_subtitle\">Para un servicio a medida y recibir m\u00e1s informaci\u00f3n sobre nuestros precios, cantidades m\u00ednimas y condiciones, cont\u00e1ctenos en esta direcci\u00f3n: <a href=\"mailto:sur-mesure@mon-cintre.com\"><span style=\"color: #993366;\">sur-mesure@mon-cintre.com<\/span><\/a><\/div>\n<p>[\/vc_column_text][\/vc_column][vc_column width=&#8221;1\/6&#8243;][\/vc_column][\/vc_row]<\/p>\n<\/div>","protected":false},"excerpt":{"rendered":"<p>[vc_row css=&#8221;.vc_custom_1573574361109{margin-top: 150px !important;margin-bottom: 0px !important;}&#8221;][vc_column width=&#8221;1\/6&#8243;][\/vc_column][vc_column width=&#8221;2\/3&#8243;][vc_column_text css=&#8221;&#8221;] SUS PERCHAS A MEDIDA &nbsp; \u00bfEs usted un profesional que busca perchas personalizadas para su marca, hotel o cualquier otro proyecto? Cont\u00e1ctenos para obtener m\u00e1s informaci\u00f3n sobre nuestros precios, cantidades m\u00ednimas&#8230;<\/p>\n","protected":false},"author":1,"featured_media":0,"parent":0,"menu_order":0,"comment_status":"closed","ping_status":"closed","template":"template-visual-composer.php","meta":{"inline_featured_image":false,"footnotes":""},"class_list":["post-2149","page","type-page","status-publish","hentry"],"yoast_head":"<!-- This site is optimized with the Yoast SEO plugin v27.3 - https:\/\/yoast.com\/product\/yoast-seo-wordpress\/ -->\n<title>Percha de lujo a medida | Mon Cintre<\/title>\n<meta name=\"description\" content=\"Perchas hechas a medida para particulares o profesionales. Perchas de cuero, perchas de madera, accesorios de vestidor...\" \/>\n<meta name=\"robots\" content=\"index, follow, max-snippet:-1, max-image-preview:large, max-video-preview:-1\" \/>\n<link rel=\"canonical\" href=\"https:\/\/www.mon-cintre.com\/es\/perchas-a-medida\/\" \/>\n<meta property=\"og:locale\" content=\"es_ES\" \/>\n<meta property=\"og:type\" content=\"article\" \/>\n<meta property=\"og:title\" content=\"Percha de lujo a medida | Mon Cintre\" \/>\n<meta property=\"og:description\" content=\"Perchas hechas a medida para particulares o profesionales. Perchas de cuero, perchas de madera, accesorios de vestidor...\" \/>\n<meta property=\"og:url\" content=\"https:\/\/www.mon-cintre.com\/es\/perchas-a-medida\/\" \/>\n<meta property=\"og:site_name\" content=\"MonCintre.com\" \/>\n<meta property=\"article:modified_time\" content=\"2026-02-16T14:45:32+00:00\" \/>\n<meta name=\"twitter:card\" content=\"summary_large_image\" \/>\n<meta name=\"twitter:label1\" content=\"Tiempo de lectura\" \/>\n\t<meta name=\"twitter:data1\" content=\"4 minutos\" \/>\n<script type=\"application\/ld+json\" class=\"yoast-schema-graph\">{\"@context\":\"https:\\\/\\\/schema.org\",\"@graph\":[{\"@type\":\"WebPage\",\"@id\":\"https:\\\/\\\/www.mon-cintre.com\\\/es\\\/perchas-a-medida\\\/\",\"url\":\"https:\\\/\\\/www.mon-cintre.com\\\/es\\\/perchas-a-medida\\\/\",\"name\":\"Percha de lujo a medida | Mon Cintre\",\"isPartOf\":{\"@id\":\"https:\\\/\\\/www.mon-cintre.com\\\/es\\\/#website\"},\"datePublished\":\"2019-01-28T08:19:12+00:00\",\"dateModified\":\"2026-02-16T14:45:32+00:00\",\"description\":\"Perchas hechas a medida para particulares o profesionales. Perchas de cuero, perchas de madera, accesorios de vestidor...\",\"breadcrumb\":{\"@id\":\"https:\\\/\\\/www.mon-cintre.com\\\/es\\\/perchas-a-medida\\\/#breadcrumb\"},\"inLanguage\":\"es\",\"potentialAction\":[{\"@type\":\"ReadAction\",\"target\":[\"https:\\\/\\\/www.mon-cintre.com\\\/es\\\/perchas-a-medida\\\/\"]}]},{\"@type\":\"BreadcrumbList\",\"@id\":\"https:\\\/\\\/www.mon-cintre.com\\\/es\\\/perchas-a-medida\\\/#breadcrumb\",\"itemListElement\":[{\"@type\":\"ListItem\",\"position\":1,\"name\":\"Accueil\",\"item\":\"https:\\\/\\\/www.mon-cintre.com\\\/es\\\/\"},{\"@type\":\"ListItem\",\"position\":2,\"name\":\"PERCHAS A MEDIDA\"}]},{\"@type\":\"WebSite\",\"@id\":\"https:\\\/\\\/www.mon-cintre.com\\\/es\\\/#website\",\"url\":\"https:\\\/\\\/www.mon-cintre.com\\\/es\\\/\",\"name\":\"MonCintre.com\",\"description\":\"Cintres et accessoires dressing\",\"publisher\":{\"@id\":\"https:\\\/\\\/www.mon-cintre.com\\\/es\\\/#organization\"},\"potentialAction\":[{\"@type\":\"SearchAction\",\"target\":{\"@type\":\"EntryPoint\",\"urlTemplate\":\"https:\\\/\\\/www.mon-cintre.com\\\/es\\\/?s={search_term_string}\"},\"query-input\":{\"@type\":\"PropertyValueSpecification\",\"valueRequired\":true,\"valueName\":\"search_term_string\"}}],\"inLanguage\":\"es\"},{\"@type\":\"Organization\",\"@id\":\"https:\\\/\\\/www.mon-cintre.com\\\/es\\\/#organization\",\"name\":\"MonCintre.com\",\"url\":\"https:\\\/\\\/www.mon-cintre.com\\\/es\\\/\",\"logo\":{\"@type\":\"ImageObject\",\"inLanguage\":\"es\",\"@id\":\"https:\\\/\\\/www.mon-cintre.com\\\/es\\\/#\\\/schema\\\/logo\\\/image\\\/\",\"url\":\"https:\\\/\\\/www.mon-cintre.com\\\/wp-content\\\/uploads\\\/2022\\\/12\\\/logo-blanc.png\",\"contentUrl\":\"https:\\\/\\\/www.mon-cintre.com\\\/wp-content\\\/uploads\\\/2022\\\/12\\\/logo-blanc.png\",\"width\":345,\"height\":205,\"caption\":\"MonCintre.com\"},\"image\":{\"@id\":\"https:\\\/\\\/www.mon-cintre.com\\\/es\\\/#\\\/schema\\\/logo\\\/image\\\/\"}}]}<\/script>\n<!-- \/ Yoast SEO plugin. -->","yoast_head_json":{"title":"Percha de lujo a medida | Mon Cintre","description":"Perchas hechas a medida para particulares o profesionales. Perchas de cuero, perchas de madera, accesorios de vestidor...","robots":{"index":"index","follow":"follow","max-snippet":"max-snippet:-1","max-image-preview":"max-image-preview:large","max-video-preview":"max-video-preview:-1"},"canonical":"https:\/\/www.mon-cintre.com\/es\/perchas-a-medida\/","og_locale":"es_ES","og_type":"article","og_title":"Percha de lujo a medida | Mon Cintre","og_description":"Perchas hechas a medida para particulares o profesionales. Perchas de cuero, perchas de madera, accesorios de vestidor...","og_url":"https:\/\/www.mon-cintre.com\/es\/perchas-a-medida\/","og_site_name":"MonCintre.com","article_modified_time":"2026-02-16T14:45:32+00:00","twitter_card":"summary_large_image","twitter_misc":{"Tiempo de lectura":"4 minutos"},"schema":{"@context":"https:\/\/schema.org","@graph":[{"@type":"WebPage","@id":"https:\/\/www.mon-cintre.com\/es\/perchas-a-medida\/","url":"https:\/\/www.mon-cintre.com\/es\/perchas-a-medida\/","name":"Percha de lujo a medida | Mon Cintre","isPartOf":{"@id":"https:\/\/www.mon-cintre.com\/es\/#website"},"datePublished":"2019-01-28T08:19:12+00:00","dateModified":"2026-02-16T14:45:32+00:00","description":"Perchas hechas a medida para particulares o profesionales. Perchas de cuero, perchas de madera, accesorios de vestidor...","breadcrumb":{"@id":"https:\/\/www.mon-cintre.com\/es\/perchas-a-medida\/#breadcrumb"},"inLanguage":"es","potentialAction":[{"@type":"ReadAction","target":["https:\/\/www.mon-cintre.com\/es\/perchas-a-medida\/"]}]},{"@type":"BreadcrumbList","@id":"https:\/\/www.mon-cintre.com\/es\/perchas-a-medida\/#breadcrumb","itemListElement":[{"@type":"ListItem","position":1,"name":"Accueil","item":"https:\/\/www.mon-cintre.com\/es\/"},{"@type":"ListItem","position":2,"name":"PERCHAS A MEDIDA"}]},{"@type":"WebSite","@id":"https:\/\/www.mon-cintre.com\/es\/#website","url":"https:\/\/www.mon-cintre.com\/es\/","name":"MonCintre.com","description":"Cintres et accessoires dressing","publisher":{"@id":"https:\/\/www.mon-cintre.com\/es\/#organization"},"potentialAction":[{"@type":"SearchAction","target":{"@type":"EntryPoint","urlTemplate":"https:\/\/www.mon-cintre.com\/es\/?s={search_term_string}"},"query-input":{"@type":"PropertyValueSpecification","valueRequired":true,"valueName":"search_term_string"}}],"inLanguage":"es"},{"@type":"Organization","@id":"https:\/\/www.mon-cintre.com\/es\/#organization","name":"MonCintre.com","url":"https:\/\/www.mon-cintre.com\/es\/","logo":{"@type":"ImageObject","inLanguage":"es","@id":"https:\/\/www.mon-cintre.com\/es\/#\/schema\/logo\/image\/","url":"https:\/\/www.mon-cintre.com\/wp-content\/uploads\/2022\/12\/logo-blanc.png","contentUrl":"https:\/\/www.mon-cintre.com\/wp-content\/uploads\/2022\/12\/logo-blanc.png","width":345,"height":205,"caption":"MonCintre.com"},"image":{"@id":"https:\/\/www.mon-cintre.com\/es\/#\/schema\/logo\/image\/"}}]}},"_links":{"self":[{"href":"https:\/\/www.mon-cintre.com\/es\/wp-json\/wp\/v2\/pages\/2149","targetHints":{"allow":["GET"]}}],"collection":[{"href":"https:\/\/www.mon-cintre.com\/es\/wp-json\/wp\/v2\/pages"}],"about":[{"href":"https:\/\/www.mon-cintre.com\/es\/wp-json\/wp\/v2\/types\/page"}],"author":[{"embeddable":true,"href":"https:\/\/www.mon-cintre.com\/es\/wp-json\/wp\/v2\/users\/1"}],"replies":[{"embeddable":true,"href":"https:\/\/www.mon-cintre.com\/es\/wp-json\/wp\/v2\/comments?post=2149"}],"version-history":[{"count":26,"href":"https:\/\/www.mon-cintre.com\/es\/wp-json\/wp\/v2\/pages\/2149\/revisions"}],"predecessor-version":[{"id":33911,"href":"https:\/\/www.mon-cintre.com\/es\/wp-json\/wp\/v2\/pages\/2149\/revisions\/33911"}],"wp:attachment":[{"href":"https:\/\/www.mon-cintre.com\/es\/wp-json\/wp\/v2\/media?parent=2149"}],"curies":[{"name":"wp","href":"https:\/\/api.w.org\/{rel}","templated":true}]}}