

{"id":215,"date":"2018-07-25T15:19:36","date_gmt":"2018-07-25T13:19:36","guid":{"rendered":"https:\/\/www.mon-cintre.com\/contacto\/"},"modified":"2026-03-02T16:58:58","modified_gmt":"2026-03-02T15:58:58","slug":"contacto","status":"publish","type":"page","link":"https:\/\/www.mon-cintre.com\/es\/contacto\/","title":{"rendered":"Contacto"},"content":{"rendered":"<div class=\"wpb-content-wrapper\"><p>[vc_row content_placement=&#8221;middle&#8221; at_swp_row_boxed_width=&#8221;force_boxed&#8221;][vc_column][vc_column_text css=&#8221;.vc_custom_1772467136329{padding-right: 20px !important;padding-left: 20px !important;}&#8221;]<\/p>\n<h4 style=\"text-align: center;\">Puede contactarnos por tel\u00e9fono, Whatsapp, escr\u00edbanos a trav\u00e9s del formulario a continuaci\u00f3n o directamente por correo electr\u00f3nico a <span style=\"text-decoration: underline;\"><a href=\"mailto:info@mon-cintre.com\">info@mon-cintre.com<\/a><\/span>.<\/h4>\n<p style=\"text-align: center;\"><img loading=\"lazy\" decoding=\"async\" src=\"https:\/\/www.mon-cintre.com\/wp-content\/uploads\/2026\/03\/calling-icon.svg\" width=\"20\" height=\"20\" \/> \u00a0<img loading=\"lazy\" decoding=\"async\" src=\"https:\/\/www.mon-cintre.com\/wp-content\/uploads\/2026\/03\/whatsapp-svgrepo-com.svg\" width=\"20\" height=\"20\" \/> Te contestamos en <img loading=\"lazy\" decoding=\"async\" src=\"https:\/\/www.mon-cintre.com\/wp-content\/uploads\/2026\/03\/fr.svg\" width=\"20\" height=\"15\" \/>\u00a0<img loading=\"lazy\" decoding=\"async\" src=\"https:\/\/www.mon-cintre.com\/wp-content\/uploads\/2026\/03\/gb.svg\" width=\"20\" height=\"15\" \/> <img loading=\"lazy\" decoding=\"async\" src=\"https:\/\/www.mon-cintre.com\/wp-content\/uploads\/2026\/03\/es.svg\" width=\"20\" height=\"15\" \/>\u00a0:+34 675 698 344 (de 9 a 17 horas, d\u00edas laborables en Espa\u00f1a)<\/p>\n<h4 style=\"text-align: center;\">MON CINTRE <span class=\"HwtZe\" lang=\"es\"><span class=\"jCAhz ChMk0b\"><span class=\"ryNqvb\">es una marca registrada distribuida por<\/span><\/span><\/span> Mi tienda de perchas SL, ubicada en Valencia (Espa\u00f1a)<\/h4>\n<p>[\/vc_column_text][vc_column_text css=&#8221;.vc_custom_1639659571516{padding-right: 10% !important;padding-left: 10% !important;}&#8221;]<\/p>\n<p style=\"text-align: center;\"><div class=\"wpforms-container wpforms-container-full\" id=\"wpforms-2838\"><form id=\"wpforms-form-2838\" class=\"wpforms-validate wpforms-form\" data-formid=\"2838\" method=\"post\" enctype=\"multipart\/form-data\" action=\"\/es\/wp-json\/wp\/v2\/pages\/215\" data-token=\"4410a87d4a4fcf90ec80ceedba136630\" data-token-time=\"1778174596\"><noscript class=\"wpforms-error-noscript\">Por favor, activa JavaScript en tu navegador para completar este formulario.<\/noscript><div class=\"wpforms-field-container\"><div id=\"wpforms-2838-field_0-container\" class=\"wpforms-field wpforms-field-name\" data-field-id=\"0\"><label class=\"wpforms-field-label\" for=\"wpforms-2838-field_0\">Nombre y Apellidos <span class=\"wpforms-required-label\">*<\/span><\/label><div class=\"wpforms-field-row wpforms-field-medium\"><div class=\"wpforms-field-row-block wpforms-first wpforms-one-half\"><input type=\"text\" id=\"wpforms-2838-field_0\" class=\"wpforms-field-name-first wpforms-field-required\" name=\"wpforms[fields][0][first]\" placeholder=\"Nombre\" required><label for=\"wpforms-2838-field_0\" class=\"wpforms-field-sublabel after wpforms-sublabel-hide\">Nombre<\/label><\/div><div class=\"wpforms-field-row-block wpforms-one-half\"><input type=\"text\" id=\"wpforms-2838-field_0-last\" class=\"wpforms-field-name-last wpforms-field-required\" name=\"wpforms[fields][0][last]\" placeholder=\"Apellidos\" required><label for=\"wpforms-2838-field_0-last\" class=\"wpforms-field-sublabel after wpforms-sublabel-hide\">Apellidos<\/label><\/div><\/div><\/div><div id=\"wpforms-2838-field_1-container\" class=\"wpforms-field wpforms-field-email\" data-field-id=\"1\"><label class=\"wpforms-field-label\" for=\"wpforms-2838-field_1\">Correo electr\u00f3nico <span class=\"wpforms-required-label\">*<\/span><\/label><input type=\"email\" id=\"wpforms-2838-field_1\" class=\"wpforms-field-medium wpforms-field-required\" name=\"wpforms[fields][1]\" spellcheck=\"false\" required><\/div><div id=\"wpforms-2838-field_2-container\" class=\"wpforms-field wpforms-field-textarea\" data-field-id=\"2\"><label class=\"wpforms-field-label\" for=\"wpforms-2838-field_2\">Su mensaje <span class=\"wpforms-required-label\">*<\/span><\/label><textarea id=\"wpforms-2838-field_2\" class=\"wpforms-field-medium wpforms-field-required\" name=\"wpforms[fields][2]\" required><\/textarea><\/div><div id=\"wpforms-2838-field_3-container\" class=\"wpforms-field wpforms-field-checkbox\" data-field-id=\"3\"><label class=\"wpforms-field-label wpforms-label-hide\">Cases \u00e0 cocher <span class=\"wpforms-required-label\">*<\/span><\/label><ul id=\"wpforms-2838-field_3\" class=\"wpforms-field-required\"><li class=\"choice-1 depth-1\"><input type=\"checkbox\" id=\"wpforms-2838-field_3_1\" name=\"wpforms[fields][3][]\" value=\"Consiento el uso de mis datos personales en el contexto de una comunicaci\u00f3n por correo electr\u00f3nico.\" required ><label class=\"wpforms-field-label-inline\" for=\"wpforms-2838-field_3_1\">Consiento el uso de mis datos personales en el contexto de una comunicaci\u00f3n por correo electr\u00f3nico.<\/label><\/li><\/ul><\/div><\/div><!-- .wpforms-field-container --><div class=\"wpforms-field wpforms-field-hp\"><label for=\"wpforms-2838-field-hp\" class=\"wpforms-field-label\">Name<\/label><input type=\"text\" name=\"wpforms[hp]\" id=\"wpforms-2838-field-hp\" class=\"wpforms-field-medium\"><\/div><div class=\"wpforms-recaptcha-container wpforms-is-recaptcha wpforms-is-recaptcha-type-v2\" ><div class=\"g-recaptcha\" data-sitekey=\"6LfbJLUUAAAAAND9FLWRvUV_LnFkjPRRdOGFg0Tv\"><\/div><input type=\"text\" name=\"g-recaptcha-hidden\" class=\"wpforms-recaptcha-hidden\" style=\"position:absolute!important;clip:rect(0,0,0,0)!important;height:1px!important;width:1px!important;border:0!important;overflow:hidden!important;padding:0!important;margin:0!important;\" data-rule-recaptcha=\"1\"><\/div><div class=\"wpforms-submit-container\" ><input type=\"hidden\" name=\"wpforms[id]\" value=\"2838\"><input type=\"hidden\" name=\"page_title\" value=\"\"><input type=\"hidden\" name=\"page_url\" value=\"https:\/\/www.mon-cintre.com\/es\/wp-json\/wp\/v2\/pages\/215\"><input type=\"hidden\" name=\"url_referer\" value=\"\"><button type=\"submit\" name=\"wpforms[submit]\" id=\"wpforms-submit-2838\" class=\"wpforms-submit\" data-alt-text=\"Enviando...\" data-submit-text=\"Enviar\" aria-live=\"assertive\" value=\"wpforms-submit\">Enviar<\/button><\/div><\/form><\/div>  <!-- .wpforms-container --><\/p>\n<p>[\/vc_column_text][vc_empty_space height=&#8221;60px&#8221;][\/vc_column][\/vc_row][vc_row][vc_column][\/vc_column][\/vc_row]<\/p>\n<\/div>","protected":false},"excerpt":{"rendered":"<p>[vc_row content_placement=&#8221;middle&#8221; at_swp_row_boxed_width=&#8221;force_boxed&#8221;][vc_column][vc_column_text css=&#8221;.vc_custom_1772467136329{padding-right: 20px !important;padding-left: 20px !important;}&#8221;] Puede contactarnos por tel\u00e9fono, Whatsapp, escr\u00edbanos a trav\u00e9s del formulario a continuaci\u00f3n o directamente por correo electr\u00f3nico a info@mon-cintre.com. \u00a0 Te contestamos en \u00a0 \u00a0:+34 675 698 344 (de 9 a 17&#8230;<\/p>\n","protected":false},"author":1,"featured_media":0,"parent":0,"menu_order":0,"comment_status":"closed","ping_status":"closed","template":"template-visual-composer-header.php","meta":{"inline_featured_image":false,"footnotes":""},"class_list":["post-215","page","type-page","status-publish","hentry"],"yoast_head":"<!-- This site is optimized with the Yoast SEO plugin v27.5 - https:\/\/yoast.com\/product\/yoast-seo-wordpress\/ -->\n<title>Contacto - MonCintre.com<\/title>\n<meta name=\"robots\" content=\"index, follow, max-snippet:-1, max-image-preview:large, max-video-preview:-1\" \/>\n<link rel=\"canonical\" href=\"https:\/\/www.mon-cintre.com\/es\/contacto\/\" \/>\n<meta property=\"og:locale\" content=\"es_ES\" \/>\n<meta property=\"og:type\" content=\"article\" \/>\n<meta property=\"og:title\" content=\"Contacto - MonCintre.com\" \/>\n<meta property=\"og:description\" content=\"[vc_row content_placement=&#8221;middle&#8221; at_swp_row_boxed_width=&#8221;force_boxed&#8221;][vc_column][vc_column_text css=&#8221;.vc_custom_1772467136329{padding-right: 20px !important;padding-left: 20px !important;}&#8221;] Puede contactarnos por tel\u00e9fono, Whatsapp, escr\u00edbanos a trav\u00e9s del formulario a continuaci\u00f3n o directamente por correo electr\u00f3nico a info@mon-cintre.com. \u00a0 Te contestamos en \u00a0 \u00a0:+34 675 698 344 (de 9 a 17...\" \/>\n<meta property=\"og:url\" content=\"https:\/\/www.mon-cintre.com\/es\/contacto\/\" \/>\n<meta property=\"og:site_name\" content=\"MonCintre.com\" \/>\n<meta property=\"article:modified_time\" content=\"2026-03-02T15:58:58+00:00\" \/>\n<meta property=\"og:image\" content=\"https:\/\/www.mon-cintre.com\/wp-content\/uploads\/2026\/03\/calling-icon.svg\" \/>\n<meta name=\"twitter:card\" content=\"summary_large_image\" \/>\n<meta name=\"twitter:label1\" content=\"Tiempo de lectura\" \/>\n\t<meta name=\"twitter:data1\" content=\"2 minutos\" \/>\n<script type=\"application\/ld+json\" class=\"yoast-schema-graph\">{\"@context\":\"https:\\\/\\\/schema.org\",\"@graph\":[{\"@type\":\"WebPage\",\"@id\":\"https:\\\/\\\/www.mon-cintre.com\\\/es\\\/contacto\\\/\",\"url\":\"https:\\\/\\\/www.mon-cintre.com\\\/es\\\/contacto\\\/\",\"name\":\"Contacto - MonCintre.com\",\"isPartOf\":{\"@id\":\"https:\\\/\\\/www.mon-cintre.com\\\/es\\\/#website\"},\"primaryImageOfPage\":{\"@id\":\"https:\\\/\\\/www.mon-cintre.com\\\/es\\\/contacto\\\/#primaryimage\"},\"image\":{\"@id\":\"https:\\\/\\\/www.mon-cintre.com\\\/es\\\/contacto\\\/#primaryimage\"},\"thumbnailUrl\":\"https:\\\/\\\/www.mon-cintre.com\\\/wp-content\\\/uploads\\\/2026\\\/03\\\/calling-icon.svg\",\"datePublished\":\"2018-07-25T13:19:36+00:00\",\"dateModified\":\"2026-03-02T15:58:58+00:00\",\"breadcrumb\":{\"@id\":\"https:\\\/\\\/www.mon-cintre.com\\\/es\\\/contacto\\\/#breadcrumb\"},\"inLanguage\":\"es\",\"potentialAction\":[{\"@type\":\"ReadAction\",\"target\":[\"https:\\\/\\\/www.mon-cintre.com\\\/es\\\/contacto\\\/\"]}]},{\"@type\":\"ImageObject\",\"inLanguage\":\"es\",\"@id\":\"https:\\\/\\\/www.mon-cintre.com\\\/es\\\/contacto\\\/#primaryimage\",\"url\":\"https:\\\/\\\/www.mon-cintre.com\\\/wp-content\\\/uploads\\\/2026\\\/03\\\/calling-icon.svg\",\"contentUrl\":\"https:\\\/\\\/www.mon-cintre.com\\\/wp-content\\\/uploads\\\/2026\\\/03\\\/calling-icon.svg\"},{\"@type\":\"BreadcrumbList\",\"@id\":\"https:\\\/\\\/www.mon-cintre.com\\\/es\\\/contacto\\\/#breadcrumb\",\"itemListElement\":[{\"@type\":\"ListItem\",\"position\":1,\"name\":\"Accueil\",\"item\":\"https:\\\/\\\/www.mon-cintre.com\\\/es\\\/\"},{\"@type\":\"ListItem\",\"position\":2,\"name\":\"Contacto\"}]},{\"@type\":\"WebSite\",\"@id\":\"https:\\\/\\\/www.mon-cintre.com\\\/es\\\/#website\",\"url\":\"https:\\\/\\\/www.mon-cintre.com\\\/es\\\/\",\"name\":\"MonCintre.com\",\"description\":\"Cintres et accessoires dressing\",\"publisher\":{\"@id\":\"https:\\\/\\\/www.mon-cintre.com\\\/es\\\/#organization\"},\"potentialAction\":[{\"@type\":\"SearchAction\",\"target\":{\"@type\":\"EntryPoint\",\"urlTemplate\":\"https:\\\/\\\/www.mon-cintre.com\\\/es\\\/?s={search_term_string}\"},\"query-input\":{\"@type\":\"PropertyValueSpecification\",\"valueRequired\":true,\"valueName\":\"search_term_string\"}}],\"inLanguage\":\"es\"},{\"@type\":\"Organization\",\"@id\":\"https:\\\/\\\/www.mon-cintre.com\\\/es\\\/#organization\",\"name\":\"MonCintre.com\",\"url\":\"https:\\\/\\\/www.mon-cintre.com\\\/es\\\/\",\"logo\":{\"@type\":\"ImageObject\",\"inLanguage\":\"es\",\"@id\":\"https:\\\/\\\/www.mon-cintre.com\\\/es\\\/#\\\/schema\\\/logo\\\/image\\\/\",\"url\":\"https:\\\/\\\/www.mon-cintre.com\\\/wp-content\\\/uploads\\\/2022\\\/12\\\/logo-blanc.png\",\"contentUrl\":\"https:\\\/\\\/www.mon-cintre.com\\\/wp-content\\\/uploads\\\/2022\\\/12\\\/logo-blanc.png\",\"width\":345,\"height\":205,\"caption\":\"MonCintre.com\"},\"image\":{\"@id\":\"https:\\\/\\\/www.mon-cintre.com\\\/es\\\/#\\\/schema\\\/logo\\\/image\\\/\"}}]}<\/script>\n<!-- \/ Yoast SEO plugin. -->","yoast_head_json":{"title":"Contacto - MonCintre.com","robots":{"index":"index","follow":"follow","max-snippet":"max-snippet:-1","max-image-preview":"max-image-preview:large","max-video-preview":"max-video-preview:-1"},"canonical":"https:\/\/www.mon-cintre.com\/es\/contacto\/","og_locale":"es_ES","og_type":"article","og_title":"Contacto - MonCintre.com","og_description":"[vc_row content_placement=&#8221;middle&#8221; at_swp_row_boxed_width=&#8221;force_boxed&#8221;][vc_column][vc_column_text css=&#8221;.vc_custom_1772467136329{padding-right: 20px !important;padding-left: 20px !important;}&#8221;] Puede contactarnos por tel\u00e9fono, Whatsapp, escr\u00edbanos a trav\u00e9s del formulario a continuaci\u00f3n o directamente por correo electr\u00f3nico a info@mon-cintre.com. \u00a0 Te contestamos en \u00a0 \u00a0:+34 675 698 344 (de 9 a 17...","og_url":"https:\/\/www.mon-cintre.com\/es\/contacto\/","og_site_name":"MonCintre.com","article_modified_time":"2026-03-02T15:58:58+00:00","og_image":[{"url":"https:\/\/www.mon-cintre.com\/wp-content\/uploads\/2026\/03\/calling-icon.svg","type":"","width":"","height":""}],"twitter_card":"summary_large_image","twitter_misc":{"Tiempo de lectura":"2 minutos"},"schema":{"@context":"https:\/\/schema.org","@graph":[{"@type":"WebPage","@id":"https:\/\/www.mon-cintre.com\/es\/contacto\/","url":"https:\/\/www.mon-cintre.com\/es\/contacto\/","name":"Contacto - MonCintre.com","isPartOf":{"@id":"https:\/\/www.mon-cintre.com\/es\/#website"},"primaryImageOfPage":{"@id":"https:\/\/www.mon-cintre.com\/es\/contacto\/#primaryimage"},"image":{"@id":"https:\/\/www.mon-cintre.com\/es\/contacto\/#primaryimage"},"thumbnailUrl":"https:\/\/www.mon-cintre.com\/wp-content\/uploads\/2026\/03\/calling-icon.svg","datePublished":"2018-07-25T13:19:36+00:00","dateModified":"2026-03-02T15:58:58+00:00","breadcrumb":{"@id":"https:\/\/www.mon-cintre.com\/es\/contacto\/#breadcrumb"},"inLanguage":"es","potentialAction":[{"@type":"ReadAction","target":["https:\/\/www.mon-cintre.com\/es\/contacto\/"]}]},{"@type":"ImageObject","inLanguage":"es","@id":"https:\/\/www.mon-cintre.com\/es\/contacto\/#primaryimage","url":"https:\/\/www.mon-cintre.com\/wp-content\/uploads\/2026\/03\/calling-icon.svg","contentUrl":"https:\/\/www.mon-cintre.com\/wp-content\/uploads\/2026\/03\/calling-icon.svg"},{"@type":"BreadcrumbList","@id":"https:\/\/www.mon-cintre.com\/es\/contacto\/#breadcrumb","itemListElement":[{"@type":"ListItem","position":1,"name":"Accueil","item":"https:\/\/www.mon-cintre.com\/es\/"},{"@type":"ListItem","position":2,"name":"Contacto"}]},{"@type":"WebSite","@id":"https:\/\/www.mon-cintre.com\/es\/#website","url":"https:\/\/www.mon-cintre.com\/es\/","name":"MonCintre.com","description":"Cintres et accessoires dressing","publisher":{"@id":"https:\/\/www.mon-cintre.com\/es\/#organization"},"potentialAction":[{"@type":"SearchAction","target":{"@type":"EntryPoint","urlTemplate":"https:\/\/www.mon-cintre.com\/es\/?s={search_term_string}"},"query-input":{"@type":"PropertyValueSpecification","valueRequired":true,"valueName":"search_term_string"}}],"inLanguage":"es"},{"@type":"Organization","@id":"https:\/\/www.mon-cintre.com\/es\/#organization","name":"MonCintre.com","url":"https:\/\/www.mon-cintre.com\/es\/","logo":{"@type":"ImageObject","inLanguage":"es","@id":"https:\/\/www.mon-cintre.com\/es\/#\/schema\/logo\/image\/","url":"https:\/\/www.mon-cintre.com\/wp-content\/uploads\/2022\/12\/logo-blanc.png","contentUrl":"https:\/\/www.mon-cintre.com\/wp-content\/uploads\/2022\/12\/logo-blanc.png","width":345,"height":205,"caption":"MonCintre.com"},"image":{"@id":"https:\/\/www.mon-cintre.com\/es\/#\/schema\/logo\/image\/"}}]}},"_links":{"self":[{"href":"https:\/\/www.mon-cintre.com\/es\/wp-json\/wp\/v2\/pages\/215","targetHints":{"allow":["GET"]}}],"collection":[{"href":"https:\/\/www.mon-cintre.com\/es\/wp-json\/wp\/v2\/pages"}],"about":[{"href":"https:\/\/www.mon-cintre.com\/es\/wp-json\/wp\/v2\/types\/page"}],"author":[{"embeddable":true,"href":"https:\/\/www.mon-cintre.com\/es\/wp-json\/wp\/v2\/users\/1"}],"replies":[{"embeddable":true,"href":"https:\/\/www.mon-cintre.com\/es\/wp-json\/wp\/v2\/comments?post=215"}],"version-history":[{"count":22,"href":"https:\/\/www.mon-cintre.com\/es\/wp-json\/wp\/v2\/pages\/215\/revisions"}],"predecessor-version":[{"id":34109,"href":"https:\/\/www.mon-cintre.com\/es\/wp-json\/wp\/v2\/pages\/215\/revisions\/34109"}],"wp:attachment":[{"href":"https:\/\/www.mon-cintre.com\/es\/wp-json\/wp\/v2\/media?parent=215"}],"curies":[{"name":"wp","href":"https:\/\/api.w.org\/{rel}","templated":true}]}}