

{"id":32998,"date":"2025-03-12T17:32:46","date_gmt":"2025-03-12T16:32:46","guid":{"rendered":"https:\/\/www.mon-cintre.com\/coleccion-hogar-y-hosteleria\/"},"modified":"2025-03-18T11:34:43","modified_gmt":"2025-03-18T10:34:43","slug":"coleccion-hogar-y-hosteleria","status":"publish","type":"page","link":"https:\/\/www.mon-cintre.com\/es\/coleccion-hogar-y-hosteleria\/","title":{"rendered":"Colecci\u00f3n Hogar y Hosteler\u00eda"},"content":{"rendered":"<div class=\"wpb-content-wrapper\"><p>[vc_row el_class=&#8221;heading_content_container clearfix lc_swp_full&#8221;][vc_column][vc_column_text css=&#8221;&#8221; el_class=&#8221;heading_area_title&#8221;]<\/p>\n<h1 class=\"heading_area_title \">COLECCI\u00d3N HOGAR Y HOSTELER\u00cdA<\/h1>\n<p>[\/vc_column_text][vc_column_text css=&#8221;.vc_custom_1741785039374{margin-top: -20px !important;}&#8221;]<\/p>\n<h5 style=\"text-align: center;\">Productos disponibles \u00fanicamente bajo pedido y hechos a medida.<br \/>\nPedido m\u00ednimo de 40 piezas o m\u00e1s dependiendo de los productos.<\/h5>\n<p>[\/vc_column_text][\/vc_column][\/vc_row][vc_row][vc_column]\t<div class=\"lookbook_single_container\">\r\n\t\t<div class=\"lookbook_single text_aside clearfix at_swp_js_css\" data-bgimage=\"https:\/\/www.mon-cintre.com\/wp-content\/uploads\/2025\/03\/porte-facture-cuir-clapet.jpg\" data-height=\"100vh\" data-layoutstyle=\"text_aside\">\r\n\t\t\t\r\n\r\n\t\t\t\t\t\t\t\t\t\t<div class=\"look_content_aside show_on_left no_overlap\">\r\n\t\t\t\t<div class=\"look_content_aside_inner\">\r\n\t\t\t\t\t\t\t\t\t\t\t<h2> Portacuentas en Cuero <\/h2>\r\n\t\t\t\t\t\t\t\t\t\t\t\t\t\t\t\t<div class=\"look_desc\">\r\n\t\t\t\t\t\t\tPortacuentas con solapa magn\u00e9tica y compartimento de almacenamiento, piel de lichi italiana o piel italiana lisa, amplia gama de colores, personalizable con su logotipo.<\/p>\n<p>Dimensiones personalizadas <strong>sobre pedido<\/strong><br \/>\nCantidad m\u00ednima de pedido: <strong>100 piezas<\/strong>\t\t\t\t\t\t<\/div>\r\n\t\t\t\t\t\t\t\t\t\t\t\t\t\t\t\t<a href=\"mailto:info@mon-cintre.com\" class=\"look_link text_aside at_link_line_before\">\r\n\t\t\t\t\t\t\tM\u00e1s informaci\u00f3n\t\t\t\t\t\t<\/a>\r\n\t\t\t\t\t\t\t\t\t<\/div>\r\n\t\t\t<\/div>\r\n\t\t\t<div class=\"look_image_aside wpb_lookbook_elt lc_swp_background_image  no_overlap\" data-bgimage=\"https:\/\/www.mon-cintre.com\/wp-content\/uploads\/2025\/03\/porte-facture-cuir-clapet.jpg\">\t<\/div>\t\r\n\t\t\t\r\n\r\n\t\t\t\t\t<\/div>\r\n\t<\/div>\r\n[\/vc_column][\/vc_row][vc_row at_swp_row_boxed_width=&#8221;force_full&#8221; css=&#8221;.vc_custom_1490905096509{margin-top: 60px !important;}&#8221;][vc_column width=&#8221;1\/2&#8243; offset=&#8221;vc_col-md-offset-0 vc_col-sm-offset-0&#8243;]\t<div class=\"lookbook_single_container\">\r\n\t\t<div class=\"lookbook_single text_aside clearfix at_swp_js_css\" data-bgimage=\"https:\/\/www.mon-cintre.com\/wp-content\/uploads\/2025\/03\/sous-verre-cuir2.jpg\" data-height=\"500px\" data-layoutstyle=\"text_aside\">\r\n\t\t\t\r\n\r\n\t\t\t\t\t\t\t\t\t\t<div class=\"look_content_aside over_image show_on_right\">\r\n\t\t\t\t<div class=\"look_content_aside_inner over_image\">\r\n\t\t\t\t\t\t\t\t\t\t\t<h2> Posavasos de Cuero <\/h2>\r\n\t\t\t\t\t\t\t\t\t\t\t\t\t\t\t\t<div class=\"look_desc\">\r\n\t\t\t\t\t\t\t6 posavasos de cuero con soporte de almacenamiento, cuero de lichi italiano, gran selecci\u00f3n de colores, interior de microfibra Alcantara, cantidad m\u00ednima de pedido: 50 piezas, personalizable con su logotipo.\t\t\t\t\t\t<\/div>\r\n\t\t\t\t\t\t\t\t\t\t\t\t\t\t\t\t<a href=\"mailto:info@mon-cintre.com\" class=\"look_link text_aside at_link_line_before\">\r\n\t\t\t\t\t\t\tM\u00e1s informaci\u00f3n\t\t\t\t\t\t<\/a>\r\n\t\t\t\t\t\t\t\t\t<\/div>\r\n\t\t\t<\/div>\r\n\t\t\t<div class=\"look_image_aside wpb_lookbook_elt lc_swp_background_image \" data-bgimage=\"https:\/\/www.mon-cintre.com\/wp-content\/uploads\/2025\/03\/sous-verre-cuir2.jpg\">\t<\/div>\t\r\n\t\t\t\r\n\r\n\t\t\t\t\t<\/div>\r\n\t<\/div>\r\n[\/vc_column][vc_column width=&#8221;1\/2&#8243;]\t<div class=\"lookbook_single_container\">\r\n\t\t<div class=\"lookbook_single text_aside clearfix at_swp_js_css\" data-bgimage=\"https:\/\/www.mon-cintre.com\/wp-content\/uploads\/2025\/03\/boite-mouchoir-cuir.jpg\" data-height=\"500px\" data-layoutstyle=\"text_aside\">\r\n\t\t\t\r\n\r\n\t\t\t\t\t\t\t\t\t\t<div class=\"look_content_aside over_image show_on_right\">\r\n\t\t\t\t<div class=\"look_content_aside_inner over_image\">\r\n\t\t\t\t\t\t\t\t\t\t\t<h2> Caja de Pa\u00f1uelos de Cuero <\/h2>\r\n\t\t\t\t\t\t\t\t\t\t\t\t\t\t\t\t<div class=\"look_desc\">\r\n\t\t\t\t\t\t\tCajas de pa\u00f1uelos rectangulares de piel, dimensiones: 25 x 13,5 x 8 cm, otros tama\u00f1os bajo pedido, piel de lichi italiana, amplia gama de colores, interior de microfibra\/Alcantara, efecto ante, cantidad m\u00ednima de pedido: 50 piezas, personalizables con su logotipo.\t\t\t\t\t\t<\/div>\r\n\t\t\t\t\t\t\t\t\t\t\t\t\t\t\t\t<a href=\"mailto:info@mon-cintre.com\" class=\"look_link text_aside at_link_line_before\">\r\n\t\t\t\t\t\t\tM\u00e1s informaci\u00f3n\t\t\t\t\t\t<\/a>\r\n\t\t\t\t\t\t\t\t\t<\/div>\r\n\t\t\t<\/div>\r\n\t\t\t<div class=\"look_image_aside wpb_lookbook_elt lc_swp_background_image \" data-bgimage=\"https:\/\/www.mon-cintre.com\/wp-content\/uploads\/2025\/03\/boite-mouchoir-cuir.jpg\">\t<\/div>\t\r\n\t\t\t\r\n\r\n\t\t\t\t\t<\/div>\r\n\t<\/div>\r\n[\/vc_column][\/vc_row][vc_row][vc_column css=&#8221;.vc_custom_1741786772763{margin-top: 40px !important;}&#8221;]\t<div class=\"reverse_letter_with_text\">\r\n\t\t<div class=\"rev_rotate_letter\">\r\n\t\t\tA\t\t<\/div>\r\n\t\t<div class=\"reverse_letter_with_text_content\">\r\n\t\t\t<h4> ACCESSOIRES<strong> DE LUXE<\/strong> <\/h4>\r\n\t\t\tNos artisans travaillent avec soin \u00e0 la confection de nos accessoires en cuir pour la maison et l'h\u00f4tellerie.\t\t<\/div>\r\n\t<\/div>\r\n[\/vc_column][\/vc_row][vc_row at_swp_row_boxed_width=&#8221;force_full&#8221; css=&#8221;.vc_custom_1490905096509{margin-top: 60px !important;}&#8221;][vc_column width=&#8221;1\/2&#8243; offset=&#8221;vc_col-md-offset-0 vc_col-sm-offset-0&#8243;]\t<div class=\"lookbook_single_container\">\r\n\t\t<div class=\"lookbook_single text_aside clearfix at_swp_js_css\" data-bgimage=\"https:\/\/www.mon-cintre.com\/wp-content\/uploads\/2025\/03\/pochette-fourre-tout-cuir.jpg\" data-height=\"500px\" data-layoutstyle=\"text_aside\">\r\n\t\t\t\r\n\r\n\t\t\t\t\t\t\t\t\t\t<div class=\"look_content_aside over_image show_on_right\">\r\n\t\t\t\t<div class=\"look_content_aside_inner over_image\">\r\n\t\t\t\t\t\t\t\t\t\t\t<h2> Bolsa de Mano en Cuero <\/h2>\r\n\t\t\t\t\t\t\t\t\t\t\t\t\t\t\t\t<div class=\"look_desc\">\r\n\t\t\t\t\t\t\tBolsa de mano de piel, forrado con tejido de poli\u00e9ster, dimensiones: 23 x 15 cm, piel de lichi italiana o piel lisa italiana, amplia gama de colores, pedido m\u00ednimo: 50 piezas, personalizable con su logotipo.\t\t\t\t\t\t<\/div>\r\n\t\t\t\t\t\t\t\t\t\t\t\t\t\t\t\t<a href=\"mailto:info@mon-cintre.com\" class=\"look_link text_aside at_link_line_before\">\r\n\t\t\t\t\t\t\tM\u00e1s informaci\u00f3n\t\t\t\t\t\t<\/a>\r\n\t\t\t\t\t\t\t\t\t<\/div>\r\n\t\t\t<\/div>\r\n\t\t\t<div class=\"look_image_aside wpb_lookbook_elt lc_swp_background_image \" data-bgimage=\"https:\/\/www.mon-cintre.com\/wp-content\/uploads\/2025\/03\/pochette-fourre-tout-cuir.jpg\">\t<\/div>\t\r\n\t\t\t\r\n\r\n\t\t\t\t\t<\/div>\r\n\t<\/div>\r\n[\/vc_column][vc_column width=&#8221;1\/2&#8243;]\t<div class=\"lookbook_single_container\">\r\n\t\t<div class=\"lookbook_single text_aside clearfix at_swp_js_css\" data-bgimage=\"https:\/\/www.mon-cintre.com\/wp-content\/uploads\/2025\/03\/poubelle-papier-cuir.jpg\" data-height=\"500px\" data-layoutstyle=\"text_aside\">\r\n\t\t\t\r\n\r\n\t\t\t\t\t\t\t\t\t\t<div class=\"look_content_aside over_image show_on_right\">\r\n\t\t\t\t<div class=\"look_content_aside_inner over_image\">\r\n\t\t\t\t\t\t\t\t\t\t\t<h2> Papelera de Cuero <\/h2>\r\n\t\t\t\t\t\t\t\t\t\t\t\t\t\t\t\t<div class=\"look_desc\">\r\n\t\t\t\t\t\t\tPapeleras de piel, di\u00e1metro 25 cm, altura 30 cm, piel lichi italiana o piel italiana lisa, amplia gama de colores, interior en microfibra\/Alcantara, efecto ante, cantidad m\u00ednima de pedido: 40 unidades, personalizables con su logotipo.\t\t\t\t\t\t<\/div>\r\n\t\t\t\t\t\t\t\t\t\t\t\t\t\t\t\t<a href=\"mailto:info@mon-cintre.com\" class=\"look_link text_aside at_link_line_before\">\r\n\t\t\t\t\t\t\tM\u00e1s informaci\u00f3n\t\t\t\t\t\t<\/a>\r\n\t\t\t\t\t\t\t\t\t<\/div>\r\n\t\t\t<\/div>\r\n\t\t\t<div class=\"look_image_aside wpb_lookbook_elt lc_swp_background_image \" data-bgimage=\"https:\/\/www.mon-cintre.com\/wp-content\/uploads\/2025\/03\/poubelle-papier-cuir.jpg\">\t<\/div>\t\r\n\t\t\t\r\n\r\n\t\t\t\t\t<\/div>\r\n\t<\/div>\r\n[\/vc_column][\/vc_row][vc_row][vc_column css=&#8221;.vc_custom_1741786772763{margin-top: 40px !important;}&#8221;]\t<div class=\"reverse_letter_with_text\">\r\n\t\t<div class=\"rev_rotate_letter\">\r\n\t\t\tS\t\t<\/div>\r\n\t\t<div class=\"reverse_letter_with_text_content\">\r\n\t\t\t<h4> SUR <strong> MESURE<\/strong> <\/h4>\r\n\t\t\tChoisissez votre coloris et finition de cuir et apposez votre marque.\t\t<\/div>\r\n\t<\/div>\r\n[\/vc_column][\/vc_row][vc_row at_swp_row_boxed_width=&#8221;force_full&#8221; css=&#8221;.vc_custom_1490905096509{margin-top: 60px !important;}&#8221;][vc_column width=&#8221;1\/2&#8243; offset=&#8221;vc_col-md-offset-0 vc_col-sm-offset-0&#8243;]\t<div class=\"lookbook_single_container\">\r\n\t\t<div class=\"lookbook_single text_aside clearfix at_swp_js_css\" data-bgimage=\"https:\/\/www.mon-cintre.com\/wp-content\/uploads\/2025\/03\/vide-poche-en-cuir.jpg\" data-height=\"500px\" data-layoutstyle=\"text_aside\">\r\n\t\t\t\r\n\r\n\t\t\t\t\t\t\t\t\t\t<div class=\"look_content_aside over_image show_on_right\">\r\n\t\t\t\t<div class=\"look_content_aside_inner over_image\">\r\n\t\t\t\t\t\t\t\t\t\t\t<h2> Vaciabolsillos de Cuero <\/h2>\r\n\t\t\t\t\t\t\t\t\t\t\t\t\t\t\t\t<div class=\"look_desc\">\r\n\t\t\t\t\t\t\tVaciabolsillos cuadrado de piel con broches, dimensiones: 21 x 21 cm, piel de lichi italiana, gran variedad de colores, varias formas y tama\u00f1os disponibles, cantidad m\u00ednima de pedido: 50 piezas, personalizable con su logotipo.\t\t\t\t\t\t<\/div>\r\n\t\t\t\t\t\t\t\t\t\t\t\t\t\t\t\t<a href=\"mailto:info@mon-cintre.com\" class=\"look_link text_aside at_link_line_before\">\r\n\t\t\t\t\t\t\tM\u00e1s informaci\u00f3n\t\t\t\t\t\t<\/a>\r\n\t\t\t\t\t\t\t\t\t<\/div>\r\n\t\t\t<\/div>\r\n\t\t\t<div class=\"look_image_aside wpb_lookbook_elt lc_swp_background_image \" data-bgimage=\"https:\/\/www.mon-cintre.com\/wp-content\/uploads\/2025\/03\/vide-poche-en-cuir.jpg\">\t<\/div>\t\r\n\t\t\t\r\n\r\n\t\t\t\t\t<\/div>\r\n\t<\/div>\r\n[\/vc_column][vc_column width=&#8221;1\/2&#8243;]\t<div class=\"lookbook_single_container\">\r\n\t\t<div class=\"lookbook_single text_aside clearfix at_swp_js_css\" data-bgimage=\"https:\/\/www.mon-cintre.com\/wp-content\/uploads\/2025\/03\/plateau-service-cuir.jpg\" data-height=\"500px\" data-layoutstyle=\"text_aside\">\r\n\t\t\t\r\n\r\n\t\t\t\t\t\t\t\t\t\t<div class=\"look_content_aside over_image show_on_right\">\r\n\t\t\t\t<div class=\"look_content_aside_inner over_image\">\r\n\t\t\t\t\t\t\t\t\t\t\t<h2> Bandeja de cuero <\/h2>\r\n\t\t\t\t\t\t\t\t\t\t\t\t\t\t\t\t<div class=\"look_desc\">\r\n\t\t\t\t\t\t\tBandeja de servicio de piel, parte inferior revestida de microfibra\/Alcantara, efecto ante, dimensiones: 50 x 35 cm, piel de lichi italiana o piel lisa italiana, amplia selecci\u00f3n de colores, pedido m\u00ednimo: 50 unidades, personalizada con su logotipo.\t\t\t\t\t\t<\/div>\r\n\t\t\t\t\t\t\t\t\t\t\t\t\t\t\t\t<a href=\"mailto:info@mon-cintre.com\" class=\"look_link text_aside at_link_line_before\">\r\n\t\t\t\t\t\t\tM\u00e1s informaci\u00f3n\t\t\t\t\t\t<\/a>\r\n\t\t\t\t\t\t\t\t\t<\/div>\r\n\t\t\t<\/div>\r\n\t\t\t<div class=\"look_image_aside wpb_lookbook_elt lc_swp_background_image \" data-bgimage=\"https:\/\/www.mon-cintre.com\/wp-content\/uploads\/2025\/03\/plateau-service-cuir.jpg\">\t<\/div>\t\r\n\t\t\t\r\n\r\n\t\t\t\t\t<\/div>\r\n\t<\/div>\r\n[\/vc_column][\/vc_row][vc_row][vc_column width=&#8221;1\/4&#8243; css=&#8221;.vc_custom_1741790839786{background-color: #FFFFFF4A !important;background-position: center !important;background-repeat: no-repeat !important;background-size: cover !important;border-color: #FFFFFF99 !important;}&#8221;][\/vc_column][vc_column width=&#8221;1\/2&#8243; css=&#8221;.vc_custom_1741793118181{margin-top: 20px !important;margin-bottom: 20px !important;border-top-width: 1px !important;border-right-width: 1px !important;border-bottom-width: 1px !important;border-left-width: 1px !important;padding-top: -10px !important;padding-bottom: -10px !important;background-color: #1C325466 !important;border-left-style: solid !important;border-right-style: solid !important;border-top-style: solid !important;border-bottom-style: solid !important;border-radius: 1px !important;border-color: #000000 !important;}&#8221;][vc_column_text css=&#8221;.vc_custom_1742293420583{border-radius: 1px !important;border-color: #FFFFFF !important;}&#8221;]<\/p>\n<h2 style=\"text-align: center;\">M\u00e1s productos bajo pedido<br \/>Cont\u00e1ctanos para un estudio personalizado de cualquier otro proyecto a medida.<\/h2>\n<p style=\"text-align: center;\"><a href=\"mailto:sur-mesure@mon-cintre.com\">sur-mesure@mon-cintre.com<\/a><\/p>\n<p>[\/vc_column_text][\/vc_column][vc_column width=&#8221;1\/4&#8243;][\/vc_column][\/vc_row]<\/p>\n<\/div>","protected":false},"excerpt":{"rendered":"<p>[vc_row el_class=&#8221;heading_content_container clearfix lc_swp_full&#8221;][vc_column][vc_column_text css=&#8221;&#8221; el_class=&#8221;heading_area_title&#8221;] COLECCI\u00d3N HOGAR Y HOSTELER\u00cdA [\/vc_column_text][vc_column_text css=&#8221;.vc_custom_1741785039374{margin-top: -20px !important;}&#8221;] Productos disponibles \u00fanicamente bajo pedido y hechos a medida. Pedido m\u00ednimo de 40 piezas o m\u00e1s dependiendo de los productos. [\/vc_column_text][\/vc_column][\/vc_row][vc_row][vc_column][\/vc_column][\/vc_row][vc_row at_swp_row_boxed_width=&#8221;force_full&#8221; css=&#8221;.vc_custom_1490905096509{margin-top: 60px !important;}&#8221;][vc_column width=&#8221;1\/2&#8243;&#8230;<\/p>\n","protected":false},"author":1,"featured_media":0,"parent":0,"menu_order":0,"comment_status":"closed","ping_status":"closed","template":"template-visual-composer.php","meta":{"inline_featured_image":false,"footnotes":""},"class_list":["post-32998","page","type-page","status-publish","hentry"],"yoast_head":"<!-- This site is optimized with the Yoast SEO plugin v27.4 - https:\/\/yoast.com\/product\/yoast-seo-wordpress\/ -->\n<title>Productos de piel de lujo para el hogar y la hosteler\u00eda.<\/title>\n<meta name=\"description\" content=\"Colecci\u00f3n a medida de productos de cuero de lujo para el hogar y la hosteler\u00eda. Disponible s\u00f3lo bajo pedido.\" \/>\n<meta name=\"robots\" content=\"index, follow, max-snippet:-1, max-image-preview:large, max-video-preview:-1\" \/>\n<link rel=\"canonical\" href=\"https:\/\/www.mon-cintre.com\/es\/coleccion-hogar-y-hosteleria\/\" \/>\n<meta property=\"og:locale\" content=\"es_ES\" \/>\n<meta property=\"og:type\" content=\"article\" \/>\n<meta property=\"og:title\" content=\"Productos de piel de lujo para el hogar y la hosteler\u00eda.\" \/>\n<meta property=\"og:description\" content=\"Colecci\u00f3n a medida de productos de cuero de lujo para el hogar y la hosteler\u00eda. Disponible s\u00f3lo bajo pedido.\" \/>\n<meta property=\"og:url\" content=\"https:\/\/www.mon-cintre.com\/es\/coleccion-hogar-y-hosteleria\/\" \/>\n<meta property=\"og:site_name\" content=\"MonCintre.com\" \/>\n<meta property=\"article:modified_time\" content=\"2025-03-18T10:34:43+00:00\" \/>\n<meta name=\"twitter:card\" content=\"summary_large_image\" \/>\n<meta name=\"twitter:label1\" content=\"Tiempo de lectura\" \/>\n\t<meta name=\"twitter:data1\" content=\"3 minutos\" \/>\n<script type=\"application\/ld+json\" class=\"yoast-schema-graph\">{\"@context\":\"https:\\\/\\\/schema.org\",\"@graph\":[{\"@type\":\"WebPage\",\"@id\":\"https:\\\/\\\/www.mon-cintre.com\\\/es\\\/coleccion-hogar-y-hosteleria\\\/\",\"url\":\"https:\\\/\\\/www.mon-cintre.com\\\/es\\\/coleccion-hogar-y-hosteleria\\\/\",\"name\":\"Productos de piel de lujo para el hogar y la hosteler\u00eda.\",\"isPartOf\":{\"@id\":\"https:\\\/\\\/www.mon-cintre.com\\\/es\\\/#website\"},\"datePublished\":\"2025-03-12T16:32:46+00:00\",\"dateModified\":\"2025-03-18T10:34:43+00:00\",\"description\":\"Colecci\u00f3n a medida de productos de cuero de lujo para el hogar y la hosteler\u00eda. Disponible s\u00f3lo bajo pedido.\",\"breadcrumb\":{\"@id\":\"https:\\\/\\\/www.mon-cintre.com\\\/es\\\/coleccion-hogar-y-hosteleria\\\/#breadcrumb\"},\"inLanguage\":\"es\",\"potentialAction\":[{\"@type\":\"ReadAction\",\"target\":[\"https:\\\/\\\/www.mon-cintre.com\\\/es\\\/coleccion-hogar-y-hosteleria\\\/\"]}]},{\"@type\":\"BreadcrumbList\",\"@id\":\"https:\\\/\\\/www.mon-cintre.com\\\/es\\\/coleccion-hogar-y-hosteleria\\\/#breadcrumb\",\"itemListElement\":[{\"@type\":\"ListItem\",\"position\":1,\"name\":\"Accueil\",\"item\":\"https:\\\/\\\/www.mon-cintre.com\\\/es\\\/\"},{\"@type\":\"ListItem\",\"position\":2,\"name\":\"Colecci\u00f3n Hogar y Hosteler\u00eda\"}]},{\"@type\":\"WebSite\",\"@id\":\"https:\\\/\\\/www.mon-cintre.com\\\/es\\\/#website\",\"url\":\"https:\\\/\\\/www.mon-cintre.com\\\/es\\\/\",\"name\":\"MonCintre.com\",\"description\":\"Cintres et accessoires dressing\",\"publisher\":{\"@id\":\"https:\\\/\\\/www.mon-cintre.com\\\/es\\\/#organization\"},\"potentialAction\":[{\"@type\":\"SearchAction\",\"target\":{\"@type\":\"EntryPoint\",\"urlTemplate\":\"https:\\\/\\\/www.mon-cintre.com\\\/es\\\/?s={search_term_string}\"},\"query-input\":{\"@type\":\"PropertyValueSpecification\",\"valueRequired\":true,\"valueName\":\"search_term_string\"}}],\"inLanguage\":\"es\"},{\"@type\":\"Organization\",\"@id\":\"https:\\\/\\\/www.mon-cintre.com\\\/es\\\/#organization\",\"name\":\"MonCintre.com\",\"url\":\"https:\\\/\\\/www.mon-cintre.com\\\/es\\\/\",\"logo\":{\"@type\":\"ImageObject\",\"inLanguage\":\"es\",\"@id\":\"https:\\\/\\\/www.mon-cintre.com\\\/es\\\/#\\\/schema\\\/logo\\\/image\\\/\",\"url\":\"https:\\\/\\\/www.mon-cintre.com\\\/wp-content\\\/uploads\\\/2022\\\/12\\\/logo-blanc.png\",\"contentUrl\":\"https:\\\/\\\/www.mon-cintre.com\\\/wp-content\\\/uploads\\\/2022\\\/12\\\/logo-blanc.png\",\"width\":345,\"height\":205,\"caption\":\"MonCintre.com\"},\"image\":{\"@id\":\"https:\\\/\\\/www.mon-cintre.com\\\/es\\\/#\\\/schema\\\/logo\\\/image\\\/\"}}]}<\/script>\n<!-- \/ Yoast SEO plugin. -->","yoast_head_json":{"title":"Productos de piel de lujo para el hogar y la hosteler\u00eda.","description":"Colecci\u00f3n a medida de productos de cuero de lujo para el hogar y la hosteler\u00eda. Disponible s\u00f3lo bajo pedido.","robots":{"index":"index","follow":"follow","max-snippet":"max-snippet:-1","max-image-preview":"max-image-preview:large","max-video-preview":"max-video-preview:-1"},"canonical":"https:\/\/www.mon-cintre.com\/es\/coleccion-hogar-y-hosteleria\/","og_locale":"es_ES","og_type":"article","og_title":"Productos de piel de lujo para el hogar y la hosteler\u00eda.","og_description":"Colecci\u00f3n a medida de productos de cuero de lujo para el hogar y la hosteler\u00eda. Disponible s\u00f3lo bajo pedido.","og_url":"https:\/\/www.mon-cintre.com\/es\/coleccion-hogar-y-hosteleria\/","og_site_name":"MonCintre.com","article_modified_time":"2025-03-18T10:34:43+00:00","twitter_card":"summary_large_image","twitter_misc":{"Tiempo de lectura":"3 minutos"},"schema":{"@context":"https:\/\/schema.org","@graph":[{"@type":"WebPage","@id":"https:\/\/www.mon-cintre.com\/es\/coleccion-hogar-y-hosteleria\/","url":"https:\/\/www.mon-cintre.com\/es\/coleccion-hogar-y-hosteleria\/","name":"Productos de piel de lujo para el hogar y la hosteler\u00eda.","isPartOf":{"@id":"https:\/\/www.mon-cintre.com\/es\/#website"},"datePublished":"2025-03-12T16:32:46+00:00","dateModified":"2025-03-18T10:34:43+00:00","description":"Colecci\u00f3n a medida de productos de cuero de lujo para el hogar y la hosteler\u00eda. Disponible s\u00f3lo bajo pedido.","breadcrumb":{"@id":"https:\/\/www.mon-cintre.com\/es\/coleccion-hogar-y-hosteleria\/#breadcrumb"},"inLanguage":"es","potentialAction":[{"@type":"ReadAction","target":["https:\/\/www.mon-cintre.com\/es\/coleccion-hogar-y-hosteleria\/"]}]},{"@type":"BreadcrumbList","@id":"https:\/\/www.mon-cintre.com\/es\/coleccion-hogar-y-hosteleria\/#breadcrumb","itemListElement":[{"@type":"ListItem","position":1,"name":"Accueil","item":"https:\/\/www.mon-cintre.com\/es\/"},{"@type":"ListItem","position":2,"name":"Colecci\u00f3n Hogar y Hosteler\u00eda"}]},{"@type":"WebSite","@id":"https:\/\/www.mon-cintre.com\/es\/#website","url":"https:\/\/www.mon-cintre.com\/es\/","name":"MonCintre.com","description":"Cintres et accessoires dressing","publisher":{"@id":"https:\/\/www.mon-cintre.com\/es\/#organization"},"potentialAction":[{"@type":"SearchAction","target":{"@type":"EntryPoint","urlTemplate":"https:\/\/www.mon-cintre.com\/es\/?s={search_term_string}"},"query-input":{"@type":"PropertyValueSpecification","valueRequired":true,"valueName":"search_term_string"}}],"inLanguage":"es"},{"@type":"Organization","@id":"https:\/\/www.mon-cintre.com\/es\/#organization","name":"MonCintre.com","url":"https:\/\/www.mon-cintre.com\/es\/","logo":{"@type":"ImageObject","inLanguage":"es","@id":"https:\/\/www.mon-cintre.com\/es\/#\/schema\/logo\/image\/","url":"https:\/\/www.mon-cintre.com\/wp-content\/uploads\/2022\/12\/logo-blanc.png","contentUrl":"https:\/\/www.mon-cintre.com\/wp-content\/uploads\/2022\/12\/logo-blanc.png","width":345,"height":205,"caption":"MonCintre.com"},"image":{"@id":"https:\/\/www.mon-cintre.com\/es\/#\/schema\/logo\/image\/"}}]}},"_links":{"self":[{"href":"https:\/\/www.mon-cintre.com\/es\/wp-json\/wp\/v2\/pages\/32998","targetHints":{"allow":["GET"]}}],"collection":[{"href":"https:\/\/www.mon-cintre.com\/es\/wp-json\/wp\/v2\/pages"}],"about":[{"href":"https:\/\/www.mon-cintre.com\/es\/wp-json\/wp\/v2\/types\/page"}],"author":[{"embeddable":true,"href":"https:\/\/www.mon-cintre.com\/es\/wp-json\/wp\/v2\/users\/1"}],"replies":[{"embeddable":true,"href":"https:\/\/www.mon-cintre.com\/es\/wp-json\/wp\/v2\/comments?post=32998"}],"version-history":[{"count":6,"href":"https:\/\/www.mon-cintre.com\/es\/wp-json\/wp\/v2\/pages\/32998\/revisions"}],"predecessor-version":[{"id":33033,"href":"https:\/\/www.mon-cintre.com\/es\/wp-json\/wp\/v2\/pages\/32998\/revisions\/33033"}],"wp:attachment":[{"href":"https:\/\/www.mon-cintre.com\/es\/wp-json\/wp\/v2\/media?parent=32998"}],"curies":[{"name":"wp","href":"https:\/\/api.w.org\/{rel}","templated":true}]}}