

{"id":904,"date":"2018-10-18T15:56:20","date_gmt":"2018-10-18T13:56:20","guid":{"rendered":"https:\/\/www.mon-cintre.com\/a-proposito-de-mon-cintre-com\/"},"modified":"2023-02-21T10:56:37","modified_gmt":"2023-02-21T09:56:37","slug":"historia-mon-cintre-com","status":"publish","type":"page","link":"https:\/\/www.mon-cintre.com\/es\/historia-mon-cintre-com\/","title":{"rendered":"SOBRE MON CINTRE"},"content":{"rendered":"<div class=\"wpb-content-wrapper\"><p>[vc_row css=&#8221;.vc_custom_1536077642415{padding-right: 10% !important;padding-left: 10% !important;}&#8221;][vc_column width=&#8221;1\/3&#8243;][vc_single_image image=&#8221;1896&#8243; img_size=&#8221;full&#8221; css_animation=&#8221;fadeIn&#8221;][vc_column_text]Karine et St\u00e9phane Goh\u00e9<\/p>\n<p>F<span id=\"result_box\" class=\"short_text\" lang=\"es\" tabindex=\"-1\"><span class=\"\">undadores<\/span><\/span> de Mon Cintre[\/vc_column_text][\/vc_column][vc_column width=&#8221;2\/3&#8243; css=&#8221;.vc_custom_1536077745208{padding-top: 5% !important;padding-bottom: 5% !important;}&#8221;][vc_column_text]Karine y St\u00e9phane GOH\u00c9 son los creadores de la marca registrada Mon Cintre, una aventura familiar que comienza pocos a\u00f1os despu\u00e9s de conocerse.<\/p>\n<p>\u201cSomos marido y mujer en el hogar y profesionales de perchas de boutiques de moda desde 25 a\u00f1os en la oficina. Y recientemente, nuestro hijo Alexandre se uni\u00f3 a nosotros para participar en esta gran aventura.\u201d<\/p>\n<p>Antes de ofrecer perchas para el hogar con su nueva marca Mon Cintre, trabajaron y trabajan de la mano de las principales marcas de alta gama y pr\u00eat-\u00e0-porter de lujo y hoteles de lujo, equipando miles de boutiques y palacios de prestigio de todo el mundo desde los a\u00f1os 90, con perchas cada vez m\u00e1s bonitas, innovadoras y originales.<\/p>\n<p>Hoy comparten sus conocimientos para la decoraci\u00f3n de la casa y, en particular, de los vestidores.<\/p>\n<p>Un sue\u00f1o que ha madurado en sus mentes durante varios a\u00f1os con el deseo de ofrecer a todo el mundo perchas y complementos de calidad profesional, con una est\u00e9tica perfecta y especialmente dise\u00f1ados para el cuidado de la ropa.<\/p>\n<p>La tienda ofrece una selecci\u00f3n de modelos \u00fanicos cuidadosamente estudiados para combinar calidad y est\u00e9tica.<\/p>\n<p>5 colecciones de <span style=\"text-decoration: underline;\"><a href=\"https:\/\/www.mon-cintre.com\/es\/categoria-producto\/perchas\/perchas-madera-fresno\/\">perchas en madera de fresno<\/a><\/span>, un tipo de madera elegido por su hermosa veta disponible en 4 acabados y colores para resaltarlo.<\/p>\n<p>En cada uno de ellos, encuentra un juego de perchas con formas adaptadas a cada elemento del armario y que reflejan el saber hacer adquirido durante muchos a\u00f1os con marcas de lujo. Aporta tu toque personal optando por el grabado de tus iniciales o un logotipo y haz que tu vestidor sea \u00fanico.<\/p>\n<p>Una colecci\u00f3n exclusiva de <span style=\"text-decoration: underline;\"><a href=\"https:\/\/www.mon-cintre.com\/es\/categoria-producto\/para-el-viaje-marroquineria\/\">art\u00edculos de viaje y calzado de alta gama<\/a><\/span>, productos de excelencia elaborados por artesanos del cuero y que solo ofrece la marca Mon Cintre.<\/p>\n<p>Por \u00faltimo, para proyectos excepcionales de vestuarios privados, yates, jets u hoteles palacio, Mon Cintre supera los l\u00edmites ofreciendo <a href=\"https:\/\/www.mon-cintre.com\/es\/perchas-cubiertas\/\"><span style=\"text-decoration: underline;\">perchas de lujo a medida, revestidas en piel o tela<\/span><\/a>, y totalmente enfundadas a mano por artesanos experimentados en este exigente trabajo como los guarnicioneros\/tapiceros y marroquineros especialistas en productos de lujo para garantizar un excelente acabado.[\/vc_column_text][\/vc_column][\/vc_row]<\/p>\n<\/div>","protected":false},"excerpt":{"rendered":"<p>[vc_row css=&#8221;.vc_custom_1536077642415{padding-right: 10% !important;padding-left: 10% !important;}&#8221;][vc_column width=&#8221;1\/3&#8243;][vc_single_image image=&#8221;1896&#8243; img_size=&#8221;full&#8221; css_animation=&#8221;fadeIn&#8221;][vc_column_text]Karine et St\u00e9phane Goh\u00e9 Fundadores de Mon Cintre[\/vc_column_text][\/vc_column][vc_column width=&#8221;2\/3&#8243; css=&#8221;.vc_custom_1536077745208{padding-top: 5% !important;padding-bottom: 5% !important;}&#8221;][vc_column_text]Karine y St\u00e9phane GOH\u00c9 son los creadores de la marca registrada Mon Cintre, una aventura familiar que comienza&#8230;<\/p>\n","protected":false},"author":1,"featured_media":0,"parent":0,"menu_order":0,"comment_status":"closed","ping_status":"closed","template":"template-visual-composer-header.php","meta":{"inline_featured_image":false,"footnotes":""},"class_list":["post-904","page","type-page","status-publish","hentry"],"yoast_head":"<!-- This site is optimized with the Yoast SEO plugin v27.4 - https:\/\/yoast.com\/product\/yoast-seo-wordpress\/ -->\n<title>Historia de Mon Cintre<\/title>\n<meta name=\"description\" content=\"Mon Cintre es una marca que ofrece en su tienda online perchas de madera de alta gama para el vestidor y perchas a medida.\" \/>\n<meta name=\"robots\" content=\"index, follow, max-snippet:-1, max-image-preview:large, max-video-preview:-1\" \/>\n<link rel=\"canonical\" href=\"https:\/\/www.mon-cintre.com\/es\/historia-mon-cintre-com\/\" \/>\n<meta property=\"og:locale\" content=\"es_ES\" \/>\n<meta property=\"og:type\" content=\"article\" \/>\n<meta property=\"og:title\" content=\"Historia de Mon Cintre\" \/>\n<meta property=\"og:description\" content=\"Mon Cintre es una marca que ofrece en su tienda online perchas de madera de alta gama para el vestidor y perchas a medida.\" \/>\n<meta property=\"og:url\" content=\"https:\/\/www.mon-cintre.com\/es\/historia-mon-cintre-com\/\" \/>\n<meta property=\"og:site_name\" content=\"MonCintre.com\" \/>\n<meta property=\"article:modified_time\" content=\"2023-02-21T09:56:37+00:00\" \/>\n<meta name=\"twitter:card\" content=\"summary_large_image\" \/>\n<meta name=\"twitter:label1\" content=\"Tiempo de lectura\" \/>\n\t<meta name=\"twitter:data1\" content=\"2 minutos\" \/>\n<script type=\"application\/ld+json\" class=\"yoast-schema-graph\">{\"@context\":\"https:\\\/\\\/schema.org\",\"@graph\":[{\"@type\":\"WebPage\",\"@id\":\"https:\\\/\\\/www.mon-cintre.com\\\/es\\\/historia-mon-cintre-com\\\/\",\"url\":\"https:\\\/\\\/www.mon-cintre.com\\\/es\\\/historia-mon-cintre-com\\\/\",\"name\":\"Historia de Mon Cintre\",\"isPartOf\":{\"@id\":\"https:\\\/\\\/www.mon-cintre.com\\\/es\\\/#website\"},\"datePublished\":\"2018-10-18T13:56:20+00:00\",\"dateModified\":\"2023-02-21T09:56:37+00:00\",\"description\":\"Mon Cintre es una marca que ofrece en su tienda online perchas de madera de alta gama para el vestidor y perchas a medida.\",\"breadcrumb\":{\"@id\":\"https:\\\/\\\/www.mon-cintre.com\\\/es\\\/historia-mon-cintre-com\\\/#breadcrumb\"},\"inLanguage\":\"es\",\"potentialAction\":[{\"@type\":\"ReadAction\",\"target\":[\"https:\\\/\\\/www.mon-cintre.com\\\/es\\\/historia-mon-cintre-com\\\/\"]}]},{\"@type\":\"BreadcrumbList\",\"@id\":\"https:\\\/\\\/www.mon-cintre.com\\\/es\\\/historia-mon-cintre-com\\\/#breadcrumb\",\"itemListElement\":[{\"@type\":\"ListItem\",\"position\":1,\"name\":\"Accueil\",\"item\":\"https:\\\/\\\/www.mon-cintre.com\\\/es\\\/\"},{\"@type\":\"ListItem\",\"position\":2,\"name\":\"SOBRE MON CINTRE\"}]},{\"@type\":\"WebSite\",\"@id\":\"https:\\\/\\\/www.mon-cintre.com\\\/es\\\/#website\",\"url\":\"https:\\\/\\\/www.mon-cintre.com\\\/es\\\/\",\"name\":\"MonCintre.com\",\"description\":\"Cintres et accessoires dressing\",\"publisher\":{\"@id\":\"https:\\\/\\\/www.mon-cintre.com\\\/es\\\/#organization\"},\"potentialAction\":[{\"@type\":\"SearchAction\",\"target\":{\"@type\":\"EntryPoint\",\"urlTemplate\":\"https:\\\/\\\/www.mon-cintre.com\\\/es\\\/?s={search_term_string}\"},\"query-input\":{\"@type\":\"PropertyValueSpecification\",\"valueRequired\":true,\"valueName\":\"search_term_string\"}}],\"inLanguage\":\"es\"},{\"@type\":\"Organization\",\"@id\":\"https:\\\/\\\/www.mon-cintre.com\\\/es\\\/#organization\",\"name\":\"MonCintre.com\",\"url\":\"https:\\\/\\\/www.mon-cintre.com\\\/es\\\/\",\"logo\":{\"@type\":\"ImageObject\",\"inLanguage\":\"es\",\"@id\":\"https:\\\/\\\/www.mon-cintre.com\\\/es\\\/#\\\/schema\\\/logo\\\/image\\\/\",\"url\":\"https:\\\/\\\/www.mon-cintre.com\\\/wp-content\\\/uploads\\\/2022\\\/12\\\/logo-blanc.png\",\"contentUrl\":\"https:\\\/\\\/www.mon-cintre.com\\\/wp-content\\\/uploads\\\/2022\\\/12\\\/logo-blanc.png\",\"width\":345,\"height\":205,\"caption\":\"MonCintre.com\"},\"image\":{\"@id\":\"https:\\\/\\\/www.mon-cintre.com\\\/es\\\/#\\\/schema\\\/logo\\\/image\\\/\"}}]}<\/script>\n<!-- \/ Yoast SEO plugin. -->","yoast_head_json":{"title":"Historia de Mon Cintre","description":"Mon Cintre es una marca que ofrece en su tienda online perchas de madera de alta gama para el vestidor y perchas a medida.","robots":{"index":"index","follow":"follow","max-snippet":"max-snippet:-1","max-image-preview":"max-image-preview:large","max-video-preview":"max-video-preview:-1"},"canonical":"https:\/\/www.mon-cintre.com\/es\/historia-mon-cintre-com\/","og_locale":"es_ES","og_type":"article","og_title":"Historia de Mon Cintre","og_description":"Mon Cintre es una marca que ofrece en su tienda online perchas de madera de alta gama para el vestidor y perchas a medida.","og_url":"https:\/\/www.mon-cintre.com\/es\/historia-mon-cintre-com\/","og_site_name":"MonCintre.com","article_modified_time":"2023-02-21T09:56:37+00:00","twitter_card":"summary_large_image","twitter_misc":{"Tiempo de lectura":"2 minutos"},"schema":{"@context":"https:\/\/schema.org","@graph":[{"@type":"WebPage","@id":"https:\/\/www.mon-cintre.com\/es\/historia-mon-cintre-com\/","url":"https:\/\/www.mon-cintre.com\/es\/historia-mon-cintre-com\/","name":"Historia de Mon Cintre","isPartOf":{"@id":"https:\/\/www.mon-cintre.com\/es\/#website"},"datePublished":"2018-10-18T13:56:20+00:00","dateModified":"2023-02-21T09:56:37+00:00","description":"Mon Cintre es una marca que ofrece en su tienda online perchas de madera de alta gama para el vestidor y perchas a medida.","breadcrumb":{"@id":"https:\/\/www.mon-cintre.com\/es\/historia-mon-cintre-com\/#breadcrumb"},"inLanguage":"es","potentialAction":[{"@type":"ReadAction","target":["https:\/\/www.mon-cintre.com\/es\/historia-mon-cintre-com\/"]}]},{"@type":"BreadcrumbList","@id":"https:\/\/www.mon-cintre.com\/es\/historia-mon-cintre-com\/#breadcrumb","itemListElement":[{"@type":"ListItem","position":1,"name":"Accueil","item":"https:\/\/www.mon-cintre.com\/es\/"},{"@type":"ListItem","position":2,"name":"SOBRE MON CINTRE"}]},{"@type":"WebSite","@id":"https:\/\/www.mon-cintre.com\/es\/#website","url":"https:\/\/www.mon-cintre.com\/es\/","name":"MonCintre.com","description":"Cintres et accessoires dressing","publisher":{"@id":"https:\/\/www.mon-cintre.com\/es\/#organization"},"potentialAction":[{"@type":"SearchAction","target":{"@type":"EntryPoint","urlTemplate":"https:\/\/www.mon-cintre.com\/es\/?s={search_term_string}"},"query-input":{"@type":"PropertyValueSpecification","valueRequired":true,"valueName":"search_term_string"}}],"inLanguage":"es"},{"@type":"Organization","@id":"https:\/\/www.mon-cintre.com\/es\/#organization","name":"MonCintre.com","url":"https:\/\/www.mon-cintre.com\/es\/","logo":{"@type":"ImageObject","inLanguage":"es","@id":"https:\/\/www.mon-cintre.com\/es\/#\/schema\/logo\/image\/","url":"https:\/\/www.mon-cintre.com\/wp-content\/uploads\/2022\/12\/logo-blanc.png","contentUrl":"https:\/\/www.mon-cintre.com\/wp-content\/uploads\/2022\/12\/logo-blanc.png","width":345,"height":205,"caption":"MonCintre.com"},"image":{"@id":"https:\/\/www.mon-cintre.com\/es\/#\/schema\/logo\/image\/"}}]}},"_links":{"self":[{"href":"https:\/\/www.mon-cintre.com\/es\/wp-json\/wp\/v2\/pages\/904","targetHints":{"allow":["GET"]}}],"collection":[{"href":"https:\/\/www.mon-cintre.com\/es\/wp-json\/wp\/v2\/pages"}],"about":[{"href":"https:\/\/www.mon-cintre.com\/es\/wp-json\/wp\/v2\/types\/page"}],"author":[{"embeddable":true,"href":"https:\/\/www.mon-cintre.com\/es\/wp-json\/wp\/v2\/users\/1"}],"replies":[{"embeddable":true,"href":"https:\/\/www.mon-cintre.com\/es\/wp-json\/wp\/v2\/comments?post=904"}],"version-history":[{"count":7,"href":"https:\/\/www.mon-cintre.com\/es\/wp-json\/wp\/v2\/pages\/904\/revisions"}],"predecessor-version":[{"id":28517,"href":"https:\/\/www.mon-cintre.com\/es\/wp-json\/wp\/v2\/pages\/904\/revisions\/28517"}],"wp:attachment":[{"href":"https:\/\/www.mon-cintre.com\/es\/wp-json\/wp\/v2\/media?parent=904"}],"curies":[{"name":"wp","href":"https:\/\/api.w.org\/{rel}","templated":true}]}}