

{"id":22396,"date":"2021-06-09T10:57:09","date_gmt":"2021-06-09T08:57:09","guid":{"rendered":"https:\/\/www.mon-cintre.com\/?post_type=product&#038;p=22396"},"modified":"2026-02-11T11:33:53","modified_gmt":"2026-02-11T10:33:53","slug":"10-perchas-pantalones-madera-natural-ancho-38-cm","status":"publish","type":"product","link":"https:\/\/www.mon-cintre.com\/es\/producto\/10-perchas-pantalones-madera-natural-ancho-38-cm\/","title":{"rendered":"10 perchas de fresno para pantalones &#8211; color madera barnizada natural (ancho 38 cm)"},"content":{"rendered":"<ul>\n<li>10 perchas de madera de fresno para pantalones<\/li>\n<li>Color de la madera transparente barnizada naturalmente<\/li>\n<li>Gancho en color bronceado mate<\/li>\n<li>Barra con silicona lisa antideslizante, no marca la ropa<\/li>\n<li>Anchura 38 cm<\/li>\n<li>Espesor 1,5 cm<\/li>\n<li>Di\u00e1metro del gancho 5 mm, altura 8,5 cm<\/li>\n<li>Caja de 10 perchas<\/li>\n<li>Ideal para pantalones, bufandas, chales, etc.<\/li>\n<li>Mantenimiento: quitar el polvo con un pa\u00f1o suave y seco<\/li>\n<li>Informaci\u00f3n importante sobre nuestras perchas de madera: La madera es un material natural y nuestras tablas provienen directamente de los \u00e1rboles. Cada pieza de madera puede tener variaciones de color, vetas y nudos espec\u00edficos del \u00e1rbol original y de la parte del \u00e1rbol utilizada. Estas caracter\u00edsticas a\u00f1aden encanto a la madera sin afectar la calidad o durabilidad de nuestras perchas. La madera est\u00e1 viva y puede responder a los cambios de humedad. Nuestras perchas tambi\u00e9n est\u00e1n parcialmente moldeadas a mano, esta fabricaci\u00f3n artesanal hace que cada percha sea \u00fanica y puedan tener muy ligeras variaciones entre ellas.<\/li>\n<\/ul>\n<p>La colecci\u00f3n NATURAL gustar\u00e1 tanto a los hombres como a las mujeres. Su madera natural barnizada combinada con el gancho de bronce de ca\u00f1\u00f3n encajar\u00e1 en muchos interiores. 12 modelos de perchas para toda la ropa de su armario.<\/p>\n<p>Se entrega en una caja de regalo blanca con el logotipo. Cada percha est\u00e1 envuelta individualmente en una funda protectora.<\/p>\n<p><img loading=\"lazy\" decoding=\"async\" class=\"alignnone size-medium wp-image-2627\" src=\"https:\/\/www.mon-cintre.com\/wp-content\/uploads\/2019\/02\/boite-cadeau-300x300.jpg\" alt=\"Boite cadeau Mon cintre\" width=\"300\" height=\"300\" \/><\/p>\n<p>1 metro de armario = 40 perchas<br \/>\n<img loading=\"lazy\" decoding=\"async\" class=\"alignnone size-full wp-image-156\" src=\"https:\/\/www.mon-cintre.com\/DEV\/wp-content\/uploads\/2018\/08\/40cintres.png\" alt=\"\" width=\"190\" height=\"19\" \/><br \/>\n* Fotos no contractuales.<br \/>\nTenga en cuenta que los colores cambian de una pantalla a otra, por lo que es posible que haya una variaci\u00f3n entre la pantalla y la realidad a pesar de la atenci\u00f3n prestada a la calidad de nuestras fotos.<\/p>\n","protected":false},"excerpt":{"rendered":"<ul>\n<li>10 perchas para pantalones con barra antideslizante<\/li>\n<li>Color natural de la madera barnizada<\/li>\n<li>Anchura 38 cm<\/li>\n<li>Espesor 1,5 cm<\/li>\n<li>Barra antideslizante<\/li>\n<li>Caja de 10 perchas<\/li>\n<li>Hecho a mano (<span style=\"text-decoration: underline;\"><a href=\"https:\/\/www.mon-cintre.com\/es\/perchas-hecho-mano\/\">leer m\u00e1s<\/a><\/span>)<\/li>\n<\/ul>\n<p>Compra online esta caja de 10 perchas de madera con agarres antideslizantes para guardar f\u00e1cilmente tus pantalones en el armario gracias a su ingenioso dise\u00f1o abierto. Personal\u00edzalas con tus iniciales o logotipo para pedidos de 20 perchas o m\u00e1s.<\/p>\n","protected":false},"featured_media":29774,"comment_status":"open","ping_status":"closed","template":"","meta":{"inline_featured_image":false},"product_brand":[],"product_cat":[572,548,587,243,423,644,97,453,101,100,96,641,628,577],"product_tag":[],"class_list":{"0":"post-22396","1":"product","2":"type-product","3":"status-publish","4":"has-post-thumbnail","6":"product_cat-colores-de-perchas","7":"product_cat-perchas","8":"product_cat-perchas-barra","9":"product_cat-perchas-madera-fresno","10":"product_cat-coleccion-natural","11":"product_cat-perchas-bufanda","12":"product_cat-perchas-falda-pantalones","13":"product_cat-percha-para-ninos","14":"product_cat-perchas-para-pantalones","15":"product_cat-perchas-para-hombres","16":"product_cat-perchas-para-mujeres","17":"product_cat-perchas-planas","18":"product_cat-perchas-tamano","19":"product_cat-tipos-perchas","21":"first","22":"instock","23":"taxable","24":"shipping-taxable","25":"purchasable","26":"product-type-simple"},"yoast_head":"<!-- This site is optimized with the Yoast SEO plugin v27.3 - https:\/\/yoast.com\/product\/yoast-seo-wordpress\/ -->\n<title>10 perchas para pantalones - color madera natural - Mon Cintre<\/title>\n<meta name=\"description\" content=\"10 perchas de alta calidad fabricadas en madera natural barnizada para guardar sus pantalones de forma sencilla y elegante gracias a su forma especialmente dise\u00f1ada y antideslizante.\" \/>\n<meta name=\"robots\" content=\"index, follow, max-snippet:-1, max-image-preview:large, max-video-preview:-1\" \/>\n<link rel=\"canonical\" href=\"https:\/\/www.mon-cintre.com\/es\/producto\/10-perchas-pantalones-madera-natural-ancho-38-cm\/\" \/>\n<meta property=\"og:locale\" content=\"es_ES\" \/>\n<meta property=\"og:type\" content=\"article\" \/>\n<meta property=\"og:title\" content=\"10 perchas para pantalones - color madera natural - Mon Cintre\" \/>\n<meta property=\"og:description\" content=\"10 perchas de alta calidad fabricadas en madera natural barnizada para guardar sus pantalones de forma sencilla y elegante gracias a su forma especialmente dise\u00f1ada y antideslizante.\" \/>\n<meta property=\"og:url\" content=\"https:\/\/www.mon-cintre.com\/es\/producto\/10-perchas-pantalones-madera-natural-ancho-38-cm\/\" \/>\n<meta property=\"og:site_name\" content=\"MonCintre.com\" \/>\n<meta property=\"article:modified_time\" content=\"2026-02-11T10:33:53+00:00\" \/>\n<meta property=\"og:image\" content=\"https:\/\/www.mon-cintre.com\/wp-content\/uploads\/2021\/06\/cintre-pantalon-PANT38-NA.jpg\" \/>\n\t<meta property=\"og:image:width\" content=\"2000\" \/>\n\t<meta property=\"og:image:height\" content=\"2000\" \/>\n\t<meta property=\"og:image:type\" content=\"image\/jpeg\" \/>\n<meta name=\"twitter:card\" content=\"summary_large_image\" \/>\n<meta name=\"twitter:label1\" content=\"Tiempo de lectura\" \/>\n\t<meta name=\"twitter:data1\" content=\"2 minutos\" \/>\n<script type=\"application\/ld+json\" class=\"yoast-schema-graph\">{\"@context\":\"https:\\\/\\\/schema.org\",\"@graph\":[{\"@type\":\"WebPage\",\"@id\":\"https:\\\/\\\/www.mon-cintre.com\\\/es\\\/producto\\\/10-perchas-pantalones-madera-natural-ancho-38-cm\\\/\",\"url\":\"https:\\\/\\\/www.mon-cintre.com\\\/es\\\/producto\\\/10-perchas-pantalones-madera-natural-ancho-38-cm\\\/\",\"name\":\"10 perchas para pantalones - color madera natural - Mon Cintre\",\"isPartOf\":{\"@id\":\"https:\\\/\\\/www.mon-cintre.com\\\/es\\\/#website\"},\"primaryImageOfPage\":{\"@id\":\"https:\\\/\\\/www.mon-cintre.com\\\/es\\\/producto\\\/10-perchas-pantalones-madera-natural-ancho-38-cm\\\/#primaryimage\"},\"image\":{\"@id\":\"https:\\\/\\\/www.mon-cintre.com\\\/es\\\/producto\\\/10-perchas-pantalones-madera-natural-ancho-38-cm\\\/#primaryimage\"},\"thumbnailUrl\":\"https:\\\/\\\/www.mon-cintre.com\\\/wp-content\\\/uploads\\\/2021\\\/06\\\/cintre-pantalon-PANT38-NA.jpg\",\"datePublished\":\"2021-06-09T08:57:09+00:00\",\"dateModified\":\"2026-02-11T10:33:53+00:00\",\"description\":\"10 perchas de alta calidad fabricadas en madera natural barnizada para guardar sus pantalones de forma sencilla y elegante gracias a su forma especialmente dise\u00f1ada y antideslizante.\",\"breadcrumb\":{\"@id\":\"https:\\\/\\\/www.mon-cintre.com\\\/es\\\/producto\\\/10-perchas-pantalones-madera-natural-ancho-38-cm\\\/#breadcrumb\"},\"inLanguage\":\"es\",\"potentialAction\":[{\"@type\":\"ReadAction\",\"target\":[\"https:\\\/\\\/www.mon-cintre.com\\\/es\\\/producto\\\/10-perchas-pantalones-madera-natural-ancho-38-cm\\\/\"]}]},{\"@type\":\"ImageObject\",\"inLanguage\":\"es\",\"@id\":\"https:\\\/\\\/www.mon-cintre.com\\\/es\\\/producto\\\/10-perchas-pantalones-madera-natural-ancho-38-cm\\\/#primaryimage\",\"url\":\"https:\\\/\\\/www.mon-cintre.com\\\/wp-content\\\/uploads\\\/2021\\\/06\\\/cintre-pantalon-PANT38-NA.jpg\",\"contentUrl\":\"https:\\\/\\\/www.mon-cintre.com\\\/wp-content\\\/uploads\\\/2021\\\/06\\\/cintre-pantalon-PANT38-NA.jpg\",\"width\":2000,\"height\":2000,\"caption\":\"perchas de madera para pantalones, con antideslizante\"},{\"@type\":\"BreadcrumbList\",\"@id\":\"https:\\\/\\\/www.mon-cintre.com\\\/es\\\/producto\\\/10-perchas-pantalones-madera-natural-ancho-38-cm\\\/#breadcrumb\",\"itemListElement\":[{\"@type\":\"ListItem\",\"position\":1,\"name\":\"Accueil\",\"item\":\"https:\\\/\\\/www.mon-cintre.com\\\/es\\\/\"},{\"@type\":\"ListItem\",\"position\":2,\"name\":\"Tienda\",\"item\":\"https:\\\/\\\/www.mon-cintre.com\\\/es\\\/tienda\\\/\"},{\"@type\":\"ListItem\",\"position\":3,\"name\":\"10 perchas de fresno para pantalones &#8211; color madera barnizada natural (ancho 38 cm)\"}]},{\"@type\":\"WebSite\",\"@id\":\"https:\\\/\\\/www.mon-cintre.com\\\/es\\\/#website\",\"url\":\"https:\\\/\\\/www.mon-cintre.com\\\/es\\\/\",\"name\":\"MonCintre.com\",\"description\":\"Cintres et accessoires dressing\",\"publisher\":{\"@id\":\"https:\\\/\\\/www.mon-cintre.com\\\/es\\\/#organization\"},\"potentialAction\":[{\"@type\":\"SearchAction\",\"target\":{\"@type\":\"EntryPoint\",\"urlTemplate\":\"https:\\\/\\\/www.mon-cintre.com\\\/es\\\/?s={search_term_string}\"},\"query-input\":{\"@type\":\"PropertyValueSpecification\",\"valueRequired\":true,\"valueName\":\"search_term_string\"}}],\"inLanguage\":\"es\"},{\"@type\":\"Organization\",\"@id\":\"https:\\\/\\\/www.mon-cintre.com\\\/es\\\/#organization\",\"name\":\"MonCintre.com\",\"url\":\"https:\\\/\\\/www.mon-cintre.com\\\/es\\\/\",\"logo\":{\"@type\":\"ImageObject\",\"inLanguage\":\"es\",\"@id\":\"https:\\\/\\\/www.mon-cintre.com\\\/es\\\/#\\\/schema\\\/logo\\\/image\\\/\",\"url\":\"https:\\\/\\\/www.mon-cintre.com\\\/wp-content\\\/uploads\\\/2022\\\/12\\\/logo-blanc.png\",\"contentUrl\":\"https:\\\/\\\/www.mon-cintre.com\\\/wp-content\\\/uploads\\\/2022\\\/12\\\/logo-blanc.png\",\"width\":345,\"height\":205,\"caption\":\"MonCintre.com\"},\"image\":{\"@id\":\"https:\\\/\\\/www.mon-cintre.com\\\/es\\\/#\\\/schema\\\/logo\\\/image\\\/\"}}]}<\/script>\n<!-- \/ Yoast SEO plugin. -->","yoast_head_json":{"title":"10 perchas para pantalones - color madera natural - Mon Cintre","description":"10 perchas de alta calidad fabricadas en madera natural barnizada para guardar sus pantalones de forma sencilla y elegante gracias a su forma especialmente dise\u00f1ada y antideslizante.","robots":{"index":"index","follow":"follow","max-snippet":"max-snippet:-1","max-image-preview":"max-image-preview:large","max-video-preview":"max-video-preview:-1"},"canonical":"https:\/\/www.mon-cintre.com\/es\/producto\/10-perchas-pantalones-madera-natural-ancho-38-cm\/","og_locale":"es_ES","og_type":"article","og_title":"10 perchas para pantalones - color madera natural - Mon Cintre","og_description":"10 perchas de alta calidad fabricadas en madera natural barnizada para guardar sus pantalones de forma sencilla y elegante gracias a su forma especialmente dise\u00f1ada y antideslizante.","og_url":"https:\/\/www.mon-cintre.com\/es\/producto\/10-perchas-pantalones-madera-natural-ancho-38-cm\/","og_site_name":"MonCintre.com","article_modified_time":"2026-02-11T10:33:53+00:00","og_image":[{"width":2000,"height":2000,"url":"https:\/\/www.mon-cintre.com\/wp-content\/uploads\/2021\/06\/cintre-pantalon-PANT38-NA.jpg","type":"image\/jpeg"}],"twitter_card":"summary_large_image","twitter_misc":{"Tiempo de lectura":"2 minutos"},"schema":{"@context":"https:\/\/schema.org","@graph":[{"@type":"WebPage","@id":"https:\/\/www.mon-cintre.com\/es\/producto\/10-perchas-pantalones-madera-natural-ancho-38-cm\/","url":"https:\/\/www.mon-cintre.com\/es\/producto\/10-perchas-pantalones-madera-natural-ancho-38-cm\/","name":"10 perchas para pantalones - color madera natural - Mon Cintre","isPartOf":{"@id":"https:\/\/www.mon-cintre.com\/es\/#website"},"primaryImageOfPage":{"@id":"https:\/\/www.mon-cintre.com\/es\/producto\/10-perchas-pantalones-madera-natural-ancho-38-cm\/#primaryimage"},"image":{"@id":"https:\/\/www.mon-cintre.com\/es\/producto\/10-perchas-pantalones-madera-natural-ancho-38-cm\/#primaryimage"},"thumbnailUrl":"https:\/\/www.mon-cintre.com\/wp-content\/uploads\/2021\/06\/cintre-pantalon-PANT38-NA.jpg","datePublished":"2021-06-09T08:57:09+00:00","dateModified":"2026-02-11T10:33:53+00:00","description":"10 perchas de alta calidad fabricadas en madera natural barnizada para guardar sus pantalones de forma sencilla y elegante gracias a su forma especialmente dise\u00f1ada y antideslizante.","breadcrumb":{"@id":"https:\/\/www.mon-cintre.com\/es\/producto\/10-perchas-pantalones-madera-natural-ancho-38-cm\/#breadcrumb"},"inLanguage":"es","potentialAction":[{"@type":"ReadAction","target":["https:\/\/www.mon-cintre.com\/es\/producto\/10-perchas-pantalones-madera-natural-ancho-38-cm\/"]}]},{"@type":"ImageObject","inLanguage":"es","@id":"https:\/\/www.mon-cintre.com\/es\/producto\/10-perchas-pantalones-madera-natural-ancho-38-cm\/#primaryimage","url":"https:\/\/www.mon-cintre.com\/wp-content\/uploads\/2021\/06\/cintre-pantalon-PANT38-NA.jpg","contentUrl":"https:\/\/www.mon-cintre.com\/wp-content\/uploads\/2021\/06\/cintre-pantalon-PANT38-NA.jpg","width":2000,"height":2000,"caption":"perchas de madera para pantalones, con antideslizante"},{"@type":"BreadcrumbList","@id":"https:\/\/www.mon-cintre.com\/es\/producto\/10-perchas-pantalones-madera-natural-ancho-38-cm\/#breadcrumb","itemListElement":[{"@type":"ListItem","position":1,"name":"Accueil","item":"https:\/\/www.mon-cintre.com\/es\/"},{"@type":"ListItem","position":2,"name":"Tienda","item":"https:\/\/www.mon-cintre.com\/es\/tienda\/"},{"@type":"ListItem","position":3,"name":"10 perchas de fresno para pantalones &#8211; color madera barnizada natural (ancho 38 cm)"}]},{"@type":"WebSite","@id":"https:\/\/www.mon-cintre.com\/es\/#website","url":"https:\/\/www.mon-cintre.com\/es\/","name":"MonCintre.com","description":"Cintres et accessoires dressing","publisher":{"@id":"https:\/\/www.mon-cintre.com\/es\/#organization"},"potentialAction":[{"@type":"SearchAction","target":{"@type":"EntryPoint","urlTemplate":"https:\/\/www.mon-cintre.com\/es\/?s={search_term_string}"},"query-input":{"@type":"PropertyValueSpecification","valueRequired":true,"valueName":"search_term_string"}}],"inLanguage":"es"},{"@type":"Organization","@id":"https:\/\/www.mon-cintre.com\/es\/#organization","name":"MonCintre.com","url":"https:\/\/www.mon-cintre.com\/es\/","logo":{"@type":"ImageObject","inLanguage":"es","@id":"https:\/\/www.mon-cintre.com\/es\/#\/schema\/logo\/image\/","url":"https:\/\/www.mon-cintre.com\/wp-content\/uploads\/2022\/12\/logo-blanc.png","contentUrl":"https:\/\/www.mon-cintre.com\/wp-content\/uploads\/2022\/12\/logo-blanc.png","width":345,"height":205,"caption":"MonCintre.com"},"image":{"@id":"https:\/\/www.mon-cintre.com\/es\/#\/schema\/logo\/image\/"}}]}},"_links":{"self":[{"href":"https:\/\/www.mon-cintre.com\/es\/wp-json\/wp\/v2\/product\/22396","targetHints":{"allow":["GET"]}}],"collection":[{"href":"https:\/\/www.mon-cintre.com\/es\/wp-json\/wp\/v2\/product"}],"about":[{"href":"https:\/\/www.mon-cintre.com\/es\/wp-json\/wp\/v2\/types\/product"}],"replies":[{"embeddable":true,"href":"https:\/\/www.mon-cintre.com\/es\/wp-json\/wp\/v2\/comments?post=22396"}],"wp:featuredmedia":[{"embeddable":true,"href":"https:\/\/www.mon-cintre.com\/es\/wp-json\/wp\/v2\/media\/29774"}],"wp:attachment":[{"href":"https:\/\/www.mon-cintre.com\/es\/wp-json\/wp\/v2\/media?parent=22396"}],"wp:term":[{"taxonomy":"product_brand","embeddable":true,"href":"https:\/\/www.mon-cintre.com\/es\/wp-json\/wp\/v2\/product_brand?post=22396"},{"taxonomy":"product_cat","embeddable":true,"href":"https:\/\/www.mon-cintre.com\/es\/wp-json\/wp\/v2\/product_cat?post=22396"},{"taxonomy":"product_tag","embeddable":true,"href":"https:\/\/www.mon-cintre.com\/es\/wp-json\/wp\/v2\/product_tag?post=22396"}],"curies":[{"name":"wp","href":"https:\/\/api.w.org\/{rel}","templated":true}]}}