

{"id":22401,"date":"2021-06-09T11:03:49","date_gmt":"2021-06-09T09:03:49","guid":{"rendered":"https:\/\/www.mon-cintre.com\/?post_type=product&#038;p=22401"},"modified":"2026-03-16T19:03:58","modified_gmt":"2026-03-16T18:03:58","slug":"10-perchas-madera-natural-43-cm","status":"publish","type":"product","link":"https:\/\/www.mon-cintre.com\/es\/producto\/10-perchas-madera-natural-43-cm\/","title":{"rendered":"10 perchas para camisas &#8211; color madera natural (ancho 43 cm &#8211; hombros  2,5 cm)"},"content":{"rendered":"<ul>\n<li>10 perchas de lujo de madera de fresno para camisas, polos y camisetas<\/li>\n<li>Madera de fresno, barniz natural<\/li>\n<li>Gancho de color bronceado mate<\/li>\n<li>Gancho giratorio de 360\u00ba<\/li>\n<li>Terciopelo crema antideslizante en los hombros de calidad profesional que no suelta pelusa<\/li>\n<li>Anchura 43 cm<\/li>\n<li>Anchura de los hombros 2,5 cm<\/li>\n<li>Di\u00e1metro del gancho 5 mm, altura 8,5 cm<\/li>\n<li>Caja de 10 perchas<\/li>\n<li>Ideal para camisas, polos y camisetas<\/li>\n<li>Mantenimiento: quitar el polvo con un pa\u00f1o suave y seco<\/li>\n<li>Informaci\u00f3n importante sobre nuestras perchas de madera: La madera es un material natural y nuestras tablas provienen directamente de los \u00e1rboles. Cada pieza de madera puede tener variaciones de color, vetas y nudos espec\u00edficos del \u00e1rbol original y de la parte del \u00e1rbol utilizada. Estas caracter\u00edsticas a\u00f1aden encanto a la madera sin afectar la calidad o durabilidad de nuestras perchas. La madera est\u00e1 viva y puede responder a los cambios de humedad. Nuestras perchas tambi\u00e9n est\u00e1n parcialmente moldeadas a mano, esta fabricaci\u00f3n artesanal hace que cada percha sea \u00fanica y puedan tener muy ligeras variaciones entre ellas.<\/li>\n<\/ul>\n<p>La colecci\u00f3n NATURAL atraer\u00e1 tanto a hombres como a mujeres. Su madera natural barnizada combinada con el gancho de bronce de ca\u00f1\u00f3n encajar\u00e1 en muchos interiores. 12 modelos de perchas para toda la ropa de su armario.<\/p>\n<p>Se entrega en una caja de regalo blanca con el logotipo. Cada percha est\u00e1 envuelta individualmente en una funda protectora.<\/p>\n<p><img loading=\"lazy\" decoding=\"async\" class=\"alignnone wp-image-2627 size-medium\" src=\"https:\/\/www.mon-cintre.com\/wp-content\/uploads\/2019\/02\/boite-cadeau-300x300.jpg\" alt=\"Boite cadeau Mon cintre\" width=\"300\" height=\"300\" \/><\/p>\n<p>1 metro de armario = 30 perchas<br \/>\n<img loading=\"lazy\" decoding=\"async\" class=\"alignnone size-full wp-image-22695\" src=\"https:\/\/www.mon-cintre.com\/wp-content\/uploads\/2021\/06\/30cintres-1.png\" alt=\"\" width=\"190\" height=\"19\" \/><\/p>\n<p>* Fotos no contractuales.<br \/>\nTenga en cuenta que los colores cambian de una pantalla a otra, por lo que es posible que haya una variaci\u00f3n entre la pantalla y la realidad a pesar de la atenci\u00f3n prestada a la calidad de nuestras fotos.<\/p>\n","protected":false},"excerpt":{"rendered":"<p><strong><span style=\"color: red;\">Quedan 2 cajas, m\u00e1s stock en julio de 2026. Tambi\u00e9n te puede interesar: <a href=\"https:\/\/www.mon-cintre.com\/es\/producto\/15-perchas-camisa-madera-natural-ancho-43-cm\/\">15 perchas finas en fresno para camisa \u2013 color madera natural (ancho 43 cm-hombro 1,5 cm)<\/a><\/span><\/strong><\/p>\n<ul>\n<li>10 perchas de lujo para camisas, polos y camisetas, fabricadas en fresno con terciopelo antideslizante<\/li>\n<li>Color natural de la madera barnizada<\/li>\n<li>Anchura 43 cm<\/li>\n<li>Anchura de los hombros 2,5 cm<\/li>\n<li>Terciopelo crema antideslizante en los hombros de calidad profesional que no suelta pelusa<\/li>\n<li>Caja de 10 perchas<\/li>\n<li>Hecho a mano (<span style=\"text-decoration: underline;\"><a href=\"https:\/\/www.mon-cintre.com\/es\/perchas-hecho-mano\/\">leer m\u00e1s<\/a><\/span>)<\/li>\n<\/ul>\n<p>Compra online esta caja de 10 perchas de madera con hombros de terciopelo antideslizante para tu armario, perfectas para colgar camisas y camisetas. Personalizables con tus iniciales o logotipo para pedidos de 20 perchas o m\u00e1s.<\/p>\n","protected":false},"featured_media":29756,"comment_status":"open","ping_status":"closed","template":"","meta":{"inline_featured_image":false},"product_brand":[],"product_cat":[572,548,636,611,579,243,423,233,100,628,577],"product_tag":[],"class_list":{"0":"post-22401","1":"product","2":"type-product","3":"status-publish","4":"has-post-thumbnail","6":"product_cat-colores-de-perchas","7":"product_cat-perchas","8":"product_cat-percha-curva","9":"product_cat-percha-talla-43","10":"product_cat-perchas-con-terciopelo-antideslizante","11":"product_cat-perchas-madera-fresno","12":"product_cat-coleccion-natural","13":"product_cat-perchas-para-camisas","14":"product_cat-perchas-para-hombres","15":"product_cat-perchas-tamano","16":"product_cat-tipos-perchas","18":"first","19":"instock","20":"taxable","21":"shipping-taxable","22":"purchasable","23":"product-type-simple"},"yoast_head":"<!-- This site is optimized with the Yoast SEO plugin v27.5 - https:\/\/yoast.com\/product\/yoast-seo-wordpress\/ -->\n<title>10 lujosas perchas de madera para camisas - barnizada natural<\/title>\n<meta name=\"description\" content=\"Caja de 10 perchas de lujo para camisas, polos y camisetas con terciopelo antideslizante en los hombros. Soporte perfecto para su ropa. 15 lujosas perchas finas para camisas, polos y camisetas, de fresno con terciopelo antideslizante\" \/>\n<meta name=\"robots\" content=\"index, follow, max-snippet:-1, max-image-preview:large, max-video-preview:-1\" \/>\n<link rel=\"canonical\" href=\"https:\/\/www.mon-cintre.com\/es\/producto\/10-perchas-madera-natural-43-cm\/\" \/>\n<meta property=\"og:locale\" content=\"es_ES\" \/>\n<meta property=\"og:type\" content=\"article\" \/>\n<meta property=\"og:title\" content=\"10 lujosas perchas de madera para camisas - barnizada natural\" \/>\n<meta property=\"og:description\" content=\"Caja de 10 perchas de lujo para camisas, polos y camisetas con terciopelo antideslizante en los hombros. Soporte perfecto para su ropa. 15 lujosas perchas finas para camisas, polos y camisetas, de fresno con terciopelo antideslizante\" \/>\n<meta property=\"og:url\" content=\"https:\/\/www.mon-cintre.com\/es\/producto\/10-perchas-madera-natural-43-cm\/\" \/>\n<meta property=\"og:site_name\" content=\"MonCintre.com\" \/>\n<meta property=\"article:modified_time\" content=\"2026-03-16T18:03:58+00:00\" \/>\n<meta property=\"og:image\" content=\"https:\/\/www.mon-cintre.com\/wp-content\/uploads\/2021\/06\/cintre-chemise-floque-CLA4325FLO-NA-5.jpg\" \/>\n\t<meta property=\"og:image:width\" content=\"2000\" \/>\n\t<meta property=\"og:image:height\" content=\"2000\" \/>\n\t<meta property=\"og:image:type\" content=\"image\/jpeg\" \/>\n<meta name=\"twitter:card\" content=\"summary_large_image\" \/>\n<meta name=\"twitter:label1\" content=\"Tiempo de lectura\" \/>\n\t<meta name=\"twitter:data1\" content=\"2 minutos\" \/>\n<script type=\"application\/ld+json\" class=\"yoast-schema-graph\">{\"@context\":\"https:\\\/\\\/schema.org\",\"@graph\":[{\"@type\":\"WebPage\",\"@id\":\"https:\\\/\\\/www.mon-cintre.com\\\/es\\\/producto\\\/10-perchas-madera-natural-43-cm\\\/\",\"url\":\"https:\\\/\\\/www.mon-cintre.com\\\/es\\\/producto\\\/10-perchas-madera-natural-43-cm\\\/\",\"name\":\"10 lujosas perchas de madera para camisas - barnizada natural\",\"isPartOf\":{\"@id\":\"https:\\\/\\\/www.mon-cintre.com\\\/es\\\/#website\"},\"primaryImageOfPage\":{\"@id\":\"https:\\\/\\\/www.mon-cintre.com\\\/es\\\/producto\\\/10-perchas-madera-natural-43-cm\\\/#primaryimage\"},\"image\":{\"@id\":\"https:\\\/\\\/www.mon-cintre.com\\\/es\\\/producto\\\/10-perchas-madera-natural-43-cm\\\/#primaryimage\"},\"thumbnailUrl\":\"https:\\\/\\\/www.mon-cintre.com\\\/wp-content\\\/uploads\\\/2021\\\/06\\\/cintre-chemise-floque-CLA4325FLO-NA-5.jpg\",\"datePublished\":\"2021-06-09T09:03:49+00:00\",\"dateModified\":\"2026-03-16T18:03:58+00:00\",\"description\":\"Caja de 10 perchas de lujo para camisas, polos y camisetas con terciopelo antideslizante en los hombros. Soporte perfecto para su ropa. 15 lujosas perchas finas para camisas, polos y camisetas, de fresno con terciopelo antideslizante\",\"breadcrumb\":{\"@id\":\"https:\\\/\\\/www.mon-cintre.com\\\/es\\\/producto\\\/10-perchas-madera-natural-43-cm\\\/#breadcrumb\"},\"inLanguage\":\"es\",\"potentialAction\":[{\"@type\":\"ReadAction\",\"target\":[\"https:\\\/\\\/www.mon-cintre.com\\\/es\\\/producto\\\/10-perchas-madera-natural-43-cm\\\/\"]}]},{\"@type\":\"ImageObject\",\"inLanguage\":\"es\",\"@id\":\"https:\\\/\\\/www.mon-cintre.com\\\/es\\\/producto\\\/10-perchas-madera-natural-43-cm\\\/#primaryimage\",\"url\":\"https:\\\/\\\/www.mon-cintre.com\\\/wp-content\\\/uploads\\\/2021\\\/06\\\/cintre-chemise-floque-CLA4325FLO-NA-5.jpg\",\"contentUrl\":\"https:\\\/\\\/www.mon-cintre.com\\\/wp-content\\\/uploads\\\/2021\\\/06\\\/cintre-chemise-floque-CLA4325FLO-NA-5.jpg\",\"width\":2000,\"height\":2000,\"caption\":\"Perchas de madera para camisas, con terciopelo\"},{\"@type\":\"BreadcrumbList\",\"@id\":\"https:\\\/\\\/www.mon-cintre.com\\\/es\\\/producto\\\/10-perchas-madera-natural-43-cm\\\/#breadcrumb\",\"itemListElement\":[{\"@type\":\"ListItem\",\"position\":1,\"name\":\"Accueil\",\"item\":\"https:\\\/\\\/www.mon-cintre.com\\\/es\\\/\"},{\"@type\":\"ListItem\",\"position\":2,\"name\":\"Tienda\",\"item\":\"https:\\\/\\\/www.mon-cintre.com\\\/es\\\/tienda\\\/\"},{\"@type\":\"ListItem\",\"position\":3,\"name\":\"10 perchas para camisas &#8211; color madera natural (ancho 43 cm &#8211; hombros 2,5 cm)\"}]},{\"@type\":\"WebSite\",\"@id\":\"https:\\\/\\\/www.mon-cintre.com\\\/es\\\/#website\",\"url\":\"https:\\\/\\\/www.mon-cintre.com\\\/es\\\/\",\"name\":\"MonCintre.com\",\"description\":\"Cintres et accessoires dressing\",\"publisher\":{\"@id\":\"https:\\\/\\\/www.mon-cintre.com\\\/es\\\/#organization\"},\"potentialAction\":[{\"@type\":\"SearchAction\",\"target\":{\"@type\":\"EntryPoint\",\"urlTemplate\":\"https:\\\/\\\/www.mon-cintre.com\\\/es\\\/?s={search_term_string}\"},\"query-input\":{\"@type\":\"PropertyValueSpecification\",\"valueRequired\":true,\"valueName\":\"search_term_string\"}}],\"inLanguage\":\"es\"},{\"@type\":\"Organization\",\"@id\":\"https:\\\/\\\/www.mon-cintre.com\\\/es\\\/#organization\",\"name\":\"MonCintre.com\",\"url\":\"https:\\\/\\\/www.mon-cintre.com\\\/es\\\/\",\"logo\":{\"@type\":\"ImageObject\",\"inLanguage\":\"es\",\"@id\":\"https:\\\/\\\/www.mon-cintre.com\\\/es\\\/#\\\/schema\\\/logo\\\/image\\\/\",\"url\":\"https:\\\/\\\/www.mon-cintre.com\\\/wp-content\\\/uploads\\\/2022\\\/12\\\/logo-blanc.png\",\"contentUrl\":\"https:\\\/\\\/www.mon-cintre.com\\\/wp-content\\\/uploads\\\/2022\\\/12\\\/logo-blanc.png\",\"width\":345,\"height\":205,\"caption\":\"MonCintre.com\"},\"image\":{\"@id\":\"https:\\\/\\\/www.mon-cintre.com\\\/es\\\/#\\\/schema\\\/logo\\\/image\\\/\"}}]}<\/script>\n<!-- \/ Yoast SEO plugin. -->","yoast_head_json":{"title":"10 lujosas perchas de madera para camisas - barnizada natural","description":"Caja de 10 perchas de lujo para camisas, polos y camisetas con terciopelo antideslizante en los hombros. Soporte perfecto para su ropa. 15 lujosas perchas finas para camisas, polos y camisetas, de fresno con terciopelo antideslizante","robots":{"index":"index","follow":"follow","max-snippet":"max-snippet:-1","max-image-preview":"max-image-preview:large","max-video-preview":"max-video-preview:-1"},"canonical":"https:\/\/www.mon-cintre.com\/es\/producto\/10-perchas-madera-natural-43-cm\/","og_locale":"es_ES","og_type":"article","og_title":"10 lujosas perchas de madera para camisas - barnizada natural","og_description":"Caja de 10 perchas de lujo para camisas, polos y camisetas con terciopelo antideslizante en los hombros. Soporte perfecto para su ropa. 15 lujosas perchas finas para camisas, polos y camisetas, de fresno con terciopelo antideslizante","og_url":"https:\/\/www.mon-cintre.com\/es\/producto\/10-perchas-madera-natural-43-cm\/","og_site_name":"MonCintre.com","article_modified_time":"2026-03-16T18:03:58+00:00","og_image":[{"width":2000,"height":2000,"url":"https:\/\/www.mon-cintre.com\/wp-content\/uploads\/2021\/06\/cintre-chemise-floque-CLA4325FLO-NA-5.jpg","type":"image\/jpeg"}],"twitter_card":"summary_large_image","twitter_misc":{"Tiempo de lectura":"2 minutos"},"schema":{"@context":"https:\/\/schema.org","@graph":[{"@type":"WebPage","@id":"https:\/\/www.mon-cintre.com\/es\/producto\/10-perchas-madera-natural-43-cm\/","url":"https:\/\/www.mon-cintre.com\/es\/producto\/10-perchas-madera-natural-43-cm\/","name":"10 lujosas perchas de madera para camisas - barnizada natural","isPartOf":{"@id":"https:\/\/www.mon-cintre.com\/es\/#website"},"primaryImageOfPage":{"@id":"https:\/\/www.mon-cintre.com\/es\/producto\/10-perchas-madera-natural-43-cm\/#primaryimage"},"image":{"@id":"https:\/\/www.mon-cintre.com\/es\/producto\/10-perchas-madera-natural-43-cm\/#primaryimage"},"thumbnailUrl":"https:\/\/www.mon-cintre.com\/wp-content\/uploads\/2021\/06\/cintre-chemise-floque-CLA4325FLO-NA-5.jpg","datePublished":"2021-06-09T09:03:49+00:00","dateModified":"2026-03-16T18:03:58+00:00","description":"Caja de 10 perchas de lujo para camisas, polos y camisetas con terciopelo antideslizante en los hombros. Soporte perfecto para su ropa. 15 lujosas perchas finas para camisas, polos y camisetas, de fresno con terciopelo antideslizante","breadcrumb":{"@id":"https:\/\/www.mon-cintre.com\/es\/producto\/10-perchas-madera-natural-43-cm\/#breadcrumb"},"inLanguage":"es","potentialAction":[{"@type":"ReadAction","target":["https:\/\/www.mon-cintre.com\/es\/producto\/10-perchas-madera-natural-43-cm\/"]}]},{"@type":"ImageObject","inLanguage":"es","@id":"https:\/\/www.mon-cintre.com\/es\/producto\/10-perchas-madera-natural-43-cm\/#primaryimage","url":"https:\/\/www.mon-cintre.com\/wp-content\/uploads\/2021\/06\/cintre-chemise-floque-CLA4325FLO-NA-5.jpg","contentUrl":"https:\/\/www.mon-cintre.com\/wp-content\/uploads\/2021\/06\/cintre-chemise-floque-CLA4325FLO-NA-5.jpg","width":2000,"height":2000,"caption":"Perchas de madera para camisas, con terciopelo"},{"@type":"BreadcrumbList","@id":"https:\/\/www.mon-cintre.com\/es\/producto\/10-perchas-madera-natural-43-cm\/#breadcrumb","itemListElement":[{"@type":"ListItem","position":1,"name":"Accueil","item":"https:\/\/www.mon-cintre.com\/es\/"},{"@type":"ListItem","position":2,"name":"Tienda","item":"https:\/\/www.mon-cintre.com\/es\/tienda\/"},{"@type":"ListItem","position":3,"name":"10 perchas para camisas &#8211; color madera natural (ancho 43 cm &#8211; hombros 2,5 cm)"}]},{"@type":"WebSite","@id":"https:\/\/www.mon-cintre.com\/es\/#website","url":"https:\/\/www.mon-cintre.com\/es\/","name":"MonCintre.com","description":"Cintres et accessoires dressing","publisher":{"@id":"https:\/\/www.mon-cintre.com\/es\/#organization"},"potentialAction":[{"@type":"SearchAction","target":{"@type":"EntryPoint","urlTemplate":"https:\/\/www.mon-cintre.com\/es\/?s={search_term_string}"},"query-input":{"@type":"PropertyValueSpecification","valueRequired":true,"valueName":"search_term_string"}}],"inLanguage":"es"},{"@type":"Organization","@id":"https:\/\/www.mon-cintre.com\/es\/#organization","name":"MonCintre.com","url":"https:\/\/www.mon-cintre.com\/es\/","logo":{"@type":"ImageObject","inLanguage":"es","@id":"https:\/\/www.mon-cintre.com\/es\/#\/schema\/logo\/image\/","url":"https:\/\/www.mon-cintre.com\/wp-content\/uploads\/2022\/12\/logo-blanc.png","contentUrl":"https:\/\/www.mon-cintre.com\/wp-content\/uploads\/2022\/12\/logo-blanc.png","width":345,"height":205,"caption":"MonCintre.com"},"image":{"@id":"https:\/\/www.mon-cintre.com\/es\/#\/schema\/logo\/image\/"}}]}},"_links":{"self":[{"href":"https:\/\/www.mon-cintre.com\/es\/wp-json\/wp\/v2\/product\/22401","targetHints":{"allow":["GET"]}}],"collection":[{"href":"https:\/\/www.mon-cintre.com\/es\/wp-json\/wp\/v2\/product"}],"about":[{"href":"https:\/\/www.mon-cintre.com\/es\/wp-json\/wp\/v2\/types\/product"}],"replies":[{"embeddable":true,"href":"https:\/\/www.mon-cintre.com\/es\/wp-json\/wp\/v2\/comments?post=22401"}],"wp:featuredmedia":[{"embeddable":true,"href":"https:\/\/www.mon-cintre.com\/es\/wp-json\/wp\/v2\/media\/29756"}],"wp:attachment":[{"href":"https:\/\/www.mon-cintre.com\/es\/wp-json\/wp\/v2\/media?parent=22401"}],"wp:term":[{"taxonomy":"product_brand","embeddable":true,"href":"https:\/\/www.mon-cintre.com\/es\/wp-json\/wp\/v2\/product_brand?post=22401"},{"taxonomy":"product_cat","embeddable":true,"href":"https:\/\/www.mon-cintre.com\/es\/wp-json\/wp\/v2\/product_cat?post=22401"},{"taxonomy":"product_tag","embeddable":true,"href":"https:\/\/www.mon-cintre.com\/es\/wp-json\/wp\/v2\/product_tag?post=22401"}],"curies":[{"name":"wp","href":"https:\/\/api.w.org\/{rel}","templated":true}]}}