

{"id":23949,"date":"2021-11-22T15:35:06","date_gmt":"2021-11-22T14:35:06","guid":{"rendered":"https:\/\/www.mon-cintre.com\/?post_type=product&#038;p=23949"},"modified":"2024-11-22T14:46:18","modified_gmt":"2024-11-22T13:46:18","slug":"bolsa-viaje-funda-traje-zapatos-marron-vegana","status":"publish","type":"product","link":"https:\/\/www.mon-cintre.com\/es\/producto\/bolsa-viaje-funda-traje-zapatos-marron-vegana\/","title":{"rendered":"Bolso de viaje en polipiel eco-responsable con funda para traje y zapatos \u2013 Color marr\u00f3n"},"content":{"rendered":"<p>Bolsa de viaje 3 en 1, en piel sint\u00e9tica eco-responsable (llamado cuero vegano) y de calidad superior:<\/p>\n<ul>\n<li style=\"list-style-type: none;\">\n<ol>\n<li style=\"list-style-type: none;\">\n<ol>\n<li>un bolso elegante y pr\u00e1ctico con sus numerosos bolsillos de almacenamiento espaciosos<\/li>\n<li>una funda para guardar un traje u otra ropa plana y con su percha<\/li>\n<li>un compartimento separado para guardar un par de zapatos, con abertura en el costado de la bolsa<\/li>\n<\/ol>\n<\/li>\n<\/ol>\n<\/li>\n<li>Color: MARR\u00d3N<\/li>\n<li>Dimensiones cerrado: 58 x 36 x 31 cm<\/li>\n<li>Dimensiones abierto: 58 x 114 x 110 cm<\/li>\n<li>Peso : 2 kg<\/li>\n<li>3 bolsillos exteriores<\/li>\n<li>4 bolsillos interiores<\/li>\n<li>Exterior de piel sint\u00e9tica eco-responsable de alta calidad (piel vegana)<\/li>\n<li>Interior de microfibra negra<\/li>\n<li>Piezas de metal en color gunmetal<\/li>\n<li>4 tapas protectoras debajo de la bolsa para poder colocarla en el suelo con total seguridad<\/li>\n<li>Entregado con una correa de hombro extra\u00edble (tenga cuidado de no sobrecargar la bolsa cuando utilice la correa para el hombro)<\/li>\n<li>Sitio para deslizar la bolsa en el asa telesc\u00f3pica de una maleta<\/li>\n<li>Viaja con tu maleta en equipaje de mano (dependiendo de las compa\u00f1\u00edas a\u00e9reas y excepto aerol\u00ednea Low Cost)<\/li>\n<\/ul>\n<p><img loading=\"lazy\" decoding=\"async\" class=\"alignnone wp-image-28729\" src=\"https:\/\/www.mon-cintre.com\/wp-content\/uploads\/2021\/12\/sac-cuir-bagage-cabine-1024x1024.jpg\" alt=\"Bolsa de viaje de cuero sint\u00e9tico aceptada en el equipaje de mano\" width=\"600\" height=\"600\" srcset=\"https:\/\/www.mon-cintre.com\/wp-content\/uploads\/2021\/12\/sac-cuir-bagage-cabine-1024x1024.jpg 1024w, https:\/\/www.mon-cintre.com\/wp-content\/uploads\/2021\/12\/sac-cuir-bagage-cabine-300x300.jpg 300w, https:\/\/www.mon-cintre.com\/wp-content\/uploads\/2021\/12\/sac-cuir-bagage-cabine-150x150.jpg 150w, https:\/\/www.mon-cintre.com\/wp-content\/uploads\/2021\/12\/sac-cuir-bagage-cabine-768x768.jpg 768w, https:\/\/www.mon-cintre.com\/wp-content\/uploads\/2021\/12\/sac-cuir-bagage-cabine-1536x1536.jpg 1536w, https:\/\/www.mon-cintre.com\/wp-content\/uploads\/2021\/12\/sac-cuir-bagage-cabine-650x650.jpg 650w, https:\/\/www.mon-cintre.com\/wp-content\/uploads\/2021\/12\/sac-cuir-bagage-cabine-500x500.jpg 500w, https:\/\/www.mon-cintre.com\/wp-content\/uploads\/2021\/12\/sac-cuir-bagage-cabine-1800x1800.jpg 1800w, https:\/\/www.mon-cintre.com\/wp-content\/uploads\/2021\/12\/sac-cuir-bagage-cabine-100x100.jpg 100w, https:\/\/www.mon-cintre.com\/wp-content\/uploads\/2021\/12\/sac-cuir-bagage-cabine.jpg 2000w\" sizes=\"auto, (max-width: 600px) 100vw, 600px\" \/><\/p>\n<p><img loading=\"lazy\" decoding=\"async\" class=\"tama\u00f1o-grande alignnone wp-image-25223\" src=\"https:\/\/www.mon-cintre.com\/wp-content\/uploads\/2021\/11\/sac-voyage-1024x1024.jpg\" alt=\"\" width=\"600\" height=\"600\" srcset=\"https:\/\/www.mon-cintre.com\/wp-content\/uploads\/2021\/11\/sac-voyage-1024x1024.jpg 1024w, https:\/\/www.mon-cintre.com\/wp-content\/uploads\/2021\/11\/sac-voyage-300x300.jpg 300w, https:\/\/www.mon-cintre.com\/wp-content\/uploads\/2021\/11\/sac-voyage-150x150.jpg 150w, https:\/\/www.mon-cintre.com\/wp-content\/uploads\/2021\/11\/sac-voyage-768x768.jpg 768w, https:\/\/www.mon-cintre.com\/wp-content\/uploads\/2021\/11\/sac-voyage-1536x1536.jpg 1536w, https:\/\/www.mon-cintre.com\/wp-content\/uploads\/2021\/11\/sac-voyage-650x650.jpg 650w, https:\/\/www.mon-cintre.com\/wp-content\/uploads\/2021\/11\/sac-voyage-500x500.jpg 500w, https:\/\/www.mon-cintre.com\/wp-content\/uploads\/2021\/11\/sac-voyage-1800x1800.jpg 1800w, https:\/\/www.mon-cintre.com\/wp-content\/uploads\/2021\/11\/sac-voyage-100x100.jpg 100w, https:\/\/www.mon-cintre.com\/wp-content\/uploads\/2021\/11\/sac-voyage.jpg 2000w\" sizes=\"auto, (max-width: 600px) 100vw, 600px\" \/><\/p>\n<p>La bolsa de viaje Mon Cintre 3 en 1 es ideal para hombres y mujeres de negocios que viajan durante 1 o 2 d\u00edas o para golfistas que regresan a la oficina despu\u00e9s de una ronda de golf. En \u00e9l puedes guardar un traje, una chaqueta o un vestido, sin necesidad de doblarlos, y dej\u00e1ndolos en su percha. La bolsa tambi\u00e9n consta de un bolsillo grande para guardar los zapatos y todav\u00eda habr\u00e1 mucho espacio de almacenamiento para sus art\u00edculos de tocador y su otra ropa y art\u00edculos personales.<\/p>\n<p>Sus amplios bolsillos exteriores, con cierre magn\u00e9tico, te permitir\u00e1n acceder f\u00e1cilmente a los peque\u00f1os objetos necesarios para viajar.<\/p>\n<p>Tu bolsa de viaje viene con su funda de algod\u00f3n y su caja de regalo Mon Cintre.<\/p>\n<p><img loading=\"lazy\" decoding=\"async\" class=\"alignnone wp-image-30797\" src=\"https:\/\/www.mon-cintre.com\/wp-content\/uploads\/2021\/12\/boite-housse-Mon-Cintre-1024x684.jpg\" alt=\"\" width=\"600\" height=\"401\" srcset=\"https:\/\/www.mon-cintre.com\/wp-content\/uploads\/2021\/12\/boite-housse-Mon-Cintre-1024x684.jpg 1024w, https:\/\/www.mon-cintre.com\/wp-content\/uploads\/2021\/12\/boite-housse-Mon-Cintre-300x200.jpg 300w, https:\/\/www.mon-cintre.com\/wp-content\/uploads\/2021\/12\/boite-housse-Mon-Cintre-768x513.jpg 768w, https:\/\/www.mon-cintre.com\/wp-content\/uploads\/2021\/12\/boite-housse-Mon-Cintre-1536x1025.jpg 1536w, https:\/\/www.mon-cintre.com\/wp-content\/uploads\/2021\/12\/boite-housse-Mon-Cintre-650x434.jpg 650w, https:\/\/www.mon-cintre.com\/wp-content\/uploads\/2021\/12\/boite-housse-Mon-Cintre-1800x1202.jpg 1800w, https:\/\/www.mon-cintre.com\/wp-content\/uploads\/2021\/12\/boite-housse-Mon-Cintre.jpg 2000w\" sizes=\"auto, (max-width: 600px) 100vw, 600px\" \/><\/p>\n","protected":false},"excerpt":{"rendered":"<p>Bolsa de viaje 3 en 1 en piel sint\u00e9tica eco-responsable (piel vegana) de alta calidad:<\/p>\n<ul>\n<li style=\"list-style-type: none;\">\n<ol>\n<li style=\"list-style-type: none;\">\n<ol>\n<li>un bolso elegante y pr\u00e1ctico con sus numerosos bolsillos de almacenamiento espaciosos<\/li>\n<li>una funda para guardar un traje u otra ropa plana y en su percha<\/li>\n<li>un compartimento separado para guardar un par de zapatos, con abertura en el costado de la bolsa<\/li>\n<\/ol>\n<\/li>\n<\/ol>\n<\/li>\n<li>Color: MARR\u00d3N<\/li>\n<li>Dimensiones cerrado: 58 x 36 x 31 cm<\/li>\n<li>Dimensiones abierto: 58 x 114 x 110 cm<\/li>\n<li>3 bolsillos exteriores, 4 bolsillos interiores<\/li>\n<li>Interior de microfibra negra<\/li>\n<li>Sitio para deslizar la bolsa en el asa telesc\u00f3pica de una maleta<\/li>\n<li>Entregado con una correa de hombro extra\u00edble (tenga cuidado de no sobrecargar la bolsa cuando utilice la correa para el hombro)<\/li>\n<\/ul>\n<p>La bolsa de viaje Mon Cintre 3 en 1 es ideal para hombres y mujeres de negocios que viajan durante 1 o 2 d\u00edas o para golfistas que regresan a la oficina despu\u00e9s de una ronda de golf. En \u00e9l puedes guardar un traje, una chaqueta o un vestido, sin necesidad de doblarlos, y dej\u00e1ndolos en su percha. La bolsa tambi\u00e9n consta de un bolsillo grande para guardar los zapatos y todav\u00eda habr\u00e1 mucho espacio de almacenamiento para sus art\u00edculos de tocador y su otra ropa y art\u00edculos personales.<\/p>\n","protected":false},"featured_media":25271,"comment_status":"open","ping_status":"closed","template":"","meta":{"inline_featured_image":false},"product_brand":[],"product_cat":[464],"product_tag":[],"class_list":{"0":"post-23949","1":"product","2":"type-product","3":"status-publish","4":"has-post-thumbnail","6":"product_cat-para-el-viaje-marroquineria","8":"first","9":"instock","10":"sale","11":"taxable","12":"shipping-taxable","13":"purchasable","14":"product-type-simple"},"yoast_head":"<!-- This site is optimized with the Yoast SEO plugin v27.4 - https:\/\/yoast.com\/product\/yoast-seo-wordpress\/ -->\n<title>Bolso de viaje en polipiel eco-responsable con funda para traje y zapatos \u2013 Color marr\u00f3n - MonCintre.com<\/title>\n<meta name=\"robots\" content=\"index, follow, max-snippet:-1, max-image-preview:large, max-video-preview:-1\" \/>\n<link rel=\"canonical\" href=\"https:\/\/www.mon-cintre.com\/es\/producto\/bolsa-viaje-funda-traje-zapatos-marron-vegana\/\" \/>\n<meta property=\"og:locale\" content=\"es_ES\" \/>\n<meta property=\"og:type\" content=\"article\" \/>\n<meta property=\"og:title\" content=\"Bolso de viaje en polipiel eco-responsable con funda para traje y zapatos \u2013 Color marr\u00f3n - MonCintre.com\" \/>\n<meta property=\"og:description\" content=\"Bolsa de viaje 3 en 1 en piel sint\u00e9tica eco-responsable (piel vegana) de alta calidad:         un bolso elegante y pr\u00e1ctico con sus numerosos bolsillos de almacenamiento espaciosos  una funda para guardar un traje u otra ropa plana y en su percha  un compartimento separado para guardar un par de zapatos, con abertura en el costado de la bolsa      Color: MARR\u00d3N  Dimensiones cerrado: 58 x 36 x 31 cm  Dimensiones abierto: 58 x 114 x 110 cm  3 bolsillos exteriores, 4 bolsillos interiores  Interior de microfibra negra  Sitio para deslizar la bolsa en el asa telesc\u00f3pica de una maleta  Entregado con una correa de hombro extra\u00edble (tenga cuidado de no sobrecargar la bolsa cuando utilice la correa para el hombro)  La bolsa de viaje Mon Cintre 3 en 1 es ideal para hombres y mujeres de negocios que viajan durante 1 o 2 d\u00edas o para golfistas que regresan a la oficina despu\u00e9s de una ronda de golf. En \u00e9l puedes guardar un traje, una chaqueta o un vestido, sin necesidad de doblarlos, y dej\u00e1ndolos en su percha. La bolsa tambi\u00e9n consta de un bolsillo grande para guardar los zapatos y todav\u00eda habr\u00e1 mucho espacio de almacenamiento para sus art\u00edculos de tocador y su otra ropa y art\u00edculos personales.\" \/>\n<meta property=\"og:url\" content=\"https:\/\/www.mon-cintre.com\/es\/producto\/bolsa-viaje-funda-traje-zapatos-marron-vegana\/\" \/>\n<meta property=\"og:site_name\" content=\"MonCintre.com\" \/>\n<meta property=\"article:modified_time\" content=\"2024-11-22T13:46:18+00:00\" \/>\n<meta property=\"og:image\" content=\"https:\/\/www.mon-cintre.com\/wp-content\/uploads\/2021\/11\/sac-voyage-cuir-pu-marron.jpg\" \/>\n\t<meta property=\"og:image:width\" content=\"2000\" \/>\n\t<meta property=\"og:image:height\" content=\"2000\" \/>\n\t<meta property=\"og:image:type\" content=\"image\/jpeg\" \/>\n<meta name=\"twitter:card\" content=\"summary_large_image\" \/>\n<meta name=\"twitter:label1\" content=\"Tiempo de lectura\" \/>\n\t<meta name=\"twitter:data1\" content=\"2 minutos\" \/>\n<script type=\"application\/ld+json\" class=\"yoast-schema-graph\">{\"@context\":\"https:\\\/\\\/schema.org\",\"@graph\":[{\"@type\":\"WebPage\",\"@id\":\"https:\\\/\\\/www.mon-cintre.com\\\/es\\\/producto\\\/bolsa-viaje-funda-traje-zapatos-marron-vegana\\\/\",\"url\":\"https:\\\/\\\/www.mon-cintre.com\\\/es\\\/producto\\\/bolsa-viaje-funda-traje-zapatos-marron-vegana\\\/\",\"name\":\"Bolso de viaje en polipiel eco-responsable con funda para traje y zapatos \u2013 Color marr\u00f3n - MonCintre.com\",\"isPartOf\":{\"@id\":\"https:\\\/\\\/www.mon-cintre.com\\\/es\\\/#website\"},\"primaryImageOfPage\":{\"@id\":\"https:\\\/\\\/www.mon-cintre.com\\\/es\\\/producto\\\/bolsa-viaje-funda-traje-zapatos-marron-vegana\\\/#primaryimage\"},\"image\":{\"@id\":\"https:\\\/\\\/www.mon-cintre.com\\\/es\\\/producto\\\/bolsa-viaje-funda-traje-zapatos-marron-vegana\\\/#primaryimage\"},\"thumbnailUrl\":\"https:\\\/\\\/www.mon-cintre.com\\\/wp-content\\\/uploads\\\/2021\\\/11\\\/sac-voyage-cuir-pu-marron.jpg\",\"datePublished\":\"2021-11-22T14:35:06+00:00\",\"dateModified\":\"2024-11-22T13:46:18+00:00\",\"breadcrumb\":{\"@id\":\"https:\\\/\\\/www.mon-cintre.com\\\/es\\\/producto\\\/bolsa-viaje-funda-traje-zapatos-marron-vegana\\\/#breadcrumb\"},\"inLanguage\":\"es\",\"potentialAction\":[{\"@type\":\"ReadAction\",\"target\":[\"https:\\\/\\\/www.mon-cintre.com\\\/es\\\/producto\\\/bolsa-viaje-funda-traje-zapatos-marron-vegana\\\/\"]}]},{\"@type\":\"ImageObject\",\"inLanguage\":\"es\",\"@id\":\"https:\\\/\\\/www.mon-cintre.com\\\/es\\\/producto\\\/bolsa-viaje-funda-traje-zapatos-marron-vegana\\\/#primaryimage\",\"url\":\"https:\\\/\\\/www.mon-cintre.com\\\/wp-content\\\/uploads\\\/2021\\\/11\\\/sac-voyage-cuir-pu-marron.jpg\",\"contentUrl\":\"https:\\\/\\\/www.mon-cintre.com\\\/wp-content\\\/uploads\\\/2021\\\/11\\\/sac-voyage-cuir-pu-marron.jpg\",\"width\":2000,\"height\":2000,\"caption\":\"Bolsa de viaje de piel vegana con funda para traje y zapatos\"},{\"@type\":\"BreadcrumbList\",\"@id\":\"https:\\\/\\\/www.mon-cintre.com\\\/es\\\/producto\\\/bolsa-viaje-funda-traje-zapatos-marron-vegana\\\/#breadcrumb\",\"itemListElement\":[{\"@type\":\"ListItem\",\"position\":1,\"name\":\"Accueil\",\"item\":\"https:\\\/\\\/www.mon-cintre.com\\\/es\\\/\"},{\"@type\":\"ListItem\",\"position\":2,\"name\":\"Tienda\",\"item\":\"https:\\\/\\\/www.mon-cintre.com\\\/es\\\/tienda\\\/\"},{\"@type\":\"ListItem\",\"position\":3,\"name\":\"Bolso de viaje en polipiel eco-responsable con funda para traje y zapatos \u2013 Color marr\u00f3n\"}]},{\"@type\":\"WebSite\",\"@id\":\"https:\\\/\\\/www.mon-cintre.com\\\/es\\\/#website\",\"url\":\"https:\\\/\\\/www.mon-cintre.com\\\/es\\\/\",\"name\":\"MonCintre.com\",\"description\":\"Cintres et accessoires dressing\",\"publisher\":{\"@id\":\"https:\\\/\\\/www.mon-cintre.com\\\/es\\\/#organization\"},\"potentialAction\":[{\"@type\":\"SearchAction\",\"target\":{\"@type\":\"EntryPoint\",\"urlTemplate\":\"https:\\\/\\\/www.mon-cintre.com\\\/es\\\/?s={search_term_string}\"},\"query-input\":{\"@type\":\"PropertyValueSpecification\",\"valueRequired\":true,\"valueName\":\"search_term_string\"}}],\"inLanguage\":\"es\"},{\"@type\":\"Organization\",\"@id\":\"https:\\\/\\\/www.mon-cintre.com\\\/es\\\/#organization\",\"name\":\"MonCintre.com\",\"url\":\"https:\\\/\\\/www.mon-cintre.com\\\/es\\\/\",\"logo\":{\"@type\":\"ImageObject\",\"inLanguage\":\"es\",\"@id\":\"https:\\\/\\\/www.mon-cintre.com\\\/es\\\/#\\\/schema\\\/logo\\\/image\\\/\",\"url\":\"https:\\\/\\\/www.mon-cintre.com\\\/wp-content\\\/uploads\\\/2022\\\/12\\\/logo-blanc.png\",\"contentUrl\":\"https:\\\/\\\/www.mon-cintre.com\\\/wp-content\\\/uploads\\\/2022\\\/12\\\/logo-blanc.png\",\"width\":345,\"height\":205,\"caption\":\"MonCintre.com\"},\"image\":{\"@id\":\"https:\\\/\\\/www.mon-cintre.com\\\/es\\\/#\\\/schema\\\/logo\\\/image\\\/\"}}]}<\/script>\n<!-- \/ Yoast SEO plugin. -->","yoast_head_json":{"title":"Bolso de viaje en polipiel eco-responsable con funda para traje y zapatos \u2013 Color marr\u00f3n - MonCintre.com","robots":{"index":"index","follow":"follow","max-snippet":"max-snippet:-1","max-image-preview":"max-image-preview:large","max-video-preview":"max-video-preview:-1"},"canonical":"https:\/\/www.mon-cintre.com\/es\/producto\/bolsa-viaje-funda-traje-zapatos-marron-vegana\/","og_locale":"es_ES","og_type":"article","og_title":"Bolso de viaje en polipiel eco-responsable con funda para traje y zapatos \u2013 Color marr\u00f3n - MonCintre.com","og_description":"Bolsa de viaje 3 en 1 en piel sint\u00e9tica eco-responsable (piel vegana) de alta calidad:         un bolso elegante y pr\u00e1ctico con sus numerosos bolsillos de almacenamiento espaciosos  una funda para guardar un traje u otra ropa plana y en su percha  un compartimento separado para guardar un par de zapatos, con abertura en el costado de la bolsa      Color: MARR\u00d3N  Dimensiones cerrado: 58 x 36 x 31 cm  Dimensiones abierto: 58 x 114 x 110 cm  3 bolsillos exteriores, 4 bolsillos interiores  Interior de microfibra negra  Sitio para deslizar la bolsa en el asa telesc\u00f3pica de una maleta  Entregado con una correa de hombro extra\u00edble (tenga cuidado de no sobrecargar la bolsa cuando utilice la correa para el hombro)  La bolsa de viaje Mon Cintre 3 en 1 es ideal para hombres y mujeres de negocios que viajan durante 1 o 2 d\u00edas o para golfistas que regresan a la oficina despu\u00e9s de una ronda de golf. En \u00e9l puedes guardar un traje, una chaqueta o un vestido, sin necesidad de doblarlos, y dej\u00e1ndolos en su percha. La bolsa tambi\u00e9n consta de un bolsillo grande para guardar los zapatos y todav\u00eda habr\u00e1 mucho espacio de almacenamiento para sus art\u00edculos de tocador y su otra ropa y art\u00edculos personales.","og_url":"https:\/\/www.mon-cintre.com\/es\/producto\/bolsa-viaje-funda-traje-zapatos-marron-vegana\/","og_site_name":"MonCintre.com","article_modified_time":"2024-11-22T13:46:18+00:00","og_image":[{"width":2000,"height":2000,"url":"https:\/\/www.mon-cintre.com\/wp-content\/uploads\/2021\/11\/sac-voyage-cuir-pu-marron.jpg","type":"image\/jpeg"}],"twitter_card":"summary_large_image","twitter_misc":{"Tiempo de lectura":"2 minutos"},"schema":{"@context":"https:\/\/schema.org","@graph":[{"@type":"WebPage","@id":"https:\/\/www.mon-cintre.com\/es\/producto\/bolsa-viaje-funda-traje-zapatos-marron-vegana\/","url":"https:\/\/www.mon-cintre.com\/es\/producto\/bolsa-viaje-funda-traje-zapatos-marron-vegana\/","name":"Bolso de viaje en polipiel eco-responsable con funda para traje y zapatos \u2013 Color marr\u00f3n - MonCintre.com","isPartOf":{"@id":"https:\/\/www.mon-cintre.com\/es\/#website"},"primaryImageOfPage":{"@id":"https:\/\/www.mon-cintre.com\/es\/producto\/bolsa-viaje-funda-traje-zapatos-marron-vegana\/#primaryimage"},"image":{"@id":"https:\/\/www.mon-cintre.com\/es\/producto\/bolsa-viaje-funda-traje-zapatos-marron-vegana\/#primaryimage"},"thumbnailUrl":"https:\/\/www.mon-cintre.com\/wp-content\/uploads\/2021\/11\/sac-voyage-cuir-pu-marron.jpg","datePublished":"2021-11-22T14:35:06+00:00","dateModified":"2024-11-22T13:46:18+00:00","breadcrumb":{"@id":"https:\/\/www.mon-cintre.com\/es\/producto\/bolsa-viaje-funda-traje-zapatos-marron-vegana\/#breadcrumb"},"inLanguage":"es","potentialAction":[{"@type":"ReadAction","target":["https:\/\/www.mon-cintre.com\/es\/producto\/bolsa-viaje-funda-traje-zapatos-marron-vegana\/"]}]},{"@type":"ImageObject","inLanguage":"es","@id":"https:\/\/www.mon-cintre.com\/es\/producto\/bolsa-viaje-funda-traje-zapatos-marron-vegana\/#primaryimage","url":"https:\/\/www.mon-cintre.com\/wp-content\/uploads\/2021\/11\/sac-voyage-cuir-pu-marron.jpg","contentUrl":"https:\/\/www.mon-cintre.com\/wp-content\/uploads\/2021\/11\/sac-voyage-cuir-pu-marron.jpg","width":2000,"height":2000,"caption":"Bolsa de viaje de piel vegana con funda para traje y zapatos"},{"@type":"BreadcrumbList","@id":"https:\/\/www.mon-cintre.com\/es\/producto\/bolsa-viaje-funda-traje-zapatos-marron-vegana\/#breadcrumb","itemListElement":[{"@type":"ListItem","position":1,"name":"Accueil","item":"https:\/\/www.mon-cintre.com\/es\/"},{"@type":"ListItem","position":2,"name":"Tienda","item":"https:\/\/www.mon-cintre.com\/es\/tienda\/"},{"@type":"ListItem","position":3,"name":"Bolso de viaje en polipiel eco-responsable con funda para traje y zapatos \u2013 Color marr\u00f3n"}]},{"@type":"WebSite","@id":"https:\/\/www.mon-cintre.com\/es\/#website","url":"https:\/\/www.mon-cintre.com\/es\/","name":"MonCintre.com","description":"Cintres et accessoires dressing","publisher":{"@id":"https:\/\/www.mon-cintre.com\/es\/#organization"},"potentialAction":[{"@type":"SearchAction","target":{"@type":"EntryPoint","urlTemplate":"https:\/\/www.mon-cintre.com\/es\/?s={search_term_string}"},"query-input":{"@type":"PropertyValueSpecification","valueRequired":true,"valueName":"search_term_string"}}],"inLanguage":"es"},{"@type":"Organization","@id":"https:\/\/www.mon-cintre.com\/es\/#organization","name":"MonCintre.com","url":"https:\/\/www.mon-cintre.com\/es\/","logo":{"@type":"ImageObject","inLanguage":"es","@id":"https:\/\/www.mon-cintre.com\/es\/#\/schema\/logo\/image\/","url":"https:\/\/www.mon-cintre.com\/wp-content\/uploads\/2022\/12\/logo-blanc.png","contentUrl":"https:\/\/www.mon-cintre.com\/wp-content\/uploads\/2022\/12\/logo-blanc.png","width":345,"height":205,"caption":"MonCintre.com"},"image":{"@id":"https:\/\/www.mon-cintre.com\/es\/#\/schema\/logo\/image\/"}}]}},"_links":{"self":[{"href":"https:\/\/www.mon-cintre.com\/es\/wp-json\/wp\/v2\/product\/23949","targetHints":{"allow":["GET"]}}],"collection":[{"href":"https:\/\/www.mon-cintre.com\/es\/wp-json\/wp\/v2\/product"}],"about":[{"href":"https:\/\/www.mon-cintre.com\/es\/wp-json\/wp\/v2\/types\/product"}],"replies":[{"embeddable":true,"href":"https:\/\/www.mon-cintre.com\/es\/wp-json\/wp\/v2\/comments?post=23949"}],"wp:featuredmedia":[{"embeddable":true,"href":"https:\/\/www.mon-cintre.com\/es\/wp-json\/wp\/v2\/media\/25271"}],"wp:attachment":[{"href":"https:\/\/www.mon-cintre.com\/es\/wp-json\/wp\/v2\/media?parent=23949"}],"wp:term":[{"taxonomy":"product_brand","embeddable":true,"href":"https:\/\/www.mon-cintre.com\/es\/wp-json\/wp\/v2\/product_brand?post=23949"},{"taxonomy":"product_cat","embeddable":true,"href":"https:\/\/www.mon-cintre.com\/es\/wp-json\/wp\/v2\/product_cat?post=23949"},{"taxonomy":"product_tag","embeddable":true,"href":"https:\/\/www.mon-cintre.com\/es\/wp-json\/wp\/v2\/product_tag?post=23949"}],"curies":[{"name":"wp","href":"https:\/\/api.w.org\/{rel}","templated":true}]}}