

{"id":3026,"date":"2019-05-22T17:35:40","date_gmt":"2019-05-22T15:35:40","guid":{"rendered":"https:\/\/www.mon-cintre.com\/?post_type=product&#038;p=3026"},"modified":"2025-06-02T17:13:30","modified_gmt":"2025-06-02T15:13:30","slug":"90-perchas-de-aluminio-azul-turquesa","status":"publish","type":"product","link":"https:\/\/www.mon-cintre.com\/es\/producto\/90-perchas-de-aluminio-azul-turquesa\/","title":{"rendered":"Set vestidor 90 perchas de aluminio &#8211; Azul turquesa"},"content":{"rendered":"<ul>\n<li>90 perchas de aluminio color azul turquesa<\/li>\n<li>Dise\u00f1o y ahorro de espacio<\/li>\n<li>Dimensiones: ancho 41.5 cm, altura 23 cm, di\u00e1metro 0.6 cm<\/li>\n<li>Ideal para guardar camisas, blusas y camisetas<\/li>\n<li>Cuidado: Limpie con un pa\u00f1o suave y ligeramente h\u00famedo<\/li>\n<\/ul>\n<p>1 metro de armario = 60 perchas<\/p>\n<p><img loading=\"lazy\" decoding=\"async\" class=\"alignnone size-full wp-image-143\" src=\"https:\/\/www.mon-cintre.com\/DEV\/wp-content\/uploads\/2018\/08\/60cintres.png\" alt=\"\" width=\"190\" height=\"20\" \/><\/p>\n<p>* Foto no contractual.<br \/>\nTenga en cuenta que los colores cambian de una pantalla a otra, por lo que es posible que haya una variaci\u00f3n entre la pantalla y la realidad a pesar de la atenci\u00f3n prestada a la calidad de nuestras fotos.<\/p>\n","protected":false},"excerpt":{"rendered":"<ul>\n<li>90 perchas de aluminio &#8211; color azul turqueza<\/li>\n<li>Dise\u00f1o y ahorro de espacio<\/li>\n<li>Ideal para guardar camisas, blusas y camisetas<\/li>\n<li>Dimensiones: 41.5 cm x 6 mm<\/li>\n<\/ul>\n<p>La colecci\u00f3n MILLENIUM es decididamente moderna con sus colores y materiales actuales. Tanto a los j\u00f3venes como a los adultos les encantar\u00e1. Esta gama de bellas perchas muy finas, tambi\u00e9n le ahorrar\u00e1 espacio en sus vestidores.<\/p>\n","protected":false},"featured_media":33236,"comment_status":"open","ping_status":"closed","template":"","meta":{"inline_featured_image":false},"product_brand":[],"product_cat":[548,128,232,644,233,97,453,101,100,96,98,641,247],"product_tag":[],"class_list":{"0":"post-3026","1":"product","2":"type-product","3":"status-publish","4":"has-post-thumbnail","6":"product_cat-perchas","7":"product_cat-perchas-de-aluminio","8":"product_cat-perchas-para-blusas","9":"product_cat-perchas-bufanda","10":"product_cat-perchas-para-camisas","11":"product_cat-perchas-falda-pantalones","12":"product_cat-percha-para-ninos","13":"product_cat-perchas-para-pantalones","14":"product_cat-perchas-para-hombres","15":"product_cat-perchas-para-mujeres","16":"product_cat-perchas-para-vestidos","17":"product_cat-perchas-planas","18":"product_cat-set-vestidor","20":"first","21":"instock","22":"sale","23":"taxable","24":"shipping-taxable","25":"purchasable","26":"product-type-simple"},"yoast_head":"<!-- This site is optimized with the Yoast SEO plugin v27.4 - https:\/\/yoast.com\/product\/yoast-seo-wordpress\/ -->\n<title>Set vestidor 90 perchas de aluminio - Azul turquesa - MonCintre.com<\/title>\n<meta name=\"description\" content=\"90 hermosas perchas de aluminio azul para un vestidor de dise\u00f1o. Cuelga vestidos, camisetas y tops con estas perchas delgadas y ahorra espacio en tus guardarropas.\" \/>\n<meta name=\"robots\" content=\"index, follow, max-snippet:-1, max-image-preview:large, max-video-preview:-1\" \/>\n<link rel=\"canonical\" href=\"https:\/\/www.mon-cintre.com\/es\/producto\/90-perchas-de-aluminio-azul-turquesa\/\" \/>\n<meta property=\"og:locale\" content=\"es_ES\" \/>\n<meta property=\"og:type\" content=\"article\" \/>\n<meta property=\"og:title\" content=\"Set vestidor 90 perchas de aluminio - Azul turquesa - MonCintre.com\" \/>\n<meta property=\"og:description\" content=\"90 hermosas perchas de aluminio azul para un vestidor de dise\u00f1o. Cuelga vestidos, camisetas y tops con estas perchas delgadas y ahorra espacio en tus guardarropas.\" \/>\n<meta property=\"og:url\" content=\"https:\/\/www.mon-cintre.com\/es\/producto\/90-perchas-de-aluminio-azul-turquesa\/\" \/>\n<meta property=\"og:site_name\" content=\"MonCintre.com\" \/>\n<meta property=\"article:modified_time\" content=\"2025-06-02T15:13:30+00:00\" \/>\n<meta property=\"og:image\" content=\"https:\/\/www.mon-cintre.com\/wp-content\/uploads\/2019\/05\/pack-cintres-alu-90-bleu-7.jpg\" \/>\n\t<meta property=\"og:image:width\" content=\"1800\" \/>\n\t<meta property=\"og:image:height\" content=\"1800\" \/>\n\t<meta property=\"og:image:type\" content=\"image\/jpeg\" \/>\n<meta name=\"twitter:card\" content=\"summary_large_image\" \/>\n<meta name=\"twitter:label1\" content=\"Tiempo de lectura\" \/>\n\t<meta name=\"twitter:data1\" content=\"1 minuto\" \/>\n<script type=\"application\/ld+json\" class=\"yoast-schema-graph\">{\"@context\":\"https:\\\/\\\/schema.org\",\"@graph\":[{\"@type\":\"WebPage\",\"@id\":\"https:\\\/\\\/www.mon-cintre.com\\\/es\\\/producto\\\/90-perchas-de-aluminio-azul-turquesa\\\/\",\"url\":\"https:\\\/\\\/www.mon-cintre.com\\\/es\\\/producto\\\/90-perchas-de-aluminio-azul-turquesa\\\/\",\"name\":\"Set vestidor 90 perchas de aluminio - Azul turquesa - MonCintre.com\",\"isPartOf\":{\"@id\":\"https:\\\/\\\/www.mon-cintre.com\\\/es\\\/#website\"},\"primaryImageOfPage\":{\"@id\":\"https:\\\/\\\/www.mon-cintre.com\\\/es\\\/producto\\\/90-perchas-de-aluminio-azul-turquesa\\\/#primaryimage\"},\"image\":{\"@id\":\"https:\\\/\\\/www.mon-cintre.com\\\/es\\\/producto\\\/90-perchas-de-aluminio-azul-turquesa\\\/#primaryimage\"},\"thumbnailUrl\":\"https:\\\/\\\/www.mon-cintre.com\\\/wp-content\\\/uploads\\\/2019\\\/05\\\/pack-cintres-alu-90-bleu-7.jpg\",\"datePublished\":\"2019-05-22T15:35:40+00:00\",\"dateModified\":\"2025-06-02T15:13:30+00:00\",\"description\":\"90 hermosas perchas de aluminio azul para un vestidor de dise\u00f1o. Cuelga vestidos, camisetas y tops con estas perchas delgadas y ahorra espacio en tus guardarropas.\",\"breadcrumb\":{\"@id\":\"https:\\\/\\\/www.mon-cintre.com\\\/es\\\/producto\\\/90-perchas-de-aluminio-azul-turquesa\\\/#breadcrumb\"},\"inLanguage\":\"es\",\"potentialAction\":[{\"@type\":\"ReadAction\",\"target\":[\"https:\\\/\\\/www.mon-cintre.com\\\/es\\\/producto\\\/90-perchas-de-aluminio-azul-turquesa\\\/\"]}]},{\"@type\":\"ImageObject\",\"inLanguage\":\"es\",\"@id\":\"https:\\\/\\\/www.mon-cintre.com\\\/es\\\/producto\\\/90-perchas-de-aluminio-azul-turquesa\\\/#primaryimage\",\"url\":\"https:\\\/\\\/www.mon-cintre.com\\\/wp-content\\\/uploads\\\/2019\\\/05\\\/pack-cintres-alu-90-bleu-7.jpg\",\"contentUrl\":\"https:\\\/\\\/www.mon-cintre.com\\\/wp-content\\\/uploads\\\/2019\\\/05\\\/pack-cintres-alu-90-bleu-7.jpg\",\"width\":1800,\"height\":1800},{\"@type\":\"BreadcrumbList\",\"@id\":\"https:\\\/\\\/www.mon-cintre.com\\\/es\\\/producto\\\/90-perchas-de-aluminio-azul-turquesa\\\/#breadcrumb\",\"itemListElement\":[{\"@type\":\"ListItem\",\"position\":1,\"name\":\"Accueil\",\"item\":\"https:\\\/\\\/www.mon-cintre.com\\\/es\\\/\"},{\"@type\":\"ListItem\",\"position\":2,\"name\":\"Tienda\",\"item\":\"https:\\\/\\\/www.mon-cintre.com\\\/es\\\/tienda\\\/\"},{\"@type\":\"ListItem\",\"position\":3,\"name\":\"Set vestidor 90 perchas de aluminio &#8211; Azul turquesa\"}]},{\"@type\":\"WebSite\",\"@id\":\"https:\\\/\\\/www.mon-cintre.com\\\/es\\\/#website\",\"url\":\"https:\\\/\\\/www.mon-cintre.com\\\/es\\\/\",\"name\":\"MonCintre.com\",\"description\":\"Cintres et accessoires dressing\",\"publisher\":{\"@id\":\"https:\\\/\\\/www.mon-cintre.com\\\/es\\\/#organization\"},\"potentialAction\":[{\"@type\":\"SearchAction\",\"target\":{\"@type\":\"EntryPoint\",\"urlTemplate\":\"https:\\\/\\\/www.mon-cintre.com\\\/es\\\/?s={search_term_string}\"},\"query-input\":{\"@type\":\"PropertyValueSpecification\",\"valueRequired\":true,\"valueName\":\"search_term_string\"}}],\"inLanguage\":\"es\"},{\"@type\":\"Organization\",\"@id\":\"https:\\\/\\\/www.mon-cintre.com\\\/es\\\/#organization\",\"name\":\"MonCintre.com\",\"url\":\"https:\\\/\\\/www.mon-cintre.com\\\/es\\\/\",\"logo\":{\"@type\":\"ImageObject\",\"inLanguage\":\"es\",\"@id\":\"https:\\\/\\\/www.mon-cintre.com\\\/es\\\/#\\\/schema\\\/logo\\\/image\\\/\",\"url\":\"https:\\\/\\\/www.mon-cintre.com\\\/wp-content\\\/uploads\\\/2022\\\/12\\\/logo-blanc.png\",\"contentUrl\":\"https:\\\/\\\/www.mon-cintre.com\\\/wp-content\\\/uploads\\\/2022\\\/12\\\/logo-blanc.png\",\"width\":345,\"height\":205,\"caption\":\"MonCintre.com\"},\"image\":{\"@id\":\"https:\\\/\\\/www.mon-cintre.com\\\/es\\\/#\\\/schema\\\/logo\\\/image\\\/\"}}]}<\/script>\n<!-- \/ Yoast SEO plugin. -->","yoast_head_json":{"title":"Set vestidor 90 perchas de aluminio - Azul turquesa - MonCintre.com","description":"90 hermosas perchas de aluminio azul para un vestidor de dise\u00f1o. Cuelga vestidos, camisetas y tops con estas perchas delgadas y ahorra espacio en tus guardarropas.","robots":{"index":"index","follow":"follow","max-snippet":"max-snippet:-1","max-image-preview":"max-image-preview:large","max-video-preview":"max-video-preview:-1"},"canonical":"https:\/\/www.mon-cintre.com\/es\/producto\/90-perchas-de-aluminio-azul-turquesa\/","og_locale":"es_ES","og_type":"article","og_title":"Set vestidor 90 perchas de aluminio - Azul turquesa - MonCintre.com","og_description":"90 hermosas perchas de aluminio azul para un vestidor de dise\u00f1o. Cuelga vestidos, camisetas y tops con estas perchas delgadas y ahorra espacio en tus guardarropas.","og_url":"https:\/\/www.mon-cintre.com\/es\/producto\/90-perchas-de-aluminio-azul-turquesa\/","og_site_name":"MonCintre.com","article_modified_time":"2025-06-02T15:13:30+00:00","og_image":[{"width":1800,"height":1800,"url":"https:\/\/www.mon-cintre.com\/wp-content\/uploads\/2019\/05\/pack-cintres-alu-90-bleu-7.jpg","type":"image\/jpeg"}],"twitter_card":"summary_large_image","twitter_misc":{"Tiempo de lectura":"1 minuto"},"schema":{"@context":"https:\/\/schema.org","@graph":[{"@type":"WebPage","@id":"https:\/\/www.mon-cintre.com\/es\/producto\/90-perchas-de-aluminio-azul-turquesa\/","url":"https:\/\/www.mon-cintre.com\/es\/producto\/90-perchas-de-aluminio-azul-turquesa\/","name":"Set vestidor 90 perchas de aluminio - Azul turquesa - MonCintre.com","isPartOf":{"@id":"https:\/\/www.mon-cintre.com\/es\/#website"},"primaryImageOfPage":{"@id":"https:\/\/www.mon-cintre.com\/es\/producto\/90-perchas-de-aluminio-azul-turquesa\/#primaryimage"},"image":{"@id":"https:\/\/www.mon-cintre.com\/es\/producto\/90-perchas-de-aluminio-azul-turquesa\/#primaryimage"},"thumbnailUrl":"https:\/\/www.mon-cintre.com\/wp-content\/uploads\/2019\/05\/pack-cintres-alu-90-bleu-7.jpg","datePublished":"2019-05-22T15:35:40+00:00","dateModified":"2025-06-02T15:13:30+00:00","description":"90 hermosas perchas de aluminio azul para un vestidor de dise\u00f1o. Cuelga vestidos, camisetas y tops con estas perchas delgadas y ahorra espacio en tus guardarropas.","breadcrumb":{"@id":"https:\/\/www.mon-cintre.com\/es\/producto\/90-perchas-de-aluminio-azul-turquesa\/#breadcrumb"},"inLanguage":"es","potentialAction":[{"@type":"ReadAction","target":["https:\/\/www.mon-cintre.com\/es\/producto\/90-perchas-de-aluminio-azul-turquesa\/"]}]},{"@type":"ImageObject","inLanguage":"es","@id":"https:\/\/www.mon-cintre.com\/es\/producto\/90-perchas-de-aluminio-azul-turquesa\/#primaryimage","url":"https:\/\/www.mon-cintre.com\/wp-content\/uploads\/2019\/05\/pack-cintres-alu-90-bleu-7.jpg","contentUrl":"https:\/\/www.mon-cintre.com\/wp-content\/uploads\/2019\/05\/pack-cintres-alu-90-bleu-7.jpg","width":1800,"height":1800},{"@type":"BreadcrumbList","@id":"https:\/\/www.mon-cintre.com\/es\/producto\/90-perchas-de-aluminio-azul-turquesa\/#breadcrumb","itemListElement":[{"@type":"ListItem","position":1,"name":"Accueil","item":"https:\/\/www.mon-cintre.com\/es\/"},{"@type":"ListItem","position":2,"name":"Tienda","item":"https:\/\/www.mon-cintre.com\/es\/tienda\/"},{"@type":"ListItem","position":3,"name":"Set vestidor 90 perchas de aluminio &#8211; Azul turquesa"}]},{"@type":"WebSite","@id":"https:\/\/www.mon-cintre.com\/es\/#website","url":"https:\/\/www.mon-cintre.com\/es\/","name":"MonCintre.com","description":"Cintres et accessoires dressing","publisher":{"@id":"https:\/\/www.mon-cintre.com\/es\/#organization"},"potentialAction":[{"@type":"SearchAction","target":{"@type":"EntryPoint","urlTemplate":"https:\/\/www.mon-cintre.com\/es\/?s={search_term_string}"},"query-input":{"@type":"PropertyValueSpecification","valueRequired":true,"valueName":"search_term_string"}}],"inLanguage":"es"},{"@type":"Organization","@id":"https:\/\/www.mon-cintre.com\/es\/#organization","name":"MonCintre.com","url":"https:\/\/www.mon-cintre.com\/es\/","logo":{"@type":"ImageObject","inLanguage":"es","@id":"https:\/\/www.mon-cintre.com\/es\/#\/schema\/logo\/image\/","url":"https:\/\/www.mon-cintre.com\/wp-content\/uploads\/2022\/12\/logo-blanc.png","contentUrl":"https:\/\/www.mon-cintre.com\/wp-content\/uploads\/2022\/12\/logo-blanc.png","width":345,"height":205,"caption":"MonCintre.com"},"image":{"@id":"https:\/\/www.mon-cintre.com\/es\/#\/schema\/logo\/image\/"}}]}},"_links":{"self":[{"href":"https:\/\/www.mon-cintre.com\/es\/wp-json\/wp\/v2\/product\/3026","targetHints":{"allow":["GET"]}}],"collection":[{"href":"https:\/\/www.mon-cintre.com\/es\/wp-json\/wp\/v2\/product"}],"about":[{"href":"https:\/\/www.mon-cintre.com\/es\/wp-json\/wp\/v2\/types\/product"}],"replies":[{"embeddable":true,"href":"https:\/\/www.mon-cintre.com\/es\/wp-json\/wp\/v2\/comments?post=3026"}],"wp:featuredmedia":[{"embeddable":true,"href":"https:\/\/www.mon-cintre.com\/es\/wp-json\/wp\/v2\/media\/33236"}],"wp:attachment":[{"href":"https:\/\/www.mon-cintre.com\/es\/wp-json\/wp\/v2\/media?parent=3026"}],"wp:term":[{"taxonomy":"product_brand","embeddable":true,"href":"https:\/\/www.mon-cintre.com\/es\/wp-json\/wp\/v2\/product_brand?post=3026"},{"taxonomy":"product_cat","embeddable":true,"href":"https:\/\/www.mon-cintre.com\/es\/wp-json\/wp\/v2\/product_cat?post=3026"},{"taxonomy":"product_tag","embeddable":true,"href":"https:\/\/www.mon-cintre.com\/es\/wp-json\/wp\/v2\/product_tag?post=3026"}],"curies":[{"name":"wp","href":"https:\/\/api.w.org\/{rel}","templated":true}]}}