

{"id":30407,"date":"2023-08-15T17:11:47","date_gmt":"2023-08-15T15:11:47","guid":{"rendered":"https:\/\/www.mon-cintre.com\/?post_type=product&#038;p=30407"},"modified":"2026-02-11T12:50:48","modified_gmt":"2026-02-11T11:50:48","slug":"6-perchas-hombre-mujer-chaqueta-traje-natural-42-cm-5-cm","status":"publish","type":"product","link":"https:\/\/www.mon-cintre.com\/es\/producto\/6-perchas-hombre-mujer-chaqueta-traje-natural-42-cm-5-cm\/","title":{"rendered":"6 perchas de hombre y mujer para chaqueta, abrigo y traje &#8211; barniz natural (ancho 42 cm-hombro 5 cm)"},"content":{"rendered":"<ul>\n<li>6 perchas mixtas para abrigos, chaquetas y traje<\/li>\n<li>Madera natural barnizada<\/li>\n<li>Gancho y pinzas de color barril rifle mat<\/li>\n<li>Gancho giratorio 360\u00ba<\/li>\n<li>Ancho 42 cm<\/li>\n<li>Anchura de hombros 5 cm<\/li>\n<li>Gancho di\u00e1metro 5 mm, altura 8,5 cm<\/li>\n<li>Pinzas profesionales que no dejan marcas y aseguran un ajuste perfecto<\/li>\n<li>Pinzas m\u00f3viles a lo largo de toda la barra con protecci\u00f3n para no rayarla<\/li>\n<li>Pinzas 6 x 2 cm<\/li>\n<li>Caja de 6 perchas<\/li>\n<li>Ideal para chaquetas, abrigos, faldas, pantalones y trajes<\/li>\n<li>Cuidado: quitar el polvo con un pa\u00f1o suave y seco<\/li>\n<li>Informaci\u00f3n importante sobre nuestras perchas de madera: La madera es un material natural y nuestras tablas provienen directamente de los \u00e1rboles. Cada pieza de madera puede tener variaciones de color, vetas y nudos espec\u00edficos del \u00e1rbol original y de la parte del \u00e1rbol utilizada. Estas caracter\u00edsticas a\u00f1aden encanto a la madera sin afectar la calidad o durabilidad de nuestras perchas. La madera est\u00e1 viva y puede responder a los cambios de humedad. Nuestras perchas tambi\u00e9n est\u00e1n parcialmente moldeadas a mano, esta fabricaci\u00f3n artesanal hace que cada percha sea \u00fanica y puedan tener muy ligeras variaciones entre ellas.<\/li>\n<\/ul>\n<p>La colecci\u00f3n NATURAL atraer\u00e1 tanto a hombres como a mujeres. Su madera barnizada natural combinada con el gancho de bronce de ca\u00f1\u00f3n encajar\u00e1 en muchos interiores. 12 modelos de perchas para toda la ropa de su armario.<\/p>\n<p>Entregado en una caja de regalo blanca con logo. Cada percha est\u00e1 envuelta individualmente en una cubierta protectora.<\/p>\n<p><img loading=\"lazy\" decoding=\"async\" class=\"alignnone size-medium wp-image-2627\" src=\"https:\/\/www.mon-cintre.com\/wp-content\/uploads\/2019\/02\/boite-cadeau-300x300.jpg\" alt=\"Boite cadeau Mon cintre\" width=\"300\" height=\"300\" \/><\/p>\n<p>1 metro de armario = 14 perchas<br \/>\n<img loading=\"lazy\" decoding=\"async\" class=\"alignnone size-full wp-image-147\" src=\"https:\/\/www.mon-cintre.com\/DEV\/wp-content\/uploads\/2018\/08\/17cintres.png\" alt=\"\" width=\"190\" height=\"19\" \/><br \/>\n* Fotos no contractuales.<br \/>\nTenga en cuenta que los colores cambian de una pantalla a otra, por lo que es posible que haya una variaci\u00f3n entre la pantalla y la realidad a pesar de la atenci\u00f3n prestada a la calidad de nuestras fotos.<\/p>\n","protected":false},"excerpt":{"rendered":"<ul>\n<li>6 perchas mixtas para abrigos, chaquetas y trajes<\/li>\n<li>Madera natural barnizada<\/li>\n<li>Ancho 42 cm<\/li>\n<li>Anchura de hombros 5 cm<\/li>\n<li>Pinzas profesionales que no marcan<\/li>\n<li>Caja de 6 perchas<\/li>\n<li>Hecho a mano (<span style=\"text-decoration: underline;\"><a href=\"https:\/\/www.mon-cintre.com\/es\/perchas-hecho-mano\/\">leer m\u00e1s<\/a><\/span>)<\/li>\n<\/ul>\n<p>Compra online esta caja de 6 perchas de madera con hombros anchos y pinzas profesionales para colgar chaquetas, abrigos, trajes, faldas y pantalones sin da\u00f1arlos ni marcarlos. Personal\u00edzalas con tus iniciales o logotipo para pedidos de 24 perchas o m\u00e1s.<\/p>\n","protected":false},"featured_media":30415,"comment_status":"open","ping_status":"closed","template":"","meta":{"inline_featured_image":false},"product_brand":[],"product_cat":[572,548,636,610,596,600,243,423,102,99,97,101,100,96,628,577],"product_tag":[],"class_list":{"0":"post-30407","1":"product","2":"type-product","3":"status-publish","4":"has-post-thumbnail","6":"product_cat-colores-de-perchas","7":"product_cat-perchas","8":"product_cat-percha-curva","9":"product_cat-percha-talla-42","10":"product_cat-perchas-hombros-anchos","11":"product_cat-perchas-pinzas","12":"product_cat-perchas-madera-fresno","13":"product_cat-coleccion-natural","14":"product_cat-perchas-traje-de-hombre","15":"product_cat-perchas-para-chaquetas-de-mujer","16":"product_cat-perchas-falda-pantalones","17":"product_cat-perchas-para-pantalones","18":"product_cat-perchas-para-hombres","19":"product_cat-perchas-para-mujeres","20":"product_cat-perchas-tamano","21":"product_cat-tipos-perchas","23":"first","24":"instock","25":"taxable","26":"shipping-taxable","27":"purchasable","28":"product-type-simple"},"yoast_head":"<!-- This site is optimized with the Yoast SEO plugin v27.3 - https:\/\/yoast.com\/product\/yoast-seo-wordpress\/ -->\n<title>6 perchas de hombre y mujer para chaqueta, abrigo y traje - barniz natural (ancho 42 cm-hombro 5 cm) - MonCintre.com<\/title>\n<meta name=\"description\" content=\"Perchas de alta gama en madera natural barnizada para guardar tus chaquetas y abrigos que mantendr\u00e1n su forma gracias a los anchos hombros de la percha\" \/>\n<meta name=\"robots\" content=\"index, follow, max-snippet:-1, max-image-preview:large, max-video-preview:-1\" \/>\n<link rel=\"canonical\" href=\"https:\/\/www.mon-cintre.com\/es\/producto\/6-perchas-hombre-mujer-chaqueta-traje-natural-42-cm-5-cm\/\" \/>\n<meta property=\"og:locale\" content=\"es_ES\" \/>\n<meta property=\"og:type\" content=\"article\" \/>\n<meta property=\"og:title\" content=\"6 perchas de hombre y mujer para chaqueta, abrigo y traje - barniz natural (ancho 42 cm-hombro 5 cm) - MonCintre.com\" \/>\n<meta property=\"og:description\" content=\"Perchas de alta gama en madera natural barnizada para guardar tus chaquetas y abrigos que mantendr\u00e1n su forma gracias a los anchos hombros de la percha\" \/>\n<meta property=\"og:url\" content=\"https:\/\/www.mon-cintre.com\/es\/producto\/6-perchas-hombre-mujer-chaqueta-traje-natural-42-cm-5-cm\/\" \/>\n<meta property=\"og:site_name\" content=\"MonCintre.com\" \/>\n<meta property=\"article:modified_time\" content=\"2026-02-11T11:50:48+00:00\" \/>\n<meta property=\"og:image\" content=\"https:\/\/www.mon-cintre.com\/wp-content\/uploads\/2023\/08\/cintre-veste-pinces-CLA4250PIN-NA.jpg\" \/>\n\t<meta property=\"og:image:width\" content=\"2000\" \/>\n\t<meta property=\"og:image:height\" content=\"2000\" \/>\n\t<meta property=\"og:image:type\" content=\"image\/jpeg\" \/>\n<meta name=\"twitter:card\" content=\"summary_large_image\" \/>\n<meta name=\"twitter:label1\" content=\"Tiempo de lectura\" \/>\n\t<meta name=\"twitter:data1\" content=\"2 minutos\" \/>\n<script type=\"application\/ld+json\" class=\"yoast-schema-graph\">{\"@context\":\"https:\\\/\\\/schema.org\",\"@graph\":[{\"@type\":\"WebPage\",\"@id\":\"https:\\\/\\\/www.mon-cintre.com\\\/es\\\/producto\\\/6-perchas-hombre-mujer-chaqueta-traje-natural-42-cm-5-cm\\\/\",\"url\":\"https:\\\/\\\/www.mon-cintre.com\\\/es\\\/producto\\\/6-perchas-hombre-mujer-chaqueta-traje-natural-42-cm-5-cm\\\/\",\"name\":\"6 perchas de hombre y mujer para chaqueta, abrigo y traje - barniz natural (ancho 42 cm-hombro 5 cm) - MonCintre.com\",\"isPartOf\":{\"@id\":\"https:\\\/\\\/www.mon-cintre.com\\\/es\\\/#website\"},\"primaryImageOfPage\":{\"@id\":\"https:\\\/\\\/www.mon-cintre.com\\\/es\\\/producto\\\/6-perchas-hombre-mujer-chaqueta-traje-natural-42-cm-5-cm\\\/#primaryimage\"},\"image\":{\"@id\":\"https:\\\/\\\/www.mon-cintre.com\\\/es\\\/producto\\\/6-perchas-hombre-mujer-chaqueta-traje-natural-42-cm-5-cm\\\/#primaryimage\"},\"thumbnailUrl\":\"https:\\\/\\\/www.mon-cintre.com\\\/wp-content\\\/uploads\\\/2023\\\/08\\\/cintre-veste-pinces-CLA4250PIN-NA.jpg\",\"datePublished\":\"2023-08-15T15:11:47+00:00\",\"dateModified\":\"2026-02-11T11:50:48+00:00\",\"description\":\"Perchas de alta gama en madera natural barnizada para guardar tus chaquetas y abrigos que mantendr\u00e1n su forma gracias a los anchos hombros de la percha\",\"breadcrumb\":{\"@id\":\"https:\\\/\\\/www.mon-cintre.com\\\/es\\\/producto\\\/6-perchas-hombre-mujer-chaqueta-traje-natural-42-cm-5-cm\\\/#breadcrumb\"},\"inLanguage\":\"es\",\"potentialAction\":[{\"@type\":\"ReadAction\",\"target\":[\"https:\\\/\\\/www.mon-cintre.com\\\/es\\\/producto\\\/6-perchas-hombre-mujer-chaqueta-traje-natural-42-cm-5-cm\\\/\"]}]},{\"@type\":\"ImageObject\",\"inLanguage\":\"es\",\"@id\":\"https:\\\/\\\/www.mon-cintre.com\\\/es\\\/producto\\\/6-perchas-hombre-mujer-chaqueta-traje-natural-42-cm-5-cm\\\/#primaryimage\",\"url\":\"https:\\\/\\\/www.mon-cintre.com\\\/wp-content\\\/uploads\\\/2023\\\/08\\\/cintre-veste-pinces-CLA4250PIN-NA.jpg\",\"contentUrl\":\"https:\\\/\\\/www.mon-cintre.com\\\/wp-content\\\/uploads\\\/2023\\\/08\\\/cintre-veste-pinces-CLA4250PIN-NA.jpg\",\"width\":2000,\"height\":2000,\"caption\":\"percha de madera con pinzas para traje y chaqueta\"},{\"@type\":\"BreadcrumbList\",\"@id\":\"https:\\\/\\\/www.mon-cintre.com\\\/es\\\/producto\\\/6-perchas-hombre-mujer-chaqueta-traje-natural-42-cm-5-cm\\\/#breadcrumb\",\"itemListElement\":[{\"@type\":\"ListItem\",\"position\":1,\"name\":\"Accueil\",\"item\":\"https:\\\/\\\/www.mon-cintre.com\\\/es\\\/\"},{\"@type\":\"ListItem\",\"position\":2,\"name\":\"Tienda\",\"item\":\"https:\\\/\\\/www.mon-cintre.com\\\/es\\\/tienda\\\/\"},{\"@type\":\"ListItem\",\"position\":3,\"name\":\"6 perchas de hombre y mujer para chaqueta, abrigo y traje &#8211; barniz natural (ancho 42 cm-hombro 5 cm)\"}]},{\"@type\":\"WebSite\",\"@id\":\"https:\\\/\\\/www.mon-cintre.com\\\/es\\\/#website\",\"url\":\"https:\\\/\\\/www.mon-cintre.com\\\/es\\\/\",\"name\":\"MonCintre.com\",\"description\":\"Cintres et accessoires dressing\",\"publisher\":{\"@id\":\"https:\\\/\\\/www.mon-cintre.com\\\/es\\\/#organization\"},\"potentialAction\":[{\"@type\":\"SearchAction\",\"target\":{\"@type\":\"EntryPoint\",\"urlTemplate\":\"https:\\\/\\\/www.mon-cintre.com\\\/es\\\/?s={search_term_string}\"},\"query-input\":{\"@type\":\"PropertyValueSpecification\",\"valueRequired\":true,\"valueName\":\"search_term_string\"}}],\"inLanguage\":\"es\"},{\"@type\":\"Organization\",\"@id\":\"https:\\\/\\\/www.mon-cintre.com\\\/es\\\/#organization\",\"name\":\"MonCintre.com\",\"url\":\"https:\\\/\\\/www.mon-cintre.com\\\/es\\\/\",\"logo\":{\"@type\":\"ImageObject\",\"inLanguage\":\"es\",\"@id\":\"https:\\\/\\\/www.mon-cintre.com\\\/es\\\/#\\\/schema\\\/logo\\\/image\\\/\",\"url\":\"https:\\\/\\\/www.mon-cintre.com\\\/wp-content\\\/uploads\\\/2022\\\/12\\\/logo-blanc.png\",\"contentUrl\":\"https:\\\/\\\/www.mon-cintre.com\\\/wp-content\\\/uploads\\\/2022\\\/12\\\/logo-blanc.png\",\"width\":345,\"height\":205,\"caption\":\"MonCintre.com\"},\"image\":{\"@id\":\"https:\\\/\\\/www.mon-cintre.com\\\/es\\\/#\\\/schema\\\/logo\\\/image\\\/\"}}]}<\/script>\n<!-- \/ Yoast SEO plugin. -->","yoast_head_json":{"title":"6 perchas de hombre y mujer para chaqueta, abrigo y traje - barniz natural (ancho 42 cm-hombro 5 cm) - MonCintre.com","description":"Perchas de alta gama en madera natural barnizada para guardar tus chaquetas y abrigos que mantendr\u00e1n su forma gracias a los anchos hombros de la percha","robots":{"index":"index","follow":"follow","max-snippet":"max-snippet:-1","max-image-preview":"max-image-preview:large","max-video-preview":"max-video-preview:-1"},"canonical":"https:\/\/www.mon-cintre.com\/es\/producto\/6-perchas-hombre-mujer-chaqueta-traje-natural-42-cm-5-cm\/","og_locale":"es_ES","og_type":"article","og_title":"6 perchas de hombre y mujer para chaqueta, abrigo y traje - barniz natural (ancho 42 cm-hombro 5 cm) - MonCintre.com","og_description":"Perchas de alta gama en madera natural barnizada para guardar tus chaquetas y abrigos que mantendr\u00e1n su forma gracias a los anchos hombros de la percha","og_url":"https:\/\/www.mon-cintre.com\/es\/producto\/6-perchas-hombre-mujer-chaqueta-traje-natural-42-cm-5-cm\/","og_site_name":"MonCintre.com","article_modified_time":"2026-02-11T11:50:48+00:00","og_image":[{"width":2000,"height":2000,"url":"https:\/\/www.mon-cintre.com\/wp-content\/uploads\/2023\/08\/cintre-veste-pinces-CLA4250PIN-NA.jpg","type":"image\/jpeg"}],"twitter_card":"summary_large_image","twitter_misc":{"Tiempo de lectura":"2 minutos"},"schema":{"@context":"https:\/\/schema.org","@graph":[{"@type":"WebPage","@id":"https:\/\/www.mon-cintre.com\/es\/producto\/6-perchas-hombre-mujer-chaqueta-traje-natural-42-cm-5-cm\/","url":"https:\/\/www.mon-cintre.com\/es\/producto\/6-perchas-hombre-mujer-chaqueta-traje-natural-42-cm-5-cm\/","name":"6 perchas de hombre y mujer para chaqueta, abrigo y traje - barniz natural (ancho 42 cm-hombro 5 cm) - MonCintre.com","isPartOf":{"@id":"https:\/\/www.mon-cintre.com\/es\/#website"},"primaryImageOfPage":{"@id":"https:\/\/www.mon-cintre.com\/es\/producto\/6-perchas-hombre-mujer-chaqueta-traje-natural-42-cm-5-cm\/#primaryimage"},"image":{"@id":"https:\/\/www.mon-cintre.com\/es\/producto\/6-perchas-hombre-mujer-chaqueta-traje-natural-42-cm-5-cm\/#primaryimage"},"thumbnailUrl":"https:\/\/www.mon-cintre.com\/wp-content\/uploads\/2023\/08\/cintre-veste-pinces-CLA4250PIN-NA.jpg","datePublished":"2023-08-15T15:11:47+00:00","dateModified":"2026-02-11T11:50:48+00:00","description":"Perchas de alta gama en madera natural barnizada para guardar tus chaquetas y abrigos que mantendr\u00e1n su forma gracias a los anchos hombros de la percha","breadcrumb":{"@id":"https:\/\/www.mon-cintre.com\/es\/producto\/6-perchas-hombre-mujer-chaqueta-traje-natural-42-cm-5-cm\/#breadcrumb"},"inLanguage":"es","potentialAction":[{"@type":"ReadAction","target":["https:\/\/www.mon-cintre.com\/es\/producto\/6-perchas-hombre-mujer-chaqueta-traje-natural-42-cm-5-cm\/"]}]},{"@type":"ImageObject","inLanguage":"es","@id":"https:\/\/www.mon-cintre.com\/es\/producto\/6-perchas-hombre-mujer-chaqueta-traje-natural-42-cm-5-cm\/#primaryimage","url":"https:\/\/www.mon-cintre.com\/wp-content\/uploads\/2023\/08\/cintre-veste-pinces-CLA4250PIN-NA.jpg","contentUrl":"https:\/\/www.mon-cintre.com\/wp-content\/uploads\/2023\/08\/cintre-veste-pinces-CLA4250PIN-NA.jpg","width":2000,"height":2000,"caption":"percha de madera con pinzas para traje y chaqueta"},{"@type":"BreadcrumbList","@id":"https:\/\/www.mon-cintre.com\/es\/producto\/6-perchas-hombre-mujer-chaqueta-traje-natural-42-cm-5-cm\/#breadcrumb","itemListElement":[{"@type":"ListItem","position":1,"name":"Accueil","item":"https:\/\/www.mon-cintre.com\/es\/"},{"@type":"ListItem","position":2,"name":"Tienda","item":"https:\/\/www.mon-cintre.com\/es\/tienda\/"},{"@type":"ListItem","position":3,"name":"6 perchas de hombre y mujer para chaqueta, abrigo y traje &#8211; barniz natural (ancho 42 cm-hombro 5 cm)"}]},{"@type":"WebSite","@id":"https:\/\/www.mon-cintre.com\/es\/#website","url":"https:\/\/www.mon-cintre.com\/es\/","name":"MonCintre.com","description":"Cintres et accessoires dressing","publisher":{"@id":"https:\/\/www.mon-cintre.com\/es\/#organization"},"potentialAction":[{"@type":"SearchAction","target":{"@type":"EntryPoint","urlTemplate":"https:\/\/www.mon-cintre.com\/es\/?s={search_term_string}"},"query-input":{"@type":"PropertyValueSpecification","valueRequired":true,"valueName":"search_term_string"}}],"inLanguage":"es"},{"@type":"Organization","@id":"https:\/\/www.mon-cintre.com\/es\/#organization","name":"MonCintre.com","url":"https:\/\/www.mon-cintre.com\/es\/","logo":{"@type":"ImageObject","inLanguage":"es","@id":"https:\/\/www.mon-cintre.com\/es\/#\/schema\/logo\/image\/","url":"https:\/\/www.mon-cintre.com\/wp-content\/uploads\/2022\/12\/logo-blanc.png","contentUrl":"https:\/\/www.mon-cintre.com\/wp-content\/uploads\/2022\/12\/logo-blanc.png","width":345,"height":205,"caption":"MonCintre.com"},"image":{"@id":"https:\/\/www.mon-cintre.com\/es\/#\/schema\/logo\/image\/"}}]}},"_links":{"self":[{"href":"https:\/\/www.mon-cintre.com\/es\/wp-json\/wp\/v2\/product\/30407","targetHints":{"allow":["GET"]}}],"collection":[{"href":"https:\/\/www.mon-cintre.com\/es\/wp-json\/wp\/v2\/product"}],"about":[{"href":"https:\/\/www.mon-cintre.com\/es\/wp-json\/wp\/v2\/types\/product"}],"replies":[{"embeddable":true,"href":"https:\/\/www.mon-cintre.com\/es\/wp-json\/wp\/v2\/comments?post=30407"}],"wp:featuredmedia":[{"embeddable":true,"href":"https:\/\/www.mon-cintre.com\/es\/wp-json\/wp\/v2\/media\/30415"}],"wp:attachment":[{"href":"https:\/\/www.mon-cintre.com\/es\/wp-json\/wp\/v2\/media?parent=30407"}],"wp:term":[{"taxonomy":"product_brand","embeddable":true,"href":"https:\/\/www.mon-cintre.com\/es\/wp-json\/wp\/v2\/product_brand?post=30407"},{"taxonomy":"product_cat","embeddable":true,"href":"https:\/\/www.mon-cintre.com\/es\/wp-json\/wp\/v2\/product_cat?post=30407"},{"taxonomy":"product_tag","embeddable":true,"href":"https:\/\/www.mon-cintre.com\/es\/wp-json\/wp\/v2\/product_tag?post=30407"}],"curies":[{"name":"wp","href":"https:\/\/api.w.org\/{rel}","templated":true}]}}