

{"id":31108,"date":"2024-02-05T12:00:16","date_gmt":"2024-02-05T11:00:16","guid":{"rendered":"https:\/\/www.mon-cintre.com\/?post_type=product&#038;p=31108"},"modified":"2026-02-11T15:50:54","modified_gmt":"2026-02-11T14:50:54","slug":"barra-de-vestidor-de-lujo-para-desenganchar-en-madera-fresno-y-nogal","status":"publish","type":"product","link":"https:\/\/www.mon-cintre.com\/es\/producto\/barra-de-vestidor-de-lujo-para-desenganchar-en-madera-fresno-y-nogal\/","title":{"rendered":"Barra de vestidor de lujo para desenganchar, en madera (fresno y nogal)"},"content":{"rendered":"<p>\u2013 Cabeza y fijaci\u00f3n en nogal macizo.<br \/>\n\u2013 Mango de fresno macizo<br \/>\n\u2013 Fijaci\u00f3n redonda con im\u00e1n y adhesivo 3M para almacenamiento est\u00e9tico<br \/>\n\u2013 Dimensiones: 109 x 2 x 7 cm<br \/>\n&#8211; Peso: 400g<\/p>\n","protected":false},"excerpt":{"rendered":"<p>Barre para desenganchar perchas colocadas en lo alto de armarios y vestidores<\/p>\n<p>\u2013 Cabeza y fijaci\u00f3n en nogal macizo.<br \/>\n\u2013 Mango de fresno macizo<br \/>\n\u2013 Fijaci\u00f3n redonda con im\u00e1n y adhesivo 3M para almacenamiento est\u00e9tico<br \/>\n\u2013 Dimensiones: 109 x 2 x 7 cm<\/p>\n<p>&nbsp;<\/p>\n<p>Compra online esta barra para colgar ropa en armarios altos y accede f\u00e1cilmente a tus perchas. Elegante, con sus dos tipos de madera, nogal y fresno, es el complemento perfecto para tu armario.<\/p>\n","protected":false},"featured_media":30998,"comment_status":"open","ping_status":"closed","template":"","meta":{"inline_featured_image":false},"product_brand":[],"product_cat":[656,464,243,100,96],"product_tag":[],"class_list":{"0":"post-31108","1":"product","2":"type-product","3":"status-publish","4":"has-post-thumbnail","6":"product_cat-accesorios-vestidor","7":"product_cat-para-el-viaje-marroquineria","8":"product_cat-perchas-madera-fresno","9":"product_cat-perchas-para-hombres","10":"product_cat-perchas-para-mujeres","12":"first","13":"instock","14":"taxable","15":"shipping-taxable","16":"purchasable","17":"product-type-simple"},"yoast_head":"<!-- This site is optimized with the Yoast SEO plugin v27.4 - https:\/\/yoast.com\/product\/yoast-seo-wordpress\/ -->\n<title>Barra de vestidor de lujo para desenganchar, en madera (fresno y nogal) - MonCintre.com<\/title>\n<meta name=\"description\" content=\"Barra de tocador de madera de lujo para quitar perchas colocadas en lo alto de armarios y vestidores - Cabeza y fijaci\u00f3n en nogal macizo\" \/>\n<meta name=\"robots\" content=\"index, follow, max-snippet:-1, max-image-preview:large, max-video-preview:-1\" \/>\n<link rel=\"canonical\" href=\"https:\/\/www.mon-cintre.com\/es\/producto\/barra-de-vestidor-de-lujo-para-desenganchar-en-madera-fresno-y-nogal\/\" \/>\n<meta property=\"og:locale\" content=\"es_ES\" \/>\n<meta property=\"og:type\" content=\"article\" \/>\n<meta property=\"og:title\" content=\"Barra de vestidor de lujo para desenganchar, en madera (fresno y nogal) - MonCintre.com\" \/>\n<meta property=\"og:description\" content=\"Barra de tocador de madera de lujo para quitar perchas colocadas en lo alto de armarios y vestidores - Cabeza y fijaci\u00f3n en nogal macizo\" \/>\n<meta property=\"og:url\" content=\"https:\/\/www.mon-cintre.com\/es\/producto\/barra-de-vestidor-de-lujo-para-desenganchar-en-madera-fresno-y-nogal\/\" \/>\n<meta property=\"og:site_name\" content=\"MonCintre.com\" \/>\n<meta property=\"article:modified_time\" content=\"2026-02-11T14:50:54+00:00\" \/>\n<meta property=\"og:image\" content=\"https:\/\/www.mon-cintre.com\/wp-content\/uploads\/2023\/11\/perche-dressing-bois.jpg\" \/>\n\t<meta property=\"og:image:width\" content=\"2000\" \/>\n\t<meta property=\"og:image:height\" content=\"2000\" \/>\n\t<meta property=\"og:image:type\" content=\"image\/jpeg\" \/>\n<meta name=\"twitter:card\" content=\"summary_large_image\" \/>\n<script type=\"application\/ld+json\" class=\"yoast-schema-graph\">{\"@context\":\"https:\\\/\\\/schema.org\",\"@graph\":[{\"@type\":\"WebPage\",\"@id\":\"https:\\\/\\\/www.mon-cintre.com\\\/es\\\/producto\\\/barra-de-vestidor-de-lujo-para-desenganchar-en-madera-fresno-y-nogal\\\/\",\"url\":\"https:\\\/\\\/www.mon-cintre.com\\\/es\\\/producto\\\/barra-de-vestidor-de-lujo-para-desenganchar-en-madera-fresno-y-nogal\\\/\",\"name\":\"Barra de vestidor de lujo para desenganchar, en madera (fresno y nogal) - MonCintre.com\",\"isPartOf\":{\"@id\":\"https:\\\/\\\/www.mon-cintre.com\\\/es\\\/#website\"},\"primaryImageOfPage\":{\"@id\":\"https:\\\/\\\/www.mon-cintre.com\\\/es\\\/producto\\\/barra-de-vestidor-de-lujo-para-desenganchar-en-madera-fresno-y-nogal\\\/#primaryimage\"},\"image\":{\"@id\":\"https:\\\/\\\/www.mon-cintre.com\\\/es\\\/producto\\\/barra-de-vestidor-de-lujo-para-desenganchar-en-madera-fresno-y-nogal\\\/#primaryimage\"},\"thumbnailUrl\":\"https:\\\/\\\/www.mon-cintre.com\\\/wp-content\\\/uploads\\\/2023\\\/11\\\/perche-dressing-bois.jpg\",\"datePublished\":\"2024-02-05T11:00:16+00:00\",\"dateModified\":\"2026-02-11T14:50:54+00:00\",\"description\":\"Barra de tocador de madera de lujo para quitar perchas colocadas en lo alto de armarios y vestidores - Cabeza y fijaci\u00f3n en nogal macizo\",\"breadcrumb\":{\"@id\":\"https:\\\/\\\/www.mon-cintre.com\\\/es\\\/producto\\\/barra-de-vestidor-de-lujo-para-desenganchar-en-madera-fresno-y-nogal\\\/#breadcrumb\"},\"inLanguage\":\"es\",\"potentialAction\":[{\"@type\":\"ReadAction\",\"target\":[\"https:\\\/\\\/www.mon-cintre.com\\\/es\\\/producto\\\/barra-de-vestidor-de-lujo-para-desenganchar-en-madera-fresno-y-nogal\\\/\"]}]},{\"@type\":\"ImageObject\",\"inLanguage\":\"es\",\"@id\":\"https:\\\/\\\/www.mon-cintre.com\\\/es\\\/producto\\\/barra-de-vestidor-de-lujo-para-desenganchar-en-madera-fresno-y-nogal\\\/#primaryimage\",\"url\":\"https:\\\/\\\/www.mon-cintre.com\\\/wp-content\\\/uploads\\\/2023\\\/11\\\/perche-dressing-bois.jpg\",\"contentUrl\":\"https:\\\/\\\/www.mon-cintre.com\\\/wp-content\\\/uploads\\\/2023\\\/11\\\/perche-dressing-bois.jpg\",\"width\":2000,\"height\":2000,\"caption\":\"Barra de vestidor en madera para desenganchar\"},{\"@type\":\"BreadcrumbList\",\"@id\":\"https:\\\/\\\/www.mon-cintre.com\\\/es\\\/producto\\\/barra-de-vestidor-de-lujo-para-desenganchar-en-madera-fresno-y-nogal\\\/#breadcrumb\",\"itemListElement\":[{\"@type\":\"ListItem\",\"position\":1,\"name\":\"Accueil\",\"item\":\"https:\\\/\\\/www.mon-cintre.com\\\/es\\\/\"},{\"@type\":\"ListItem\",\"position\":2,\"name\":\"Tienda\",\"item\":\"https:\\\/\\\/www.mon-cintre.com\\\/es\\\/tienda\\\/\"},{\"@type\":\"ListItem\",\"position\":3,\"name\":\"Barra de vestidor de lujo para desenganchar, en madera (fresno y nogal)\"}]},{\"@type\":\"WebSite\",\"@id\":\"https:\\\/\\\/www.mon-cintre.com\\\/es\\\/#website\",\"url\":\"https:\\\/\\\/www.mon-cintre.com\\\/es\\\/\",\"name\":\"MonCintre.com\",\"description\":\"Cintres et accessoires dressing\",\"publisher\":{\"@id\":\"https:\\\/\\\/www.mon-cintre.com\\\/es\\\/#organization\"},\"potentialAction\":[{\"@type\":\"SearchAction\",\"target\":{\"@type\":\"EntryPoint\",\"urlTemplate\":\"https:\\\/\\\/www.mon-cintre.com\\\/es\\\/?s={search_term_string}\"},\"query-input\":{\"@type\":\"PropertyValueSpecification\",\"valueRequired\":true,\"valueName\":\"search_term_string\"}}],\"inLanguage\":\"es\"},{\"@type\":\"Organization\",\"@id\":\"https:\\\/\\\/www.mon-cintre.com\\\/es\\\/#organization\",\"name\":\"MonCintre.com\",\"url\":\"https:\\\/\\\/www.mon-cintre.com\\\/es\\\/\",\"logo\":{\"@type\":\"ImageObject\",\"inLanguage\":\"es\",\"@id\":\"https:\\\/\\\/www.mon-cintre.com\\\/es\\\/#\\\/schema\\\/logo\\\/image\\\/\",\"url\":\"https:\\\/\\\/www.mon-cintre.com\\\/wp-content\\\/uploads\\\/2022\\\/12\\\/logo-blanc.png\",\"contentUrl\":\"https:\\\/\\\/www.mon-cintre.com\\\/wp-content\\\/uploads\\\/2022\\\/12\\\/logo-blanc.png\",\"width\":345,\"height\":205,\"caption\":\"MonCintre.com\"},\"image\":{\"@id\":\"https:\\\/\\\/www.mon-cintre.com\\\/es\\\/#\\\/schema\\\/logo\\\/image\\\/\"}}]}<\/script>\n<!-- \/ Yoast SEO plugin. -->","yoast_head_json":{"title":"Barra de vestidor de lujo para desenganchar, en madera (fresno y nogal) - MonCintre.com","description":"Barra de tocador de madera de lujo para quitar perchas colocadas en lo alto de armarios y vestidores - Cabeza y fijaci\u00f3n en nogal macizo","robots":{"index":"index","follow":"follow","max-snippet":"max-snippet:-1","max-image-preview":"max-image-preview:large","max-video-preview":"max-video-preview:-1"},"canonical":"https:\/\/www.mon-cintre.com\/es\/producto\/barra-de-vestidor-de-lujo-para-desenganchar-en-madera-fresno-y-nogal\/","og_locale":"es_ES","og_type":"article","og_title":"Barra de vestidor de lujo para desenganchar, en madera (fresno y nogal) - MonCintre.com","og_description":"Barra de tocador de madera de lujo para quitar perchas colocadas en lo alto de armarios y vestidores - Cabeza y fijaci\u00f3n en nogal macizo","og_url":"https:\/\/www.mon-cintre.com\/es\/producto\/barra-de-vestidor-de-lujo-para-desenganchar-en-madera-fresno-y-nogal\/","og_site_name":"MonCintre.com","article_modified_time":"2026-02-11T14:50:54+00:00","og_image":[{"width":2000,"height":2000,"url":"https:\/\/www.mon-cintre.com\/wp-content\/uploads\/2023\/11\/perche-dressing-bois.jpg","type":"image\/jpeg"}],"twitter_card":"summary_large_image","schema":{"@context":"https:\/\/schema.org","@graph":[{"@type":"WebPage","@id":"https:\/\/www.mon-cintre.com\/es\/producto\/barra-de-vestidor-de-lujo-para-desenganchar-en-madera-fresno-y-nogal\/","url":"https:\/\/www.mon-cintre.com\/es\/producto\/barra-de-vestidor-de-lujo-para-desenganchar-en-madera-fresno-y-nogal\/","name":"Barra de vestidor de lujo para desenganchar, en madera (fresno y nogal) - MonCintre.com","isPartOf":{"@id":"https:\/\/www.mon-cintre.com\/es\/#website"},"primaryImageOfPage":{"@id":"https:\/\/www.mon-cintre.com\/es\/producto\/barra-de-vestidor-de-lujo-para-desenganchar-en-madera-fresno-y-nogal\/#primaryimage"},"image":{"@id":"https:\/\/www.mon-cintre.com\/es\/producto\/barra-de-vestidor-de-lujo-para-desenganchar-en-madera-fresno-y-nogal\/#primaryimage"},"thumbnailUrl":"https:\/\/www.mon-cintre.com\/wp-content\/uploads\/2023\/11\/perche-dressing-bois.jpg","datePublished":"2024-02-05T11:00:16+00:00","dateModified":"2026-02-11T14:50:54+00:00","description":"Barra de tocador de madera de lujo para quitar perchas colocadas en lo alto de armarios y vestidores - Cabeza y fijaci\u00f3n en nogal macizo","breadcrumb":{"@id":"https:\/\/www.mon-cintre.com\/es\/producto\/barra-de-vestidor-de-lujo-para-desenganchar-en-madera-fresno-y-nogal\/#breadcrumb"},"inLanguage":"es","potentialAction":[{"@type":"ReadAction","target":["https:\/\/www.mon-cintre.com\/es\/producto\/barra-de-vestidor-de-lujo-para-desenganchar-en-madera-fresno-y-nogal\/"]}]},{"@type":"ImageObject","inLanguage":"es","@id":"https:\/\/www.mon-cintre.com\/es\/producto\/barra-de-vestidor-de-lujo-para-desenganchar-en-madera-fresno-y-nogal\/#primaryimage","url":"https:\/\/www.mon-cintre.com\/wp-content\/uploads\/2023\/11\/perche-dressing-bois.jpg","contentUrl":"https:\/\/www.mon-cintre.com\/wp-content\/uploads\/2023\/11\/perche-dressing-bois.jpg","width":2000,"height":2000,"caption":"Barra de vestidor en madera para desenganchar"},{"@type":"BreadcrumbList","@id":"https:\/\/www.mon-cintre.com\/es\/producto\/barra-de-vestidor-de-lujo-para-desenganchar-en-madera-fresno-y-nogal\/#breadcrumb","itemListElement":[{"@type":"ListItem","position":1,"name":"Accueil","item":"https:\/\/www.mon-cintre.com\/es\/"},{"@type":"ListItem","position":2,"name":"Tienda","item":"https:\/\/www.mon-cintre.com\/es\/tienda\/"},{"@type":"ListItem","position":3,"name":"Barra de vestidor de lujo para desenganchar, en madera (fresno y nogal)"}]},{"@type":"WebSite","@id":"https:\/\/www.mon-cintre.com\/es\/#website","url":"https:\/\/www.mon-cintre.com\/es\/","name":"MonCintre.com","description":"Cintres et accessoires dressing","publisher":{"@id":"https:\/\/www.mon-cintre.com\/es\/#organization"},"potentialAction":[{"@type":"SearchAction","target":{"@type":"EntryPoint","urlTemplate":"https:\/\/www.mon-cintre.com\/es\/?s={search_term_string}"},"query-input":{"@type":"PropertyValueSpecification","valueRequired":true,"valueName":"search_term_string"}}],"inLanguage":"es"},{"@type":"Organization","@id":"https:\/\/www.mon-cintre.com\/es\/#organization","name":"MonCintre.com","url":"https:\/\/www.mon-cintre.com\/es\/","logo":{"@type":"ImageObject","inLanguage":"es","@id":"https:\/\/www.mon-cintre.com\/es\/#\/schema\/logo\/image\/","url":"https:\/\/www.mon-cintre.com\/wp-content\/uploads\/2022\/12\/logo-blanc.png","contentUrl":"https:\/\/www.mon-cintre.com\/wp-content\/uploads\/2022\/12\/logo-blanc.png","width":345,"height":205,"caption":"MonCintre.com"},"image":{"@id":"https:\/\/www.mon-cintre.com\/es\/#\/schema\/logo\/image\/"}}]}},"_links":{"self":[{"href":"https:\/\/www.mon-cintre.com\/es\/wp-json\/wp\/v2\/product\/31108","targetHints":{"allow":["GET"]}}],"collection":[{"href":"https:\/\/www.mon-cintre.com\/es\/wp-json\/wp\/v2\/product"}],"about":[{"href":"https:\/\/www.mon-cintre.com\/es\/wp-json\/wp\/v2\/types\/product"}],"replies":[{"embeddable":true,"href":"https:\/\/www.mon-cintre.com\/es\/wp-json\/wp\/v2\/comments?post=31108"}],"wp:featuredmedia":[{"embeddable":true,"href":"https:\/\/www.mon-cintre.com\/es\/wp-json\/wp\/v2\/media\/30998"}],"wp:attachment":[{"href":"https:\/\/www.mon-cintre.com\/es\/wp-json\/wp\/v2\/media?parent=31108"}],"wp:term":[{"taxonomy":"product_brand","embeddable":true,"href":"https:\/\/www.mon-cintre.com\/es\/wp-json\/wp\/v2\/product_brand?post=31108"},{"taxonomy":"product_cat","embeddable":true,"href":"https:\/\/www.mon-cintre.com\/es\/wp-json\/wp\/v2\/product_cat?post=31108"},{"taxonomy":"product_tag","embeddable":true,"href":"https:\/\/www.mon-cintre.com\/es\/wp-json\/wp\/v2\/product_tag?post=31108"}],"curies":[{"name":"wp","href":"https:\/\/api.w.org\/{rel}","templated":true}]}}