

{"id":31121,"date":"2024-01-05T13:51:56","date_gmt":"2024-01-05T12:51:56","guid":{"rendered":"https:\/\/www.mon-cintre.com\/?post_type=product&#038;p=31121"},"modified":"2026-02-25T14:52:25","modified_gmt":"2026-02-25T13:52:25","slug":"perchas-hombre-chaqueta-abrigo-negro-45-cm","status":"publish","type":"product","link":"https:\/\/www.mon-cintre.com\/es\/producto\/perchas-hombre-chaqueta-abrigo-negro-45-cm\/","title":{"rendered":"6 perchas de hombre para chaqueta y abrigo- negro cepillado (ancho 45 cm-hombro 5,5 cm)"},"content":{"rendered":"<ul>\n<li>6 perchas para abrigos y chaquetas<\/li>\n<li>Color negro, madera cepillada<\/li>\n<li>Gancho de color barril rifle mat<\/li>\n<li>Gancho giratorio 360\u00ba<\/li>\n<li>Ancho 45 cm<\/li>\n<li>Anchura de hombros 5,5 cm<\/li>\n<li>Gancho di\u00e1metro 5 mm, altura 8,5 cm<\/li>\n<li>Caja de 6 perchas<\/li>\n<li>Ideal para chaquetas y abrigos<\/li>\n<li>Cuidado: quitar el polvo con un pa\u00f1o suave y seco<\/li>\n<li>Informaci\u00f3n importante sobre nuestras perchas de madera: La madera es un material natural y nuestras tablas provienen directamente de los \u00e1rboles. Cada pieza de madera puede tener variaciones de color, vetas y nudos espec\u00edficos del \u00e1rbol original y de la parte del \u00e1rbol utilizada. Estas caracter\u00edsticas a\u00f1aden encanto a la madera sin afectar la calidad o durabilidad de nuestras perchas. La madera est\u00e1 viva y puede responder a los cambios de humedad. Nuestras perchas tambi\u00e9n est\u00e1n parcialmente moldeadas a mano, esta fabricaci\u00f3n artesanal hace que cada percha sea \u00fanica y puedan tener muy ligeras variaciones entre ellas.<\/li>\n<\/ul>\n<p>La colecci\u00f3n INTENSE atraer\u00e1 tanto a hombres como a mujeres. La hermosa madera cepillada negra da relieve a este conjunto de 13 modelos de perchas para toda la ropa de su armario.<\/p>\n<p>Entregado en una caja de regalo blanca con logo. Cada percha est\u00e1 envuelta individualmente en una cubierta protectora.<\/p>\n<p><img loading=\"lazy\" decoding=\"async\" class=\"alignnone size-medium wp-image-2627\" src=\"https:\/\/www.mon-cintre.com\/wp-content\/uploads\/2019\/02\/boite-cadeau-300x300.jpg\" alt=\"Boite cadeau Mon cintre\" width=\"300\" height=\"300\" \/><\/p>\n<p>1 metro de armario = 11 perchas<br \/>\n<img loading=\"lazy\" decoding=\"async\" class=\"alignnone size-full wp-image-147\" src=\"https:\/\/www.mon-cintre.com\/DEV\/wp-content\/uploads\/2018\/08\/17cintres.png\" alt=\"\" width=\"190\" height=\"19\" \/><br \/>\n* Fotos no contractuales.<br \/>\nTenga en cuenta que los colores cambian de una pantalla a otra, por lo que es posible que haya una variaci\u00f3n entre la pantalla y la realidad a pesar de la atenci\u00f3n prestada a la calidad de nuestras fotos.<\/p>\n","protected":false},"excerpt":{"rendered":"<p><strong><span style=\"color: red;\">0 cajas en stock, m\u00e1s stock en julio de 2026. Tambi\u00e9n le podr\u00eda interesar: <a href=\"https:\/\/www.mon-cintre.com\/es\/producto\/perchas-chaquetas-traje-fresno-negro\/\">6 perchas para chaquetas y traje, en fresno \u2013 negro cepillado (ancho 45 cm-hombro 5,5 cm)<\/a><\/span><\/strong><\/p>\n<ul>\n<li>6 perchas para abrigos y chaquetas<\/li>\n<li>Color negro, madera cepillada<\/li>\n<li>Ancho 45 cm<\/li>\n<li>Anchura de hombros 5,5 cm<\/li>\n<li>Caja de 6 perchas<\/li>\n<li>Hecho a mano (<span style=\"text-decoration: underline;\"><a href=\"https:\/\/www.mon-cintre.com\/es\/perchas-hecho-mano\/\">leer m\u00e1s<\/a><\/span>)<\/li>\n<\/ul>\n","protected":false},"featured_media":30146,"comment_status":"open","ping_status":"closed","template":"","meta":{"inline_featured_image":false},"product_brand":[],"product_cat":[572,548,636,612,596,243,93,102,100,628,577],"product_tag":[],"class_list":{"0":"post-31121","1":"product","2":"type-product","3":"status-publish","4":"has-post-thumbnail","6":"product_cat-colores-de-perchas","7":"product_cat-perchas","8":"product_cat-percha-curva","9":"product_cat-percha-talla-45","10":"product_cat-perchas-hombros-anchos","11":"product_cat-perchas-madera-fresno","12":"product_cat-coleccion-intenso","13":"product_cat-perchas-traje-de-hombre","14":"product_cat-perchas-para-hombres","15":"product_cat-perchas-tamano","16":"product_cat-tipos-perchas","18":"first","19":"outofstock","20":"taxable","21":"shipping-taxable","22":"purchasable","23":"product-type-simple"},"yoast_head":"<!-- This site is optimized with the Yoast SEO plugin v27.3 - https:\/\/yoast.com\/product\/yoast-seo-wordpress\/ -->\n<title>Perchas para abrigos y chaquetas - madera negra - 45 cm - Mon Cintre<\/title>\n<meta name=\"description\" content=\"6 perchas de madera para hombre, de alta gama en negro intenso con efecto cepillado para almacenar sus chaquetas y abrigos\" \/>\n<meta name=\"robots\" content=\"index, follow, max-snippet:-1, max-image-preview:large, max-video-preview:-1\" \/>\n<link rel=\"canonical\" href=\"https:\/\/www.mon-cintre.com\/es\/producto\/perchas-hombre-chaqueta-abrigo-negro-45-cm\/\" \/>\n<meta property=\"og:locale\" content=\"es_ES\" \/>\n<meta property=\"og:type\" content=\"article\" \/>\n<meta property=\"og:title\" content=\"Perchas para abrigos y chaquetas - madera negra - 45 cm - Mon Cintre\" \/>\n<meta property=\"og:description\" content=\"6 perchas de madera para hombre, de alta gama en negro intenso con efecto cepillado para almacenar sus chaquetas y abrigos\" \/>\n<meta property=\"og:url\" content=\"https:\/\/www.mon-cintre.com\/es\/producto\/perchas-hombre-chaqueta-abrigo-negro-45-cm\/\" \/>\n<meta property=\"og:site_name\" content=\"MonCintre.com\" \/>\n<meta property=\"article:modified_time\" content=\"2026-02-25T13:52:25+00:00\" \/>\n<meta property=\"og:image\" content=\"https:\/\/www.mon-cintre.com\/wp-content\/uploads\/2022\/10\/cintre-veste-manteau-CLA4250VES-BB.jpg\" \/>\n\t<meta property=\"og:image:width\" content=\"2000\" \/>\n\t<meta property=\"og:image:height\" content=\"2000\" \/>\n\t<meta property=\"og:image:type\" content=\"image\/jpeg\" \/>\n<meta name=\"twitter:card\" content=\"summary_large_image\" \/>\n<meta name=\"twitter:label1\" content=\"Tiempo de lectura\" \/>\n\t<meta name=\"twitter:data1\" content=\"2 minutos\" \/>\n<script type=\"application\/ld+json\" class=\"yoast-schema-graph\">{\"@context\":\"https:\\\/\\\/schema.org\",\"@graph\":[{\"@type\":\"WebPage\",\"@id\":\"https:\\\/\\\/www.mon-cintre.com\\\/es\\\/producto\\\/perchas-hombre-chaqueta-abrigo-negro-45-cm\\\/\",\"url\":\"https:\\\/\\\/www.mon-cintre.com\\\/es\\\/producto\\\/perchas-hombre-chaqueta-abrigo-negro-45-cm\\\/\",\"name\":\"Perchas para abrigos y chaquetas - madera negra - 45 cm - Mon Cintre\",\"isPartOf\":{\"@id\":\"https:\\\/\\\/www.mon-cintre.com\\\/es\\\/#website\"},\"primaryImageOfPage\":{\"@id\":\"https:\\\/\\\/www.mon-cintre.com\\\/es\\\/producto\\\/perchas-hombre-chaqueta-abrigo-negro-45-cm\\\/#primaryimage\"},\"image\":{\"@id\":\"https:\\\/\\\/www.mon-cintre.com\\\/es\\\/producto\\\/perchas-hombre-chaqueta-abrigo-negro-45-cm\\\/#primaryimage\"},\"thumbnailUrl\":\"https:\\\/\\\/www.mon-cintre.com\\\/wp-content\\\/uploads\\\/2022\\\/10\\\/cintre-veste-manteau-CLA4250VES-BB.jpg\",\"datePublished\":\"2024-01-05T12:51:56+00:00\",\"dateModified\":\"2026-02-25T13:52:25+00:00\",\"description\":\"6 perchas de madera para hombre, de alta gama en negro intenso con efecto cepillado para almacenar sus chaquetas y abrigos\",\"breadcrumb\":{\"@id\":\"https:\\\/\\\/www.mon-cintre.com\\\/es\\\/producto\\\/perchas-hombre-chaqueta-abrigo-negro-45-cm\\\/#breadcrumb\"},\"inLanguage\":\"es\",\"potentialAction\":[{\"@type\":\"ReadAction\",\"target\":[\"https:\\\/\\\/www.mon-cintre.com\\\/es\\\/producto\\\/perchas-hombre-chaqueta-abrigo-negro-45-cm\\\/\"]}]},{\"@type\":\"ImageObject\",\"inLanguage\":\"es\",\"@id\":\"https:\\\/\\\/www.mon-cintre.com\\\/es\\\/producto\\\/perchas-hombre-chaqueta-abrigo-negro-45-cm\\\/#primaryimage\",\"url\":\"https:\\\/\\\/www.mon-cintre.com\\\/wp-content\\\/uploads\\\/2022\\\/10\\\/cintre-veste-manteau-CLA4250VES-BB.jpg\",\"contentUrl\":\"https:\\\/\\\/www.mon-cintre.com\\\/wp-content\\\/uploads\\\/2022\\\/10\\\/cintre-veste-manteau-CLA4250VES-BB.jpg\",\"width\":2000,\"height\":2000,\"caption\":\"percha de madera negra para chaqueta y abrigo\"},{\"@type\":\"BreadcrumbList\",\"@id\":\"https:\\\/\\\/www.mon-cintre.com\\\/es\\\/producto\\\/perchas-hombre-chaqueta-abrigo-negro-45-cm\\\/#breadcrumb\",\"itemListElement\":[{\"@type\":\"ListItem\",\"position\":1,\"name\":\"Accueil\",\"item\":\"https:\\\/\\\/www.mon-cintre.com\\\/es\\\/\"},{\"@type\":\"ListItem\",\"position\":2,\"name\":\"Tienda\",\"item\":\"https:\\\/\\\/www.mon-cintre.com\\\/es\\\/tienda\\\/\"},{\"@type\":\"ListItem\",\"position\":3,\"name\":\"6 perchas de hombre para chaqueta y abrigo- negro cepillado (ancho 45 cm-hombro 5,5 cm)\"}]},{\"@type\":\"WebSite\",\"@id\":\"https:\\\/\\\/www.mon-cintre.com\\\/es\\\/#website\",\"url\":\"https:\\\/\\\/www.mon-cintre.com\\\/es\\\/\",\"name\":\"MonCintre.com\",\"description\":\"Cintres et accessoires dressing\",\"publisher\":{\"@id\":\"https:\\\/\\\/www.mon-cintre.com\\\/es\\\/#organization\"},\"potentialAction\":[{\"@type\":\"SearchAction\",\"target\":{\"@type\":\"EntryPoint\",\"urlTemplate\":\"https:\\\/\\\/www.mon-cintre.com\\\/es\\\/?s={search_term_string}\"},\"query-input\":{\"@type\":\"PropertyValueSpecification\",\"valueRequired\":true,\"valueName\":\"search_term_string\"}}],\"inLanguage\":\"es\"},{\"@type\":\"Organization\",\"@id\":\"https:\\\/\\\/www.mon-cintre.com\\\/es\\\/#organization\",\"name\":\"MonCintre.com\",\"url\":\"https:\\\/\\\/www.mon-cintre.com\\\/es\\\/\",\"logo\":{\"@type\":\"ImageObject\",\"inLanguage\":\"es\",\"@id\":\"https:\\\/\\\/www.mon-cintre.com\\\/es\\\/#\\\/schema\\\/logo\\\/image\\\/\",\"url\":\"https:\\\/\\\/www.mon-cintre.com\\\/wp-content\\\/uploads\\\/2022\\\/12\\\/logo-blanc.png\",\"contentUrl\":\"https:\\\/\\\/www.mon-cintre.com\\\/wp-content\\\/uploads\\\/2022\\\/12\\\/logo-blanc.png\",\"width\":345,\"height\":205,\"caption\":\"MonCintre.com\"},\"image\":{\"@id\":\"https:\\\/\\\/www.mon-cintre.com\\\/es\\\/#\\\/schema\\\/logo\\\/image\\\/\"}}]}<\/script>\n<!-- \/ Yoast SEO plugin. -->","yoast_head_json":{"title":"Perchas para abrigos y chaquetas - madera negra - 45 cm - Mon Cintre","description":"6 perchas de madera para hombre, de alta gama en negro intenso con efecto cepillado para almacenar sus chaquetas y abrigos","robots":{"index":"index","follow":"follow","max-snippet":"max-snippet:-1","max-image-preview":"max-image-preview:large","max-video-preview":"max-video-preview:-1"},"canonical":"https:\/\/www.mon-cintre.com\/es\/producto\/perchas-hombre-chaqueta-abrigo-negro-45-cm\/","og_locale":"es_ES","og_type":"article","og_title":"Perchas para abrigos y chaquetas - madera negra - 45 cm - Mon Cintre","og_description":"6 perchas de madera para hombre, de alta gama en negro intenso con efecto cepillado para almacenar sus chaquetas y abrigos","og_url":"https:\/\/www.mon-cintre.com\/es\/producto\/perchas-hombre-chaqueta-abrigo-negro-45-cm\/","og_site_name":"MonCintre.com","article_modified_time":"2026-02-25T13:52:25+00:00","og_image":[{"width":2000,"height":2000,"url":"https:\/\/www.mon-cintre.com\/wp-content\/uploads\/2022\/10\/cintre-veste-manteau-CLA4250VES-BB.jpg","type":"image\/jpeg"}],"twitter_card":"summary_large_image","twitter_misc":{"Tiempo de lectura":"2 minutos"},"schema":{"@context":"https:\/\/schema.org","@graph":[{"@type":"WebPage","@id":"https:\/\/www.mon-cintre.com\/es\/producto\/perchas-hombre-chaqueta-abrigo-negro-45-cm\/","url":"https:\/\/www.mon-cintre.com\/es\/producto\/perchas-hombre-chaqueta-abrigo-negro-45-cm\/","name":"Perchas para abrigos y chaquetas - madera negra - 45 cm - Mon Cintre","isPartOf":{"@id":"https:\/\/www.mon-cintre.com\/es\/#website"},"primaryImageOfPage":{"@id":"https:\/\/www.mon-cintre.com\/es\/producto\/perchas-hombre-chaqueta-abrigo-negro-45-cm\/#primaryimage"},"image":{"@id":"https:\/\/www.mon-cintre.com\/es\/producto\/perchas-hombre-chaqueta-abrigo-negro-45-cm\/#primaryimage"},"thumbnailUrl":"https:\/\/www.mon-cintre.com\/wp-content\/uploads\/2022\/10\/cintre-veste-manteau-CLA4250VES-BB.jpg","datePublished":"2024-01-05T12:51:56+00:00","dateModified":"2026-02-25T13:52:25+00:00","description":"6 perchas de madera para hombre, de alta gama en negro intenso con efecto cepillado para almacenar sus chaquetas y abrigos","breadcrumb":{"@id":"https:\/\/www.mon-cintre.com\/es\/producto\/perchas-hombre-chaqueta-abrigo-negro-45-cm\/#breadcrumb"},"inLanguage":"es","potentialAction":[{"@type":"ReadAction","target":["https:\/\/www.mon-cintre.com\/es\/producto\/perchas-hombre-chaqueta-abrigo-negro-45-cm\/"]}]},{"@type":"ImageObject","inLanguage":"es","@id":"https:\/\/www.mon-cintre.com\/es\/producto\/perchas-hombre-chaqueta-abrigo-negro-45-cm\/#primaryimage","url":"https:\/\/www.mon-cintre.com\/wp-content\/uploads\/2022\/10\/cintre-veste-manteau-CLA4250VES-BB.jpg","contentUrl":"https:\/\/www.mon-cintre.com\/wp-content\/uploads\/2022\/10\/cintre-veste-manteau-CLA4250VES-BB.jpg","width":2000,"height":2000,"caption":"percha de madera negra para chaqueta y abrigo"},{"@type":"BreadcrumbList","@id":"https:\/\/www.mon-cintre.com\/es\/producto\/perchas-hombre-chaqueta-abrigo-negro-45-cm\/#breadcrumb","itemListElement":[{"@type":"ListItem","position":1,"name":"Accueil","item":"https:\/\/www.mon-cintre.com\/es\/"},{"@type":"ListItem","position":2,"name":"Tienda","item":"https:\/\/www.mon-cintre.com\/es\/tienda\/"},{"@type":"ListItem","position":3,"name":"6 perchas de hombre para chaqueta y abrigo- negro cepillado (ancho 45 cm-hombro 5,5 cm)"}]},{"@type":"WebSite","@id":"https:\/\/www.mon-cintre.com\/es\/#website","url":"https:\/\/www.mon-cintre.com\/es\/","name":"MonCintre.com","description":"Cintres et accessoires dressing","publisher":{"@id":"https:\/\/www.mon-cintre.com\/es\/#organization"},"potentialAction":[{"@type":"SearchAction","target":{"@type":"EntryPoint","urlTemplate":"https:\/\/www.mon-cintre.com\/es\/?s={search_term_string}"},"query-input":{"@type":"PropertyValueSpecification","valueRequired":true,"valueName":"search_term_string"}}],"inLanguage":"es"},{"@type":"Organization","@id":"https:\/\/www.mon-cintre.com\/es\/#organization","name":"MonCintre.com","url":"https:\/\/www.mon-cintre.com\/es\/","logo":{"@type":"ImageObject","inLanguage":"es","@id":"https:\/\/www.mon-cintre.com\/es\/#\/schema\/logo\/image\/","url":"https:\/\/www.mon-cintre.com\/wp-content\/uploads\/2022\/12\/logo-blanc.png","contentUrl":"https:\/\/www.mon-cintre.com\/wp-content\/uploads\/2022\/12\/logo-blanc.png","width":345,"height":205,"caption":"MonCintre.com"},"image":{"@id":"https:\/\/www.mon-cintre.com\/es\/#\/schema\/logo\/image\/"}}]}},"_links":{"self":[{"href":"https:\/\/www.mon-cintre.com\/es\/wp-json\/wp\/v2\/product\/31121","targetHints":{"allow":["GET"]}}],"collection":[{"href":"https:\/\/www.mon-cintre.com\/es\/wp-json\/wp\/v2\/product"}],"about":[{"href":"https:\/\/www.mon-cintre.com\/es\/wp-json\/wp\/v2\/types\/product"}],"replies":[{"embeddable":true,"href":"https:\/\/www.mon-cintre.com\/es\/wp-json\/wp\/v2\/comments?post=31121"}],"wp:featuredmedia":[{"embeddable":true,"href":"https:\/\/www.mon-cintre.com\/es\/wp-json\/wp\/v2\/media\/30146"}],"wp:attachment":[{"href":"https:\/\/www.mon-cintre.com\/es\/wp-json\/wp\/v2\/media?parent=31121"}],"wp:term":[{"taxonomy":"product_brand","embeddable":true,"href":"https:\/\/www.mon-cintre.com\/es\/wp-json\/wp\/v2\/product_brand?post=31121"},{"taxonomy":"product_cat","embeddable":true,"href":"https:\/\/www.mon-cintre.com\/es\/wp-json\/wp\/v2\/product_cat?post=31121"},{"taxonomy":"product_tag","embeddable":true,"href":"https:\/\/www.mon-cintre.com\/es\/wp-json\/wp\/v2\/product_tag?post=31121"}],"curies":[{"name":"wp","href":"https:\/\/api.w.org\/{rel}","templated":true}]}}