

{"id":33368,"date":"2025-06-11T13:34:45","date_gmt":"2025-06-11T11:34:45","guid":{"rendered":"https:\/\/www.mon-cintre.com\/?post_type=product&#038;p=33368"},"modified":"2026-04-01T17:08:31","modified_gmt":"2026-04-01T15:08:31","slug":"10-perchas-madera-pantalones-color-madera-blanco-patinado","status":"publish","type":"product","link":"https:\/\/www.mon-cintre.com\/es\/producto\/10-perchas-madera-pantalones-color-madera-blanco-patinado\/","title":{"rendered":"10 perchas de fresno para pantalones &#8211; color blanco patinado (ancho 38 cm)"},"content":{"rendered":"<ul>\n<li>10 perchas de madera de fresno para pantalones<\/li>\n<li>Esencia de fresno te\u00f1ida en blanco patinado<\/li>\n<li>Gancho en color n\u00edquel mate<\/li>\n<li>Barra con silicona lisa antideslizante, no marca la ropa<\/li>\n<li>Anchura 38 cm<\/li>\n<li>Espesor 1,5 cm<\/li>\n<li>Di\u00e1metro del gancho 5 mm, altura 8,5 cm<\/li>\n<li>Caja de 10 perchas<\/li>\n<li>Ideal para pantalones, bufandas, chales, etc.<\/li>\n<li>Mantenimiento: quitar el polvo con un pa\u00f1o suave y seco<\/li>\n<li>Informaci\u00f3n importante sobre nuestras perchas de madera: La madera es un material natural y nuestras tablas provienen directamente de los \u00e1rboles. Cada pieza de madera puede tener variaciones de color, vetas y nudos espec\u00edficos del \u00e1rbol original y de la parte del \u00e1rbol utilizada. Estas caracter\u00edsticas a\u00f1aden encanto a la madera sin afectar la calidad o durabilidad de nuestras perchas. La madera est\u00e1 viva y puede responder a los cambios de humedad. Nuestras perchas tambi\u00e9n est\u00e1n parcialmente moldeadas a mano, esta fabricaci\u00f3n artesanal hace que cada percha sea \u00fanica y puedan tener muy ligeras variaciones entre ellas.<\/li>\n<\/ul>\n<p>La colecci\u00f3n Mademoiselle se convierte en la colecci\u00f3n Rivage, siempre con sus colores suaves, y que ahora se presenta en 9 modelos para todos los conjuntos del armario de mujer y caballero.<\/p>\n<p>Se entrega en una caja de regalo blanca con el logotipo. Cada percha est\u00e1 envuelta individualmente en una funda protectora.<\/p>\n<p><img loading=\"lazy\" decoding=\"async\" class=\"alignnone size-medium wp-image-2627\" src=\"https:\/\/www.mon-cintre.com\/wp-content\/uploads\/2019\/02\/boite-cadeau-300x300.jpg\" alt=\"Boite cadeau Mon cintre\" width=\"300\" height=\"300\" \/><\/p>\n<p>1 metro de armario = 40 perchas<br \/>\n<img loading=\"lazy\" decoding=\"async\" class=\"alignnone size-full wp-image-156\" src=\"https:\/\/www.mon-cintre.com\/DEV\/wp-content\/uploads\/2018\/08\/40cintres.png\" alt=\"\" width=\"190\" height=\"19\" \/><br \/>\n* Fotos no contractuales.<br \/>\nTenga en cuenta que los colores cambian de una pantalla a otra, por lo que es posible que haya una variaci\u00f3n entre la pantalla y la realidad a pesar de la atenci\u00f3n prestada a la calidad de nuestras fotos.<\/p>\n","protected":false},"excerpt":{"rendered":"<p><strong><span style=\"color: red;\">0 cajas en stock, disponibles de nuevo en septiembre de 2026<\/span><\/strong><\/p>\n<ul>\n<li>10 perchas para pantalones con barra antideslizante<\/li>\n<li>Color blanco patinado<\/li>\n<li>Anchura 38 cm<\/li>\n<li>Espesor 1,5 cm<\/li>\n<li>Barra antideslizante<\/li>\n<li>Caja de 10 perchas<\/li>\n<li>Hecho a mano (<span style=\"text-decoration: underline;\"><a href=\"https:\/\/www.mon-cintre.com\/es\/perchas-hecho-mano\/\">leer m\u00e1s<\/a><\/span>)<\/li>\n<\/ul>\n<p>Compra online esta caja de 10 perchas de madera con agarres antideslizantes para guardar f\u00e1cilmente tus pantalones en el armario gracias a su ingenioso dise\u00f1o abierto. Personal\u00edzalas con tus iniciales o logotipo para pedidos de 20 perchas o m\u00e1s.<\/p>\n","protected":false},"featured_media":33472,"comment_status":"open","ping_status":"closed","template":"","meta":{"inline_featured_image":false},"product_brand":[],"product_cat":[572,548,89,587,243,644,97,453,101,100,96,641,628,577],"product_tag":[],"class_list":{"0":"post-33368","1":"product","2":"type-product","3":"status-publish","4":"has-post-thumbnail","6":"product_cat-colores-de-perchas","7":"product_cat-perchas","8":"product_cat-coleccion-mademoiselle","9":"product_cat-perchas-barra","10":"product_cat-perchas-madera-fresno","11":"product_cat-perchas-bufanda","12":"product_cat-perchas-falda-pantalones","13":"product_cat-percha-para-ninos","14":"product_cat-perchas-para-pantalones","15":"product_cat-perchas-para-hombres","16":"product_cat-perchas-para-mujeres","17":"product_cat-perchas-planas","18":"product_cat-perchas-tamano","19":"product_cat-tipos-perchas","21":"first","22":"outofstock","23":"taxable","24":"shipping-taxable","25":"purchasable","26":"product-type-simple"},"yoast_head":"<!-- This site is optimized with the Yoast SEO plugin v27.5 - https:\/\/yoast.com\/product\/yoast-seo-wordpress\/ -->\n<title>10 perchas para pantalones - color blanco patinado - Mon Cintre<\/title>\n<meta name=\"description\" content=\"10 perchas de alta calidad fabricadas en madera color blanco patinado para guardar sus pantalones de forma sencilla y elegante gracias a su forma especialmente dise\u00f1ada y antideslizante.\" \/>\n<meta name=\"robots\" content=\"index, follow, max-snippet:-1, max-image-preview:large, max-video-preview:-1\" \/>\n<link rel=\"canonical\" href=\"https:\/\/www.mon-cintre.com\/es\/producto\/10-perchas-madera-pantalones-color-madera-blanco-patinado\/\" \/>\n<meta property=\"og:locale\" content=\"es_ES\" \/>\n<meta property=\"og:type\" content=\"article\" \/>\n<meta property=\"og:title\" content=\"10 perchas para pantalones - color blanco patinado - Mon Cintre\" \/>\n<meta property=\"og:description\" content=\"10 perchas de alta calidad fabricadas en madera color blanco patinado para guardar sus pantalones de forma sencilla y elegante gracias a su forma especialmente dise\u00f1ada y antideslizante.\" \/>\n<meta property=\"og:url\" content=\"https:\/\/www.mon-cintre.com\/es\/producto\/10-perchas-madera-pantalones-color-madera-blanco-patinado\/\" \/>\n<meta property=\"og:site_name\" content=\"MonCintre.com\" \/>\n<meta property=\"article:modified_time\" content=\"2026-04-01T15:08:31+00:00\" \/>\n<meta property=\"og:image\" content=\"https:\/\/www.mon-cintre.com\/wp-content\/uploads\/2025\/06\/cintre-pantalon-PANT38-WW-1.jpg\" \/>\n\t<meta property=\"og:image:width\" content=\"2000\" \/>\n\t<meta property=\"og:image:height\" content=\"2000\" \/>\n\t<meta property=\"og:image:type\" content=\"image\/jpeg\" \/>\n<meta name=\"twitter:card\" content=\"summary_large_image\" \/>\n<meta name=\"twitter:label1\" content=\"Tiempo de lectura\" \/>\n\t<meta name=\"twitter:data1\" content=\"2 minutos\" \/>\n<script type=\"application\/ld+json\" class=\"yoast-schema-graph\">{\"@context\":\"https:\\\/\\\/schema.org\",\"@graph\":[{\"@type\":\"WebPage\",\"@id\":\"https:\\\/\\\/www.mon-cintre.com\\\/es\\\/producto\\\/10-perchas-madera-pantalones-color-madera-blanco-patinado\\\/\",\"url\":\"https:\\\/\\\/www.mon-cintre.com\\\/es\\\/producto\\\/10-perchas-madera-pantalones-color-madera-blanco-patinado\\\/\",\"name\":\"10 perchas para pantalones - color blanco patinado - Mon Cintre\",\"isPartOf\":{\"@id\":\"https:\\\/\\\/www.mon-cintre.com\\\/es\\\/#website\"},\"primaryImageOfPage\":{\"@id\":\"https:\\\/\\\/www.mon-cintre.com\\\/es\\\/producto\\\/10-perchas-madera-pantalones-color-madera-blanco-patinado\\\/#primaryimage\"},\"image\":{\"@id\":\"https:\\\/\\\/www.mon-cintre.com\\\/es\\\/producto\\\/10-perchas-madera-pantalones-color-madera-blanco-patinado\\\/#primaryimage\"},\"thumbnailUrl\":\"https:\\\/\\\/www.mon-cintre.com\\\/wp-content\\\/uploads\\\/2025\\\/06\\\/cintre-pantalon-PANT38-WW-1.jpg\",\"datePublished\":\"2025-06-11T11:34:45+00:00\",\"dateModified\":\"2026-04-01T15:08:31+00:00\",\"description\":\"10 perchas de alta calidad fabricadas en madera color blanco patinado para guardar sus pantalones de forma sencilla y elegante gracias a su forma especialmente dise\u00f1ada y antideslizante.\",\"breadcrumb\":{\"@id\":\"https:\\\/\\\/www.mon-cintre.com\\\/es\\\/producto\\\/10-perchas-madera-pantalones-color-madera-blanco-patinado\\\/#breadcrumb\"},\"inLanguage\":\"es\",\"potentialAction\":[{\"@type\":\"ReadAction\",\"target\":[\"https:\\\/\\\/www.mon-cintre.com\\\/es\\\/producto\\\/10-perchas-madera-pantalones-color-madera-blanco-patinado\\\/\"]}]},{\"@type\":\"ImageObject\",\"inLanguage\":\"es\",\"@id\":\"https:\\\/\\\/www.mon-cintre.com\\\/es\\\/producto\\\/10-perchas-madera-pantalones-color-madera-blanco-patinado\\\/#primaryimage\",\"url\":\"https:\\\/\\\/www.mon-cintre.com\\\/wp-content\\\/uploads\\\/2025\\\/06\\\/cintre-pantalon-PANT38-WW-1.jpg\",\"contentUrl\":\"https:\\\/\\\/www.mon-cintre.com\\\/wp-content\\\/uploads\\\/2025\\\/06\\\/cintre-pantalon-PANT38-WW-1.jpg\",\"width\":2000,\"height\":2000,\"caption\":\"cintre pour pantalon coloris blanc lasur\u00e9\"},{\"@type\":\"BreadcrumbList\",\"@id\":\"https:\\\/\\\/www.mon-cintre.com\\\/es\\\/producto\\\/10-perchas-madera-pantalones-color-madera-blanco-patinado\\\/#breadcrumb\",\"itemListElement\":[{\"@type\":\"ListItem\",\"position\":1,\"name\":\"Accueil\",\"item\":\"https:\\\/\\\/www.mon-cintre.com\\\/es\\\/\"},{\"@type\":\"ListItem\",\"position\":2,\"name\":\"Tienda\",\"item\":\"https:\\\/\\\/www.mon-cintre.com\\\/es\\\/tienda\\\/\"},{\"@type\":\"ListItem\",\"position\":3,\"name\":\"10 perchas de fresno para pantalones &#8211; color blanco patinado (ancho 38 cm)\"}]},{\"@type\":\"WebSite\",\"@id\":\"https:\\\/\\\/www.mon-cintre.com\\\/es\\\/#website\",\"url\":\"https:\\\/\\\/www.mon-cintre.com\\\/es\\\/\",\"name\":\"MonCintre.com\",\"description\":\"Cintres et accessoires dressing\",\"publisher\":{\"@id\":\"https:\\\/\\\/www.mon-cintre.com\\\/es\\\/#organization\"},\"potentialAction\":[{\"@type\":\"SearchAction\",\"target\":{\"@type\":\"EntryPoint\",\"urlTemplate\":\"https:\\\/\\\/www.mon-cintre.com\\\/es\\\/?s={search_term_string}\"},\"query-input\":{\"@type\":\"PropertyValueSpecification\",\"valueRequired\":true,\"valueName\":\"search_term_string\"}}],\"inLanguage\":\"es\"},{\"@type\":\"Organization\",\"@id\":\"https:\\\/\\\/www.mon-cintre.com\\\/es\\\/#organization\",\"name\":\"MonCintre.com\",\"url\":\"https:\\\/\\\/www.mon-cintre.com\\\/es\\\/\",\"logo\":{\"@type\":\"ImageObject\",\"inLanguage\":\"es\",\"@id\":\"https:\\\/\\\/www.mon-cintre.com\\\/es\\\/#\\\/schema\\\/logo\\\/image\\\/\",\"url\":\"https:\\\/\\\/www.mon-cintre.com\\\/wp-content\\\/uploads\\\/2022\\\/12\\\/logo-blanc.png\",\"contentUrl\":\"https:\\\/\\\/www.mon-cintre.com\\\/wp-content\\\/uploads\\\/2022\\\/12\\\/logo-blanc.png\",\"width\":345,\"height\":205,\"caption\":\"MonCintre.com\"},\"image\":{\"@id\":\"https:\\\/\\\/www.mon-cintre.com\\\/es\\\/#\\\/schema\\\/logo\\\/image\\\/\"}}]}<\/script>\n<!-- \/ Yoast SEO plugin. -->","yoast_head_json":{"title":"10 perchas para pantalones - color blanco patinado - Mon Cintre","description":"10 perchas de alta calidad fabricadas en madera color blanco patinado para guardar sus pantalones de forma sencilla y elegante gracias a su forma especialmente dise\u00f1ada y antideslizante.","robots":{"index":"index","follow":"follow","max-snippet":"max-snippet:-1","max-image-preview":"max-image-preview:large","max-video-preview":"max-video-preview:-1"},"canonical":"https:\/\/www.mon-cintre.com\/es\/producto\/10-perchas-madera-pantalones-color-madera-blanco-patinado\/","og_locale":"es_ES","og_type":"article","og_title":"10 perchas para pantalones - color blanco patinado - Mon Cintre","og_description":"10 perchas de alta calidad fabricadas en madera color blanco patinado para guardar sus pantalones de forma sencilla y elegante gracias a su forma especialmente dise\u00f1ada y antideslizante.","og_url":"https:\/\/www.mon-cintre.com\/es\/producto\/10-perchas-madera-pantalones-color-madera-blanco-patinado\/","og_site_name":"MonCintre.com","article_modified_time":"2026-04-01T15:08:31+00:00","og_image":[{"width":2000,"height":2000,"url":"https:\/\/www.mon-cintre.com\/wp-content\/uploads\/2025\/06\/cintre-pantalon-PANT38-WW-1.jpg","type":"image\/jpeg"}],"twitter_card":"summary_large_image","twitter_misc":{"Tiempo de lectura":"2 minutos"},"schema":{"@context":"https:\/\/schema.org","@graph":[{"@type":"WebPage","@id":"https:\/\/www.mon-cintre.com\/es\/producto\/10-perchas-madera-pantalones-color-madera-blanco-patinado\/","url":"https:\/\/www.mon-cintre.com\/es\/producto\/10-perchas-madera-pantalones-color-madera-blanco-patinado\/","name":"10 perchas para pantalones - color blanco patinado - Mon Cintre","isPartOf":{"@id":"https:\/\/www.mon-cintre.com\/es\/#website"},"primaryImageOfPage":{"@id":"https:\/\/www.mon-cintre.com\/es\/producto\/10-perchas-madera-pantalones-color-madera-blanco-patinado\/#primaryimage"},"image":{"@id":"https:\/\/www.mon-cintre.com\/es\/producto\/10-perchas-madera-pantalones-color-madera-blanco-patinado\/#primaryimage"},"thumbnailUrl":"https:\/\/www.mon-cintre.com\/wp-content\/uploads\/2025\/06\/cintre-pantalon-PANT38-WW-1.jpg","datePublished":"2025-06-11T11:34:45+00:00","dateModified":"2026-04-01T15:08:31+00:00","description":"10 perchas de alta calidad fabricadas en madera color blanco patinado para guardar sus pantalones de forma sencilla y elegante gracias a su forma especialmente dise\u00f1ada y antideslizante.","breadcrumb":{"@id":"https:\/\/www.mon-cintre.com\/es\/producto\/10-perchas-madera-pantalones-color-madera-blanco-patinado\/#breadcrumb"},"inLanguage":"es","potentialAction":[{"@type":"ReadAction","target":["https:\/\/www.mon-cintre.com\/es\/producto\/10-perchas-madera-pantalones-color-madera-blanco-patinado\/"]}]},{"@type":"ImageObject","inLanguage":"es","@id":"https:\/\/www.mon-cintre.com\/es\/producto\/10-perchas-madera-pantalones-color-madera-blanco-patinado\/#primaryimage","url":"https:\/\/www.mon-cintre.com\/wp-content\/uploads\/2025\/06\/cintre-pantalon-PANT38-WW-1.jpg","contentUrl":"https:\/\/www.mon-cintre.com\/wp-content\/uploads\/2025\/06\/cintre-pantalon-PANT38-WW-1.jpg","width":2000,"height":2000,"caption":"cintre pour pantalon coloris blanc lasur\u00e9"},{"@type":"BreadcrumbList","@id":"https:\/\/www.mon-cintre.com\/es\/producto\/10-perchas-madera-pantalones-color-madera-blanco-patinado\/#breadcrumb","itemListElement":[{"@type":"ListItem","position":1,"name":"Accueil","item":"https:\/\/www.mon-cintre.com\/es\/"},{"@type":"ListItem","position":2,"name":"Tienda","item":"https:\/\/www.mon-cintre.com\/es\/tienda\/"},{"@type":"ListItem","position":3,"name":"10 perchas de fresno para pantalones &#8211; color blanco patinado (ancho 38 cm)"}]},{"@type":"WebSite","@id":"https:\/\/www.mon-cintre.com\/es\/#website","url":"https:\/\/www.mon-cintre.com\/es\/","name":"MonCintre.com","description":"Cintres et accessoires dressing","publisher":{"@id":"https:\/\/www.mon-cintre.com\/es\/#organization"},"potentialAction":[{"@type":"SearchAction","target":{"@type":"EntryPoint","urlTemplate":"https:\/\/www.mon-cintre.com\/es\/?s={search_term_string}"},"query-input":{"@type":"PropertyValueSpecification","valueRequired":true,"valueName":"search_term_string"}}],"inLanguage":"es"},{"@type":"Organization","@id":"https:\/\/www.mon-cintre.com\/es\/#organization","name":"MonCintre.com","url":"https:\/\/www.mon-cintre.com\/es\/","logo":{"@type":"ImageObject","inLanguage":"es","@id":"https:\/\/www.mon-cintre.com\/es\/#\/schema\/logo\/image\/","url":"https:\/\/www.mon-cintre.com\/wp-content\/uploads\/2022\/12\/logo-blanc.png","contentUrl":"https:\/\/www.mon-cintre.com\/wp-content\/uploads\/2022\/12\/logo-blanc.png","width":345,"height":205,"caption":"MonCintre.com"},"image":{"@id":"https:\/\/www.mon-cintre.com\/es\/#\/schema\/logo\/image\/"}}]}},"_links":{"self":[{"href":"https:\/\/www.mon-cintre.com\/es\/wp-json\/wp\/v2\/product\/33368","targetHints":{"allow":["GET"]}}],"collection":[{"href":"https:\/\/www.mon-cintre.com\/es\/wp-json\/wp\/v2\/product"}],"about":[{"href":"https:\/\/www.mon-cintre.com\/es\/wp-json\/wp\/v2\/types\/product"}],"replies":[{"embeddable":true,"href":"https:\/\/www.mon-cintre.com\/es\/wp-json\/wp\/v2\/comments?post=33368"}],"wp:featuredmedia":[{"embeddable":true,"href":"https:\/\/www.mon-cintre.com\/es\/wp-json\/wp\/v2\/media\/33472"}],"wp:attachment":[{"href":"https:\/\/www.mon-cintre.com\/es\/wp-json\/wp\/v2\/media?parent=33368"}],"wp:term":[{"taxonomy":"product_brand","embeddable":true,"href":"https:\/\/www.mon-cintre.com\/es\/wp-json\/wp\/v2\/product_brand?post=33368"},{"taxonomy":"product_cat","embeddable":true,"href":"https:\/\/www.mon-cintre.com\/es\/wp-json\/wp\/v2\/product_cat?post=33368"},{"taxonomy":"product_tag","embeddable":true,"href":"https:\/\/www.mon-cintre.com\/es\/wp-json\/wp\/v2\/product_tag?post=33368"}],"curies":[{"name":"wp","href":"https:\/\/api.w.org\/{rel}","templated":true}]}}